{"id":22262,"date":"2019-05-17T04:09:57","date_gmt":"2019-05-17T04:09:57","guid":{"rendered":"https:\/\/castlepodsreda.com\/contact\/"},"modified":"2023-10-27T06:38:35","modified_gmt":"2023-10-27T06:38:35","slug":"contact","status":"publish","type":"page","link":"https:\/\/castlepodsreda.com\/en\/contact\/","title":{"rendered":"CONTACT"},"content":{"rendered":"<p>[vc_row][vc_column css=&#8221;.vc_custom_1565256390834{padding-top: 0px !important;}&#8221;][cms_space space_lg=&#8221;0&#8243; space_md=&#8221;0&#8243; space_sm=&#8221;80&#8243; space_xs=&#8221;60&#8243;][\/vc_column][\/vc_row][vc_row css_animation=&#8221;slideInUp&#8221; cms_row_class=&#8221;row-visible row-visible-shadow&#8221; css=&#8221;.vc_custom_1567657674429{margin-top: -34px !important;margin-right: 0px !important;margin-left: 0px !important;padding-top: 37px !important;padding-bottom: 35px !important;background-color: #ffffff !important;}&#8221;][vc_column width=&#8221;1\/3&#8243; css=&#8221;.vc_custom_1565257846186{padding-top: 0px !important;}&#8221;][cms_button button_text=&#8221;EVENTS&#8221; button_link=&#8221;url:https%3A%2F%2Fcastlepodsreda.com%2Fen%2Fprireditve%2F|||&#8221; font_weight=&#8221;400&#8243; button_align=&#8221;center&#8221; button_align_md=&#8221;center&#8221; button_align_sm=&#8221;center&#8221; button_align_xs=&#8221;center&#8221;][cms_space space_lg=&#8221;0&#8243; space_md=&#8221;0&#8243; space_sm=&#8221;32&#8243; space_xs=&#8221;32&#8243;][\/vc_column][vc_column css_animation=&#8221;none&#8221; width=&#8221;1\/3&#8243; css=&#8221;.vc_custom_1565256113670{padding-top: 0px !important;}&#8221;][cms_button button_text=&#8221;OPENING HOURS AND TICKET PRICES&#8221; button_link=&#8221;url:https%3A%2F%2Fcastlepodsreda.com%2Fen%2Fodpiralni-cas-in-vstopnina%2F|||&#8221; font_weight=&#8221;400&#8243; button_align=&#8221;center&#8221; button_align_md=&#8221;center&#8221; button_align_sm=&#8221;center&#8221; button_align_xs=&#8221;center&#8221;][cms_space space_lg=&#8221;0&#8243; space_md=&#8221;0&#8243; space_sm=&#8221;32&#8243; space_xs=&#8221;32&#8243;][\/vc_column][vc_column width=&#8221;1\/3&#8243; cms_column_class=&#8221;rm-padding-lg&#8221; css=&#8221;.vc_custom_1565257852611{padding-top: 0px !important;padding-right: 0px !important;}&#8221;][cms_button button_text=&#8221;NEWS&#8221; button_link=&#8221;url:https%3A%2F%2Fcastlepodsreda.com%2Fen%2Fnews-behind-the-castle-walls%2F|||&#8221; font_weight=&#8221;400&#8243; button_align=&#8221;center&#8221; button_align_md=&#8221;center&#8221; button_align_sm=&#8221;center&#8221; button_align_xs=&#8221;center&#8221;][cms_space space_lg=&#8221;0&#8243; space_md=&#8221;0&#8243; space_sm=&#8221;32&#8243; space_xs=&#8221;32&#8243;][\/vc_column][\/vc_row][vc_row css_animation=&#8221;slideInUp&#8221; cms_row_class=&#8221;row-visible row-visible-shadow&#8221; css=&#8221;.vc_custom_1567657674429{margin-top: -34px !important;margin-right: 0px !important;margin-left: 0px !important;padding-top: 37px !important;padding-bottom: 35px !important;background-color: #ffffff !important;}&#8221;][vc_column width=&#8221;1\/3&#8243; css=&#8221;.vc_custom_1565257846186{padding-top: 0px !important;}&#8221;][cms_contact_info cms_template=&#8221;cms_contact_info&#8211;layout3.php&#8221; el_title=&#8221;Address Podsreda castle:&#8221; font_weight=&#8221;300&#8243; title_font_custom=&#8221;renner-medium&#8221; text_font_weight=&#8221;400&#8243; icon_fontawesome=&#8221;fas fa-map-marked-alt&#8221; text_box=&#8221;Podsreda 103, 3257 Podsreda Slovenija&#8221; animation=&#8221;none&#8221;][cms_space space_lg=&#8221;0&#8243; space_md=&#8221;0&#8243; space_sm=&#8221;32&#8243; space_xs=&#8221;32&#8243;][\/vc_column][vc_column css_animation=&#8221;none&#8221; width=&#8221;1\/3&#8243; css=&#8221;.vc_custom_1565256113670{padding-top: 0px !important;}&#8221;][cms_contact_info cms_template=&#8221;cms_contact_info&#8211;layout3.php&#8221; el_title=&#8221;Phone Podsreda castle:&#8221; font_weight=&#8221;500&#8243; title_font_custom=&#8221;renner-medium&#8221; text_font_weight=&#8221;400&#8243; icon_type=&#8221;image&#8221; icon_image=&#8221;630&#8243; animation=&#8221;none&#8221;][cms_space space_lg=&#8221;0&#8243; space_md=&#8221;0&#8243; space_sm=&#8221;32&#8243; space_xs=&#8221;32&#8243;][vc_column_text]<\/p>\n<p style=\"text-align: center;\"><a href=\"tel:+386%2041%20419%20996\">+386 41 419 996<\/a><br \/>\n(Hours Mon-Fri, 10.00-17.00)[\/vc_column_text][vc_column_text]<\/p>\n<p style=\"text-align: center;\"><a href=\"tel:+386%203580%206118\">+386 3580 6118<\/a><br \/>\n(Hours Tue-Sun, 10.00-17.00)[\/vc_column_text][cms_space space_lg=&#8221;0&#8243; space_md=&#8221;0&#8243; space_sm=&#8221;32&#8243; space_xs=&#8221;32&#8243;][\/vc_column][vc_column width=&#8221;1\/3&#8243; cms_column_class=&#8221;rm-padding-lg&#8221; css=&#8221;.vc_custom_1565257852611{padding-top: 0px !important;padding-right: 0px !important;}&#8221;][cms_contact_info cms_template=&#8221;cms_contact_info&#8211;layout3.php&#8221; el_title=&#8221;E-mail Podsreda castle:&#8221; font_weight=&#8221;500&#8243; title_font_custom=&#8221;renner-medium&#8221; text_font_weight=&#8221;400&#8243; icon_type=&#8221;image&#8221; icon_image=&#8221;631&#8243; animation=&#8221;none&#8221;][cms_space space_lg=&#8221;0&#8243; space_md=&#8221;0&#8243; space_sm=&#8221;32&#8243; space_xs=&#8221;32&#8243;][vc_column_text]<\/p>\n<p style=\"text-align: center;\"><a href=\"mailto:info@castlepodsreda.com\">info@castlepodsreda.com<\/a><\/p>\n<p>[\/vc_column_text][cms_space space_lg=&#8221;0&#8243; space_md=&#8221;0&#8243; space_sm=&#8221;32&#8243; space_xs=&#8221;32&#8243;][\/vc_column][\/vc_row][vc_row css_animation=&#8221;slideInUp&#8221; cms_row_class=&#8221;row-visible row-visible-shadow&#8221; css=&#8221;.vc_custom_1567657674429{margin-top: -34px !important;margin-right: 0px !important;margin-left: 0px !important;padding-top: 37px !important;padding-bottom: 35px !important;background-color: #ffffff !important;}&#8221;][vc_column width=&#8221;1\/3&#8243; css=&#8221;.vc_custom_1565257846186{padding-top: 0px !important;}&#8221;][cms_contact_info cms_template=&#8221;cms_contact_info&#8211;layout3.php&#8221; el_title=&#8221;Address Rooms and Apartments at the Podsreda castle:&#8221; font_weight=&#8221;300&#8243; title_font_custom=&#8221;renner-medium&#8221; text_font_weight=&#8221;400&#8243; icon_fontawesome=&#8221;fas fa-map-marked-alt&#8221; text_box=&#8221;Podsreda 103, 3257 Podsreda Slovenija&#8221; animation=&#8221;none&#8221;][cms_space space_lg=&#8221;0&#8243; space_md=&#8221;0&#8243; space_sm=&#8221;32&#8243; space_xs=&#8221;32&#8243;][\/vc_column][vc_column css_animation=&#8221;none&#8221; width=&#8221;1\/3&#8243; css=&#8221;.vc_custom_1565256113670{padding-top: 0px !important;}&#8221;][cms_contact_info cms_template=&#8221;cms_contact_info&#8211;layout3.php&#8221; el_title=&#8221;Phone Rooms and Apartments at the Podsreda castle:&#8221; font_weight=&#8221;500&#8243; title_font_custom=&#8221;renner-medium&#8221; text_font_weight=&#8221;400&#8243; icon_type=&#8221;image&#8221; icon_image=&#8221;630&#8243; animation=&#8221;none&#8221;][cms_space space_lg=&#8221;0&#8243; space_md=&#8221;0&#8243; space_sm=&#8221;32&#8243; space_xs=&#8221;32&#8243;][vc_column_text]<\/p>\n<p style=\"text-align: center;\"><a href=\"tel:+386%2041%20419%20996\">+386 41 360 985<\/a><br \/>\n(Hours Mon-Fri, 10.00-17.00)[\/vc_column_text][vc_column_text]<\/p>\n<p style=\"text-align: center;\"><a href=\"tel:+386%203580%206118\">+386 3580 6118<\/a><br \/>\n(Hours Tue-Sun, 10.00-17.00)[\/vc_column_text][cms_space space_lg=&#8221;0&#8243; space_md=&#8221;0&#8243; space_sm=&#8221;32&#8243; space_xs=&#8221;32&#8243;][\/vc_column][vc_column width=&#8221;1\/3&#8243; cms_column_class=&#8221;rm-padding-lg&#8221; css=&#8221;.vc_custom_1565257852611{padding-top: 0px !important;padding-right: 0px !important;}&#8221;][cms_contact_info cms_template=&#8221;cms_contact_info&#8211;layout3.php&#8221; el_title=&#8221;E-mail Rooms and Apartments at the Podsreda castle:&#8221; font_weight=&#8221;500&#8243; title_font_custom=&#8221;renner-medium&#8221; text_font_weight=&#8221;400&#8243; icon_type=&#8221;image&#8221; icon_image=&#8221;631&#8243; animation=&#8221;none&#8221;][cms_space space_lg=&#8221;0&#8243; space_md=&#8221;0&#8243; space_sm=&#8221;32&#8243; space_xs=&#8221;32&#8243;][vc_column_text]<\/p>\n<p style=\"text-align: center;\"><a href=\"mailto:info@castlepodsreda.com\">info@castlepodsreda.com<\/a><\/p>\n<p>[\/vc_column_text][cms_space space_lg=&#8221;0&#8243; space_md=&#8221;0&#8243; space_sm=&#8221;32&#8243; space_xs=&#8221;32&#8243;][\/vc_column][\/vc_row][vc_row css_animation=&#8221;slideInUp&#8221; cms_row_class=&#8221;row-visible row-visible-shadow&#8221; css=&#8221;.vc_custom_1567657674429{margin-top: -34px !important;margin-right: 0px !important;margin-left: 0px !important;padding-top: 37px !important;padding-bottom: 35px !important;background-color: #ffffff !important;}&#8221;][vc_column width=&#8221;1\/3&#8243; css=&#8221;.vc_custom_1565257846186{padding-top: 0px !important;}&#8221;][cms_contact_info cms_template=&#8221;cms_contact_info&#8211;layout3.php&#8221; el_title=&#8221;Address Kozjanski park:&#8221; font_weight=&#8221;300&#8243; title_font_custom=&#8221;renner-medium&#8221; text_font_weight=&#8221;400&#8243; icon_color=&#8221;#a7a7a7&#8243; animation=&#8221;none&#8221;][cms_space space_lg=&#8221;0&#8243; space_md=&#8221;0&#8243; space_sm=&#8221;32&#8243; space_xs=&#8221;32&#8243;][vc_column_text]<\/p>\n<p style=\"text-align: center;\">Podsreda 45,<br \/>\n3257 Podsreda<br \/>\nSlovenia[\/vc_column_text][cms_space space_lg=&#8221;0&#8243; space_md=&#8221;0&#8243; space_sm=&#8221;32&#8243; space_xs=&#8221;32&#8243;][\/vc_column][vc_column css_animation=&#8221;none&#8221; width=&#8221;1\/3&#8243; css=&#8221;.vc_custom_1565256113670{padding-top: 0px !important;}&#8221;][cms_contact_info cms_template=&#8221;cms_contact_info&#8211;layout3.php&#8221; el_title=&#8221;Phone Kozjanski park:&#8221; font_weight=&#8221;500&#8243; title_font_custom=&#8221;renner-medium&#8221; text_font_weight=&#8221;400&#8243; icon_type=&#8221;image&#8221; icon_image=&#8221;630&#8243; animation=&#8221;none&#8221;][cms_space space_lg=&#8221;0&#8243; space_md=&#8221;0&#8243; space_sm=&#8221;32&#8243; space_xs=&#8221;32&#8243;][vc_column_text]<\/p>\n<p style=\"text-align: center;\"><a href=\"tel:+3863%20800%207100\">+386 3 800 7100<\/a><br \/>\n(Hours of operation Mon-Fri, 8.00-15.00)[\/vc_column_text][cms_space space_lg=&#8221;0&#8243; space_md=&#8221;0&#8243; space_sm=&#8221;32&#8243; space_xs=&#8221;32&#8243;][\/vc_column][vc_column width=&#8221;1\/3&#8243; cms_column_class=&#8221;rm-padding-lg&#8221; css=&#8221;.vc_custom_1565257852611{padding-top: 0px !important;padding-right: 0px !important;}&#8221;][cms_contact_info cms_template=&#8221;cms_contact_info&#8211;layout3.php&#8221; el_title=&#8221;E-mail Kozjanski park:&#8221; font_weight=&#8221;500&#8243; title_font_custom=&#8221;renner-medium&#8221; text_font_weight=&#8221;400&#8243; icon_type=&#8221;image&#8221; icon_image=&#8221;631&#8243; animation=&#8221;none&#8221;][cms_space space_lg=&#8221;0&#8243; space_md=&#8221;0&#8243; space_sm=&#8221;32&#8243; space_xs=&#8221;32&#8243;][vc_column_text]<\/p>\n<p style=\"text-align: center;\"><a href=\"mailto:kozjanski-park@kp.gov.si\">kozjanski-park@kp.gov.si<\/a><\/p>\n<p>[\/vc_column_text][cms_space space_lg=&#8221;0&#8243; space_md=&#8221;0&#8243; space_sm=&#8221;32&#8243; space_xs=&#8221;32&#8243;][\/vc_column][\/vc_row][vc_row disable_element=&#8221;yes&#8221;][vc_column css_animation=&#8221;slideInUp&#8221; css=&#8221;.vc_custom_1566198374186{padding-top: 0px !important;}&#8221;][cms_space space_lg=&#8221;101&#8243; space_md=&#8221;100&#8243; space_sm=&#8221;55&#8243; space_xs=&#8221;55&#8243;][cms_contact_form cms_template=&#8221;cms_contact_form&#8211;layout2.php&#8221; id=&#8221;3785&#8243; align_title=&#8221;center&#8221; align_desc=&#8221;center&#8221; des_text_transform=&#8221;uppercase&#8221; title_form=&#8221;Po\u0161ljite nam sporo\u010dilo&#8221; description=&#8221;Imate vpra\u0161anje glede na\u0161ih namestitev, ponudbe, do\u017eivetij &#8230; Z veseljem bomo odgovorili nanj.&#8221; desc_font_size=&#8221;17&#8243;][cms_space space_lg=&#8221;80&#8243; space_md=&#8221;40&#8243; space_sm=&#8221;40&#8243; space_xs=&#8221;40&#8243;][\/vc_column][\/vc_row][vc_row full_width=&#8221;stretch_row_content_no_spaces&#8221;][vc_column css=&#8221;.vc_custom_1566184675702{padding-top: 0px !important;}&#8221;][cms_social_us style=&#8221;text-center&#8221; social_list=&#8221;%5B%7B%22icon_list%22%3A%22fa%20fa-facebook%22%7D%2C%7B%22icon_list%22%3A%22fa%20fa-instagram%22%7D%2C%7B%22icon_list%22%3A%22fa%20fa-tripadvisor%22%7D%2C%7B%22icon_list%22%3A%22fa%20fa-youtube%22%7D%5D&#8221; icon_color=&#8221;#ffffff&#8221; bg_icon_hover=&#8221;#c5a46d&#8221; icon_color_hover=&#8221;#0a0a0a&#8221; cms_template=&#8221;cms_social_us&#8211;layout3.php&#8221;][vc_gmaps link=&#8221;#E-8_JTNDaWZyYW1lJTIwc3JjJTNEJTIyaHR0cHMlM0ElMkYlMkZ3d3cuZ29vZ2xlLmNvbSUyRm1hcHMlMkZlbWJlZCUzRnBiJTNEJTIxMW0xOCUyMTFtMTIlMjExbTMlMjExZDI3NzAuMTU3MzM1MzU4ODk1JTIxMmQxNS41ODc4NTUzMzI0OTYxOSUyMTNkNDYuMDI4MDA5MjM1NDIxODM0JTIxMm0zJTIxMWYwJTIxMmYwJTIxM2YwJTIxM20yJTIxMWkxMDI0JTIxMmk3NjglMjE0ZjEzLjElMjEzbTMlMjExbTIlMjExczB4NDc2NWJkYjM5OWY2MjY3MyUyNTNBMHhhYzI5ZmNhZTQyZTNjMjdlJTIxMnNQb2RzcmVkYSUyNTIwMTAzJTI1MkMlMjUyMDMyNTclMjUyMFBvZHNyZWRhJTIxNWUwJTIxM20yJTIxMXNzbCUyMTJzc2klMjE0djE1ODc0MDEzMjQ2NTclMjE1bTIlMjExc3NsJTIxMnNzaSUyMiUyMHdpZHRoJTNEJTIyNjAwJTIyJTIwaGVpZ2h0JTNEJTIyNDUwJTIyJTIwZnJhbWVib3JkZXIlM0QlMjIwJTIyJTIwc3R5bGUlM0QlMjJib3JkZXIlM0EwJTNCJTIyJTIwYWxsb3dmdWxsc2NyZWVuJTNEJTIyJTIyJTIwYXJpYS1oaWRkZW4lM0QlMjJmYWxzZSUyMiUyMHRhYmluZGV4JTNEJTIyMCUyMiUzRSUzQyUyRmlmcmFtZSUzRQ==&#8221; size=&#8221;600px&#8221; css=&#8221;.vc_custom_1587401342109{margin-bottom: 0px !important;}&#8221;][\/vc_column][\/vc_row]<\/p>\n","protected":false},"excerpt":{"rendered":"<p>[vc_row][vc_column css=&#8221;.vc_custom_1565256390834{padding-top: 0px !important;}&#8221;][cms_space space_lg=&#8221;0&#8243; space_md=&#8221;0&#8243; space_sm=&#8221;80&#8243; space_xs=&#8221;60&#8243;][\/vc_column][\/vc_row][vc_row css_animation=&#8221;slideInUp&#8221; cms_row_class=&#8221;row-visible row-visible-shadow&#8221; css=&#8221;.vc_custom_1567657674429{margin-top: -34px !important;margin-right: 0px !important;margin-left: 0px !important;padding-top: 37px !important;padding-bottom: 35px !important;background-color: #ffffff !important;}&#8221;][vc_column width=&#8221;1\/3&#8243; css=&#8221;.vc_custom_1565257846186{padding-top: 0px !important;}&#8221;][cms_button button_text=&#8221;EVENTS&#8221; button_link=&#8221;url:https%3A%2F%2Fcastlepodsreda.com%2Fen%2Fprireditve%2F|||&#8221; font_weight=&#8221;400&#8243; button_align=&#8221;center&#8221; button_align_md=&#8221;center&#8221; button_align_sm=&#8221;center&#8221; button_align_xs=&#8221;center&#8221;][cms_space space_lg=&#8221;0&#8243; space_md=&#8221;0&#8243; space_sm=&#8221;32&#8243; space_xs=&#8221;32&#8243;][\/vc_column][vc_column css_animation=&#8221;none&#8221; width=&#8221;1\/3&#8243; css=&#8221;.vc_custom_1565256113670{padding-top: 0px !important;}&#8221;][cms_button button_text=&#8221;OPENING HOURS AND TICKET PRICES&#8221; button_link=&#8221;url:https%3A%2F%2Fcastlepodsreda.com%2Fen%2Fodpiralni-cas-in-vstopnina%2F|||&#8221; font_weight=&#8221;400&#8243; button_align=&#8221;center&#8221; button_align_md=&#8221;center&#8221; button_align_sm=&#8221;center&#8221; button_align_xs=&#8221;center&#8221;][cms_space [&hellip;]<\/p>\n","protected":false},"author":1,"featured_media":15093,"parent":0,"menu_order":0,"comment_status":"closed","ping_status":"closed","template":"","meta":[],"yoast_head":"<!-- This site is optimized with the Yoast SEO plugin v19.14 - https:\/\/yoast.com\/wordpress\/plugins\/seo\/ -->\n<title>CONTACT | Grad Podsreda | Sobe in apartmaji | Grajska ponudba<\/title>\n<meta name=\"robots\" content=\"index, follow, max-snippet:-1, max-image-preview:large, max-video-preview:-1\" \/>\n<link rel=\"canonical\" href=\"https:\/\/castlepodsreda.com\/en\/contact\/\" \/>\n<meta property=\"og:locale\" content=\"en_US\" \/>\n<meta property=\"og:type\" content=\"article\" \/>\n<meta property=\"og:title\" content=\"CONTACT | Grad Podsreda | Sobe in apartmaji | Grajska ponudba\" \/>\n<meta property=\"og:description\" content=\"[vc_row][vc_column css=&#8221;.vc_custom_1565256390834{padding-top: 0px !important;}&#8221;][cms_space space_lg=&#8221;0&#8243; space_md=&#8221;0&#8243; space_sm=&#8221;80&#8243; space_xs=&#8221;60&#8243;][\/vc_column][\/vc_row][vc_row css_animation=&#8221;slideInUp&#8221; cms_row_class=&#8221;row-visible row-visible-shadow&#8221; css=&#8221;.vc_custom_1567657674429{margin-top: -34px !important;margin-right: 0px !important;margin-left: 0px !important;padding-top: 37px !important;padding-bottom: 35px !important;background-color: #ffffff !important;}&#8221;][vc_column width=&#8221;1\/3&#8243; css=&#8221;.vc_custom_1565257846186{padding-top: 0px !important;}&#8221;][cms_button button_text=&#8221;EVENTS&#8221; button_link=&#8221;url:https%3A%2F%2Fcastlepodsreda.com%2Fen%2Fprireditve%2F|||&#8221; font_weight=&#8221;400&#8243; button_align=&#8221;center&#8221; button_align_md=&#8221;center&#8221; button_align_sm=&#8221;center&#8221; button_align_xs=&#8221;center&#8221;][cms_space space_lg=&#8221;0&#8243; space_md=&#8221;0&#8243; space_sm=&#8221;32&#8243; space_xs=&#8221;32&#8243;][\/vc_column][vc_column css_animation=&#8221;none&#8221; width=&#8221;1\/3&#8243; css=&#8221;.vc_custom_1565256113670{padding-top: 0px !important;}&#8221;][cms_button button_text=&#8221;OPENING HOURS AND TICKET PRICES&#8221; button_link=&#8221;url:https%3A%2F%2Fcastlepodsreda.com%2Fen%2Fodpiralni-cas-in-vstopnina%2F|||&#8221; font_weight=&#8221;400&#8243; button_align=&#8221;center&#8221; button_align_md=&#8221;center&#8221; button_align_sm=&#8221;center&#8221; button_align_xs=&#8221;center&#8221;][cms_space [&hellip;]\" \/>\n<meta property=\"og:url\" content=\"https:\/\/castlepodsreda.com\/en\/contact\/\" \/>\n<meta property=\"og:site_name\" content=\"Grad Podsreda | Sobe in apartmaji | Grajska ponudba\" \/>\n<meta property=\"article:publisher\" content=\"https:\/\/www.facebook.com\/podsredacastle\" \/>\n<meta property=\"article:modified_time\" content=\"2023-10-27T06:38:35+00:00\" \/>\n<meta property=\"og:image\" content=\"https:\/\/castlepodsreda.com\/wp-content\/uploads\/2020\/04\/mija-koprivc-15.jpg\" \/>\n\t<meta property=\"og:image:width\" content=\"1600\" \/>\n\t<meta property=\"og:image:height\" content=\"1067\" \/>\n\t<meta property=\"og:image:type\" content=\"image\/jpeg\" \/>\n<meta name=\"twitter:card\" content=\"summary_large_image\" \/>\n<meta name=\"twitter:label1\" content=\"Est. reading time\" \/>\n\t<meta name=\"twitter:data1\" content=\"2 minutes\" \/>\n<script type=\"application\/ld+json\" class=\"yoast-schema-graph\">{\"@context\":\"https:\/\/schema.org\",\"@graph\":[{\"@type\":\"WebPage\",\"@id\":\"https:\/\/castlepodsreda.com\/en\/contact\/\",\"url\":\"https:\/\/castlepodsreda.com\/en\/contact\/\",\"name\":\"CONTACT | Grad Podsreda | Sobe in apartmaji | Grajska ponudba\",\"isPartOf\":{\"@id\":\"https:\/\/castlepodsreda.com\/en\/#website\"},\"datePublished\":\"2019-05-17T04:09:57+00:00\",\"dateModified\":\"2023-10-27T06:38:35+00:00\",\"breadcrumb\":{\"@id\":\"https:\/\/castlepodsreda.com\/en\/contact\/#breadcrumb\"},\"inLanguage\":\"en-US\",\"potentialAction\":[{\"@type\":\"ReadAction\",\"target\":[\"https:\/\/castlepodsreda.com\/en\/contact\/\"]}]},{\"@type\":\"BreadcrumbList\",\"@id\":\"https:\/\/castlepodsreda.com\/en\/contact\/#breadcrumb\",\"itemListElement\":[{\"@type\":\"ListItem\",\"position\":1,\"name\":\"Home\",\"item\":\"https:\/\/castlepodsreda.com\/en\/\"},{\"@type\":\"ListItem\",\"position\":2,\"name\":\"CONTACT\"}]},{\"@type\":\"WebSite\",\"@id\":\"https:\/\/castlepodsreda.com\/en\/#website\",\"url\":\"https:\/\/castlepodsreda.com\/en\/\",\"name\":\"Grad Podsreda | Sobe in apartmaji | Grajska ponudba\",\"description\":\"Najbolj grajski med gradovi v Sloveniji\",\"publisher\":{\"@id\":\"https:\/\/castlepodsreda.com\/en\/#organization\"},\"potentialAction\":[{\"@type\":\"SearchAction\",\"target\":{\"@type\":\"EntryPoint\",\"urlTemplate\":\"https:\/\/castlepodsreda.com\/en\/?s={search_term_string}\"},\"query-input\":\"required name=search_term_string\"}],\"inLanguage\":\"en-US\"},{\"@type\":\"Organization\",\"@id\":\"https:\/\/castlepodsreda.com\/en\/#organization\",\"name\":\"Grad Podsreda | Sobe in apartmaji | Grajska ponudba\",\"url\":\"https:\/\/castlepodsreda.com\/en\/\",\"logo\":{\"@type\":\"ImageObject\",\"inLanguage\":\"en-US\",\"@id\":\"https:\/\/castlepodsreda.com\/en\/#\/schema\/logo\/image\/\",\"url\":\"https:\/\/castlepodsreda.com\/wp-content\/uploads\/2020\/04\/logo-grad-podsreda-2.jpg\",\"contentUrl\":\"https:\/\/castlepodsreda.com\/wp-content\/uploads\/2020\/04\/logo-grad-podsreda-2.jpg\",\"width\":576,\"height\":576,\"caption\":\"Grad Podsreda | Sobe in apartmaji | Grajska ponudba\"},\"image\":{\"@id\":\"https:\/\/castlepodsreda.com\/en\/#\/schema\/logo\/image\/\"},\"sameAs\":[\"https:\/\/www.instagram.com\/podsredacastle\/\",\"https:\/\/www.facebook.com\/podsredacastle\"]}]}<\/script>\n<!-- \/ Yoast SEO plugin. -->","yoast_head_json":{"title":"CONTACT | Grad Podsreda | Sobe in apartmaji | Grajska ponudba","robots":{"index":"index","follow":"follow","max-snippet":"max-snippet:-1","max-image-preview":"max-image-preview:large","max-video-preview":"max-video-preview:-1"},"canonical":"https:\/\/castlepodsreda.com\/en\/contact\/","og_locale":"en_US","og_type":"article","og_title":"CONTACT | Grad Podsreda | Sobe in apartmaji | Grajska ponudba","og_description":"[vc_row][vc_column css=&#8221;.vc_custom_1565256390834{padding-top: 0px !important;}&#8221;][cms_space space_lg=&#8221;0&#8243; space_md=&#8221;0&#8243; space_sm=&#8221;80&#8243; space_xs=&#8221;60&#8243;][\/vc_column][\/vc_row][vc_row css_animation=&#8221;slideInUp&#8221; cms_row_class=&#8221;row-visible row-visible-shadow&#8221; css=&#8221;.vc_custom_1567657674429{margin-top: -34px !important;margin-right: 0px !important;margin-left: 0px !important;padding-top: 37px !important;padding-bottom: 35px !important;background-color: #ffffff !important;}&#8221;][vc_column width=&#8221;1\/3&#8243; css=&#8221;.vc_custom_1565257846186{padding-top: 0px !important;}&#8221;][cms_button button_text=&#8221;EVENTS&#8221; button_link=&#8221;url:https%3A%2F%2Fcastlepodsreda.com%2Fen%2Fprireditve%2F|||&#8221; font_weight=&#8221;400&#8243; button_align=&#8221;center&#8221; button_align_md=&#8221;center&#8221; button_align_sm=&#8221;center&#8221; button_align_xs=&#8221;center&#8221;][cms_space space_lg=&#8221;0&#8243; space_md=&#8221;0&#8243; space_sm=&#8221;32&#8243; space_xs=&#8221;32&#8243;][\/vc_column][vc_column css_animation=&#8221;none&#8221; width=&#8221;1\/3&#8243; css=&#8221;.vc_custom_1565256113670{padding-top: 0px !important;}&#8221;][cms_button button_text=&#8221;OPENING HOURS AND TICKET PRICES&#8221; button_link=&#8221;url:https%3A%2F%2Fcastlepodsreda.com%2Fen%2Fodpiralni-cas-in-vstopnina%2F|||&#8221; font_weight=&#8221;400&#8243; button_align=&#8221;center&#8221; button_align_md=&#8221;center&#8221; button_align_sm=&#8221;center&#8221; button_align_xs=&#8221;center&#8221;][cms_space [&hellip;]","og_url":"https:\/\/castlepodsreda.com\/en\/contact\/","og_site_name":"Grad Podsreda | Sobe in apartmaji | Grajska ponudba","article_publisher":"https:\/\/www.facebook.com\/podsredacastle","article_modified_time":"2023-10-27T06:38:35+00:00","og_image":[{"width":1600,"height":1067,"url":"https:\/\/castlepodsreda.com\/wp-content\/uploads\/2020\/04\/mija-koprivc-15.jpg","type":"image\/jpeg"}],"twitter_card":"summary_large_image","twitter_misc":{"Est. reading time":"2 minutes"},"schema":{"@context":"https:\/\/schema.org","@graph":[{"@type":"WebPage","@id":"https:\/\/castlepodsreda.com\/en\/contact\/","url":"https:\/\/castlepodsreda.com\/en\/contact\/","name":"CONTACT | Grad Podsreda | Sobe in apartmaji | Grajska ponudba","isPartOf":{"@id":"https:\/\/castlepodsreda.com\/en\/#website"},"datePublished":"2019-05-17T04:09:57+00:00","dateModified":"2023-10-27T06:38:35+00:00","breadcrumb":{"@id":"https:\/\/castlepodsreda.com\/en\/contact\/#breadcrumb"},"inLanguage":"en-US","potentialAction":[{"@type":"ReadAction","target":["https:\/\/castlepodsreda.com\/en\/contact\/"]}]},{"@type":"BreadcrumbList","@id":"https:\/\/castlepodsreda.com\/en\/contact\/#breadcrumb","itemListElement":[{"@type":"ListItem","position":1,"name":"Home","item":"https:\/\/castlepodsreda.com\/en\/"},{"@type":"ListItem","position":2,"name":"CONTACT"}]},{"@type":"WebSite","@id":"https:\/\/castlepodsreda.com\/en\/#website","url":"https:\/\/castlepodsreda.com\/en\/","name":"Grad Podsreda | Sobe in apartmaji | Grajska ponudba","description":"Najbolj grajski med gradovi v Sloveniji","publisher":{"@id":"https:\/\/castlepodsreda.com\/en\/#organization"},"potentialAction":[{"@type":"SearchAction","target":{"@type":"EntryPoint","urlTemplate":"https:\/\/castlepodsreda.com\/en\/?s={search_term_string}"},"query-input":"required name=search_term_string"}],"inLanguage":"en-US"},{"@type":"Organization","@id":"https:\/\/castlepodsreda.com\/en\/#organization","name":"Grad Podsreda | Sobe in apartmaji | Grajska ponudba","url":"https:\/\/castlepodsreda.com\/en\/","logo":{"@type":"ImageObject","inLanguage":"en-US","@id":"https:\/\/castlepodsreda.com\/en\/#\/schema\/logo\/image\/","url":"https:\/\/castlepodsreda.com\/wp-content\/uploads\/2020\/04\/logo-grad-podsreda-2.jpg","contentUrl":"https:\/\/castlepodsreda.com\/wp-content\/uploads\/2020\/04\/logo-grad-podsreda-2.jpg","width":576,"height":576,"caption":"Grad Podsreda | Sobe in apartmaji | Grajska ponudba"},"image":{"@id":"https:\/\/castlepodsreda.com\/en\/#\/schema\/logo\/image\/"},"sameAs":["https:\/\/www.instagram.com\/podsredacastle\/","https:\/\/www.facebook.com\/podsredacastle"]}]}},"_links":{"self":[{"href":"https:\/\/castlepodsreda.com\/en\/wp-json\/wp\/v2\/pages\/22262"}],"collection":[{"href":"https:\/\/castlepodsreda.com\/en\/wp-json\/wp\/v2\/pages"}],"about":[{"href":"https:\/\/castlepodsreda.com\/en\/wp-json\/wp\/v2\/types\/page"}],"author":[{"embeddable":true,"href":"https:\/\/castlepodsreda.com\/en\/wp-json\/wp\/v2\/users\/1"}],"replies":[{"embeddable":true,"href":"https:\/\/castlepodsreda.com\/en\/wp-json\/wp\/v2\/comments?post=22262"}],"version-history":[{"count":12,"href":"https:\/\/castlepodsreda.com\/en\/wp-json\/wp\/v2\/pages\/22262\/revisions"}],"predecessor-version":[{"id":25738,"href":"https:\/\/castlepodsreda.com\/en\/wp-json\/wp\/v2\/pages\/22262\/revisions\/25738"}],"wp:featuredmedia":[{"embeddable":true,"href":"https:\/\/castlepodsreda.com\/en\/wp-json\/wp\/v2\/media\/15093"}],"wp:attachment":[{"href":"https:\/\/castlepodsreda.com\/en\/wp-json\/wp\/v2\/media?parent=22262"}],"curies":[{"name":"wp","href":"https:\/\/api.w.org\/{rel}","templated":true}]}}