{"id":22283,"date":"2020-04-24T21:24:50","date_gmt":"2020-04-24T21:24:50","guid":{"rendered":"https:\/\/castlepodsreda.com\/thematic-workshops\/"},"modified":"2026-02-04T11:09:42","modified_gmt":"2026-02-04T11:09:42","slug":"thematic-workshops","status":"publish","type":"page","link":"https:\/\/castlepodsreda.com\/en\/thematic-workshops\/","title":{"rendered":"THEMATIC WORKSHOPS"},"content":{"rendered":"<p>[vc_section css=&#8221;.vc_custom_1587762593715{background-image: url(https:\/\/castlepodsreda.com\/wp-content\/uploads\/2020\/04\/ozadje-o-gradu.png?id=3859) !important;}&#8221;][vc_row parallax=&#8221;content-moving&#8221; parallax_image=&#8221;3859&#8243; parallax_speed_bg=&#8221;1.1&#8243;][vc_column css=&#8221;.vc_custom_1591037470681{padding-top: 0px !important;padding-right: 30px !important;padding-left: 30px !important;}&#8221;][vc_single_image image=&#8221;15131&#8243; alignment=&#8221;center&#8221;][cms_textbox font_weight=&#8221;400&#8243; textbox_align=&#8221;text-center&#8221; text_box=&#8221;Na \u017eeljo obiskovalcev po predhodni najavi organiziramo delavnice za otroke in odrasle, ki so povezane s tematiko na\u0161ih razstav.&#8221;][cms_space space_lg=&#8221;60&#8243; space_md=&#8221;32&#8243; space_sm=&#8221;32&#8243; space_xs=&#8221;32&#8243;][vc_row_inner equal_height=&#8221;yes&#8221; css=&#8221;.vc_custom_1591037548495{padding-right: px !important;}&#8221;][vc_column_inner width=&#8221;1\/2&#8243; css=&#8221;.vc_custom_1591037507159{padding-right: 45px !important;padding-left: 45px !important;}&#8221;][cms_space space_lg=&#8221;100&#8243; space_md=&#8221;60&#8243; space_sm=&#8221;60&#8243; space_xs=&#8221;32&#8243;][cms_heading text=&#8221;Bat Workshop&#8221; sub_font_size=&#8221;15&#8243; sub_color=&#8221;#777777&#8243; sub_line_height=&#8221;26&#8243; description=&#8221;Na podstre\u0161ju gradu Podsreda je svoj dom na\u0161la kolonija netopirjev iz dru\u017eine MALI PODKOVNJAK (Rhinolophus hipposideros), ki je najbolj pogosta za\u0161\u010ditena vrsta netopirja na Kozjanskem. Poletja pre\u017eivijo na podstre\u0161jih, zime pa prespijo v jamah s stalno temperaturo. Po vodenem ogledu razstave o malem podkovnjaku, ki omogo\u010da vpogled preko kamere v bivali\u0161\u010de netopirjev, bomo na delavnici izdelali \u00bbnetopirski magnet\u00ab in spekli \u00bbnetopirske pi\u0161kote\u00ab.&#8221; des_margin_bottom=&#8221;45&#8243; cms_template=&#8221;cms_heading&#8211;layout3.php&#8221;][cms_space space_lg=&#8221;0&#8243; space_md=&#8221;0&#8243; space_sm=&#8221;32&#8243; space_xs=&#8221;32&#8243;][\/vc_column_inner][vc_column_inner width=&#8221;1\/4&#8243; cms_column_inner_class=&#8221;rm-padding-lg&#8221; css=&#8221;.vc_custom_1565844826827{padding-right: 10px !important;}&#8221;][vc_single_image image=&#8221;15184&#8243; img_size=&#8221;full&#8221; css_animation=&#8221;right-to-left&#8221; css=&#8221;.vc_custom_1604055580591{margin-top: 5px !important;margin-bottom: 0px !important;}&#8221;][cms_space space_lg=&#8221;0&#8243; space_md=&#8221;0&#8243; space_sm=&#8221;32&#8243; space_xs=&#8221;32&#8243;][\/vc_column_inner][vc_column_inner width=&#8221;1\/4&#8243; css=&#8221;.vc_custom_1588689988263{padding-right: px !important;padding-left: px !important;}&#8221;][vc_single_image image=&#8221;15185&#8243; img_size=&#8221;full&#8221; css_animation=&#8221;right-to-left&#8221; css=&#8221;.vc_custom_1604055588264{margin-top: 5px !important;margin-bottom: 0px !important;}&#8221;][\/vc_column_inner][\/vc_row_inner][\/vc_column][\/vc_row][vc_row css=&#8221;.vc_custom_1604663849223{padding-top: 60px !important;padding-bottom: 60px !important;background-color: #ffffff !important;}&#8221;][vc_column cms_column_class=&#8221;rm-padding-lg&#8221; css=&#8221;.vc_custom_1565857575241{padding-top: 0px !important;padding-right: 35px !important;padding-left: 85px !important;}&#8221; offset=&#8221;vc_col-lg-6 vc_col-md-6&#8243;][vc_row_inner][vc_column_inner width=&#8221;7\/12&#8243; cms_column_inner_class=&#8221;rm-padding-columinner-lg&#8221; css=&#8221;.vc_custom_1565859065190{padding-right: 20px !important;}&#8221; offset=&#8221;vc_col-lg-7 vc_col-md-7&#8243;][vc_single_image image=&#8221;15186&#8243; img_size=&#8221;762&#215;863&#8243; alignment=&#8221;center&#8221; css_animation=&#8221;left-to-right&#8221; css=&#8221;.vc_custom_1604055566840{margin-bottom: 0px !important;}&#8221;][cms_space space_lg=&#8221;0&#8243; space_md=&#8221;0&#8243; space_sm=&#8221;45&#8243; space_xs=&#8221;45&#8243;][\/vc_column_inner][vc_column_inner width=&#8221;5\/12&#8243; cms_column_inner_class=&#8221;rm-padding-columinner-lg&#8221; offset=&#8221;vc_col-lg-5 vc_col-md-5&#8243; css=&#8221;.vc_custom_1565859075104{padding-left: 0px !important;}&#8221;][vc_single_image image=&#8221;15159&#8243; img_size=&#8221;full&#8221; alignment=&#8221;center&#8221; css_animation=&#8221;left-to-right&#8221; css=&#8221;.vc_custom_1604055572910{margin-bottom: 0px !important;}&#8221;][\/vc_column_inner][\/vc_row_inner][\/vc_column][vc_column cms_column_class=&#8221;rm-padding-lg&#8221; css=&#8221;.vc_custom_1565857560600{padding-right: 85px !important;padding-left: 35px !important;}&#8221; offset=&#8221;vc_col-lg-6 vc_col-md-6&#8243;][cms_space space_lg=&#8221;104&#8243; space_md=&#8221;0&#8243; space_sm=&#8221;80&#8243; space_xs=&#8221;60&#8243;][cms_heading text=&#8221;Calligraphy workshop&#8221; sub_font_size=&#8221;15&#8243; sub_color=&#8221;#777777&#8243; sub_line_height=&#8221;26&#8243; sub_margin_bottom=&#8221;25&#8243; description=&#8221;Vas zanima, kako so mojstri pisali na srednjeve\u0161kem gradu Podsreda? Bi se preizkusili v pisanju s kaligrafskim peresom? Pridru\u017eite se nam na kaligrafski delavnici, na kateri bomo spoznali osnove umetnosti lepega pisanja.&#8221; cms_template=&#8221;cms_heading&#8211;layout3.php&#8221; margin_bottom=&#8221;30&#8243;][\/vc_column][\/vc_row][vc_row css=&#8221;.vc_custom_1604663853976{padding-top: 60px !important;padding-bottom: 60px !important;background-color: #ffffff !important;}&#8221;][vc_column cms_column_class=&#8221;rm-padding-lg&#8221; css=&#8221;.vc_custom_1604663921208{padding-top: 0px !important;padding-right: px !important;padding-left: px !important;}&#8221; offset=&#8221;vc_col-lg-6 vc_col-md-6&#8243;][vc_single_image image=&#8221;15566&#8243; img_size=&#8221;full&#8221; alignment=&#8221;right&#8221;][\/vc_column][vc_column cms_column_class=&#8221;rm-padding-lg&#8221; css=&#8221;.vc_custom_1565857560600{padding-right: 85px !important;padding-left: 35px !important;}&#8221; offset=&#8221;vc_col-lg-6 vc_col-md-6&#8243;][cms_space space_lg=&#8221;104&#8243; space_md=&#8221;0&#8243; space_sm=&#8221;80&#8243; space_xs=&#8221;60&#8243;][cms_heading text=&#8221;Glassworks workshop&#8221; sub_font_size=&#8221;15&#8243; sub_color=&#8221;#777777&#8243; sub_line_height=&#8221;26&#8243; sub_margin_bottom=&#8221;25&#8243; description=&#8221;V sodelovanju z Dru\u0161tvom steklarjev Slovenije organiziramo steklarske delavnice, ki jih izvajajo priznani steklarski mojstri. Na delavnici se boste preizkusili v poslikavi in bru\u0161enju stekla. V sklopu delavnice si bomo ogledali stalno steklarsko razstavo stekla iz nekdanjih gla\u017eut.&#8221; cms_template=&#8221;cms_heading&#8211;layout3.php&#8221; margin_bottom=&#8221;30&#8243;][\/vc_column][\/vc_row][\/vc_section][vc_row css=&#8221;.vc_custom_1604663857626{padding-top: 60px !important;padding-bottom: 60px !important;}&#8221;][vc_column][vc_row_inner equal_height=&#8221;yes&#8221; css=&#8221;.vc_custom_1591037616824{padding-right: px !important;}&#8221;][vc_column_inner width=&#8221;1\/2&#8243; css=&#8221;.vc_custom_1591037656864{padding-right: 30px !important;padding-left: 35px !important;}&#8221;][cms_space space_lg=&#8221;100&#8243; space_md=&#8221;60&#8243; space_sm=&#8221;60&#8243; space_xs=&#8221;32&#8243;][cms_heading text=&#8221;Workshop with Herman Lisjak&#8221; sub_font_size=&#8221;15&#8243; sub_color=&#8221;#777777&#8243; sub_line_height=&#8221;26&#8243; description=&#8221;V sodelovanju z Muzejem novej\u0161e zgodovine Celje pripravljamo otro\u0161ke delavnice s Hermanom Lisjakom na temo razstave \u00bbHerman Lisjak v Kozjanskem parku\u00ab, ki bo na gradu Podsreda na ogled do leta 2022. Ogledu interaktivne razstave sledijo delavnice, namenjene spoznavanju na\u0161ega okolja, pomenu njegovega varovanja in trajnostnega razvoja.&#8221; des_margin_bottom=&#8221;45&#8243; cms_template=&#8221;cms_heading&#8211;layout3.php&#8221;][cms_space space_lg=&#8221;0&#8243; space_md=&#8221;0&#8243; space_sm=&#8221;32&#8243; space_xs=&#8221;32&#8243;][\/vc_column_inner][vc_column_inner width=&#8221;1\/4&#8243; cms_column_inner_class=&#8221;rm-padding-lg&#8221; css=&#8221;.vc_custom_1565844826827{padding-right: 10px !important;}&#8221;][vc_single_image image=&#8221;15189&#8243; img_size=&#8221;full&#8221; css_animation=&#8221;right-to-left&#8221; css=&#8221;.vc_custom_1604055618022{margin-top: 5px !important;margin-bottom: 0px !important;}&#8221;][cms_space space_lg=&#8221;0&#8243; space_md=&#8221;0&#8243; space_sm=&#8221;32&#8243; space_xs=&#8221;32&#8243;][\/vc_column_inner][vc_column_inner width=&#8221;1\/4&#8243; cms_column_inner_class=&#8221;rm-padding-lg&#8221; css=&#8221;.vc_custom_1565845935620{padding-left: 10px !important;}&#8221;][vc_single_image image=&#8221;15190&#8243; img_size=&#8221;full&#8221; css_animation=&#8221;right-to-left&#8221; css=&#8221;.vc_custom_1604055623824{margin-top: 5px !important;margin-bottom: 0px !important;}&#8221;][\/vc_column_inner][\/vc_row_inner][\/vc_column][\/vc_row][vc_row css=&#8221;.vc_custom_1588691098634{padding-top: 60px !important;padding-bottom: 60px !important;}&#8221;][vc_column width=&#8221;1\/6&#8243;][\/vc_column][vc_column width=&#8221;2\/3&#8243; css=&#8221;.vc_custom_1588691070625{padding-bottom: 60px !important;background-color: #c5a46d !important;}&#8221;][cms_heading align_lg=&#8221;align-center&#8221; align_md=&#8221;align-center-md&#8221; align_sm=&#8221;align-center-sm&#8221; align_xs=&#8221;align-center-xs&#8221; description=&#8221;Vse delavnice trajajo dve \u0161olski uri in sprejmejo do 25 oseb. Za ve\u010d informacij ali rezervacijo nas kontaktirajte:<br \/>\nT: +386 41 419 996 ali +386 360 985<br \/>\nE: info@castlepodsreda.com&#8221; description_color=&#8221;#ffffff&#8221; cms_template=&#8221;cms_heading&#8211;layout3.php&#8221;][\/vc_column][vc_column width=&#8221;1\/6&#8243;][\/vc_column][\/vc_row]<\/p>\n","protected":false},"excerpt":{"rendered":"<p>[vc_section css=&#8221;.vc_custom_1587762593715{background-image: url(https:\/\/castlepodsreda.com\/wp-content\/uploads\/2020\/04\/ozadje-o-gradu.png?id=3859) !important;}&#8221;][vc_row parallax=&#8221;content-moving&#8221; parallax_image=&#8221;3859&#8243; parallax_speed_bg=&#8221;1.1&#8243;][vc_column css=&#8221;.vc_custom_1591037470681{padding-top: 0px !important;padding-right: 30px !important;padding-left: 30px !important;}&#8221;][vc_single_image image=&#8221;15131&#8243; alignment=&#8221;center&#8221;][cms_textbox font_weight=&#8221;400&#8243; textbox_align=&#8221;text-center&#8221; text_box=&#8221;Na \u017eeljo obiskovalcev po predhodni najavi organiziramo delavnice za otroke in odrasle, ki so povezane s tematiko na\u0161ih razstav.&#8221;][cms_space space_lg=&#8221;60&#8243; space_md=&#8221;32&#8243; space_sm=&#8221;32&#8243; space_xs=&#8221;32&#8243;][vc_row_inner equal_height=&#8221;yes&#8221; css=&#8221;.vc_custom_1591037548495{padding-right: px !important;}&#8221;][vc_column_inner width=&#8221;1\/2&#8243; css=&#8221;.vc_custom_1591037507159{padding-right: 45px !important;padding-left: 45px !important;}&#8221;][cms_space space_lg=&#8221;100&#8243; space_md=&#8221;60&#8243; space_sm=&#8221;60&#8243; space_xs=&#8221;32&#8243;][cms_heading [&hellip;]<\/p>\n","protected":false},"author":1,"featured_media":15193,"parent":0,"menu_order":0,"comment_status":"closed","ping_status":"closed","template":"","meta":[],"yoast_head":"<!-- This site is optimized with the Yoast SEO plugin v19.14 - https:\/\/yoast.com\/wordpress\/plugins\/seo\/ -->\n<title>THEMATIC WORKSHOPS | Grad Podsreda | Sobe in apartmaji | Grajska ponudba<\/title>\n<meta name=\"robots\" content=\"index, follow, max-snippet:-1, max-image-preview:large, max-video-preview:-1\" \/>\n<link rel=\"canonical\" href=\"https:\/\/castlepodsreda.com\/en\/thematic-workshops\/\" \/>\n<meta property=\"og:locale\" content=\"en_US\" \/>\n<meta property=\"og:type\" content=\"article\" \/>\n<meta property=\"og:title\" content=\"THEMATIC WORKSHOPS | Grad Podsreda | Sobe in apartmaji | Grajska ponudba\" \/>\n<meta property=\"og:description\" content=\"[vc_section css=&#8221;.vc_custom_1587762593715{background-image: url(https:\/\/castlepodsreda.com\/wp-content\/uploads\/2020\/04\/ozadje-o-gradu.png?id=3859) !important;}&#8221;][vc_row parallax=&#8221;content-moving&#8221; parallax_image=&#8221;3859&#8243; parallax_speed_bg=&#8221;1.1&#8243;][vc_column css=&#8221;.vc_custom_1591037470681{padding-top: 0px !important;padding-right: 30px !important;padding-left: 30px !important;}&#8221;][vc_single_image image=&#8221;15131&#8243; alignment=&#8221;center&#8221;][cms_textbox font_weight=&#8221;400&#8243; textbox_align=&#8221;text-center&#8221; text_box=&#8221;Na \u017eeljo obiskovalcev po predhodni najavi organiziramo delavnice za otroke in odrasle, ki so povezane s tematiko na\u0161ih razstav.&#8221;][cms_space space_lg=&#8221;60&#8243; space_md=&#8221;32&#8243; space_sm=&#8221;32&#8243; space_xs=&#8221;32&#8243;][vc_row_inner equal_height=&#8221;yes&#8221; css=&#8221;.vc_custom_1591037548495{padding-right: px !important;}&#8221;][vc_column_inner width=&#8221;1\/2&#8243; css=&#8221;.vc_custom_1591037507159{padding-right: 45px !important;padding-left: 45px !important;}&#8221;][cms_space space_lg=&#8221;100&#8243; space_md=&#8221;60&#8243; space_sm=&#8221;60&#8243; space_xs=&#8221;32&#8243;][cms_heading [&hellip;]\" \/>\n<meta property=\"og:url\" content=\"https:\/\/castlepodsreda.com\/en\/thematic-workshops\/\" \/>\n<meta property=\"og:site_name\" content=\"Grad Podsreda | Sobe in apartmaji | Grajska ponudba\" \/>\n<meta property=\"article:publisher\" content=\"https:\/\/www.facebook.com\/podsredacastle\" \/>\n<meta property=\"article:modified_time\" content=\"2026-02-04T11:09:42+00:00\" \/>\n<meta property=\"og:image\" content=\"https:\/\/castlepodsreda.com\/wp-content\/uploads\/2020\/05\/tematske-delavnice.jpg\" \/>\n\t<meta property=\"og:image:width\" content=\"1902\" \/>\n\t<meta property=\"og:image:height\" content=\"637\" \/>\n\t<meta property=\"og:image:type\" content=\"image\/jpeg\" \/>\n<meta name=\"twitter:card\" content=\"summary_large_image\" \/>\n<meta name=\"twitter:label1\" content=\"Est. reading time\" \/>\n\t<meta name=\"twitter:data1\" content=\"3 minutes\" \/>\n<script type=\"application\/ld+json\" class=\"yoast-schema-graph\">{\"@context\":\"https:\/\/schema.org\",\"@graph\":[{\"@type\":\"WebPage\",\"@id\":\"https:\/\/castlepodsreda.com\/en\/thematic-workshops\/\",\"url\":\"https:\/\/castlepodsreda.com\/en\/thematic-workshops\/\",\"name\":\"THEMATIC WORKSHOPS | Grad Podsreda | Sobe in apartmaji | Grajska ponudba\",\"isPartOf\":{\"@id\":\"https:\/\/castlepodsreda.com\/en\/#website\"},\"datePublished\":\"2020-04-24T21:24:50+00:00\",\"dateModified\":\"2026-02-04T11:09:42+00:00\",\"breadcrumb\":{\"@id\":\"https:\/\/castlepodsreda.com\/en\/thematic-workshops\/#breadcrumb\"},\"inLanguage\":\"en-US\",\"potentialAction\":[{\"@type\":\"ReadAction\",\"target\":[\"https:\/\/castlepodsreda.com\/en\/thematic-workshops\/\"]}]},{\"@type\":\"BreadcrumbList\",\"@id\":\"https:\/\/castlepodsreda.com\/en\/thematic-workshops\/#breadcrumb\",\"itemListElement\":[{\"@type\":\"ListItem\",\"position\":1,\"name\":\"Home\",\"item\":\"https:\/\/castlepodsreda.com\/en\/\"},{\"@type\":\"ListItem\",\"position\":2,\"name\":\"THEMATIC WORKSHOPS\"}]},{\"@type\":\"WebSite\",\"@id\":\"https:\/\/castlepodsreda.com\/en\/#website\",\"url\":\"https:\/\/castlepodsreda.com\/en\/\",\"name\":\"Grad Podsreda | Sobe in apartmaji | Grajska ponudba\",\"description\":\"Najbolj grajski med gradovi v Sloveniji\",\"publisher\":{\"@id\":\"https:\/\/castlepodsreda.com\/en\/#organization\"},\"potentialAction\":[{\"@type\":\"SearchAction\",\"target\":{\"@type\":\"EntryPoint\",\"urlTemplate\":\"https:\/\/castlepodsreda.com\/en\/?s={search_term_string}\"},\"query-input\":\"required name=search_term_string\"}],\"inLanguage\":\"en-US\"},{\"@type\":\"Organization\",\"@id\":\"https:\/\/castlepodsreda.com\/en\/#organization\",\"name\":\"Grad Podsreda | Sobe in apartmaji | Grajska ponudba\",\"url\":\"https:\/\/castlepodsreda.com\/en\/\",\"logo\":{\"@type\":\"ImageObject\",\"inLanguage\":\"en-US\",\"@id\":\"https:\/\/castlepodsreda.com\/en\/#\/schema\/logo\/image\/\",\"url\":\"https:\/\/castlepodsreda.com\/wp-content\/uploads\/2020\/04\/logo-grad-podsreda-2.jpg\",\"contentUrl\":\"https:\/\/castlepodsreda.com\/wp-content\/uploads\/2020\/04\/logo-grad-podsreda-2.jpg\",\"width\":576,\"height\":576,\"caption\":\"Grad Podsreda | Sobe in apartmaji | Grajska ponudba\"},\"image\":{\"@id\":\"https:\/\/castlepodsreda.com\/en\/#\/schema\/logo\/image\/\"},\"sameAs\":[\"https:\/\/www.instagram.com\/podsredacastle\/\",\"https:\/\/www.facebook.com\/podsredacastle\"]}]}<\/script>\n<!-- \/ Yoast SEO plugin. -->","yoast_head_json":{"title":"THEMATIC WORKSHOPS | Grad Podsreda | Sobe in apartmaji | Grajska ponudba","robots":{"index":"index","follow":"follow","max-snippet":"max-snippet:-1","max-image-preview":"max-image-preview:large","max-video-preview":"max-video-preview:-1"},"canonical":"https:\/\/castlepodsreda.com\/en\/thematic-workshops\/","og_locale":"en_US","og_type":"article","og_title":"THEMATIC WORKSHOPS | Grad Podsreda | Sobe in apartmaji | Grajska ponudba","og_description":"[vc_section css=&#8221;.vc_custom_1587762593715{background-image: url(https:\/\/castlepodsreda.com\/wp-content\/uploads\/2020\/04\/ozadje-o-gradu.png?id=3859) !important;}&#8221;][vc_row parallax=&#8221;content-moving&#8221; parallax_image=&#8221;3859&#8243; parallax_speed_bg=&#8221;1.1&#8243;][vc_column css=&#8221;.vc_custom_1591037470681{padding-top: 0px !important;padding-right: 30px !important;padding-left: 30px !important;}&#8221;][vc_single_image image=&#8221;15131&#8243; alignment=&#8221;center&#8221;][cms_textbox font_weight=&#8221;400&#8243; textbox_align=&#8221;text-center&#8221; text_box=&#8221;Na \u017eeljo obiskovalcev po predhodni najavi organiziramo delavnice za otroke in odrasle, ki so povezane s tematiko na\u0161ih razstav.&#8221;][cms_space space_lg=&#8221;60&#8243; space_md=&#8221;32&#8243; space_sm=&#8221;32&#8243; space_xs=&#8221;32&#8243;][vc_row_inner equal_height=&#8221;yes&#8221; css=&#8221;.vc_custom_1591037548495{padding-right: px !important;}&#8221;][vc_column_inner width=&#8221;1\/2&#8243; css=&#8221;.vc_custom_1591037507159{padding-right: 45px !important;padding-left: 45px !important;}&#8221;][cms_space space_lg=&#8221;100&#8243; space_md=&#8221;60&#8243; space_sm=&#8221;60&#8243; space_xs=&#8221;32&#8243;][cms_heading [&hellip;]","og_url":"https:\/\/castlepodsreda.com\/en\/thematic-workshops\/","og_site_name":"Grad Podsreda | Sobe in apartmaji | Grajska ponudba","article_publisher":"https:\/\/www.facebook.com\/podsredacastle","article_modified_time":"2026-02-04T11:09:42+00:00","og_image":[{"width":1902,"height":637,"url":"https:\/\/castlepodsreda.com\/wp-content\/uploads\/2020\/05\/tematske-delavnice.jpg","type":"image\/jpeg"}],"twitter_card":"summary_large_image","twitter_misc":{"Est. reading time":"3 minutes"},"schema":{"@context":"https:\/\/schema.org","@graph":[{"@type":"WebPage","@id":"https:\/\/castlepodsreda.com\/en\/thematic-workshops\/","url":"https:\/\/castlepodsreda.com\/en\/thematic-workshops\/","name":"THEMATIC WORKSHOPS | Grad Podsreda | Sobe in apartmaji | Grajska ponudba","isPartOf":{"@id":"https:\/\/castlepodsreda.com\/en\/#website"},"datePublished":"2020-04-24T21:24:50+00:00","dateModified":"2026-02-04T11:09:42+00:00","breadcrumb":{"@id":"https:\/\/castlepodsreda.com\/en\/thematic-workshops\/#breadcrumb"},"inLanguage":"en-US","potentialAction":[{"@type":"ReadAction","target":["https:\/\/castlepodsreda.com\/en\/thematic-workshops\/"]}]},{"@type":"BreadcrumbList","@id":"https:\/\/castlepodsreda.com\/en\/thematic-workshops\/#breadcrumb","itemListElement":[{"@type":"ListItem","position":1,"name":"Home","item":"https:\/\/castlepodsreda.com\/en\/"},{"@type":"ListItem","position":2,"name":"THEMATIC WORKSHOPS"}]},{"@type":"WebSite","@id":"https:\/\/castlepodsreda.com\/en\/#website","url":"https:\/\/castlepodsreda.com\/en\/","name":"Grad Podsreda | Sobe in apartmaji | Grajska ponudba","description":"Najbolj grajski med gradovi v Sloveniji","publisher":{"@id":"https:\/\/castlepodsreda.com\/en\/#organization"},"potentialAction":[{"@type":"SearchAction","target":{"@type":"EntryPoint","urlTemplate":"https:\/\/castlepodsreda.com\/en\/?s={search_term_string}"},"query-input":"required name=search_term_string"}],"inLanguage":"en-US"},{"@type":"Organization","@id":"https:\/\/castlepodsreda.com\/en\/#organization","name":"Grad Podsreda | Sobe in apartmaji | Grajska ponudba","url":"https:\/\/castlepodsreda.com\/en\/","logo":{"@type":"ImageObject","inLanguage":"en-US","@id":"https:\/\/castlepodsreda.com\/en\/#\/schema\/logo\/image\/","url":"https:\/\/castlepodsreda.com\/wp-content\/uploads\/2020\/04\/logo-grad-podsreda-2.jpg","contentUrl":"https:\/\/castlepodsreda.com\/wp-content\/uploads\/2020\/04\/logo-grad-podsreda-2.jpg","width":576,"height":576,"caption":"Grad Podsreda | Sobe in apartmaji | Grajska ponudba"},"image":{"@id":"https:\/\/castlepodsreda.com\/en\/#\/schema\/logo\/image\/"},"sameAs":["https:\/\/www.instagram.com\/podsredacastle\/","https:\/\/www.facebook.com\/podsredacastle"]}]}},"_links":{"self":[{"href":"https:\/\/castlepodsreda.com\/en\/wp-json\/wp\/v2\/pages\/22283"}],"collection":[{"href":"https:\/\/castlepodsreda.com\/en\/wp-json\/wp\/v2\/pages"}],"about":[{"href":"https:\/\/castlepodsreda.com\/en\/wp-json\/wp\/v2\/types\/page"}],"author":[{"embeddable":true,"href":"https:\/\/castlepodsreda.com\/en\/wp-json\/wp\/v2\/users\/1"}],"replies":[{"embeddable":true,"href":"https:\/\/castlepodsreda.com\/en\/wp-json\/wp\/v2\/comments?post=22283"}],"version-history":[{"count":5,"href":"https:\/\/castlepodsreda.com\/en\/wp-json\/wp\/v2\/pages\/22283\/revisions"}],"predecessor-version":[{"id":40288,"href":"https:\/\/castlepodsreda.com\/en\/wp-json\/wp\/v2\/pages\/22283\/revisions\/40288"}],"wp:featuredmedia":[{"embeddable":true,"href":"https:\/\/castlepodsreda.com\/en\/wp-json\/wp\/v2\/media\/15193"}],"wp:attachment":[{"href":"https:\/\/castlepodsreda.com\/en\/wp-json\/wp\/v2\/media?parent=22283"}],"curies":[{"name":"wp","href":"https:\/\/api.w.org\/{rel}","templated":true}]}}