{"id":22404,"date":"2021-02-28T18:58:05","date_gmt":"2021-02-28T18:58:05","guid":{"rendered":"https:\/\/castlepodsreda.com\/what-to-see-around-the-castle\/"},"modified":"2024-03-27T10:42:09","modified_gmt":"2024-03-27T10:42:09","slug":"what-to-see-around-the-castle","status":"publish","type":"page","link":"https:\/\/castlepodsreda.com\/en\/what-to-see-around-the-castle\/","title":{"rendered":"PLACES TO EXPLORE NEAR THE CASTLE"},"content":{"rendered":"<p>[vc_row][vc_column][cms_heading text=&#8221;Places to Explore Near the Castle&#8221; sub_font_style=&#8221;italic&#8221; cms_template=&#8221;cms_heading&#8211;layout3.php&#8221; sub_title=&#8221;Far away from the city, noise, and hustle and bustle lies the pristine region of Kozjansko, intertwined in its heart with one of Slovenia&#8217;s most beautiful natural treasures &#8211; Kozjansko Regional Park. Here, we find places infused with the spirit of friendly people, tasty local cuisine, unique experiences, and a mysterious landscape.&#8221;][cms_space space_lg=&#8221;40&#8243; space_md=&#8221;40&#8243; space_sm=&#8221;20&#8243; space_xs=&#8221;10&#8243;][vc_single_image image=&#8221;15612&#8243; img_size=&#8221;full&#8221; alignment=&#8221;center&#8221;][vc_column_text]The paths of the Kozjansko hills lead to hidden corners where time stands still and history is still alive. Take a walk along the picturesque and scenic path past the chapels of the Stations of the Cross to the <strong><a href=\"http:\/\/vnaravi.si\/gps-sledi\/454-bizeljsko-senovsko-sotelsko-gricevje\/286-stare-gore-nad-podsredo\">Old mountains above Podsreda <\/a><\/strong>where we find the Church of the Sorrowful Mother of God, or by the <a href=\"https:\/\/castlepodsreda.com\/en\/?page_id=22319\"><strong>Podsreda Castle Trail<\/strong><\/a> o the most castle-like among the castles in Slovenia, Podsreda Castle, and rest your eyes on the view of the <strong><a href=\"https:\/\/www.obcina-kozje.si\/objava\/194811\">old town center of Podsreda<\/a><\/strong>, accompanied in the municipality by two more ancient squares &#8211; the <strong><a href=\"https:\/\/www.visitpodcetrtek.com\/en\/attractions\/the-kozje-square\">Kozje square<\/a> <\/strong>with <a href=\"https:\/\/www.visitpodcetrtek.com\/en\/attractions\/my-mother's-school-exibition\">old prisons<\/a>, the <a href=\"https:\/\/www.visitpodcetrtek.com\/en\/attractions\/the-krofl-mill\">Krofl Mill<\/a>, and a museum classroom, as well as the historically rich <strong><a href=\"https:\/\/www.visitpodcetrtek.com\/en\/attractions\/pilstanj-and-its-surroundings\">Pil\u0161tanj square<\/a><\/strong>, where, according to legend, the only Slovenian saint, St. Ema, was born.[\/vc_column_text][\/vc_column][\/vc_row][vc_row][vc_column][vc_single_image image=&#8221;15613&#8243; img_size=&#8221;full&#8221; alignment=&#8221;center&#8221;][vc_column_text]In the midst of the mighty beech forests of Orlica and Bohor Hills, expansive meadows covered with wild orchids, and crystal-clear waters in the pristine nature of the <strong><a href=\"http:\/\/kozjanski-park.si\/\">Kozjansko Regional Park<\/a><\/strong>, enjoy the intoxicating scent of a blossoming <strong><a href=\"https:\/\/www.visitpodcetrtek.com\/en\/attractions\/the-collection-orchard-of-the-kozjanski-park\">collection orchard<\/a><\/strong>, where over a hundred different old varieties of Kozjansko apple trees and other fruit trees thrive. Alternatively, take a walk and explore the unique beauty of the <strong><a href=\"https:\/\/www.visitpodcetrtek.com\/en\/attractions\/meadow-natural-science-trail\">dry meadows on Vetrnik<\/a><\/strong>. Breathe in the freshness of the green surroundings on walking paths, such as the trail that connects Podsreda Castle and the nearby <strong><a href=\"https:\/\/www.visitpodcetrtek.com\/en\/attractions\/sacred-mountains\">Holy Mountains<\/a><\/strong> above Bistrica ob Sotli, or the path that leads to the <strong><a href=\"https:\/\/vnaravi.si\/senovsko-bizeljsko-in-sotelsko-gricevje\/soteska-bistrice\">Bistrica River gorge<\/a> <\/strong>&#8211; an excellent choice for hot days. Alternatively, saddle up and discover the unique beauties of the Kozjansko landscape on horseback with a visit to the <strong><a href=\"https:\/\/www.konjicek.si\/\">Rubin&#8217;s Stables<\/a><\/strong>.[\/vc_column_text][\/vc_column][\/vc_row][vc_row][vc_column][vc_single_image image=&#8221;15614&#8243; img_size=&#8221;full&#8221; alignment=&#8221;center&#8221;][vc_column_text]Enjoy the tranquility of the castle courtyard. Far from traffic and urban hustle and bustle, listen to the wind in the treetops and the murmur of streams in the <strong><a href=\"https:\/\/www.visitpodcetrtek.com\/en\/attractions\/the-gruska-cave\">Gruska Valley<\/a><\/strong>, or stop and spend special moments in <strong><a href=\"https:\/\/www.visitpodcetrtek.com\/en\/attractions\/the-cave-of-lorgues\">Lourdes Cave<\/a><\/strong>, where you can quench your thirst with spring water that is believed to have healing powers according to legend while visiting the nearby village center of <strong><a href=\"https:\/\/www.visitpodcetrtek.com\/en\/attractions\/zagorje-village-centre-with-church\">Zagorje<\/a><\/strong>. Relax to the soothing buzz of bees in the apiary while enjoying the tasting of various types of honey at the <strong><a href=\"https:\/\/cebelarstvo-kozmus.si\/en\/\">Kozmus Beekeeping Farm<\/a><\/strong> in Pil\u0161tanj. A special kind of silence awaits us when we enter the extraordinary sandy world of ancient sandstone caves, known as &#8220;turnip cellars&#8221; or in Slovene &#8220;<a href=\"https:\/\/www.visitbrezice.si\/znamenitosti\/repnice\"><strong>repnice&#8221;<\/strong><\/a>, particularly one of the most beautiful and largest ones &#8211; the <strong>Najger Sandstone Caves<\/strong>, where the glimmer of thousands of quartz sand crystals brings the past together with the present.[\/vc_column_text][\/vc_column][\/vc_row][vc_row][vc_column][vc_single_image image=&#8221;15615&#8243; img_size=&#8221;full&#8221; alignment=&#8221;center&#8221;][vc_column_text]Explore the rich cuisine of Kozjansko, composed of the flavors of local farms. Follow the wine route to its source, where it is born among the golden hills at the <strong><a href=\"https:\/\/www.visitpodcetrtek.com\/en\/culinary\/kmetija-mramor-tourist-farm\">Vinogradni\u0161tvo Mramor <\/a><\/strong>wine cellar above the Gruska Valley in Bu\u010de. Follow the path of local milk, processed into excellent cheeses and yogurts, even delicious homemade frozen yogurt at the <a href=\"https:\/\/www.visitpodcetrtek.com\/en\/culinary\/sinkovic-farm\"><strong>Sinkovi\u010d Farm<\/strong><\/a> in Bu\u010de. Rekindle the fondest memories with the aroma of freshly baked bread from the bread oven served at the <strong><a href=\"https:\/\/www.visitpodcetrtek.com\/en\/attractions\/kukovicic-mill\">Kukovi\u010di\u010d Mill<\/a><\/strong>, where grains are ground in one of the last remaining mills on the Bistrica River. Enjoy high-quality local cured meat products from the <strong><a href=\"https:\/\/www.obcina-kozje.si\/objava\/202593\">Kunej Farm<\/a><\/strong> in Gorjane near Podsreda or the <strong><a href=\"https:\/\/www.facebook.com\/Kmetija-Gorjup-761906743982616\/\">Gorjup Farm<\/a><\/strong> in Zdole, for those who appreciate good taste.[\/vc_column_text][cms_space space_lg=&#8221;40&#8243; space_md=&#8221;40&#8243; space_sm=&#8221;20&#8243; space_xs=&#8221;10&#8243;][vc_separator border_width=&#8221;3&#8243;][cms_space space_lg=&#8221;40&#8243; space_md=&#8221;40&#8243; space_sm=&#8221;20&#8243; space_xs=&#8221;10&#8243;][\/vc_column][\/vc_row][vc_row][vc_column][vc_single_image image=&#8221;18873&#8243; img_size=&#8221;full&#8221; alignment=&#8221;center&#8221;][cms_heading text_before=&#8221;KOZJANSKO, LAND OF EXPERIENCES&#8221; align_lg=&#8221;align-center&#8221; align_md=&#8221;align-center-md&#8221; align_sm=&#8221;align-center-sm&#8221; align_xs=&#8221;align-center-xs&#8221; description=&#8221;Where nature, history, and culture intertwine in a harmonious symphony of diverse experiences. In the heart of the Kozjansko region, you will discover a true treasure trove of experiences \u2013 from romantic moments and adventures for families, to culinary discoveries and unique adventures in nature. We invite you to explore and discover everything that this magical landscape has to offer with us!&#8221; cms_template=&#8221;cms_heading&#8211;layout2.php&#8221;][cms_space space_lg=&#8221;40&#8243; space_md=&#8221;40&#8243; space_sm=&#8221;20&#8243; space_xs=&#8221;10&#8243;][cms_button button_text=&#8221;TOP 5 LISTS FOR EXPLORING KOZJANSKO&#8221; button_link=&#8221;url:https%3A%2F%2Fcastlepodsreda.com%2Fen%2Ftop-5-thematic-experiences%2F|||&#8221; font_weight=&#8221;400&#8243; button_align=&#8221;center&#8221; button_align_md=&#8221;center&#8221; button_align_sm=&#8221;center&#8221; button_align_xs=&#8221;center&#8221;][cms_space space_lg=&#8221;40&#8243; space_md=&#8221;40&#8243; space_sm=&#8221;20&#8243; space_xs=&#8221;10&#8243;][vc_separator border_width=&#8221;3&#8243;][\/vc_column][\/vc_row][vc_row][vc_column][vc_single_image image=&#8221;18873&#8243; img_size=&#8221;full&#8221; alignment=&#8221;center&#8221;][cms_heading text_before=&#8221;INTERACTIVE MAP OF THE SURROUNDING AREA&#8221; align_lg=&#8221;align-center&#8221; align_md=&#8221;align-center-md&#8221; align_sm=&#8221;align-center-sm&#8221; align_xs=&#8221;align-center-xs&#8221; description=&#8221;For further orientation, visit the Visit Pod\u010detrtek website (Tourist Information Center Pod\u010detrtek, Bistrica ob Sotli, and Kozje), where they have prepared an interactive map of the castle&#8217;s surroundings.&#8221; cms_template=&#8221;cms_heading&#8211;layout2.php&#8221;][cms_space space_lg=&#8221;40&#8243; space_md=&#8221;40&#8243; space_sm=&#8221;20&#8243; space_xs=&#8221;10&#8243;][cms_button button_text=&#8221;INTERACTIVE MAP OF THE SURROUNDING AREA&#8221; button_link=&#8221;url:https%3A%2F%2Fwww.visitpodcetrtek.com%2Fen%2Fmap|||&#8221; font_weight=&#8221;400&#8243; button_align=&#8221;center&#8221; button_align_md=&#8221;center&#8221; button_align_sm=&#8221;center&#8221; button_align_xs=&#8221;center&#8221;][cms_space space_lg=&#8221;40&#8243; space_md=&#8221;40&#8243; space_sm=&#8221;20&#8243; space_xs=&#8221;10&#8243;][\/vc_column][\/vc_row][vc_row][vc_column][vc_separator border_width=&#8221;3&#8243;][vc_single_image image=&#8221;18873&#8243; img_size=&#8221;full&#8221; alignment=&#8221;center&#8221;][cms_heading text_before=&#8221;MORE IDEAS AND TIPS&#8221; align_lg=&#8221;align-center&#8221; align_md=&#8221;align-center-md&#8221; align_sm=&#8221;align-center-sm&#8221; align_xs=&#8221;align-center-xs&#8221; cms_template=&#8221;cms_heading&#8211;layout2.php&#8221;][cms_space space_lg=&#8221;40&#8243; space_md=&#8221;40&#8243; space_sm=&#8221;20&#8243; space_xs=&#8221;10&#8243;][cms_button button_text=&#8221;IDEAS FOR AN ACTIVE GETAWAY&#8221; button_link=&#8221;url:https%3A%2F%2Fcastlepodsreda.com%2Fen%2Fideas-for-an-active-getaway%2F|||&#8221; font_weight=&#8221;400&#8243; button_align=&#8221;center&#8221; button_align_md=&#8221;center&#8221; button_align_sm=&#8221;center&#8221; button_align_xs=&#8221;center&#8221;][cms_space space_lg=&#8221;40&#8243; space_md=&#8221;40&#8243; space_sm=&#8221;20&#8243; space_xs=&#8221;10&#8243;][cms_button button_text=&#8221;RESTAURANTS AND TAVERNS NEAR PODSREDA CASTLE&#8221; button_link=&#8221;url:https%3A%2F%2Fcastlepodsreda.com%2Fen%2Frestavracije-in-gostilne-v-blizini-gradu-podsreda%2F|||&#8221; font_weight=&#8221;400&#8243; button_align=&#8221;center&#8221; button_align_md=&#8221;center&#8221; button_align_sm=&#8221;center&#8221; button_align_xs=&#8221;center&#8221;][cms_space space_lg=&#8221;40&#8243; space_md=&#8221;40&#8243; space_sm=&#8221;20&#8243; space_xs=&#8221;10&#8243;][\/vc_column][\/vc_row][vc_row][vc_column][vc_separator border_width=&#8221;3&#8243;][vc_single_image image=&#8221;18873&#8243; img_size=&#8221;full&#8221; alignment=&#8221;center&#8221;][vc_column_text]<\/p>\n<h4 style=\"text-align: center;\"><span style=\"color: #808080;\"><strong>FOR MORE IDEAS AND TIPS<\/strong><\/span><\/h4>\n<p style=\"text-align: center;\"><span style=\"color: #808080;\"><strong>follow the links below to useful websites:<\/strong><\/span><\/p>\n<p style=\"text-align: center;\"><a href=\"http:\/\/kozjanski-park.si\/\"><strong><img decoding=\"async\" loading=\"lazy\" class=\"alignnone wp-image-5831 size-full\" src=\"https:\/\/castlepodsreda.com\/wp-content\/uploads\/2021\/03\/logo_kp-e1615468709152.png\" alt=\"\" width=\"200\" height=\"140\" \/><\/strong><\/a><\/p>\n<p style=\"text-align: center;\"><a href=\"http:\/\/kozjanski-park.si\/\"> <strong>KOZJANSKI PARK<\/strong><\/a><\/p>\n<p style=\"text-align: center;\">Website of one of the largest and oldest regional parks in Slovenia<\/p>\n<p style=\"text-align: center;\"><a href=\"https:\/\/www.visitpodcetrtek.com\/\"><strong><img decoding=\"async\" loading=\"lazy\" class=\"alignnone size-full wp-image-5832\" src=\"https:\/\/castlepodsreda.com\/wp-content\/uploads\/2021\/03\/logo_visit-e1615468831537.png\" alt=\"\" width=\"200\" height=\"160\" \/><\/strong><\/a><\/p>\n<p style=\"text-align: center;\"><a href=\"https:\/\/www.visitpodcetrtek.com\/\"> <strong>VISIT POD\u010cETRTEK<\/strong><\/a><\/p>\n<p style=\"text-align: center;\">Website of the Tourist Information Centre <em>Pod\u010detrtek<\/em>, Bistrica ob Sotli and Kozje<\/p>\n<p style=\"text-align: center;\"><a href=\"http:\/\/visitok.eu\/\"><strong><img decoding=\"async\" loading=\"lazy\" class=\"alignnone wp-image-5833 size-full\" src=\"https:\/\/castlepodsreda.com\/wp-content\/uploads\/2021\/03\/visitok-logo.png\" alt=\"\" width=\"184\" height=\"170\" \/><\/strong><\/a><\/p>\n<p style=\"text-align: center;\"><a href=\"http:\/\/visitok.eu\/\"><strong>VISIT OBSOTELJE AND KOZJAN<\/strong><\/a><\/p>\n<p style=\"text-align: center;\">Welcome to Obsotelje and Kozjansko &#8211; Municipalities of \u0160marje pri Jel\u0161ah, Roga\u0161ka Slatina, Rogatec, Pod\u010detrtek and Kozje<u><\/u><\/p>\n<p style=\"text-align: center;\"><a href=\"https:\/\/www.visit-sevnica.com\/\"><strong><img decoding=\"async\" loading=\"lazy\" class=\"alignnone size-full wp-image-5834\" src=\"https:\/\/castlepodsreda.com\/wp-content\/uploads\/2021\/03\/visit-sevnica-logo.png\" alt=\"\" width=\"192\" height=\"85\" \/><\/strong><\/a><\/p>\n<p style=\"text-align: center;\"><a href=\"https:\/\/www.visit-sevnica.com\/\"><strong>VISIT SEVNICA<\/strong><\/a><\/p>\n<p style=\"text-align: center;\">Sevnica &#8211; a treasure trove of experiences!<\/p>\n<p style=\"text-align: center;\"><a href=\"https:\/\/www.discoverbrezice.com\/\"><strong><img decoding=\"async\" loading=\"lazy\" class=\"alignnone wp-image-5836\" src=\"https:\/\/castlepodsreda.com\/wp-content\/uploads\/2021\/03\/discover_logotip-1-400x311.jpg\" alt=\"\" width=\"287\" height=\"223\" \/><\/strong><\/a><\/p>\n<p style=\"text-align: center;\"><a href=\"https:\/\/www.discoverbrezice.com\/\"><strong>BRE\u017dICE<\/strong><\/a><\/p>\n<p style=\"text-align: center;\">\u010cate\u017e and Bre\u017eice &#8211; a green world at the confluence of the Sava and Krka rivers, thermal springs, vineyards and castles &#8211; Bre\u017eice, many call it the place where different worlds meet.<\/p>\n<p style=\"text-align: center;\"><a href=\"https:\/\/www.visitkrsko.com\/\"><strong><img decoding=\"async\" loading=\"lazy\" class=\"alignnone size-full wp-image-5845\" src=\"https:\/\/castlepodsreda.com\/wp-content\/uploads\/2021\/03\/polni-energije.png\" alt=\"\" width=\"156\" height=\"196\" \/><\/strong><\/a><\/p>\n<p style=\"text-align: center;\"><a href=\"https:\/\/www.visitkrsko.com\/\"><strong>CROSS<\/strong><\/a><\/p>\n<p style=\"text-align: center;\">To Kr\u0161ko for the energy of flavours, wine, nature and culture!<\/p>\n<p style=\"text-align: center;\"><a href=\"https:\/\/posavje.com\/\"><strong><img decoding=\"async\" loading=\"lazy\" class=\"alignnone size-full wp-image-5846\" src=\"https:\/\/castlepodsreda.com\/wp-content\/uploads\/2021\/03\/logo_posavje-21.png\" alt=\"\" width=\"297\" height=\"97\" \/><\/strong><\/a><\/p>\n<p style=\"text-align: center;\"><a href=\"https:\/\/posavje.com\/\"><strong>POSAVJE &#8211; FULL OF OPPORTUNITIES<\/strong><\/a><\/p>\n<p style=\"text-align: center;\">Posavje is the sleeping princess of Slovenian tourism.<\/p>\n<p>[\/vc_column_text][cms_space space_lg=&#8221;40&#8243; space_md=&#8221;40&#8243; space_sm=&#8221;20&#8243; space_xs=&#8221;10&#8243;][\/vc_column][\/vc_row]<\/p>\n","protected":false},"excerpt":{"rendered":"<p>[vc_row][vc_column][cms_heading text=&#8221;Places to Explore Near the Castle&#8221; sub_font_style=&#8221;italic&#8221; cms_template=&#8221;cms_heading&#8211;layout3.php&#8221; sub_title=&#8221;Far away from the city, noise, and hustle and bustle lies the pristine region of Kozjansko, intertwined in its heart with one of Slovenia&#8217;s most beautiful natural treasures &#8211; Kozjansko Regional Park. Here, we find places infused with the spirit of friendly people, tasty local cuisine, [&hellip;]<\/p>\n","protected":false},"author":1,"featured_media":16033,"parent":0,"menu_order":0,"comment_status":"closed","ping_status":"closed","template":"","meta":[],"yoast_head":"<!-- This site is optimized with the Yoast SEO plugin v19.14 - https:\/\/yoast.com\/wordpress\/plugins\/seo\/ -->\n<title>PLACES TO EXPLORE NEAR THE CASTLE | Grad Podsreda | Sobe in apartmaji | Grajska ponudba<\/title>\n<meta name=\"robots\" content=\"index, follow, max-snippet:-1, max-image-preview:large, max-video-preview:-1\" \/>\n<link rel=\"canonical\" href=\"https:\/\/castlepodsreda.com\/en\/what-to-see-around-the-castle\/\" \/>\n<meta property=\"og:locale\" content=\"en_US\" \/>\n<meta property=\"og:type\" content=\"article\" \/>\n<meta property=\"og:title\" content=\"PLACES TO EXPLORE NEAR THE CASTLE | Grad Podsreda | Sobe in apartmaji | Grajska ponudba\" \/>\n<meta property=\"og:description\" content=\"[vc_row][vc_column][cms_heading text=&#8221;Places to Explore Near the Castle&#8221; sub_font_style=&#8221;italic&#8221; cms_template=&#8221;cms_heading&#8211;layout3.php&#8221; sub_title=&#8221;Far away from the city, noise, and hustle and bustle lies the pristine region of Kozjansko, intertwined in its heart with one of Slovenia&#8217;s most beautiful natural treasures &#8211; Kozjansko Regional Park. Here, we find places infused with the spirit of friendly people, tasty local cuisine, [&hellip;]\" \/>\n<meta property=\"og:url\" content=\"https:\/\/castlepodsreda.com\/en\/what-to-see-around-the-castle\/\" \/>\n<meta property=\"og:site_name\" content=\"Grad Podsreda | Sobe in apartmaji | Grajska ponudba\" \/>\n<meta property=\"article:publisher\" content=\"https:\/\/www.facebook.com\/podsredacastle\" \/>\n<meta property=\"article:modified_time\" content=\"2024-03-27T10:42:09+00:00\" \/>\n<meta property=\"og:image\" content=\"https:\/\/castlepodsreda.com\/wp-content\/uploads\/2021\/09\/grad-podsreda_podsreda-castle_jesenski-paket_22.jpg\" \/>\n\t<meta property=\"og:image:width\" content=\"751\" \/>\n\t<meta property=\"og:image:height\" content=\"751\" \/>\n\t<meta property=\"og:image:type\" content=\"image\/jpeg\" \/>\n<meta name=\"twitter:card\" content=\"summary_large_image\" \/>\n<meta name=\"twitter:label1\" content=\"Est. reading time\" \/>\n\t<meta name=\"twitter:data1\" content=\"6 minutes\" \/>\n<script type=\"application\/ld+json\" class=\"yoast-schema-graph\">{\"@context\":\"https:\/\/schema.org\",\"@graph\":[{\"@type\":\"WebPage\",\"@id\":\"https:\/\/castlepodsreda.com\/en\/what-to-see-around-the-castle\/\",\"url\":\"https:\/\/castlepodsreda.com\/en\/what-to-see-around-the-castle\/\",\"name\":\"PLACES TO EXPLORE NEAR THE CASTLE | Grad Podsreda | Sobe in apartmaji | Grajska ponudba\",\"isPartOf\":{\"@id\":\"https:\/\/castlepodsreda.com\/en\/#website\"},\"datePublished\":\"2021-02-28T18:58:05+00:00\",\"dateModified\":\"2024-03-27T10:42:09+00:00\",\"breadcrumb\":{\"@id\":\"https:\/\/castlepodsreda.com\/en\/what-to-see-around-the-castle\/#breadcrumb\"},\"inLanguage\":\"en-US\",\"potentialAction\":[{\"@type\":\"ReadAction\",\"target\":[\"https:\/\/castlepodsreda.com\/en\/what-to-see-around-the-castle\/\"]}]},{\"@type\":\"BreadcrumbList\",\"@id\":\"https:\/\/castlepodsreda.com\/en\/what-to-see-around-the-castle\/#breadcrumb\",\"itemListElement\":[{\"@type\":\"ListItem\",\"position\":1,\"name\":\"Home\",\"item\":\"https:\/\/castlepodsreda.com\/en\/\"},{\"@type\":\"ListItem\",\"position\":2,\"name\":\"PLACES TO EXPLORE NEAR THE CASTLE\"}]},{\"@type\":\"WebSite\",\"@id\":\"https:\/\/castlepodsreda.com\/en\/#website\",\"url\":\"https:\/\/castlepodsreda.com\/en\/\",\"name\":\"Grad Podsreda | Sobe in apartmaji | Grajska ponudba\",\"description\":\"Najbolj grajski med gradovi v Sloveniji\",\"publisher\":{\"@id\":\"https:\/\/castlepodsreda.com\/en\/#organization\"},\"potentialAction\":[{\"@type\":\"SearchAction\",\"target\":{\"@type\":\"EntryPoint\",\"urlTemplate\":\"https:\/\/castlepodsreda.com\/en\/?s={search_term_string}\"},\"query-input\":\"required name=search_term_string\"}],\"inLanguage\":\"en-US\"},{\"@type\":\"Organization\",\"@id\":\"https:\/\/castlepodsreda.com\/en\/#organization\",\"name\":\"Grad Podsreda | Sobe in apartmaji | Grajska ponudba\",\"url\":\"https:\/\/castlepodsreda.com\/en\/\",\"logo\":{\"@type\":\"ImageObject\",\"inLanguage\":\"en-US\",\"@id\":\"https:\/\/castlepodsreda.com\/en\/#\/schema\/logo\/image\/\",\"url\":\"https:\/\/castlepodsreda.com\/wp-content\/uploads\/2020\/04\/logo-grad-podsreda-2.jpg\",\"contentUrl\":\"https:\/\/castlepodsreda.com\/wp-content\/uploads\/2020\/04\/logo-grad-podsreda-2.jpg\",\"width\":576,\"height\":576,\"caption\":\"Grad Podsreda | Sobe in apartmaji | Grajska ponudba\"},\"image\":{\"@id\":\"https:\/\/castlepodsreda.com\/en\/#\/schema\/logo\/image\/\"},\"sameAs\":[\"https:\/\/www.instagram.com\/podsredacastle\/\",\"https:\/\/www.facebook.com\/podsredacastle\"]}]}<\/script>\n<!-- \/ Yoast SEO plugin. -->","yoast_head_json":{"title":"PLACES TO EXPLORE NEAR THE CASTLE | Grad Podsreda | Sobe in apartmaji | Grajska ponudba","robots":{"index":"index","follow":"follow","max-snippet":"max-snippet:-1","max-image-preview":"max-image-preview:large","max-video-preview":"max-video-preview:-1"},"canonical":"https:\/\/castlepodsreda.com\/en\/what-to-see-around-the-castle\/","og_locale":"en_US","og_type":"article","og_title":"PLACES TO EXPLORE NEAR THE CASTLE | Grad Podsreda | Sobe in apartmaji | Grajska ponudba","og_description":"[vc_row][vc_column][cms_heading text=&#8221;Places to Explore Near the Castle&#8221; sub_font_style=&#8221;italic&#8221; cms_template=&#8221;cms_heading&#8211;layout3.php&#8221; sub_title=&#8221;Far away from the city, noise, and hustle and bustle lies the pristine region of Kozjansko, intertwined in its heart with one of Slovenia&#8217;s most beautiful natural treasures &#8211; Kozjansko Regional Park. Here, we find places infused with the spirit of friendly people, tasty local cuisine, [&hellip;]","og_url":"https:\/\/castlepodsreda.com\/en\/what-to-see-around-the-castle\/","og_site_name":"Grad Podsreda | Sobe in apartmaji | Grajska ponudba","article_publisher":"https:\/\/www.facebook.com\/podsredacastle","article_modified_time":"2024-03-27T10:42:09+00:00","og_image":[{"width":751,"height":751,"url":"https:\/\/castlepodsreda.com\/wp-content\/uploads\/2021\/09\/grad-podsreda_podsreda-castle_jesenski-paket_22.jpg","type":"image\/jpeg"}],"twitter_card":"summary_large_image","twitter_misc":{"Est. reading time":"6 minutes"},"schema":{"@context":"https:\/\/schema.org","@graph":[{"@type":"WebPage","@id":"https:\/\/castlepodsreda.com\/en\/what-to-see-around-the-castle\/","url":"https:\/\/castlepodsreda.com\/en\/what-to-see-around-the-castle\/","name":"PLACES TO EXPLORE NEAR THE CASTLE | Grad Podsreda | Sobe in apartmaji | Grajska ponudba","isPartOf":{"@id":"https:\/\/castlepodsreda.com\/en\/#website"},"datePublished":"2021-02-28T18:58:05+00:00","dateModified":"2024-03-27T10:42:09+00:00","breadcrumb":{"@id":"https:\/\/castlepodsreda.com\/en\/what-to-see-around-the-castle\/#breadcrumb"},"inLanguage":"en-US","potentialAction":[{"@type":"ReadAction","target":["https:\/\/castlepodsreda.com\/en\/what-to-see-around-the-castle\/"]}]},{"@type":"BreadcrumbList","@id":"https:\/\/castlepodsreda.com\/en\/what-to-see-around-the-castle\/#breadcrumb","itemListElement":[{"@type":"ListItem","position":1,"name":"Home","item":"https:\/\/castlepodsreda.com\/en\/"},{"@type":"ListItem","position":2,"name":"PLACES TO EXPLORE NEAR THE CASTLE"}]},{"@type":"WebSite","@id":"https:\/\/castlepodsreda.com\/en\/#website","url":"https:\/\/castlepodsreda.com\/en\/","name":"Grad Podsreda | Sobe in apartmaji | Grajska ponudba","description":"Najbolj grajski med gradovi v Sloveniji","publisher":{"@id":"https:\/\/castlepodsreda.com\/en\/#organization"},"potentialAction":[{"@type":"SearchAction","target":{"@type":"EntryPoint","urlTemplate":"https:\/\/castlepodsreda.com\/en\/?s={search_term_string}"},"query-input":"required name=search_term_string"}],"inLanguage":"en-US"},{"@type":"Organization","@id":"https:\/\/castlepodsreda.com\/en\/#organization","name":"Grad Podsreda | Sobe in apartmaji | Grajska ponudba","url":"https:\/\/castlepodsreda.com\/en\/","logo":{"@type":"ImageObject","inLanguage":"en-US","@id":"https:\/\/castlepodsreda.com\/en\/#\/schema\/logo\/image\/","url":"https:\/\/castlepodsreda.com\/wp-content\/uploads\/2020\/04\/logo-grad-podsreda-2.jpg","contentUrl":"https:\/\/castlepodsreda.com\/wp-content\/uploads\/2020\/04\/logo-grad-podsreda-2.jpg","width":576,"height":576,"caption":"Grad Podsreda | Sobe in apartmaji | Grajska ponudba"},"image":{"@id":"https:\/\/castlepodsreda.com\/en\/#\/schema\/logo\/image\/"},"sameAs":["https:\/\/www.instagram.com\/podsredacastle\/","https:\/\/www.facebook.com\/podsredacastle"]}]}},"_links":{"self":[{"href":"https:\/\/castlepodsreda.com\/en\/wp-json\/wp\/v2\/pages\/22404"}],"collection":[{"href":"https:\/\/castlepodsreda.com\/en\/wp-json\/wp\/v2\/pages"}],"about":[{"href":"https:\/\/castlepodsreda.com\/en\/wp-json\/wp\/v2\/types\/page"}],"author":[{"embeddable":true,"href":"https:\/\/castlepodsreda.com\/en\/wp-json\/wp\/v2\/users\/1"}],"replies":[{"embeddable":true,"href":"https:\/\/castlepodsreda.com\/en\/wp-json\/wp\/v2\/comments?post=22404"}],"version-history":[{"count":25,"href":"https:\/\/castlepodsreda.com\/en\/wp-json\/wp\/v2\/pages\/22404\/revisions"}],"predecessor-version":[{"id":36196,"href":"https:\/\/castlepodsreda.com\/en\/wp-json\/wp\/v2\/pages\/22404\/revisions\/36196"}],"wp:featuredmedia":[{"embeddable":true,"href":"https:\/\/castlepodsreda.com\/en\/wp-json\/wp\/v2\/media\/16033"}],"wp:attachment":[{"href":"https:\/\/castlepodsreda.com\/en\/wp-json\/wp\/v2\/media?parent=22404"}],"curies":[{"name":"wp","href":"https:\/\/api.w.org\/{rel}","templated":true}]}}