{"id":22440,"date":"2022-04-11T12:41:36","date_gmt":"2022-04-11T12:41:36","guid":{"rendered":"https:\/\/castlepodsreda.com\/family-holiday-at-podsreda-castle-1-or-2-nights\/"},"modified":"2023-03-11T17:35:46","modified_gmt":"2023-03-11T17:35:46","slug":"family-holiday-at-podsreda-castle-1-or-2-nights","status":"publish","type":"page","link":"https:\/\/castlepodsreda.com\/en\/family-holiday-at-podsreda-castle-1-or-2-nights\/","title":{"rendered":"FAMILY HOLIDAY AT PODSREDA CASTLE \/\/ 1 OR 2 NIGHTS"},"content":{"rendered":"<p>[vc_row][vc_column cms_column_class=&#8221;rm-padding-lg&#8221; offset=&#8221;vc_col-lg-6 vc_col-md-6&#8243; css=&#8221;.vc_custom_1626261431680{padding-right: 63px !important;}&#8221;][cms_heading text=&#8221;Do\u017eivite poletje na gradu Podsreda&#8221; letter_spacing=&#8221;0.03em&#8221; sub_font_weight=&#8221;700&#8243; sub_font_style=&#8221;italic&#8221; sub_margin_bottom=&#8221;18&#8243; description_font_size=&#8221;18&#8243; description_line_height=&#8221;26&#8243; des_margin_bottom=&#8221;50&#8243; cms_template=&#8221;cms_heading&#8211;layout3.php&#8221; margin_bottom=&#8221;41&#8243;][cms_heading letter_spacing=&#8221;0.03em&#8221; tag2=&#8221;h4&#8243; sub_font_weight=&#8221;700&#8243; sub_font_style=&#8221;italic&#8221; sub_margin_bottom=&#8221;18&#8243; description=&#8221;Rezervirajte dan ali dva za grajske po\u010ditnice za vso dru\u017eino na srednjeve\u0161kem gradu Podsreda in napolnite baterije v barviti poletni pustolov\u0161\u010dini.<\/p>\n<p>Naj grad Podsreda postane del va\u0161e poletne zgodbe.&#8221; description_font_size=&#8221;18&#8243; description_line_height=&#8221;26&#8243; des_margin_bottom=&#8221;50&#8243; cms_template=&#8221;cms_heading&#8211;layout3.php&#8221; sub_title=&#8221;Vabljeni na grad Podsreda na nepozabno poletno pustolov\u0161\u010dino za vso dru\u017eino. Sprehodite se po gozdnih poteh, ob\u010dudujte barvito naravo, raziskujte skrivnostne sobane mogo\u010dnega srednjeve\u0161kega gradu, obi\u0161\u010dite bli\u017enji mlin in u\u017eivajte v malici iz culice v cveto\u010dem sadovnjaku Kozjanskega parka, zve\u010der pa zaklju\u010dite dan na gradu z grajsko pojedino. Za piko na i pa sko\u010dite \u0161e na razvajanje v bli\u017enje terme.&#8221; margin_bottom=&#8221;41&#8243;][cms_space space_lg=&#8221;30&#8243; space_md=&#8221;55&#8243; space_sm=&#8221;32&#8243; space_xs=&#8221;32&#8243;][vc_column_text css=&#8221;.vc_custom_1637090565437{padding-top: 20px !important;padding-right: 20px !important;padding-bottom: 20px !important;padding-left: 20px !important;background-color: #d3ba9e !important;}&#8221;]Number of nights: 1 or 2 nights \/ HALF PENSION<br \/>\nNumber of persons: 2 adults and 1 to 3 children (up to 14 years)<br \/>\nAccommodation offers: tour of Podsreda Castle, visit to Visitor Centre of Kozjanski Park, market stall of local vendors, outdoor fire ring, free internet \/ wi-fi, parking space<br \/>\nAccommodation type: family apartment at Podsreda Castle ****[\/vc_column_text][cms_heading text=&#8221;Poletne dru\u017einske po\u010ditnice na gradu Podsreda&#8221; tag=&#8221;h6&#8243; cms_template=&#8221;cms_heading&#8211;layout3.php&#8221; sub_title=&#8221;Paket vklju\u010duje:&#8221;][cms_space space_lg=&#8221;30&#8243; space_md=&#8221;55&#8243; space_sm=&#8221;32&#8243; space_xs=&#8221;32&#8243;][cms_list cms_template=&#8221;cms_list&#8211;layout5.php&#8221; cms_list=&#8221;%5B%7B%22cms_list_item%22%3A%221%20ali%202%20no%C4%8Ditvi%20v%20%C5%A1tirizvezdi%C4%8Dnem%20dru%C5%BEinskem%20apartmaju****%20na%20Gradu%20Podsreda%20za%20vso%20dru%C5%BEino%3B%22%7D%2C%7B%22cms_list_item%22%3A%221%20ali%202%20dru%C5%BEinski%20grajski%20zajtrk%20ko%C5%A1arici%20doma%C4%8Dih%20dobrot%3B%22%7D%2C%7B%22cms_list_item%22%3A%22Ogled%20gradu%20Podsreda%20z%20avdio%20vodenjem%20in%20sodelovanje%20v%20igri%20LOV%20NA%20ZAKLAD%20NA%20GRADU%20PODSREDA%20za%20vso%20dru%C5%BEino%20z%20lepo%20pa%20tudi%20slastno%20nagrado%3B%22%7D%2C%7B%7D%2C%7B%22cms_list_item%22%3A%22OBISK%20IN%20OGLED%20KUKOVI%C4%8CI%C4%8CEVEGA%20MLINA%20v%20Podsredi%2C%20ki%20je%20danes%20eden%20redkih%20delujo%C4%8Dih%20mlinov%20v%20Sloveniji%2C%20ki%20bogato%20dru%C5%BEinsko%20tradicijo%20uspe%C5%A1no%20povezuje%20s%20sodobnimi%20na%C4%8Dini%20pridelave.%20%22%7D%2C%7B%22cms_list_item%22%3A%22Na%20mlinu%20bodo%20za%20vas%20pripravili%20KOZJANSKO%20CULICO%20DOBROT%20(jabol%C4%8Dni%20sok%202%20dcl%2C%20jabol%C4%8Dna%20sladica%2C%20doma%C4%8D%20namaz%2C%20doma%C4%8D%20kruh%2C%20%C5%A1ilce%20doma%C4%8Dega%20%C5%BEganja%20ali%20medena%20ro%C5%BEica%20-%20pi%C5%A1kot)%2C%20ki%20jo%20boste%20ponesli%20s%20sabo%20v%20Sadovnjak%20Kozjanskega%20parka%2C%20kjer%20uspeva%20ve%C4%8D%20kot%20100%20razli%C4%8Dnih%20sort%20jablan%20in%20drugih%20sadnih%20dreves%2C%20ter%20si%20tam%20privo%C5%A1%C4%8Dili%20%C2%BBjabol%C4%8Dno%C2%AB%20malico.%22%7D%2C%7B%22cms_list_item%22%3A%22Ve%C4%8Derja%20na%20gradu%20Podsreda%20v%20obliki%20GRAJSKEGA%20NAREZKA%20za%20vso%20dru%C5%BEino%2C%20sestavljenega%20iz%20izbranih%20doma%C4%8Dih%20dobrot%20Kmetije%20Kunej%20(vsebina%20narezka%20je%20lahko%3A%20mesna%20%2F%20me%C5%A1ano%20mesna%20in%20zelenjavna%20%2F%20vegetarijansko-veganska)%22%7D%2C%7B%22cms_list_item%22%3A%22Sve%C5%BEa%20jabolka%20ali%20jabol%C4%8Dni%20krhlji%20iz%20za%C5%A1%C4%8Ditenih%20kozjanskih%20visokodebelnih%20sadovnjakov%2C%20kjer%20uspevajo%20tradicionalne%20sorte%20kozjanskih%20jabolk%20ali%20liter%20Naravnega%20jabol%C4%8Dnega%20soka%3B%22%7D%2C%7B%22cms_list_item%22%3A%22Sezonsko%20pripravljen%20zeli%C5%A1%C4%8Dni%20Grajski%20%C4%8Daj%20s%20100%25%20naravnimi%2C%20ro%C4%8Dno%20nabranimi%20sestavinami%20iz%20Kozjanskega%20parka%3B%22%7D%2C%7B%22cms_list_item%22%3A%22%201%20l%20Naravnega%20jabol%C4%8Dnega%20soka%20iz%20razli%C4%8Dnih%20sort%20kozjanskih%20jabolk%20iz%20Kozjanskega%20parka%3B%22%7D%2C%7B%22cms_list_item%22%3A%22Kava%20za%20pripravo%20v%20kuhalniku%2C%20sladkor%20in%20mleko%3B%22%7D%2C%7B%22cms_list_item%22%3A%22Bele%C5%BEka%20in%20pisalo%20z%20logotipom%20grajske%20namestitve%3B%22%7D%2C%7B%22cms_list_item%22%3A%22Ro%C4%8Dno%20izdelano%20naravno%20trdo%20milo%20za%20roke%2C%20narejeno%20iz%20surovin%20iz%20lokalnega%20okolja%3B%22%7D%2C%7B%22cms_list_item%22%3A%22Brezpla%C4%8Den%20internet%20(WI-FI).%22%7D%5D&#8221; font_weight=&#8221;500&#8243;][\/vc_column][vc_column cms_column_class=&#8221;rm-padding-lg&#8221; offset=&#8221;vc_col-lg-6 vc_col-md-6&#8243; css=&#8221;.vc_custom_1569030444588{padding-left: 13px !important;}&#8221;][vc_single_image image=&#8221;16475&#8243; img_size=&#8221;full&#8221;][vc_single_image image=&#8221;16479&#8243; img_size=&#8221;full&#8221;][vc_single_image image=&#8221;16480&#8243; img_size=&#8221;full&#8221;][vc_single_image image=&#8221;16276&#8243; img_size=&#8221;full&#8221;][\/vc_column][vc_column][\/vc_column][\/vc_row][vc_row][vc_column cms_column_class=&#8221;rm-padding-lg&#8221; offset=&#8221;vc_col-lg-6 vc_col-md-6&#8243; css=&#8221;.vc_custom_1569030444588{padding-left: 13px !important;}&#8221;][cms_space space_lg=&#8221;20&#8243; space_md=&#8221;20&#8243; space_sm=&#8221;20&#8243; space_xs=&#8221;10&#8243;][\/vc_column][vc_column cms_column_class=&#8221;rm-padding-lg&#8221; offset=&#8221;vc_col-lg-6 vc_col-md-6&#8243; css=&#8221;.vc_custom_1599570614015{padding-right: px !important;}&#8221;][\/vc_column][\/vc_row][vc_row][vc_column][vc_message message_box_color=&#8221;chino&#8221;]Would you like to upgrade your castle experience with an unforgettable thermal party at Terme Olimia, considered the top wellness experience in Slovenia?<\/p>\n<p>We recommend visiting the Thermalia Relax or Thermalia Family Fun in Pod\u010detrtek.[\/vc_message][vc_tta_accordion color=&#8221;chino&#8221; spacing=&#8221;4&#8243; active_section=&#8221;1&#8243; no_fill=&#8221;true&#8221; collapsible_all=&#8221;true&#8221;][vc_tta_section title=&#8221;PACKAGE PRICE&#8221; tab_id=&#8221;1626263329059-8e9ca197-f870&#8243;][vc_column_text]<\/p>\n<h4 style=\"text-align: center;\"><em>Price for one-night package  <\/em><\/h4>\n<h4 style=\"text-align: center;\"><em>(3 persons or 2 adults &amp; 1 child):<\/em><br \/>\n<em>270,00 \u20ac<\/em><\/h4>\n<p style=\"text-align: center;\"><strong>&#8211; Additional person under 14 years: \u20ac 30.00<\/strong><\/p>\n<p style=\"text-align: center;\"><strong>&#8211; Additional person over 14 years: \u20ac 42.00<\/strong><\/p>\n<p>[\/vc_column_text][vc_column_text]<\/p>\n<h4 style=\"text-align: center;\" align=\"center\"><strong><em>Package price with 2 nights  <\/em><\/strong><\/h4>\n<h4 style=\"text-align: center;\" align=\"center\"><strong><em>(3 persons or 2 adults &amp; 1 child):<\/em><\/strong><br \/>\n<strong><em>445 \u20ac<\/em><\/strong><\/h4>\n<p style=\"text-align: center;\" align=\"center\"><strong><em>&#8211; Additional person under 14 years: \u20ac 35;<\/em><\/strong><\/p>\n<p style=\"text-align: center;\" align=\"center\"><strong><em>&#8211; Additional person over 14 years: \u20ac 47;<\/em><\/strong><\/p>\n<p>[\/vc_column_text][vc_column_text][\/vc_column_text][\/vc_tta_section][vc_tta_section title=&#8221;SUPPLEMENTS&#8221; tab_id=&#8221;1626262051890-885fab22-d36d&#8221;][vc_separator color=&#8221;white&#8221; border_width=&#8221;2&#8243;][vc_column_text]<\/p>\n<p>&#8211; Tourist tax including promotional fee:<\/p>\n<p>Adults from. 17. years: \u20ac 1.50\/day,<br \/>\nChildren (7-17 years): \u20ac0.75\/day<\/p>\n<p>&#8211; Pets: 15 \u20ac per day;<\/p>\n<p>&#8211; EVERY ADDITIONAL DAY: 155 \u20ac\/day<\/p>\n<p>&#8211; Late departure\/early arrival &#8211;<br \/>\nfree of charge (subject to availability)<\/p>\n<p>[\/vc_column_text][\/vc_tta_section][vc_tta_section title=&#8221;PAYMENT TERMS&#8221; tab_id=&#8221;1626262051907-1d43d7c5-4f2d&#8221;][vc_separator color=&#8221;white&#8221; border_width=&#8221;2&#8243;][vc_column_text]- In the event of late payment, we reserve the right to cancel the reservation;<br \/>\n&#8211; Free cancellation to a later date is possible if notified at least 7 days in advance in writing to info@castlepodsreda.com<\/p>\n<p>&#8211; Offer valid for stays up to 24. 12. 2021.[\/vc_column_text][\/vc_tta_section][vc_tta_section title=&#8221;SAFETY MEASURES&#8221; tab_id=&#8221;1626262383978-564f1629-1f08&#8243;][vc_separator color=&#8221;white&#8221; border_width=&#8221;2&#8243;][vc_column_text]<\/p>\n<p>All accommodation is properly cleaned and disinfected in accordance with hygiene and security measures for the safety of guests and staff.<\/p>\n<p>Check-in and key collection is contactless, and we also offer contactless payment and contactless food and beverage ordering. If you do not wish to do so, we will not meet in person.<\/p>\n<p>[\/vc_column_text][\/vc_tta_section][\/vc_tta_accordion][vc_separator][\/vc_column][\/vc_row][vc_row][vc_column][vc_raw_html]W21vZHVsYSBpZD0iNzk4NSJd[\/vc_raw_html][\/vc_column][\/vc_row][vc_row parallax=&#8221;content-moving&#8221; parallax_speed_bg=&#8221;&#8221; css=&#8221;.vc_custom_1626267016670{background-color: #212121 !important;background-position: center;background-repeat: no-repeat !important;background-size: cover !important;}&#8221;][vc_column css=&#8221;.vc_custom_1567223373306{padding-top: 0px !important;}&#8221;][cms_contact_form cms_template=&#8221;cms_contact_form&#8211;layout3.php&#8221; id=&#8221;7987&#8243; style_border=&#8221;has-border&#8221; title_color=&#8221;#ffffff&#8221; align_title=&#8221;center&#8221; align_desc=&#8221;center&#8221; bg_form_color=&#8221;#000000&#8243; title_form=&#8221;Rezervirajte do\u017eivetje ali nam postavite vpra\u0161anje&#8221; animation=&#8221;bounce&#8221;][\/vc_column][\/vc_row][vc_row disable_element=&#8221;yes&#8221;][vc_column][vc_column_text]<\/p>\n<p>The package includes:<\/p>\n<p>&#8211; 1 or 2 nights in the four-star Eminem family apartment**** at Podsreda Castle for the whole family;<br \/>\n&#8211; 1 or 2 family castle breakfasts with a basket of homemade delicacies;<br \/>\n&#8211; Visit to Kukovi\u010di\u010d&#8217;s mill, a tour of the process of grinding cereals with a water-powered mill and a tasting of homemade delicacies from the organic farm (bread, spread, juice or tea), as well as the adventure of drawing on biscuits.<br \/>\n&#8211; Participate in the Treasure Hunt at Podsreda Castle for the whole family with a nice and delicious prize;<br \/>\n&#8211; Guided tour of Podsreda Castle;<br \/>\n&#8211; A castle steak for the whole family, made with selected local delicacies from the Kunej Farm;<br \/>\n&#8211; 1 l Natural apple juice from Kozjan Park;<br \/>\n&#8211; Fresh apples or apple segments from the protected Kozjan high orchards, where traditional varieties of Kozjan apples thrive;<br \/>\n&#8211; Seasonally prepared herbal Castle Tea with 100% natural, hand-picked ingredients from the Kozjan Park;<br \/>\n&#8211; Coffee to be prepared in a food processor, sugar and milk;<br \/>\n&#8211; Notepad and pen with the castle logo;<br \/>\n&#8211; Handmade natural hard hand soap, made with locally sourced raw materials;<br \/>\n&#8211; Free internet (WI-FI).<\/p>\n<p>[\/vc_column_text][\/vc_column][\/vc_row][vc_row][vc_column][\/vc_column][\/vc_row]<\/p>\n","protected":false},"excerpt":{"rendered":"<p>[vc_row][vc_column cms_column_class=&#8221;rm-padding-lg&#8221; offset=&#8221;vc_col-lg-6 vc_col-md-6&#8243; css=&#8221;.vc_custom_1626261431680{padding-right: 63px !important;}&#8221;][cms_heading text=&#8221;Do\u017eivite poletje na gradu Podsreda&#8221; letter_spacing=&#8221;0.03em&#8221; sub_font_weight=&#8221;700&#8243; sub_font_style=&#8221;italic&#8221; sub_margin_bottom=&#8221;18&#8243; description_font_size=&#8221;18&#8243; description_line_height=&#8221;26&#8243; des_margin_bottom=&#8221;50&#8243; cms_template=&#8221;cms_heading&#8211;layout3.php&#8221; margin_bottom=&#8221;41&#8243;][cms_heading letter_spacing=&#8221;0.03em&#8221; tag2=&#8221;h4&#8243; sub_font_weight=&#8221;700&#8243; sub_font_style=&#8221;italic&#8221; sub_margin_bottom=&#8221;18&#8243; description=&#8221;Rezervirajte dan ali dva za grajske po\u010ditnice za vso dru\u017eino na srednjeve\u0161kem gradu Podsreda in napolnite baterije v barviti poletni pustolov\u0161\u010dini. Naj grad Podsreda postane del va\u0161e poletne zgodbe.&#8221; [&hellip;]<\/p>\n","protected":false},"author":1,"featured_media":0,"parent":0,"menu_order":0,"comment_status":"closed","ping_status":"closed","template":"","meta":[],"yoast_head":"<!-- This site is optimized with the Yoast SEO plugin v19.14 - https:\/\/yoast.com\/wordpress\/plugins\/seo\/ -->\n<title>FAMILY HOLIDAY AT PODSREDA CASTLE \/\/ 1 OR 2 NIGHTS | Grad Podsreda | Sobe in apartmaji | Grajska ponudba<\/title>\n<meta name=\"robots\" content=\"index, follow, max-snippet:-1, max-image-preview:large, max-video-preview:-1\" \/>\n<link rel=\"canonical\" href=\"https:\/\/castlepodsreda.com\/en\/family-holiday-at-podsreda-castle-1-or-2-nights\/\" \/>\n<meta property=\"og:locale\" content=\"en_US\" \/>\n<meta property=\"og:type\" content=\"article\" \/>\n<meta property=\"og:title\" content=\"FAMILY HOLIDAY AT PODSREDA CASTLE \/\/ 1 OR 2 NIGHTS | Grad Podsreda | Sobe in apartmaji | Grajska ponudba\" \/>\n<meta property=\"og:description\" content=\"[vc_row][vc_column cms_column_class=&#8221;rm-padding-lg&#8221; offset=&#8221;vc_col-lg-6 vc_col-md-6&#8243; css=&#8221;.vc_custom_1626261431680{padding-right: 63px !important;}&#8221;][cms_heading text=&#8221;Do\u017eivite poletje na gradu Podsreda&#8221; letter_spacing=&#8221;0.03em&#8221; sub_font_weight=&#8221;700&#8243; sub_font_style=&#8221;italic&#8221; sub_margin_bottom=&#8221;18&#8243; description_font_size=&#8221;18&#8243; description_line_height=&#8221;26&#8243; des_margin_bottom=&#8221;50&#8243; cms_template=&#8221;cms_heading&#8211;layout3.php&#8221; margin_bottom=&#8221;41&#8243;][cms_heading letter_spacing=&#8221;0.03em&#8221; tag2=&#8221;h4&#8243; sub_font_weight=&#8221;700&#8243; sub_font_style=&#8221;italic&#8221; sub_margin_bottom=&#8221;18&#8243; description=&#8221;Rezervirajte dan ali dva za grajske po\u010ditnice za vso dru\u017eino na srednjeve\u0161kem gradu Podsreda in napolnite baterije v barviti poletni pustolov\u0161\u010dini. Naj grad Podsreda postane del va\u0161e poletne zgodbe.&#8221; [&hellip;]\" \/>\n<meta property=\"og:url\" content=\"https:\/\/castlepodsreda.com\/en\/family-holiday-at-podsreda-castle-1-or-2-nights\/\" \/>\n<meta property=\"og:site_name\" content=\"Grad Podsreda | Sobe in apartmaji | Grajska ponudba\" \/>\n<meta property=\"article:publisher\" content=\"https:\/\/www.facebook.com\/podsredacastle\" \/>\n<meta property=\"article:modified_time\" content=\"2023-03-11T17:35:46+00:00\" \/>\n<meta name=\"twitter:card\" content=\"summary_large_image\" \/>\n<meta name=\"twitter:label1\" content=\"Est. reading time\" \/>\n\t<meta name=\"twitter:data1\" content=\"8 minutes\" \/>\n<script type=\"application\/ld+json\" class=\"yoast-schema-graph\">{\"@context\":\"https:\/\/schema.org\",\"@graph\":[{\"@type\":\"WebPage\",\"@id\":\"https:\/\/castlepodsreda.com\/en\/family-holiday-at-podsreda-castle-1-or-2-nights\/\",\"url\":\"https:\/\/castlepodsreda.com\/en\/family-holiday-at-podsreda-castle-1-or-2-nights\/\",\"name\":\"FAMILY HOLIDAY AT PODSREDA CASTLE \/\/ 1 OR 2 NIGHTS | Grad Podsreda | Sobe in apartmaji | Grajska ponudba\",\"isPartOf\":{\"@id\":\"https:\/\/castlepodsreda.com\/en\/#website\"},\"datePublished\":\"2022-04-11T12:41:36+00:00\",\"dateModified\":\"2023-03-11T17:35:46+00:00\",\"breadcrumb\":{\"@id\":\"https:\/\/castlepodsreda.com\/en\/family-holiday-at-podsreda-castle-1-or-2-nights\/#breadcrumb\"},\"inLanguage\":\"en-US\",\"potentialAction\":[{\"@type\":\"ReadAction\",\"target\":[\"https:\/\/castlepodsreda.com\/en\/family-holiday-at-podsreda-castle-1-or-2-nights\/\"]}]},{\"@type\":\"BreadcrumbList\",\"@id\":\"https:\/\/castlepodsreda.com\/en\/family-holiday-at-podsreda-castle-1-or-2-nights\/#breadcrumb\",\"itemListElement\":[{\"@type\":\"ListItem\",\"position\":1,\"name\":\"Home\",\"item\":\"https:\/\/castlepodsreda.com\/en\/\"},{\"@type\":\"ListItem\",\"position\":2,\"name\":\"FAMILY HOLIDAY AT PODSREDA CASTLE \/\/ 1 OR 2 NIGHTS\"}]},{\"@type\":\"WebSite\",\"@id\":\"https:\/\/castlepodsreda.com\/en\/#website\",\"url\":\"https:\/\/castlepodsreda.com\/en\/\",\"name\":\"Grad Podsreda | Sobe in apartmaji | Grajska ponudba\",\"description\":\"Najbolj grajski med gradovi v Sloveniji\",\"publisher\":{\"@id\":\"https:\/\/castlepodsreda.com\/en\/#organization\"},\"potentialAction\":[{\"@type\":\"SearchAction\",\"target\":{\"@type\":\"EntryPoint\",\"urlTemplate\":\"https:\/\/castlepodsreda.com\/en\/?s={search_term_string}\"},\"query-input\":\"required name=search_term_string\"}],\"inLanguage\":\"en-US\"},{\"@type\":\"Organization\",\"@id\":\"https:\/\/castlepodsreda.com\/en\/#organization\",\"name\":\"Grad Podsreda | Sobe in apartmaji | Grajska ponudba\",\"url\":\"https:\/\/castlepodsreda.com\/en\/\",\"logo\":{\"@type\":\"ImageObject\",\"inLanguage\":\"en-US\",\"@id\":\"https:\/\/castlepodsreda.com\/en\/#\/schema\/logo\/image\/\",\"url\":\"https:\/\/castlepodsreda.com\/wp-content\/uploads\/2020\/04\/logo-grad-podsreda-2.jpg\",\"contentUrl\":\"https:\/\/castlepodsreda.com\/wp-content\/uploads\/2020\/04\/logo-grad-podsreda-2.jpg\",\"width\":576,\"height\":576,\"caption\":\"Grad Podsreda | Sobe in apartmaji | Grajska ponudba\"},\"image\":{\"@id\":\"https:\/\/castlepodsreda.com\/en\/#\/schema\/logo\/image\/\"},\"sameAs\":[\"https:\/\/www.instagram.com\/podsredacastle\/\",\"https:\/\/www.facebook.com\/podsredacastle\"]}]}<\/script>\n<!-- \/ Yoast SEO plugin. -->","yoast_head_json":{"title":"FAMILY HOLIDAY AT PODSREDA CASTLE \/\/ 1 OR 2 NIGHTS | Grad Podsreda | Sobe in apartmaji | Grajska ponudba","robots":{"index":"index","follow":"follow","max-snippet":"max-snippet:-1","max-image-preview":"max-image-preview:large","max-video-preview":"max-video-preview:-1"},"canonical":"https:\/\/castlepodsreda.com\/en\/family-holiday-at-podsreda-castle-1-or-2-nights\/","og_locale":"en_US","og_type":"article","og_title":"FAMILY HOLIDAY AT PODSREDA CASTLE \/\/ 1 OR 2 NIGHTS | Grad Podsreda | Sobe in apartmaji | Grajska ponudba","og_description":"[vc_row][vc_column cms_column_class=&#8221;rm-padding-lg&#8221; offset=&#8221;vc_col-lg-6 vc_col-md-6&#8243; css=&#8221;.vc_custom_1626261431680{padding-right: 63px !important;}&#8221;][cms_heading text=&#8221;Do\u017eivite poletje na gradu Podsreda&#8221; letter_spacing=&#8221;0.03em&#8221; sub_font_weight=&#8221;700&#8243; sub_font_style=&#8221;italic&#8221; sub_margin_bottom=&#8221;18&#8243; description_font_size=&#8221;18&#8243; description_line_height=&#8221;26&#8243; des_margin_bottom=&#8221;50&#8243; cms_template=&#8221;cms_heading&#8211;layout3.php&#8221; margin_bottom=&#8221;41&#8243;][cms_heading letter_spacing=&#8221;0.03em&#8221; tag2=&#8221;h4&#8243; sub_font_weight=&#8221;700&#8243; sub_font_style=&#8221;italic&#8221; sub_margin_bottom=&#8221;18&#8243; description=&#8221;Rezervirajte dan ali dva za grajske po\u010ditnice za vso dru\u017eino na srednjeve\u0161kem gradu Podsreda in napolnite baterije v barviti poletni pustolov\u0161\u010dini. Naj grad Podsreda postane del va\u0161e poletne zgodbe.&#8221; [&hellip;]","og_url":"https:\/\/castlepodsreda.com\/en\/family-holiday-at-podsreda-castle-1-or-2-nights\/","og_site_name":"Grad Podsreda | Sobe in apartmaji | Grajska ponudba","article_publisher":"https:\/\/www.facebook.com\/podsredacastle","article_modified_time":"2023-03-11T17:35:46+00:00","twitter_card":"summary_large_image","twitter_misc":{"Est. reading time":"8 minutes"},"schema":{"@context":"https:\/\/schema.org","@graph":[{"@type":"WebPage","@id":"https:\/\/castlepodsreda.com\/en\/family-holiday-at-podsreda-castle-1-or-2-nights\/","url":"https:\/\/castlepodsreda.com\/en\/family-holiday-at-podsreda-castle-1-or-2-nights\/","name":"FAMILY HOLIDAY AT PODSREDA CASTLE \/\/ 1 OR 2 NIGHTS | Grad Podsreda | Sobe in apartmaji | Grajska ponudba","isPartOf":{"@id":"https:\/\/castlepodsreda.com\/en\/#website"},"datePublished":"2022-04-11T12:41:36+00:00","dateModified":"2023-03-11T17:35:46+00:00","breadcrumb":{"@id":"https:\/\/castlepodsreda.com\/en\/family-holiday-at-podsreda-castle-1-or-2-nights\/#breadcrumb"},"inLanguage":"en-US","potentialAction":[{"@type":"ReadAction","target":["https:\/\/castlepodsreda.com\/en\/family-holiday-at-podsreda-castle-1-or-2-nights\/"]}]},{"@type":"BreadcrumbList","@id":"https:\/\/castlepodsreda.com\/en\/family-holiday-at-podsreda-castle-1-or-2-nights\/#breadcrumb","itemListElement":[{"@type":"ListItem","position":1,"name":"Home","item":"https:\/\/castlepodsreda.com\/en\/"},{"@type":"ListItem","position":2,"name":"FAMILY HOLIDAY AT PODSREDA CASTLE \/\/ 1 OR 2 NIGHTS"}]},{"@type":"WebSite","@id":"https:\/\/castlepodsreda.com\/en\/#website","url":"https:\/\/castlepodsreda.com\/en\/","name":"Grad Podsreda | Sobe in apartmaji | Grajska ponudba","description":"Najbolj grajski med gradovi v Sloveniji","publisher":{"@id":"https:\/\/castlepodsreda.com\/en\/#organization"},"potentialAction":[{"@type":"SearchAction","target":{"@type":"EntryPoint","urlTemplate":"https:\/\/castlepodsreda.com\/en\/?s={search_term_string}"},"query-input":"required name=search_term_string"}],"inLanguage":"en-US"},{"@type":"Organization","@id":"https:\/\/castlepodsreda.com\/en\/#organization","name":"Grad Podsreda | Sobe in apartmaji | Grajska ponudba","url":"https:\/\/castlepodsreda.com\/en\/","logo":{"@type":"ImageObject","inLanguage":"en-US","@id":"https:\/\/castlepodsreda.com\/en\/#\/schema\/logo\/image\/","url":"https:\/\/castlepodsreda.com\/wp-content\/uploads\/2020\/04\/logo-grad-podsreda-2.jpg","contentUrl":"https:\/\/castlepodsreda.com\/wp-content\/uploads\/2020\/04\/logo-grad-podsreda-2.jpg","width":576,"height":576,"caption":"Grad Podsreda | Sobe in apartmaji | Grajska ponudba"},"image":{"@id":"https:\/\/castlepodsreda.com\/en\/#\/schema\/logo\/image\/"},"sameAs":["https:\/\/www.instagram.com\/podsredacastle\/","https:\/\/www.facebook.com\/podsredacastle"]}]}},"_links":{"self":[{"href":"https:\/\/castlepodsreda.com\/en\/wp-json\/wp\/v2\/pages\/22440"}],"collection":[{"href":"https:\/\/castlepodsreda.com\/en\/wp-json\/wp\/v2\/pages"}],"about":[{"href":"https:\/\/castlepodsreda.com\/en\/wp-json\/wp\/v2\/types\/page"}],"author":[{"embeddable":true,"href":"https:\/\/castlepodsreda.com\/en\/wp-json\/wp\/v2\/users\/1"}],"replies":[{"embeddable":true,"href":"https:\/\/castlepodsreda.com\/en\/wp-json\/wp\/v2\/comments?post=22440"}],"version-history":[{"count":3,"href":"https:\/\/castlepodsreda.com\/en\/wp-json\/wp\/v2\/pages\/22440\/revisions"}],"predecessor-version":[{"id":22550,"href":"https:\/\/castlepodsreda.com\/en\/wp-json\/wp\/v2\/pages\/22440\/revisions\/22550"}],"wp:attachment":[{"href":"https:\/\/castlepodsreda.com\/en\/wp-json\/wp\/v2\/media?parent=22440"}],"curies":[{"name":"wp","href":"https:\/\/api.w.org\/{rel}","templated":true}]}}