{"id":22441,"date":"2023-01-24T20:36:06","date_gmt":"2023-01-24T20:36:06","guid":{"rendered":"https:\/\/castlepodsreda.com\/family-spring-experience-at-the-podreda-castle-1-or-2-nights\/"},"modified":"2023-03-11T17:35:51","modified_gmt":"2023-03-11T17:35:51","slug":"family-spring-experience-at-the-podreda-castle-1-or-2-nights","status":"publish","type":"page","link":"https:\/\/castlepodsreda.com\/en\/family-spring-experience-at-the-podreda-castle-1-or-2-nights\/","title":{"rendered":"&#8220;FAMILY SPRING EXPERIENCE&#8221; AT THE PODREDA CASTLE \/\/ 1 OR 2 NIGHTS"},"content":{"rendered":"<p>[vc_row][vc_column cms_column_class=&#8221;rm-padding-lg&#8221; offset=&#8221;vc_col-lg-6 vc_col-md-6&#8243; css=&#8221;.vc_custom_1626261431680{padding-right: 63px !important;}&#8221;][cms_heading text=&#8221;\u010cas je za spomladanska do\u017eivetja!&#8221; letter_spacing=&#8221;0.03em&#8221; sub_font_weight=&#8221;700&#8243; sub_font_style=&#8221;italic&#8221; sub_margin_bottom=&#8221;18&#8243; description=&#8221;V mesecu marcu \u2013 mesecu \u017eensk, razveselite svoje najdra\u017eje z edinstvenimi po\u010ditnicami na najbolj grajskem med gradovi na Slovenskem. Sprehodite se po pe\u0161poteh in razi\u0161\u010dite lepote zavarovanega obmo\u010dja Kozjanski park, obi\u0161\u010dite Kukovi\u010di\u010dev mlin, za piko na i pa sko\u010dite v Terme Paradiso v Dobovi in si privo\u0161\u010dite dru\u017einsko kopanje v bazenih s termalno vodo ter razli\u010dnimi atrakcijami za otroke.&#8221; description_font_size=&#8221;18&#8243; description_line_height=&#8221;26&#8243; des_margin_bottom=&#8221;50&#8243; cms_template=&#8221;cms_heading&#8211;layout3.php&#8221; sub_title=&#8221;Ko se sne\u017ena odeja po\u010dasi umika, v na\u0161i de\u017eeli zadi\u0161i po pomladi \u2026 in praznikih, ki so namenjeni dragim \u017eenam, mamicam, tetam, sestram\u2026&#8221; margin_bottom=&#8221;41&#8243;][cms_heading letter_spacing=&#8221;0.03em&#8221; tag2=&#8221;p&#8221; sub_font_weight=&#8221;700&#8243; sub_font_style=&#8221;italic&#8221; sub_margin_bottom=&#8221;18&#8243; description_font_size=&#8221;18&#8243; description_line_height=&#8221;26&#8243; des_margin_bottom=&#8221;50&#8243; cms_template=&#8221;cms_heading&#8211;layout3.php&#8221; sub_title=&#8221;Rezervirajte dan ali dva za nepozabne dru\u017einske po\u010ditnice na srednjeve\u0161kem gradu Podsreda s prepletom doma\u010de kulinarike in lepot kozjanske narave.&#8221; margin_bottom=&#8221;41&#8243;][cms_space space_lg=&#8221;30&#8243; space_md=&#8221;55&#8243; space_sm=&#8221;32&#8243; space_xs=&#8221;32&#8243;][cms_heading text=&#8221;DRU\u017dINSKI PAKET VKLJU\u010cUJE:&#8221; tag=&#8221;h6&#8243; cms_template=&#8221;cms_heading&#8211;layout3.php&#8221;][cms_list cms_template=&#8221;cms_list&#8211;layout5.php&#8221; cms_list=&#8221;%5B%7B%22cms_list_item%22%3A%221%20ali%202%20no%C4%8Ditvi%20v%20eni%20od%20sob%20v%20%C5%A1tirizvezdi%C4%8Dnm%20dru%C5%BEinskem%20Eminem%20apartmaju%20na%20gradu%20Podsreda%3B%20%22%7D%2C%7B%22cms_list_item%22%3A%22%201%20ali%202%20grajski%20zajtrk%20ko%C5%A1arici%20doma%C4%8Dih%20dobrot%20za%20vso%20dru%C5%BEino%3B%22%7D%2C%7B%22cms_list_item%22%3A%22Ogled%20gradu%20Podsreda%20z%20avdio%20vodenjem%20in%20sodelovanje%20v%20igri%20LOV%20NA%20ZAKLAD%20NA%20GRADU%20PODSREDA%20za%20vso%20dru%C5%BEino%20z%20lepo%20pa%20tudi%20slastno%20nagrado%3B%22%7D%2C%7B%22cms_list_item%22%3A%22%C4%8COKOLADNO%20RAZVAJANJE%20s%20%C4%8Dokolado%20s%20suhimi%20jabol%C4%8Dnimi%20krhlji%20iz%20%C4%8Cokoladnice%20Olimje%3B%20%22%7D%2C%7B%22cms_list_item%22%3A%22OBISK%20KUKOVI%C4%8CI%C4%8CEVEGA%20MLINA%2C%20ogled%20postopka%20mletja%20%C5%BEit%20z%20mlinom%20na%20vodo%20in%20poku%C5%A1ina%20doma%C4%8Dih%20dobrot%20z%20ekolo%C5%A1ke%20kmetije%20(degustacija%20kruha%2C%20namaza%2C%20sok%20ali%20%C4%8Daj)%20ter%20DOGODIV%C5%A0%C4%8CINA%20RISANJA%20PO%20MEDENIH%20PI%C5%A0KOTIH.%22%7D%2C%7B%22cms_list_item%22%3A%22KOPANJE%20V%20TERMAH%20PARADISO%20v%20Dobovi%2C%20ki%20so%20od%20gradu%20Podsreda%20oddaljene%2030%20km%3B%20%22%7D%2C%7B%22cms_list_item%22%3A%22VE%C4%8CERJA%20V%20OBLIKI%20DRU%C5%BDINSKEGA%20GRAJSKEGA%20NAREZKA%2C%20sestavljenega%20iz%20izbranih%20doma%C4%8Dih%20dobrot%20Kmetije%20Kunej%20z%20%201%201%20litrom%20doma%C4%8Dega%20naravnega%20jabol%C4%8Dnega%20soka%20iz%20razli%C4%8Dnih%20sort%20kozjanskih%20jabolk%20iz%20Kozjanskega%20parka%3B%20%22%7D%2C%7B%22cms_list_item%22%3A%22Uporaba%20ZUNANJEGA%20OGNJI%C5%A0%C4%8CA%3B%20%22%7D%2C%7B%22cms_list_item%22%3A%22Sezonsko%20pripravljen%20zeli%C5%A1%C4%8Dni%20Grajski%20%C4%8Daj%20s%20100%25%20naravnimi%2C%20ro%C4%8Dno%20nabranimi%20sestavinami%20iz%20Kozjanskega%20parka%3B%22%7D%2C%7B%22cms_list_item%22%3A%22Jabol%C4%8Dni%20krhlji%20iz%20za%C5%A1%C4%8Ditenih%20kozjanskih%20visokodebelnih%20sadovnjakov%2C%20kjer%20uspevajo%20tradicionalne%20sorte%20kozjanskih%20jabolk%20ter%20liter%20Naravnega%20jabol%C4%8Dnega%20soka%3B%22%7D%2C%7B%22cms_list_item%22%3A%22Neomejen%20vstop%20v%20grajski%20atrij%20in%20grajsko%20dvorano%20za%20goste%20s%20TV-koti%C4%8Dkom%2C%20kavomatom%20in%20knji%C5%BEnim%20koti%C4%8Dkom%3B%22%7D%2C%7B%22cms_list_item%22%3A%22Brezpla%C4%8Den%20internet%20(WI-FI).%22%7D%5D&#8221; font_weight=&#8221;500&#8243;][vc_separator][vc_column_text]In case of booking a <strong>TWO NIGHT PACKAGE<\/strong>:<\/p>\n<ul>\n<li>  The package includes an additional family breakfast and a FAMILY DINNER AT THE KOZJAN DURATION HOUSE IN KOZJAN &#8211; choose from a variety of menus.<\/li>\n<\/ul>\n<p>[\/vc_column_text][vc_row_inner][vc_column_inner][vc_message message_box_color=&#8221;chino&#8221;]<\/p>\n<p style=\"text-align: center;\"><strong>Would you like to upgrade your castle experience with a special castle pampering?<\/strong><\/p>\n<p style=\"text-align: center;\">Check out our offer of <strong>castle massages<\/strong> &#8211; especially the FIRST SPA EXPERIENCE (28,00 \u20ac), a carefully planned massage for our youngest guests. The smell of chocolate in the butter gives you a feeling of immense happiness and satisfaction after the massage.<\/p>\n<p style=\"text-align: center;\">More info about the offer of <a href=\"https:\/\/castlepodsreda.com\/en\/?page_id=22359\">GRAY MASSAGES at Podsreda Castle<\/a><\/p>\n<p>[\/vc_message][\/vc_column_inner][\/vc_row_inner][\/vc_column][vc_column cms_column_class=&#8221;rm-padding-lg&#8221; offset=&#8221;vc_col-lg-6 vc_col-md-6&#8243; css=&#8221;.vc_custom_1569030444588{padding-left: 13px !important;}&#8221;][vc_single_image image=&#8221;16386&#8243; img_size=&#8221;full&#8221;][vc_single_image image=&#8221;16388&#8243; img_size=&#8221;full&#8221;][vc_single_image image=&#8221;16390&#8243; img_size=&#8221;full&#8221;][\/vc_column][\/vc_row][vc_row][vc_column cms_column_class=&#8221;rm-padding-lg&#8221; offset=&#8221;vc_col-lg-6 vc_col-md-6&#8243; css=&#8221;.vc_custom_1569030444588{padding-left: 13px !important;}&#8221;][cms_space space_lg=&#8221;20&#8243; space_md=&#8221;20&#8243; space_sm=&#8221;20&#8243; space_xs=&#8221;10&#8243;][\/vc_column][vc_column cms_column_class=&#8221;rm-padding-lg&#8221; offset=&#8221;vc_col-lg-6 vc_col-md-6&#8243; css=&#8221;.vc_custom_1599570614015{padding-right: px !important;}&#8221;][\/vc_column][\/vc_row][vc_row full_width=&#8221;stretch_row_content_no_spaces&#8221; css=&#8221;.vc_custom_1674593045002{background-color: #c5a47e !important;}&#8221;][vc_column css=&#8221;.vc_custom_1674592978926{padding-right: 60px !important;padding-left: 60px !important;}&#8221;][vc_empty_space height=&#8221;40px&#8221;][vc_column_text]<\/p>\n<h4 style=\"text-align: center;\"><span style=\"color: #ffffff;\">Only interested in bed and breakfast?  <\/span><br \/>\n<span style=\"color: #ffffff;\">Check out our offer of rooms and apartments starting from \u20ac 140.  <\/span><\/h4>\n<p>[\/vc_column_text][cms_button button_text=&#8221;SOBE IN APARTMAJI&#8221; button_link=&#8221;url:https%3A%2F%2Fcastlepodsreda.com%2Fnamestitve%2F||target:%20_blank|&#8221; button_color=&#8221;#ffffff&#8221; border_color=&#8221;#ffffff&#8221; font_weight=&#8221;400&#8243; button_align=&#8221;center&#8221; button_align_md=&#8221;center&#8221; button_align_sm=&#8221;center&#8221; button_align_xs=&#8221;center&#8221;][vc_empty_space height=&#8221;40px&#8221;][\/vc_column][\/vc_row][vc_row][vc_column][vc_separator][vc_tta_accordion color=&#8221;chino&#8221; spacing=&#8221;4&#8243; active_section=&#8221;1&#8243; no_fill=&#8221;true&#8221; collapsible_all=&#8221;true&#8221;][vc_tta_section title=&#8221;PACKAGE PRICE&#8221; tab_id=&#8221;1626263329059-8e9ca197-f870&#8243;][vc_column_text]<\/p>\n<blockquote>\n<h4 style=\"text-align: center;\"><strong><br \/>\n  <em>Price <\/em><br \/>\n<\/strong><strong><br \/>\n  <em>One-night package &#8211; <\/em><br \/>\n<\/strong><strong><br \/>\n  <em>half board <\/em><br \/>\n<\/strong> <\/h4>\n<h4 style=\"text-align: center;\"><strong><em>(3 persons or 2 adults &amp; 1 child):<\/em><\/strong><\/h4>\n<h4 style=\"text-align: center;\"><strong>320<em>,00 \u20ac<\/em><\/strong><\/h4>\n<p style=\"text-align: center;\">&#8211; Additional person under 14 years: \u20ac 44.00<\/p>\n<p style=\"text-align: center;\">&#8211; Additional person over 14 years: \u20ac 55.00<\/p>\n<\/blockquote>\n<p>[\/vc_column_text][vc_column_text]<\/p>\n<blockquote>\n<h4 style=\"text-align: center;\"><em><br \/>\n  <strong>Package price with 2 nights <\/strong><br \/>\n<\/em><strong><br \/>\n  <em>&#8211; <\/em><br \/>\n<\/strong><strong><br \/>\n  <em>half board <\/em><br \/>\n<\/strong> <\/h4>\n<h4 style=\"text-align: center;\"><em><strong>(3 persons or 2 adults &amp; 1 child):<\/strong><\/em><br \/>\n<em><strong>547,00 \u20ac<\/strong><\/em><\/h4>\n<p style=\"text-align: center;\">&#8211; Additional person under 14 years: \u20ac 56.00;<\/p>\n<p style=\"text-align: center;\">&#8211; Additional person over 14 years: \u20ac 80.00;<\/p>\n<p style=\"text-align: center;\"><\/blockquote>\n<p>[\/vc_column_text][\/vc_tta_section][vc_tta_section title=&#8221;SUPPLEMENTS&#8221; tab_id=&#8221;1626262051890-885fab22-d36d&#8221;][vc_separator color=&#8221;white&#8221; border_width=&#8221;2&#8243;][vc_column_text]<\/p>\n<p style=\"text-align: center;\">&#8211; Tourist tax including promotional fee:<\/p>\n<p style=\"text-align: center;\">Adults from. 17. years: \u20ac 1.50\/day,<br \/>\nChildren (7-17 years): \u20ac0.75\/day<\/p>\n<p style=\"text-align: center;\">&#8211; Pets: 15 \u20ac per day;<\/p>\n<p style=\"text-align: center;\">&#8211; Late departure\/early arrival &#8211;<br \/>\nfree of charge (subject to availability)[\/vc_column_text][\/vc_tta_section][vc_tta_section title=&#8221;PAYMENT TERMS&#8221; tab_id=&#8221;1626262051907-1d43d7c5-4f2d&#8221;][vc_separator color=&#8221;white&#8221; border_width=&#8221;2&#8243;][vc_column_text]<\/p>\n<p style=\"text-align: center;\">&#8211; In the event of late payment, we reserve the right to cancel the reservation;<br \/>\n&#8211; Free cancellation to a later date is possible if notified at least 7 days in advance in writing to info@castlepodsreda.com[\/vc_column_text][\/vc_tta_section][vc_tta_section title=&#8221;SAFETY MEASURES&#8221; tab_id=&#8221;1626262383978-564f1629-1f08&#8243;][vc_separator color=&#8221;white&#8221; border_width=&#8221;2&#8243;][vc_column_text]<\/p>\n<p style=\"text-align: center;\">All accommodation is properly cleaned and disinfected in accordance with hygiene and security measures for the safety of guests and staff.<\/p>\n<p style=\"text-align: center;\">Check-in and key collection is contactless, and we also offer contactless payment and contactless food and beverage ordering. If you do not wish to do so, we will not meet in person.<\/p>\n<p>[\/vc_column_text][\/vc_tta_section][\/vc_tta_accordion][vc_separator][\/vc_column][\/vc_row][vc_row][vc_column][vc_raw_html]W21vZHVsYSBpZD0iNzI1NSJd[\/vc_raw_html][\/vc_column][\/vc_row][vc_row parallax=&#8221;content-moving&#8221; parallax_speed_bg=&#8221;&#8221; css=&#8221;.vc_custom_1626267016670{background-color: #212121 !important;background-position: center;background-repeat: no-repeat;background-size:cover;}&#8221;][vc_column css=&#8221;.vc_custom_1567223373306{padding-top: 0px !important;}&#8221;][cms_contact_form cms_template=&#8221;cms_contact_form&#8211;layout3.php&#8221; id=&#8221;7788&#8243; style_border=&#8221;has-border&#8221; title_color=&#8221;#ffffff&#8221; align_title=&#8221;center&#8221; align_desc=&#8221;center&#8221; bg_form_color=&#8221;#000000&#8243; title_form=&#8221;Rezervirajte do\u017eivetje ali nam postavite vpra\u0161anje&#8221; animation=&#8221;bounce&#8221;][\/vc_column][\/vc_row][vc_row disable_element=&#8221;yes&#8221;][vc_column][vc_column_text]The package includes:<\/p>\n<p>&#8211; 1 or 2 nights in the four-star Eminem family apartment**** at Podsreda Castle for the whole family;<br \/>\n&#8211; 1 or 2 family castle breakfasts with a basket of homemade delicacies;<br \/>\n&#8211; Visit to Kukovi\u010di\u010d&#8217;s mill, a tour of the process of grinding cereals with a water-powered mill and a tasting of homemade delicacies from the organic farm (tasting bread, spread, juice or tea) and a biscuit-drawing adventure.<br \/>\n&#8211; Participate in the Treasure Hunt at Podsreda Castle for the whole family with a nice and delicious prize;<br \/>\n&#8211; Guided tour of Podsreda Castle;<br \/>\n&#8211; A castle steak for the whole family, made with selected local delicacies from the Kunej Farm;<br \/>\n&#8211; 1 l Natural apple juice from Kozjan Park;<br \/>\n&#8211; Fresh apples or apple segments from the protected Kozjan high orchards, where traditional varieties of Kozjan apples thrive;<br \/>\n&#8211; Seasonally prepared herbal Castle Tea with 100% natural, hand-picked ingredients from the Kozjan Park;<br \/>\n&#8211; Coffee to be prepared in a food processor, sugar and milk;<br \/>\n&#8211; Notepad and pen with the castle logo;<br \/>\n&#8211; Handmade natural hard hand soap, made from locally sourced raw materials;<br \/>\n&#8211; Free internet (WI-FI).[\/vc_column_text][\/vc_column][\/vc_row][vc_row][vc_column][vc_empty_space height=&#8221;80px&#8221;][\/vc_column][\/vc_row]<\/p>\n","protected":false},"excerpt":{"rendered":"<p>[vc_row][vc_column cms_column_class=&#8221;rm-padding-lg&#8221; offset=&#8221;vc_col-lg-6 vc_col-md-6&#8243; css=&#8221;.vc_custom_1626261431680{padding-right: 63px !important;}&#8221;][cms_heading text=&#8221;\u010cas je za spomladanska do\u017eivetja!&#8221; letter_spacing=&#8221;0.03em&#8221; sub_font_weight=&#8221;700&#8243; sub_font_style=&#8221;italic&#8221; sub_margin_bottom=&#8221;18&#8243; description=&#8221;V mesecu marcu \u2013 mesecu \u017eensk, razveselite svoje najdra\u017eje z edinstvenimi po\u010ditnicami na najbolj grajskem med gradovi na Slovenskem. Sprehodite se po pe\u0161poteh in razi\u0161\u010dite lepote zavarovanega obmo\u010dja Kozjanski park, obi\u0161\u010dite Kukovi\u010di\u010dev mlin, za piko na i pa sko\u010dite [&hellip;]<\/p>\n","protected":false},"author":1,"featured_media":15552,"parent":0,"menu_order":0,"comment_status":"closed","ping_status":"closed","template":"","meta":[],"yoast_head":"<!-- This site is optimized with the Yoast SEO plugin v19.14 - https:\/\/yoast.com\/wordpress\/plugins\/seo\/ -->\n<title>&quot;FAMILY SPRING EXPERIENCE&quot; AT THE PODREDA CASTLE \/\/ 1 OR 2 NIGHTS | Grad Podsreda | Sobe in apartmaji | Grajska ponudba<\/title>\n<meta name=\"robots\" content=\"index, follow, max-snippet:-1, max-image-preview:large, max-video-preview:-1\" \/>\n<link rel=\"canonical\" href=\"https:\/\/castlepodsreda.com\/en\/family-spring-experience-at-the-podreda-castle-1-or-2-nights\/\" \/>\n<meta property=\"og:locale\" content=\"en_US\" \/>\n<meta property=\"og:type\" content=\"article\" \/>\n<meta property=\"og:title\" content=\"&quot;FAMILY SPRING EXPERIENCE&quot; AT THE PODREDA CASTLE \/\/ 1 OR 2 NIGHTS | Grad Podsreda | Sobe in apartmaji | Grajska ponudba\" \/>\n<meta property=\"og:description\" content=\"[vc_row][vc_column cms_column_class=&#8221;rm-padding-lg&#8221; offset=&#8221;vc_col-lg-6 vc_col-md-6&#8243; css=&#8221;.vc_custom_1626261431680{padding-right: 63px !important;}&#8221;][cms_heading text=&#8221;\u010cas je za spomladanska do\u017eivetja!&#8221; letter_spacing=&#8221;0.03em&#8221; sub_font_weight=&#8221;700&#8243; sub_font_style=&#8221;italic&#8221; sub_margin_bottom=&#8221;18&#8243; description=&#8221;V mesecu marcu \u2013 mesecu \u017eensk, razveselite svoje najdra\u017eje z edinstvenimi po\u010ditnicami na najbolj grajskem med gradovi na Slovenskem. Sprehodite se po pe\u0161poteh in razi\u0161\u010dite lepote zavarovanega obmo\u010dja Kozjanski park, obi\u0161\u010dite Kukovi\u010di\u010dev mlin, za piko na i pa sko\u010dite [&hellip;]\" \/>\n<meta property=\"og:url\" content=\"https:\/\/castlepodsreda.com\/en\/family-spring-experience-at-the-podreda-castle-1-or-2-nights\/\" \/>\n<meta property=\"og:site_name\" content=\"Grad Podsreda | Sobe in apartmaji | Grajska ponudba\" \/>\n<meta property=\"article:publisher\" content=\"https:\/\/www.facebook.com\/podsredacastle\" \/>\n<meta property=\"article:modified_time\" content=\"2023-03-11T17:35:51+00:00\" \/>\n<meta property=\"og:image\" content=\"https:\/\/castlepodsreda.com\/wp-content\/uploads\/2020\/10\/druzinsko-dozivetje-scaled.jpg\" \/>\n\t<meta property=\"og:image:width\" content=\"2560\" \/>\n\t<meta property=\"og:image:height\" content=\"2312\" \/>\n\t<meta property=\"og:image:type\" content=\"image\/jpeg\" \/>\n<meta name=\"twitter:card\" content=\"summary_large_image\" \/>\n<meta name=\"twitter:label1\" content=\"Est. reading time\" \/>\n\t<meta name=\"twitter:data1\" content=\"8 minutes\" \/>\n<script type=\"application\/ld+json\" class=\"yoast-schema-graph\">{\"@context\":\"https:\/\/schema.org\",\"@graph\":[{\"@type\":\"WebPage\",\"@id\":\"https:\/\/castlepodsreda.com\/en\/family-spring-experience-at-the-podreda-castle-1-or-2-nights\/\",\"url\":\"https:\/\/castlepodsreda.com\/en\/family-spring-experience-at-the-podreda-castle-1-or-2-nights\/\",\"name\":\"\\\"FAMILY SPRING EXPERIENCE\\\" AT THE PODREDA CASTLE \/\/ 1 OR 2 NIGHTS | Grad Podsreda | Sobe in apartmaji | Grajska ponudba\",\"isPartOf\":{\"@id\":\"https:\/\/castlepodsreda.com\/en\/#website\"},\"datePublished\":\"2023-01-24T20:36:06+00:00\",\"dateModified\":\"2023-03-11T17:35:51+00:00\",\"breadcrumb\":{\"@id\":\"https:\/\/castlepodsreda.com\/en\/family-spring-experience-at-the-podreda-castle-1-or-2-nights\/#breadcrumb\"},\"inLanguage\":\"en-US\",\"potentialAction\":[{\"@type\":\"ReadAction\",\"target\":[\"https:\/\/castlepodsreda.com\/en\/family-spring-experience-at-the-podreda-castle-1-or-2-nights\/\"]}]},{\"@type\":\"BreadcrumbList\",\"@id\":\"https:\/\/castlepodsreda.com\/en\/family-spring-experience-at-the-podreda-castle-1-or-2-nights\/#breadcrumb\",\"itemListElement\":[{\"@type\":\"ListItem\",\"position\":1,\"name\":\"Home\",\"item\":\"https:\/\/castlepodsreda.com\/en\/\"},{\"@type\":\"ListItem\",\"position\":2,\"name\":\"&#8220;FAMILY SPRING EXPERIENCE&#8221; AT THE PODREDA CASTLE \/\/ 1 OR 2 NIGHTS\"}]},{\"@type\":\"WebSite\",\"@id\":\"https:\/\/castlepodsreda.com\/en\/#website\",\"url\":\"https:\/\/castlepodsreda.com\/en\/\",\"name\":\"Grad Podsreda | Sobe in apartmaji | Grajska ponudba\",\"description\":\"Najbolj grajski med gradovi v Sloveniji\",\"publisher\":{\"@id\":\"https:\/\/castlepodsreda.com\/en\/#organization\"},\"potentialAction\":[{\"@type\":\"SearchAction\",\"target\":{\"@type\":\"EntryPoint\",\"urlTemplate\":\"https:\/\/castlepodsreda.com\/en\/?s={search_term_string}\"},\"query-input\":\"required name=search_term_string\"}],\"inLanguage\":\"en-US\"},{\"@type\":\"Organization\",\"@id\":\"https:\/\/castlepodsreda.com\/en\/#organization\",\"name\":\"Grad Podsreda | Sobe in apartmaji | Grajska ponudba\",\"url\":\"https:\/\/castlepodsreda.com\/en\/\",\"logo\":{\"@type\":\"ImageObject\",\"inLanguage\":\"en-US\",\"@id\":\"https:\/\/castlepodsreda.com\/en\/#\/schema\/logo\/image\/\",\"url\":\"https:\/\/castlepodsreda.com\/wp-content\/uploads\/2020\/04\/logo-grad-podsreda-2.jpg\",\"contentUrl\":\"https:\/\/castlepodsreda.com\/wp-content\/uploads\/2020\/04\/logo-grad-podsreda-2.jpg\",\"width\":576,\"height\":576,\"caption\":\"Grad Podsreda | Sobe in apartmaji | Grajska ponudba\"},\"image\":{\"@id\":\"https:\/\/castlepodsreda.com\/en\/#\/schema\/logo\/image\/\"},\"sameAs\":[\"https:\/\/www.instagram.com\/podsredacastle\/\",\"https:\/\/www.facebook.com\/podsredacastle\"]}]}<\/script>\n<!-- \/ Yoast SEO plugin. -->","yoast_head_json":{"title":"\"FAMILY SPRING EXPERIENCE\" AT THE PODREDA CASTLE \/\/ 1 OR 2 NIGHTS | Grad Podsreda | Sobe in apartmaji | Grajska ponudba","robots":{"index":"index","follow":"follow","max-snippet":"max-snippet:-1","max-image-preview":"max-image-preview:large","max-video-preview":"max-video-preview:-1"},"canonical":"https:\/\/castlepodsreda.com\/en\/family-spring-experience-at-the-podreda-castle-1-or-2-nights\/","og_locale":"en_US","og_type":"article","og_title":"\"FAMILY SPRING EXPERIENCE\" AT THE PODREDA CASTLE \/\/ 1 OR 2 NIGHTS | Grad Podsreda | Sobe in apartmaji | Grajska ponudba","og_description":"[vc_row][vc_column cms_column_class=&#8221;rm-padding-lg&#8221; offset=&#8221;vc_col-lg-6 vc_col-md-6&#8243; css=&#8221;.vc_custom_1626261431680{padding-right: 63px !important;}&#8221;][cms_heading text=&#8221;\u010cas je za spomladanska do\u017eivetja!&#8221; letter_spacing=&#8221;0.03em&#8221; sub_font_weight=&#8221;700&#8243; sub_font_style=&#8221;italic&#8221; sub_margin_bottom=&#8221;18&#8243; description=&#8221;V mesecu marcu \u2013 mesecu \u017eensk, razveselite svoje najdra\u017eje z edinstvenimi po\u010ditnicami na najbolj grajskem med gradovi na Slovenskem. Sprehodite se po pe\u0161poteh in razi\u0161\u010dite lepote zavarovanega obmo\u010dja Kozjanski park, obi\u0161\u010dite Kukovi\u010di\u010dev mlin, za piko na i pa sko\u010dite [&hellip;]","og_url":"https:\/\/castlepodsreda.com\/en\/family-spring-experience-at-the-podreda-castle-1-or-2-nights\/","og_site_name":"Grad Podsreda | Sobe in apartmaji | Grajska ponudba","article_publisher":"https:\/\/www.facebook.com\/podsredacastle","article_modified_time":"2023-03-11T17:35:51+00:00","og_image":[{"width":2560,"height":2312,"url":"https:\/\/castlepodsreda.com\/wp-content\/uploads\/2020\/10\/druzinsko-dozivetje-scaled.jpg","type":"image\/jpeg"}],"twitter_card":"summary_large_image","twitter_misc":{"Est. reading time":"8 minutes"},"schema":{"@context":"https:\/\/schema.org","@graph":[{"@type":"WebPage","@id":"https:\/\/castlepodsreda.com\/en\/family-spring-experience-at-the-podreda-castle-1-or-2-nights\/","url":"https:\/\/castlepodsreda.com\/en\/family-spring-experience-at-the-podreda-castle-1-or-2-nights\/","name":"\"FAMILY SPRING EXPERIENCE\" AT THE PODREDA CASTLE \/\/ 1 OR 2 NIGHTS | Grad Podsreda | Sobe in apartmaji | Grajska ponudba","isPartOf":{"@id":"https:\/\/castlepodsreda.com\/en\/#website"},"datePublished":"2023-01-24T20:36:06+00:00","dateModified":"2023-03-11T17:35:51+00:00","breadcrumb":{"@id":"https:\/\/castlepodsreda.com\/en\/family-spring-experience-at-the-podreda-castle-1-or-2-nights\/#breadcrumb"},"inLanguage":"en-US","potentialAction":[{"@type":"ReadAction","target":["https:\/\/castlepodsreda.com\/en\/family-spring-experience-at-the-podreda-castle-1-or-2-nights\/"]}]},{"@type":"BreadcrumbList","@id":"https:\/\/castlepodsreda.com\/en\/family-spring-experience-at-the-podreda-castle-1-or-2-nights\/#breadcrumb","itemListElement":[{"@type":"ListItem","position":1,"name":"Home","item":"https:\/\/castlepodsreda.com\/en\/"},{"@type":"ListItem","position":2,"name":"&#8220;FAMILY SPRING EXPERIENCE&#8221; AT THE PODREDA CASTLE \/\/ 1 OR 2 NIGHTS"}]},{"@type":"WebSite","@id":"https:\/\/castlepodsreda.com\/en\/#website","url":"https:\/\/castlepodsreda.com\/en\/","name":"Grad Podsreda | Sobe in apartmaji | Grajska ponudba","description":"Najbolj grajski med gradovi v Sloveniji","publisher":{"@id":"https:\/\/castlepodsreda.com\/en\/#organization"},"potentialAction":[{"@type":"SearchAction","target":{"@type":"EntryPoint","urlTemplate":"https:\/\/castlepodsreda.com\/en\/?s={search_term_string}"},"query-input":"required name=search_term_string"}],"inLanguage":"en-US"},{"@type":"Organization","@id":"https:\/\/castlepodsreda.com\/en\/#organization","name":"Grad Podsreda | Sobe in apartmaji | Grajska ponudba","url":"https:\/\/castlepodsreda.com\/en\/","logo":{"@type":"ImageObject","inLanguage":"en-US","@id":"https:\/\/castlepodsreda.com\/en\/#\/schema\/logo\/image\/","url":"https:\/\/castlepodsreda.com\/wp-content\/uploads\/2020\/04\/logo-grad-podsreda-2.jpg","contentUrl":"https:\/\/castlepodsreda.com\/wp-content\/uploads\/2020\/04\/logo-grad-podsreda-2.jpg","width":576,"height":576,"caption":"Grad Podsreda | Sobe in apartmaji | Grajska ponudba"},"image":{"@id":"https:\/\/castlepodsreda.com\/en\/#\/schema\/logo\/image\/"},"sameAs":["https:\/\/www.instagram.com\/podsredacastle\/","https:\/\/www.facebook.com\/podsredacastle"]}]}},"_links":{"self":[{"href":"https:\/\/castlepodsreda.com\/en\/wp-json\/wp\/v2\/pages\/22441"}],"collection":[{"href":"https:\/\/castlepodsreda.com\/en\/wp-json\/wp\/v2\/pages"}],"about":[{"href":"https:\/\/castlepodsreda.com\/en\/wp-json\/wp\/v2\/types\/page"}],"author":[{"embeddable":true,"href":"https:\/\/castlepodsreda.com\/en\/wp-json\/wp\/v2\/users\/1"}],"replies":[{"embeddable":true,"href":"https:\/\/castlepodsreda.com\/en\/wp-json\/wp\/v2\/comments?post=22441"}],"version-history":[{"count":3,"href":"https:\/\/castlepodsreda.com\/en\/wp-json\/wp\/v2\/pages\/22441\/revisions"}],"predecessor-version":[{"id":22588,"href":"https:\/\/castlepodsreda.com\/en\/wp-json\/wp\/v2\/pages\/22441\/revisions\/22588"}],"wp:featuredmedia":[{"embeddable":true,"href":"https:\/\/castlepodsreda.com\/en\/wp-json\/wp\/v2\/media\/15552"}],"wp:attachment":[{"href":"https:\/\/castlepodsreda.com\/en\/wp-json\/wp\/v2\/media?parent=22441"}],"curies":[{"name":"wp","href":"https:\/\/api.w.org\/{rel}","templated":true}]}}