{"id":22480,"date":"2021-11-16T20:12:07","date_gmt":"2021-11-16T20:12:07","guid":{"rendered":"https:\/\/castlepodsreda.com\/a-castle-fairy-tale-for-two-at-podreda-castle-1-or-2-nights\/"},"modified":"2024-01-06T13:03:59","modified_gmt":"2024-01-06T13:03:59","slug":"zimska-pravljica-v-dvoje-na-gradu-podsreda-1-ali-2-noci","status":"publish","type":"page","link":"https:\/\/castlepodsreda.com\/en\/zimska-pravljica-v-dvoje-na-gradu-podsreda-1-ali-2-noci\/","title":{"rendered":"WINTER FAIRY TALE FOR TWO AT PODSREDA CASTLE \/\/ 1 NIGHT"},"content":{"rendered":"<p>[vc_row][vc_column cms_column_class=&#8221;rm-padding-lg&#8221; offset=&#8221;vc_col-lg-6 vc_col-md-6&#8243; css=&#8221;.vc_custom_1626261431680{padding-right: 63px !important;}&#8221;][cms_heading text=&#8221;Experience a romantic winter fairytale at Podsreda Castle&#8221; letter_spacing=&#8221;0.03em&#8221; sub_font_weight=&#8221;700&#8243; sub_font_style=&#8221;italic&#8221; sub_margin_bottom=&#8221;18&#8243; description=&#8221;Book an unforgettable winter castle holiday for two and recharge your batteries in a winter fairytale with a mix of local cuisine and the beauty of Kozjan nature. Walk along snowy forest paths, explore the mysterious rooms of the medieval castle, enjoy a toast in the shelter of the comfortable castle accommodation with fine local sparkling wine, treat yourself with home-made gingerbread cookies, warm up by the open fireplace, pamper yourself in the private wellness centre and end your winter evening with a feast in the Kozjanski dvor. For the finishing touch, take a visit to the water mill with a tasting of homemade delights.&#8221; description_font_size=&#8221;18&#8243; description_line_height=&#8221;26&#8243; des_margin_bottom=&#8221;50&#8243; cms_template=&#8221;cms_heading&#8211;layout3.php&#8221; sub_title=&#8221;During the winter months, the notion of &#8220;winter pleasures&#8220; at Podsreda Castle takes on new dimensions. Nature rests and brings us tranquillity and a special kind of relaxation in the shelter of the rooms and suites behind our medieval castle walls.&#8221; margin_bottom=&#8221;41&#8243;][cms_heading letter_spacing=&#8221;0.03em&#8221; sub_font_weight=&#8221;700&#8243; sub_font_style=&#8221;italic&#8221; sub_margin_bottom=&#8221;18&#8243; description_font_size=&#8221;18&#8243; description_line_height=&#8221;26&#8243; des_margin_bottom=&#8221;50&#8243; cms_template=&#8221;cms_heading&#8211;layout3.php&#8221; sub_title=&#8221;Let Podsreda Castle become part of your winter fairytale.&#8221; margin_bottom=&#8221;41&#8243;][cms_space space_lg=&#8221;30&#8243; space_md=&#8221;55&#8243; space_sm=&#8221;32&#8243; space_xs=&#8221;32&#8243;][vc_column_text css=&#8221;.vc_custom_1701868704615{padding-top: 20px !important;padding-right: 20px !important;padding-bottom: 20px !important;padding-left: 20px !important;background-color: #d3ba9e !important;}&#8221;]<\/p>\n<p style=\"font-size: 18px;\"><strong>Number of nights:<\/strong>\u00a01 \/ HALF PENSION (breakfast and lunch\/dinner included)<br \/>\n<strong>Number of persons:<\/strong>\u00a02<br \/>\n<strong>Accommodation offer includes:<\/strong>\u00a0tour of the Podsreda Castle, visit to the Visitor Centre of the Kozjansko Park, sales corner of local producers, experience of the complete local offer in the castle apartments and rooms, unlimited access to the common castle hall, sales corner of local producers, outdoor fireplace, free internet \/ WI-FI, parking space<br \/>\n<strong>Accommodation Type:<\/strong> Room at the Castle**** (apartment with surcharge)[\/vc_column_text][cms_heading tag=&#8221;h6&#8243; cms_template=&#8221;cms_heading&#8211;layout3.php&#8221; sub_title=&#8221;The package includes:&#8221;][cms_space space_lg=&#8221;30&#8243; space_md=&#8221;55&#8243; space_sm=&#8221;32&#8243; space_xs=&#8221;32&#8243;][cms_list cms_template=&#8221;cms_list&#8211;layout5.php&#8221; cms_list=&#8221;%5B%7B%22cms_list_item%22%3A%22Overnight%20stay%20in%20one%20of%20the%20four-star%20rooms%20at%20Podsreda%20Castle%20for%202%20people%3B%22%7D%2C%7B%22cms_list_item%22%3A%22a%20CASTLE%20BREAKFAST%20BASKET%20with%20lots%20of%20local%20delicacies%20for%202%20people.%20Let%20the%20day%20begin%20in%20grand%20style!%22%7D%2C%7B%22cms_list_item%22%3A%22Experience%20a%20guided%20tour%20of%20Podsreda%20Castle%20with%20audio%20commentary%20available%20in%20multiple%20languages%20(SLO%2C%20EN%2C%20DE%2C%20IT%2C%20RUS)%2C%20providing%20a%20deeper%20understanding%20of%20the%20castle&#8217;s%20rich%20history%20and%20cultural%20heritage%3B%22%7D%2C%7B%22cms_list_item%22%3A%22a%20delightful%20surprise%20awaiting%20you%20in%20your%20room%3A%20a%20bottle%20of%20exquisite%20sparkling%20wine%20(0.75l)%20from%20a%20prestigious%20local%20winery%2C%20accompanied%20by%20delectable%20homemade%20festive%20gingerbread%20cookies%20from%20the%20renowned%20Kukovi%C4%8Di%C4%8D%20Mill.%22%7D%2C%7B%22cms_list_item%22%3A%22VISIT%20TO%20KUKOVI%C4%8CI%C4%8C%20MILL%2C%20witnessing%20the%20process%20of%20grinding%20grains%20with%20a%20water%20mill%2C%20tasting%20homemade%20treats%20from%20an%20organic%20farm%20(bread%2C%20spreads%2C%20juice%2C%20or%20tea).%22%7D%2C%7B%22cms_list_item%22%3A%22PRIVATE%20USE%20OF%20THE%20WELLNESS%20at%20Kozjanski%20Dvor%20in%20Kozje%2C%20where%20you%20can%20relax%20together%20(for%202%20people%3B%20120%20minutes)%3B%22%7D%2C%7B%22cms_list_item%22%3A%22CASTLE%20PLATE%20for%20two%20at%20Kozjanski%20Dvor%20with%20dessert.%22%7D%5D&#8221; font_weight=&#8221;500&#8243;][cms_heading tag=&#8221;h6&#8243; cms_template=&#8221;cms_heading&#8211;layout3.php&#8221; sub_title=&#8221;Other benefits:&#8221;][cms_list cms_template=&#8221;cms_list&#8211;layout5.php&#8221; cms_list=&#8221;%5B%7B%22cms_list_item%22%3A%22During%20the%20opening%20hours%20of%20the%20castle%2C%20guests%20have%20free%20access%20to%20all%20castle%20premises%2C%20and%20access%20to%20the%20castle%20courtyard%20and%20medieval%20kitchen%20is%20available%20at%20all%20times%3B%22%7D%2C%7B%22cms_list_item%22%3A%22Use%20of%20the%20OUTDOOR%20FIREPLACE%20near%20the%20apartments%20and%20rooms%20in%20the%20lower%20castle%20courtyard%3B%22%7D%2C%7B%22cms_list_item%22%3A%22Seasonally%20prepared%20Herbal%20Castle%20Tea%20with%20100%25%20natural%2C%20handpicked%20ingredients%20from%20Kozjansko%20Regional%20Park%3B%22%7D%2C%7B%22cms_list_item%22%3A%22Unlimited%20access%20to%20the%20castle%20courtyard%20and%20castle%20hall%20for%20guests%20with%20a%20TV%20corner%2C%20tea%20and%20coffee%20corner%2C%20wine%20and%20book%20corner%3B%22%7D%2C%7B%22cms_list_item%22%3A%22Natural%20apple%20juice%20from%20protected%20high-stem%20orchards%20of%20Kozjansko%20Regional%20Park%2C%20where%20traditional%20varieties%20of%20Kozjansko%20apples%20thrive%3B%22%7D%2C%7B%22cms_list_item%22%3A%22Free%20internet%20(WI-FI)%20and%20parking.%22%7D%5D&#8221; font_weight=&#8221;500&#8243;][vc_separator][vc_message message_box_color=&#8221;chino&#8221;]<\/p>\n<p style=\"text-align: center;\"><strong>&#8220;Would you like to make your castle experience more romantic with a special indulgence'&#8221;<\/strong><\/p>\n<p style=\"text-align: center;\">Check out our offer of castle massages \u2013 starting from \u20ac48 per person.<\/p>\n<p style=\"text-align: center;\"><strong>More info about the <a href=\"https:\/\/castlepodsreda.com\/en\/experiences\/massages-at-podsreda-castle\/\">CASTLE MASSAGE offer<\/a> at Podsreda Castle.<\/strong><\/p>\n<p>[\/vc_message][cms_button button_text=&#8221;MASSAGES AT PODSREDA CASTLE&#8221; button_link=&#8221;url:https%3A%2F%2Fcastlepodsreda.com%2Fen%2Fexperiences%2Fmassages-at-podsreda-castle%2F|||&#8221; font_weight=&#8221;400&#8243; button_align=&#8221;center&#8221; button_align_md=&#8221;center&#8221; button_align_sm=&#8221;center&#8221; button_align_xs=&#8221;center&#8221;][\/vc_column][vc_column cms_column_class=&#8221;rm-padding-lg&#8221; offset=&#8221;vc_col-lg-6 vc_col-md-6&#8243; css=&#8221;.vc_custom_1569030444588{padding-left: 13px !important;}&#8221;][vc_single_image image=&#8221;7266&#8243; img_size=&#8221;full&#8221;][vc_single_image image=&#8221;7314&#8243; img_size=&#8221;full&#8221;][vc_single_image image=&#8221;7133&#8243; img_size=&#8221;full&#8221;][vc_single_image image=&#8221;7316&#8243; img_size=&#8221;full&#8221;][\/vc_column][\/vc_row][vc_row][vc_column][vc_separator][vc_tta_accordion color=&#8221;chino&#8221; spacing=&#8221;4&#8243; active_section=&#8221;1&#8243; no_fill=&#8221;true&#8221; collapsible_all=&#8221;true&#8221;][vc_tta_section title=&#8221;PACKAGE PRICE&#8221; tab_id=&#8221;1626263329059-8e9ca197-f870&#8243;][vc_column_text]<\/p>\n<blockquote>\n<h4 style=\"text-align: center;\"><strong>Price for one-night package (half board &#8211; 2 persons):<\/strong><br \/>\n<strong>249,00 \u20ac<\/strong><\/h4>\n<\/blockquote>\n<p>[\/vc_column_text][\/vc_tta_section][vc_tta_section title=&#8221;EXTRA COSTS&#8221; tab_id=&#8221;1626262051890-885fab22-d36d&#8221;][vc_separator color=&#8221;white&#8221; border_width=&#8221;2&#8243;][vc_column_text]<\/p>\n<p style=\"text-align: center;\">\u2013<strong> Tourist tax including promotional fee:<\/strong><\/p>\n<p style=\"text-align: center;\">Adults from 17 years: \u20ac 1.50\/day,<br \/>\nChildren (7-17 years): 0,75 \u20ac\/day<\/p>\n<p style=\"text-align: center;\">\u2013 Pets: 15 \u20ac\/day;<\/p>\n<p style=\"text-align: center;\">\u2013 <strong>Late departure\/early arrival<\/strong> \u2013<br \/>\nFree of charge (subject to availability).[\/vc_column_text][\/vc_tta_section][vc_tta_section title=&#8221;PAYMENT TERMS&#8221; tab_id=&#8221;1626262051907-1d43d7c5-4f2d&#8221;][vc_separator color=&#8221;white&#8221; border_width=&#8221;2&#8243;][vc_column_text]<\/p>\n<div id=\"1626262051907-1d43d7c5-4f2d\" class=\"vc_tta-panel vc_active\" data-vc-content=\".vc_tta-panel-body\">\n<div class=\"vc_tta-panel-body\">\n<div class=\"wpb_text_column wpb_content_element \">\n<div class=\"wpb_wrapper\">\n<p style=\"text-align: center;\">\u2013 In the event of late payment, we reserve the right to cancel the reservation;<br \/>\n\u2013 Free of charge changes to a later date are possible, provided that they are notified at least seven days in advance in writing to info@castlepodsreda.com.<\/p>\n<\/div>\n<\/div>\n<\/div>\n<\/div>\n<p>[\/vc_column_text][\/vc_tta_section][vc_tta_section title=&#8221;SAFETY MEASURES&#8221; tab_id=&#8221;1626262383978-564f1629-1f08&#8243;][vc_separator color=&#8221;white&#8221; border_width=&#8221;2&#8243;][vc_column_text]<\/p>\n<p style=\"text-align: center;\"><strong>All accommodation is adequately cleaned in accordance with hygiene and security measures for the safety of guests and staff.<\/strong><\/p>\n<p style=\"text-align: center;\">Check-in and key collection are contactless, and we also offer contactless payment and contactless ordering of food and beverages. If you do not wish to do so, we will not meet you in person.<\/p>\n<p>[\/vc_column_text][\/vc_tta_section][\/vc_tta_accordion][vc_separator][\/vc_column][\/vc_row][vc_row][vc_column][vc_raw_html]JTVCbW9kdWxhJTIwaWQlM0QlMjI3MjU2JTIyJTVE[\/vc_raw_html][\/vc_column][\/vc_row][vc_row parallax=&#8221;content-moving&#8221; parallax_speed_bg=&#8221;&#8221; css=&#8221;.vc_custom_1626267016670{background-color: #212121 !important;background-position: center;background-repeat: no-repeat;background-size:cover;}&#8221;][vc_column css=&#8221;.vc_custom_1567223373306{padding-top: 0px !important;}&#8221;][cms_contact_form cms_template=&#8221;cms_contact_form&#8211;layout3.php&#8221; id=&#8221;7258&#8243; style_border=&#8221;has-border&#8221; title_color=&#8221;#ffffff&#8221; align_title=&#8221;center&#8221; align_desc=&#8221;center&#8221; bg_form_color=&#8221;#000000&#8243; title_form=&#8221;Rezervirajte do\u017eivetje ali nam postavite vpra\u0161anje&#8221; animation=&#8221;bounce&#8221;][\/vc_column][\/vc_row][vc_row disable_element=&#8221;yes&#8221;][vc_column][vc_column_text]<\/p>\n<p style=\"font-size: 18px;\"><strong>Paket vklju\u010duje:<br \/>\n<\/strong><br \/>\n\u2022 1 ali 2 no\u010ditvi v \u0161tirizvezdi\u010dnem dru\u017einskem Eminem apartmaju**** na Gradu Podsreda za vso dru\u017eino;<br \/>\n\u2022 1 ali 2 dru\u017einski grajski zajtrk ko\u0161arici doma\u010dih dobrot;<br \/>\n\u2022 Obisk Kukovi\u010di\u010devega mlina, ogled postopka mletja \u017eit z mlinom na vodo in poku\u0161ina doma\u010dih dobrot z ekolo\u0161ke kmetije (degustacija kruha, namaza, sok ali \u010daj) ter dogodiv\u0161\u010dina risanja po pi\u0161kotih.<br \/>\n\u2022 Sodelovanje v igri Lov na zaklad na gradu Podsreda za vso dru\u017eino z lepo pa tudi slastno nagrado;<br \/>\n\u2022 Ogled gradu Podsreda z avdio vodenjem;<br \/>\n\u2022 Grajski narezek za vso dru\u017eino, sestavljen iz izbranih doma\u010dih dobrot Kmetije Kunej;<br \/>\n\u2022 1 l Naravnega jabol\u010dnega soka iz Kozjanskega parka;<br \/>\n\u2022 Sve\u017ea jabolka ali jabol\u010dni krhlji iz za\u0161\u010ditenih kozjanskih visokodebelnih sadovnjakov, kjer uspevajo tradicionalne sorte kozjanskih jabolk;<br \/>\n\u2022 Sezonsko pripravljen zeli\u0161\u010dni Grajski \u010daj s 100% naravnimi, ro\u010dno nabranimi sestavinami iz Kozjanskega parka;<br \/>\n\u2022 Kava za pripravo v kuhalniku, sladkor in mleko;<br \/>\n\u2022 Bele\u017eka in pisalo z logotipom grajske namestitve;<br \/>\n\u2022 Ro\u010dno izdelano naravno trdo milo za roke, narejeno iz surovin iz lokalnega okolja;<br \/>\n\u2022 Brezpla\u010den internet (WI-FI).[\/vc_column_text][\/vc_column][\/vc_row][vc_row][vc_column][\/vc_column][\/vc_row]<\/p>\n","protected":false},"excerpt":{"rendered":"<p>[vc_row][vc_column cms_column_class=&#8221;rm-padding-lg&#8221; offset=&#8221;vc_col-lg-6 vc_col-md-6&#8243; css=&#8221;.vc_custom_1626261431680{padding-right: 63px !important;}&#8221;][cms_heading text=&#8221;Experience a romantic winter fairytale at Podsreda Castle&#8221; letter_spacing=&#8221;0.03em&#8221; sub_font_weight=&#8221;700&#8243; sub_font_style=&#8221;italic&#8221; sub_margin_bottom=&#8221;18&#8243; description=&#8221;Book an unforgettable winter castle holiday for two and recharge your batteries in a winter fairytale with a mix of local cuisine and the beauty of Kozjan nature. Walk along snowy forest paths, explore the mysterious [&hellip;]<\/p>\n","protected":false},"author":1,"featured_media":16212,"parent":0,"menu_order":0,"comment_status":"closed","ping_status":"closed","template":"","meta":[],"yoast_head":"<!-- This site is optimized with the Yoast SEO plugin v19.14 - https:\/\/yoast.com\/wordpress\/plugins\/seo\/ -->\n<title>WINTER FAIRY TALE FOR TWO AT PODSREDA CASTLE \/\/ 1 NIGHT | Grad Podsreda | Sobe in apartmaji | Grajska ponudba<\/title>\n<meta name=\"robots\" content=\"index, follow, max-snippet:-1, max-image-preview:large, max-video-preview:-1\" \/>\n<link rel=\"canonical\" href=\"https:\/\/castlepodsreda.com\/en\/zimska-pravljica-v-dvoje-na-gradu-podsreda-1-ali-2-noci\/\" \/>\n<meta property=\"og:locale\" content=\"en_US\" \/>\n<meta property=\"og:type\" content=\"article\" \/>\n<meta property=\"og:title\" content=\"WINTER FAIRY TALE FOR TWO AT PODSREDA CASTLE \/\/ 1 NIGHT | Grad Podsreda | Sobe in apartmaji | Grajska ponudba\" \/>\n<meta property=\"og:description\" content=\"[vc_row][vc_column cms_column_class=&#8221;rm-padding-lg&#8221; offset=&#8221;vc_col-lg-6 vc_col-md-6&#8243; css=&#8221;.vc_custom_1626261431680{padding-right: 63px !important;}&#8221;][cms_heading text=&#8221;Experience a romantic winter fairytale at Podsreda Castle&#8221; letter_spacing=&#8221;0.03em&#8221; sub_font_weight=&#8221;700&#8243; sub_font_style=&#8221;italic&#8221; sub_margin_bottom=&#8221;18&#8243; description=&#8221;Book an unforgettable winter castle holiday for two and recharge your batteries in a winter fairytale with a mix of local cuisine and the beauty of Kozjan nature. Walk along snowy forest paths, explore the mysterious [&hellip;]\" \/>\n<meta property=\"og:url\" content=\"https:\/\/castlepodsreda.com\/en\/zimska-pravljica-v-dvoje-na-gradu-podsreda-1-ali-2-noci\/\" \/>\n<meta property=\"og:site_name\" content=\"Grad Podsreda | Sobe in apartmaji | Grajska ponudba\" \/>\n<meta property=\"article:publisher\" content=\"https:\/\/www.facebook.com\/podsredacastle\" \/>\n<meta property=\"article:modified_time\" content=\"2024-01-06T13:03:59+00:00\" \/>\n<meta property=\"og:image\" content=\"https:\/\/castlepodsreda.com\/wp-content\/uploads\/2021\/11\/Grad-Podsreda_Zimski-paketi_Ponudba-Sobe-in-apartmaji-na-gradu-Podsreda_No\u010ditveni-paketi_Podsreda-castle-52.jpg\" \/>\n\t<meta property=\"og:image:width\" content=\"1920\" \/>\n\t<meta property=\"og:image:height\" content=\"1282\" \/>\n\t<meta property=\"og:image:type\" content=\"image\/jpeg\" \/>\n<meta name=\"twitter:card\" content=\"summary_large_image\" \/>\n<meta name=\"twitter:label1\" content=\"Est. reading time\" \/>\n\t<meta name=\"twitter:data1\" content=\"4 minutes\" \/>\n<script type=\"application\/ld+json\" class=\"yoast-schema-graph\">{\"@context\":\"https:\/\/schema.org\",\"@graph\":[{\"@type\":\"WebPage\",\"@id\":\"https:\/\/castlepodsreda.com\/en\/zimska-pravljica-v-dvoje-na-gradu-podsreda-1-ali-2-noci\/\",\"url\":\"https:\/\/castlepodsreda.com\/en\/zimska-pravljica-v-dvoje-na-gradu-podsreda-1-ali-2-noci\/\",\"name\":\"WINTER FAIRY TALE FOR TWO AT PODSREDA CASTLE \/\/ 1 NIGHT | Grad Podsreda | Sobe in apartmaji | Grajska ponudba\",\"isPartOf\":{\"@id\":\"https:\/\/castlepodsreda.com\/en\/#website\"},\"datePublished\":\"2021-11-16T20:12:07+00:00\",\"dateModified\":\"2024-01-06T13:03:59+00:00\",\"breadcrumb\":{\"@id\":\"https:\/\/castlepodsreda.com\/en\/zimska-pravljica-v-dvoje-na-gradu-podsreda-1-ali-2-noci\/#breadcrumb\"},\"inLanguage\":\"en-US\",\"potentialAction\":[{\"@type\":\"ReadAction\",\"target\":[\"https:\/\/castlepodsreda.com\/en\/zimska-pravljica-v-dvoje-na-gradu-podsreda-1-ali-2-noci\/\"]}]},{\"@type\":\"BreadcrumbList\",\"@id\":\"https:\/\/castlepodsreda.com\/en\/zimska-pravljica-v-dvoje-na-gradu-podsreda-1-ali-2-noci\/#breadcrumb\",\"itemListElement\":[{\"@type\":\"ListItem\",\"position\":1,\"name\":\"Home\",\"item\":\"https:\/\/castlepodsreda.com\/en\/\"},{\"@type\":\"ListItem\",\"position\":2,\"name\":\"WINTER FAIRY TALE FOR TWO AT PODSREDA CASTLE \/\/ 1 NIGHT\"}]},{\"@type\":\"WebSite\",\"@id\":\"https:\/\/castlepodsreda.com\/en\/#website\",\"url\":\"https:\/\/castlepodsreda.com\/en\/\",\"name\":\"Grad Podsreda | Sobe in apartmaji | Grajska ponudba\",\"description\":\"Najbolj grajski med gradovi v Sloveniji\",\"publisher\":{\"@id\":\"https:\/\/castlepodsreda.com\/en\/#organization\"},\"potentialAction\":[{\"@type\":\"SearchAction\",\"target\":{\"@type\":\"EntryPoint\",\"urlTemplate\":\"https:\/\/castlepodsreda.com\/en\/?s={search_term_string}\"},\"query-input\":\"required name=search_term_string\"}],\"inLanguage\":\"en-US\"},{\"@type\":\"Organization\",\"@id\":\"https:\/\/castlepodsreda.com\/en\/#organization\",\"name\":\"Grad Podsreda | Sobe in apartmaji | Grajska ponudba\",\"url\":\"https:\/\/castlepodsreda.com\/en\/\",\"logo\":{\"@type\":\"ImageObject\",\"inLanguage\":\"en-US\",\"@id\":\"https:\/\/castlepodsreda.com\/en\/#\/schema\/logo\/image\/\",\"url\":\"https:\/\/castlepodsreda.com\/wp-content\/uploads\/2020\/04\/logo-grad-podsreda-2.jpg\",\"contentUrl\":\"https:\/\/castlepodsreda.com\/wp-content\/uploads\/2020\/04\/logo-grad-podsreda-2.jpg\",\"width\":576,\"height\":576,\"caption\":\"Grad Podsreda | Sobe in apartmaji | Grajska ponudba\"},\"image\":{\"@id\":\"https:\/\/castlepodsreda.com\/en\/#\/schema\/logo\/image\/\"},\"sameAs\":[\"https:\/\/www.instagram.com\/podsredacastle\/\",\"https:\/\/www.facebook.com\/podsredacastle\"]}]}<\/script>\n<!-- \/ Yoast SEO plugin. -->","yoast_head_json":{"title":"WINTER FAIRY TALE FOR TWO AT PODSREDA CASTLE \/\/ 1 NIGHT | Grad Podsreda | Sobe in apartmaji | Grajska ponudba","robots":{"index":"index","follow":"follow","max-snippet":"max-snippet:-1","max-image-preview":"max-image-preview:large","max-video-preview":"max-video-preview:-1"},"canonical":"https:\/\/castlepodsreda.com\/en\/zimska-pravljica-v-dvoje-na-gradu-podsreda-1-ali-2-noci\/","og_locale":"en_US","og_type":"article","og_title":"WINTER FAIRY TALE FOR TWO AT PODSREDA CASTLE \/\/ 1 NIGHT | Grad Podsreda | Sobe in apartmaji | Grajska ponudba","og_description":"[vc_row][vc_column cms_column_class=&#8221;rm-padding-lg&#8221; offset=&#8221;vc_col-lg-6 vc_col-md-6&#8243; css=&#8221;.vc_custom_1626261431680{padding-right: 63px !important;}&#8221;][cms_heading text=&#8221;Experience a romantic winter fairytale at Podsreda Castle&#8221; letter_spacing=&#8221;0.03em&#8221; sub_font_weight=&#8221;700&#8243; sub_font_style=&#8221;italic&#8221; sub_margin_bottom=&#8221;18&#8243; description=&#8221;Book an unforgettable winter castle holiday for two and recharge your batteries in a winter fairytale with a mix of local cuisine and the beauty of Kozjan nature. Walk along snowy forest paths, explore the mysterious [&hellip;]","og_url":"https:\/\/castlepodsreda.com\/en\/zimska-pravljica-v-dvoje-na-gradu-podsreda-1-ali-2-noci\/","og_site_name":"Grad Podsreda | Sobe in apartmaji | Grajska ponudba","article_publisher":"https:\/\/www.facebook.com\/podsredacastle","article_modified_time":"2024-01-06T13:03:59+00:00","og_image":[{"width":1920,"height":1282,"url":"https:\/\/castlepodsreda.com\/wp-content\/uploads\/2021\/11\/Grad-Podsreda_Zimski-paketi_Ponudba-Sobe-in-apartmaji-na-gradu-Podsreda_No\u010ditveni-paketi_Podsreda-castle-52.jpg","type":"image\/jpeg"}],"twitter_card":"summary_large_image","twitter_misc":{"Est. reading time":"4 minutes"},"schema":{"@context":"https:\/\/schema.org","@graph":[{"@type":"WebPage","@id":"https:\/\/castlepodsreda.com\/en\/zimska-pravljica-v-dvoje-na-gradu-podsreda-1-ali-2-noci\/","url":"https:\/\/castlepodsreda.com\/en\/zimska-pravljica-v-dvoje-na-gradu-podsreda-1-ali-2-noci\/","name":"WINTER FAIRY TALE FOR TWO AT PODSREDA CASTLE \/\/ 1 NIGHT | Grad Podsreda | Sobe in apartmaji | Grajska ponudba","isPartOf":{"@id":"https:\/\/castlepodsreda.com\/en\/#website"},"datePublished":"2021-11-16T20:12:07+00:00","dateModified":"2024-01-06T13:03:59+00:00","breadcrumb":{"@id":"https:\/\/castlepodsreda.com\/en\/zimska-pravljica-v-dvoje-na-gradu-podsreda-1-ali-2-noci\/#breadcrumb"},"inLanguage":"en-US","potentialAction":[{"@type":"ReadAction","target":["https:\/\/castlepodsreda.com\/en\/zimska-pravljica-v-dvoje-na-gradu-podsreda-1-ali-2-noci\/"]}]},{"@type":"BreadcrumbList","@id":"https:\/\/castlepodsreda.com\/en\/zimska-pravljica-v-dvoje-na-gradu-podsreda-1-ali-2-noci\/#breadcrumb","itemListElement":[{"@type":"ListItem","position":1,"name":"Home","item":"https:\/\/castlepodsreda.com\/en\/"},{"@type":"ListItem","position":2,"name":"WINTER FAIRY TALE FOR TWO AT PODSREDA CASTLE \/\/ 1 NIGHT"}]},{"@type":"WebSite","@id":"https:\/\/castlepodsreda.com\/en\/#website","url":"https:\/\/castlepodsreda.com\/en\/","name":"Grad Podsreda | Sobe in apartmaji | Grajska ponudba","description":"Najbolj grajski med gradovi v Sloveniji","publisher":{"@id":"https:\/\/castlepodsreda.com\/en\/#organization"},"potentialAction":[{"@type":"SearchAction","target":{"@type":"EntryPoint","urlTemplate":"https:\/\/castlepodsreda.com\/en\/?s={search_term_string}"},"query-input":"required name=search_term_string"}],"inLanguage":"en-US"},{"@type":"Organization","@id":"https:\/\/castlepodsreda.com\/en\/#organization","name":"Grad Podsreda | Sobe in apartmaji | Grajska ponudba","url":"https:\/\/castlepodsreda.com\/en\/","logo":{"@type":"ImageObject","inLanguage":"en-US","@id":"https:\/\/castlepodsreda.com\/en\/#\/schema\/logo\/image\/","url":"https:\/\/castlepodsreda.com\/wp-content\/uploads\/2020\/04\/logo-grad-podsreda-2.jpg","contentUrl":"https:\/\/castlepodsreda.com\/wp-content\/uploads\/2020\/04\/logo-grad-podsreda-2.jpg","width":576,"height":576,"caption":"Grad Podsreda | Sobe in apartmaji | Grajska ponudba"},"image":{"@id":"https:\/\/castlepodsreda.com\/en\/#\/schema\/logo\/image\/"},"sameAs":["https:\/\/www.instagram.com\/podsredacastle\/","https:\/\/www.facebook.com\/podsredacastle"]}]}},"_links":{"self":[{"href":"https:\/\/castlepodsreda.com\/en\/wp-json\/wp\/v2\/pages\/22480"}],"collection":[{"href":"https:\/\/castlepodsreda.com\/en\/wp-json\/wp\/v2\/pages"}],"about":[{"href":"https:\/\/castlepodsreda.com\/en\/wp-json\/wp\/v2\/types\/page"}],"author":[{"embeddable":true,"href":"https:\/\/castlepodsreda.com\/en\/wp-json\/wp\/v2\/users\/1"}],"replies":[{"embeddable":true,"href":"https:\/\/castlepodsreda.com\/en\/wp-json\/wp\/v2\/comments?post=22480"}],"version-history":[{"count":12,"href":"https:\/\/castlepodsreda.com\/en\/wp-json\/wp\/v2\/pages\/22480\/revisions"}],"predecessor-version":[{"id":35127,"href":"https:\/\/castlepodsreda.com\/en\/wp-json\/wp\/v2\/pages\/22480\/revisions\/35127"}],"wp:featuredmedia":[{"embeddable":true,"href":"https:\/\/castlepodsreda.com\/en\/wp-json\/wp\/v2\/media\/16212"}],"wp:attachment":[{"href":"https:\/\/castlepodsreda.com\/en\/wp-json\/wp\/v2\/media?parent=22480"}],"curies":[{"name":"wp","href":"https:\/\/api.w.org\/{rel}","templated":true}]}}