{"id":22553,"date":"2022-01-19T19:59:01","date_gmt":"2022-01-19T19:59:01","guid":{"rendered":"https:\/\/castlepodsreda.com\/winter-castle-holidays-for-families-at-the-podreda-castle-1-or-2-nights\/"},"modified":"2023-12-06T12:04:19","modified_gmt":"2023-12-06T12:04:19","slug":"ljubezen-je-za-druzine-na-gradu-podsreda-1-ali-2-noci","status":"publish","type":"page","link":"https:\/\/castlepodsreda.com\/en\/ljubezen-je-za-druzine-na-gradu-podsreda-1-ali-2-noci\/","title":{"rendered":"ZIMSKE GRAJSKE PO\u010cITNICE ZA DRU\u017dINE NA GRADU PODSREDA \/\/ 1 NO\u010c"},"content":{"rendered":"<p>[vc_row][vc_column cms_column_class=&#8221;rm-padding-lg&#8221; offset=&#8221;vc_col-lg-6 vc_col-md-6&#8243; css=&#8221;.vc_custom_1626261431680{padding-right: 63px !important;}&#8221;][cms_heading text=&#8221;\u010cas je, za nepozabne po\u010ditnice!&#8221; letter_spacing=&#8221;0.03em&#8221; sub_font_weight=&#8221;700&#8243; sub_font_style=&#8221;italic&#8221; sub_margin_bottom=&#8221;18&#8243; description=&#8221;Bli\u017eajo se zaslu\u017eene po\u010ditnice, ko si oddahnemo od napornih obveznosti in se dru\u017eimo s svojimi najdra\u017ejimi.<\/p>\n<p>V tem \u010dasu so pred vrati tudi prazniki ljubezni, ki se za\u010dnejo z dnevom zaljubljencev &#8211; Valentinovim, nadaljujejo s pti\u010djimi \u017eenitvami in \u010dasom prebujanja pomladi \u2013 Gregorjevim, ter zaklju\u010dijo z mesecem marcem &#8211; mesecem \u017eensk, ki praznujejo kar dva praznika: dan \u017eena in materinski dan.<\/p>\n<p>Vzemimo si trenutek in praznujmo tisto stvar, zaradi katere se svet vrti! Slavimo ljubezen!<\/p>\n<p>Rezervirajte nepozabne zimske grajske po\u010ditnice z dru\u017eino na gradu Podsreda ter napolnite baterije v zimski pustolov\u0161\u010dini s prepletom doma\u010de kulinarike in lepot zimske narave.<\/p>\n<p>Va\u0161im grajskim po\u010ditnicam lahko dodate piko na \u00bbi\u00ab ter sko\u010dite \u0161e na razvajanje ali dru\u017einsko pustolov\u0161\u010dino v bli\u017enje terme.&#8221; description_font_size=&#8221;18&#8243; description_line_height=&#8221;26&#8243; des_margin_bottom=&#8221;50&#8243; cms_template=&#8221;cms_heading&#8211;layout3.php&#8221; sub_title=&#8221;Dragi grajski raziskovalci, ko se sne\u017ena odeja po\u010dasi umika, v na\u0161i de\u017eeli zadi\u0161i po\u010ditnicah \u2026 in ljubezni.&#8221; margin_bottom=&#8221;41&#8243;][vc_column_text]<strong><em>Naj grad Podsreda postane del va\u0161e dru\u017einske grajske pravljice.<\/em><\/strong>[\/vc_column_text][cms_space space_lg=&#8221;30&#8243; space_md=&#8221;55&#8243; space_sm=&#8221;32&#8243; space_xs=&#8221;32&#8243;][vc_column_text css=&#8221;.vc_custom_1637090565437{padding-top: 20px !important;padding-right: 20px !important;padding-bottom: 20px !important;padding-left: 20px !important;background-color: #d3ba9e !important;}&#8221;]<strong>\u0160tevilo no\u010ditev:<\/strong> 1 ali 2 no\u010di \/ POLPENZION<br \/>\n<strong>\u0160tevilo oseb:<\/strong> 2 odrasli osebi in 1 do najve\u010d 3 otroci (do 14 let)<br \/>\n<strong>Nastanitev ponuja:<\/strong> Ogled gradu Podsreda, obisk Sredi\u0161\u010da za obiskovalce Kozjanskega parka, prodajni koti\u010dek lokalnih ponudnikov, zunanje ogni\u0161\u010de, brezpla\u010den internet \/ wifi, parkiri\u0161\u010de<br \/>\n<strong>Tip nastanitve:<\/strong> Dru\u017einski apartma na gradu Podsreda ****[\/vc_column_text][cms_heading text=&#8221;DRU\u017dINSKI PAKET \u00bbZIMSKE GRAJSKE PO\u010cITNICE\u00ab NA GRADU PODSREDA&#8221; tag=&#8221;h6&#8243; cms_template=&#8221;cms_heading&#8211;layout3.php&#8221; sub_title=&#8221;Paket vklju\u010duje:&#8221;][cms_space space_lg=&#8221;30&#8243; space_md=&#8221;55&#8243; space_sm=&#8221;32&#8243; space_xs=&#8221;32&#8243;][cms_list cms_template=&#8221;cms_list&#8211;layout5.php&#8221; cms_list=&#8221;%5B%7B%22cms_list_item%22%3A%221%20ali%202%20no%C4%8Ditvi%20v%20%C5%A1tirizvezdi%C4%8Dnem%20dru%C5%BEinskem%20apartmaju****%20na%20Gradu%20Podsreda%20za%20vso%20dru%C5%BEino%3B%22%7D%2C%7B%22cms_list_item%22%3A%221%20ali%202%20dru%C5%BEinski%20grajski%20zajtrk%20ko%C5%A1arici%20doma%C4%8Dih%20dobrot%3B%22%7D%2C%7B%22cms_list_item%22%3A%22Ogled%20gradu%20Podsreda%20z%20avdio%20vodenjem%20in%20sodelovanje%20v%20igri%20LOV%20NA%20ZAKLAD%20NA%20GRADU%20PODSREDA%20za%20vso%20dru%C5%BEino%20z%20lepo%20pa%20tudi%20slastno%20nagrado%3B%22%7D%2C%7B%22cms_list_item%22%3A%22ZIMSKO%20%C4%8COKOLADNO%20PRESENE%C4%8CENJE%20%E2%80%93%20pripravite%20si%20slastno%20vro%C4%8De%20%C4%8Dokoladno%20razvajanje%20za%20vso%20dru%C5%BEino%20iz%20%C4%8Cokoladnice%20Olimje%20z%20doma%C4%8Dim%20mlekom%20z%20bli%C5%BEnje%20kmetije%20Sinkovi%C4%8D%3B%22%7D%2C%7B%22cms_list_item%22%3A%22OBISK%20IN%20OGLED%20KUKOVI%C4%8CI%C4%8CEVEGA%20MLINA%20v%20Podsredi%2C%20ki%20je%20danes%20eden%20redkih%20delujo%C4%8Dih%20mlinov%20v%20Sloveniji%2C%20ki%20bogato%20dru%C5%BEinsko%20tradicijo%20uspe%C5%A1no%20povezuje%20s%20sodobnimi%20na%C4%8Dini%20pridelave.%20Na%20mlinu%20bodo%20za%20vas%20pripravili%20degustacijo%20doma%C4%8Dih%20dobrot%2C%20poku%C5%A1ino%20mlinarskega%20%C4%8Daja%2C%20za%20piko%20na%20i%20pa%20boste%20okrasili%20tudi%20svoje%20medene%20pi%C5%A1kote%20v%20obliki%20srca%3B%22%7D%2C%7B%22cms_list_item%22%3A%22VE%C4%8CERJA%20ALI%20KOSILO%20V%20GOSTILNI%20KOZJANSKI%20DVOR%20%E2%80%93%20mo%C5%BEnost%20izbire%20med%20dvema%20razli%C4%8Dnima%20degustacijskima%20menijema%3B%22%7D%2C%7B%22cms_list_item%22%3A%22Uporaba%20ZUNANJEGA%20OGNJI%C5%A0%C4%8CA%20ob%20apartmajih%20in%20sobah%20na%20spodnjem%20grajskem%20dvori%C5%A1%C4%8Du%3B%22%7D%2C%7B%22cms_list_item%22%3A%22Jabol%C4%8Dni%20krhlji%20iz%20za%C5%A1%C4%8Ditenih%20kozjanskih%20visokodebelnih%20sadovnjakov%2C%20kjer%20uspevajo%20tradicionalne%20sorte%20kozjanskih%20jabolk%3B%22%7D%2C%7B%22cms_list_item%22%3A%22Sezonsko%20pripravljen%20zeli%C5%A1%C4%8Dni%20Grajski%20%C4%8Daj%20s%20100%25%20naravnimi%2C%20ro%C4%8Dno%20nabranimi%20sestavinami%20iz%20Kozjanskega%20parka%3B%22%7D%2C%7B%22cms_list_item%22%3A%22Neomejen%20vstop%20v%20grajski%20atrij%20in%20grajsko%20dvorano%20za%20goste%20s%20TV-koti%C4%8Dkom%2C%20kavomatom%20in%20knji%C5%BEnim%20koti%C4%8Dkom%3B%22%7D%2C%7B%22cms_list_item%22%3A%22Brezpla%C4%8Den%20internet%20(WI-FI).%22%7D%5D&#8221; font_weight=&#8221;500&#8243;][vc_separator][vc_column_text]V primeru rezervacije <strong>PAKETA Z DVEMA NO\u010cITVAMA<\/strong>:<\/p>\n<ul>\n<li>Paket vsebuje \u0161e dodatno VE\u010cERJO NA GRADU PODSREDA v obliki GRAJSKEGA NAREZKA za vso dru\u017eino, sestavljenega iz izbranih doma\u010dih dobrot Kmetije Kunej (vsebina narezka je lahko: mesna \/ me\u0161ano mesna in zelenjavna \/ vegetarijansko-veganska).<\/li>\n<li>Ob narezku je postre\u017een 1 l Naravnega jabol\u010dnega soka iz razli\u010dnih sort kozjanskih jabolk iz Kozjanskega parka.<\/li>\n<\/ul>\n<p>[\/vc_column_text][\/vc_column][vc_column cms_column_class=&#8221;rm-padding-lg&#8221; offset=&#8221;vc_col-lg-6 vc_col-md-6&#8243; css=&#8221;.vc_custom_1569030444588{padding-left: 13px !important;}&#8221;][vc_single_image image=&#8221;7715&#8243; img_size=&#8221;full&#8221;][vc_single_image image=&#8221;7719&#8243; img_size=&#8221;full&#8221;][vc_single_image image=&#8221;7330&#8243; img_size=&#8221;full&#8221;][vc_single_image image=&#8221;7723&#8243; img_size=&#8221;full&#8221;][vc_message message_box_color=&#8221;chino&#8221;]\u017delite svoje grajsko do\u017eivetje nadgraditi z nepozabno termalno zabavo v Termah Olimia, ki veljajo za top wellness do\u017eivetje\u00a0v Sloveniji?<\/p>\n<p>Svojim gostom ponujamo nakup ugodnih 3-urnih kart za kopanje v Termaliji Relax.[\/vc_message][\/vc_column][\/vc_row][vc_row][vc_column cms_column_class=&#8221;rm-padding-lg&#8221; offset=&#8221;vc_col-lg-6 vc_col-md-6&#8243; css=&#8221;.vc_custom_1569030444588{padding-left: 13px !important;}&#8221;][cms_space space_lg=&#8221;20&#8243; space_md=&#8221;20&#8243; space_sm=&#8221;20&#8243; space_xs=&#8221;10&#8243;][\/vc_column][vc_column cms_column_class=&#8221;rm-padding-lg&#8221; offset=&#8221;vc_col-lg-6 vc_col-md-6&#8243; css=&#8221;.vc_custom_1599570614015{padding-right: px !important;}&#8221;][\/vc_column][\/vc_row][vc_row][vc_column][vc_separator][vc_tta_accordion color=&#8221;chino&#8221; spacing=&#8221;4&#8243; active_section=&#8221;1&#8243; no_fill=&#8221;true&#8221; collapsible_all=&#8221;true&#8221;][vc_tta_section title=&#8221;CENA PAKETA&#8221; tab_id=&#8221;1626263329059-8e9ca197-f870&#8243;][vc_column_text]<\/p>\n<blockquote>\n<h4 style=\"text-align: center;\"><strong><em>Cena <\/em><\/strong><strong><em>paketa z eno no\u010ditvijo &#8211; <\/em><\/strong><strong><em>polpenzion\u00a0<\/em><\/strong><\/h4>\n<h4 style=\"text-align: center;\"><strong><em>(3 osebe oz. 2 odrasla &amp; 1 otrok):<\/em><\/strong><\/h4>\n<h4 style=\"text-align: center;\"><strong>273<em>,00 \u20ac<\/em><\/strong><\/h4>\n<p style=\"text-align: center;\">&#8211; Dodatna oseba do 14 let: 32,00 \u20ac<\/p>\n<p style=\"text-align: center;\">&#8211; Dodatna oseba nad 14 let: 42,00 \u20ac<\/p>\n<p style=\"text-align: center;\"><strong>Mo\u017enost pla\u010dila s turisti\u010dnimi boni.<\/strong><\/p>\n<\/blockquote>\n<p>[\/vc_column_text][vc_column_text]<\/p>\n<blockquote>\n<h4 style=\"text-align: center;\"><em><strong>Cena paketa z dvema no\u010ditvama <\/strong><\/em><strong><em>&#8211; <\/em><\/strong><strong><em>polpenzion\u00a0<\/em><\/strong><\/h4>\n<h4 style=\"text-align: center;\"><em><strong>(3 osebe oz. 2 odrasla &amp; 1 otrok):<\/strong><\/em><br \/>\n<em><strong>490,00 \u20ac<\/strong><\/em><\/h4>\n<p style=\"text-align: center;\">&#8211; Dodatna oseba do 14 let: 50,00 \u20ac;<\/p>\n<p style=\"text-align: center;\">&#8211; Dodatna oseba nad 14 let: 65,00 \u20ac;<\/p>\n<p style=\"text-align: center;\"><strong>Mo\u017enost pla\u010dila s turisti\u010dnimi boni.<\/strong><\/p>\n<\/blockquote>\n<p>[\/vc_column_text][vc_column_text]<\/p>\n<blockquote>\n<h4 style=\"text-align: center;\"><em><strong>DOPLA\u010cILO na osebo za 3-urno kopanje v Termaliji Relax<\/strong><\/em><\/h4>\n<p style=\"text-align: center;\">OD PONEDELJKA DO \u010cETRTKA:<\/p>\n<p style=\"text-align: center;\">ODRASLI: 8,50 \u20ac<\/p>\n<p style=\"text-align: center;\">OTROCI: 6,50 \u20ac<\/p>\n<p style=\"text-align: center;\">PETEK, SOBOTA, NEDELJA, PRAZNIKI<\/p>\n<p style=\"text-align: center;\">ODRASLI: 11,20\u00a0<em>\u20ac<\/em><\/p>\n<p style=\"text-align: center;\">OTROCI: 8,50\u00a0<em>\u20ac<\/em><\/p>\n<\/blockquote>\n<p>[\/vc_column_text][\/vc_tta_section][vc_tta_section title=&#8221;DOPLA\u010cILA&#8221; tab_id=&#8221;1626262051890-885fab22-d36d&#8221;][vc_separator color=&#8221;white&#8221; border_width=&#8221;2&#8243;][vc_column_text]<\/p>\n<p style=\"text-align: center;\">&#8211; Turisti\u010dna taksa z vklju\u010deno promocijsko takso:<\/p>\n<p style=\"text-align: center;\">odrasli od. 17. leta naprej: 1,50 \u20ac\/dan,<br \/>\notroci (7-17 let): 0,75 \u20ac\/dan<\/p>\n<p style=\"text-align: center;\">&#8211; Hi\u0161ni ljubljen\u010dki: 15 \u20ac\/dan;<\/p>\n<p style=\"text-align: center;\">&#8211; VSAK DODATNI DAN: 155 \u20ac\/dan<\/p>\n<p style=\"text-align: center;\">&#8211; Pozen odhod\/zgoden prihod \u2013<br \/>\nbrezpla\u010dno (odvisno od razpolo\u017eljivosti).<\/p>\n<p>[\/vc_column_text][\/vc_tta_section][vc_tta_section title=&#8221;POGOJI PLA\u010cILA&#8221; tab_id=&#8221;1626262051907-1d43d7c5-4f2d&#8221;][vc_separator color=&#8221;white&#8221; border_width=&#8221;2&#8243;][vc_column_text]<\/p>\n<p style=\"text-align: center;\">&#8211; <strong>Mo\u017enost pla\u010dila s turisti\u010dnimi boni<\/strong>;<br \/>\n&#8211; V primeru nepravo\u010dasnega pla\u010dila si dovoljujemo pravico do odpovedi rezervacije;<br \/>\n&#8211; Mo\u017ena je brezpla\u010dna sprememba rezervacije na kasnej\u0161i termin, ki je bila sporo\u010dena najmanj sedem dni pred rezervacijo pisno na info@castlepodsreda.com<\/p>\n<p style=\"text-align: center;\">&#8211; Ponudba velja za bivanja do 24. 12. 2021.<\/p>\n<p>[\/vc_column_text][\/vc_tta_section][vc_tta_section title=&#8221;UKREPI HIGIENE&#8221; tab_id=&#8221;1626262383978-564f1629-1f08&#8243;][vc_separator color=&#8221;white&#8221; border_width=&#8221;2&#8243;][vc_column_text]<\/p>\n<p style=\"text-align: center;\">Vse namestitve so primerno o\u010di\u0161\u010dene in razku\u017eene v skladu z ukrepi higiene in za\u0161\u010dite za varnost gostov in zaposlenih.<\/p>\n<p style=\"text-align: center;\">Prihod v namestitev in prevzem klju\u010dev je brezsti\u010den, prav tako omogo\u010damo brezsti\u010dno pla\u010devanje in brezsti\u010dno naro\u010danje hrane in pija\u010de. V kolikor ne \u017eelite, se ne bomo sre\u010dali osebno.<\/p>\n<p>[\/vc_column_text][\/vc_tta_section][\/vc_tta_accordion][vc_separator][\/vc_column][\/vc_row][vc_row][vc_column][vc_raw_html]JTVCbW9kdWxhJTIwaWQlM0QlMjI3MjU1JTIyJTVE[\/vc_raw_html][\/vc_column][\/vc_row][vc_row parallax=&#8221;content-moving&#8221; parallax_speed_bg=&#8221;&#8221; css=&#8221;.vc_custom_1626267016670{background-color: #212121 !important;background-position: center;background-repeat: no-repeat !important;background-size: cover !important;}&#8221;][vc_column css=&#8221;.vc_custom_1567223373306{padding-top: 0px !important;}&#8221;][cms_contact_form cms_template=&#8221;cms_contact_form&#8211;layout3.php&#8221; id=&#8221;7788&#8243; style_border=&#8221;has-border&#8221; title_color=&#8221;#ffffff&#8221; align_title=&#8221;center&#8221; align_desc=&#8221;center&#8221; bg_form_color=&#8221;#000000&#8243; title_form=&#8221;Rezervirajte do\u017eivetje ali nam postavite vpra\u0161anje&#8221; animation=&#8221;bounce&#8221;][\/vc_column][\/vc_row][vc_row disable_element=&#8221;yes&#8221;][vc_column][vc_column_text]<\/p>\n<p>Paket vklju\u010duje:<\/p>\n<p>\u2022 1 ali 2 no\u010ditvi v \u0161tirizvezdi\u010dnem dru\u017einskem Eminem apartmaju**** na Gradu Podsreda za vso dru\u017eino;<br \/>\n\u2022 1 ali 2 dru\u017einski grajski zajtrk ko\u0161arici doma\u010dih dobrot;<br \/>\n\u2022 Obisk Kukovi\u010di\u010devega mlina, ogled postopka mletja \u017eit z mlinom na vodo in poku\u0161ina doma\u010dih dobrot z ekolo\u0161ke kmetije (degustacija kruha, namaza, sok ali \u010daj) ter dogodiv\u0161\u010dina risanja po pi\u0161kotih.<br \/>\n\u2022 Sodelovanje v igri Lov na zaklad na gradu Podsreda za vso dru\u017eino z lepo pa tudi slastno nagrado;<br \/>\n\u2022 Ogled gradu Podsreda z avdio vodenjem;<br \/>\n\u2022 Grajski narezek za vso dru\u017eino, sestavljen iz izbranih doma\u010dih dobrot Kmetije Kunej;<br \/>\n\u2022 1 l Naravnega jabol\u010dnega soka iz Kozjanskega parka;<br \/>\n\u2022 Sve\u017ea jabolka ali jabol\u010dni krhlji iz za\u0161\u010ditenih kozjanskih visokodebelnih sadovnjakov, kjer uspevajo tradicionalne sorte kozjanskih jabolk;<br \/>\n\u2022 Sezonsko pripravljen zeli\u0161\u010dni Grajski \u010daj s 100% naravnimi, ro\u010dno nabranimi sestavinami iz Kozjanskega parka;<br \/>\n\u2022 Kava za pripravo v kuhalniku, sladkor in mleko;<br \/>\n\u2022 Bele\u017eka in pisalo z logotipom grajske namestitve;<br \/>\n\u2022 Ro\u010dno izdelano naravno trdo milo za roke, narejeno iz surovin iz lokalnega okolja;<br \/>\n\u2022 Brezpla\u010den internet (WI-FI).<\/p>\n<p>[\/vc_column_text][\/vc_column][\/vc_row][vc_row][vc_column][\/vc_column][\/vc_row]<\/p>\n","protected":false},"excerpt":{"rendered":"<p>[vc_row][vc_column cms_column_class=&#8221;rm-padding-lg&#8221; offset=&#8221;vc_col-lg-6 vc_col-md-6&#8243; css=&#8221;.vc_custom_1626261431680{padding-right: 63px !important;}&#8221;][cms_heading text=&#8221;\u010cas je, za nepozabne po\u010ditnice!&#8221; letter_spacing=&#8221;0.03em&#8221; sub_font_weight=&#8221;700&#8243; sub_font_style=&#8221;italic&#8221; sub_margin_bottom=&#8221;18&#8243; description=&#8221;Bli\u017eajo se zaslu\u017eene po\u010ditnice, ko si oddahnemo od napornih obveznosti in se dru\u017eimo s svojimi najdra\u017ejimi. V tem \u010dasu so pred vrati tudi prazniki ljubezni, ki se za\u010dnejo z dnevom zaljubljencev &#8211; Valentinovim, nadaljujejo s pti\u010djimi \u017eenitvami in \u010dasom [&hellip;]<\/p>\n","protected":false},"author":1,"featured_media":0,"parent":0,"menu_order":0,"comment_status":"closed","ping_status":"closed","template":"","meta":[],"yoast_head":"<!-- This site is optimized with the Yoast SEO plugin v19.14 - https:\/\/yoast.com\/wordpress\/plugins\/seo\/ -->\n<title>ZIMSKE GRAJSKE PO\u010cITNICE ZA DRU\u017dINE NA GRADU PODSREDA \/\/ 1 NO\u010c | Grad Podsreda | Sobe in apartmaji | Grajska ponudba<\/title>\n<meta name=\"robots\" content=\"index, follow, max-snippet:-1, max-image-preview:large, max-video-preview:-1\" \/>\n<link rel=\"canonical\" href=\"https:\/\/castlepodsreda.com\/en\/ljubezen-je-za-druzine-na-gradu-podsreda-1-ali-2-noci\/\" \/>\n<meta property=\"og:locale\" content=\"en_US\" \/>\n<meta property=\"og:type\" content=\"article\" \/>\n<meta property=\"og:title\" content=\"ZIMSKE GRAJSKE PO\u010cITNICE ZA DRU\u017dINE NA GRADU PODSREDA \/\/ 1 NO\u010c | Grad Podsreda | Sobe in apartmaji | Grajska ponudba\" \/>\n<meta property=\"og:description\" content=\"[vc_row][vc_column cms_column_class=&#8221;rm-padding-lg&#8221; offset=&#8221;vc_col-lg-6 vc_col-md-6&#8243; css=&#8221;.vc_custom_1626261431680{padding-right: 63px !important;}&#8221;][cms_heading text=&#8221;\u010cas je, za nepozabne po\u010ditnice!&#8221; letter_spacing=&#8221;0.03em&#8221; sub_font_weight=&#8221;700&#8243; sub_font_style=&#8221;italic&#8221; sub_margin_bottom=&#8221;18&#8243; description=&#8221;Bli\u017eajo se zaslu\u017eene po\u010ditnice, ko si oddahnemo od napornih obveznosti in se dru\u017eimo s svojimi najdra\u017ejimi. V tem \u010dasu so pred vrati tudi prazniki ljubezni, ki se za\u010dnejo z dnevom zaljubljencev &#8211; Valentinovim, nadaljujejo s pti\u010djimi \u017eenitvami in \u010dasom [&hellip;]\" \/>\n<meta property=\"og:url\" content=\"https:\/\/castlepodsreda.com\/en\/ljubezen-je-za-druzine-na-gradu-podsreda-1-ali-2-noci\/\" \/>\n<meta property=\"og:site_name\" content=\"Grad Podsreda | Sobe in apartmaji | Grajska ponudba\" \/>\n<meta property=\"article:publisher\" content=\"https:\/\/www.facebook.com\/podsredacastle\" \/>\n<meta property=\"article:modified_time\" content=\"2023-12-06T12:04:19+00:00\" \/>\n<meta name=\"twitter:card\" content=\"summary_large_image\" \/>\n<meta name=\"twitter:label1\" content=\"Est. reading time\" \/>\n\t<meta name=\"twitter:data1\" content=\"8 minutes\" \/>\n<script type=\"application\/ld+json\" class=\"yoast-schema-graph\">{\"@context\":\"https:\/\/schema.org\",\"@graph\":[{\"@type\":\"WebPage\",\"@id\":\"https:\/\/castlepodsreda.com\/en\/ljubezen-je-za-druzine-na-gradu-podsreda-1-ali-2-noci\/\",\"url\":\"https:\/\/castlepodsreda.com\/en\/ljubezen-je-za-druzine-na-gradu-podsreda-1-ali-2-noci\/\",\"name\":\"ZIMSKE GRAJSKE PO\u010cITNICE ZA DRU\u017dINE NA GRADU PODSREDA \/\/ 1 NO\u010c | Grad Podsreda | Sobe in apartmaji | Grajska ponudba\",\"isPartOf\":{\"@id\":\"https:\/\/castlepodsreda.com\/en\/#website\"},\"datePublished\":\"2022-01-19T19:59:01+00:00\",\"dateModified\":\"2023-12-06T12:04:19+00:00\",\"breadcrumb\":{\"@id\":\"https:\/\/castlepodsreda.com\/en\/ljubezen-je-za-druzine-na-gradu-podsreda-1-ali-2-noci\/#breadcrumb\"},\"inLanguage\":\"en-US\",\"potentialAction\":[{\"@type\":\"ReadAction\",\"target\":[\"https:\/\/castlepodsreda.com\/en\/ljubezen-je-za-druzine-na-gradu-podsreda-1-ali-2-noci\/\"]}]},{\"@type\":\"BreadcrumbList\",\"@id\":\"https:\/\/castlepodsreda.com\/en\/ljubezen-je-za-druzine-na-gradu-podsreda-1-ali-2-noci\/#breadcrumb\",\"itemListElement\":[{\"@type\":\"ListItem\",\"position\":1,\"name\":\"Home\",\"item\":\"https:\/\/castlepodsreda.com\/en\/\"},{\"@type\":\"ListItem\",\"position\":2,\"name\":\"ZIMSKE GRAJSKE PO\u010cITNICE ZA DRU\u017dINE NA GRADU PODSREDA \/\/ 1 NO\u010c\"}]},{\"@type\":\"WebSite\",\"@id\":\"https:\/\/castlepodsreda.com\/en\/#website\",\"url\":\"https:\/\/castlepodsreda.com\/en\/\",\"name\":\"Grad Podsreda | Sobe in apartmaji | Grajska ponudba\",\"description\":\"Najbolj grajski med gradovi v Sloveniji\",\"publisher\":{\"@id\":\"https:\/\/castlepodsreda.com\/en\/#organization\"},\"potentialAction\":[{\"@type\":\"SearchAction\",\"target\":{\"@type\":\"EntryPoint\",\"urlTemplate\":\"https:\/\/castlepodsreda.com\/en\/?s={search_term_string}\"},\"query-input\":\"required name=search_term_string\"}],\"inLanguage\":\"en-US\"},{\"@type\":\"Organization\",\"@id\":\"https:\/\/castlepodsreda.com\/en\/#organization\",\"name\":\"Grad Podsreda | Sobe in apartmaji | Grajska ponudba\",\"url\":\"https:\/\/castlepodsreda.com\/en\/\",\"logo\":{\"@type\":\"ImageObject\",\"inLanguage\":\"en-US\",\"@id\":\"https:\/\/castlepodsreda.com\/en\/#\/schema\/logo\/image\/\",\"url\":\"https:\/\/castlepodsreda.com\/wp-content\/uploads\/2020\/04\/logo-grad-podsreda-2.jpg\",\"contentUrl\":\"https:\/\/castlepodsreda.com\/wp-content\/uploads\/2020\/04\/logo-grad-podsreda-2.jpg\",\"width\":576,\"height\":576,\"caption\":\"Grad Podsreda | Sobe in apartmaji | Grajska ponudba\"},\"image\":{\"@id\":\"https:\/\/castlepodsreda.com\/en\/#\/schema\/logo\/image\/\"},\"sameAs\":[\"https:\/\/www.instagram.com\/podsredacastle\/\",\"https:\/\/www.facebook.com\/podsredacastle\"]}]}<\/script>\n<!-- \/ Yoast SEO plugin. -->","yoast_head_json":{"title":"ZIMSKE GRAJSKE PO\u010cITNICE ZA DRU\u017dINE NA GRADU PODSREDA \/\/ 1 NO\u010c | Grad Podsreda | Sobe in apartmaji | Grajska ponudba","robots":{"index":"index","follow":"follow","max-snippet":"max-snippet:-1","max-image-preview":"max-image-preview:large","max-video-preview":"max-video-preview:-1"},"canonical":"https:\/\/castlepodsreda.com\/en\/ljubezen-je-za-druzine-na-gradu-podsreda-1-ali-2-noci\/","og_locale":"en_US","og_type":"article","og_title":"ZIMSKE GRAJSKE PO\u010cITNICE ZA DRU\u017dINE NA GRADU PODSREDA \/\/ 1 NO\u010c | Grad Podsreda | Sobe in apartmaji | Grajska ponudba","og_description":"[vc_row][vc_column cms_column_class=&#8221;rm-padding-lg&#8221; offset=&#8221;vc_col-lg-6 vc_col-md-6&#8243; css=&#8221;.vc_custom_1626261431680{padding-right: 63px !important;}&#8221;][cms_heading text=&#8221;\u010cas je, za nepozabne po\u010ditnice!&#8221; letter_spacing=&#8221;0.03em&#8221; sub_font_weight=&#8221;700&#8243; sub_font_style=&#8221;italic&#8221; sub_margin_bottom=&#8221;18&#8243; description=&#8221;Bli\u017eajo se zaslu\u017eene po\u010ditnice, ko si oddahnemo od napornih obveznosti in se dru\u017eimo s svojimi najdra\u017ejimi. V tem \u010dasu so pred vrati tudi prazniki ljubezni, ki se za\u010dnejo z dnevom zaljubljencev &#8211; Valentinovim, nadaljujejo s pti\u010djimi \u017eenitvami in \u010dasom [&hellip;]","og_url":"https:\/\/castlepodsreda.com\/en\/ljubezen-je-za-druzine-na-gradu-podsreda-1-ali-2-noci\/","og_site_name":"Grad Podsreda | Sobe in apartmaji | Grajska ponudba","article_publisher":"https:\/\/www.facebook.com\/podsredacastle","article_modified_time":"2023-12-06T12:04:19+00:00","twitter_card":"summary_large_image","twitter_misc":{"Est. reading time":"8 minutes"},"schema":{"@context":"https:\/\/schema.org","@graph":[{"@type":"WebPage","@id":"https:\/\/castlepodsreda.com\/en\/ljubezen-je-za-druzine-na-gradu-podsreda-1-ali-2-noci\/","url":"https:\/\/castlepodsreda.com\/en\/ljubezen-je-za-druzine-na-gradu-podsreda-1-ali-2-noci\/","name":"ZIMSKE GRAJSKE PO\u010cITNICE ZA DRU\u017dINE NA GRADU PODSREDA \/\/ 1 NO\u010c | Grad Podsreda | Sobe in apartmaji | Grajska ponudba","isPartOf":{"@id":"https:\/\/castlepodsreda.com\/en\/#website"},"datePublished":"2022-01-19T19:59:01+00:00","dateModified":"2023-12-06T12:04:19+00:00","breadcrumb":{"@id":"https:\/\/castlepodsreda.com\/en\/ljubezen-je-za-druzine-na-gradu-podsreda-1-ali-2-noci\/#breadcrumb"},"inLanguage":"en-US","potentialAction":[{"@type":"ReadAction","target":["https:\/\/castlepodsreda.com\/en\/ljubezen-je-za-druzine-na-gradu-podsreda-1-ali-2-noci\/"]}]},{"@type":"BreadcrumbList","@id":"https:\/\/castlepodsreda.com\/en\/ljubezen-je-za-druzine-na-gradu-podsreda-1-ali-2-noci\/#breadcrumb","itemListElement":[{"@type":"ListItem","position":1,"name":"Home","item":"https:\/\/castlepodsreda.com\/en\/"},{"@type":"ListItem","position":2,"name":"ZIMSKE GRAJSKE PO\u010cITNICE ZA DRU\u017dINE NA GRADU PODSREDA \/\/ 1 NO\u010c"}]},{"@type":"WebSite","@id":"https:\/\/castlepodsreda.com\/en\/#website","url":"https:\/\/castlepodsreda.com\/en\/","name":"Grad Podsreda | Sobe in apartmaji | Grajska ponudba","description":"Najbolj grajski med gradovi v Sloveniji","publisher":{"@id":"https:\/\/castlepodsreda.com\/en\/#organization"},"potentialAction":[{"@type":"SearchAction","target":{"@type":"EntryPoint","urlTemplate":"https:\/\/castlepodsreda.com\/en\/?s={search_term_string}"},"query-input":"required name=search_term_string"}],"inLanguage":"en-US"},{"@type":"Organization","@id":"https:\/\/castlepodsreda.com\/en\/#organization","name":"Grad Podsreda | Sobe in apartmaji | Grajska ponudba","url":"https:\/\/castlepodsreda.com\/en\/","logo":{"@type":"ImageObject","inLanguage":"en-US","@id":"https:\/\/castlepodsreda.com\/en\/#\/schema\/logo\/image\/","url":"https:\/\/castlepodsreda.com\/wp-content\/uploads\/2020\/04\/logo-grad-podsreda-2.jpg","contentUrl":"https:\/\/castlepodsreda.com\/wp-content\/uploads\/2020\/04\/logo-grad-podsreda-2.jpg","width":576,"height":576,"caption":"Grad Podsreda | Sobe in apartmaji | Grajska ponudba"},"image":{"@id":"https:\/\/castlepodsreda.com\/en\/#\/schema\/logo\/image\/"},"sameAs":["https:\/\/www.instagram.com\/podsredacastle\/","https:\/\/www.facebook.com\/podsredacastle"]}]}},"_links":{"self":[{"href":"https:\/\/castlepodsreda.com\/en\/wp-json\/wp\/v2\/pages\/22553"}],"collection":[{"href":"https:\/\/castlepodsreda.com\/en\/wp-json\/wp\/v2\/pages"}],"about":[{"href":"https:\/\/castlepodsreda.com\/en\/wp-json\/wp\/v2\/types\/page"}],"author":[{"embeddable":true,"href":"https:\/\/castlepodsreda.com\/en\/wp-json\/wp\/v2\/users\/1"}],"replies":[{"embeddable":true,"href":"https:\/\/castlepodsreda.com\/en\/wp-json\/wp\/v2\/comments?post=22553"}],"version-history":[{"count":4,"href":"https:\/\/castlepodsreda.com\/en\/wp-json\/wp\/v2\/pages\/22553\/revisions"}],"predecessor-version":[{"id":34822,"href":"https:\/\/castlepodsreda.com\/en\/wp-json\/wp\/v2\/pages\/22553\/revisions\/34822"}],"wp:attachment":[{"href":"https:\/\/castlepodsreda.com\/en\/wp-json\/wp\/v2\/media?parent=22553"}],"curies":[{"name":"wp","href":"https:\/\/api.w.org\/{rel}","templated":true}]}}