{"id":23670,"date":"2023-04-17T08:12:47","date_gmt":"2023-04-17T08:12:47","guid":{"rendered":"https:\/\/castlepodsreda.com\/?page_id=23670"},"modified":"2023-04-19T14:54:41","modified_gmt":"2023-04-19T14:54:41","slug":"castle-summer-retreat-for-couples-at-podsreda-castle-1-night","status":"publish","type":"page","link":"https:\/\/castlepodsreda.com\/en\/castle-summer-retreat-for-couples-at-podsreda-castle-1-night\/","title":{"rendered":"\u201cCASTLE SUMMER JUMPSTART PACKAGE\u201d FOR COUPLES AT PODSREDA CASTLE \/\/ 1 NIGHT"},"content":{"rendered":"<p>[vc_row][vc_column cms_column_class=&#8221;rm-padding-lg&#8221; offset=&#8221;vc_col-lg-6 vc_col-md-6&#8243; css=&#8221;.vc_custom_1626261431680{padding-right: 63px !important;}&#8221;][cms_heading text=&#8221;Jump into summer like a royal at Podsreda Castle!&#8221; letter_spacing=&#8221;0.03em&#8221; sub_font_weight=&#8221;700&#8243; sub_font_style=&#8221;italic&#8221; sub_margin_bottom=&#8221;18&#8243; description=&#8221;Start your day with a castle breakfast basket with local delicacies, visit a traditional water-powered mill and take a walk through the protected orchards of the Kozjansko Regional Park with a special bundle of local delicacies, and enjoy an &#8220;apple&#8220; picnic under the fruit trees. But that&#8217;s not all! Treat yourself to a castle pampering in a private wellness spa and end the day with a castle platter dinner with dessert in the Kozjanski Dvor restaurant. A unique castle experience you will never forget.<\/p>\n<p>Let Podsreda Castle become part of your summer story.&#8221; description_font_size=&#8221;18&#8243; description_line_height=&#8221;26&#8243; des_margin_bottom=&#8221;50&#8243; cms_template=&#8221;cms_heading&#8211;layout3.php&#8221; margin_bottom=&#8221;41&#8243; sub_title=&#8221;Summer is finally here. The perfect reason for a break! Enjoy an unforgettable castle holiday in a medieval castle and recharge your batteries in a colorful summer adventure with a mix of local cuisine and natural beauties, and pamper yourself in a private wellness spa.&#8221;][cms_space space_lg=&#8221;30&#8243; space_md=&#8221;55&#8243; space_sm=&#8221;32&#8243; space_xs=&#8221;32&#8243;][vc_column_text css=&#8221;.vc_custom_1681731229501{padding-top: 20px !important;padding-right: 20px !important;padding-bottom: 20px !important;padding-left: 20px !important;background-color: #d3ba9e !important;}&#8221;]<strong>Number of Nights:<\/strong> 1 \/ FULL BOARD (lunch, dinner, and breakfast included)<\/p>\n<p><strong>Number of persons:\u00a0<\/strong>2<br \/>\n<strong>The accommodation offers:\u00a0<\/strong>tour of Podsreda Castle, visit to the Visitor Centre of Kozjanski Park, sales corner of local producers, experience the full local offer in castle apartments and rooms, unlimited access to the common castle hall, outdoor fireplace, free internet \/ WI-FI, parking space<br \/>\n<strong>Accommodation type:\u00a0<\/strong>apartments and rooms****[\/vc_column_text][cms_heading text=&#8221;\u201cCASTLE SUMMER JUMPSTART PACKAGE\u201d for couples&#8221; tag=&#8221;h6&#8243; cms_template=&#8221;cms_heading&#8211;layout3.php&#8221; sub_title=&#8221;The package includes:&#8221;][cms_space space_lg=&#8221;30&#8243; space_md=&#8221;55&#8243; space_sm=&#8221;32&#8243; space_xs=&#8221;32&#8243;][cms_list cms_template=&#8221;cms_list&#8211;layout5.php&#8221; cms_list=&#8221;%5B%7B%22cms_list_item%22%3A%221%20night%20in%20one%20of%20the%20rooms%20in%20the%20four-star%20accommodation%20at%20Podsreda%20Castle%20for%202%20persons%3B%22%7D%2C%7B%22cms_list_item%22%3A%221%20castle%20breakfast%20basket%20with%20homemade%20delicacies%20for%202%20persons%3B%22%7D%2C%7B%22cms_list_item%22%3A%22Guided%20tour%20of%20Podsreda%20Castle%20with%20audio-guidance%20in%20several%20languages%20(SLO%2C%20EN%2C%20DE%2C%20IT%2C%20RUS)%3B%22%7D%2C%7B%22cms_list_item%22%3A%22Visit%20to%20the%20Kukovi%C4%8Di%C4%8D&#8217;s%20mill%20%26%20a%20tour%20of%20the%20process%20of%20grinding%20grain%20with%20a%20water-powered%20mill%3B%22%7D%2C%7B%22cms_list_item%22%3A%22At%20the%20mill%2C%20they%20will%20prepare%20a%20LOCAL%20BUNDLE%20OF%20GOODS%20(apple%20juice%202%20dcl%2C%20apple%20dessert%2C%20homemade%20spread%2C%20homemade%20bread%2C%20shots%20of%20homemade%20brandy%20or%20a%20honey%20biscuit)%2C%20which%20you%20will%20take%20with%20you%20to%20the%20orchards%20of%20the%20Kozjan%20Park%2C%20where%20more%20than%20100%20different%20varieties%20of%20apple%20trees%20and%20other%20fruit%20trees%20thrive%2C%20and%20enjoy%20an%20%5C%22apple%5C%22%20picnic%20beneath%20the%20apple%20trees%3B%22%7D%2C%7B%22cms_list_item%22%3A%22PRIVATE%20WELLNESS%20RENTAL%20in%20Kozjanski%20dvor%20in%20Kozje%20(for%202%20persons%3B%20120%20minutes)%3B%22%7D%2C%7B%22cms_list_item%22%3A%22a%20CASTLE%20DINNER%20PLATE%20for%20two%20in%20the%20Kozjanski%20dvor%20restaurant%20with%20dessert%3B%22%7D%2C%7B%22cms_list_item%22%3A%221%20l%20Natural%20apple%20juice%20from%20the%20Kozjansko%20Regional%20Park%20orchards%20%2F%20OR%20%2F%20Seasonally%20prepared%20herbal%20Castle%20Tea%20with%20100%25%20natural%2C%20hand-picked%20ingredients%20from%20the%20Kozjansko%20Regional%20Park%20(depending%20on%20the%20season)%3B%22%7D%2C%7B%22cms_list_item%22%3A%22Fresh%20apples%20or%20dried%20apple%20slices%20from%20the%20protected%20Kozjansko%20Regional%20Park%20tall-trunk%20orchards%2C%20where%20traditional%20varieties%20of%20Kozjansko%20apples%20grow%3B%22%7D%2C%7B%22cms_list_item%22%3A%22During%20opening%20hours%2C%20guests%20can%20visit%20all%20the%20castle&#8217;s%20rooms%20free%20of%20charge%20and%20have%20access%20to%20the%20castle%20atrium%20and%20the%20medieval%20kitchen%20at%20all%20times%3B%22%7D%2C%7B%22cms_list_item%22%3A%22Use%20of%20the%20OUTDOOR%20FIREPLACE%20in%20the%20Castle%20Courtyard%3B%22%7D%2C%7B%22cms_list_item%22%3A%22Unlimited%20access%20to%20the%20castle%20atrium%20and%20the%20castle%20guest%20hall%20with%20TV%20corner%2C%20coffee%20machine%2C%20wine%2C%20tea%20and%20book%20corner%3B%22%7D%2C%7B%22cms_list_item%22%3A%22Coffee%20to%20be%20prepared%20in%20a%20coffee%20maker%2C%20sugar%20and%20milk%3B%22%7D%2C%7B%22cms_list_item%22%3A%22Notepad%20and%20pen%20with%20the%20castle%20logo%3B%22%7D%2C%7B%22cms_list_item%22%3A%22Handmade%20natural%20hard%20hand%20soap%2C%20made%20from%20locally%20sourced%20raw%20materials%3B%22%7D%2C%7B%22cms_list_item%22%3A%22Free%20internet%20(WI-FI).%22%7D%5D&#8221; font_weight=&#8221;500&#8243;][cms_space][vc_message message_box_color=&#8221;chino&#8221; icon_fontawesome=&#8221;fas fa-exclamation-circle&#8221;]<\/p>\n<h4 style=\"text-align: center;\"><strong>Would you like to enhance your castle experience with a special romantic pampering?<\/strong><\/h4>\n<p style=\"text-align: center;\">Check out our offer of <a href=\"https:\/\/castlepodsreda.com\/en\/experiences\/massages-at-podsreda-castle\/\">castle massages<\/a> (from \u20ac 48 per person).<\/p>\n<p>[\/vc_message][cms_button button_text=&#8221;MASSAGES AT PODSREDA CASTLE&#8221; button_link=&#8221;url:https%3A%2F%2Fcastlepodsreda.com%2Fen%2Fexperiences%2Fmassages-at-podsreda-castle%2F|||&#8221; font_weight=&#8221;400&#8243; button_align=&#8221;center&#8221; button_align_md=&#8221;center&#8221; button_align_sm=&#8221;center&#8221; button_align_xs=&#8221;center&#8221;][\/vc_column][vc_column cms_column_class=&#8221;rm-padding-lg&#8221; offset=&#8221;vc_col-lg-6 vc_col-md-6&#8243; css=&#8221;.vc_custom_1569030444588{padding-left: 13px !important;}&#8221;][vc_single_image image=&#8221;23659&#8243; img_size=&#8221;full&#8221;][vc_single_image image=&#8221;15375&#8243; img_size=&#8221;full&#8221;][vc_single_image image=&#8221;23657&#8243; img_size=&#8221;full&#8221;][vc_single_image image=&#8221;10812&#8243; img_size=&#8221;full&#8221;][vc_single_image image=&#8221;23661&#8243; img_size=&#8221;full&#8221;][\/vc_column][\/vc_row][vc_row][vc_column][vc_separator][vc_tta_accordion color=&#8221;chino&#8221; spacing=&#8221;4&#8243; active_section=&#8221;1&#8243; no_fill=&#8221;true&#8221; collapsible_all=&#8221;true&#8221;][vc_tta_section title=&#8221;PRICE OF PACKAGE&#8221; tab_id=&#8221;1626263329059-8e9ca197-f870&#8243;][vc_separator color=&#8221;white&#8221; border_width=&#8221;2&#8243;][vc_column_text]<\/p>\n<h4 style=\"text-align: center;\">Price for a one-night package (full board &#8211; 2 persons):<\/h4>\n<h4 style=\"text-align: center;\">\u20ac 255.00<\/h4>\n<p>[\/vc_column_text][vc_separator color=&#8221;white&#8221; border_width=&#8221;2&#8243;][\/vc_tta_section][vc_tta_section title=&#8221;ADDITIONAL CHARGES&#8221; tab_id=&#8221;1626262051890-885fab22-d36d&#8221;][vc_separator color=&#8221;white&#8221; border_width=&#8221;2&#8243;][vc_column_text]<\/p>\n<p style=\"text-align: center;\">\u2013 Tourist tax including promotional fee:<\/p>\n<p style=\"text-align: center;\"><strong>Adults from 17 years:<\/strong> \u20ac 1.50\/day,<br \/>\n<strong>Children (7-17 years):<\/strong> \u20ac 0.75\/day<\/p>\n<p style=\"text-align: center;\">\u2013 Pets: \u20ac 15.00 per day;<\/p>\n<p style=\"text-align: center;\"><strong>\u2013 Surcharge for every ADDITIONAL DAY: <span class=\"cms-price\">\u20ac <\/span><span class=\"cms-price\">140.00<\/span><span class=\"cms-suffix\">;<\/span><\/strong><\/p>\n<p style=\"text-align: center;\">\u2013 Two-person apartment with a fully equipped kitchen is available for an extra charge of \u20ac 10 per night;<\/p>\n<p style=\"text-align: center;\">\u2013 Late departure\/early arrival \u2013 free of charge (subject to availability)<\/p>\n<p>[\/vc_column_text][vc_separator color=&#8221;white&#8221; border_width=&#8221;2&#8243;][\/vc_tta_section][vc_tta_section title=&#8221;PAYMENT TERMS&#8221; tab_id=&#8221;1626262051907-1d43d7c5-4f2d&#8221;][vc_separator color=&#8221;white&#8221; border_width=&#8221;2&#8243;][vc_column_text]<\/p>\n<p style=\"text-align: center;\">\u2013 In the event of late payment, we reserve the right to cancel the reservation;<br \/>\n\u2013 Free of charge amendments to a later date can be made if notified at least seven days in advance in writing to:\u00a0<a href=\"mailto:info@castlepodsreda.com\">info@castlepodsreda.com<\/a>[\/vc_column_text][vc_separator color=&#8221;white&#8221; border_width=&#8221;2&#8243;][\/vc_tta_section][vc_tta_section title=&#8221;HEALTH MEASURES&#8221; tab_id=&#8221;1626262383978-564f1629-1f08&#8243;][vc_separator color=&#8221;white&#8221; border_width=&#8221;2&#8243;][vc_column_text]<\/p>\n<p style=\"text-align: center;\"><strong><em>All accommodations are correctly cleaned and disinfected in accordance with hygiene and security measures for the safety of guests and staff.<\/em><\/strong><\/p>\n<p style=\"text-align: center;\">Check-in and key collection are contactless, and we also offer contactless payment and contactless food and beverage orders. If you do not wish to do so, we will not meet in person.<\/p>\n<p>[\/vc_column_text][vc_separator color=&#8221;white&#8221; border_width=&#8221;2&#8243;][\/vc_tta_section][\/vc_tta_accordion][vc_separator][\/vc_column][\/vc_row][vc_row][vc_column][vc_raw_html]JTVCbW9kdWxhJTIwaWQlM0QlMjI3OTY4JTIyJTVE[\/vc_raw_html][\/vc_column][\/vc_row][vc_row parallax=&#8221;content-moving&#8221; parallax_speed_bg=&#8221;&#8221; css=&#8221;.vc_custom_1626267016670{background-color: #212121 !important;background-position: center;background-repeat: no-repeat;background-size:cover;}&#8221;][vc_column css=&#8221;.vc_custom_1567223373306{padding-top: 0px !important;}&#8221;][cms_contact_form cms_template=&#8221;cms_contact_form&#8211;layout3.php&#8221; id=&#8221;23783&#8243; style_border=&#8221;has-border&#8221; title_color=&#8221;#ffffff&#8221; align_title=&#8221;center&#8221; align_desc=&#8221;center&#8221; bg_form_color=&#8221;#000000&#8243; title_form=&#8221;Book an experience or ask us a question&#8221; animation=&#8221;bounce&#8221;][\/vc_column][\/vc_row][vc_row disable_element=&#8221;yes&#8221;][vc_column][vc_column_text]Paket vklju\u010duje:<\/p>\n<p>\u2022 1 ali 2 no\u010ditvi v \u0161tirizvezdi\u010dnem dru\u017einskem Eminem apartmaju**** na Gradu Podsreda za vso dru\u017eino;<br \/>\n\u2022 1 ali 2 dru\u017einski grajski zajtrk ko\u0161arici doma\u010dih dobrot;<br \/>\n\u2022 Obisk Kukovi\u010di\u010devega mlina, ogled postopka mletja \u017eit z mlinom na vodo in poku\u0161ina doma\u010dih dobrot z ekolo\u0161ke kmetije (degustacija kruha, namaza, sok ali \u010daj) ter dogodiv\u0161\u010dina risanja po pi\u0161kotih.<br \/>\n\u2022 Sodelovanje v igri Lov na zaklad na gradu Podsreda za vso dru\u017eino z lepo pa tudi slastno nagrado;<br \/>\n\u2022 Ogled gradu Podsreda z avdio vodenjem;<br \/>\n\u2022 Grajski narezek za vso dru\u017eino, sestavljen iz izbranih doma\u010dih dobrot Kmetije Kunej;<br \/>\n\u2022 1 l Naravnega jabol\u010dnega soka iz Kozjanskega parka;<br \/>\n\u2022 Sve\u017ea jabolka ali jabol\u010dni krhlji iz za\u0161\u010ditenih kozjanskih visokodebelnih sadovnjakov, kjer uspevajo tradicionalne sorte kozjanskih jabolk;<br \/>\n\u2022 Sezonsko pripravljen zeli\u0161\u010dni Grajski \u010daj s 100% naravnimi, ro\u010dno nabranimi sestavinami iz Kozjanskega parka;<br \/>\n\u2022 Kava za pripravo v kuhalniku, sladkor in mleko;<br \/>\n\u2022 Bele\u017eka in pisalo z logotipom grajske namestitve;<br \/>\n\u2022 Ro\u010dno izdelano naravno trdo milo za roke, narejeno iz surovin iz lokalnega okolja;<br \/>\n\u2022 Brezpla\u010den internet (WI-FI).[\/vc_column_text][\/vc_column][\/vc_row][vc_row][vc_column][\/vc_column][\/vc_row]<\/p>\n","protected":false},"excerpt":{"rendered":"<p>[vc_row][vc_column cms_column_class=&#8221;rm-padding-lg&#8221; offset=&#8221;vc_col-lg-6 vc_col-md-6&#8243; css=&#8221;.vc_custom_1626261431680{padding-right: 63px !important;}&#8221;][cms_heading text=&#8221;Jump into summer like a royal at Podsreda Castle!&#8221; letter_spacing=&#8221;0.03em&#8221; sub_font_weight=&#8221;700&#8243; sub_font_style=&#8221;italic&#8221; sub_margin_bottom=&#8221;18&#8243; description=&#8221;Start your day with a castle breakfast basket with local delicacies, visit a traditional water-powered mill and take a walk through the protected orchards of the Kozjansko Regional Park with a special bundle of local [&hellip;]<\/p>\n","protected":false},"author":2,"featured_media":23645,"parent":0,"menu_order":0,"comment_status":"closed","ping_status":"closed","template":"","meta":[],"yoast_head":"<!-- This site is optimized with the Yoast SEO plugin v19.14 - https:\/\/yoast.com\/wordpress\/plugins\/seo\/ -->\n<title>\u201cCASTLE SUMMER JUMPSTART PACKAGE\u201d FOR COUPLES AT PODSREDA CASTLE \/\/ 1 NIGHT | Grad Podsreda | Sobe in apartmaji | Grajska ponudba<\/title>\n<meta name=\"description\" content=\"Enjoy an unforgettable castle holiday in a medieval castle and recharge your batteries in a colorful summer adventure with a mix of local cuisine and natural beauties, and pamper yourself in a private wellness spa.\" \/>\n<meta name=\"robots\" content=\"index, follow, max-snippet:-1, max-image-preview:large, max-video-preview:-1\" \/>\n<link rel=\"canonical\" href=\"https:\/\/castlepodsreda.com\/en\/castle-summer-retreat-for-couples-at-podsreda-castle-1-night\/\" \/>\n<meta property=\"og:locale\" content=\"en_US\" \/>\n<meta property=\"og:type\" content=\"article\" \/>\n<meta property=\"og:title\" content=\"\u201cCASTLE SUMMER JUMPSTART PACKAGE\u201d FOR COUPLES AT PODSREDA CASTLE \/\/ 1 NIGHT | Grad Podsreda | Sobe in apartmaji | Grajska ponudba\" \/>\n<meta property=\"og:description\" content=\"Enjoy an unforgettable castle holiday in a medieval castle and recharge your batteries in a colorful summer adventure with a mix of local cuisine and natural beauties, and pamper yourself in a private wellness spa.\" \/>\n<meta property=\"og:url\" content=\"https:\/\/castlepodsreda.com\/en\/castle-summer-retreat-for-couples-at-podsreda-castle-1-night\/\" \/>\n<meta property=\"og:site_name\" content=\"Grad Podsreda | Sobe in apartmaji | Grajska ponudba\" \/>\n<meta property=\"article:publisher\" content=\"https:\/\/www.facebook.com\/podsredacastle\" \/>\n<meta property=\"article:modified_time\" content=\"2023-04-19T14:54:41+00:00\" \/>\n<meta property=\"og:image\" content=\"https:\/\/castlepodsreda.com\/wp-content\/uploads\/2023\/04\/Paketi-grad-Podsreda_Podsreda-castle_packages_Rooms-and-apartments-at-the-castle_1-280.jpg\" \/>\n\t<meta property=\"og:image:width\" content=\"1000\" \/>\n\t<meta property=\"og:image:height\" content=\"1500\" \/>\n\t<meta property=\"og:image:type\" content=\"image\/jpeg\" \/>\n<meta name=\"twitter:card\" content=\"summary_large_image\" \/>\n<meta name=\"twitter:label1\" content=\"Est. reading time\" \/>\n\t<meta name=\"twitter:data1\" content=\"4 minutes\" \/>\n<script type=\"application\/ld+json\" class=\"yoast-schema-graph\">{\"@context\":\"https:\/\/schema.org\",\"@graph\":[{\"@type\":\"WebPage\",\"@id\":\"https:\/\/castlepodsreda.com\/en\/castle-summer-retreat-for-couples-at-podsreda-castle-1-night\/\",\"url\":\"https:\/\/castlepodsreda.com\/en\/castle-summer-retreat-for-couples-at-podsreda-castle-1-night\/\",\"name\":\"\u201cCASTLE SUMMER JUMPSTART PACKAGE\u201d FOR COUPLES AT PODSREDA CASTLE \/\/ 1 NIGHT | Grad Podsreda | Sobe in apartmaji | Grajska ponudba\",\"isPartOf\":{\"@id\":\"https:\/\/castlepodsreda.com\/en\/#website\"},\"datePublished\":\"2023-04-17T08:12:47+00:00\",\"dateModified\":\"2023-04-19T14:54:41+00:00\",\"description\":\"Enjoy an unforgettable castle holiday in a medieval castle and recharge your batteries in a colorful summer adventure with a mix of local cuisine and natural beauties, and pamper yourself in a private wellness spa.\",\"breadcrumb\":{\"@id\":\"https:\/\/castlepodsreda.com\/en\/castle-summer-retreat-for-couples-at-podsreda-castle-1-night\/#breadcrumb\"},\"inLanguage\":\"en-US\",\"potentialAction\":[{\"@type\":\"ReadAction\",\"target\":[\"https:\/\/castlepodsreda.com\/en\/castle-summer-retreat-for-couples-at-podsreda-castle-1-night\/\"]}]},{\"@type\":\"BreadcrumbList\",\"@id\":\"https:\/\/castlepodsreda.com\/en\/castle-summer-retreat-for-couples-at-podsreda-castle-1-night\/#breadcrumb\",\"itemListElement\":[{\"@type\":\"ListItem\",\"position\":1,\"name\":\"Home\",\"item\":\"https:\/\/castlepodsreda.com\/en\/\"},{\"@type\":\"ListItem\",\"position\":2,\"name\":\"\u201cCASTLE SUMMER JUMPSTART PACKAGE\u201d FOR COUPLES AT PODSREDA CASTLE \/\/ 1 NIGHT\"}]},{\"@type\":\"WebSite\",\"@id\":\"https:\/\/castlepodsreda.com\/en\/#website\",\"url\":\"https:\/\/castlepodsreda.com\/en\/\",\"name\":\"Grad Podsreda | Sobe in apartmaji | Grajska ponudba\",\"description\":\"Najbolj grajski med gradovi v Sloveniji\",\"publisher\":{\"@id\":\"https:\/\/castlepodsreda.com\/en\/#organization\"},\"potentialAction\":[{\"@type\":\"SearchAction\",\"target\":{\"@type\":\"EntryPoint\",\"urlTemplate\":\"https:\/\/castlepodsreda.com\/en\/?s={search_term_string}\"},\"query-input\":\"required name=search_term_string\"}],\"inLanguage\":\"en-US\"},{\"@type\":\"Organization\",\"@id\":\"https:\/\/castlepodsreda.com\/en\/#organization\",\"name\":\"Grad Podsreda | Sobe in apartmaji | Grajska ponudba\",\"url\":\"https:\/\/castlepodsreda.com\/en\/\",\"logo\":{\"@type\":\"ImageObject\",\"inLanguage\":\"en-US\",\"@id\":\"https:\/\/castlepodsreda.com\/en\/#\/schema\/logo\/image\/\",\"url\":\"https:\/\/castlepodsreda.com\/wp-content\/uploads\/2020\/04\/logo-grad-podsreda-2.jpg\",\"contentUrl\":\"https:\/\/castlepodsreda.com\/wp-content\/uploads\/2020\/04\/logo-grad-podsreda-2.jpg\",\"width\":576,\"height\":576,\"caption\":\"Grad Podsreda | Sobe in apartmaji | Grajska ponudba\"},\"image\":{\"@id\":\"https:\/\/castlepodsreda.com\/en\/#\/schema\/logo\/image\/\"},\"sameAs\":[\"https:\/\/www.instagram.com\/podsredacastle\/\",\"https:\/\/www.facebook.com\/podsredacastle\"]}]}<\/script>\n<!-- \/ Yoast SEO plugin. -->","yoast_head_json":{"title":"\u201cCASTLE SUMMER JUMPSTART PACKAGE\u201d FOR COUPLES AT PODSREDA CASTLE \/\/ 1 NIGHT | Grad Podsreda | Sobe in apartmaji | Grajska ponudba","description":"Enjoy an unforgettable castle holiday in a medieval castle and recharge your batteries in a colorful summer adventure with a mix of local cuisine and natural beauties, and pamper yourself in a private wellness spa.","robots":{"index":"index","follow":"follow","max-snippet":"max-snippet:-1","max-image-preview":"max-image-preview:large","max-video-preview":"max-video-preview:-1"},"canonical":"https:\/\/castlepodsreda.com\/en\/castle-summer-retreat-for-couples-at-podsreda-castle-1-night\/","og_locale":"en_US","og_type":"article","og_title":"\u201cCASTLE SUMMER JUMPSTART PACKAGE\u201d FOR COUPLES AT PODSREDA CASTLE \/\/ 1 NIGHT | Grad Podsreda | Sobe in apartmaji | Grajska ponudba","og_description":"Enjoy an unforgettable castle holiday in a medieval castle and recharge your batteries in a colorful summer adventure with a mix of local cuisine and natural beauties, and pamper yourself in a private wellness spa.","og_url":"https:\/\/castlepodsreda.com\/en\/castle-summer-retreat-for-couples-at-podsreda-castle-1-night\/","og_site_name":"Grad Podsreda | Sobe in apartmaji | Grajska ponudba","article_publisher":"https:\/\/www.facebook.com\/podsredacastle","article_modified_time":"2023-04-19T14:54:41+00:00","og_image":[{"width":1000,"height":1500,"url":"https:\/\/castlepodsreda.com\/wp-content\/uploads\/2023\/04\/Paketi-grad-Podsreda_Podsreda-castle_packages_Rooms-and-apartments-at-the-castle_1-280.jpg","type":"image\/jpeg"}],"twitter_card":"summary_large_image","twitter_misc":{"Est. reading time":"4 minutes"},"schema":{"@context":"https:\/\/schema.org","@graph":[{"@type":"WebPage","@id":"https:\/\/castlepodsreda.com\/en\/castle-summer-retreat-for-couples-at-podsreda-castle-1-night\/","url":"https:\/\/castlepodsreda.com\/en\/castle-summer-retreat-for-couples-at-podsreda-castle-1-night\/","name":"\u201cCASTLE SUMMER JUMPSTART PACKAGE\u201d FOR COUPLES AT PODSREDA CASTLE \/\/ 1 NIGHT | Grad Podsreda | Sobe in apartmaji | Grajska ponudba","isPartOf":{"@id":"https:\/\/castlepodsreda.com\/en\/#website"},"datePublished":"2023-04-17T08:12:47+00:00","dateModified":"2023-04-19T14:54:41+00:00","description":"Enjoy an unforgettable castle holiday in a medieval castle and recharge your batteries in a colorful summer adventure with a mix of local cuisine and natural beauties, and pamper yourself in a private wellness spa.","breadcrumb":{"@id":"https:\/\/castlepodsreda.com\/en\/castle-summer-retreat-for-couples-at-podsreda-castle-1-night\/#breadcrumb"},"inLanguage":"en-US","potentialAction":[{"@type":"ReadAction","target":["https:\/\/castlepodsreda.com\/en\/castle-summer-retreat-for-couples-at-podsreda-castle-1-night\/"]}]},{"@type":"BreadcrumbList","@id":"https:\/\/castlepodsreda.com\/en\/castle-summer-retreat-for-couples-at-podsreda-castle-1-night\/#breadcrumb","itemListElement":[{"@type":"ListItem","position":1,"name":"Home","item":"https:\/\/castlepodsreda.com\/en\/"},{"@type":"ListItem","position":2,"name":"\u201cCASTLE SUMMER JUMPSTART PACKAGE\u201d FOR COUPLES AT PODSREDA CASTLE \/\/ 1 NIGHT"}]},{"@type":"WebSite","@id":"https:\/\/castlepodsreda.com\/en\/#website","url":"https:\/\/castlepodsreda.com\/en\/","name":"Grad Podsreda | Sobe in apartmaji | Grajska ponudba","description":"Najbolj grajski med gradovi v Sloveniji","publisher":{"@id":"https:\/\/castlepodsreda.com\/en\/#organization"},"potentialAction":[{"@type":"SearchAction","target":{"@type":"EntryPoint","urlTemplate":"https:\/\/castlepodsreda.com\/en\/?s={search_term_string}"},"query-input":"required name=search_term_string"}],"inLanguage":"en-US"},{"@type":"Organization","@id":"https:\/\/castlepodsreda.com\/en\/#organization","name":"Grad Podsreda | Sobe in apartmaji | Grajska ponudba","url":"https:\/\/castlepodsreda.com\/en\/","logo":{"@type":"ImageObject","inLanguage":"en-US","@id":"https:\/\/castlepodsreda.com\/en\/#\/schema\/logo\/image\/","url":"https:\/\/castlepodsreda.com\/wp-content\/uploads\/2020\/04\/logo-grad-podsreda-2.jpg","contentUrl":"https:\/\/castlepodsreda.com\/wp-content\/uploads\/2020\/04\/logo-grad-podsreda-2.jpg","width":576,"height":576,"caption":"Grad Podsreda | Sobe in apartmaji | Grajska ponudba"},"image":{"@id":"https:\/\/castlepodsreda.com\/en\/#\/schema\/logo\/image\/"},"sameAs":["https:\/\/www.instagram.com\/podsredacastle\/","https:\/\/www.facebook.com\/podsredacastle"]}]}},"_links":{"self":[{"href":"https:\/\/castlepodsreda.com\/en\/wp-json\/wp\/v2\/pages\/23670"}],"collection":[{"href":"https:\/\/castlepodsreda.com\/en\/wp-json\/wp\/v2\/pages"}],"about":[{"href":"https:\/\/castlepodsreda.com\/en\/wp-json\/wp\/v2\/types\/page"}],"author":[{"embeddable":true,"href":"https:\/\/castlepodsreda.com\/en\/wp-json\/wp\/v2\/users\/2"}],"replies":[{"embeddable":true,"href":"https:\/\/castlepodsreda.com\/en\/wp-json\/wp\/v2\/comments?post=23670"}],"version-history":[{"count":12,"href":"https:\/\/castlepodsreda.com\/en\/wp-json\/wp\/v2\/pages\/23670\/revisions"}],"predecessor-version":[{"id":23785,"href":"https:\/\/castlepodsreda.com\/en\/wp-json\/wp\/v2\/pages\/23670\/revisions\/23785"}],"wp:featuredmedia":[{"embeddable":true,"href":"https:\/\/castlepodsreda.com\/en\/wp-json\/wp\/v2\/media\/23645"}],"wp:attachment":[{"href":"https:\/\/castlepodsreda.com\/en\/wp-json\/wp\/v2\/media?parent=23670"}],"curies":[{"name":"wp","href":"https:\/\/api.w.org\/{rel}","templated":true}]}}