{"id":25505,"date":"2023-09-20T15:40:13","date_gmt":"2023-09-20T15:40:13","guid":{"rendered":"https:\/\/castlepodsreda.com\/?page_id=25505"},"modified":"2023-11-07T09:51:40","modified_gmt":"2023-11-07T09:51:40","slug":"autumn-getaway-for-two-at-podsreda-castle","status":"publish","type":"page","link":"https:\/\/castlepodsreda.com\/en\/autumn-getaway-for-two-at-podsreda-castle\/","title":{"rendered":"AUTUMN GETAWAY FOR TWO AT PODSREDA CASTLE \/ 1 NIGHT"},"content":{"rendered":"<p>[vc_row][vc_column cms_column_class=&#8221;rm-padding-lg&#8221; offset=&#8221;vc_col-lg-6 vc_col-md-6&#8243; css=&#8221;.vc_custom_1626261431680{padding-right: 63px !important;}&#8221;][cms_heading text=&#8221;Fall in Love with Autumn at Podsreda Castle&#8221; letter_spacing=&#8221;0.03em&#8221; sub_font_weight=&#8221;700&#8243; sub_font_style=&#8221;italic&#8221; sub_margin_bottom=&#8221;18&#8243; description=&#8221;Experience autumn in all its beauty and flavor at Podsreda Castle. Let it become a part of your autumn story, one that you&#8217;ll carry in your hearts for a long time.<\/p>\n<p>Reserve now and prepare for a wonderful autumn experience for two!&#8221; description_font_size=&#8221;18&#8243; description_line_height=&#8221;26&#8243; des_margin_bottom=&#8221;50&#8243; cms_template=&#8221;cms_heading&#8211;layout3.php&#8221; margin_bottom=&#8221;41&#8243; sub_title=&#8221;Autumn has arrived, and with it comes the perfect time for a romantic getaway at Podsreda Castle, where you can immerse yourselves in the charms of this colorful season. Come and taste everything that autumn in Kozjansko has in store for you, from vibrant forests to fresh harvests and local cuisine.&#8221;][cms_space space_lg=&#8221;30&#8243; space_md=&#8221;55&#8243; space_sm=&#8221;32&#8243; space_xs=&#8221;32&#8243;][vc_column_text css=&#8221;.vc_custom_1695281854098{padding-top: 20px !important;padding-right: 20px !important;padding-bottom: 20px !important;padding-left: 20px !important;background-color: #d3ba9e !important;}&#8221;]<strong>Number of nights:<\/strong> 1 \/ FULL PENSION (lunch, dinner and breakfast included)<\/p>\n<p><strong>Number of persons:<\/strong> 2<br \/>\n<strong>Accommodation offer: <\/strong>audio tour of Podsreda Castle, visit to the Visitor Centre of the Kozjanski Park, sales corner of local producers, experience of the complete local offer in the castle apartments and rooms, unlimited access to the common castle hall, outdoor fireplace, free internet \/ WI-FI, parking place<br \/>\n<strong>Accommodation type:<\/strong> Room at the Castle**** (apartment at extra charge)[\/vc_column_text][cms_heading text=&#8221;Autumn Getaway for Two at Podsreda Castle&#8221; tag=&#8221;h6&#8243; cms_template=&#8221;cms_heading&#8211;layout3.php&#8221; sub_title=&#8221;Here&#8217;s what awaits you:&#8221;][cms_list cms_template=&#8221;cms_list&#8211;layout5.php&#8221; cms_list=&#8221;%5B%7B%22cms_list_item%22%3A%22A%20night%20in%20one%20of%20the%20four-star%20rooms%20at%20Podsreda%20Castle%20for%202%20persons.%20Indulge%20in%20the%20enchanting%20ambiance%20of%20the%20medieval%20castle%3B%22%7D%2C%7B%22cms_list_item%22%3A%22Castle%20breakfast%20basket%20filled%20with%20an%20abundance%20of%20local%20treats%20for%202%20persons.%20Let%20your%20day%20begin%20with%20the%20true%20taste%20of%20the%20region%3B%22%7D%2C%7B%22cms_list_item%22%3A%22Guided%20tour%20of%20Podsreda%20Castle%20with%20an%20audio%20guide%20(SLO%2C%20EN%2C%20DE%2C%20IT%2C%20RUS)%20that%20will%20bring%20you%20closer%20to%20the%20rich%20history%20and%20cultural%20heritage%20of%20the%20castle%3B%22%7D%2C%7B%22cms_list_item%22%3A%22visit%20and%20tour%20of%20the%20KUKOVI%C4%8CI%C4%8C%20MILL%20in%20Podsreda%2C%20which%20is%20one%20of%20the%20few%20working%20water%20mills%20in%20Slovenia%20today.%20There%20you%20will%20be%20greeted%20with%20an%20authentic%20culinary%20experience%2C%20the%20KOZJANSKA%20BUNDLE%20OF%20DELIGHTS%20(apple%20juice%202%20dcl%2C%20apple%20dessert%2C%20homemade%20spread%2C%20homemade%20bread%2C%20shots%20of%20homemade%20brandy%20%26%20honey%20biscuits)%2C%20which%20you%20will%20take%20with%20you%20to%20the%20Kozjansko%20Regional%20Park%20Orchard%2C%20where%20more%20than%20100%20different%20varieties%20of%20apple%20trees%20and%20other%20fruit%20trees%20grow%2C%20to%20enjoy%20an%20%5C%22apple%5C%22%20picnic%3B%22%7D%2C%7B%22cms_list_item%22%3A%22PRIVATE%20WELLNESS%20RENTAL%20at%20Kozjanski%20Dvor%20in%20Kozje%2C%20where%20you%20can%20relax%20together%20(for%202%20persons%3B%20120%20minutes)%3B%22%7D%2C%7B%22cms_list_item%22%3A%22CASTLE%20PLATE%20for%20two%20at%20Kozjanski%20Dvor%20with%20dessert.%20Taste%20selected%20homemade%20delicacies.%22%7D%5D&#8221; font_weight=&#8221;500&#8243;][cms_heading tag=&#8221;h6&#8243; cms_template=&#8221;cms_heading&#8211;layout3.php&#8221; sub_title=&#8221;Extra Benefits:&#8221;][cms_list cms_template=&#8221;cms_list&#8211;layout5.php&#8221; cms_list=&#8221;%5B%7B%22cms_list_item%22%3A%22During%20opening%20hours%2C%20guests%20can%20visit%20all%20the%20castle&#8217;s%20rooms%20free%20of%20charge%20and%20have%20access%20to%20the%20castle%20atrium%20and%20the%20medieval%20kitchen%20at%20all%20times%3B%22%7D%2C%7B%22cms_list_item%22%3A%22Use%20of%20the%20OUTDOOR%20FIREPLACE%20for%20the%20perfect%20autumn%20atmosphere%3B%22%7D%2C%7B%22cms_list_item%22%3A%22Seasonal%20Herbal%20Castle%20Tea%20made%20with%20ingredients%20from%20Kozjansko%20Park%3B%22%7D%2C%7B%22cms_list_item%22%3A%22Natural%20Apple%20Juice%20from%20various%20Kozjansko%20apple%20varieties%20from%20Kozjansko%20Park%3B%22%7D%2C%7B%22cms_list_item%22%3A%22Unlimited%20Access%20to%20the%20Castle%20Atrium%20and%20Castle%20Hall%20with%20a%20TV%20corner%2C%20coffee%2C%20tee%20and%20wine%20corner%2C%20and%20book%20nook%3B%22%7D%2C%7B%22cms_list_item%22%3A%22%20Free%20Wi-Fi%20%26%20parking.%22%7D%5D&#8221; font_weight=&#8221;500&#8243;][cms_space][vc_message message_box_color=&#8221;chino&#8221; icon_fontawesome=&#8221;fas fa-exclamation-circle&#8221;]<\/p>\n<p style=\"text-align: center;\"><strong>Would you like to enhance your castle experience with a special romantic pampering?<\/strong><\/p>\n<p style=\"text-align: center;\">Check out our offer of castle massages &#8211; from \u20ac 48 per person.<\/p>\n<p style=\"text-align: center;\">More info about the offer of <a href=\"https:\/\/castlepodsreda.com\/en\/experiences\/massages-at-podsreda-castle\/\">CASTLE MASSAGES<\/a> at Podsreda Castle.<\/p>\n<p>[\/vc_message][cms_button button_text=&#8221;MASSAGES AT PODSREDA CASTLE&#8221; button_link=&#8221;url:https%3A%2F%2Fcastlepodsreda.com%2Fen%2Fexperiences%2Fmassages-at-podsreda-castle%2F|||&#8221; font_weight=&#8221;400&#8243; button_align=&#8221;center&#8221; button_align_md=&#8221;center&#8221; button_align_sm=&#8221;center&#8221; button_align_xs=&#8221;center&#8221;][\/vc_column][vc_column cms_column_class=&#8221;rm-padding-lg&#8221; offset=&#8221;vc_col-lg-6 vc_col-md-6&#8243; css=&#8221;.vc_custom_1569030444588{padding-left: 13px !important;}&#8221;][vc_single_image image=&#8221;25382&#8243; img_size=&#8221;full&#8221;][vc_single_image image=&#8221;23657&#8243; img_size=&#8221;full&#8221;][vc_single_image image=&#8221;9741&#8243; img_size=&#8221;full&#8221;][vc_single_image image=&#8221;25488&#8243; img_size=&#8221;full&#8221;][vc_single_image image=&#8221;10812&#8243; img_size=&#8221;full&#8221;][\/vc_column][\/vc_row][vc_row][vc_column][vc_separator][vc_tta_accordion color=&#8221;chino&#8221; spacing=&#8221;4&#8243; active_section=&#8221;1&#8243; no_fill=&#8221;true&#8221; collapsible_all=&#8221;true&#8221;][vc_tta_section title=&#8221;PACKAGE PRICE&#8221; tab_id=&#8221;1626263329059-8e9ca197-f870&#8243;][vc_separator color=&#8221;white&#8221; border_width=&#8221;2&#8243;][vc_column_text]<\/p>\n<h4><\/h4>\n<h4 style=\"text-align: center;\">Price for a one-night package (full board &#8211; 2 persons):<br \/>\n245,00 \u20ac<\/h4>\n<p>[\/vc_column_text][vc_separator color=&#8221;white&#8221; border_width=&#8221;2&#8243;][\/vc_tta_section][vc_tta_section title=&#8221;EXTRA COSTS&#8221; tab_id=&#8221;1626262051890-885fab22-d36d&#8221;][vc_separator color=&#8221;white&#8221; border_width=&#8221;2&#8243;][vc_column_text]<\/p>\n<p style=\"text-align: center;\">&#8211; Tourist tax including promotional fee:<\/p>\n<p style=\"text-align: center;\">Adults from 17 years: \u20ac 1.50\/day,<br \/>\nChildren (7-17 years): 0.75 \u20ac\/day<\/p>\n<p style=\"text-align: center;\">&#8211; Pets: 15 \u20ac\/day;<\/p>\n<p style=\"text-align: center;\">\n<p style=\"text-align: center;\">&#8211; Late departure\/early arrival &#8211;<br \/>\nFree of charge (subject to availability).<\/p>\n<p>[\/vc_column_text][vc_separator color=&#8221;white&#8221; border_width=&#8221;2&#8243;][\/vc_tta_section][vc_tta_section title=&#8221;PAYMENT TERMS&#8221; tab_id=&#8221;1626262051907-1d43d7c5-4f2d&#8221;][vc_separator color=&#8221;white&#8221; border_width=&#8221;2&#8243;][vc_column_text]<\/p>\n<p style=\"text-align: center;\">&#8211; In the event of late payment, we reserve the right to cancel the reservation;<br \/>\n&#8211; Free of charge re-booking to a later date is possible if notified at least seven days in advance in writing to <a href=\"mailto:info@castlepodsreda.com\">info@castlepodsreda.com<\/a>.[\/vc_column_text][vc_separator color=&#8221;white&#8221; border_width=&#8221;2&#8243;][\/vc_tta_section][vc_tta_section title=&#8221;SAFETY MEASURES&#8221; tab_id=&#8221;1626262383978-564f1629-1f08&#8243;][vc_separator color=&#8221;white&#8221; border_width=&#8221;2&#8243;][vc_separator color=&#8221;white&#8221; border_width=&#8221;2&#8243;][vc_column_text]<\/p>\n<p style=\"text-align: center;\"><strong>All accommodation is correctly cleaned in accordance with hygiene and security measures for the safety of guests and staff.<\/strong><\/p>\n<p style=\"text-align: center;\">Check-in and key collection are optionally contactless, and we also offer contactless payment and contactless ordering of food and beverages.<\/p>\n<p>[\/vc_column_text][vc_separator color=&#8221;white&#8221; border_width=&#8221;2&#8243;][\/vc_tta_section][\/vc_tta_accordion][vc_separator][\/vc_column][\/vc_row][vc_row][vc_column][vc_raw_html]JTVCbW9kdWxhJTIwaWQlM0QlMjI3OTY4JTIyJTVE[\/vc_raw_html][\/vc_column][\/vc_row][vc_row parallax=&#8221;content-moving&#8221; parallax_speed_bg=&#8221;&#8221; css=&#8221;.vc_custom_1626267016670{background-color: #212121 !important;background-position: center;background-repeat: no-repeat;background-size:cover;}&#8221;][vc_column css=&#8221;.vc_custom_1567223373306{padding-top: 0px !important;}&#8221;][cms_contact_form cms_template=&#8221;cms_contact_form&#8211;layout3.php&#8221; id=&#8221;25588&#8243; style_border=&#8221;has-border&#8221; title_color=&#8221;#ffffff&#8221; align_title=&#8221;center&#8221; align_desc=&#8221;center&#8221; bg_form_color=&#8221;#000000&#8243; title_form=&#8221;Book an experience or ask us a question&#8221; animation=&#8221;bounce&#8221;][\/vc_column][\/vc_row][vc_row disable_element=&#8221;yes&#8221;][vc_column][vc_column_text]Paket vklju\u010duje:<\/p>\n<p>\u2022 1 ali 2 no\u010ditvi v \u0161tirizvezdi\u010dnem dru\u017einskem Eminem apartmaju**** na Gradu Podsreda za vso dru\u017eino;<br \/>\n\u2022 1 ali 2 dru\u017einski grajski zajtrk ko\u0161arici doma\u010dih dobrot;<br \/>\n\u2022 Obisk Kukovi\u010di\u010devega mlina, ogled postopka mletja \u017eit z mlinom na vodo in poku\u0161ina doma\u010dih dobrot z ekolo\u0161ke kmetije (degustacija kruha, namaza, sok ali \u010daj) ter dogodiv\u0161\u010dina risanja po pi\u0161kotih.<br \/>\n\u2022 Sodelovanje v igri Lov na zaklad na gradu Podsreda za vso dru\u017eino z lepo pa tudi slastno nagrado;<br \/>\n\u2022 Ogled gradu Podsreda z avdio vodenjem;<br \/>\n\u2022 Grajski narezek za vso dru\u017eino, sestavljen iz izbranih doma\u010dih dobrot Kmetije Kunej;<br \/>\n\u2022 1 l Naravnega jabol\u010dnega soka iz Kozjanskega parka;<br \/>\n\u2022 Sve\u017ea jabolka ali jabol\u010dni krhlji iz za\u0161\u010ditenih kozjanskih visokodebelnih sadovnjakov, kjer uspevajo tradicionalne sorte kozjanskih jabolk;<br \/>\n\u2022 Sezonsko pripravljen zeli\u0161\u010dni Grajski \u010daj s 100% naravnimi, ro\u010dno nabranimi sestavinami iz Kozjanskega parka;<br \/>\n\u2022 Kava za pripravo v kuhalniku, sladkor in mleko;<br \/>\n\u2022 Bele\u017eka in pisalo z logotipom grajske namestitve;<br \/>\n\u2022 Ro\u010dno izdelano naravno trdo milo za roke, narejeno iz surovin iz lokalnega okolja;<br \/>\n\u2022 Brezpla\u010den internet (WI-FI).[\/vc_column_text][\/vc_column][\/vc_row][vc_row][vc_column][\/vc_column][\/vc_row]<\/p>\n","protected":false},"excerpt":{"rendered":"<p>[vc_row][vc_column cms_column_class=&#8221;rm-padding-lg&#8221; offset=&#8221;vc_col-lg-6 vc_col-md-6&#8243; css=&#8221;.vc_custom_1626261431680{padding-right: 63px !important;}&#8221;][cms_heading text=&#8221;Fall in Love with Autumn at Podsreda Castle&#8221; letter_spacing=&#8221;0.03em&#8221; sub_font_weight=&#8221;700&#8243; sub_font_style=&#8221;italic&#8221; sub_margin_bottom=&#8221;18&#8243; description=&#8221;Experience autumn in all its beauty and flavor at Podsreda Castle. Let it become a part of your autumn story, one that you&#8217;ll carry in your hearts for a long time. Reserve now and prepare for [&hellip;]<\/p>\n","protected":false},"author":2,"featured_media":23645,"parent":0,"menu_order":0,"comment_status":"closed","ping_status":"closed","template":"","meta":[],"yoast_head":"<!-- This site is optimized with the Yoast SEO plugin v19.14 - https:\/\/yoast.com\/wordpress\/plugins\/seo\/ -->\n<title>AUTUMN GETAWAY FOR TWO AT PODSREDA CASTLE \/ 1 NIGHT | Grad Podsreda | Sobe in apartmaji | Grajska ponudba<\/title>\n<meta name=\"description\" content=\"Nepozabne JESENSKE GRAJSKE PO\u010cITNICE na srednjeve\u0161kem Gradu Podsreda. Napolnite baterije v barviti jesenski pustolov\u0161\u010dini s prepletom doma\u010de kulinarike in lepot jesenske narave.\" \/>\n<meta name=\"robots\" content=\"index, follow, max-snippet:-1, max-image-preview:large, max-video-preview:-1\" \/>\n<link rel=\"canonical\" href=\"https:\/\/castlepodsreda.com\/en\/autumn-getaway-for-two-at-podsreda-castle\/\" \/>\n<meta property=\"og:locale\" content=\"en_US\" \/>\n<meta property=\"og:type\" content=\"article\" \/>\n<meta property=\"og:title\" content=\"AUTUMN GETAWAY FOR TWO AT PODSREDA CASTLE \/ 1 NIGHT | Grad Podsreda | Sobe in apartmaji | Grajska ponudba\" \/>\n<meta property=\"og:description\" content=\"Nepozabne JESENSKE GRAJSKE PO\u010cITNICE na srednjeve\u0161kem Gradu Podsreda. Napolnite baterije v barviti jesenski pustolov\u0161\u010dini s prepletom doma\u010de kulinarike in lepot jesenske narave.\" \/>\n<meta property=\"og:url\" content=\"https:\/\/castlepodsreda.com\/en\/autumn-getaway-for-two-at-podsreda-castle\/\" \/>\n<meta property=\"og:site_name\" content=\"Grad Podsreda | Sobe in apartmaji | Grajska ponudba\" \/>\n<meta property=\"article:publisher\" content=\"https:\/\/www.facebook.com\/podsredacastle\" \/>\n<meta property=\"article:modified_time\" content=\"2023-11-07T09:51:40+00:00\" \/>\n<meta property=\"og:image\" content=\"https:\/\/castlepodsreda.com\/wp-content\/uploads\/2023\/04\/Paketi-grad-Podsreda_Podsreda-castle_packages_Rooms-and-apartments-at-the-castle_1-280.jpg\" \/>\n\t<meta property=\"og:image:width\" content=\"1000\" \/>\n\t<meta property=\"og:image:height\" content=\"1500\" \/>\n\t<meta property=\"og:image:type\" content=\"image\/jpeg\" \/>\n<meta name=\"twitter:card\" content=\"summary_large_image\" \/>\n<meta name=\"twitter:label1\" content=\"Est. reading time\" \/>\n\t<meta name=\"twitter:data1\" content=\"4 minutes\" \/>\n<script type=\"application\/ld+json\" class=\"yoast-schema-graph\">{\"@context\":\"https:\/\/schema.org\",\"@graph\":[{\"@type\":\"WebPage\",\"@id\":\"https:\/\/castlepodsreda.com\/en\/autumn-getaway-for-two-at-podsreda-castle\/\",\"url\":\"https:\/\/castlepodsreda.com\/en\/autumn-getaway-for-two-at-podsreda-castle\/\",\"name\":\"AUTUMN GETAWAY FOR TWO AT PODSREDA CASTLE \/ 1 NIGHT | Grad Podsreda | Sobe in apartmaji | Grajska ponudba\",\"isPartOf\":{\"@id\":\"https:\/\/castlepodsreda.com\/en\/#website\"},\"datePublished\":\"2023-09-20T15:40:13+00:00\",\"dateModified\":\"2023-11-07T09:51:40+00:00\",\"description\":\"Nepozabne JESENSKE GRAJSKE PO\u010cITNICE na srednjeve\u0161kem Gradu Podsreda. Napolnite baterije v barviti jesenski pustolov\u0161\u010dini s prepletom doma\u010de kulinarike in lepot jesenske narave.\",\"breadcrumb\":{\"@id\":\"https:\/\/castlepodsreda.com\/en\/autumn-getaway-for-two-at-podsreda-castle\/#breadcrumb\"},\"inLanguage\":\"en-US\",\"potentialAction\":[{\"@type\":\"ReadAction\",\"target\":[\"https:\/\/castlepodsreda.com\/en\/autumn-getaway-for-two-at-podsreda-castle\/\"]}]},{\"@type\":\"BreadcrumbList\",\"@id\":\"https:\/\/castlepodsreda.com\/en\/autumn-getaway-for-two-at-podsreda-castle\/#breadcrumb\",\"itemListElement\":[{\"@type\":\"ListItem\",\"position\":1,\"name\":\"Home\",\"item\":\"https:\/\/castlepodsreda.com\/en\/\"},{\"@type\":\"ListItem\",\"position\":2,\"name\":\"AUTUMN GETAWAY FOR TWO AT PODSREDA CASTLE \/ 1 NIGHT\"}]},{\"@type\":\"WebSite\",\"@id\":\"https:\/\/castlepodsreda.com\/en\/#website\",\"url\":\"https:\/\/castlepodsreda.com\/en\/\",\"name\":\"Grad Podsreda | Sobe in apartmaji | Grajska ponudba\",\"description\":\"Najbolj grajski med gradovi v Sloveniji\",\"publisher\":{\"@id\":\"https:\/\/castlepodsreda.com\/en\/#organization\"},\"potentialAction\":[{\"@type\":\"SearchAction\",\"target\":{\"@type\":\"EntryPoint\",\"urlTemplate\":\"https:\/\/castlepodsreda.com\/en\/?s={search_term_string}\"},\"query-input\":\"required name=search_term_string\"}],\"inLanguage\":\"en-US\"},{\"@type\":\"Organization\",\"@id\":\"https:\/\/castlepodsreda.com\/en\/#organization\",\"name\":\"Grad Podsreda | Sobe in apartmaji | Grajska ponudba\",\"url\":\"https:\/\/castlepodsreda.com\/en\/\",\"logo\":{\"@type\":\"ImageObject\",\"inLanguage\":\"en-US\",\"@id\":\"https:\/\/castlepodsreda.com\/en\/#\/schema\/logo\/image\/\",\"url\":\"https:\/\/castlepodsreda.com\/wp-content\/uploads\/2020\/04\/logo-grad-podsreda-2.jpg\",\"contentUrl\":\"https:\/\/castlepodsreda.com\/wp-content\/uploads\/2020\/04\/logo-grad-podsreda-2.jpg\",\"width\":576,\"height\":576,\"caption\":\"Grad Podsreda | Sobe in apartmaji | Grajska ponudba\"},\"image\":{\"@id\":\"https:\/\/castlepodsreda.com\/en\/#\/schema\/logo\/image\/\"},\"sameAs\":[\"https:\/\/www.instagram.com\/podsredacastle\/\",\"https:\/\/www.facebook.com\/podsredacastle\"]}]}<\/script>\n<!-- \/ Yoast SEO plugin. -->","yoast_head_json":{"title":"AUTUMN GETAWAY FOR TWO AT PODSREDA CASTLE \/ 1 NIGHT | Grad Podsreda | Sobe in apartmaji | Grajska ponudba","description":"Nepozabne JESENSKE GRAJSKE PO\u010cITNICE na srednjeve\u0161kem Gradu Podsreda. Napolnite baterije v barviti jesenski pustolov\u0161\u010dini s prepletom doma\u010de kulinarike in lepot jesenske narave.","robots":{"index":"index","follow":"follow","max-snippet":"max-snippet:-1","max-image-preview":"max-image-preview:large","max-video-preview":"max-video-preview:-1"},"canonical":"https:\/\/castlepodsreda.com\/en\/autumn-getaway-for-two-at-podsreda-castle\/","og_locale":"en_US","og_type":"article","og_title":"AUTUMN GETAWAY FOR TWO AT PODSREDA CASTLE \/ 1 NIGHT | Grad Podsreda | Sobe in apartmaji | Grajska ponudba","og_description":"Nepozabne JESENSKE GRAJSKE PO\u010cITNICE na srednjeve\u0161kem Gradu Podsreda. Napolnite baterije v barviti jesenski pustolov\u0161\u010dini s prepletom doma\u010de kulinarike in lepot jesenske narave.","og_url":"https:\/\/castlepodsreda.com\/en\/autumn-getaway-for-two-at-podsreda-castle\/","og_site_name":"Grad Podsreda | Sobe in apartmaji | Grajska ponudba","article_publisher":"https:\/\/www.facebook.com\/podsredacastle","article_modified_time":"2023-11-07T09:51:40+00:00","og_image":[{"width":1000,"height":1500,"url":"https:\/\/castlepodsreda.com\/wp-content\/uploads\/2023\/04\/Paketi-grad-Podsreda_Podsreda-castle_packages_Rooms-and-apartments-at-the-castle_1-280.jpg","type":"image\/jpeg"}],"twitter_card":"summary_large_image","twitter_misc":{"Est. reading time":"4 minutes"},"schema":{"@context":"https:\/\/schema.org","@graph":[{"@type":"WebPage","@id":"https:\/\/castlepodsreda.com\/en\/autumn-getaway-for-two-at-podsreda-castle\/","url":"https:\/\/castlepodsreda.com\/en\/autumn-getaway-for-two-at-podsreda-castle\/","name":"AUTUMN GETAWAY FOR TWO AT PODSREDA CASTLE \/ 1 NIGHT | Grad Podsreda | Sobe in apartmaji | Grajska ponudba","isPartOf":{"@id":"https:\/\/castlepodsreda.com\/en\/#website"},"datePublished":"2023-09-20T15:40:13+00:00","dateModified":"2023-11-07T09:51:40+00:00","description":"Nepozabne JESENSKE GRAJSKE PO\u010cITNICE na srednjeve\u0161kem Gradu Podsreda. Napolnite baterije v barviti jesenski pustolov\u0161\u010dini s prepletom doma\u010de kulinarike in lepot jesenske narave.","breadcrumb":{"@id":"https:\/\/castlepodsreda.com\/en\/autumn-getaway-for-two-at-podsreda-castle\/#breadcrumb"},"inLanguage":"en-US","potentialAction":[{"@type":"ReadAction","target":["https:\/\/castlepodsreda.com\/en\/autumn-getaway-for-two-at-podsreda-castle\/"]}]},{"@type":"BreadcrumbList","@id":"https:\/\/castlepodsreda.com\/en\/autumn-getaway-for-two-at-podsreda-castle\/#breadcrumb","itemListElement":[{"@type":"ListItem","position":1,"name":"Home","item":"https:\/\/castlepodsreda.com\/en\/"},{"@type":"ListItem","position":2,"name":"AUTUMN GETAWAY FOR TWO AT PODSREDA CASTLE \/ 1 NIGHT"}]},{"@type":"WebSite","@id":"https:\/\/castlepodsreda.com\/en\/#website","url":"https:\/\/castlepodsreda.com\/en\/","name":"Grad Podsreda | Sobe in apartmaji | Grajska ponudba","description":"Najbolj grajski med gradovi v Sloveniji","publisher":{"@id":"https:\/\/castlepodsreda.com\/en\/#organization"},"potentialAction":[{"@type":"SearchAction","target":{"@type":"EntryPoint","urlTemplate":"https:\/\/castlepodsreda.com\/en\/?s={search_term_string}"},"query-input":"required name=search_term_string"}],"inLanguage":"en-US"},{"@type":"Organization","@id":"https:\/\/castlepodsreda.com\/en\/#organization","name":"Grad Podsreda | Sobe in apartmaji | Grajska ponudba","url":"https:\/\/castlepodsreda.com\/en\/","logo":{"@type":"ImageObject","inLanguage":"en-US","@id":"https:\/\/castlepodsreda.com\/en\/#\/schema\/logo\/image\/","url":"https:\/\/castlepodsreda.com\/wp-content\/uploads\/2020\/04\/logo-grad-podsreda-2.jpg","contentUrl":"https:\/\/castlepodsreda.com\/wp-content\/uploads\/2020\/04\/logo-grad-podsreda-2.jpg","width":576,"height":576,"caption":"Grad Podsreda | Sobe in apartmaji | Grajska ponudba"},"image":{"@id":"https:\/\/castlepodsreda.com\/en\/#\/schema\/logo\/image\/"},"sameAs":["https:\/\/www.instagram.com\/podsredacastle\/","https:\/\/www.facebook.com\/podsredacastle"]}]}},"_links":{"self":[{"href":"https:\/\/castlepodsreda.com\/en\/wp-json\/wp\/v2\/pages\/25505"}],"collection":[{"href":"https:\/\/castlepodsreda.com\/en\/wp-json\/wp\/v2\/pages"}],"about":[{"href":"https:\/\/castlepodsreda.com\/en\/wp-json\/wp\/v2\/types\/page"}],"author":[{"embeddable":true,"href":"https:\/\/castlepodsreda.com\/en\/wp-json\/wp\/v2\/users\/2"}],"replies":[{"embeddable":true,"href":"https:\/\/castlepodsreda.com\/en\/wp-json\/wp\/v2\/comments?post=25505"}],"version-history":[{"count":10,"href":"https:\/\/castlepodsreda.com\/en\/wp-json\/wp\/v2\/pages\/25505\/revisions"}],"predecessor-version":[{"id":25758,"href":"https:\/\/castlepodsreda.com\/en\/wp-json\/wp\/v2\/pages\/25505\/revisions\/25758"}],"wp:featuredmedia":[{"embeddable":true,"href":"https:\/\/castlepodsreda.com\/en\/wp-json\/wp\/v2\/media\/23645"}],"wp:attachment":[{"href":"https:\/\/castlepodsreda.com\/en\/wp-json\/wp\/v2\/media?parent=25505"}],"curies":[{"name":"wp","href":"https:\/\/api.w.org\/{rel}","templated":true}]}}