{"id":35406,"date":"2024-01-15T11:41:33","date_gmt":"2024-01-15T11:41:33","guid":{"rendered":"https:\/\/castlepodsreda.com\/?page_id=35406"},"modified":"2024-01-25T10:02:15","modified_gmt":"2024-01-25T10:02:15","slug":"encounters-with-nature-5-animals-in-kozjansko","status":"publish","type":"page","link":"https:\/\/castlepodsreda.com\/en\/encounters-with-nature-5-animals-in-kozjansko\/","title":{"rendered":"ENCOUNTERS WITH NATURE: 5 ANIMALS IN KOZJANSKO"},"content":{"rendered":"<p>[vc_row][vc_column][cms_heading text_before=&#8221;ENCOUNTERS WITH NATURE:&#8221; text_after=&#8221;5 ANIMALS IN KOZJANSKO&#8221; tag=&#8221;h1&#8243; align_lg=&#8221;align-center&#8221; align_md=&#8221;align-center-md&#8221; align_sm=&#8221;align-center-sm&#8221; align_xs=&#8221;align-center-xs&#8221; cms_template=&#8221;cms_heading&#8211;layout2.php&#8221;][vc_empty_space height=&#8221;60px&#8221;][\/vc_column][\/vc_row][vc_row][vc_column][vc_video link=&#8221;https:\/\/www.youtube.com\/watch?v=elo_aMsMc_w&#8221; align=&#8221;center&#8221;][vc_empty_space height=&#8221;60px&#8221;][\/vc_column][\/vc_row][vc_row][vc_column width=&#8221;1\/6&#8243;][\/vc_column][vc_column width=&#8221;2\/3&#8243;][cms_heading text=&#8221;Encounter Bees&#8221; sub_font_style=&#8221;italic&#8221; cms_template=&#8221;cms_heading&#8211;layout3.php&#8221; sub_title=&#8221;at Kozmus Beekeeping&#8221;][vc_column_text]Join us on a visit to Beekeeping Kozmus, where you will experience the fascinating world of beekeeping, which plays a key role in the Kozjansko region. Viewing the bees and learning about beekeeping processes offers a unique educational experience, providing insight into the importance of bees for our ecosystem. An excellent opportunity to get close to these industrious insects and understand their crucial role in nature.[\/vc_column_text][\/vc_column][vc_column width=&#8221;1\/6&#8243;][\/vc_column][\/vc_row][vc_row][vc_column][vc_single_image image=&#8221;35252&#8243; img_size=&#8221;full&#8221; alignment=&#8221;center&#8221;][vc_empty_space height=&#8221;60px&#8221;][\/vc_column][\/vc_row][vc_row][vc_column width=&#8221;1\/6&#8243;][\/vc_column][vc_column width=&#8221;2\/3&#8243;][cms_heading text=&#8221;Deer at the \u0160o\u0161teri\u010d farm&#8221; sub_font_style=&#8221;italic&#8221; cms_template=&#8221;cms_heading&#8211;layout3.php&#8221; sub_title=&#8221;at Vetrnik&#8221;][vc_column_text]Vetrnik is a paradise for nature and wildlife lovers, especially for those who wish to experience an unforgettable observation of deer at the \u0160o\u0161teri\u010d family&#8217;s place. In this peaceful and beautiful location, you can admire these graceful animals in their natural environment. It&#8217;s a perfect opportunity for families and naturalists who want to experience a close encounter with wildlife in Kozjansko.[\/vc_column_text][\/vc_column][vc_column width=&#8221;1\/6&#8243;][\/vc_column][\/vc_row][vc_row][vc_column][vc_single_image image=&#8221;35255&#8243; img_size=&#8221;full&#8221; alignment=&#8221;center&#8221;][vc_empty_space height=&#8221;60px&#8221;][\/vc_column][\/vc_row][vc_row][vc_column width=&#8221;1\/6&#8243;][\/vc_column][vc_column width=&#8221;2\/3&#8243;][cms_heading text=&#8221;Horses&#8221; sub_font_style=&#8221;italic&#8221; cms_template=&#8221;cms_heading&#8211;layout3.php&#8221; sub_title=&#8221;from Rubin&#8217;s Stable&#8221;][vc_column_text]At Rubin&#8217;s Stable, some horses and ponies offer an exceptional experience of interaction and riding. Whether your little one is an experienced rider or a beginner, these friendly horses provide the perfect opportunity for a gentle ride through the picturesque landscape of Kozjansko. This experience is ideal for all families looking for a deeper connection with nature and genuine joy in riding.[\/vc_column_text][\/vc_column][vc_column width=&#8221;1\/6&#8243;][\/vc_column][\/vc_row][vc_row][vc_column][vc_single_image image=&#8221;35258&#8243; img_size=&#8221;full&#8221; alignment=&#8221;center&#8221;][vc_empty_space height=&#8221;60px&#8221;][\/vc_column][\/vc_row][vc_row][vc_column width=&#8221;1\/6&#8243;][\/vc_column][vc_column width=&#8221;2\/3&#8243;][cms_heading text=&#8221;Goats&#8221; sub_font_style=&#8221;italic&#8221; cms_template=&#8221;cms_heading&#8211;layout3.php&#8221; sub_title=&#8221;at Kozjanski Dvor&#8221;][vc_column_text]Kozjanski Dvor offers you the opportunity to visit goats and learn about life in the countryside. Experience direct contact with farm animals and gain insight into everyday farm life. Both children and adults will enjoy interacting with these adorable animals, which are an indispensable part of the rural idyll of Kozjansko.[\/vc_column_text][\/vc_column][vc_column width=&#8221;1\/6&#8243;][\/vc_column][\/vc_row][vc_row][vc_column][vc_single_image image=&#8221;35261&#8243; img_size=&#8221;full&#8221; alignment=&#8221;center&#8221;][vc_empty_space height=&#8221;60px&#8221;][\/vc_column][\/vc_row][vc_row][vc_column width=&#8221;1\/6&#8243;][\/vc_column][vc_column width=&#8221;2\/3&#8243;][cms_heading text=&#8221;The vibrant Bee-Eater Bird&#8221; sub_font_style=&#8221;italic&#8221; cms_template=&#8221;cms_heading&#8211;layout3.php&#8221; sub_title=&#8221;of Kozjanski Park&#8221;][vc_column_text]The provided Slovenian text discusses the rich birdlife in the Kozjansko area, particularly highlighting the bee-eater (<em>Merops apiaster<\/em>), known for its unique behavior and beautiful feathers. This bird is an attraction for nature and bird lovers. Visitors to the Kozjansko Regional Park can observe the bee-eater and learn about its significant impact on the local ecosystem. The park has been monitoring the bee-eater since 1985 in the oldest continuous nesting colony located in the \u017dupjek sandpit near Bizeljsko. <a href=\"https:\/\/kozjanski-park.si\/?p=13065\">Additional information is available for those interested in observing and photographing the bee-eater.<\/a>[\/vc_column_text][\/vc_column][vc_column width=&#8221;1\/6&#8243;][\/vc_column][\/vc_row][vc_row][vc_column][vc_single_image image=&#8221;35264&#8243; img_size=&#8221;full&#8221; alignment=&#8221;center&#8221;][vc_empty_space height=&#8221;60px&#8221;][\/vc_column][\/vc_row][vc_row][vc_column css=&#8221;.vc_custom_1701625978240{background-color: #d6b28b !important;}&#8221;][vc_empty_space height=&#8221;60px&#8221;][cms_heading text=&#8221;Book a Break&#8221; align_lg=&#8221;align-center&#8221; align_md=&#8221;align-center-md&#8221; align_sm=&#8221;align-center-sm&#8221; align_xs=&#8221;align-center-xs&#8221; text_color=&#8221;#ffffff&#8221; sub_color=&#8221;#ffffff&#8221; sub_font_style=&#8221;italic&#8221; cms_template=&#8221;cms_heading&#8211;layout3.php&#8221; sub_title=&#8221;Discover the perfect getaway for you&#8221;][vc_empty_space height=&#8221;30px&#8221;][cms_button button_text=&#8221;BOOK NOW&#8221; button_link=&#8221;url:https%3A%2F%2Fcastlepodsreda.com%2Fen%2Fbooking%2F|||&#8221; button_style=&#8221;btn-1x&#8221; button_color=&#8221;#ffffff&#8221; border_color=&#8221;#ffffff&#8221; button_size=&#8221;btn-size-lg&#8221; font_weight=&#8221;400&#8243; button_align=&#8221;center&#8221; button_align_md=&#8221;center&#8221; button_align_sm=&#8221;center&#8221; button_align_xs=&#8221;center&#8221;][vc_empty_space height=&#8221;60px&#8221;][\/vc_column][\/vc_row][vc_row][vc_column][vc_empty_space height=&#8221;90px&#8221;][cms_heading text=&#8221;Discover, Experience, Fall in Love:&#8221; align_lg=&#8221;align-center&#8221; align_md=&#8221;align-center-md&#8221; align_sm=&#8221;align-center-sm&#8221; align_xs=&#8221;align-center-xs&#8221; text_color=&#8221;#0a0a0a&#8221; sub_color=&#8221;#0a0a0a&#8221; sub_font_style=&#8221;italic&#8221; cms_template=&#8221;cms_heading&#8211;layout3.php&#8221; sub_title=&#8221;Top 5 Lists for Exploring Kozjansko&#8221;][vc_empty_space height=&#8221;20px&#8221;][\/vc_column][\/vc_row][vc_row][vc_column][cms_fancybox_carousel line_display=&#8221;hidden-line&#8221; tag=&#8221;h2&#8243; fancybox_item=&#8221;%5B%7B%22image%22%3A%2235289%22%2C%22title%22%3A%225%20ROMANTIC%20DESTINATIONS%20FOR%20COUPLES%22%2C%22fcb_link%22%3A%22url%3Ahttps%253A%252F%252Fcastlepodsreda.com%252Fen%252Flove-in-kozjansko-5-romantic-destinations%252F%7Ctitle%3A5%2520ROMANTI%25C4%258CNIH%2520DO%25C5%25BDIVETIJ%2520NA%2520KOZJANSKEM%7C%7C%22%7D%2C%7B%22image%22%3A%2235292%22%2C%22title%22%3A%225%20FAMILY%20EXPERIENCES%20IN%20KOZJANSKO%22%2C%22fcb_link%22%3A%22url%3Ahttps%253A%252F%252Fcastlepodsreda.com%252Fen%252Ffun-for-all-5-memorable-family-experiences-in-kozjansko%252F%7Ctitle%3A5%2520DRU%25C5%25BDINSKIH%2520DO%25C5%25BDIVETIJ%2520NA%2520KOZJANSKEM%7C%7C%22%7D%2C%7B%22image%22%3A%2235295%22%2C%22title%22%3A%225%20MUST-TRY%20LOCAL%20DISHES%22%2C%22fcb_link%22%3A%22url%3Ahttps%253A%252F%252Fcastlepodsreda.com%252Fen%252Fsavor-kozjansko-5-must-try-local-dishes%252F%7Ctitle%3A5%2520DRU%25C5%25BDINSKIH%2520DO%25C5%25BDIVETIJ%2520NA%2520KOZJANSKEM%7C%7C%22%7D%2C%7B%22image%22%3A%2235298%22%2C%22title%22%3A%225%20INDOOR%20ACTIVITIES%20IN%20KOZJANSKO%22%2C%22fcb_link%22%3A%22url%3Ahttps%253A%252F%252Fcastlepodsreda.com%252Fen%252Frainy-day-delights-5-indoor-activities-in-kozjansko%252F%7Ctitle%3A5%2520DRU%25C5%25BDINSKIH%2520DO%25C5%25BDIVETIJ%2520NA%2520KOZJANSKEM%7C%7C%22%7D%2C%7B%22image%22%3A%2235318%22%2C%22title%22%3A%225%20UNIQUE%20&#8217;APPLE&#8217;%20DISCOVERIES%20AWAIT%20IN%20KOZJANSKO%22%2C%22fcb_link%22%3A%22url%3Ahttps%253A%252F%252Fcastlepodsreda.com%252Fen%252F5-unique-apple-discoveries-await-in-kozjansko%252F%7Ctitle%3A5%2520DRU%25C5%25BDINSKIH%2520DO%25C5%25BDIVETIJ%2520NA%2520KOZJANSKEM%7C%7C%22%7D%5D&#8221; text_transform=&#8221;uppercase&#8221; col_xs=&#8221;1&#8243; col_sm=&#8221;2&#8243; col_md=&#8221;3&#8243; col_lg=&#8221;3&#8243; loop=&#8221;true&#8221; autoplay=&#8221;true&#8221; bullets=&#8221;true&#8221; title_font_size=&#8221;24&#8243; animation=&#8221;fadeInDown&#8221;][\/vc_column][\/vc_row]<\/p>\n","protected":false},"excerpt":{"rendered":"<p>[vc_row][vc_column][cms_heading text_before=&#8221;ENCOUNTERS WITH NATURE:&#8221; text_after=&#8221;5 ANIMALS IN KOZJANSKO&#8221; tag=&#8221;h1&#8243; align_lg=&#8221;align-center&#8221; align_md=&#8221;align-center-md&#8221; align_sm=&#8221;align-center-sm&#8221; align_xs=&#8221;align-center-xs&#8221; cms_template=&#8221;cms_heading&#8211;layout2.php&#8221;][vc_empty_space height=&#8221;60px&#8221;][\/vc_column][\/vc_row][vc_row][vc_column][vc_video link=&#8221;https:\/\/www.youtube.com\/watch?v=elo_aMsMc_w&#8221; align=&#8221;center&#8221;][vc_empty_space height=&#8221;60px&#8221;][\/vc_column][\/vc_row][vc_row][vc_column width=&#8221;1\/6&#8243;][\/vc_column][vc_column width=&#8221;2\/3&#8243;][cms_heading text=&#8221;Encounter Bees&#8221; sub_font_style=&#8221;italic&#8221; cms_template=&#8221;cms_heading&#8211;layout3.php&#8221; sub_title=&#8221;at Kozmus Beekeeping&#8221;][vc_column_text]Join us on a visit to Beekeeping Kozmus, where you will experience the fascinating world of beekeeping, which plays a key role in the Kozjansko region. Viewing the bees [&hellip;]<\/p>\n","protected":false},"author":2,"featured_media":0,"parent":0,"menu_order":0,"comment_status":"closed","ping_status":"closed","template":"","meta":[],"yoast_head":"<!-- This site is optimized with the Yoast SEO plugin v19.14 - https:\/\/yoast.com\/wordpress\/plugins\/seo\/ -->\n<title>ENCOUNTERS WITH NATURE: 5 ANIMALS IN KOZJANSKO | Grad Podsreda | Sobe in apartmaji | Grajska ponudba<\/title>\n<meta name=\"robots\" content=\"index, follow, max-snippet:-1, max-image-preview:large, max-video-preview:-1\" \/>\n<link rel=\"canonical\" href=\"https:\/\/castlepodsreda.com\/en\/encounters-with-nature-5-animals-in-kozjansko\/\" \/>\n<meta property=\"og:locale\" content=\"en_US\" \/>\n<meta property=\"og:type\" content=\"article\" \/>\n<meta property=\"og:title\" content=\"ENCOUNTERS WITH NATURE: 5 ANIMALS IN KOZJANSKO | Grad Podsreda | Sobe in apartmaji | Grajska ponudba\" \/>\n<meta property=\"og:description\" content=\"[vc_row][vc_column][cms_heading text_before=&#8221;ENCOUNTERS WITH NATURE:&#8221; text_after=&#8221;5 ANIMALS IN KOZJANSKO&#8221; tag=&#8221;h1&#8243; align_lg=&#8221;align-center&#8221; align_md=&#8221;align-center-md&#8221; align_sm=&#8221;align-center-sm&#8221; align_xs=&#8221;align-center-xs&#8221; cms_template=&#8221;cms_heading&#8211;layout2.php&#8221;][vc_empty_space height=&#8221;60px&#8221;][\/vc_column][\/vc_row][vc_row][vc_column][vc_video link=&#8221;https:\/\/www.youtube.com\/watch?v=elo_aMsMc_w&#8221; align=&#8221;center&#8221;][vc_empty_space height=&#8221;60px&#8221;][\/vc_column][\/vc_row][vc_row][vc_column width=&#8221;1\/6&#8243;][\/vc_column][vc_column width=&#8221;2\/3&#8243;][cms_heading text=&#8221;Encounter Bees&#8221; sub_font_style=&#8221;italic&#8221; cms_template=&#8221;cms_heading&#8211;layout3.php&#8221; sub_title=&#8221;at Kozmus Beekeeping&#8221;][vc_column_text]Join us on a visit to Beekeeping Kozmus, where you will experience the fascinating world of beekeeping, which plays a key role in the Kozjansko region. Viewing the bees [&hellip;]\" \/>\n<meta property=\"og:url\" content=\"https:\/\/castlepodsreda.com\/en\/encounters-with-nature-5-animals-in-kozjansko\/\" \/>\n<meta property=\"og:site_name\" content=\"Grad Podsreda | Sobe in apartmaji | Grajska ponudba\" \/>\n<meta property=\"article:publisher\" content=\"https:\/\/www.facebook.com\/podsredacastle\" \/>\n<meta property=\"article:modified_time\" content=\"2024-01-25T10:02:15+00:00\" \/>\n<meta name=\"twitter:card\" content=\"summary_large_image\" \/>\n<meta name=\"twitter:label1\" content=\"Est. reading time\" \/>\n\t<meta name=\"twitter:data1\" content=\"3 minutes\" \/>\n<script type=\"application\/ld+json\" class=\"yoast-schema-graph\">{\"@context\":\"https:\/\/schema.org\",\"@graph\":[{\"@type\":\"WebPage\",\"@id\":\"https:\/\/castlepodsreda.com\/en\/encounters-with-nature-5-animals-in-kozjansko\/\",\"url\":\"https:\/\/castlepodsreda.com\/en\/encounters-with-nature-5-animals-in-kozjansko\/\",\"name\":\"ENCOUNTERS WITH NATURE: 5 ANIMALS IN KOZJANSKO | Grad Podsreda | Sobe in apartmaji | Grajska ponudba\",\"isPartOf\":{\"@id\":\"https:\/\/castlepodsreda.com\/en\/#website\"},\"datePublished\":\"2024-01-15T11:41:33+00:00\",\"dateModified\":\"2024-01-25T10:02:15+00:00\",\"breadcrumb\":{\"@id\":\"https:\/\/castlepodsreda.com\/en\/encounters-with-nature-5-animals-in-kozjansko\/#breadcrumb\"},\"inLanguage\":\"en-US\",\"potentialAction\":[{\"@type\":\"ReadAction\",\"target\":[\"https:\/\/castlepodsreda.com\/en\/encounters-with-nature-5-animals-in-kozjansko\/\"]}]},{\"@type\":\"BreadcrumbList\",\"@id\":\"https:\/\/castlepodsreda.com\/en\/encounters-with-nature-5-animals-in-kozjansko\/#breadcrumb\",\"itemListElement\":[{\"@type\":\"ListItem\",\"position\":1,\"name\":\"Home\",\"item\":\"https:\/\/castlepodsreda.com\/en\/\"},{\"@type\":\"ListItem\",\"position\":2,\"name\":\"ENCOUNTERS WITH NATURE: 5 ANIMALS IN KOZJANSKO\"}]},{\"@type\":\"WebSite\",\"@id\":\"https:\/\/castlepodsreda.com\/en\/#website\",\"url\":\"https:\/\/castlepodsreda.com\/en\/\",\"name\":\"Grad Podsreda | Sobe in apartmaji | Grajska ponudba\",\"description\":\"Najbolj grajski med gradovi v Sloveniji\",\"publisher\":{\"@id\":\"https:\/\/castlepodsreda.com\/en\/#organization\"},\"potentialAction\":[{\"@type\":\"SearchAction\",\"target\":{\"@type\":\"EntryPoint\",\"urlTemplate\":\"https:\/\/castlepodsreda.com\/en\/?s={search_term_string}\"},\"query-input\":\"required name=search_term_string\"}],\"inLanguage\":\"en-US\"},{\"@type\":\"Organization\",\"@id\":\"https:\/\/castlepodsreda.com\/en\/#organization\",\"name\":\"Grad Podsreda | Sobe in apartmaji | Grajska ponudba\",\"url\":\"https:\/\/castlepodsreda.com\/en\/\",\"logo\":{\"@type\":\"ImageObject\",\"inLanguage\":\"en-US\",\"@id\":\"https:\/\/castlepodsreda.com\/en\/#\/schema\/logo\/image\/\",\"url\":\"https:\/\/castlepodsreda.com\/wp-content\/uploads\/2020\/04\/logo-grad-podsreda-2.jpg\",\"contentUrl\":\"https:\/\/castlepodsreda.com\/wp-content\/uploads\/2020\/04\/logo-grad-podsreda-2.jpg\",\"width\":576,\"height\":576,\"caption\":\"Grad Podsreda | Sobe in apartmaji | Grajska ponudba\"},\"image\":{\"@id\":\"https:\/\/castlepodsreda.com\/en\/#\/schema\/logo\/image\/\"},\"sameAs\":[\"https:\/\/www.instagram.com\/podsredacastle\/\",\"https:\/\/www.facebook.com\/podsredacastle\"]}]}<\/script>\n<!-- \/ Yoast SEO plugin. -->","yoast_head_json":{"title":"ENCOUNTERS WITH NATURE: 5 ANIMALS IN KOZJANSKO | Grad Podsreda | Sobe in apartmaji | Grajska ponudba","robots":{"index":"index","follow":"follow","max-snippet":"max-snippet:-1","max-image-preview":"max-image-preview:large","max-video-preview":"max-video-preview:-1"},"canonical":"https:\/\/castlepodsreda.com\/en\/encounters-with-nature-5-animals-in-kozjansko\/","og_locale":"en_US","og_type":"article","og_title":"ENCOUNTERS WITH NATURE: 5 ANIMALS IN KOZJANSKO | Grad Podsreda | Sobe in apartmaji | Grajska ponudba","og_description":"[vc_row][vc_column][cms_heading text_before=&#8221;ENCOUNTERS WITH NATURE:&#8221; text_after=&#8221;5 ANIMALS IN KOZJANSKO&#8221; tag=&#8221;h1&#8243; align_lg=&#8221;align-center&#8221; align_md=&#8221;align-center-md&#8221; align_sm=&#8221;align-center-sm&#8221; align_xs=&#8221;align-center-xs&#8221; cms_template=&#8221;cms_heading&#8211;layout2.php&#8221;][vc_empty_space height=&#8221;60px&#8221;][\/vc_column][\/vc_row][vc_row][vc_column][vc_video link=&#8221;https:\/\/www.youtube.com\/watch?v=elo_aMsMc_w&#8221; align=&#8221;center&#8221;][vc_empty_space height=&#8221;60px&#8221;][\/vc_column][\/vc_row][vc_row][vc_column width=&#8221;1\/6&#8243;][\/vc_column][vc_column width=&#8221;2\/3&#8243;][cms_heading text=&#8221;Encounter Bees&#8221; sub_font_style=&#8221;italic&#8221; cms_template=&#8221;cms_heading&#8211;layout3.php&#8221; sub_title=&#8221;at Kozmus Beekeeping&#8221;][vc_column_text]Join us on a visit to Beekeeping Kozmus, where you will experience the fascinating world of beekeeping, which plays a key role in the Kozjansko region. Viewing the bees [&hellip;]","og_url":"https:\/\/castlepodsreda.com\/en\/encounters-with-nature-5-animals-in-kozjansko\/","og_site_name":"Grad Podsreda | Sobe in apartmaji | Grajska ponudba","article_publisher":"https:\/\/www.facebook.com\/podsredacastle","article_modified_time":"2024-01-25T10:02:15+00:00","twitter_card":"summary_large_image","twitter_misc":{"Est. reading time":"3 minutes"},"schema":{"@context":"https:\/\/schema.org","@graph":[{"@type":"WebPage","@id":"https:\/\/castlepodsreda.com\/en\/encounters-with-nature-5-animals-in-kozjansko\/","url":"https:\/\/castlepodsreda.com\/en\/encounters-with-nature-5-animals-in-kozjansko\/","name":"ENCOUNTERS WITH NATURE: 5 ANIMALS IN KOZJANSKO | Grad Podsreda | Sobe in apartmaji | Grajska ponudba","isPartOf":{"@id":"https:\/\/castlepodsreda.com\/en\/#website"},"datePublished":"2024-01-15T11:41:33+00:00","dateModified":"2024-01-25T10:02:15+00:00","breadcrumb":{"@id":"https:\/\/castlepodsreda.com\/en\/encounters-with-nature-5-animals-in-kozjansko\/#breadcrumb"},"inLanguage":"en-US","potentialAction":[{"@type":"ReadAction","target":["https:\/\/castlepodsreda.com\/en\/encounters-with-nature-5-animals-in-kozjansko\/"]}]},{"@type":"BreadcrumbList","@id":"https:\/\/castlepodsreda.com\/en\/encounters-with-nature-5-animals-in-kozjansko\/#breadcrumb","itemListElement":[{"@type":"ListItem","position":1,"name":"Home","item":"https:\/\/castlepodsreda.com\/en\/"},{"@type":"ListItem","position":2,"name":"ENCOUNTERS WITH NATURE: 5 ANIMALS IN KOZJANSKO"}]},{"@type":"WebSite","@id":"https:\/\/castlepodsreda.com\/en\/#website","url":"https:\/\/castlepodsreda.com\/en\/","name":"Grad Podsreda | Sobe in apartmaji | Grajska ponudba","description":"Najbolj grajski med gradovi v Sloveniji","publisher":{"@id":"https:\/\/castlepodsreda.com\/en\/#organization"},"potentialAction":[{"@type":"SearchAction","target":{"@type":"EntryPoint","urlTemplate":"https:\/\/castlepodsreda.com\/en\/?s={search_term_string}"},"query-input":"required name=search_term_string"}],"inLanguage":"en-US"},{"@type":"Organization","@id":"https:\/\/castlepodsreda.com\/en\/#organization","name":"Grad Podsreda | Sobe in apartmaji | Grajska ponudba","url":"https:\/\/castlepodsreda.com\/en\/","logo":{"@type":"ImageObject","inLanguage":"en-US","@id":"https:\/\/castlepodsreda.com\/en\/#\/schema\/logo\/image\/","url":"https:\/\/castlepodsreda.com\/wp-content\/uploads\/2020\/04\/logo-grad-podsreda-2.jpg","contentUrl":"https:\/\/castlepodsreda.com\/wp-content\/uploads\/2020\/04\/logo-grad-podsreda-2.jpg","width":576,"height":576,"caption":"Grad Podsreda | Sobe in apartmaji | Grajska ponudba"},"image":{"@id":"https:\/\/castlepodsreda.com\/en\/#\/schema\/logo\/image\/"},"sameAs":["https:\/\/www.instagram.com\/podsredacastle\/","https:\/\/www.facebook.com\/podsredacastle"]}]}},"_links":{"self":[{"href":"https:\/\/castlepodsreda.com\/en\/wp-json\/wp\/v2\/pages\/35406"}],"collection":[{"href":"https:\/\/castlepodsreda.com\/en\/wp-json\/wp\/v2\/pages"}],"about":[{"href":"https:\/\/castlepodsreda.com\/en\/wp-json\/wp\/v2\/types\/page"}],"author":[{"embeddable":true,"href":"https:\/\/castlepodsreda.com\/en\/wp-json\/wp\/v2\/users\/2"}],"replies":[{"embeddable":true,"href":"https:\/\/castlepodsreda.com\/en\/wp-json\/wp\/v2\/comments?post=35406"}],"version-history":[{"count":6,"href":"https:\/\/castlepodsreda.com\/en\/wp-json\/wp\/v2\/pages\/35406\/revisions"}],"predecessor-version":[{"id":35560,"href":"https:\/\/castlepodsreda.com\/en\/wp-json\/wp\/v2\/pages\/35406\/revisions\/35560"}],"wp:attachment":[{"href":"https:\/\/castlepodsreda.com\/en\/wp-json\/wp\/v2\/media?parent=35406"}],"curies":[{"name":"wp","href":"https:\/\/api.w.org\/{rel}","templated":true}]}}