{"id":35472,"date":"2023-12-03T18:08:57","date_gmt":"2023-12-03T18:08:57","guid":{"rendered":"https:\/\/castlepodsreda.com\/?page_id=35472"},"modified":"2024-01-24T22:21:44","modified_gmt":"2024-01-24T22:21:44","slug":"5-unique-apple-discoveries-await-in-kozjansko","status":"publish","type":"page","link":"https:\/\/castlepodsreda.com\/en\/5-unique-apple-discoveries-await-in-kozjansko\/","title":{"rendered":"5 UNIQUE &#8216;APPLE&#8217; DISCOVERIES AWAIT IN KOZJANSKO"},"content":{"rendered":"<p>[vc_row][vc_column][cms_heading text_before=&#8221;5 UNIQUE &#8216;APPLE&#8217; DISCOVERIES AWAIT IN KOZJANSKO&#8221; tag=&#8221;h1&#8243; align_lg=&#8221;align-center&#8221; align_md=&#8221;align-center-md&#8221; align_sm=&#8221;align-center-sm&#8221; align_xs=&#8221;align-center-xs&#8221; cms_template=&#8221;cms_heading&#8211;layout2.php&#8221;][vc_empty_space height=&#8221;60px&#8221;][\/vc_column][\/vc_row][vc_row][vc_column][vc_video link=&#8221;https:\/\/www.youtube.com\/watch?v=hHGcS6YdIrs&#8221; align=&#8221;center&#8221;][vc_empty_space height=&#8221;60px&#8221;][\/vc_column][\/vc_row][vc_row][vc_column width=&#8221;1\/6&#8243;][\/vc_column][vc_column width=&#8221;2\/3&#8243;][cms_heading text=&#8221;Sitting with the Apple&#8221; sub_font_style=&#8221;italic&#8221; cms_template=&#8221;cms_heading&#8211;layout3.php&#8221; sub_title=&#8221;near Podsreda Castle&#8221;][vc_column_text]Explore the symbolism and beauty of apples in the historical setting of Podsreda Castle. At this simple yet charming site, where an apple rests on a bench, you will find the perfect spot for reflection and enjoying the peace offered by the castle&#8217;s surroundings. A unique opportunity to experience the historical significance of apples, which have symbolized knowledge and beauty for centuries.[\/vc_column_text][\/vc_column][vc_column width=&#8221;1\/6&#8243;][\/vc_column][\/vc_row][vc_row][vc_column][vc_single_image image=&#8221;35277&#8243; img_size=&#8221;full&#8221; alignment=&#8221;center&#8221;][vc_empty_space height=&#8221;60px&#8221;][\/vc_column][\/vc_row][vc_row][vc_column width=&#8221;1\/6&#8243;][\/vc_column][vc_column width=&#8221;2\/3&#8243;][cms_heading text=&#8221;The Giant Glass Apple&#8221; sub_font_style=&#8221;italic&#8221; cms_template=&#8221;cms_heading&#8211;layout3.php&#8221; sub_title=&#8221;Kozje&#8217;s Roundabout Marvel&#8221;][vc_column_text]Be captivated by the artistic image of a large glass apple in the center of the roundabout in Kozje. This impressive sculpture is not only visually appealing but also symbolizes innovation and creativity, representing a unique local landmark. The glass apple reflects a modern approach to traditional symbols and is becoming a popular spot for both visitors and locals.[\/vc_column_text][\/vc_column][vc_column width=&#8221;1\/6&#8243;][\/vc_column][\/vc_row][vc_row][vc_column][vc_single_image image=&#8221;35283&#8243; img_size=&#8221;full&#8221; alignment=&#8221;center&#8221;][vc_empty_space height=&#8221;60px&#8221;][\/vc_column][\/vc_row][vc_row][vc_column width=&#8221;1\/6&#8243;][\/vc_column][vc_column width=&#8221;2\/3&#8243;][cms_heading text=&#8221;Old traditional apple trees&#8221; sub_font_style=&#8221;italic&#8221; cms_template=&#8221;cms_heading&#8211;layout3.php&#8221; sub_title=&#8221;in the Kozjanski Park&#8217;s Orchard&#8221;][vc_column_text]Experience the magic of old traditional apple trees in the orchard of Kozjansko Park. This unique orchard, acting as a living museum, carefully preserves the heritage and natural richness of these valuable trees. Walk among the apple orchard and surrender to the authenticity of nature, which has been part of the picturesque landscape of Kozjansko Regional Park for centuries.[\/vc_column_text][\/vc_column][vc_column width=&#8221;1\/6&#8243;][\/vc_column][\/vc_row][vc_row][vc_column][vc_single_image image=&#8221;35280&#8243; img_size=&#8221;full&#8221; alignment=&#8221;center&#8221;][vc_empty_space height=&#8221;60px&#8221;][\/vc_column][\/vc_row][vc_row][vc_column width=&#8221;1\/6&#8243;][\/vc_column][vc_column width=&#8221;2\/3&#8243;][cms_heading text=&#8221;A Cup of Apple Tea&#8221; sub_font_style=&#8221;italic&#8221; cms_template=&#8221;cms_heading&#8211;layout3.php&#8221; sub_title=&#8221;at Kukovi\u010di\u010d Mill&#8221;][vc_column_text]At Kukovi\u010di\u010d Mill, a special culinary treat awaits you \u2013 apple tea. This warm and aromatic drink combines local ingredients and tradition, offering an ideal way to relax and enjoy the idyllic mill setting. Here, apple tea is not just a beverage; it&#8217;s part of the culinary heritage, carefully preserving old recipes and flavors associated with the rich cultural history.[\/vc_column_text][\/vc_column][vc_column width=&#8221;1\/6&#8243;][\/vc_column][\/vc_row][vc_row][vc_column][vc_single_image image=&#8221;35271&#8243; img_size=&#8221;full&#8221; alignment=&#8221;center&#8221;][vc_empty_space height=&#8221;60px&#8221;][\/vc_column][\/vc_row][vc_row][vc_column width=&#8221;1\/6&#8243;][\/vc_column][vc_column width=&#8221;2\/3&#8243;][cms_heading text=&#8221;Apple strudel&#8221; sub_font_style=&#8221;italic&#8221; cms_template=&#8221;cms_heading&#8211;layout3.php&#8221; sub_title=&#8221;at the Podsreda Castle Caf\u00e9&#8221;][vc_column_text]Don&#8217;t miss the opportunity to taste apple strudel at Podsreda Castle Cafe. This classic dessert, closely linked to cultural heritage and castle hospitality, offers an irreplaceable combination of flavors and tradition. Here, apple strudel is more than a dessert; it&#8217;s an integral part of the cultural experience, combining history and modern culinary trends. <a href=\"https:\/\/castlepodsreda.com\/en\/castle-cafe\/\">More about the cafe<\/a>.[\/vc_column_text][\/vc_column][vc_column width=&#8221;1\/6&#8243;][\/vc_column][\/vc_row][vc_row][vc_column][vc_single_image image=&#8221;35274&#8243; img_size=&#8221;full&#8221; alignment=&#8221;center&#8221;][vc_empty_space height=&#8221;60px&#8221;][\/vc_column][\/vc_row][vc_row][vc_column css=&#8221;.vc_custom_1701625978240{background-color: #d6b28b !important;}&#8221;][vc_empty_space height=&#8221;60px&#8221;][cms_heading text=&#8221;Book a Break&#8221; align_lg=&#8221;align-center&#8221; align_md=&#8221;align-center-md&#8221; align_sm=&#8221;align-center-sm&#8221; align_xs=&#8221;align-center-xs&#8221; text_color=&#8221;#ffffff&#8221; sub_color=&#8221;#ffffff&#8221; sub_font_style=&#8221;italic&#8221; cms_template=&#8221;cms_heading&#8211;layout3.php&#8221; sub_title=&#8221;Discover the perfect getaway for you&#8221;][vc_empty_space height=&#8221;30px&#8221;][cms_button button_text=&#8221;BOOK NOW&#8221; button_link=&#8221;url:https%3A%2F%2Fcastlepodsreda.com%2Fen%2Fbooking%2F|||&#8221; button_style=&#8221;btn-1x&#8221; button_color=&#8221;#ffffff&#8221; border_color=&#8221;#ffffff&#8221; button_size=&#8221;btn-size-lg&#8221; font_weight=&#8221;400&#8243; button_align=&#8221;center&#8221; button_align_md=&#8221;center&#8221; button_align_sm=&#8221;center&#8221; button_align_xs=&#8221;center&#8221;][vc_empty_space height=&#8221;60px&#8221;][\/vc_column][\/vc_row][vc_row][vc_column][vc_empty_space height=&#8221;90px&#8221;][cms_heading text=&#8221;Discover, Experience, Fall in Love:&#8221; align_lg=&#8221;align-center&#8221; align_md=&#8221;align-center-md&#8221; align_sm=&#8221;align-center-sm&#8221; align_xs=&#8221;align-center-xs&#8221; text_color=&#8221;#0a0a0a&#8221; sub_color=&#8221;#0a0a0a&#8221; sub_font_style=&#8221;italic&#8221; cms_template=&#8221;cms_heading&#8211;layout3.php&#8221; sub_title=&#8221;Top 5 Lists for Exploring Kozjansko&#8221;][vc_empty_space height=&#8221;20px&#8221;][\/vc_column][\/vc_row][vc_row][vc_column][cms_fancybox_carousel line_display=&#8221;hidden-line&#8221; tag=&#8221;h2&#8243; fancybox_item=&#8221;%5B%7B%22image%22%3A%2235289%22%2C%22title%22%3A%225%20ROMANTIC%20DESTINATIONS%20FOR%20COUPLES%22%2C%22fcb_link%22%3A%22url%3Ahttps%253A%252F%252Fcastlepodsreda.com%252Fen%252Flove-in-kozjansko-5-romantic-destinations%252F%7Ctitle%3A5%2520ROMANTI%25C4%258CNIH%2520DO%25C5%25BDIVETIJ%2520NA%2520KOZJANSKEM%7C%7C%22%7D%2C%7B%22image%22%3A%2235292%22%2C%22title%22%3A%225%20FAMILY%20EXPERIENCES%20IN%20KOZJANSKO%22%2C%22fcb_link%22%3A%22url%3Ahttps%253A%252F%252Fcastlepodsreda.com%252Fen%252Ffun-for-all-5-memorable-family-experiences-in-kozjansko%252F%7Ctitle%3A5%2520DRU%25C5%25BDINSKIH%2520DO%25C5%25BDIVETIJ%2520NA%2520KOZJANSKEM%7C%7C%22%7D%2C%7B%22image%22%3A%2235295%22%2C%22title%22%3A%225%20MUST-TRY%20LOCAL%20DISHES%22%2C%22fcb_link%22%3A%22url%3Ahttps%253A%252F%252Fcastlepodsreda.com%252Fen%252Fsavor-kozjansko-5-must-try-local-dishes%252F%7Ctitle%3A5%2520DRU%25C5%25BDINSKIH%2520DO%25C5%25BDIVETIJ%2520NA%2520KOZJANSKEM%7C%7C%22%7D%2C%7B%22image%22%3A%2235298%22%2C%22title%22%3A%225%20INDOOR%20ACTIVITIES%20IN%20KOZJANSKO%22%2C%22fcb_link%22%3A%22url%3Ahttps%253A%252F%252Fcastlepodsreda.com%252Fen%252Frainy-day-delights-5-indoor-activities-in-kozjansko%252F%7Ctitle%3A5%2520DRU%25C5%25BDINSKIH%2520DO%25C5%25BDIVETIJ%2520NA%2520KOZJANSKEM%7C%7C%22%7D%2C%7B%22image%22%3A%2235305%22%2C%22title%22%3A%225%20ANIMALS%20IN%20KOZJANSKO%22%2C%22fcb_link%22%3A%22url%3Ahttps%253A%252F%252Fcastlepodsreda.com%252Fen%252Fencounters-with-nature-5-animals-in-kozjansko%252F%7Ctitle%3A5%2520DRU%25C5%25BDINSKIH%2520DO%25C5%25BDIVETIJ%2520NA%2520KOZJANSKEM%7C%7C%22%7D%5D&#8221; text_transform=&#8221;uppercase&#8221; col_xs=&#8221;1&#8243; col_sm=&#8221;2&#8243; col_md=&#8221;3&#8243; col_lg=&#8221;3&#8243; loop=&#8221;true&#8221; autoplay=&#8221;true&#8221; bullets=&#8221;true&#8221; title_font_size=&#8221;24&#8243; animation=&#8221;fadeInDown&#8221;][\/vc_column][\/vc_row]<\/p>\n","protected":false},"excerpt":{"rendered":"<p>[vc_row][vc_column][cms_heading text_before=&#8221;5 UNIQUE &#8216;APPLE&#8217; DISCOVERIES AWAIT IN KOZJANSKO&#8221; tag=&#8221;h1&#8243; align_lg=&#8221;align-center&#8221; align_md=&#8221;align-center-md&#8221; align_sm=&#8221;align-center-sm&#8221; align_xs=&#8221;align-center-xs&#8221; cms_template=&#8221;cms_heading&#8211;layout2.php&#8221;][vc_empty_space height=&#8221;60px&#8221;][\/vc_column][\/vc_row][vc_row][vc_column][vc_video link=&#8221;https:\/\/www.youtube.com\/watch?v=hHGcS6YdIrs&#8221; align=&#8221;center&#8221;][vc_empty_space height=&#8221;60px&#8221;][\/vc_column][\/vc_row][vc_row][vc_column width=&#8221;1\/6&#8243;][\/vc_column][vc_column width=&#8221;2\/3&#8243;][cms_heading text=&#8221;Sitting with the Apple&#8221; sub_font_style=&#8221;italic&#8221; cms_template=&#8221;cms_heading&#8211;layout3.php&#8221; sub_title=&#8221;near Podsreda Castle&#8221;][vc_column_text]Explore the symbolism and beauty of apples in the historical setting of Podsreda Castle. At this simple yet charming site, where an apple rests on a bench, [&hellip;]<\/p>\n","protected":false},"author":2,"featured_media":0,"parent":0,"menu_order":0,"comment_status":"closed","ping_status":"closed","template":"","meta":[],"yoast_head":"<!-- This site is optimized with the Yoast SEO plugin v19.14 - https:\/\/yoast.com\/wordpress\/plugins\/seo\/ -->\n<title>5 UNIQUE &#039;APPLE&#039; DISCOVERIES AWAIT IN KOZJANSKO | Grad Podsreda | Sobe in apartmaji | Grajska ponudba<\/title>\n<meta name=\"robots\" content=\"index, follow, max-snippet:-1, max-image-preview:large, max-video-preview:-1\" \/>\n<link rel=\"canonical\" href=\"https:\/\/castlepodsreda.com\/en\/5-unique-apple-discoveries-await-in-kozjansko\/\" \/>\n<meta property=\"og:locale\" content=\"en_US\" \/>\n<meta property=\"og:type\" content=\"article\" \/>\n<meta property=\"og:title\" content=\"5 UNIQUE &#039;APPLE&#039; DISCOVERIES AWAIT IN KOZJANSKO | Grad Podsreda | Sobe in apartmaji | Grajska ponudba\" \/>\n<meta property=\"og:description\" content=\"[vc_row][vc_column][cms_heading text_before=&#8221;5 UNIQUE &#8216;APPLE&#8217; DISCOVERIES AWAIT IN KOZJANSKO&#8221; tag=&#8221;h1&#8243; align_lg=&#8221;align-center&#8221; align_md=&#8221;align-center-md&#8221; align_sm=&#8221;align-center-sm&#8221; align_xs=&#8221;align-center-xs&#8221; cms_template=&#8221;cms_heading&#8211;layout2.php&#8221;][vc_empty_space height=&#8221;60px&#8221;][\/vc_column][\/vc_row][vc_row][vc_column][vc_video link=&#8221;https:\/\/www.youtube.com\/watch?v=hHGcS6YdIrs&#8221; align=&#8221;center&#8221;][vc_empty_space height=&#8221;60px&#8221;][\/vc_column][\/vc_row][vc_row][vc_column width=&#8221;1\/6&#8243;][\/vc_column][vc_column width=&#8221;2\/3&#8243;][cms_heading text=&#8221;Sitting with the Apple&#8221; sub_font_style=&#8221;italic&#8221; cms_template=&#8221;cms_heading&#8211;layout3.php&#8221; sub_title=&#8221;near Podsreda Castle&#8221;][vc_column_text]Explore the symbolism and beauty of apples in the historical setting of Podsreda Castle. At this simple yet charming site, where an apple rests on a bench, [&hellip;]\" \/>\n<meta property=\"og:url\" content=\"https:\/\/castlepodsreda.com\/en\/5-unique-apple-discoveries-await-in-kozjansko\/\" \/>\n<meta property=\"og:site_name\" content=\"Grad Podsreda | Sobe in apartmaji | Grajska ponudba\" \/>\n<meta property=\"article:publisher\" content=\"https:\/\/www.facebook.com\/podsredacastle\" \/>\n<meta property=\"article:modified_time\" content=\"2024-01-24T22:21:44+00:00\" \/>\n<meta name=\"twitter:card\" content=\"summary_large_image\" \/>\n<meta name=\"twitter:label1\" content=\"Est. reading time\" \/>\n\t<meta name=\"twitter:data1\" content=\"3 minutes\" \/>\n<script type=\"application\/ld+json\" class=\"yoast-schema-graph\">{\"@context\":\"https:\/\/schema.org\",\"@graph\":[{\"@type\":\"WebPage\",\"@id\":\"https:\/\/castlepodsreda.com\/en\/5-unique-apple-discoveries-await-in-kozjansko\/\",\"url\":\"https:\/\/castlepodsreda.com\/en\/5-unique-apple-discoveries-await-in-kozjansko\/\",\"name\":\"5 UNIQUE 'APPLE' DISCOVERIES AWAIT IN KOZJANSKO | Grad Podsreda | Sobe in apartmaji | Grajska ponudba\",\"isPartOf\":{\"@id\":\"https:\/\/castlepodsreda.com\/en\/#website\"},\"datePublished\":\"2023-12-03T18:08:57+00:00\",\"dateModified\":\"2024-01-24T22:21:44+00:00\",\"breadcrumb\":{\"@id\":\"https:\/\/castlepodsreda.com\/en\/5-unique-apple-discoveries-await-in-kozjansko\/#breadcrumb\"},\"inLanguage\":\"en-US\",\"potentialAction\":[{\"@type\":\"ReadAction\",\"target\":[\"https:\/\/castlepodsreda.com\/en\/5-unique-apple-discoveries-await-in-kozjansko\/\"]}]},{\"@type\":\"BreadcrumbList\",\"@id\":\"https:\/\/castlepodsreda.com\/en\/5-unique-apple-discoveries-await-in-kozjansko\/#breadcrumb\",\"itemListElement\":[{\"@type\":\"ListItem\",\"position\":1,\"name\":\"Home\",\"item\":\"https:\/\/castlepodsreda.com\/en\/\"},{\"@type\":\"ListItem\",\"position\":2,\"name\":\"5 UNIQUE &#8216;APPLE&#8217; DISCOVERIES AWAIT IN KOZJANSKO\"}]},{\"@type\":\"WebSite\",\"@id\":\"https:\/\/castlepodsreda.com\/en\/#website\",\"url\":\"https:\/\/castlepodsreda.com\/en\/\",\"name\":\"Grad Podsreda | Sobe in apartmaji | Grajska ponudba\",\"description\":\"Najbolj grajski med gradovi v Sloveniji\",\"publisher\":{\"@id\":\"https:\/\/castlepodsreda.com\/en\/#organization\"},\"potentialAction\":[{\"@type\":\"SearchAction\",\"target\":{\"@type\":\"EntryPoint\",\"urlTemplate\":\"https:\/\/castlepodsreda.com\/en\/?s={search_term_string}\"},\"query-input\":\"required name=search_term_string\"}],\"inLanguage\":\"en-US\"},{\"@type\":\"Organization\",\"@id\":\"https:\/\/castlepodsreda.com\/en\/#organization\",\"name\":\"Grad Podsreda | Sobe in apartmaji | Grajska ponudba\",\"url\":\"https:\/\/castlepodsreda.com\/en\/\",\"logo\":{\"@type\":\"ImageObject\",\"inLanguage\":\"en-US\",\"@id\":\"https:\/\/castlepodsreda.com\/en\/#\/schema\/logo\/image\/\",\"url\":\"https:\/\/castlepodsreda.com\/wp-content\/uploads\/2020\/04\/logo-grad-podsreda-2.jpg\",\"contentUrl\":\"https:\/\/castlepodsreda.com\/wp-content\/uploads\/2020\/04\/logo-grad-podsreda-2.jpg\",\"width\":576,\"height\":576,\"caption\":\"Grad Podsreda | Sobe in apartmaji | Grajska ponudba\"},\"image\":{\"@id\":\"https:\/\/castlepodsreda.com\/en\/#\/schema\/logo\/image\/\"},\"sameAs\":[\"https:\/\/www.instagram.com\/podsredacastle\/\",\"https:\/\/www.facebook.com\/podsredacastle\"]}]}<\/script>\n<!-- \/ Yoast SEO plugin. -->","yoast_head_json":{"title":"5 UNIQUE 'APPLE' DISCOVERIES AWAIT IN KOZJANSKO | Grad Podsreda | Sobe in apartmaji | Grajska ponudba","robots":{"index":"index","follow":"follow","max-snippet":"max-snippet:-1","max-image-preview":"max-image-preview:large","max-video-preview":"max-video-preview:-1"},"canonical":"https:\/\/castlepodsreda.com\/en\/5-unique-apple-discoveries-await-in-kozjansko\/","og_locale":"en_US","og_type":"article","og_title":"5 UNIQUE 'APPLE' DISCOVERIES AWAIT IN KOZJANSKO | Grad Podsreda | Sobe in apartmaji | Grajska ponudba","og_description":"[vc_row][vc_column][cms_heading text_before=&#8221;5 UNIQUE &#8216;APPLE&#8217; DISCOVERIES AWAIT IN KOZJANSKO&#8221; tag=&#8221;h1&#8243; align_lg=&#8221;align-center&#8221; align_md=&#8221;align-center-md&#8221; align_sm=&#8221;align-center-sm&#8221; align_xs=&#8221;align-center-xs&#8221; cms_template=&#8221;cms_heading&#8211;layout2.php&#8221;][vc_empty_space height=&#8221;60px&#8221;][\/vc_column][\/vc_row][vc_row][vc_column][vc_video link=&#8221;https:\/\/www.youtube.com\/watch?v=hHGcS6YdIrs&#8221; align=&#8221;center&#8221;][vc_empty_space height=&#8221;60px&#8221;][\/vc_column][\/vc_row][vc_row][vc_column width=&#8221;1\/6&#8243;][\/vc_column][vc_column width=&#8221;2\/3&#8243;][cms_heading text=&#8221;Sitting with the Apple&#8221; sub_font_style=&#8221;italic&#8221; cms_template=&#8221;cms_heading&#8211;layout3.php&#8221; sub_title=&#8221;near Podsreda Castle&#8221;][vc_column_text]Explore the symbolism and beauty of apples in the historical setting of Podsreda Castle. At this simple yet charming site, where an apple rests on a bench, [&hellip;]","og_url":"https:\/\/castlepodsreda.com\/en\/5-unique-apple-discoveries-await-in-kozjansko\/","og_site_name":"Grad Podsreda | Sobe in apartmaji | Grajska ponudba","article_publisher":"https:\/\/www.facebook.com\/podsredacastle","article_modified_time":"2024-01-24T22:21:44+00:00","twitter_card":"summary_large_image","twitter_misc":{"Est. reading time":"3 minutes"},"schema":{"@context":"https:\/\/schema.org","@graph":[{"@type":"WebPage","@id":"https:\/\/castlepodsreda.com\/en\/5-unique-apple-discoveries-await-in-kozjansko\/","url":"https:\/\/castlepodsreda.com\/en\/5-unique-apple-discoveries-await-in-kozjansko\/","name":"5 UNIQUE 'APPLE' DISCOVERIES AWAIT IN KOZJANSKO | Grad Podsreda | Sobe in apartmaji | Grajska ponudba","isPartOf":{"@id":"https:\/\/castlepodsreda.com\/en\/#website"},"datePublished":"2023-12-03T18:08:57+00:00","dateModified":"2024-01-24T22:21:44+00:00","breadcrumb":{"@id":"https:\/\/castlepodsreda.com\/en\/5-unique-apple-discoveries-await-in-kozjansko\/#breadcrumb"},"inLanguage":"en-US","potentialAction":[{"@type":"ReadAction","target":["https:\/\/castlepodsreda.com\/en\/5-unique-apple-discoveries-await-in-kozjansko\/"]}]},{"@type":"BreadcrumbList","@id":"https:\/\/castlepodsreda.com\/en\/5-unique-apple-discoveries-await-in-kozjansko\/#breadcrumb","itemListElement":[{"@type":"ListItem","position":1,"name":"Home","item":"https:\/\/castlepodsreda.com\/en\/"},{"@type":"ListItem","position":2,"name":"5 UNIQUE &#8216;APPLE&#8217; DISCOVERIES AWAIT IN KOZJANSKO"}]},{"@type":"WebSite","@id":"https:\/\/castlepodsreda.com\/en\/#website","url":"https:\/\/castlepodsreda.com\/en\/","name":"Grad Podsreda | Sobe in apartmaji | Grajska ponudba","description":"Najbolj grajski med gradovi v Sloveniji","publisher":{"@id":"https:\/\/castlepodsreda.com\/en\/#organization"},"potentialAction":[{"@type":"SearchAction","target":{"@type":"EntryPoint","urlTemplate":"https:\/\/castlepodsreda.com\/en\/?s={search_term_string}"},"query-input":"required name=search_term_string"}],"inLanguage":"en-US"},{"@type":"Organization","@id":"https:\/\/castlepodsreda.com\/en\/#organization","name":"Grad Podsreda | Sobe in apartmaji | Grajska ponudba","url":"https:\/\/castlepodsreda.com\/en\/","logo":{"@type":"ImageObject","inLanguage":"en-US","@id":"https:\/\/castlepodsreda.com\/en\/#\/schema\/logo\/image\/","url":"https:\/\/castlepodsreda.com\/wp-content\/uploads\/2020\/04\/logo-grad-podsreda-2.jpg","contentUrl":"https:\/\/castlepodsreda.com\/wp-content\/uploads\/2020\/04\/logo-grad-podsreda-2.jpg","width":576,"height":576,"caption":"Grad Podsreda | Sobe in apartmaji | Grajska ponudba"},"image":{"@id":"https:\/\/castlepodsreda.com\/en\/#\/schema\/logo\/image\/"},"sameAs":["https:\/\/www.instagram.com\/podsredacastle\/","https:\/\/www.facebook.com\/podsredacastle"]}]}},"_links":{"self":[{"href":"https:\/\/castlepodsreda.com\/en\/wp-json\/wp\/v2\/pages\/35472"}],"collection":[{"href":"https:\/\/castlepodsreda.com\/en\/wp-json\/wp\/v2\/pages"}],"about":[{"href":"https:\/\/castlepodsreda.com\/en\/wp-json\/wp\/v2\/types\/page"}],"author":[{"embeddable":true,"href":"https:\/\/castlepodsreda.com\/en\/wp-json\/wp\/v2\/users\/2"}],"replies":[{"embeddable":true,"href":"https:\/\/castlepodsreda.com\/en\/wp-json\/wp\/v2\/comments?post=35472"}],"version-history":[{"count":4,"href":"https:\/\/castlepodsreda.com\/en\/wp-json\/wp\/v2\/pages\/35472\/revisions"}],"predecessor-version":[{"id":35530,"href":"https:\/\/castlepodsreda.com\/en\/wp-json\/wp\/v2\/pages\/35472\/revisions\/35530"}],"wp:attachment":[{"href":"https:\/\/castlepodsreda.com\/en\/wp-json\/wp\/v2\/media?parent=35472"}],"curies":[{"name":"wp","href":"https:\/\/api.w.org\/{rel}","templated":true}]}}