{"id":37208,"date":"2024-10-07T10:43:42","date_gmt":"2024-10-07T10:43:42","guid":{"rendered":"https:\/\/castlepodsreda.com\/?page_id=37208"},"modified":"2024-10-07T12:54:42","modified_gmt":"2024-10-07T12:54:42","slug":"37208-2","status":"publish","type":"page","link":"https:\/\/castlepodsreda.com\/en\/37208-2\/","title":{"rendered":"&#8220;AUTUMN FAIRYTALE&#8221; FAMILY PACKAGE AT PODSREDA CASTLE \/\/ 1 NIGHT"},"content":{"rendered":"<p>[vc_row][vc_column cms_column_class=&#8221;rm-padding-lg&#8221; offset=&#8221;vc_col-lg-6 vc_col-md-6&#8243; css=&#8221;.vc_custom_1626261431680{padding-right: 63px !important;}&#8221;][cms_heading text=&#8221;Autumn Castle Adventure for Families at Podsreda Castle!&#8221; letter_spacing=&#8221;0.03em&#8221; sub_font_weight=&#8221;700&#8243; sub_font_style=&#8221;italic&#8221; sub_margin_bottom=&#8221;18&#8243; description=&#8221;Join us at Podsreda Castle for an unforgettable family journey this autumn. Stroll along forest trails awash in warm autumn hues, explore the mysterious chambers of the mighty medieval castle, and take part in the exciting &#8220;Treasure Hunt&#8220; designed for families.<br \/>\n\u2063\u2063<br \/>\nVisit the Amphibian Information Center and discover the fascinating world of amphibians and their vital role in nature along an educational trail at Treb\u010de. There, you\u2019ll also be treated to a special gift and a sweet surprise at the \u201cFrog Homestead.\u201d<br \/>\n\u2063\u2063<br \/>\nEnd the day with a delightful family dinner at a nearby restaurant, where seasonal autumn dishes will elevate the enchanting atmosphere. To top it all off, spend the night within the castle walls and wake up to a hearty autumn breakfast, served picnic-style with local delights.<\/p>\n<p>Discover the magic of autumn at Podsreda Castle, where history and nature combine to create unforgettable family moments.&#8221; description_font_size=&#8221;18&#8243; description_line_height=&#8221;26&#8243; des_margin_bottom=&#8221;50&#8243; cms_template=&#8221;cms_heading&#8211;layout3.php&#8221; sub_title=&#8221;Embark on the perfect autumn adventure with your family at Podsreda Castle! Experience the magic of fall in the heart of nature, surrounded by the medieval beauty of a castle nestled in the unspoiled landscape of Kozjansko Park.&#8221; margin_bottom=&#8221;41&#8243;][vc_column_text]<strong>Discover the magic of autumn at Podsreda Castle, where history and nature combine to create unforgettable family moments.<\/strong>[\/vc_column_text][vc_column_text css=&#8221;.vc_custom_1728299650308{background-color: #d3ba9e !important;}&#8221;]<\/p>\n<blockquote><p><strong>Number of nights:<\/strong> 1 \/ HALF-BOARD (includes breakfast and lunch\/dinner)<\/p>\n<p><strong>Number of persons:<\/strong> 3 people (2 adults and 1 child) + option to pay for additional persons.<\/p>\n<p><strong>The accommodation offers:<\/strong> Tour of Podsreda Castle, visit to the Kozjansko Park Visitor Center, local product sales corner, experience of complete local offerings in castle apartments and rooms, unlimited access to the shared castle hall, local product sales corner, outdoor fireplace, free internet \/ Wi-Fi, parking.<\/p>\n<p><strong>Type of accommodation:<\/strong> Apartments and rooms****<\/p><\/blockquote>\n<p>[\/vc_column_text][cms_space space_lg=&#8221;30&#8243; space_md=&#8221;55&#8243; space_sm=&#8221;32&#8243; space_xs=&#8221;32&#8243;][cms_heading text=&#8221;&#8220;AUTUMN FAIRYTALE&#8220; FAMILY PACKAGE AT PODSREDA CASTLE&#8221; tag=&#8221;h6&#8243; cms_template=&#8221;cms_heading&#8211;layout3.php&#8221; sub_title=&#8221;What Awaits You:&#8221;][cms_list cms_template=&#8221;cms_list&#8211;layout5.php&#8221; cms_list=&#8221;%5B%7B%22cms_list_item%22%3A%22A%20%E2%81%A3NIGHT%20IN%20THE%20FOUR-STAR%20FAMILY%20APARTMENT%20at%20Podsreda%20Castle.%20With%20spacious%20and%20comfortable%20accommodations%2C%20this%20is%20the%20perfect%20place%20for%20your%20family%20retreat%3B%22%7D%2C%7B%22cms_list_item%22%3A%22CASTLE%20BREAKFAST%20BASKET%20filled%20with%20the%20finest%20local%20delicacies%20for%20the%20whole%20family.%20Start%20your%20day%20with%20the%20authentic%20taste%20of%20the%20region%3B%22%7D%2C%7B%22cms_list_item%22%3A%22Adventure%20Game%20%5C%22TREASURE%20HUNT%20AT%20PODSREDA%20CASTLE%5C%22%20is%20an%20unforgettable%20experience%20for%20the%20entire%20family.%20Join%20a%20knight%20in%20search%20of%20hidden%20treasure%20and%20claim%20a%20delightful%20reward%3B%22%7D%2C%7B%22cms_list_item%22%3A%22Visit%20the%20%5C%22FROG%20HOMESTEAD%5C%22%3A%20the%20Amphibian%20Information%20Center%20and%20educational%20trail%20by%20the%20Treb%C4%8De%20pond%20(just%2015%20minutes%20from%20the%20castle)%2C%20where%20you%20can%20enjoy%20a%20guided%20tour%20led%20by%20the%20Kozjansko%20Park%20team.%20As%20a%20bonus%2C%20you%E2%80%99ll%20receive%20a%20fun%20and%20tasty%20%5C%22frog-themed%5C%22%20gift!%22%7D%2C%7B%22cms_list_item%22%3A%22CASTLE%20PLATTER%20for%20two%20and%20CHILDREN&#8217;S%20MENU%20of%20choice%20at%20Kozjanski%20dvor%20restaurant%20with%20dessert%3B%22%7D%2C%7B%22cms_list_item%22%3A%22Explore%20Podsreda%20Castle%20with%20all%20its%20permanent%20and%20various%20temporary%20exhibitions%2C%20where%20you&#8217;ll%20lose%20yourself%20in%20the%20magical%20world%20of%20history%20and%20cultural%20heritage%2C%20accompanied%20by%20audio%20guides%20(SLO%2C%20EN%2C%20DE%2C%20IT%2C%20RUS).%22%7D%5D&#8221; font_weight=&#8221;500&#8243;][cms_heading tag=&#8221;h6&#8243; cms_template=&#8221;cms_heading&#8211;layout3.php&#8221; sub_title=&#8221;Extra Benefits:&#8221;][cms_list cms_template=&#8221;cms_list&#8211;layout5.php&#8221; cms_list=&#8221;%5B%7B%22cms_list_item%22%3A%22During%20opening%20hours%2C%20guests%20can%20visit%20all%20the%20castle&#8217;s%20rooms%20free%20of%20charge%20and%20have%20access%20to%20the%20castle%20atrium%20and%20the%20medieval%20kitchen%20at%20all%20times%3B%22%7D%2C%7B%22cms_list_item%22%3A%22Use%20of%20the%20OUTDOOR%20FIREPLACE%20for%20the%20perfect%20autumn%20atmosphere%3B%22%7D%2C%7B%22cms_list_item%22%3A%22Seasonal%20Herbal%20Castle%20Tea%20made%20with%20ingredients%20from%20Kozjansko%20Park%3B%22%7D%2C%7B%22cms_list_item%22%3A%22Natural%20Apple%20Juice%20from%20various%20Kozjansko%20apple%20varieties%20from%20Kozjansko%20Park%3B%22%7D%2C%7B%22cms_list_item%22%3A%22Unlimited%20Access%20to%20the%20Castle%20Atrium%20and%20Castle%20Hall%20with%20a%20TV%20corner%2C%20coffee%2C%20tee%20and%20wine%20corner%2C%20and%20book%20nook%3B%22%7D%2C%7B%22cms_list_item%22%3A%22Free%20Wi-Fi%20%26%20parking.%22%7D%5D&#8221; font_weight=&#8221;500&#8243;][vc_separator][vc_message message_box_color=&#8221;chino&#8221;]<\/p>\n<p style=\"text-align: center;\"><strong>Would you like to upgrade your castle experience with a special castle pampering?<\/strong><\/p>\n<p style=\"text-align: center;\">Check out our range of castle massages &#8211; especially the FIRST SPA EXPERIENCE (\u20ac 28.00), a carefully planned massage for our youngest guests. The smell of chocolate in butter gives a feeling of immense happiness and satisfaction after the massage.<\/p>\n<p>[\/vc_message][cms_button button_text=&#8221;MASSAGES AT PODSREDA CASTLE&#8221; button_link=&#8221;url:https%3A%2F%2Fcastlepodsreda.com%2Fen%2Fexperiences%2Fmassages-at-podsreda-castle%2F|title:Masa%C5%BEe%20na%20gradu%20Podsreda||&#8221; font_weight=&#8221;400&#8243; button_align=&#8221;center&#8221; button_align_md=&#8221;center&#8221; button_align_sm=&#8221;center&#8221; button_align_xs=&#8221;center&#8221;][cms_space space_lg=&#8221;30&#8243; space_md=&#8221;30&#8243; space_sm=&#8221;30&#8243; space_xs=&#8221;30&#8243;][cms_fancybox feature_image=&#8221;11930&#8243; cms_template=&#8221;cms_fancybox&#8211;layout7.php&#8221; el_title=&#8221;Do you want to enhance your castle experience with unforgettable thermal fun at Terme OLIMIA and Thermal Park Aqualuna?&#8221; fcb_description=&#8221;We offer our guests RESERVATIONS and PURCHASE of discounted tickets for swimming at Terme Olimia in Pod\u010detrtek: ask us for a 10% discount on tickets to Family Wellness Termalija (pools, saunas) and Thermal Park Aqualuna.&#8221;][cms_space][\/vc_column][vc_column cms_column_class=&#8221;rm-padding-lg&#8221; offset=&#8221;vc_col-lg-6 vc_col-md-6&#8243; css=&#8221;.vc_custom_1569030444588{padding-left: 13px !important;}&#8221;][vc_single_image image=&#8221;35961&#8243; img_size=&#8221;full&#8221;][vc_single_image image=&#8221;35932&#8243; img_size=&#8221;full&#8221;][vc_single_image image=&#8221;36604&#8243; img_size=&#8221;full&#8221;][vc_single_image image=&#8221;35944&#8243; img_size=&#8221;full&#8221;][vc_single_image image=&#8221;35947&#8243; img_size=&#8221;full&#8221;][vc_single_image image=&#8221;36616&#8243; img_size=&#8221;full&#8221;][vc_single_image image=&#8221;37229&#8243; img_size=&#8221;full&#8221;][\/vc_column][\/vc_row][vc_row full_width=&#8221;stretch_row_content_no_spaces&#8221; css=&#8221;.vc_custom_1674593045002{background-color: #c5a47e !important;}&#8221;][vc_column css=&#8221;.vc_custom_1674592978926{padding-right: 60px !important;padding-left: 60px !important;}&#8221;][vc_empty_space height=&#8221;40px&#8221;][vc_column_text]<\/p>\n<h4 style=\"text-align: center;\">Only interested in an overnight stay?<br \/>\nTake a look at our room and apartment rental offer.<\/h4>\n<p>[\/vc_column_text][cms_button button_text=&#8221;ROOMS AND APARTMENTS&#8221; button_link=&#8221;url:https%3A%2F%2Fcastlepodsreda.com%2Fen%2Fbooking%2F||target:%20_blank|&#8221; button_color=&#8221;#ffffff&#8221; border_color=&#8221;#ffffff&#8221; font_weight=&#8221;400&#8243; button_align=&#8221;center&#8221; button_align_md=&#8221;center&#8221; button_align_sm=&#8221;center&#8221; button_align_xs=&#8221;center&#8221;][vc_empty_space height=&#8221;40px&#8221;][\/vc_column][\/vc_row][vc_row][vc_column][vc_separator][vc_tta_accordion color=&#8221;chino&#8221; spacing=&#8221;4&#8243; active_section=&#8221;1&#8243; no_fill=&#8221;true&#8221; collapsible_all=&#8221;true&#8221;][vc_tta_section title=&#8221;PACKAGE PRICE&#8221; tab_id=&#8221;1626263329059-8e9ca197-f870&#8243;][vc_column_text]<\/p>\n<blockquote>\n<h4 style=\"text-align: center;\">Price for a one-night package &#8211; half-board<br \/>\n(3 persons or 2 adults &amp; 1 child):<\/h4>\n<h4 style=\"text-align: center;\"><strong>270,00 \u20ac<\/strong><\/h4>\n<p style=\"text-align: center;\">&#8211; Additional person up to 14 years: \u20ac 50,00<\/p>\n<p style=\"text-align: center;\">&#8211; Additional person over 14 years: \u20ac 65.00<\/p>\n<\/blockquote>\n<p>[\/vc_column_text][\/vc_tta_section][vc_tta_section title=&#8221;EXTRA COSTS&#8221; tab_id=&#8221;1626262051890-885fab22-d36d&#8221;][vc_separator color=&#8221;white&#8221; border_width=&#8221;2&#8243;][vc_column_text]<\/p>\n<p style=\"text-align: center;\">&#8211; Tourist tax including promotional fee:<\/p>\n<p style=\"text-align: center;\">Adults from 17 years: \u20ac 1.50\/day,<br \/>\nChildren (7-17 years): 0,75 \u20ac\/day<\/p>\n<p style=\"text-align: center;\">&#8211; Pets: 15 \u20ac\/day;<\/p>\n<p style=\"text-align: center;\">&#8211; Late departure\/early arrival &#8211;<br \/>\nFree of charge (subject to availability).[\/vc_column_text][\/vc_tta_section][vc_tta_section title=&#8221;PAYMENT TERMS&#8221; tab_id=&#8221;1626262051907-1d43d7c5-4f2d&#8221;][vc_separator color=&#8221;white&#8221; border_width=&#8221;2&#8243;][vc_column_text]<\/p>\n<p style=\"text-align: center;\">&#8211; In the event of late payment, we reserve the right to cancel the reservation;<br \/>\n&#8211; Free of charge changes to a later date are possible, provided that they are notified at least seven days in advance in writing to info@castlepodsreda.com.[\/vc_column_text][\/vc_tta_section][vc_tta_section title=&#8221;SAFETY MEASURES&#8221; tab_id=&#8221;1626262383978-564f1629-1f08&#8243;][vc_separator color=&#8221;white&#8221; border_width=&#8221;2&#8243;][vc_column_text]<\/p>\n<p style=\"text-align: center;\">All accommodation is adequately cleaned in accordance with hygiene and security measures for the safety of guests and staff.<\/p>\n<p style=\"text-align: center;\">Check-in and key collection are contactless, and we also offer contactless payment and contactless ordering of food and beverages. If you do not wish to do so, we will not meet you in person.<\/p>\n<p>[\/vc_column_text][\/vc_tta_section][\/vc_tta_accordion][vc_separator][\/vc_column][\/vc_row][vc_row][vc_column][vc_raw_html]JTVCbW9kdWxhJTIwaWQlM0QlMjI3MjU1JTIyJTVE[\/vc_raw_html][\/vc_column][\/vc_row][vc_row parallax=&#8221;content-moving&#8221; parallax_speed_bg=&#8221;&#8221; css=&#8221;.vc_custom_1626267016670{background-color: #212121 !important;background-position: center;background-repeat: no-repeat;background-size:cover;}&#8221;][vc_column css=&#8221;.vc_custom_1567223373306{padding-top: 0px !important;}&#8221;][cms_contact_form cms_template=&#8221;cms_contact_form&#8211;layout3.php&#8221; id=&#8221;25590&#8243; style_border=&#8221;has-border&#8221; title_color=&#8221;#ffffff&#8221; align_title=&#8221;center&#8221; align_desc=&#8221;center&#8221; bg_form_color=&#8221;#000000&#8243; title_form=&#8221;Book an experience or ask us a question&#8221; animation=&#8221;bounce&#8221;][\/vc_column][\/vc_row][vc_row disable_element=&#8221;yes&#8221;][vc_column][vc_column_text]Paket vklju\u010duje:<\/p>\n<p>\u2022 1 ali 2 no\u010ditvi v \u0161tirizvezdi\u010dnem dru\u017einskem Eminem apartmaju**** na Gradu Podsreda za vso dru\u017eino;<br \/>\n\u2022 1 ali 2 dru\u017einski grajski zajtrk ko\u0161arici doma\u010dih dobrot;<br \/>\n\u2022 Obisk Kukovi\u010di\u010devega mlina, ogled postopka mletja \u017eit z mlinom na vodo in poku\u0161ina doma\u010dih dobrot z ekolo\u0161ke kmetije (degustacija kruha, namaza, sok ali \u010daj) ter dogodiv\u0161\u010dina risanja po pi\u0161kotih.<br \/>\n\u2022 Sodelovanje v igri Lov na zaklad na gradu Podsreda za vso dru\u017eino z lepo pa tudi slastno nagrado;<br \/>\n\u2022 Ogled gradu Podsreda z avdio vodenjem;<br \/>\n\u2022 Grajski narezek za vso dru\u017eino, sestavljen iz izbranih doma\u010dih dobrot Kmetije Kunej;<br \/>\n\u2022 1 l Naravnega jabol\u010dnega soka iz Kozjanskega parka;<br \/>\n\u2022 Sve\u017ea jabolka ali jabol\u010dni krhlji iz za\u0161\u010ditenih kozjanskih visokodebelnih sadovnjakov, kjer uspevajo tradicionalne sorte kozjanskih jabolk;<br \/>\n\u2022 Sezonsko pripravljen zeli\u0161\u010dni Grajski \u010daj s 100% naravnimi, ro\u010dno nabranimi sestavinami iz Kozjanskega parka;<br \/>\n\u2022 Kava za pripravo v kuhalniku, sladkor in mleko;<br \/>\n\u2022 Bele\u017eka in pisalo z logotipom grajske namestitve;<br \/>\n\u2022 Ro\u010dno izdelano naravno trdo milo za roke, narejeno iz surovin iz lokalnega okolja;<br \/>\n\u2022 Brezpla\u010den internet (WI-FI).[\/vc_column_text][\/vc_column][\/vc_row][vc_row][vc_column][vc_empty_space height=&#8221;80px&#8221;][\/vc_column][\/vc_row]<\/p>\n","protected":false},"excerpt":{"rendered":"<p>[vc_row][vc_column cms_column_class=&#8221;rm-padding-lg&#8221; offset=&#8221;vc_col-lg-6 vc_col-md-6&#8243; css=&#8221;.vc_custom_1626261431680{padding-right: 63px !important;}&#8221;][cms_heading text=&#8221;Autumn Castle Adventure for Families at Podsreda Castle!&#8221; letter_spacing=&#8221;0.03em&#8221; sub_font_weight=&#8221;700&#8243; sub_font_style=&#8221;italic&#8221; sub_margin_bottom=&#8221;18&#8243; description=&#8221;Join us at Podsreda Castle for an unforgettable family journey this autumn. Stroll along forest trails awash in warm autumn hues, explore the mysterious chambers of the mighty medieval castle, and take part in the exciting [&hellip;]<\/p>\n","protected":false},"author":1,"featured_media":0,"parent":0,"menu_order":0,"comment_status":"closed","ping_status":"closed","template":"","meta":[],"yoast_head":"<!-- This site is optimized with the Yoast SEO plugin v19.14 - https:\/\/yoast.com\/wordpress\/plugins\/seo\/ -->\n<title>&quot;AUTUMN FAIRYTALE&quot; FAMILY PACKAGE AT PODSREDA CASTLE \/\/ 1 NIGHT | Grad Podsreda | Sobe in apartmaji | Grajska ponudba<\/title>\n<meta name=\"robots\" content=\"index, follow, max-snippet:-1, max-image-preview:large, max-video-preview:-1\" \/>\n<link rel=\"canonical\" href=\"https:\/\/castlepodsreda.com\/en\/37208-2\/\" \/>\n<meta property=\"og:locale\" content=\"en_US\" \/>\n<meta property=\"og:type\" content=\"article\" \/>\n<meta property=\"og:title\" content=\"&quot;AUTUMN FAIRYTALE&quot; FAMILY PACKAGE AT PODSREDA CASTLE \/\/ 1 NIGHT | Grad Podsreda | Sobe in apartmaji | Grajska ponudba\" \/>\n<meta property=\"og:description\" content=\"[vc_row][vc_column cms_column_class=&#8221;rm-padding-lg&#8221; offset=&#8221;vc_col-lg-6 vc_col-md-6&#8243; css=&#8221;.vc_custom_1626261431680{padding-right: 63px !important;}&#8221;][cms_heading text=&#8221;Autumn Castle Adventure for Families at Podsreda Castle!&#8221; letter_spacing=&#8221;0.03em&#8221; sub_font_weight=&#8221;700&#8243; sub_font_style=&#8221;italic&#8221; sub_margin_bottom=&#8221;18&#8243; description=&#8221;Join us at Podsreda Castle for an unforgettable family journey this autumn. Stroll along forest trails awash in warm autumn hues, explore the mysterious chambers of the mighty medieval castle, and take part in the exciting [&hellip;]\" \/>\n<meta property=\"og:url\" content=\"https:\/\/castlepodsreda.com\/en\/37208-2\/\" \/>\n<meta property=\"og:site_name\" content=\"Grad Podsreda | Sobe in apartmaji | Grajska ponudba\" \/>\n<meta property=\"article:publisher\" content=\"https:\/\/www.facebook.com\/podsredacastle\" \/>\n<meta property=\"article:modified_time\" content=\"2024-10-07T12:54:42+00:00\" \/>\n<meta name=\"twitter:card\" content=\"summary_large_image\" \/>\n<meta name=\"twitter:label1\" content=\"Est. reading time\" \/>\n\t<meta name=\"twitter:data1\" content=\"5 minutes\" \/>\n<script type=\"application\/ld+json\" class=\"yoast-schema-graph\">{\"@context\":\"https:\/\/schema.org\",\"@graph\":[{\"@type\":\"WebPage\",\"@id\":\"https:\/\/castlepodsreda.com\/en\/37208-2\/\",\"url\":\"https:\/\/castlepodsreda.com\/en\/37208-2\/\",\"name\":\"\\\"AUTUMN FAIRYTALE\\\" FAMILY PACKAGE AT PODSREDA CASTLE \/\/ 1 NIGHT | Grad Podsreda | Sobe in apartmaji | Grajska ponudba\",\"isPartOf\":{\"@id\":\"https:\/\/castlepodsreda.com\/en\/#website\"},\"datePublished\":\"2024-10-07T10:43:42+00:00\",\"dateModified\":\"2024-10-07T12:54:42+00:00\",\"breadcrumb\":{\"@id\":\"https:\/\/castlepodsreda.com\/en\/37208-2\/#breadcrumb\"},\"inLanguage\":\"en-US\",\"potentialAction\":[{\"@type\":\"ReadAction\",\"target\":[\"https:\/\/castlepodsreda.com\/en\/37208-2\/\"]}]},{\"@type\":\"BreadcrumbList\",\"@id\":\"https:\/\/castlepodsreda.com\/en\/37208-2\/#breadcrumb\",\"itemListElement\":[{\"@type\":\"ListItem\",\"position\":1,\"name\":\"Home\",\"item\":\"https:\/\/castlepodsreda.com\/en\/\"},{\"@type\":\"ListItem\",\"position\":2,\"name\":\"&#8220;AUTUMN FAIRYTALE&#8221; FAMILY PACKAGE AT PODSREDA CASTLE \/\/ 1 NIGHT\"}]},{\"@type\":\"WebSite\",\"@id\":\"https:\/\/castlepodsreda.com\/en\/#website\",\"url\":\"https:\/\/castlepodsreda.com\/en\/\",\"name\":\"Grad Podsreda | Sobe in apartmaji | Grajska ponudba\",\"description\":\"Najbolj grajski med gradovi v Sloveniji\",\"publisher\":{\"@id\":\"https:\/\/castlepodsreda.com\/en\/#organization\"},\"potentialAction\":[{\"@type\":\"SearchAction\",\"target\":{\"@type\":\"EntryPoint\",\"urlTemplate\":\"https:\/\/castlepodsreda.com\/en\/?s={search_term_string}\"},\"query-input\":\"required name=search_term_string\"}],\"inLanguage\":\"en-US\"},{\"@type\":\"Organization\",\"@id\":\"https:\/\/castlepodsreda.com\/en\/#organization\",\"name\":\"Grad Podsreda | Sobe in apartmaji | Grajska ponudba\",\"url\":\"https:\/\/castlepodsreda.com\/en\/\",\"logo\":{\"@type\":\"ImageObject\",\"inLanguage\":\"en-US\",\"@id\":\"https:\/\/castlepodsreda.com\/en\/#\/schema\/logo\/image\/\",\"url\":\"https:\/\/castlepodsreda.com\/wp-content\/uploads\/2020\/04\/logo-grad-podsreda-2.jpg\",\"contentUrl\":\"https:\/\/castlepodsreda.com\/wp-content\/uploads\/2020\/04\/logo-grad-podsreda-2.jpg\",\"width\":576,\"height\":576,\"caption\":\"Grad Podsreda | Sobe in apartmaji | Grajska ponudba\"},\"image\":{\"@id\":\"https:\/\/castlepodsreda.com\/en\/#\/schema\/logo\/image\/\"},\"sameAs\":[\"https:\/\/www.instagram.com\/podsredacastle\/\",\"https:\/\/www.facebook.com\/podsredacastle\"]}]}<\/script>\n<!-- \/ Yoast SEO plugin. -->","yoast_head_json":{"title":"\"AUTUMN FAIRYTALE\" FAMILY PACKAGE AT PODSREDA CASTLE \/\/ 1 NIGHT | Grad Podsreda | Sobe in apartmaji | Grajska ponudba","robots":{"index":"index","follow":"follow","max-snippet":"max-snippet:-1","max-image-preview":"max-image-preview:large","max-video-preview":"max-video-preview:-1"},"canonical":"https:\/\/castlepodsreda.com\/en\/37208-2\/","og_locale":"en_US","og_type":"article","og_title":"\"AUTUMN FAIRYTALE\" FAMILY PACKAGE AT PODSREDA CASTLE \/\/ 1 NIGHT | Grad Podsreda | Sobe in apartmaji | Grajska ponudba","og_description":"[vc_row][vc_column cms_column_class=&#8221;rm-padding-lg&#8221; offset=&#8221;vc_col-lg-6 vc_col-md-6&#8243; css=&#8221;.vc_custom_1626261431680{padding-right: 63px !important;}&#8221;][cms_heading text=&#8221;Autumn Castle Adventure for Families at Podsreda Castle!&#8221; letter_spacing=&#8221;0.03em&#8221; sub_font_weight=&#8221;700&#8243; sub_font_style=&#8221;italic&#8221; sub_margin_bottom=&#8221;18&#8243; description=&#8221;Join us at Podsreda Castle for an unforgettable family journey this autumn. Stroll along forest trails awash in warm autumn hues, explore the mysterious chambers of the mighty medieval castle, and take part in the exciting [&hellip;]","og_url":"https:\/\/castlepodsreda.com\/en\/37208-2\/","og_site_name":"Grad Podsreda | Sobe in apartmaji | Grajska ponudba","article_publisher":"https:\/\/www.facebook.com\/podsredacastle","article_modified_time":"2024-10-07T12:54:42+00:00","twitter_card":"summary_large_image","twitter_misc":{"Est. reading time":"5 minutes"},"schema":{"@context":"https:\/\/schema.org","@graph":[{"@type":"WebPage","@id":"https:\/\/castlepodsreda.com\/en\/37208-2\/","url":"https:\/\/castlepodsreda.com\/en\/37208-2\/","name":"\"AUTUMN FAIRYTALE\" FAMILY PACKAGE AT PODSREDA CASTLE \/\/ 1 NIGHT | Grad Podsreda | Sobe in apartmaji | Grajska ponudba","isPartOf":{"@id":"https:\/\/castlepodsreda.com\/en\/#website"},"datePublished":"2024-10-07T10:43:42+00:00","dateModified":"2024-10-07T12:54:42+00:00","breadcrumb":{"@id":"https:\/\/castlepodsreda.com\/en\/37208-2\/#breadcrumb"},"inLanguage":"en-US","potentialAction":[{"@type":"ReadAction","target":["https:\/\/castlepodsreda.com\/en\/37208-2\/"]}]},{"@type":"BreadcrumbList","@id":"https:\/\/castlepodsreda.com\/en\/37208-2\/#breadcrumb","itemListElement":[{"@type":"ListItem","position":1,"name":"Home","item":"https:\/\/castlepodsreda.com\/en\/"},{"@type":"ListItem","position":2,"name":"&#8220;AUTUMN FAIRYTALE&#8221; FAMILY PACKAGE AT PODSREDA CASTLE \/\/ 1 NIGHT"}]},{"@type":"WebSite","@id":"https:\/\/castlepodsreda.com\/en\/#website","url":"https:\/\/castlepodsreda.com\/en\/","name":"Grad Podsreda | Sobe in apartmaji | Grajska ponudba","description":"Najbolj grajski med gradovi v Sloveniji","publisher":{"@id":"https:\/\/castlepodsreda.com\/en\/#organization"},"potentialAction":[{"@type":"SearchAction","target":{"@type":"EntryPoint","urlTemplate":"https:\/\/castlepodsreda.com\/en\/?s={search_term_string}"},"query-input":"required name=search_term_string"}],"inLanguage":"en-US"},{"@type":"Organization","@id":"https:\/\/castlepodsreda.com\/en\/#organization","name":"Grad Podsreda | Sobe in apartmaji | Grajska ponudba","url":"https:\/\/castlepodsreda.com\/en\/","logo":{"@type":"ImageObject","inLanguage":"en-US","@id":"https:\/\/castlepodsreda.com\/en\/#\/schema\/logo\/image\/","url":"https:\/\/castlepodsreda.com\/wp-content\/uploads\/2020\/04\/logo-grad-podsreda-2.jpg","contentUrl":"https:\/\/castlepodsreda.com\/wp-content\/uploads\/2020\/04\/logo-grad-podsreda-2.jpg","width":576,"height":576,"caption":"Grad Podsreda | Sobe in apartmaji | Grajska ponudba"},"image":{"@id":"https:\/\/castlepodsreda.com\/en\/#\/schema\/logo\/image\/"},"sameAs":["https:\/\/www.instagram.com\/podsredacastle\/","https:\/\/www.facebook.com\/podsredacastle"]}]}},"_links":{"self":[{"href":"https:\/\/castlepodsreda.com\/en\/wp-json\/wp\/v2\/pages\/37208"}],"collection":[{"href":"https:\/\/castlepodsreda.com\/en\/wp-json\/wp\/v2\/pages"}],"about":[{"href":"https:\/\/castlepodsreda.com\/en\/wp-json\/wp\/v2\/types\/page"}],"author":[{"embeddable":true,"href":"https:\/\/castlepodsreda.com\/en\/wp-json\/wp\/v2\/users\/1"}],"replies":[{"embeddable":true,"href":"https:\/\/castlepodsreda.com\/en\/wp-json\/wp\/v2\/comments?post=37208"}],"version-history":[{"count":4,"href":"https:\/\/castlepodsreda.com\/en\/wp-json\/wp\/v2\/pages\/37208\/revisions"}],"predecessor-version":[{"id":37249,"href":"https:\/\/castlepodsreda.com\/en\/wp-json\/wp\/v2\/pages\/37208\/revisions\/37249"}],"wp:attachment":[{"href":"https:\/\/castlepodsreda.com\/en\/wp-json\/wp\/v2\/media?parent=37208"}],"curies":[{"name":"wp","href":"https:\/\/api.w.org\/{rel}","templated":true}]}}