{"id":34092,"date":"2019-10-09T03:52:28","date_gmt":"2019-10-09T03:52:28","guid":{"rendered":"https:\/\/castlepodsreda.com\/?page_id=34092"},"modified":"2026-03-04T13:28:23","modified_gmt":"2026-03-04T13:28:23","slug":"rezervacija","status":"publish","type":"page","link":"https:\/\/castlepodsreda.com\/hr\/rezervacija\/","title":{"rendered":"REZERVIRAJTE APARTMAN ILI SOBU NA DVORCU PODSREDA"},"content":{"rendered":"<p>[vc_row full_width=&#8221;stretch_row_content_no_spaces&#8221; content_placement=&#8221;middle&#8221; parallax=&#8221;content-moving&#8221; parallax_image=&#8221;4565&#8243; css=&#8221;.vc_custom_1692178271310{background-image: url(https:\/\/castlepodsreda.com\/wp-content\/uploads\/2020\/05\/ozadje-zgodovinsko-grad-posreda.jpg?id=4565) !important;background-position: center;background-repeat: no-repeat;background-size:cover;}&#8221;][vc_column css=&#8221;.vc_custom_1692178337416{padding-right: 0px !important;padding-left: 0px !important;}&#8221;][vc_single_image image=&#8221;4089&#8243; img_size=&#8221;full&#8221; alignment=&#8221;center&#8221;][vc_column_text]<\/p>\n<h4 style=\"text-align: center;\">Pred vama se otvara sigurna veza<\/h4>\n<h4 style=\"text-align: center;\">na kojoj mo\u017eete provjeriti dostupnost smje\u0161taja<\/h4>\n<h4 style=\"text-align: center;\">i rezervirati svoj termin u dvorcu Podsreda.<\/h4>\n<p>&nbsp;<\/p>\n<p style=\"text-align: center;\"><strong>Rezervacija se odvija u suradnji s Agencijom LILL ONLINE d.o.o. Hvala na razumijevanju.<\/strong><\/p>\n<p>[\/vc_column_text][\/vc_column][\/vc_row][vc_row][vc_column width=&#8221;1\/3&#8243;][vc_single_image image=&#8221;24471&#8243; img_size=&#8221;full&#8221;][cms_heading tag=&#8221;h6&#8243; align_lg=&#8221;align-center&#8221; align_md=&#8221;align-center-md&#8221; align_sm=&#8221;align-center-sm&#8221; align_xs=&#8221;align-center-xs&#8221; description=&#8221;Kreveti: 5; Kapacitet: Do 5 gostiju (+ opcija za jedan mobilni dodatni krevet); Povr\u0161ina: 48 m\u00b2.&#8221; cms_template=&#8221;cms_heading&#8211;layout3.php&#8221; sub_title=&#8221;EMIN APARTMAN&#8221;][cms_space space_lg=&#8221;40&#8243; space_md=&#8221;30&#8243; space_sm=&#8221;20&#8243;][cms_button button_text=&#8221;PROVJERA DOSTUPNOSTI&#8221; button_link=&#8221;url:https%3A%2F%2Fblp.my-rent.net%2Fobject%2Findex%2F4998||target:%20_blank|&#8221; font_weight=&#8221;400&#8243; button_align=&#8221;center&#8221; button_align_md=&#8221;center&#8221; button_align_sm=&#8221;center&#8221; button_align_xs=&#8221;center&#8221;][\/vc_column][vc_column width=&#8221;1\/3&#8243;][vc_single_image image=&#8221;14686&#8243; img_size=&#8221;full&#8221;][cms_heading tag=&#8221;h6&#8243; align_lg=&#8221;align-center&#8221; align_md=&#8221;align-center-md&#8221; align_sm=&#8221;align-center-sm&#8221; align_xs=&#8221;align-center-xs&#8221; description=&#8221;Kreveti: 1 bra\u010dni krevet + razvla\u010dni kau\u010d (130\u00d7190 cm); Kapacitet: Do 3 odrasle osobe ili 2 odrasle osobe + 2 djece; Povr\u0161ina: 30 m\u00b2.&#8221; cms_template=&#8221;cms_heading&#8211;layout3.php&#8221; sub_title=&#8221;ROMANI\u010cNI APARTMAN&#8221;][cms_space space_lg=&#8221;40&#8243; space_md=&#8221;30&#8243; space_sm=&#8221;20&#8243;][cms_button button_text=&#8221;PROVJERA DOSTUPNOSTI&#8221; button_link=&#8221;url:https%3A%2F%2Fblp.my-rent.net%2Fobject%2Findex%2F4999||target:%20_blank|&#8221; font_weight=&#8221;400&#8243; button_align=&#8221;center&#8221; button_align_md=&#8221;center&#8221; button_align_sm=&#8221;center&#8221; button_align_xs=&#8221;center&#8221;][\/vc_column][vc_column width=&#8221;1\/3&#8243;][vc_single_image image=&#8221;14685&#8243; img_size=&#8221;full&#8221;][cms_heading tag=&#8221;h6&#8243; align_lg=&#8221;align-center&#8221; align_md=&#8221;align-center-md&#8221; align_sm=&#8221;align-center-sm&#8221; align_xs=&#8221;align-center-xs&#8221; description=&#8221;Kreveti: 1 bra\u010dni krevet + razvla\u010dni kau\u010d (130\u00d7190 cm); Kapacitet: Do 3 odrasle osobe ili 2 odrasle osobe + 2 djece; Povr\u0161ina: 25 m\u00b2.&#8221; cms_template=&#8221;cms_heading&#8211;layout3.php&#8221; sub_title=&#8221;APARTMAN CELJSKIH GROFOVA&#8221;][cms_space space_lg=&#8221;40&#8243; space_md=&#8221;30&#8243; space_sm=&#8221;20&#8243;][cms_button button_text=&#8221;PROVJERA DOSTUPNOSTI&#8221; button_link=&#8221;url:https%3A%2F%2Fblp.my-rent.net%2Fobject%2Findex%2F5000||target:%20_blank|&#8221; font_weight=&#8221;400&#8243; button_align=&#8221;center&#8221; button_align_md=&#8221;center&#8221; button_align_sm=&#8221;center&#8221; button_align_xs=&#8221;center&#8221;][\/vc_column][\/vc_row][vc_row][vc_column][cms_space space_lg=&#8221;50&#8243; space_md=&#8221;50&#8243; space_sm=&#8221;30&#8243; space_xs=&#8221;30&#8243;][\/vc_column][\/vc_row][vc_row][vc_column width=&#8221;1\/3&#8243;][vc_single_image image=&#8221;13502&#8243; img_size=&#8221;full&#8221;][cms_heading tag=&#8221;h6&#8243; align_lg=&#8221;align-center&#8221; align_md=&#8221;align-center-md&#8221; align_sm=&#8221;align-center-sm&#8221; align_xs=&#8221;align-center-xs&#8221; description=&#8221;Krevet: 1; Kapacitet: Do 2 gosta (+ opcija za jedno pokretno dodatno le\u017ei\u0161te); Povr\u0161ina: 22 m\u00b2.&#8221; cms_template=&#8221;cms_heading&#8211;layout3.php&#8221; sub_title=&#8221;TATTENBACHOVA SOBA&#8221;][cms_space space_lg=&#8221;40&#8243; space_md=&#8221;30&#8243; space_sm=&#8221;20&#8243;][cms_button button_text=&#8221;PROVJERA DOSTUPNOSTI&#8221; button_link=&#8221;url:https%3A%2F%2Fblp.my-rent.net%2Fobject%2Findex%2F5001||target:%20_blank|&#8221; font_weight=&#8221;400&#8243; button_align=&#8221;center&#8221; button_align_md=&#8221;center&#8221; button_align_sm=&#8221;center&#8221; button_align_xs=&#8221;center&#8221;][\/vc_column][vc_column width=&#8221;1\/3&#8243;][vc_single_image image=&#8221;13527&#8243; img_size=&#8221;full&#8221;][cms_heading tag=&#8221;h6&#8243; align_lg=&#8221;align-center&#8221; align_md=&#8221;align-center-md&#8221; align_sm=&#8221;align-center-sm&#8221; align_xs=&#8221;align-center-xs&#8221; description=&#8221;Krevet: 1; Kapacitet: Do 2 gosta; Povr\u0161ina: 20 m\u00b2.&#8221; cms_template=&#8221;cms_heading&#8211;layout3.php&#8221; sub_title=&#8221;LAZARINIJEVA SOBA&#8221;][cms_space space_lg=&#8221;40&#8243; space_md=&#8221;30&#8243; space_sm=&#8221;20&#8243;][cms_button button_text=&#8221;PROVJERA DOSTUPNOSTI&#8221; button_link=&#8221;url:https%3A%2F%2Fblp.my-rent.net%2Fobject%2Findex%2F5003||target:%20_blank|&#8221; font_weight=&#8221;400&#8243; button_align=&#8221;center&#8221; button_align_md=&#8221;center&#8221; button_align_sm=&#8221;center&#8221; button_align_xs=&#8221;center&#8221;][\/vc_column][vc_column width=&#8221;1\/3&#8243;][vc_single_image image=&#8221;13554&#8243; img_size=&#8221;full&#8221;][cms_heading tag=&#8221;h6&#8243; align_lg=&#8221;align-center&#8221; align_md=&#8221;align-center-md&#8221; align_sm=&#8221;align-center-sm&#8221; align_xs=&#8221;align-center-xs&#8221; description=&#8221;Krevet: 1; Kapacitet: Do 2 gosta (+ opcija za jedno pokretno dodatno le\u017ei\u0161te); Povr\u0161ina: 24 m\u00b2.&#8221; cms_template=&#8221;cms_heading&#8211;layout3.php&#8221; sub_title=&#8221;SOBA WINDISCHGR\u00c4TZ&#8221;][cms_space space_lg=&#8221;40&#8243; space_md=&#8221;30&#8243; space_sm=&#8221;20&#8243;][cms_button button_text=&#8221;PROVJERA DOSTUPNOSTI&#8221; button_link=&#8221;url:https%3A%2F%2Fblp.my-rent.net%2Fobject%2Findex%2F5004||target:%20_blank|&#8221; font_weight=&#8221;400&#8243; button_align=&#8221;center&#8221; button_align_md=&#8221;center&#8221; button_align_sm=&#8221;center&#8221; button_align_xs=&#8221;center&#8221;][\/vc_column][\/vc_row][vc_row][vc_column][cms_space space_lg=&#8221;100&#8243; space_md=&#8221;100&#8243; space_sm=&#8221;100&#8243; space_xs=&#8221;100&#8243;][\/vc_column][\/vc_row][vc_row full_width=&#8221;stretch_row_content_no_spaces&#8221; content_placement=&#8221;middle&#8221; parallax=&#8221;content-moving&#8221; parallax_image=&#8221;4565&#8243; css=&#8221;.vc_custom_1692178271310{background-image: url(https:\/\/castlepodsreda.com\/wp-content\/uploads\/2020\/05\/ozadje-zgodovinsko-grad-posreda.jpg?id=4565) !important;background-position: center;background-repeat: no-repeat;background-size:cover;}&#8221;][vc_column css=&#8221;.vc_custom_1692178337416{padding-right: 0px !important;padding-left: 0px !important;}&#8221;][vc_single_image image=&#8221;4089&#8243; img_size=&#8221;full&#8221; alignment=&#8221;center&#8221;][\/vc_column][\/vc_row][vc_row][vc_column][vc_column_text]<\/p>\n<p style=\"text-align: center;\">Za potvrdu va\u0161e rezervacije na Dvorcu Podsreda zahtijevamo pla\u0107anje 30% akontacije od ukupnog iznosa no\u0107enja. Ovu akontaciju treba platiti prilikom rezervacije kako biste osigurali svoj boravak kod nas. \u010cim primimo va\u0161u uplatu, va\u0161a rezervacija bit \u0107e potvr\u0111ena i osigurana.<\/p>\n<p style=\"text-align: center;\">Potvrdu o primanju va\u0161e uplate primit \u0107ete unutar 24 sata.<\/p>\n<p style=\"text-align: center;\">Molimo vas da uzmete u obzir da se pla\u0107ena akontacija smatra dijelom predujma za va\u0161 boravak, koji se u slu\u010daju otkazivanja ili drugih zahtjeva za od\u0161tetu mo\u017ee koristiti za pokrivanje mogu\u0107ih tro\u0161kova.<\/p>\n<p>[\/vc_column_text][\/vc_column][\/vc_row]<\/p>\n","protected":false},"excerpt":{"rendered":"<p>[vc_row full_width=&#8221;stretch_row_content_no_spaces&#8221; content_placement=&#8221;middle&#8221; parallax=&#8221;content-moving&#8221; parallax_image=&#8221;4565&#8243; css=&#8221;.vc_custom_1692178271310{background-image: url(https:\/\/castlepodsreda.com\/wp-content\/uploads\/2020\/05\/ozadje-zgodovinsko-grad-posreda.jpg?id=4565) !important;background-position: center;background-repeat: no-repeat;background-size:cover;}&#8221;][vc_column css=&#8221;.vc_custom_1692178337416{padding-right: 0px !important;padding-left: 0px !important;}&#8221;][vc_single_image image=&#8221;4089&#8243; img_size=&#8221;full&#8221; alignment=&#8221;center&#8221;][vc_column_text] Pred vama se otvara sigurna veza na kojoj mo\u017eete provjeriti dostupnost smje\u0161taja i rezervirati svoj termin u dvorcu Podsreda. &nbsp; Rezervacija se odvija u suradnji s Agencijom LILL ONLINE d.o.o. Hvala na razumijevanju. [\/vc_column_text][\/vc_column][\/vc_row][vc_row][vc_column width=&#8221;1\/3&#8243;][vc_single_image image=&#8221;24471&#8243; img_size=&#8221;full&#8221;][cms_heading [&hellip;]<\/p>\n","protected":false},"author":2,"featured_media":26993,"parent":0,"menu_order":0,"comment_status":"closed","ping_status":"closed","template":"","meta":[],"yoast_head":"<!-- This site is optimized with the Yoast SEO plugin v19.14 - https:\/\/yoast.com\/wordpress\/plugins\/seo\/ -->\n<title>REZERVIRAJTE APARTMAN ILI SOBU NA DVORCU PODSREDA | Grad Podsreda | Sobe in apartmaji | Grajska ponudba<\/title>\n<meta name=\"robots\" content=\"index, follow, max-snippet:-1, max-image-preview:large, max-video-preview:-1\" \/>\n<link rel=\"canonical\" href=\"https:\/\/castlepodsreda.com\/hr\/rezervacija\/\" \/>\n<meta property=\"og:locale\" content=\"hr_HR\" \/>\n<meta property=\"og:type\" content=\"article\" \/>\n<meta property=\"og:title\" content=\"REZERVIRAJTE APARTMAN ILI SOBU NA DVORCU PODSREDA | Grad Podsreda | Sobe in apartmaji | Grajska ponudba\" \/>\n<meta property=\"og:description\" content=\"[vc_row full_width=&#8221;stretch_row_content_no_spaces&#8221; content_placement=&#8221;middle&#8221; parallax=&#8221;content-moving&#8221; parallax_image=&#8221;4565&#8243; css=&#8221;.vc_custom_1692178271310{background-image: url(https:\/\/castlepodsreda.com\/wp-content\/uploads\/2020\/05\/ozadje-zgodovinsko-grad-posreda.jpg?id=4565) !important;background-position: center;background-repeat: no-repeat;background-size:cover;}&#8221;][vc_column css=&#8221;.vc_custom_1692178337416{padding-right: 0px !important;padding-left: 0px !important;}&#8221;][vc_single_image image=&#8221;4089&#8243; img_size=&#8221;full&#8221; alignment=&#8221;center&#8221;][vc_column_text] Pred vama se otvara sigurna veza na kojoj mo\u017eete provjeriti dostupnost smje\u0161taja i rezervirati svoj termin u dvorcu Podsreda. &nbsp; Rezervacija se odvija u suradnji s Agencijom LILL ONLINE d.o.o. Hvala na razumijevanju. [\/vc_column_text][\/vc_column][\/vc_row][vc_row][vc_column width=&#8221;1\/3&#8243;][vc_single_image image=&#8221;24471&#8243; img_size=&#8221;full&#8221;][cms_heading [&hellip;]\" \/>\n<meta property=\"og:url\" content=\"https:\/\/castlepodsreda.com\/hr\/rezervacija\/\" \/>\n<meta property=\"og:site_name\" content=\"Grad Podsreda | Sobe in apartmaji | Grajska ponudba\" \/>\n<meta property=\"article:publisher\" content=\"https:\/\/www.facebook.com\/podsredacastle\" \/>\n<meta property=\"article:modified_time\" content=\"2026-03-04T13:28:23+00:00\" \/>\n<meta property=\"og:image\" content=\"https:\/\/castlepodsreda.com\/wp-content\/uploads\/2021\/07\/Sobe-na-gradu_KONCNE_splet_1500-8412.jpg\" \/>\n\t<meta property=\"og:image:width\" content=\"1500\" \/>\n\t<meta property=\"og:image:height\" content=\"1001\" \/>\n\t<meta property=\"og:image:type\" content=\"image\/jpeg\" \/>\n<meta name=\"twitter:card\" content=\"summary_large_image\" \/>\n<meta name=\"twitter:label1\" content=\"Procijenjeno vrijeme \u010ditanja\" \/>\n\t<meta name=\"twitter:data1\" content=\"3 minute\" \/>\n<script type=\"application\/ld+json\" class=\"yoast-schema-graph\">{\"@context\":\"https:\/\/schema.org\",\"@graph\":[{\"@type\":\"WebPage\",\"@id\":\"https:\/\/castlepodsreda.com\/hr\/rezervacija\/\",\"url\":\"https:\/\/castlepodsreda.com\/hr\/rezervacija\/\",\"name\":\"REZERVIRAJTE APARTMAN ILI SOBU NA DVORCU PODSREDA | Grad Podsreda | Sobe in apartmaji | Grajska ponudba\",\"isPartOf\":{\"@id\":\"https:\/\/castlepodsreda.com\/hr\/#website\"},\"datePublished\":\"2019-10-09T03:52:28+00:00\",\"dateModified\":\"2026-03-04T13:28:23+00:00\",\"breadcrumb\":{\"@id\":\"https:\/\/castlepodsreda.com\/hr\/rezervacija\/#breadcrumb\"},\"inLanguage\":\"hr\",\"potentialAction\":[{\"@type\":\"ReadAction\",\"target\":[\"https:\/\/castlepodsreda.com\/hr\/rezervacija\/\"]}]},{\"@type\":\"BreadcrumbList\",\"@id\":\"https:\/\/castlepodsreda.com\/hr\/rezervacija\/#breadcrumb\",\"itemListElement\":[{\"@type\":\"ListItem\",\"position\":1,\"name\":\"Home\",\"item\":\"https:\/\/castlepodsreda.com\/hr\/\"},{\"@type\":\"ListItem\",\"position\":2,\"name\":\"REZERVIRAJTE APARTMAN ILI SOBU NA DVORCU PODSREDA\"}]},{\"@type\":\"WebSite\",\"@id\":\"https:\/\/castlepodsreda.com\/hr\/#website\",\"url\":\"https:\/\/castlepodsreda.com\/hr\/\",\"name\":\"Grad Podsreda | Sobe in apartmaji | Grajska ponudba\",\"description\":\"Najbolj grajski med gradovi v Sloveniji\",\"publisher\":{\"@id\":\"https:\/\/castlepodsreda.com\/hr\/#organization\"},\"potentialAction\":[{\"@type\":\"SearchAction\",\"target\":{\"@type\":\"EntryPoint\",\"urlTemplate\":\"https:\/\/castlepodsreda.com\/hr\/?s={search_term_string}\"},\"query-input\":\"required name=search_term_string\"}],\"inLanguage\":\"hr\"},{\"@type\":\"Organization\",\"@id\":\"https:\/\/castlepodsreda.com\/hr\/#organization\",\"name\":\"Grad Podsreda | Sobe in apartmaji | Grajska ponudba\",\"url\":\"https:\/\/castlepodsreda.com\/hr\/\",\"logo\":{\"@type\":\"ImageObject\",\"inLanguage\":\"hr\",\"@id\":\"https:\/\/castlepodsreda.com\/hr\/#\/schema\/logo\/image\/\",\"url\":\"https:\/\/castlepodsreda.com\/wp-content\/uploads\/2020\/04\/logo-grad-podsreda-2.jpg\",\"contentUrl\":\"https:\/\/castlepodsreda.com\/wp-content\/uploads\/2020\/04\/logo-grad-podsreda-2.jpg\",\"width\":576,\"height\":576,\"caption\":\"Grad Podsreda | Sobe in apartmaji | Grajska ponudba\"},\"image\":{\"@id\":\"https:\/\/castlepodsreda.com\/hr\/#\/schema\/logo\/image\/\"},\"sameAs\":[\"https:\/\/www.instagram.com\/podsredacastle\/\",\"https:\/\/www.facebook.com\/podsredacastle\"]}]}<\/script>\n<!-- \/ Yoast SEO plugin. -->","yoast_head_json":{"title":"REZERVIRAJTE APARTMAN ILI SOBU NA DVORCU PODSREDA | Grad Podsreda | Sobe in apartmaji | Grajska ponudba","robots":{"index":"index","follow":"follow","max-snippet":"max-snippet:-1","max-image-preview":"max-image-preview:large","max-video-preview":"max-video-preview:-1"},"canonical":"https:\/\/castlepodsreda.com\/hr\/rezervacija\/","og_locale":"hr_HR","og_type":"article","og_title":"REZERVIRAJTE APARTMAN ILI SOBU NA DVORCU PODSREDA | Grad Podsreda | Sobe in apartmaji | Grajska ponudba","og_description":"[vc_row full_width=&#8221;stretch_row_content_no_spaces&#8221; content_placement=&#8221;middle&#8221; parallax=&#8221;content-moving&#8221; parallax_image=&#8221;4565&#8243; css=&#8221;.vc_custom_1692178271310{background-image: url(https:\/\/castlepodsreda.com\/wp-content\/uploads\/2020\/05\/ozadje-zgodovinsko-grad-posreda.jpg?id=4565) !important;background-position: center;background-repeat: no-repeat;background-size:cover;}&#8221;][vc_column css=&#8221;.vc_custom_1692178337416{padding-right: 0px !important;padding-left: 0px !important;}&#8221;][vc_single_image image=&#8221;4089&#8243; img_size=&#8221;full&#8221; alignment=&#8221;center&#8221;][vc_column_text] Pred vama se otvara sigurna veza na kojoj mo\u017eete provjeriti dostupnost smje\u0161taja i rezervirati svoj termin u dvorcu Podsreda. &nbsp; Rezervacija se odvija u suradnji s Agencijom LILL ONLINE d.o.o. Hvala na razumijevanju. [\/vc_column_text][\/vc_column][\/vc_row][vc_row][vc_column width=&#8221;1\/3&#8243;][vc_single_image image=&#8221;24471&#8243; img_size=&#8221;full&#8221;][cms_heading [&hellip;]","og_url":"https:\/\/castlepodsreda.com\/hr\/rezervacija\/","og_site_name":"Grad Podsreda | Sobe in apartmaji | Grajska ponudba","article_publisher":"https:\/\/www.facebook.com\/podsredacastle","article_modified_time":"2026-03-04T13:28:23+00:00","og_image":[{"width":1500,"height":1001,"url":"https:\/\/castlepodsreda.com\/wp-content\/uploads\/2021\/07\/Sobe-na-gradu_KONCNE_splet_1500-8412.jpg","type":"image\/jpeg"}],"twitter_card":"summary_large_image","twitter_misc":{"Procijenjeno vrijeme \u010ditanja":"3 minute"},"schema":{"@context":"https:\/\/schema.org","@graph":[{"@type":"WebPage","@id":"https:\/\/castlepodsreda.com\/hr\/rezervacija\/","url":"https:\/\/castlepodsreda.com\/hr\/rezervacija\/","name":"REZERVIRAJTE APARTMAN ILI SOBU NA DVORCU PODSREDA | Grad Podsreda | Sobe in apartmaji | Grajska ponudba","isPartOf":{"@id":"https:\/\/castlepodsreda.com\/hr\/#website"},"datePublished":"2019-10-09T03:52:28+00:00","dateModified":"2026-03-04T13:28:23+00:00","breadcrumb":{"@id":"https:\/\/castlepodsreda.com\/hr\/rezervacija\/#breadcrumb"},"inLanguage":"hr","potentialAction":[{"@type":"ReadAction","target":["https:\/\/castlepodsreda.com\/hr\/rezervacija\/"]}]},{"@type":"BreadcrumbList","@id":"https:\/\/castlepodsreda.com\/hr\/rezervacija\/#breadcrumb","itemListElement":[{"@type":"ListItem","position":1,"name":"Home","item":"https:\/\/castlepodsreda.com\/hr\/"},{"@type":"ListItem","position":2,"name":"REZERVIRAJTE APARTMAN ILI SOBU NA DVORCU PODSREDA"}]},{"@type":"WebSite","@id":"https:\/\/castlepodsreda.com\/hr\/#website","url":"https:\/\/castlepodsreda.com\/hr\/","name":"Grad Podsreda | Sobe in apartmaji | Grajska ponudba","description":"Najbolj grajski med gradovi v Sloveniji","publisher":{"@id":"https:\/\/castlepodsreda.com\/hr\/#organization"},"potentialAction":[{"@type":"SearchAction","target":{"@type":"EntryPoint","urlTemplate":"https:\/\/castlepodsreda.com\/hr\/?s={search_term_string}"},"query-input":"required name=search_term_string"}],"inLanguage":"hr"},{"@type":"Organization","@id":"https:\/\/castlepodsreda.com\/hr\/#organization","name":"Grad Podsreda | Sobe in apartmaji | Grajska ponudba","url":"https:\/\/castlepodsreda.com\/hr\/","logo":{"@type":"ImageObject","inLanguage":"hr","@id":"https:\/\/castlepodsreda.com\/hr\/#\/schema\/logo\/image\/","url":"https:\/\/castlepodsreda.com\/wp-content\/uploads\/2020\/04\/logo-grad-podsreda-2.jpg","contentUrl":"https:\/\/castlepodsreda.com\/wp-content\/uploads\/2020\/04\/logo-grad-podsreda-2.jpg","width":576,"height":576,"caption":"Grad Podsreda | Sobe in apartmaji | Grajska ponudba"},"image":{"@id":"https:\/\/castlepodsreda.com\/hr\/#\/schema\/logo\/image\/"},"sameAs":["https:\/\/www.instagram.com\/podsredacastle\/","https:\/\/www.facebook.com\/podsredacastle"]}]}},"_links":{"self":[{"href":"https:\/\/castlepodsreda.com\/hr\/wp-json\/wp\/v2\/pages\/34092"}],"collection":[{"href":"https:\/\/castlepodsreda.com\/hr\/wp-json\/wp\/v2\/pages"}],"about":[{"href":"https:\/\/castlepodsreda.com\/hr\/wp-json\/wp\/v2\/types\/page"}],"author":[{"embeddable":true,"href":"https:\/\/castlepodsreda.com\/hr\/wp-json\/wp\/v2\/users\/2"}],"replies":[{"embeddable":true,"href":"https:\/\/castlepodsreda.com\/hr\/wp-json\/wp\/v2\/comments?post=34092"}],"version-history":[{"count":9,"href":"https:\/\/castlepodsreda.com\/hr\/wp-json\/wp\/v2\/pages\/34092\/revisions"}],"predecessor-version":[{"id":40440,"href":"https:\/\/castlepodsreda.com\/hr\/wp-json\/wp\/v2\/pages\/34092\/revisions\/40440"}],"wp:featuredmedia":[{"embeddable":true,"href":"https:\/\/castlepodsreda.com\/hr\/wp-json\/wp\/v2\/media\/26993"}],"wp:attachment":[{"href":"https:\/\/castlepodsreda.com\/hr\/wp-json\/wp\/v2\/media?parent=34092"}],"curies":[{"name":"wp","href":"https:\/\/api.w.org\/{rel}","templated":true}]}}