{"id":34102,"date":"2023-09-20T15:40:13","date_gmt":"2023-09-20T15:40:13","guid":{"rendered":"https:\/\/castlepodsreda.com\/?page_id=34102"},"modified":"2023-11-22T13:51:28","modified_gmt":"2023-11-22T13:51:28","slug":"paket-sadovi-jeseni-na-dvorcu-podsreda-za-dvoje","status":"publish","type":"page","link":"https:\/\/castlepodsreda.com\/hr\/paket-sadovi-jeseni-na-dvorcu-podsreda-za-dvoje\/","title":{"rendered":"PAKET \u00bbSADOVI JESENI\u00ab NA DVORCU PODSREDA ZA DVOJE"},"content":{"rendered":"<p>[vc_row][vc_column cms_column_class=&#8221;rm-padding-lg&#8221; offset=&#8221;vc_col-lg-6 vc_col-md-6&#8243; css=&#8221;.vc_custom_1626261431680{padding-right: 63px !important;}&#8221;][cms_heading text=&#8221;Do\u017eivite sve boje jeseni na Dvorcu Podsreda&#8221; letter_spacing=&#8221;0.03em&#8221; sub_font_weight=&#8221;700&#8243; sub_font_style=&#8221;italic&#8221; sub_margin_bottom=&#8221;18&#8243; description=&#8221;\u0160arene boje su divne, ali nisu jedini dar jeseni. To je vrijeme kada nas priroda razveseli svje\u017eim plodovima na poljima, vo\u0107njacima i vinogradima. Zato smo za vas pripremili paket koji \u0107e vas potpuno zavesti jeseni i omogu\u0107iti vam da iskusite najbolje \u0161to kozja\u010dka jesen mo\u017ee ponuditi.<\/p>\n<p>Neka dvorac Podsreda postane dio va\u0161e jesenske pri\u010de.&#8221; description_font_size=&#8221;18&#8243; description_line_height=&#8221;26&#8243; des_margin_bottom=&#8221;50&#8243; cms_template=&#8221;cms_heading&#8211;layout3.php&#8221; margin_bottom=&#8221;41&#8243; sub_title=&#8221;Jesen je tu. Rezervirajte jedan ili dva dana za nezaboravan dvorac Podsreda i napunite baterije u \u0161arenoj jesenskoj avanturi uz mje\u0161avinu doma\u0107e kuhinje i ljepote jesenske prirode.&#8221;][cms_space space_lg=&#8221;30&#8243; space_md=&#8221;55&#8243; space_sm=&#8221;32&#8243; space_xs=&#8221;32&#8243;][vc_column_text css=&#8221;.vc_custom_1700053096115{padding-top: 20px !important;padding-right: 20px !important;padding-bottom: 20px !important;padding-left: 20px !important;background-color: #d3ba9e !important;}&#8221;]<strong>Broj no\u0107enja:<\/strong> 1 \/ PUNI PANSION (uklju\u010deni su ru\u010dak, ve\u010dera i doru\u010dak)<\/p>\n<p><strong>Broj osoba:<\/strong> 2<\/p>\n<p><strong>Smje\u0161taj nudi:<\/strong> Razgled dvorca Podsreda, posjet Centru za posjetitelje Kozjanskog parka, prodajni kutak lokalnih ponu\u0111a\u010da, potpuno do\u017eivljaj lokalne ponude u dvorcu, neograni\u010den pristup zajedni\u010dkoj dvorani dvorca, prodajni kutak lokalnih ponu\u0111a\u010da, vanjsko ognji\u0161te, besplatan internet \/ WI-FI, parkirali\u0161te<\/p>\n<p><strong>Tip smje\u0161taja:<\/strong> Soba na dvorcu**** (apartman uz nadoplatu)[\/vc_column_text][cms_heading text=&#8221;PAKET \u00bbSADOVI JESENI\u00ab NA GRADU PODSREDA ZA DVOJE&#8221; tag=&#8221;h6&#8243; cms_template=&#8221;cms_heading&#8211;layout3.php&#8221; sub_title=&#8221;Paket uklju\u010duje:&#8221;][cms_list cms_template=&#8221;cms_list&#8211;layout5.php&#8221; cms_list=&#8221;%5B%7B%22cms_list_item%22%3A%22No%C4%87enje%20u%20jednoj%20od%20%C4%8Detverozvjezdinih%20soba%20na%20dvorcu%20Podsreda%20za%202%20osobe%3B%22%7D%2C%7B%22cms_list_item%22%3A%22KO%C5%A0ARA%20ZA%20DORU%C4%8CAK%20S%20DVORSKIM%20UKUSIMA%20za%202%20osobe.%20Neka%20dan%20zapo%C4%8Dne%20dvorski!%22%7D%2C%7B%22cms_list_item%22%3A%22Razgled%20dvorca%20Podsreda%20uz%20audio%20vodstvo%20na%20vi%C5%A1e%20jezika%20(SLO%2C%20EN%2C%20DE%2C%20IT%2C%20RUS)%2C%20koje%20%C4%87e%20vam%20pribli%C5%BEiti%20bogatu%20povijest%20i%20kulturnu%20ba%C5%A1tinu%20dvorca%3B%22%7D%2C%7B%22cms_list_item%22%3A%22POSJET%20I%20RAZGLED%20MLINEA%20KUKOVI%C4%8CI%C4%8C%20u%20Podsredi%2C%20koji%20je%20danas%20jedan%20od%20rijetkih%20aktivnih%20mlinova%20u%20Sloveniji.%20Tamo%20vas%20o%C4%8Dekuje%20pravo%20gastronomsko%20iskustvo%2C%20KOZJANSKA%20UKUSNA%20KUTIJA%20(2%20dcl%20jabu%C4%8Dnog%20soka%2C%20jabu%C4%8Dni%20desert%2C%20doma%C4%87i%20namazi%2C%20doma%C4%87i%20kruh%2C%20%C4%8Da%C5%A1a%20doma%C4%87eg%20rakije%20ili%20medena%20rozeta%20-%20kola%C4%8D)%2C%20koju%20%C4%87ete%20ponijeti%20sa%20sobom%20u%20Vo%C4%87njak%20Kozjanskog%20parka%2C%20gdje%20raste%20vi%C5%A1e%20od%20100%20razli%C4%8Ditih%20sorti%20jabuka%20i%20ostalih%20vo%C4%87nih%20stabala%2C%20te%20tamo%20u%C5%BEivati%20u%20%5C%22jabu%C4%8Dnom%5C%22%20pikniku.%22%7D%2C%7B%22cms_list_item%22%3A%22PRIVATNI%20NAJAM%20WELLNESSA%20u%20Kozjanskom%20dvoru%20u%20Kozjem%2C%20gdje%20se%20mo%C5%BEete%20opustiti%20u%20dvoje%20(za%202%20osobe%3B%20120%20minuta)%3B%22%7D%2C%7B%22cms_list_item%22%3A%22DVORSKA%20PLATA%20za%20dvoje%20u%20Kozjanskom%20dvoru%20s%20desertom.%22%7D%5D&#8221; font_weight=&#8221;500&#8243;][cms_heading tag=&#8221;h6&#8243; cms_template=&#8221;cms_heading&#8211;layout3.php&#8221; sub_title=&#8221;Ostale pogodnosti:&#8221;][cms_list cms_template=&#8221;cms_list&#8211;layout5.php&#8221; cms_list=&#8221;%5B%7B%22cms_list_item%22%3A%22U%20radnom%20vremenu%20dvorca%20gostima%20je%20omogu%C4%87en%20besplatan%20obilazak%20svih%20dvorskih%20prostora%2C%20slobodan%20pristup%20dvorskom%20atriju%20i%20srednjovjekovnoj%20kuhinji%3B%22%7D%2C%7B%22cms_list_item%22%3A%22Kori%C5%A1tenje%20VANJSKOG%20OGNJI%C5%A0TA%20za%20potpunu%20jesensku%20atmosferu%3B%22%7D%2C%7B%22cms_list_item%22%3A%22Neograni%C4%8Den%20pristup%20dvorskom%20atriju%20i%20dvorani%20za%20goste%20s%20TV%20kutkom%2C%20kutkom%20za%20%C4%8Daj%20i%20kavu%2C%20vinskim%20i%20knji%C5%BEnim%20kutkom%3B%22%7D%2C%7B%22cms_list_item%22%3A%22Sezonski%20pripremljeni%20dvorski%20%C4%8Daj%20od%20bilja%20s%20100%25%20prirodnim%2C%20ru%C4%8Dno%20ubranim%20sastojcima%20iz%20Kozjanskog%20parka%3B%22%7D%2C%7B%22cms_list_item%22%3A%22Prirodni%20jabu%C4%8Dni%20sok%20iz%20za%C5%A1ti%C4%87enih%20vo%C4%87njaka%20Kozjanskog%20parka%2C%20gdje%20uspijevaju%20tradicionalne%20sorte%20jabuka%20Kozjanskog%3B%22%7D%2C%7B%22cms_list_item%22%3A%22Ru%C4%8Dno%20izra%C4%91eni%20prirodni%20tvrdi%20sapun%20za%20ruke%2C%20napravljen%20od%20sirovina%20iz%20lokalnog%20okoli%C5%A1a%3B%22%7D%2C%7B%22cms_list_item%22%3A%22Besplatan%20internet%20(WI-FI)%20%26%20parking.%22%7D%5D&#8221; font_weight=&#8221;500&#8243;][cms_space][vc_message message_box_color=&#8221;chino&#8221; icon_fontawesome=&#8221;fas fa-exclamation-circle&#8221;]<\/p>\n<p style=\"text-align: center;\"><strong>\u017delite li nadograditi svoje dvorsko iskustvo posebnim romanti\u010dnim u\u017eivanjem?<\/strong><\/p>\n<p style=\"text-align: center;\">Provjerite na\u0161u ponudu dvorskih masa\u017ea &#8211; po\u010dev\u0161i od 48 \u20ac po osobi.<\/p>\n<p style=\"text-align: center;\">Vi\u0161e informacija o ponudi DVORSKIH MASA\u017dA na dvorcu Podsreda.<\/p>\n<p>[\/vc_message][cms_button button_text=&#8221;PONUDA DVORSKIH MASA\u017dA&#8221; button_link=&#8221;url:https%3A%2F%2Fcastlepodsreda.com%2Fdozivetja%2Frazvajanje-za-duso-in-telo%2F|||&#8221; font_weight=&#8221;400&#8243; button_align=&#8221;center&#8221; button_align_md=&#8221;center&#8221; button_align_sm=&#8221;center&#8221; button_align_xs=&#8221;center&#8221;][\/vc_column][vc_column cms_column_class=&#8221;rm-padding-lg&#8221; offset=&#8221;vc_col-lg-6 vc_col-md-6&#8243; css=&#8221;.vc_custom_1569030444588{padding-left: 13px !important;}&#8221;][vc_single_image image=&#8221;25382&#8243; img_size=&#8221;full&#8221;][vc_single_image image=&#8221;23657&#8243; img_size=&#8221;full&#8221;][vc_single_image image=&#8221;9741&#8243; img_size=&#8221;full&#8221;][vc_single_image image=&#8221;25488&#8243; img_size=&#8221;full&#8221;][vc_single_image image=&#8221;10812&#8243; img_size=&#8221;full&#8221;][\/vc_column][\/vc_row][vc_row][vc_column][vc_separator][vc_tta_accordion color=&#8221;chino&#8221; spacing=&#8221;4&#8243; active_section=&#8221;1&#8243; no_fill=&#8221;true&#8221; collapsible_all=&#8221;true&#8221;][vc_tta_section title=&#8221;CIJENA PAKETA&#8221; tab_id=&#8221;1626263329059-8e9ca197-f870&#8243;][vc_separator color=&#8221;white&#8221; border_width=&#8221;2&#8243;][vc_column_text]<\/p>\n<h4 style=\"text-align: center;\"><strong><em>Cijena paketa s jednim no\u0107enjem (puni pansion &#8211; 2 osobe):<\/em><\/strong><br \/>\n<strong><em>245,00 \u20ac<\/em><\/strong><\/h4>\n<p>[\/vc_column_text][vc_separator color=&#8221;white&#8221; border_width=&#8221;2&#8243;][\/vc_tta_section][vc_tta_section title=&#8221;DODACI&#8221; tab_id=&#8221;1626262051890-885fab22-d36d&#8221;][vc_separator color=&#8221;white&#8221; border_width=&#8221;2&#8243;][vc_column_text]<\/p>\n<p style=\"text-align: center;\"><strong>&#8211; Turisti\u010dka pristojba s uklju\u010denom promocijskom pristojbom:<\/strong><\/p>\n<p style=\"text-align: center;\">odrasli od 17 godina nadalje: 1,50 \u20ac\/dan,<\/p>\n<p style=\"text-align: center;\">djeca (7-17 godina): 0,75 \u20ac\/dan<\/p>\n<p style=\"text-align: center;\"><strong>&#8211; Ku\u0107ni ljubimci:<\/strong> 15 \u20ac\/dan;<\/p>\n<p style=\"text-align: center;\"><strong>&#8211; Kasni odlazak\/rani dolazak &#8211;<\/strong><\/p>\n<p style=\"text-align: center;\">besplatno (ovisno o raspolo\u017eivosti).<\/p>\n<p>[\/vc_column_text][vc_separator color=&#8221;white&#8221; border_width=&#8221;2&#8243;][\/vc_tta_section][vc_tta_section title=&#8221;UVJETI PLA\u0106ANJA&#8221; tab_id=&#8221;1626262051907-1d43d7c5-4f2d&#8221;][vc_separator color=&#8221;white&#8221; border_width=&#8221;2&#8243;][vc_column_text]<\/p>\n<p style=\"text-align: center;\">&#8211; U slu\u010daju nepravovremenog pla\u0107anja zadr\u017eavamo pravo otkazivanja rezervacije;<\/p>\n<p style=\"text-align: center;\">&#8211; Besplatna promjena rezervacije za kasniji termin mogu\u0107a je uz najavu najmanje sedam dana prije rezervacije putem pisane obavijesti na <a href=\"mailto:info@castlepodsreda.com\">info@castlepodsreda.com<\/a><\/p>\n<p>[\/vc_column_text][vc_separator color=&#8221;white&#8221; border_width=&#8221;2&#8243;][\/vc_tta_section][vc_tta_section title=&#8221;ZA\u0160TITNE MJERE HIGIJENE&#8221; tab_id=&#8221;1626262383978-564f1629-1f08&#8243;][vc_separator color=&#8221;white&#8221; border_width=&#8221;2&#8243;][vc_separator color=&#8221;white&#8221; border_width=&#8221;2&#8243;][vc_column_text]<\/p>\n<p style=\"text-align: center;\"><strong>Sve smje\u0161tajne jedinice temeljito se \u010diste i dezinficiraju sukladno mjerama higijene i za\u0161tite radi sigurnosti gostiju i zaposlenika.<\/strong><\/p>\n<p style=\"text-align: center;\">Dolazak u smje\u0161tajnu jedinicu i preuzimanje klju\u010deva je beskontaktno, isto tako omogu\u0107ujemo beskontaktno pla\u0107anje i naru\u010divanje hrane i pi\u0107a. Ukoliko ne \u017eelite, ne moramo se osobno susresti.<\/p>\n<p>[\/vc_column_text][vc_separator color=&#8221;white&#8221; border_width=&#8221;2&#8243;][\/vc_tta_section][\/vc_tta_accordion][vc_separator][\/vc_column][\/vc_row][vc_row][vc_column][vc_raw_html]JTVCbW9kdWxhJTIwaWQlM0QlMjI3OTY4JTIyJTVE[\/vc_raw_html][\/vc_column][\/vc_row][vc_row parallax=&#8221;content-moving&#8221; parallax_speed_bg=&#8221;&#8221; css=&#8221;.vc_custom_1626267016670{background-color: #212121 !important;background-position: center;background-repeat: no-repeat;background-size:cover;}&#8221;][vc_column css=&#8221;.vc_custom_1567223373306{padding-top: 0px !important;}&#8221;][cms_contact_form cms_template=&#8221;cms_contact_form&#8211;layout3.php&#8221; id=&#8221;23778&#8243; style_border=&#8221;has-border&#8221; title_color=&#8221;#ffffff&#8221; align_title=&#8221;center&#8221; align_desc=&#8221;center&#8221; bg_form_color=&#8221;#000000&#8243; title_form=&#8221;Rezervirajte iskustvo ili nam postavite pitanje&#8221; animation=&#8221;bounce&#8221;][\/vc_column][\/vc_row][vc_row disable_element=&#8221;yes&#8221;][vc_column][vc_column_text]Paket vklju\u010duje:<\/p>\n<p>\u2022 1 ali 2 no\u010ditvi v \u0161tirizvezdi\u010dnem dru\u017einskem Eminem apartmaju**** na Gradu Podsreda za vso dru\u017eino;<br \/>\n\u2022 1 ali 2 dru\u017einski grajski zajtrk ko\u0161arici doma\u010dih dobrot;<br \/>\n\u2022 Obisk Kukovi\u010di\u010devega mlina, ogled postopka mletja \u017eit z mlinom na vodo in poku\u0161ina doma\u010dih dobrot z ekolo\u0161ke kmetije (degustacija kruha, namaza, sok ali \u010daj) ter dogodiv\u0161\u010dina risanja po pi\u0161kotih.<br \/>\n\u2022 Sodelovanje v igri Lov na zaklad na gradu Podsreda za vso dru\u017eino z lepo pa tudi slastno nagrado;<br \/>\n\u2022 Ogled gradu Podsreda z avdio vodenjem;<br \/>\n\u2022 Grajski narezek za vso dru\u017eino, sestavljen iz izbranih doma\u010dih dobrot Kmetije Kunej;<br \/>\n\u2022 1 l Naravnega jabol\u010dnega soka iz Kozjanskega parka;<br \/>\n\u2022 Sve\u017ea jabolka ali jabol\u010dni krhlji iz za\u0161\u010ditenih kozjanskih visokodebelnih sadovnjakov, kjer uspevajo tradicionalne sorte kozjanskih jabolk;<br \/>\n\u2022 Sezonsko pripravljen zeli\u0161\u010dni Grajski \u010daj s 100% naravnimi, ro\u010dno nabranimi sestavinami iz Kozjanskega parka;<br \/>\n\u2022 Kava za pripravo v kuhalniku, sladkor in mleko;<br \/>\n\u2022 Bele\u017eka in pisalo z logotipom grajske namestitve;<br \/>\n\u2022 Ro\u010dno izdelano naravno trdo milo za roke, narejeno iz surovin iz lokalnega okolja;<br \/>\n\u2022 Brezpla\u010den internet (WI-FI).[\/vc_column_text][\/vc_column][\/vc_row][vc_row][vc_column][\/vc_column][\/vc_row]<\/p>\n","protected":false},"excerpt":{"rendered":"<p>[vc_row][vc_column cms_column_class=&#8221;rm-padding-lg&#8221; offset=&#8221;vc_col-lg-6 vc_col-md-6&#8243; css=&#8221;.vc_custom_1626261431680{padding-right: 63px !important;}&#8221;][cms_heading text=&#8221;Do\u017eivite sve boje jeseni na Dvorcu Podsreda&#8221; letter_spacing=&#8221;0.03em&#8221; sub_font_weight=&#8221;700&#8243; sub_font_style=&#8221;italic&#8221; sub_margin_bottom=&#8221;18&#8243; description=&#8221;\u0160arene boje su divne, ali nisu jedini dar jeseni. To je vrijeme kada nas priroda razveseli svje\u017eim plodovima na poljima, vo\u0107njacima i vinogradima. Zato smo za vas pripremili paket koji \u0107e vas potpuno zavesti jeseni i omogu\u0107iti [&hellip;]<\/p>\n","protected":false},"author":2,"featured_media":33603,"parent":0,"menu_order":0,"comment_status":"closed","ping_status":"closed","template":"","meta":[],"yoast_head":"<!-- This site is optimized with the Yoast SEO plugin v19.14 - https:\/\/yoast.com\/wordpress\/plugins\/seo\/ -->\n<title>PAKET \u00bbSADOVI JESENI\u00ab NA DVORCU PODSREDA ZA DVOJE | Grad Podsreda | Sobe in apartmaji | Grajska ponudba<\/title>\n<meta name=\"robots\" content=\"index, follow, max-snippet:-1, max-image-preview:large, max-video-preview:-1\" \/>\n<link rel=\"canonical\" href=\"https:\/\/castlepodsreda.com\/hr\/paket-sadovi-jeseni-na-dvorcu-podsreda-za-dvoje\/\" \/>\n<meta property=\"og:locale\" content=\"hr_HR\" \/>\n<meta property=\"og:type\" content=\"article\" \/>\n<meta property=\"og:title\" content=\"PAKET \u00bbSADOVI JESENI\u00ab NA DVORCU PODSREDA ZA DVOJE | Grad Podsreda | Sobe in apartmaji | Grajska ponudba\" \/>\n<meta property=\"og:description\" content=\"[vc_row][vc_column cms_column_class=&#8221;rm-padding-lg&#8221; offset=&#8221;vc_col-lg-6 vc_col-md-6&#8243; css=&#8221;.vc_custom_1626261431680{padding-right: 63px !important;}&#8221;][cms_heading text=&#8221;Do\u017eivite sve boje jeseni na Dvorcu Podsreda&#8221; letter_spacing=&#8221;0.03em&#8221; sub_font_weight=&#8221;700&#8243; sub_font_style=&#8221;italic&#8221; sub_margin_bottom=&#8221;18&#8243; description=&#8221;\u0160arene boje su divne, ali nisu jedini dar jeseni. To je vrijeme kada nas priroda razveseli svje\u017eim plodovima na poljima, vo\u0107njacima i vinogradima. Zato smo za vas pripremili paket koji \u0107e vas potpuno zavesti jeseni i omogu\u0107iti [&hellip;]\" \/>\n<meta property=\"og:url\" content=\"https:\/\/castlepodsreda.com\/hr\/paket-sadovi-jeseni-na-dvorcu-podsreda-za-dvoje\/\" \/>\n<meta property=\"og:site_name\" content=\"Grad Podsreda | Sobe in apartmaji | Grajska ponudba\" \/>\n<meta property=\"article:publisher\" content=\"https:\/\/www.facebook.com\/podsredacastle\" \/>\n<meta property=\"article:modified_time\" content=\"2023-11-22T13:51:28+00:00\" \/>\n<meta property=\"og:image\" content=\"https:\/\/castlepodsreda.com\/wp-content\/uploads\/2023\/04\/Paketi-grad-Podsreda_Podsreda-castle_packages_Rooms-and-apartments-at-the-castle_1-280.jpg\" \/>\n\t<meta property=\"og:image:width\" content=\"1000\" \/>\n\t<meta property=\"og:image:height\" content=\"1500\" \/>\n\t<meta property=\"og:image:type\" content=\"image\/jpeg\" \/>\n<meta name=\"twitter:card\" content=\"summary_large_image\" \/>\n<meta name=\"twitter:label1\" content=\"Procijenjeno vrijeme \u010ditanja\" \/>\n\t<meta name=\"twitter:data1\" content=\"4 minute\" \/>\n<script type=\"application\/ld+json\" class=\"yoast-schema-graph\">{\"@context\":\"https:\/\/schema.org\",\"@graph\":[{\"@type\":\"WebPage\",\"@id\":\"https:\/\/castlepodsreda.com\/hr\/paket-sadovi-jeseni-na-dvorcu-podsreda-za-dvoje\/\",\"url\":\"https:\/\/castlepodsreda.com\/hr\/paket-sadovi-jeseni-na-dvorcu-podsreda-za-dvoje\/\",\"name\":\"PAKET \u00bbSADOVI JESENI\u00ab NA DVORCU PODSREDA ZA DVOJE | Grad Podsreda | Sobe in apartmaji | Grajska ponudba\",\"isPartOf\":{\"@id\":\"https:\/\/castlepodsreda.com\/hr\/#website\"},\"datePublished\":\"2023-09-20T15:40:13+00:00\",\"dateModified\":\"2023-11-22T13:51:28+00:00\",\"breadcrumb\":{\"@id\":\"https:\/\/castlepodsreda.com\/hr\/paket-sadovi-jeseni-na-dvorcu-podsreda-za-dvoje\/#breadcrumb\"},\"inLanguage\":\"hr\",\"potentialAction\":[{\"@type\":\"ReadAction\",\"target\":[\"https:\/\/castlepodsreda.com\/hr\/paket-sadovi-jeseni-na-dvorcu-podsreda-za-dvoje\/\"]}]},{\"@type\":\"BreadcrumbList\",\"@id\":\"https:\/\/castlepodsreda.com\/hr\/paket-sadovi-jeseni-na-dvorcu-podsreda-za-dvoje\/#breadcrumb\",\"itemListElement\":[{\"@type\":\"ListItem\",\"position\":1,\"name\":\"Home\",\"item\":\"https:\/\/castlepodsreda.com\/hr\/\"},{\"@type\":\"ListItem\",\"position\":2,\"name\":\"PAKET \u00bbSADOVI JESENI\u00ab NA DVORCU PODSREDA ZA DVOJE\"}]},{\"@type\":\"WebSite\",\"@id\":\"https:\/\/castlepodsreda.com\/hr\/#website\",\"url\":\"https:\/\/castlepodsreda.com\/hr\/\",\"name\":\"Grad Podsreda | Sobe in apartmaji | Grajska ponudba\",\"description\":\"Najbolj grajski med gradovi v Sloveniji\",\"publisher\":{\"@id\":\"https:\/\/castlepodsreda.com\/hr\/#organization\"},\"potentialAction\":[{\"@type\":\"SearchAction\",\"target\":{\"@type\":\"EntryPoint\",\"urlTemplate\":\"https:\/\/castlepodsreda.com\/hr\/?s={search_term_string}\"},\"query-input\":\"required name=search_term_string\"}],\"inLanguage\":\"hr\"},{\"@type\":\"Organization\",\"@id\":\"https:\/\/castlepodsreda.com\/hr\/#organization\",\"name\":\"Grad Podsreda | Sobe in apartmaji | Grajska ponudba\",\"url\":\"https:\/\/castlepodsreda.com\/hr\/\",\"logo\":{\"@type\":\"ImageObject\",\"inLanguage\":\"hr\",\"@id\":\"https:\/\/castlepodsreda.com\/hr\/#\/schema\/logo\/image\/\",\"url\":\"https:\/\/castlepodsreda.com\/wp-content\/uploads\/2020\/04\/logo-grad-podsreda-2.jpg\",\"contentUrl\":\"https:\/\/castlepodsreda.com\/wp-content\/uploads\/2020\/04\/logo-grad-podsreda-2.jpg\",\"width\":576,\"height\":576,\"caption\":\"Grad Podsreda | Sobe in apartmaji | Grajska ponudba\"},\"image\":{\"@id\":\"https:\/\/castlepodsreda.com\/hr\/#\/schema\/logo\/image\/\"},\"sameAs\":[\"https:\/\/www.instagram.com\/podsredacastle\/\",\"https:\/\/www.facebook.com\/podsredacastle\"]}]}<\/script>\n<!-- \/ Yoast SEO plugin. -->","yoast_head_json":{"title":"PAKET \u00bbSADOVI JESENI\u00ab NA DVORCU PODSREDA ZA DVOJE | Grad Podsreda | Sobe in apartmaji | Grajska ponudba","robots":{"index":"index","follow":"follow","max-snippet":"max-snippet:-1","max-image-preview":"max-image-preview:large","max-video-preview":"max-video-preview:-1"},"canonical":"https:\/\/castlepodsreda.com\/hr\/paket-sadovi-jeseni-na-dvorcu-podsreda-za-dvoje\/","og_locale":"hr_HR","og_type":"article","og_title":"PAKET \u00bbSADOVI JESENI\u00ab NA DVORCU PODSREDA ZA DVOJE | Grad Podsreda | Sobe in apartmaji | Grajska ponudba","og_description":"[vc_row][vc_column cms_column_class=&#8221;rm-padding-lg&#8221; offset=&#8221;vc_col-lg-6 vc_col-md-6&#8243; css=&#8221;.vc_custom_1626261431680{padding-right: 63px !important;}&#8221;][cms_heading text=&#8221;Do\u017eivite sve boje jeseni na Dvorcu Podsreda&#8221; letter_spacing=&#8221;0.03em&#8221; sub_font_weight=&#8221;700&#8243; sub_font_style=&#8221;italic&#8221; sub_margin_bottom=&#8221;18&#8243; description=&#8221;\u0160arene boje su divne, ali nisu jedini dar jeseni. To je vrijeme kada nas priroda razveseli svje\u017eim plodovima na poljima, vo\u0107njacima i vinogradima. Zato smo za vas pripremili paket koji \u0107e vas potpuno zavesti jeseni i omogu\u0107iti [&hellip;]","og_url":"https:\/\/castlepodsreda.com\/hr\/paket-sadovi-jeseni-na-dvorcu-podsreda-za-dvoje\/","og_site_name":"Grad Podsreda | Sobe in apartmaji | Grajska ponudba","article_publisher":"https:\/\/www.facebook.com\/podsredacastle","article_modified_time":"2023-11-22T13:51:28+00:00","og_image":[{"width":1000,"height":1500,"url":"https:\/\/castlepodsreda.com\/wp-content\/uploads\/2023\/04\/Paketi-grad-Podsreda_Podsreda-castle_packages_Rooms-and-apartments-at-the-castle_1-280.jpg","type":"image\/jpeg"}],"twitter_card":"summary_large_image","twitter_misc":{"Procijenjeno vrijeme \u010ditanja":"4 minute"},"schema":{"@context":"https:\/\/schema.org","@graph":[{"@type":"WebPage","@id":"https:\/\/castlepodsreda.com\/hr\/paket-sadovi-jeseni-na-dvorcu-podsreda-za-dvoje\/","url":"https:\/\/castlepodsreda.com\/hr\/paket-sadovi-jeseni-na-dvorcu-podsreda-za-dvoje\/","name":"PAKET \u00bbSADOVI JESENI\u00ab NA DVORCU PODSREDA ZA DVOJE | Grad Podsreda | Sobe in apartmaji | Grajska ponudba","isPartOf":{"@id":"https:\/\/castlepodsreda.com\/hr\/#website"},"datePublished":"2023-09-20T15:40:13+00:00","dateModified":"2023-11-22T13:51:28+00:00","breadcrumb":{"@id":"https:\/\/castlepodsreda.com\/hr\/paket-sadovi-jeseni-na-dvorcu-podsreda-za-dvoje\/#breadcrumb"},"inLanguage":"hr","potentialAction":[{"@type":"ReadAction","target":["https:\/\/castlepodsreda.com\/hr\/paket-sadovi-jeseni-na-dvorcu-podsreda-za-dvoje\/"]}]},{"@type":"BreadcrumbList","@id":"https:\/\/castlepodsreda.com\/hr\/paket-sadovi-jeseni-na-dvorcu-podsreda-za-dvoje\/#breadcrumb","itemListElement":[{"@type":"ListItem","position":1,"name":"Home","item":"https:\/\/castlepodsreda.com\/hr\/"},{"@type":"ListItem","position":2,"name":"PAKET \u00bbSADOVI JESENI\u00ab NA DVORCU PODSREDA ZA DVOJE"}]},{"@type":"WebSite","@id":"https:\/\/castlepodsreda.com\/hr\/#website","url":"https:\/\/castlepodsreda.com\/hr\/","name":"Grad Podsreda | Sobe in apartmaji | Grajska ponudba","description":"Najbolj grajski med gradovi v Sloveniji","publisher":{"@id":"https:\/\/castlepodsreda.com\/hr\/#organization"},"potentialAction":[{"@type":"SearchAction","target":{"@type":"EntryPoint","urlTemplate":"https:\/\/castlepodsreda.com\/hr\/?s={search_term_string}"},"query-input":"required name=search_term_string"}],"inLanguage":"hr"},{"@type":"Organization","@id":"https:\/\/castlepodsreda.com\/hr\/#organization","name":"Grad Podsreda | Sobe in apartmaji | Grajska ponudba","url":"https:\/\/castlepodsreda.com\/hr\/","logo":{"@type":"ImageObject","inLanguage":"hr","@id":"https:\/\/castlepodsreda.com\/hr\/#\/schema\/logo\/image\/","url":"https:\/\/castlepodsreda.com\/wp-content\/uploads\/2020\/04\/logo-grad-podsreda-2.jpg","contentUrl":"https:\/\/castlepodsreda.com\/wp-content\/uploads\/2020\/04\/logo-grad-podsreda-2.jpg","width":576,"height":576,"caption":"Grad Podsreda | Sobe in apartmaji | Grajska ponudba"},"image":{"@id":"https:\/\/castlepodsreda.com\/hr\/#\/schema\/logo\/image\/"},"sameAs":["https:\/\/www.instagram.com\/podsredacastle\/","https:\/\/www.facebook.com\/podsredacastle"]}]}},"_links":{"self":[{"href":"https:\/\/castlepodsreda.com\/hr\/wp-json\/wp\/v2\/pages\/34102"}],"collection":[{"href":"https:\/\/castlepodsreda.com\/hr\/wp-json\/wp\/v2\/pages"}],"about":[{"href":"https:\/\/castlepodsreda.com\/hr\/wp-json\/wp\/v2\/types\/page"}],"author":[{"embeddable":true,"href":"https:\/\/castlepodsreda.com\/hr\/wp-json\/wp\/v2\/users\/2"}],"replies":[{"embeddable":true,"href":"https:\/\/castlepodsreda.com\/hr\/wp-json\/wp\/v2\/comments?post=34102"}],"version-history":[{"count":5,"href":"https:\/\/castlepodsreda.com\/hr\/wp-json\/wp\/v2\/pages\/34102\/revisions"}],"predecessor-version":[{"id":34346,"href":"https:\/\/castlepodsreda.com\/hr\/wp-json\/wp\/v2\/pages\/34102\/revisions\/34346"}],"wp:featuredmedia":[{"embeddable":true,"href":"https:\/\/castlepodsreda.com\/hr\/wp-json\/wp\/v2\/media\/33603"}],"wp:attachment":[{"href":"https:\/\/castlepodsreda.com\/hr\/wp-json\/wp\/v2\/media?parent=34102"}],"curies":[{"name":"wp","href":"https:\/\/api.w.org\/{rel}","templated":true}]}}