{"id":34261,"date":"2021-02-28T21:16:57","date_gmt":"2021-02-28T21:16:57","guid":{"rendered":"https:\/\/castlepodsreda.com\/?page_id=34261"},"modified":"2026-02-02T13:14:21","modified_gmt":"2026-02-02T13:14:21","slug":"obiteljsko-iskustvo-s-nocenjem-u-dvorcu-podsreda-1-ili-2-noci","status":"publish","type":"page","link":"https:\/\/castlepodsreda.com\/hr\/obiteljsko-iskustvo-s-nocenjem-u-dvorcu-podsreda-1-ili-2-noci\/","title":{"rendered":"OBITELJSKO ISKUSTVO S NO\u0106ENJEM U DVORCU PODSREDA \/\/ 1 ILI 2 NO\u0106I"},"content":{"rendered":"<p>[vc_row][vc_column cms_column_class=&#8221;rm-padding-lg&#8221; offset=&#8221;vc_col-lg-6 vc_col-md-6&#8243; css=&#8221;.vc_custom_1626261431680{padding-right: 63px !important;}&#8221;][cms_heading text=&#8221;Obiteljsko iskustvo s no\u0107enjem u dvorcu Podsreda&#8221; letter_spacing=&#8221;0.03em&#8221; sub_font_weight=&#8221;700&#8243; sub_font_style=&#8221;italic&#8221; sub_margin_bottom=&#8221;18&#8243; description=&#8221;Osim neograni\u010denog istra\u017eivanja srednjovjekovnog dvorca i sudjelovanja u zabavnoj igri za cijelu obitelj &#8211; Lov na blago na dvorcu Podsreda, posjetit \u0107ete obli\u017enju Kukovi\u010di\u010devu mlinicu i vidjeti kako radi vodenica, te ku\u0161ati dobrote s njihove ekolo\u0161ke farme. Ve\u010der \u0107ete sigurno biti \u017eeljni dobre dvorske hrane i pi\u0107a, pa \u0107emo vam poslu\u017eiti ve\u010deru u obliku dvorskog narezka od autenti\u010dnih doma\u0107ih poslastica, koji \u0107e vas odvesti u daleku pro\u0161lost gospode dvorca. I ne zaboravite na doru\u010dak &#8211; i on je naravno dvorski &#8211; s dvorskom ko\u0161aricom lokalnih poslastica prema va\u0161em izboru.<\/p>\n<p>Neka dvorska avantura po\u010dne!&#8221; description_font_size=&#8221;18&#8243; description_line_height=&#8221;26&#8243; des_margin_bottom=&#8221;50&#8243; cms_template=&#8221;cms_heading&#8211;layout3.php&#8221; sub_title=&#8221;Pozivamo vas na dvorac Podsreda na nezaboravnu dvorcu avanturu za cijelu obitelj. U\u017eivat \u0107ete istra\u017euju\u0107i tajne kutke dvorca i okolice gdje vas avanture \u010dekaju na svakom koraku. Posjetit \u0107ete obli\u017enju mlinicu i u\u017eivati u ru\u010dku iz \u0161krinjice u vo\u0107njaku te zavr\u0161iti dan dvorskom ve\u010derom. Za savr\u0161eno dvorsko iskustvo brinut \u0107e se doru\u010dak po va\u0161em izboru u obliku dvorske ko\u0161arice.&#8221; margin_bottom=&#8221;41&#8243;][vc_column_text css=&#8221;.vc_custom_1700639961066{padding-top: 20px !important;padding-right: 20px !important;padding-bottom: 20px !important;padding-left: 20px !important;background-color: #d3ba9e !important;}&#8221;]<strong>Broj no\u0107enja:<\/strong> 1 ili 2 no\u0107i \/ POLUPANSION (uklju\u010den doru\u010dak i ru\u010dak\/ve\u010dera)<\/p>\n<p><strong>Broj osoba:<\/strong> 2 odrasle osobe i 1 do najvi\u0161e 3 djece (do 14 godina)<\/p>\n<p><strong>Smje\u0161taj nudi:<\/strong> Razgled dvorca Podsreda, posjet Sredi\u0161tu za posjetitelje Kozjanskog parka, prodajno mjesto lokalnih ponu\u0111a\u010da, iskustvo potpune lokalne ponude u dvorskim apartmanima i sobama, neograni\u010den pristup zajedni\u010dkoj dvorani dvorca, prodajno mjesto lokalnih ponu\u0111a\u010da, vanjsko ognji\u0161te, besplatan internet \/ WI-FI, parkirali\u0161te<\/p>\n<p><strong>Vrsta smje\u0161taja:<\/strong> Emin apartman na dvorcu Podsreda ****[\/vc_column_text][cms_heading tag=&#8221;h6&#8243; cms_template=&#8221;cms_heading&#8211;layout3.php&#8221; sub_title=&#8221;Paket uklju\u010duje:&#8221;][cms_list cms_template=&#8221;cms_list&#8211;layout5.php&#8221; cms_list=&#8221;%5B%7B%22cms_list_item%22%3A%221%20ili%202%20no%C4%87enja%20u%20%C4%8Detverozvjezdastom%20obiteljskom%20apartmanu****%20na%20Dvorcu%20Podsreda%20za%20cijelu%20obitelj%3B%22%7D%2C%7B%22cms_list_item%22%3A%221%20ili%202%20OBITELJSKI%20DVORSKI%20DORU%C4%8CAK%20U%20KO%C5%A0ARICI%20doma%C4%87ih%20dobrota%20s%20lokalnih%20farmi%20(klasi%C4%8Dna%20%E2%80%93%20mesna%2C%20vegetarijanska%20i%20veganska%20opcija)%3B%22%7D%2C%7B%22cms_list_item%22%3A%22Razgledavanje%20Dvorca%20Podsreda%20sa%20svim%20stalnim%20i%20ostalim%20povremenim%20izlo%C5%BEbama%2C%20gdje%20%C4%87ete%20se%20izgubiti%20u%20%C4%8Darobnom%20svijetu%20povijesti%20i%20kulturne%20ba%C5%A1tine%20uz%20pratnju%20audio%20vodi%C4%8Da%3B%22%7D%2C%7B%22cms_list_item%22%3A%22POSET%20KUKOVI%C4%8CI%C4%8CEVOJ%20MLINICI%2C%20razgledavanje%20procesa%20mljevenja%20%C5%BEita%20s%20vodenim%20mlinom%20i%20ku%C5%A1anje%20doma%C4%87ih%20delicija%20s%20ekolo%C5%A1ke%20farme%20(degustacija%20kruha%2C%20namaza%2C%20soka%20ili%20%C4%8Daja)%20te%20do%C5%BEivljaj%20CRTE%C5%BDA%20NA%20KEKSU%20**ILI**%20na%20mlinu%20pripremaju%20KOZJANSKU%20KO%C5%A0ARICU%20DOBROTA%20(2%20dcl%20jabu%C4%8Dnog%20soka%2C%20jabu%C4%8Dna%20poslastica%2C%20doma%C4%87i%20namaz%2C%20doma%C4%87i%20kruh%2C%20%C4%8Da%C5%A1ica%20doma%C4%87eg%20rakije%20ili%20medeni%20cvijet%20-%20keks)%2C%20koju%20%C4%87ete%20ponijeti%20sa%20sobom%20u%20vo%C4%87njak%20Kozjanskog%20parka%2C%20gdje%20raste%20vi%C5%A1e%20od%20100%20razli%C4%8Ditih%20sorti%20jabuka%20i%20ostalih%20vo%C4%87nih%20stabala%2C%20te%20se%20tamo%20po%C4%8Dastiti%20%5C%22jabu%C4%8Dnim%5C%22%20piknikom.%22%7D%2C%7B%22cms_list_item%22%3A%22Avanturisti%C4%8Dka%20igra%20%5C%22LOV%20NA%20BLAGO%20NA%20DVORCU%20PODSREDA%5C%22%20je%20nezaboravno%20iskustvo%20za%20cijelu%20obitelj.%20Pridru%C5%BEite%20se%20vitezovima%20u%20potrazi%20za%20skrivenim%20blagom%20i%20osvojite%20ukusnu%20nagradu.%22%7D%2C%7B%22cms_list_item%22%3A%22Ve%C4%8Dera%20na%20Dvorcu%20Podsreda%20u%20obliku%20DVORSKOG%20NAREZKA%20za%20cijelu%20obitelj.%20Okusite%20odabrane%20doma%C4%87e%20delicije%20Kmetije%20Kunej%20(mesne%2C%20mje%C5%A1ovite%20mesne%20i%20povrtne%2C%20vegetarijanske-veganske%20varijante).%20%C5%BDe%C4%91%20mo%C5%BEete%20uta%C5%BEiti%20s%20prirodnim%20jabu%C4%8Dnim%20sokom%20iz%20Kozjanskog%20parka.%22%7D%5D&#8221; font_weight=&#8221;500&#8243;][cms_heading tag=&#8221;h6&#8243; cms_template=&#8221;cms_heading&#8211;layout3.php&#8221; sub_title=&#8221;Ostale pogodnosti:&#8221;][cms_list cms_template=&#8221;cms_list&#8211;layout5.php&#8221; cms_list=&#8221;%5B%7B%22cms_list_item%22%3A%221%20l%20Prirodnog%20jabu%C4%8Dnog%20soka%20iz%20Kozjanskog%20parka%3B%22%7D%2C%7B%22cms_list_item%22%3A%22Sezonski%20pripremljeni%20biljni%20Dvorski%20%C4%8Daj%20s%20100%25%20prirodnim%2C%20ru%C4%8Dno%20ubranim%20sastojcima%20iz%20Kozjanskog%20parka%3B%22%7D%2C%7B%22cms_list_item%22%3A%22Razgledavanje%20dvorca%20Podsreda%20s%20audio%20vodstvom%20na%20vi%C5%A1e%20jezika%20(SLO%2C%20EN%2C%20DE%2C%20IT%2C%20RUS)%3B%22%7D%2C%7B%22cms_list_item%22%3A%22Gostima%20je%20tijekom%20radnog%20vremena%20dvorca%20omogu%C4%87en%20besplatan%20razgled%20svih%20dvorskih%20prostora%2C%20a%20uvijek%20je%20omogu%C4%87en%20pristup%20dvorskom%20dvori%C5%A1tu%20i%20srednjovjekovnoj%20kuhinji%3B%22%7D%2C%7B%22cms_list_item%22%3A%22Svje%C5%BEe%20jabuke%20ili%20komadi%C4%87i%20jabuke%20iz%20za%C5%A1ti%C4%87enih%20kozjanskih%20vo%C4%87njaka%20visokog%20debla%2C%20gdje%20uspijevaju%20tradicionalne%20sorte%20kozjanskih%20jabuka%3B%22%7D%2C%7B%22cms_list_item%22%3A%22Kori%C5%A1tenje%20VANJSKOG%20VATRI%C5%A0TA%20kod%20apartmana%20i%20soba%20na%20donjem%20dvori%C5%A1tu%20dvorca%3B%22%7D%2C%7B%22cms_list_item%22%3A%22Neograni%C4%8Den%20pristup%20dvorskom%20dvori%C5%A1tu%20i%20dvorani%20za%20goste%20s%20TV%20kutkom%2C%20kutkom%20za%20%C4%8Daj%20i%20kavu%2C%20vinskim%20i%20knji%C5%BEnim%20kutkom%3B%22%7D%2C%7B%22cms_list_item%22%3A%22Ru%C4%8Dno%20izra%C4%91eni%20prirodni%20tvrdi%20sapun%20za%20ruke%20napravljen%20od%20sirovina%20iz%20lokalnog%20okoli%C5%A1a%3B%22%7D%2C%7B%22cms_list_item%22%3A%22Besplatan%20internet%20(WI-FI)%20%26%20parkiranje.%22%7D%5D&#8221; font_weight=&#8221;500&#8243;][cms_space][vc_separator][vc_column_text]<\/p>\n<p style=\"text-align: center;\"><strong>Dobrodo\u0161li da provjerite na\u0161u ponudu dvorskih masa\u017ea &#8211; posebno PRVO SPA ISKUSTVO ZA DJECU (28,00 \u20ac), pa\u017eljivo osmi\u0161ljena masa\u017ea za na\u0161e najmla\u0111e goste. <\/strong><\/p>\n<p style=\"text-align: center;\">Miris \u010dokolade u maslacu ispunjava osje\u0107ajem neizmjerne sre\u0107e i zadovoljstva nakon masa\u017ee.<\/p>\n<p>[\/vc_column_text][cms_button button_text=&#8221;PONUDA DVORSKIH MASA\u017dA&#8221; button_link=&#8221;url:https%3A%2F%2Fcastlepodsreda.com%2Fdozivetja%2Frazvajanje-za-duso-in-telo%2F|||&#8221; font_weight=&#8221;400&#8243; button_align=&#8221;center&#8221; button_align_md=&#8221;center&#8221; button_align_sm=&#8221;center&#8221; button_align_xs=&#8221;center&#8221;][cms_space][\/vc_column][vc_column cms_column_class=&#8221;rm-padding-lg&#8221; offset=&#8221;vc_col-lg-6 vc_col-md-6&#8243; css=&#8221;.vc_custom_1569030444588{padding-left: 13px !important;}&#8221;][vc_single_image image=&#8221;24746&#8243; img_size=&#8221;full&#8221;][vc_single_image image=&#8221;40225&#8243; img_size=&#8221;full&#8221;][vc_single_image image=&#8221;25509&#8243; img_size=&#8221;full&#8221;][vc_single_image image=&#8221;25513&#8243; img_size=&#8221;full&#8221;][vc_single_image image=&#8221;25518&#8243; img_size=&#8221;full&#8221;][vc_single_image image=&#8221;33753&#8243; img_size=&#8221;full&#8221;][\/vc_column][\/vc_row][vc_row][vc_column][vc_separator][vc_tta_accordion color=&#8221;chino&#8221; spacing=&#8221;4&#8243; active_section=&#8221;1&#8243; no_fill=&#8221;true&#8221; collapsible_all=&#8221;true&#8221;][vc_tta_section title=&#8221;CIJENA PAKETA&#8221; tab_id=&#8221;1626263329059-8e9ca197-f870&#8243;][vc_separator color=&#8221;white&#8221; border_width=&#8221;2&#8243;][vc_column_text]<\/p>\n<blockquote>\n<p style=\"text-align: center;\"><strong>Cijena paketa s jednom no\u0107enjem (3 osobe ili 2 odrasle osobe i 1 dijete):<\/strong><\/p>\n<h4 style=\"text-align: center;\"><span style=\"color: #000000;\"><strong>298,00 \u20ac<\/strong><\/span><\/h4>\n<p style=\"text-align: center;\">&#8211; Dodatno dijete: 45 \u20ac<\/p>\n<p style=\"text-align: center;\">&#8211; Dodatna odrasla osoba: 55 \u20ac<\/p>\n<\/blockquote>\n<p>[\/vc_column_text][vc_column_text]<\/p>\n<blockquote>\n<p style=\"text-align: center;\"><strong>Cijena paketa s dva no\u0107enja (3 osobe ili 2 odrasle osobe i 1 dijete):<\/strong><\/p>\n<h4 style=\"text-align: center;\"><span style=\"color: #000000;\"><strong>486,00 \u20ac<\/strong><\/span><\/h4>\n<p style=\"text-align: center;\">&#8211; Dodatno dijete: 55 \u20ac;<\/p>\n<p style=\"text-align: center;\">&#8211; Dodatna odrasla osoba: 71 \u20ac;<\/p>\n<\/blockquote>\n<p>[\/vc_column_text][vc_separator color=&#8221;white&#8221; border_width=&#8221;2&#8243;][\/vc_tta_section][vc_tta_section title=&#8221;DODACI&#8221; tab_id=&#8221;1626262051890-885fab22-d36d&#8221;][vc_separator color=&#8221;white&#8221; border_width=&#8221;2&#8243;][vc_column_text]<\/p>\n<p style=\"text-align: center;\">&#8211; <strong>Turisti\u010dka pristojba s uklju\u010denim promocijskim porezom:<\/strong><\/p>\n<p style=\"text-align: center;\">odrasli od 17 godina: 1,50 \u20ac \/ dan,<\/p>\n<p style=\"text-align: center;\">djeca (7-17 godina): 0,75 \u20ac \/ dan<\/p>\n<p style=\"text-align: center;\"><strong>&#8211; Ku\u0107ni ljubimci: 15 \u20ac \/ dan;<\/strong><\/p>\n<p style=\"text-align: center;\"><strong>&#8211; Kasni odlazak \/ rani dolazak &#8211; besplatno (ovisno o raspolo\u017eivosti).<\/strong><\/p>\n<p>[\/vc_column_text][vc_separator color=&#8221;white&#8221; border_width=&#8221;2&#8243;][vc_separator color=&#8221;white&#8221; border_width=&#8221;2&#8243;][\/vc_tta_section][vc_tta_section title=&#8221;UVJETI PLA\u0106ANJA&#8221; tab_id=&#8221;1626262051907-1d43d7c5-4f2d&#8221;][vc_separator color=&#8221;white&#8221; border_width=&#8221;2&#8243;][vc_column_text]<\/p>\n<p style=\"text-align: center;\">&#8211; U slu\u010daju nepravovremenog pla\u0107anja zadr\u017eavamo pravo otkazivanja rezervacije;<\/p>\n<p style=\"text-align: center;\">&#8211; Besplatna promjena rezervacije za kasniji termin mogu\u0107a je uz najavu najmanje sedam dana prije rezervacije putem pisane obavijesti na <a href=\"mailto:info@castlepodsreda.com\">info@castlepodsreda.com<\/a><\/p>\n<p>[\/vc_column_text][vc_separator color=&#8221;white&#8221; border_width=&#8221;2&#8243;][\/vc_tta_section][vc_tta_section title=&#8221;ZA\u0160TITNE MJERE HIGIJENE&#8221; tab_id=&#8221;1626262383978-564f1629-1f08&#8243;][vc_separator color=&#8221;white&#8221; border_width=&#8221;2&#8243;][vc_column_text]<\/p>\n<p style=\"text-align: center;\"><strong>Sve smje\u0161tajne jedinice temeljito se \u010diste i dezinficiraju sukladno mjerama higijene i za\u0161tite radi sigurnosti gostiju i zaposlenika.<\/strong><\/p>\n<p style=\"text-align: center;\">Dolazak u smje\u0161tajnu jedinicu i preuzimanje klju\u010deva je beskontaktno, isto tako omogu\u0107ujemo beskontaktno pla\u0107anje i naru\u010divanje hrane i pi\u0107a. Ukoliko ne \u017eelite, ne moramo se osobno susresti.<\/p>\n<p>[\/vc_column_text][vc_separator color=&#8221;white&#8221; border_width=&#8221;2&#8243;][\/vc_tta_section][\/vc_tta_accordion][vc_separator][\/vc_column][\/vc_row][vc_row][vc_column][vc_raw_html]JTVCbW9kdWxhJTIwaWQlM0QlMjI2NTc1JTIyJTVE[\/vc_raw_html][\/vc_column][\/vc_row][vc_row parallax=&#8221;content-moving&#8221; parallax_speed_bg=&#8221;&#8221; css=&#8221;.vc_custom_1626267016670{background-color: #212121 !important;background-position: center;background-repeat: no-repeat;background-size:cover;}&#8221;][vc_column css=&#8221;.vc_custom_1567223373306{padding-top: 0px !important;}&#8221;][cms_contact_form cms_template=&#8221;cms_contact_form&#8211;layout3.php&#8221; id=&#8221;6562&#8243; style_border=&#8221;has-border&#8221; title_color=&#8221;#ffffff&#8221; align_title=&#8221;center&#8221; align_desc=&#8221;center&#8221; bg_form_color=&#8221;#000000&#8243; title_form=&#8221;Rezervirajte iskustvo ili nam postavite pitanje&#8221; animation=&#8221;bounce&#8221;][\/vc_column][\/vc_row][vc_row][vc_column][vc_raw_html]JTVCbW9kdWxhJTIwaWQlM0QlMjI2NjAxJTIyJTVE[\/vc_raw_html][\/vc_column][\/vc_row][vc_row disable_element=&#8221;yes&#8221;][vc_column][vc_column_text]<\/p>\n<p style=\"font-size: 18px;\"><strong>Paket vklju\u010duje:<br \/>\n<\/strong><br \/>\n\u2022 1 ali 2 no\u010ditvi v \u0161tirizvezdi\u010dnem dru\u017einskem Eminem apartmaju**** na Gradu Podsreda za vso dru\u017eino;<br \/>\n\u2022 1 ali 2 dru\u017einski grajski zajtrk ko\u0161arici doma\u010dih dobrot;<br \/>\n\u2022 Obisk Kukovi\u010di\u010devega mlina, ogled postopka mletja \u017eit z mlinom na vodo in poku\u0161ina doma\u010dih dobrot z ekolo\u0161ke kmetije (degustacija kruha, namaza, sok ali \u010daj) ter dogodiv\u0161\u010dina risanja po pi\u0161kotih.<br \/>\n\u2022 Sodelovanje v igri Lov na zaklad na gradu Podsreda za vso dru\u017eino z lepo pa tudi slastno nagrado;<br \/>\n\u2022 Ogled gradu Podsreda z avdio vodenjem;<br \/>\n\u2022 Grajski narezek za vso dru\u017eino, sestavljen iz izbranih doma\u010dih dobrot Kmetije Kunej;<br \/>\n\u2022 1 l Naravnega jabol\u010dnega soka iz Kozjanskega parka;<br \/>\n\u2022 Sve\u017ea jabolka ali jabol\u010dni krhlji iz za\u0161\u010ditenih kozjanskih visokodebelnih sadovnjakov, kjer uspevajo tradicionalne sorte kozjanskih jabolk;<br \/>\n\u2022 Sezonsko pripravljen zeli\u0161\u010dni Grajski \u010daj s 100% naravnimi, ro\u010dno nabranimi sestavinami iz Kozjanskega parka;<br \/>\n\u2022 Kava za pripravo v kuhalniku, sladkor in mleko;<br \/>\n\u2022 Bele\u017eka in pisalo z logotipom grajske namestitve;<br \/>\n\u2022 Ro\u010dno izdelano naravno trdo milo za roke, narejeno iz surovin iz lokalnega okolja;<br \/>\n\u2022 Brezpla\u010den internet (WI-FI).[\/vc_column_text][\/vc_column][\/vc_row][vc_row][vc_column][\/vc_column][\/vc_row]<\/p>\n","protected":false},"excerpt":{"rendered":"<p>[vc_row][vc_column cms_column_class=&#8221;rm-padding-lg&#8221; offset=&#8221;vc_col-lg-6 vc_col-md-6&#8243; css=&#8221;.vc_custom_1626261431680{padding-right: 63px !important;}&#8221;][cms_heading text=&#8221;Obiteljsko iskustvo s no\u0107enjem u dvorcu Podsreda&#8221; letter_spacing=&#8221;0.03em&#8221; sub_font_weight=&#8221;700&#8243; sub_font_style=&#8221;italic&#8221; sub_margin_bottom=&#8221;18&#8243; description=&#8221;Osim neograni\u010denog istra\u017eivanja srednjovjekovnog dvorca i sudjelovanja u zabavnoj igri za cijelu obitelj &#8211; Lov na blago na dvorcu Podsreda, posjetit \u0107ete obli\u017enju Kukovi\u010di\u010devu mlinicu i vidjeti kako radi vodenica, te ku\u0161ati dobrote s njihove ekolo\u0161ke farme. [&hellip;]<\/p>\n","protected":false},"author":2,"featured_media":0,"parent":0,"menu_order":0,"comment_status":"closed","ping_status":"closed","template":"","meta":[],"yoast_head":"<!-- This site is optimized with the Yoast SEO plugin v19.14 - https:\/\/yoast.com\/wordpress\/plugins\/seo\/ -->\n<title>OBITELJSKO ISKUSTVO S NO\u0106ENJEM U DVORCU PODSREDA \/\/ 1 ILI 2 NO\u0106I | Grad Podsreda | Sobe in apartmaji | Grajska ponudba<\/title>\n<meta name=\"robots\" content=\"index, follow, max-snippet:-1, max-image-preview:large, max-video-preview:-1\" \/>\n<link rel=\"canonical\" href=\"https:\/\/castlepodsreda.com\/hr\/obiteljsko-iskustvo-s-nocenjem-u-dvorcu-podsreda-1-ili-2-noci\/\" \/>\n<meta property=\"og:locale\" content=\"hr_HR\" \/>\n<meta property=\"og:type\" content=\"article\" \/>\n<meta property=\"og:title\" content=\"OBITELJSKO ISKUSTVO S NO\u0106ENJEM U DVORCU PODSREDA \/\/ 1 ILI 2 NO\u0106I | Grad Podsreda | Sobe in apartmaji | Grajska ponudba\" \/>\n<meta property=\"og:description\" content=\"[vc_row][vc_column cms_column_class=&#8221;rm-padding-lg&#8221; offset=&#8221;vc_col-lg-6 vc_col-md-6&#8243; css=&#8221;.vc_custom_1626261431680{padding-right: 63px !important;}&#8221;][cms_heading text=&#8221;Obiteljsko iskustvo s no\u0107enjem u dvorcu Podsreda&#8221; letter_spacing=&#8221;0.03em&#8221; sub_font_weight=&#8221;700&#8243; sub_font_style=&#8221;italic&#8221; sub_margin_bottom=&#8221;18&#8243; description=&#8221;Osim neograni\u010denog istra\u017eivanja srednjovjekovnog dvorca i sudjelovanja u zabavnoj igri za cijelu obitelj &#8211; Lov na blago na dvorcu Podsreda, posjetit \u0107ete obli\u017enju Kukovi\u010di\u010devu mlinicu i vidjeti kako radi vodenica, te ku\u0161ati dobrote s njihove ekolo\u0161ke farme. [&hellip;]\" \/>\n<meta property=\"og:url\" content=\"https:\/\/castlepodsreda.com\/hr\/obiteljsko-iskustvo-s-nocenjem-u-dvorcu-podsreda-1-ili-2-noci\/\" \/>\n<meta property=\"og:site_name\" content=\"Grad Podsreda | Sobe in apartmaji | Grajska ponudba\" \/>\n<meta property=\"article:publisher\" content=\"https:\/\/www.facebook.com\/podsredacastle\" \/>\n<meta property=\"article:modified_time\" content=\"2026-02-02T13:14:21+00:00\" \/>\n<meta name=\"twitter:card\" content=\"summary_large_image\" \/>\n<meta name=\"twitter:label1\" content=\"Procijenjeno vrijeme \u010ditanja\" \/>\n\t<meta name=\"twitter:data1\" content=\"4 minute\" \/>\n<script type=\"application\/ld+json\" class=\"yoast-schema-graph\">{\"@context\":\"https:\/\/schema.org\",\"@graph\":[{\"@type\":\"WebPage\",\"@id\":\"https:\/\/castlepodsreda.com\/hr\/obiteljsko-iskustvo-s-nocenjem-u-dvorcu-podsreda-1-ili-2-noci\/\",\"url\":\"https:\/\/castlepodsreda.com\/hr\/obiteljsko-iskustvo-s-nocenjem-u-dvorcu-podsreda-1-ili-2-noci\/\",\"name\":\"OBITELJSKO ISKUSTVO S NO\u0106ENJEM U DVORCU PODSREDA \/\/ 1 ILI 2 NO\u0106I | Grad Podsreda | Sobe in apartmaji | Grajska ponudba\",\"isPartOf\":{\"@id\":\"https:\/\/castlepodsreda.com\/hr\/#website\"},\"datePublished\":\"2021-02-28T21:16:57+00:00\",\"dateModified\":\"2026-02-02T13:14:21+00:00\",\"breadcrumb\":{\"@id\":\"https:\/\/castlepodsreda.com\/hr\/obiteljsko-iskustvo-s-nocenjem-u-dvorcu-podsreda-1-ili-2-noci\/#breadcrumb\"},\"inLanguage\":\"hr\",\"potentialAction\":[{\"@type\":\"ReadAction\",\"target\":[\"https:\/\/castlepodsreda.com\/hr\/obiteljsko-iskustvo-s-nocenjem-u-dvorcu-podsreda-1-ili-2-noci\/\"]}]},{\"@type\":\"BreadcrumbList\",\"@id\":\"https:\/\/castlepodsreda.com\/hr\/obiteljsko-iskustvo-s-nocenjem-u-dvorcu-podsreda-1-ili-2-noci\/#breadcrumb\",\"itemListElement\":[{\"@type\":\"ListItem\",\"position\":1,\"name\":\"Home\",\"item\":\"https:\/\/castlepodsreda.com\/hr\/\"},{\"@type\":\"ListItem\",\"position\":2,\"name\":\"OBITELJSKO ISKUSTVO S NO\u0106ENJEM U DVORCU PODSREDA \/\/ 1 ILI 2 NO\u0106I\"}]},{\"@type\":\"WebSite\",\"@id\":\"https:\/\/castlepodsreda.com\/hr\/#website\",\"url\":\"https:\/\/castlepodsreda.com\/hr\/\",\"name\":\"Grad Podsreda | Sobe in apartmaji | Grajska ponudba\",\"description\":\"Najbolj grajski med gradovi v Sloveniji\",\"publisher\":{\"@id\":\"https:\/\/castlepodsreda.com\/hr\/#organization\"},\"potentialAction\":[{\"@type\":\"SearchAction\",\"target\":{\"@type\":\"EntryPoint\",\"urlTemplate\":\"https:\/\/castlepodsreda.com\/hr\/?s={search_term_string}\"},\"query-input\":\"required name=search_term_string\"}],\"inLanguage\":\"hr\"},{\"@type\":\"Organization\",\"@id\":\"https:\/\/castlepodsreda.com\/hr\/#organization\",\"name\":\"Grad Podsreda | Sobe in apartmaji | Grajska ponudba\",\"url\":\"https:\/\/castlepodsreda.com\/hr\/\",\"logo\":{\"@type\":\"ImageObject\",\"inLanguage\":\"hr\",\"@id\":\"https:\/\/castlepodsreda.com\/hr\/#\/schema\/logo\/image\/\",\"url\":\"https:\/\/castlepodsreda.com\/wp-content\/uploads\/2020\/04\/logo-grad-podsreda-2.jpg\",\"contentUrl\":\"https:\/\/castlepodsreda.com\/wp-content\/uploads\/2020\/04\/logo-grad-podsreda-2.jpg\",\"width\":576,\"height\":576,\"caption\":\"Grad Podsreda | Sobe in apartmaji | Grajska ponudba\"},\"image\":{\"@id\":\"https:\/\/castlepodsreda.com\/hr\/#\/schema\/logo\/image\/\"},\"sameAs\":[\"https:\/\/www.instagram.com\/podsredacastle\/\",\"https:\/\/www.facebook.com\/podsredacastle\"]}]}<\/script>\n<!-- \/ Yoast SEO plugin. -->","yoast_head_json":{"title":"OBITELJSKO ISKUSTVO S NO\u0106ENJEM U DVORCU PODSREDA \/\/ 1 ILI 2 NO\u0106I | Grad Podsreda | Sobe in apartmaji | Grajska ponudba","robots":{"index":"index","follow":"follow","max-snippet":"max-snippet:-1","max-image-preview":"max-image-preview:large","max-video-preview":"max-video-preview:-1"},"canonical":"https:\/\/castlepodsreda.com\/hr\/obiteljsko-iskustvo-s-nocenjem-u-dvorcu-podsreda-1-ili-2-noci\/","og_locale":"hr_HR","og_type":"article","og_title":"OBITELJSKO ISKUSTVO S NO\u0106ENJEM U DVORCU PODSREDA \/\/ 1 ILI 2 NO\u0106I | Grad Podsreda | Sobe in apartmaji | Grajska ponudba","og_description":"[vc_row][vc_column cms_column_class=&#8221;rm-padding-lg&#8221; offset=&#8221;vc_col-lg-6 vc_col-md-6&#8243; css=&#8221;.vc_custom_1626261431680{padding-right: 63px !important;}&#8221;][cms_heading text=&#8221;Obiteljsko iskustvo s no\u0107enjem u dvorcu Podsreda&#8221; letter_spacing=&#8221;0.03em&#8221; sub_font_weight=&#8221;700&#8243; sub_font_style=&#8221;italic&#8221; sub_margin_bottom=&#8221;18&#8243; description=&#8221;Osim neograni\u010denog istra\u017eivanja srednjovjekovnog dvorca i sudjelovanja u zabavnoj igri za cijelu obitelj &#8211; Lov na blago na dvorcu Podsreda, posjetit \u0107ete obli\u017enju Kukovi\u010di\u010devu mlinicu i vidjeti kako radi vodenica, te ku\u0161ati dobrote s njihove ekolo\u0161ke farme. [&hellip;]","og_url":"https:\/\/castlepodsreda.com\/hr\/obiteljsko-iskustvo-s-nocenjem-u-dvorcu-podsreda-1-ili-2-noci\/","og_site_name":"Grad Podsreda | Sobe in apartmaji | Grajska ponudba","article_publisher":"https:\/\/www.facebook.com\/podsredacastle","article_modified_time":"2026-02-02T13:14:21+00:00","twitter_card":"summary_large_image","twitter_misc":{"Procijenjeno vrijeme \u010ditanja":"4 minute"},"schema":{"@context":"https:\/\/schema.org","@graph":[{"@type":"WebPage","@id":"https:\/\/castlepodsreda.com\/hr\/obiteljsko-iskustvo-s-nocenjem-u-dvorcu-podsreda-1-ili-2-noci\/","url":"https:\/\/castlepodsreda.com\/hr\/obiteljsko-iskustvo-s-nocenjem-u-dvorcu-podsreda-1-ili-2-noci\/","name":"OBITELJSKO ISKUSTVO S NO\u0106ENJEM U DVORCU PODSREDA \/\/ 1 ILI 2 NO\u0106I | Grad Podsreda | Sobe in apartmaji | Grajska ponudba","isPartOf":{"@id":"https:\/\/castlepodsreda.com\/hr\/#website"},"datePublished":"2021-02-28T21:16:57+00:00","dateModified":"2026-02-02T13:14:21+00:00","breadcrumb":{"@id":"https:\/\/castlepodsreda.com\/hr\/obiteljsko-iskustvo-s-nocenjem-u-dvorcu-podsreda-1-ili-2-noci\/#breadcrumb"},"inLanguage":"hr","potentialAction":[{"@type":"ReadAction","target":["https:\/\/castlepodsreda.com\/hr\/obiteljsko-iskustvo-s-nocenjem-u-dvorcu-podsreda-1-ili-2-noci\/"]}]},{"@type":"BreadcrumbList","@id":"https:\/\/castlepodsreda.com\/hr\/obiteljsko-iskustvo-s-nocenjem-u-dvorcu-podsreda-1-ili-2-noci\/#breadcrumb","itemListElement":[{"@type":"ListItem","position":1,"name":"Home","item":"https:\/\/castlepodsreda.com\/hr\/"},{"@type":"ListItem","position":2,"name":"OBITELJSKO ISKUSTVO S NO\u0106ENJEM U DVORCU PODSREDA \/\/ 1 ILI 2 NO\u0106I"}]},{"@type":"WebSite","@id":"https:\/\/castlepodsreda.com\/hr\/#website","url":"https:\/\/castlepodsreda.com\/hr\/","name":"Grad Podsreda | Sobe in apartmaji | Grajska ponudba","description":"Najbolj grajski med gradovi v Sloveniji","publisher":{"@id":"https:\/\/castlepodsreda.com\/hr\/#organization"},"potentialAction":[{"@type":"SearchAction","target":{"@type":"EntryPoint","urlTemplate":"https:\/\/castlepodsreda.com\/hr\/?s={search_term_string}"},"query-input":"required name=search_term_string"}],"inLanguage":"hr"},{"@type":"Organization","@id":"https:\/\/castlepodsreda.com\/hr\/#organization","name":"Grad Podsreda | Sobe in apartmaji | Grajska ponudba","url":"https:\/\/castlepodsreda.com\/hr\/","logo":{"@type":"ImageObject","inLanguage":"hr","@id":"https:\/\/castlepodsreda.com\/hr\/#\/schema\/logo\/image\/","url":"https:\/\/castlepodsreda.com\/wp-content\/uploads\/2020\/04\/logo-grad-podsreda-2.jpg","contentUrl":"https:\/\/castlepodsreda.com\/wp-content\/uploads\/2020\/04\/logo-grad-podsreda-2.jpg","width":576,"height":576,"caption":"Grad Podsreda | Sobe in apartmaji | Grajska ponudba"},"image":{"@id":"https:\/\/castlepodsreda.com\/hr\/#\/schema\/logo\/image\/"},"sameAs":["https:\/\/www.instagram.com\/podsredacastle\/","https:\/\/www.facebook.com\/podsredacastle"]}]}},"_links":{"self":[{"href":"https:\/\/castlepodsreda.com\/hr\/wp-json\/wp\/v2\/pages\/34261"}],"collection":[{"href":"https:\/\/castlepodsreda.com\/hr\/wp-json\/wp\/v2\/pages"}],"about":[{"href":"https:\/\/castlepodsreda.com\/hr\/wp-json\/wp\/v2\/types\/page"}],"author":[{"embeddable":true,"href":"https:\/\/castlepodsreda.com\/hr\/wp-json\/wp\/v2\/users\/2"}],"replies":[{"embeddable":true,"href":"https:\/\/castlepodsreda.com\/hr\/wp-json\/wp\/v2\/comments?post=34261"}],"version-history":[{"count":9,"href":"https:\/\/castlepodsreda.com\/hr\/wp-json\/wp\/v2\/pages\/34261\/revisions"}],"predecessor-version":[{"id":40260,"href":"https:\/\/castlepodsreda.com\/hr\/wp-json\/wp\/v2\/pages\/34261\/revisions\/40260"}],"wp:attachment":[{"href":"https:\/\/castlepodsreda.com\/hr\/wp-json\/wp\/v2\/media?parent=34261"}],"curies":[{"name":"wp","href":"https:\/\/api.w.org\/{rel}","templated":true}]}}