{"id":34332,"date":"2019-05-17T04:09:57","date_gmt":"2019-05-17T04:09:57","guid":{"rendered":"https:\/\/castlepodsreda.com\/?page_id=34332"},"modified":"2023-11-23T17:07:07","modified_gmt":"2023-11-23T17:07:07","slug":"kontakt","status":"publish","type":"page","link":"https:\/\/castlepodsreda.com\/hr\/kontakt\/","title":{"rendered":"KONTAKT"},"content":{"rendered":"<p>[vc_row][vc_column css=&#8221;.vc_custom_1565256390834{padding-top: 0px !important;}&#8221;][cms_space space_lg=&#8221;0&#8243; space_md=&#8221;0&#8243; space_sm=&#8221;80&#8243; space_xs=&#8221;60&#8243;][\/vc_column][\/vc_row][vc_row css_animation=&#8221;slideInUp&#8221; cms_row_class=&#8221;row-visible row-visible-shadow&#8221; css=&#8221;.vc_custom_1567657674429{margin-top: -34px !important;margin-right: 0px !important;margin-left: 0px !important;padding-top: 37px !important;padding-bottom: 35px !important;background-color: #ffffff !important;}&#8221;][vc_column width=&#8221;1\/3&#8243; css=&#8221;.vc_custom_1565257846186{padding-top: 0px !important;}&#8221;][cms_button button_text=&#8221;DOGA\u0110ANJA&#8221; button_link=&#8221;url:https%3A%2F%2Fcastlepodsreda.com%2Fprireditve-grad-podsreda%2F|||&#8221; font_weight=&#8221;400&#8243; button_align=&#8221;center&#8221; button_align_md=&#8221;center&#8221; button_align_sm=&#8221;center&#8221; button_align_xs=&#8221;center&#8221;][cms_space space_lg=&#8221;40&#8243; space_md=&#8221;30&#8243; space_sm=&#8221;20&#8243;][\/vc_column][vc_column css_animation=&#8221;none&#8221; width=&#8221;1\/3&#8243; css=&#8221;.vc_custom_1565256113670{padding-top: 0px !important;}&#8221;][cms_button button_text=&#8221;RADNO VRIJEME I CIJENA ULAZNICA&#8221; button_link=&#8221;url:https%3A%2F%2Fcastlepodsreda.com%2Fodpiralni-cas-in-vstopnina%2F|||&#8221; font_weight=&#8221;400&#8243; button_align=&#8221;center&#8221; button_align_md=&#8221;center&#8221; button_align_sm=&#8221;center&#8221; button_align_xs=&#8221;center&#8221;][cms_space space_lg=&#8221;40&#8243; space_md=&#8221;30&#8243; space_sm=&#8221;20&#8243;][\/vc_column][vc_column width=&#8221;1\/3&#8243; cms_column_class=&#8221;rm-padding-lg&#8221; css=&#8221;.vc_custom_1565257852611{padding-top: 0px !important;padding-right: 0px !important;}&#8221;][cms_button button_text=&#8221;NOVOSTI&#8221; button_link=&#8221;url:https%3A%2F%2Fcastlepodsreda.com%2Fnovice%2F|||&#8221; font_weight=&#8221;400&#8243; button_align=&#8221;center&#8221; button_align_md=&#8221;center&#8221; button_align_sm=&#8221;center&#8221; button_align_xs=&#8221;center&#8221;][cms_space space_lg=&#8221;40&#8243; space_md=&#8221;30&#8243; space_sm=&#8221;20&#8243;][\/vc_column][\/vc_row][vc_row css_animation=&#8221;slideInUp&#8221; cms_row_class=&#8221;row-visible row-visible-shadow&#8221; css=&#8221;.vc_custom_1567657674429{margin-top: -34px !important;margin-right: 0px !important;margin-left: 0px !important;padding-top: 37px !important;padding-bottom: 35px !important;background-color: #ffffff !important;}&#8221;][vc_column width=&#8221;1\/3&#8243; css=&#8221;.vc_custom_1565257846186{padding-top: 0px !important;}&#8221;][cms_contact_info cms_template=&#8221;cms_contact_info&#8211;layout3.php&#8221; el_title=&#8221;Adresa Dvorca Podsreda:&#8221; font_weight=&#8221;300&#8243; title_font_custom=&#8221;renner-medium&#8221; text_font_weight=&#8221;400&#8243; icon_fontawesome=&#8221;fas fa-map-marked-alt&#8221; text_box=&#8221;Podsreda 103,<br \/>\n3257 Podsreda<br \/>\nSlovenija&#8221; animation=&#8221;none&#8221;][cms_space space_lg=&#8221;0&#8243; space_md=&#8221;0&#8243; space_sm=&#8221;32&#8243; space_xs=&#8221;32&#8243;][\/vc_column][vc_column css_animation=&#8221;none&#8221; width=&#8221;1\/3&#8243; css=&#8221;.vc_custom_1565256113670{padding-top: 0px !important;}&#8221;][cms_contact_info cms_template=&#8221;cms_contact_info&#8211;layout3.php&#8221; el_title=&#8221;Telefon Dvorca Podsreda:&#8221; font_weight=&#8221;500&#8243; title_font_custom=&#8221;renner-medium&#8221; text_font_weight=&#8221;400&#8243; icon_type=&#8221;image&#8221; icon_image=&#8221;630&#8243; animation=&#8221;none&#8221;][cms_space space_lg=&#8221;0&#8243; space_md=&#8221;0&#8243; space_sm=&#8221;32&#8243; space_xs=&#8221;32&#8243;][vc_column_text]<\/p>\n<p style=\"text-align: center;\"><a href=\"tel:+386 41 419 996\">+386 41 419 996<\/a><\/p>\n<p style=\"text-align: center;\">(Radno vrijeme PON-PET, od 7.00 do 15.00)<\/p>\n<p>[\/vc_column_text][vc_column_text]<\/p>\n<p style=\"text-align: center;\"><a href=\"tel:+386 3580 6118\">+386 3580 6118<\/a><\/p>\n<p style=\"text-align: center;\">(Radno vrijeme TOR-NED, od 7.00 do 15.00)<\/p>\n<p>[\/vc_column_text][cms_space space_lg=&#8221;0&#8243; space_md=&#8221;0&#8243; space_sm=&#8221;32&#8243; space_xs=&#8221;32&#8243;][\/vc_column][vc_column width=&#8221;1\/3&#8243; cms_column_class=&#8221;rm-padding-lg&#8221; css=&#8221;.vc_custom_1565257852611{padding-top: 0px !important;padding-right: 0px !important;}&#8221;][cms_contact_info cms_template=&#8221;cms_contact_info&#8211;layout3.php&#8221; el_title=&#8221;E-mail Dvorac Podsreda:&#8221; font_weight=&#8221;500&#8243; title_font_custom=&#8221;renner-medium&#8221; text_font_weight=&#8221;400&#8243; icon_type=&#8221;image&#8221; icon_image=&#8221;631&#8243; animation=&#8221;none&#8221;][vc_column_text]<\/p>\n<p style=\"text-align: center;\"><a href=\"mailto:info@castlepodsreda.com\">info@castlepodsreda.com<\/a><\/p>\n<p>[\/vc_column_text][cms_space space_lg=&#8221;0&#8243; space_md=&#8221;0&#8243; space_sm=&#8221;32&#8243; space_xs=&#8221;32&#8243;][\/vc_column][\/vc_row][vc_row css_animation=&#8221;slideInUp&#8221; cms_row_class=&#8221;row-visible row-visible-shadow&#8221; css=&#8221;.vc_custom_1567657674429{margin-top: -34px !important;margin-right: 0px !important;margin-left: 0px !important;padding-top: 37px !important;padding-bottom: 35px !important;background-color: #ffffff !important;}&#8221;][vc_column width=&#8221;1\/3&#8243; css=&#8221;.vc_custom_1565257846186{padding-top: 0px !important;}&#8221;][cms_contact_info cms_template=&#8221;cms_contact_info&#8211;layout3.php&#8221; el_title=&#8221;Adresa Sob i apartmanov Dvorca Podsreda:&#8221; font_weight=&#8221;300&#8243; title_font_custom=&#8221;renner-medium&#8221; text_font_weight=&#8221;400&#8243; icon_fontawesome=&#8221;fas fa-map-marked-alt&#8221; text_box=&#8221;Podsreda 103,<br \/>\n3257 Podsreda<br \/>\nSlovenija&#8221; animation=&#8221;none&#8221;][cms_space space_lg=&#8221;0&#8243; space_md=&#8221;0&#8243; space_sm=&#8221;32&#8243; space_xs=&#8221;32&#8243;][\/vc_column][vc_column css_animation=&#8221;none&#8221; width=&#8221;1\/3&#8243; css=&#8221;.vc_custom_1565256113670{padding-top: 0px !important;}&#8221;][cms_contact_info cms_template=&#8221;cms_contact_info&#8211;layout3.php&#8221; el_title=&#8221;Telefon Sob i apartmanov Dvorca Podsreda:&#8221; font_weight=&#8221;500&#8243; title_font_custom=&#8221;renner-medium&#8221; text_font_weight=&#8221;400&#8243; icon_type=&#8221;image&#8221; icon_image=&#8221;630&#8243; animation=&#8221;none&#8221;][cms_space space_lg=&#8221;0&#8243; space_md=&#8221;0&#8243; space_sm=&#8221;32&#8243; space_xs=&#8221;32&#8243;][vc_column_text]<\/p>\n<p style=\"text-align: center;\"><a href=\"tel:+386 41 419 996\">+386 41 360 985<\/a><\/p>\n<p style=\"text-align: center;\">(Radno vrijeme PON-PET, od 7.00 do 15.00)<\/p>\n<p>[\/vc_column_text][cms_space space_lg=&#8221;0&#8243; space_md=&#8221;0&#8243; space_sm=&#8221;32&#8243; space_xs=&#8221;32&#8243;][vc_column_text]<\/p>\n<p style=\"text-align: center;\"><a href=\"tel:+386 3580 6118\">+386 3580 6118<\/a><\/p>\n<p style=\"text-align: center;\">(Radno vrijeme TOR-NED, od 7.00 do 15.00)<\/p>\n<p>[\/vc_column_text][cms_space space_lg=&#8221;0&#8243; space_md=&#8221;0&#8243; space_sm=&#8221;32&#8243; space_xs=&#8221;32&#8243;][\/vc_column][vc_column width=&#8221;1\/3&#8243; cms_column_class=&#8221;rm-padding-lg&#8221; css=&#8221;.vc_custom_1565257852611{padding-top: 0px !important;padding-right: 0px !important;}&#8221;][cms_contact_info cms_template=&#8221;cms_contact_info&#8211;layout3.php&#8221; el_title=&#8221;E-mail Dvorac Podsreda:&#8221; font_weight=&#8221;500&#8243; title_font_custom=&#8221;renner-medium&#8221; text_font_weight=&#8221;400&#8243; icon_type=&#8221;image&#8221; icon_image=&#8221;631&#8243; animation=&#8221;none&#8221;][vc_column_text]<\/p>\n<p style=\"text-align: center;\"><a href=\"mailto:info@castlepodsreda.com\">info@castlepodsreda.com<\/a><\/p>\n<p>[\/vc_column_text][cms_space space_lg=&#8221;0&#8243; space_md=&#8221;0&#8243; space_sm=&#8221;32&#8243; space_xs=&#8221;32&#8243;][\/vc_column][\/vc_row][vc_row css_animation=&#8221;slideInUp&#8221; cms_row_class=&#8221;row-visible row-visible-shadow&#8221; css=&#8221;.vc_custom_1567657674429{margin-top: -34px !important;margin-right: 0px !important;margin-left: 0px !important;padding-top: 37px !important;padding-bottom: 35px !important;background-color: #ffffff !important;}&#8221;][vc_column width=&#8221;1\/3&#8243; css=&#8221;.vc_custom_1565257846186{padding-top: 0px !important;}&#8221;][cms_contact_info cms_template=&#8221;cms_contact_info&#8211;layout3.php&#8221; el_title=&#8221;Adresa Kozjanski park:&#8221; font_weight=&#8221;300&#8243; title_font_custom=&#8221;renner-medium&#8221; text_font_weight=&#8221;400&#8243; icon_fontawesome=&#8221;fas fa-map-marked-alt&#8221; icon_color=&#8221;#a7a7a7&#8243; animation=&#8221;none&#8221;][cms_space space_lg=&#8221;0&#8243; space_md=&#8221;0&#8243; space_sm=&#8221;32&#8243; space_xs=&#8221;32&#8243;][vc_column_text]<\/p>\n<p style=\"text-align: center;\">Podsreda 45,<br \/>\n3257 Podsreda<br \/>\nSlovenija[\/vc_column_text][cms_space space_lg=&#8221;0&#8243; space_md=&#8221;0&#8243; space_sm=&#8221;32&#8243; space_xs=&#8221;32&#8243;][\/vc_column][vc_column css_animation=&#8221;none&#8221; width=&#8221;1\/3&#8243; css=&#8221;.vc_custom_1565256113670{padding-top: 0px !important;}&#8221;][cms_contact_info cms_template=&#8221;cms_contact_info&#8211;layout3.php&#8221; el_title=&#8221;Telefon Kozjanski park:&#8221; font_weight=&#8221;500&#8243; title_font_custom=&#8221;renner-medium&#8221; text_font_weight=&#8221;400&#8243; icon_type=&#8221;image&#8221; icon_image=&#8221;630&#8243; animation=&#8221;none&#8221;][cms_space space_lg=&#8221;0&#8243; space_md=&#8221;0&#8243; space_sm=&#8221;32&#8243; space_xs=&#8221;32&#8243;][vc_column_text]<\/p>\n<p style=\"text-align: center;\"><a href=\"tel:+3863 800 7100\">+386 3 800 7100<\/a><\/p>\n<p style=\"text-align: center;\">(Radno vrijeme PON-PET, od 8.00 do 15.00)<\/p>\n<p>[\/vc_column_text][cms_space space_lg=&#8221;0&#8243; space_md=&#8221;0&#8243; space_sm=&#8221;32&#8243; space_xs=&#8221;32&#8243;][\/vc_column][vc_column width=&#8221;1\/3&#8243; cms_column_class=&#8221;rm-padding-lg&#8221; css=&#8221;.vc_custom_1565257852611{padding-top: 0px !important;padding-right: 0px !important;}&#8221;][cms_contact_info cms_template=&#8221;cms_contact_info&#8211;layout3.php&#8221; el_title=&#8221;E-mail Kozjanski park:&#8221; font_weight=&#8221;500&#8243; title_font_custom=&#8221;renner-medium&#8221; text_font_weight=&#8221;400&#8243; icon_type=&#8221;image&#8221; icon_image=&#8221;631&#8243; animation=&#8221;none&#8221;][vc_column_text]<\/p>\n<p style=\"text-align: center;\"><a href=\"mailto:kozjanski-park@kp.gov.si\">kozjanski-park@kp.gov.si<\/a><\/p>\n<p>[\/vc_column_text][cms_space space_lg=&#8221;0&#8243; space_md=&#8221;0&#8243; space_sm=&#8221;32&#8243; space_xs=&#8221;32&#8243;][\/vc_column][\/vc_row][vc_row disable_element=&#8221;yes&#8221;][vc_column css_animation=&#8221;slideInUp&#8221; css=&#8221;.vc_custom_1566198374186{padding-top: 0px !important;}&#8221;][cms_space space_lg=&#8221;101&#8243; space_md=&#8221;100&#8243; space_sm=&#8221;55&#8243; space_xs=&#8221;55&#8243;][cms_contact_form cms_template=&#8221;cms_contact_form&#8211;layout2.php&#8221; id=&#8221;3785&#8243; align_title=&#8221;center&#8221; align_desc=&#8221;center&#8221; des_text_transform=&#8221;uppercase&#8221; title_form=&#8221;Po\u0161ljite nam sporo\u010dilo&#8221; description=&#8221;Imate vpra\u0161anje glede na\u0161ih namestitev, ponudbe, do\u017eivetij &#8230; Z veseljem bomo odgovorili nanj.&#8221; desc_font_size=&#8221;17&#8243;][cms_space space_lg=&#8221;80&#8243; space_md=&#8221;40&#8243; space_sm=&#8221;40&#8243; space_xs=&#8221;40&#8243;][\/vc_column][\/vc_row][vc_row full_width=&#8221;stretch_row_content_no_spaces&#8221;][vc_column css=&#8221;.vc_custom_1566184675702{padding-top: 0px !important;}&#8221;][cms_social_us style=&#8221;text-center&#8221; social_list=&#8221;%5B%7B%22icon_list%22%3A%22fa%20fa-facebook%22%7D%2C%7B%22icon_list%22%3A%22fa%20fa-instagram%22%7D%2C%7B%22icon_list%22%3A%22fa%20fa-tripadvisor%22%7D%2C%7B%22icon_list%22%3A%22fa%20fa-youtube%22%7D%5D&#8221; icon_color=&#8221;#ffffff&#8221; bg_icon_hover=&#8221;#c5a46d&#8221; icon_color_hover=&#8221;#0a0a0a&#8221; cms_template=&#8221;cms_social_us&#8211;layout3.php&#8221;][vc_gmaps link=&#8221;#E-8_JTNDaWZyYW1lJTIwc3JjJTNEJTIyaHR0cHMlM0ElMkYlMkZ3d3cuZ29vZ2xlLmNvbSUyRm1hcHMlMkZlbWJlZCUzRnBiJTNEJTIxMW0xOCUyMTFtMTIlMjExbTMlMjExZDI3NzAuMTU3MzM1MzU4ODk1JTIxMmQxNS41ODc4NTUzMzI0OTYxOSUyMTNkNDYuMDI4MDA5MjM1NDIxODM0JTIxMm0zJTIxMWYwJTIxMmYwJTIxM2YwJTIxM20yJTIxMWkxMDI0JTIxMmk3NjglMjE0ZjEzLjElMjEzbTMlMjExbTIlMjExczB4NDc2NWJkYjM5OWY2MjY3MyUyNTNBMHhhYzI5ZmNhZTQyZTNjMjdlJTIxMnNQb2RzcmVkYSUyNTIwMTAzJTI1MkMlMjUyMDMyNTclMjUyMFBvZHNyZWRhJTIxNWUwJTIxM20yJTIxMXNzbCUyMTJzc2klMjE0djE1ODc0MDEzMjQ2NTclMjE1bTIlMjExc3NsJTIxMnNzaSUyMiUyMHdpZHRoJTNEJTIyNjAwJTIyJTIwaGVpZ2h0JTNEJTIyNDUwJTIyJTIwZnJhbWVib3JkZXIlM0QlMjIwJTIyJTIwc3R5bGUlM0QlMjJib3JkZXIlM0EwJTNCJTIyJTIwYWxsb3dmdWxsc2NyZWVuJTNEJTIyJTIyJTIwYXJpYS1oaWRkZW4lM0QlMjJmYWxzZSUyMiUyMHRhYmluZGV4JTNEJTIyMCUyMiUzRSUzQyUyRmlmcmFtZSUzRQ==&#8221; size=&#8221;600px&#8221; css=&#8221;.vc_custom_1587401342109{margin-bottom: 0px !important;}&#8221;][\/vc_column][\/vc_row]<\/p>\n","protected":false},"excerpt":{"rendered":"<p>[vc_row][vc_column css=&#8221;.vc_custom_1565256390834{padding-top: 0px !important;}&#8221;][cms_space space_lg=&#8221;0&#8243; space_md=&#8221;0&#8243; space_sm=&#8221;80&#8243; space_xs=&#8221;60&#8243;][\/vc_column][\/vc_row][vc_row css_animation=&#8221;slideInUp&#8221; cms_row_class=&#8221;row-visible row-visible-shadow&#8221; css=&#8221;.vc_custom_1567657674429{margin-top: -34px !important;margin-right: 0px !important;margin-left: 0px !important;padding-top: 37px !important;padding-bottom: 35px !important;background-color: #ffffff !important;}&#8221;][vc_column width=&#8221;1\/3&#8243; css=&#8221;.vc_custom_1565257846186{padding-top: 0px !important;}&#8221;][cms_button button_text=&#8221;DOGA\u0110ANJA&#8221; button_link=&#8221;url:https%3A%2F%2Fcastlepodsreda.com%2Fprireditve-grad-podsreda%2F|||&#8221; font_weight=&#8221;400&#8243; button_align=&#8221;center&#8221; button_align_md=&#8221;center&#8221; button_align_sm=&#8221;center&#8221; button_align_xs=&#8221;center&#8221;][cms_space space_lg=&#8221;40&#8243; space_md=&#8221;30&#8243; space_sm=&#8221;20&#8243;][\/vc_column][vc_column css_animation=&#8221;none&#8221; width=&#8221;1\/3&#8243; css=&#8221;.vc_custom_1565256113670{padding-top: 0px !important;}&#8221;][cms_button button_text=&#8221;RADNO VRIJEME I CIJENA ULAZNICA&#8221; button_link=&#8221;url:https%3A%2F%2Fcastlepodsreda.com%2Fodpiralni-cas-in-vstopnina%2F|||&#8221; font_weight=&#8221;400&#8243; button_align=&#8221;center&#8221; button_align_md=&#8221;center&#8221; button_align_sm=&#8221;center&#8221; button_align_xs=&#8221;center&#8221;][cms_space space_lg=&#8221;40&#8243; [&hellip;]<\/p>\n","protected":false},"author":2,"featured_media":26148,"parent":0,"menu_order":0,"comment_status":"closed","ping_status":"closed","template":"","meta":[],"yoast_head":"<!-- This site is optimized with the Yoast SEO plugin v19.14 - https:\/\/yoast.com\/wordpress\/plugins\/seo\/ -->\n<title>KONTAKT | Grad Podsreda | Sobe in apartmaji | Grajska ponudba<\/title>\n<meta name=\"robots\" content=\"index, follow, max-snippet:-1, max-image-preview:large, max-video-preview:-1\" \/>\n<link rel=\"canonical\" href=\"https:\/\/castlepodsreda.com\/hr\/kontakt\/\" \/>\n<meta property=\"og:locale\" content=\"hr_HR\" \/>\n<meta property=\"og:type\" content=\"article\" \/>\n<meta property=\"og:title\" content=\"KONTAKT | Grad Podsreda | Sobe in apartmaji | Grajska ponudba\" \/>\n<meta property=\"og:description\" content=\"[vc_row][vc_column css=&#8221;.vc_custom_1565256390834{padding-top: 0px !important;}&#8221;][cms_space space_lg=&#8221;0&#8243; space_md=&#8221;0&#8243; space_sm=&#8221;80&#8243; space_xs=&#8221;60&#8243;][\/vc_column][\/vc_row][vc_row css_animation=&#8221;slideInUp&#8221; cms_row_class=&#8221;row-visible row-visible-shadow&#8221; css=&#8221;.vc_custom_1567657674429{margin-top: -34px !important;margin-right: 0px !important;margin-left: 0px !important;padding-top: 37px !important;padding-bottom: 35px !important;background-color: #ffffff !important;}&#8221;][vc_column width=&#8221;1\/3&#8243; css=&#8221;.vc_custom_1565257846186{padding-top: 0px !important;}&#8221;][cms_button button_text=&#8221;DOGA\u0110ANJA&#8221; button_link=&#8221;url:https%3A%2F%2Fcastlepodsreda.com%2Fprireditve-grad-podsreda%2F|||&#8221; font_weight=&#8221;400&#8243; button_align=&#8221;center&#8221; button_align_md=&#8221;center&#8221; button_align_sm=&#8221;center&#8221; button_align_xs=&#8221;center&#8221;][cms_space space_lg=&#8221;40&#8243; space_md=&#8221;30&#8243; space_sm=&#8221;20&#8243;][\/vc_column][vc_column css_animation=&#8221;none&#8221; width=&#8221;1\/3&#8243; css=&#8221;.vc_custom_1565256113670{padding-top: 0px !important;}&#8221;][cms_button button_text=&#8221;RADNO VRIJEME I CIJENA ULAZNICA&#8221; button_link=&#8221;url:https%3A%2F%2Fcastlepodsreda.com%2Fodpiralni-cas-in-vstopnina%2F|||&#8221; font_weight=&#8221;400&#8243; button_align=&#8221;center&#8221; button_align_md=&#8221;center&#8221; button_align_sm=&#8221;center&#8221; button_align_xs=&#8221;center&#8221;][cms_space space_lg=&#8221;40&#8243; [&hellip;]\" \/>\n<meta property=\"og:url\" content=\"https:\/\/castlepodsreda.com\/hr\/kontakt\/\" \/>\n<meta property=\"og:site_name\" content=\"Grad Podsreda | Sobe in apartmaji | Grajska ponudba\" \/>\n<meta property=\"article:publisher\" content=\"https:\/\/www.facebook.com\/podsredacastle\" \/>\n<meta property=\"article:modified_time\" content=\"2023-11-23T17:07:07+00:00\" \/>\n<meta property=\"og:image\" content=\"https:\/\/castlepodsreda.com\/wp-content\/uploads\/2020\/04\/mija-koprivc-15.jpg\" \/>\n\t<meta property=\"og:image:width\" content=\"1600\" \/>\n\t<meta property=\"og:image:height\" content=\"1067\" \/>\n\t<meta property=\"og:image:type\" content=\"image\/jpeg\" \/>\n<meta name=\"twitter:card\" content=\"summary_large_image\" \/>\n<meta name=\"twitter:label1\" content=\"Procijenjeno vrijeme \u010ditanja\" \/>\n\t<meta name=\"twitter:data1\" content=\"3 minute\" \/>\n<script type=\"application\/ld+json\" class=\"yoast-schema-graph\">{\"@context\":\"https:\/\/schema.org\",\"@graph\":[{\"@type\":\"WebPage\",\"@id\":\"https:\/\/castlepodsreda.com\/hr\/kontakt\/\",\"url\":\"https:\/\/castlepodsreda.com\/hr\/kontakt\/\",\"name\":\"KONTAKT | Grad Podsreda | Sobe in apartmaji | Grajska ponudba\",\"isPartOf\":{\"@id\":\"https:\/\/castlepodsreda.com\/hr\/#website\"},\"datePublished\":\"2019-05-17T04:09:57+00:00\",\"dateModified\":\"2023-11-23T17:07:07+00:00\",\"breadcrumb\":{\"@id\":\"https:\/\/castlepodsreda.com\/hr\/kontakt\/#breadcrumb\"},\"inLanguage\":\"hr\",\"potentialAction\":[{\"@type\":\"ReadAction\",\"target\":[\"https:\/\/castlepodsreda.com\/hr\/kontakt\/\"]}]},{\"@type\":\"BreadcrumbList\",\"@id\":\"https:\/\/castlepodsreda.com\/hr\/kontakt\/#breadcrumb\",\"itemListElement\":[{\"@type\":\"ListItem\",\"position\":1,\"name\":\"Home\",\"item\":\"https:\/\/castlepodsreda.com\/hr\/\"},{\"@type\":\"ListItem\",\"position\":2,\"name\":\"KONTAKT\"}]},{\"@type\":\"WebSite\",\"@id\":\"https:\/\/castlepodsreda.com\/hr\/#website\",\"url\":\"https:\/\/castlepodsreda.com\/hr\/\",\"name\":\"Grad Podsreda | Sobe in apartmaji | Grajska ponudba\",\"description\":\"Najbolj grajski med gradovi v Sloveniji\",\"publisher\":{\"@id\":\"https:\/\/castlepodsreda.com\/hr\/#organization\"},\"potentialAction\":[{\"@type\":\"SearchAction\",\"target\":{\"@type\":\"EntryPoint\",\"urlTemplate\":\"https:\/\/castlepodsreda.com\/hr\/?s={search_term_string}\"},\"query-input\":\"required name=search_term_string\"}],\"inLanguage\":\"hr\"},{\"@type\":\"Organization\",\"@id\":\"https:\/\/castlepodsreda.com\/hr\/#organization\",\"name\":\"Grad Podsreda | Sobe in apartmaji | Grajska ponudba\",\"url\":\"https:\/\/castlepodsreda.com\/hr\/\",\"logo\":{\"@type\":\"ImageObject\",\"inLanguage\":\"hr\",\"@id\":\"https:\/\/castlepodsreda.com\/hr\/#\/schema\/logo\/image\/\",\"url\":\"https:\/\/castlepodsreda.com\/wp-content\/uploads\/2020\/04\/logo-grad-podsreda-2.jpg\",\"contentUrl\":\"https:\/\/castlepodsreda.com\/wp-content\/uploads\/2020\/04\/logo-grad-podsreda-2.jpg\",\"width\":576,\"height\":576,\"caption\":\"Grad Podsreda | Sobe in apartmaji | Grajska ponudba\"},\"image\":{\"@id\":\"https:\/\/castlepodsreda.com\/hr\/#\/schema\/logo\/image\/\"},\"sameAs\":[\"https:\/\/www.instagram.com\/podsredacastle\/\",\"https:\/\/www.facebook.com\/podsredacastle\"]}]}<\/script>\n<!-- \/ Yoast SEO plugin. -->","yoast_head_json":{"title":"KONTAKT | Grad Podsreda | Sobe in apartmaji | Grajska ponudba","robots":{"index":"index","follow":"follow","max-snippet":"max-snippet:-1","max-image-preview":"max-image-preview:large","max-video-preview":"max-video-preview:-1"},"canonical":"https:\/\/castlepodsreda.com\/hr\/kontakt\/","og_locale":"hr_HR","og_type":"article","og_title":"KONTAKT | Grad Podsreda | Sobe in apartmaji | Grajska ponudba","og_description":"[vc_row][vc_column css=&#8221;.vc_custom_1565256390834{padding-top: 0px !important;}&#8221;][cms_space space_lg=&#8221;0&#8243; space_md=&#8221;0&#8243; space_sm=&#8221;80&#8243; space_xs=&#8221;60&#8243;][\/vc_column][\/vc_row][vc_row css_animation=&#8221;slideInUp&#8221; cms_row_class=&#8221;row-visible row-visible-shadow&#8221; css=&#8221;.vc_custom_1567657674429{margin-top: -34px !important;margin-right: 0px !important;margin-left: 0px !important;padding-top: 37px !important;padding-bottom: 35px !important;background-color: #ffffff !important;}&#8221;][vc_column width=&#8221;1\/3&#8243; css=&#8221;.vc_custom_1565257846186{padding-top: 0px !important;}&#8221;][cms_button button_text=&#8221;DOGA\u0110ANJA&#8221; button_link=&#8221;url:https%3A%2F%2Fcastlepodsreda.com%2Fprireditve-grad-podsreda%2F|||&#8221; font_weight=&#8221;400&#8243; button_align=&#8221;center&#8221; button_align_md=&#8221;center&#8221; button_align_sm=&#8221;center&#8221; button_align_xs=&#8221;center&#8221;][cms_space space_lg=&#8221;40&#8243; space_md=&#8221;30&#8243; space_sm=&#8221;20&#8243;][\/vc_column][vc_column css_animation=&#8221;none&#8221; width=&#8221;1\/3&#8243; css=&#8221;.vc_custom_1565256113670{padding-top: 0px !important;}&#8221;][cms_button button_text=&#8221;RADNO VRIJEME I CIJENA ULAZNICA&#8221; button_link=&#8221;url:https%3A%2F%2Fcastlepodsreda.com%2Fodpiralni-cas-in-vstopnina%2F|||&#8221; font_weight=&#8221;400&#8243; button_align=&#8221;center&#8221; button_align_md=&#8221;center&#8221; button_align_sm=&#8221;center&#8221; button_align_xs=&#8221;center&#8221;][cms_space space_lg=&#8221;40&#8243; [&hellip;]","og_url":"https:\/\/castlepodsreda.com\/hr\/kontakt\/","og_site_name":"Grad Podsreda | Sobe in apartmaji | Grajska ponudba","article_publisher":"https:\/\/www.facebook.com\/podsredacastle","article_modified_time":"2023-11-23T17:07:07+00:00","og_image":[{"width":1600,"height":1067,"url":"https:\/\/castlepodsreda.com\/wp-content\/uploads\/2020\/04\/mija-koprivc-15.jpg","type":"image\/jpeg"}],"twitter_card":"summary_large_image","twitter_misc":{"Procijenjeno vrijeme \u010ditanja":"3 minute"},"schema":{"@context":"https:\/\/schema.org","@graph":[{"@type":"WebPage","@id":"https:\/\/castlepodsreda.com\/hr\/kontakt\/","url":"https:\/\/castlepodsreda.com\/hr\/kontakt\/","name":"KONTAKT | Grad Podsreda | Sobe in apartmaji | Grajska ponudba","isPartOf":{"@id":"https:\/\/castlepodsreda.com\/hr\/#website"},"datePublished":"2019-05-17T04:09:57+00:00","dateModified":"2023-11-23T17:07:07+00:00","breadcrumb":{"@id":"https:\/\/castlepodsreda.com\/hr\/kontakt\/#breadcrumb"},"inLanguage":"hr","potentialAction":[{"@type":"ReadAction","target":["https:\/\/castlepodsreda.com\/hr\/kontakt\/"]}]},{"@type":"BreadcrumbList","@id":"https:\/\/castlepodsreda.com\/hr\/kontakt\/#breadcrumb","itemListElement":[{"@type":"ListItem","position":1,"name":"Home","item":"https:\/\/castlepodsreda.com\/hr\/"},{"@type":"ListItem","position":2,"name":"KONTAKT"}]},{"@type":"WebSite","@id":"https:\/\/castlepodsreda.com\/hr\/#website","url":"https:\/\/castlepodsreda.com\/hr\/","name":"Grad Podsreda | Sobe in apartmaji | Grajska ponudba","description":"Najbolj grajski med gradovi v Sloveniji","publisher":{"@id":"https:\/\/castlepodsreda.com\/hr\/#organization"},"potentialAction":[{"@type":"SearchAction","target":{"@type":"EntryPoint","urlTemplate":"https:\/\/castlepodsreda.com\/hr\/?s={search_term_string}"},"query-input":"required name=search_term_string"}],"inLanguage":"hr"},{"@type":"Organization","@id":"https:\/\/castlepodsreda.com\/hr\/#organization","name":"Grad Podsreda | Sobe in apartmaji | Grajska ponudba","url":"https:\/\/castlepodsreda.com\/hr\/","logo":{"@type":"ImageObject","inLanguage":"hr","@id":"https:\/\/castlepodsreda.com\/hr\/#\/schema\/logo\/image\/","url":"https:\/\/castlepodsreda.com\/wp-content\/uploads\/2020\/04\/logo-grad-podsreda-2.jpg","contentUrl":"https:\/\/castlepodsreda.com\/wp-content\/uploads\/2020\/04\/logo-grad-podsreda-2.jpg","width":576,"height":576,"caption":"Grad Podsreda | Sobe in apartmaji | Grajska ponudba"},"image":{"@id":"https:\/\/castlepodsreda.com\/hr\/#\/schema\/logo\/image\/"},"sameAs":["https:\/\/www.instagram.com\/podsredacastle\/","https:\/\/www.facebook.com\/podsredacastle"]}]}},"_links":{"self":[{"href":"https:\/\/castlepodsreda.com\/hr\/wp-json\/wp\/v2\/pages\/34332"}],"collection":[{"href":"https:\/\/castlepodsreda.com\/hr\/wp-json\/wp\/v2\/pages"}],"about":[{"href":"https:\/\/castlepodsreda.com\/hr\/wp-json\/wp\/v2\/types\/page"}],"author":[{"embeddable":true,"href":"https:\/\/castlepodsreda.com\/hr\/wp-json\/wp\/v2\/users\/2"}],"replies":[{"embeddable":true,"href":"https:\/\/castlepodsreda.com\/hr\/wp-json\/wp\/v2\/comments?post=34332"}],"version-history":[{"count":3,"href":"https:\/\/castlepodsreda.com\/hr\/wp-json\/wp\/v2\/pages\/34332\/revisions"}],"predecessor-version":[{"id":34461,"href":"https:\/\/castlepodsreda.com\/hr\/wp-json\/wp\/v2\/pages\/34332\/revisions\/34461"}],"wp:featuredmedia":[{"embeddable":true,"href":"https:\/\/castlepodsreda.com\/hr\/wp-json\/wp\/v2\/media\/26148"}],"wp:attachment":[{"href":"https:\/\/castlepodsreda.com\/hr\/wp-json\/wp\/v2\/media?parent=34332"}],"curies":[{"name":"wp","href":"https:\/\/api.w.org\/{rel}","templated":true}]}}