{"id":34408,"date":"2020-08-27T11:23:43","date_gmt":"2020-08-27T11:23:43","guid":{"rendered":"https:\/\/castlepodsreda.com\/?page_id=34408"},"modified":"2023-12-20T13:38:43","modified_gmt":"2023-12-20T13:38:43","slug":"dvorska-staza-podsreda","status":"publish","type":"page","link":"https:\/\/castlepodsreda.com\/hr\/dvorska-staza-podsreda\/","title":{"rendered":"DVORSKA STAZA PODSREDA"},"content":{"rendered":"<p>[vc_row full_width=&#8221;stretch_row&#8221; full_height=&#8221;yes&#8221; parallax=&#8221;content-moving&#8221; parallax_image=&#8221;3859&#8243; parallax_speed_bg=&#8221;1.1&#8243; css=&#8221;.vc_custom_1598527374699{background-image: url(https:\/\/castlepodsreda.com\/wp-content\/uploads\/2020\/05\/ozadje-grad-podsreda.jpg?id=4371) !important;}&#8221;][vc_column css=&#8221;.vc_custom_1565852493842{padding-top: 0px !important;}&#8221;][cms_space space_lg=&#8221;102&#8243; space_md=&#8221;102&#8243; space_sm=&#8221;80&#8243; space_xs=&#8221;60&#8243;][vc_row_inner][vc_column_inner width=&#8221;1\/2&#8243; cms_column_inner_class=&#8221;rm-padding-lg&#8221; css=&#8221;.vc_custom_1565853714253{padding-right: 30px !important;}&#8221;][cms_fancybox cms_template=&#8221;cms_fancybox&#8211;layout4.php&#8221; el_title=&#8221;Pje\u0161a\u010denje du\u017e dvorske staze do dvorca Podsreda&#8221; title_font_size=&#8221;35&#8243; fcb_description=&#8221;Jedna od najljep\u0161ih opcija za \u0161etnju prirodom Kozjanskog parka pru\u017ea interaktivna DVORSKA STAZA PODSREDA, koja po\u010dinje kod glavne upravne pisarnice Kozjanskog parka u Podsredi i vodi preko srednjovjekovnog trga Podsreda, pored Levstikovog mlina na rijeci Bistrici, kroz \u0161umu sve do dvorca Podsreda.&#8221; fcb_description2=&#8221;Dvorska staza Podsreda nastala je u sklopu projekta &#8220;Biodiverziteta \u2013 umjetnost \u017eivljenja&#8220; s akronimom LIFE Naturaviva (LIFE 16 GIE\/SI\/000711), u kojem Kozjanski park sudjeluje kao partner.&#8221;][cms_space space_lg=&#8221;40&#8243; space_md=&#8221;7&#8243; space_sm=&#8221;32&#8243; space_xs=&#8221;32&#8243;][vc_single_image image=&#8221;9111&#8243; img_size=&#8221;full&#8221;][\/vc_column_inner][vc_column_inner width=&#8221;1\/2&#8243; css=&#8221;.vc_custom_1568799485104{padding-left: 26px !important;}&#8221;][cms_space space_lg=&#8221;7&#8243; space_md=&#8221;7&#8243; space_sm=&#8221;32&#8243; space_xs=&#8221;32&#8243;][cms_image_single single_image=&#8221;5092&#8243;][cms_space space_lg=&#8221;40&#8243; space_md=&#8221;7&#8243; space_sm=&#8221;32&#8243; space_xs=&#8221;32&#8243;][cms_fancybox button_text=&#8221;LETAK DVORSKE STAZE PODSREDA&#8221; button_link=&#8221;url:http%3A%2F%2Fcastlepodsreda.com%2Fwp-content%2Fuploads%2F2020%2F08%2FGP_zgibanka_A4_021019_03-1.pdf|||&#8221; cms_template=&#8221;cms_fancybox&#8211;layout4.php&#8221; fcb_description=&#8221;Rije\u010d je o interaktivnom u\u010dnom putu o biodiverzitetu, obilje\u017eenom smjernim i dvojezi\u010dnim slovensko-engleskim informativnim plo\u010dama koje omogu\u0107uju istra\u017eivanje izuzetnog biolo\u0161kog bogatstva i bogate kulturne ba\u0161tine, kao i ostalih zanimljivosti u okolici.&#8221; fcb_description2=&#8221;Na stazi duga\u010dkoj 2,5 km posjetitelji na 14 interaktivnih to\u010daka mogu saznati vi\u0161e o prirodi Kozjanskog regijskog parka, pomo\u0107u informativnih plo\u010da otkriti iznimnu biolo\u0161ku raznolikost okolice i testirati svoje znanje o \u0161umi te bogatom biljnom i \u017eivotinjskom svijetu du\u017e staze.<\/p>\n<p>Du\u017eina staze: 2,5 km<br \/>\nPote\u0161ko\u0107a: lako<br \/>\nObu\u0107a: lagane planinarske cipele<br \/>\nNajni\u017ea nadmorska visina: 245 m (Trg Podsreda)<br \/>\nNajvi\u0161a nadmorska visina: 475 m (ka\u0161tel Podsreda)&#8221;][\/vc_column_inner][\/vc_row_inner][vc_row_inner content_placement=&#8221;middle&#8221;][vc_column_inner css=&#8221;.vc_custom_1598527223566{padding-bottom: 90px !important;}&#8221;][\/vc_column_inner][\/vc_row_inner][\/vc_column][\/vc_row][vc_row full_width=&#8221;stretch_row_content_no_spaces&#8221;][vc_column width=&#8221;1\/3&#8243;][vc_single_image image=&#8221;5195&#8243; img_size=&#8221;full&#8221;][vc_single_image image=&#8221;5194&#8243; img_size=&#8221;full&#8221;][\/vc_column][vc_column width=&#8221;1\/3&#8243;][vc_single_image image=&#8221;5196&#8243; img_size=&#8221;full&#8221;][vc_single_image image=&#8221;5197&#8243; img_size=&#8221;full&#8221;][\/vc_column][vc_column width=&#8221;1\/3&#8243;][vc_single_image image=&#8221;5193&#8243; img_size=&#8221;full&#8221;][vc_single_image image=&#8221;5192&#8243; img_size=&#8221;full&#8221;][\/vc_column][\/vc_row][vc_row][vc_column width=&#8221;1\/4&#8243;][\/vc_column][vc_column width=&#8221;1\/2&#8243;][vc_row_inner content_placement=&#8221;middle&#8221;][vc_column_inner width=&#8221;1\/3&#8243;][vc_single_image image=&#8221;5187&#8243; img_size=&#8221;full&#8221; alignment=&#8221;center&#8221;][\/vc_column_inner][vc_column_inner width=&#8221;1\/3&#8243;][vc_single_image image=&#8221;5188&#8243; img_size=&#8221;full&#8221; alignment=&#8221;center&#8221; onclick=&#8221;custom_link&#8221; img_link_target=&#8221;_blank&#8221; link=&#8221;https:\/\/kozjanski-park.si\/&#8221;][\/vc_column_inner][vc_column_inner width=&#8221;1\/3&#8243;][vc_single_image image=&#8221;5189&#8243; img_size=&#8221;full&#8221; alignment=&#8221;center&#8221; onclick=&#8221;custom_link&#8221; img_link_target=&#8221;_blank&#8221; link=&#8221;https:\/\/www.naturaviva.si\/&#8221;][\/vc_column_inner][\/vc_row_inner][\/vc_column][vc_column width=&#8221;1\/4&#8243;][\/vc_column][\/vc_row]<\/p>\n","protected":false},"excerpt":{"rendered":"<p>[vc_row full_width=&#8221;stretch_row&#8221; full_height=&#8221;yes&#8221; parallax=&#8221;content-moving&#8221; parallax_image=&#8221;3859&#8243; parallax_speed_bg=&#8221;1.1&#8243; css=&#8221;.vc_custom_1598527374699{background-image: url(https:\/\/castlepodsreda.com\/wp-content\/uploads\/2020\/05\/ozadje-grad-podsreda.jpg?id=4371) !important;}&#8221;][vc_column css=&#8221;.vc_custom_1565852493842{padding-top: 0px !important;}&#8221;][cms_space space_lg=&#8221;102&#8243; space_md=&#8221;102&#8243; space_sm=&#8221;80&#8243; space_xs=&#8221;60&#8243;][vc_row_inner][vc_column_inner width=&#8221;1\/2&#8243; cms_column_inner_class=&#8221;rm-padding-lg&#8221; css=&#8221;.vc_custom_1565853714253{padding-right: 30px !important;}&#8221;][cms_fancybox cms_template=&#8221;cms_fancybox&#8211;layout4.php&#8221; el_title=&#8221;Pje\u0161a\u010denje du\u017e dvorske staze do dvorca Podsreda&#8221; title_font_size=&#8221;35&#8243; fcb_description=&#8221;Jedna od najljep\u0161ih opcija za \u0161etnju prirodom Kozjanskog parka pru\u017ea interaktivna DVORSKA STAZA PODSREDA, koja po\u010dinje kod glavne upravne pisarnice Kozjanskog parka u Podsredi i [&hellip;]<\/p>\n","protected":false},"author":2,"featured_media":27376,"parent":0,"menu_order":0,"comment_status":"closed","ping_status":"closed","template":"","meta":[],"yoast_head":"<!-- This site is optimized with the Yoast SEO plugin v19.14 - https:\/\/yoast.com\/wordpress\/plugins\/seo\/ -->\n<title>DVORSKA STAZA PODSREDA | Grad Podsreda | Sobe in apartmaji | Grajska ponudba<\/title>\n<meta name=\"robots\" content=\"index, follow, max-snippet:-1, max-image-preview:large, max-video-preview:-1\" \/>\n<link rel=\"canonical\" href=\"https:\/\/castlepodsreda.com\/hr\/dvorska-staza-podsreda\/\" \/>\n<meta property=\"og:locale\" content=\"hr_HR\" \/>\n<meta property=\"og:type\" content=\"article\" \/>\n<meta property=\"og:title\" content=\"DVORSKA STAZA PODSREDA | Grad Podsreda | Sobe in apartmaji | Grajska ponudba\" \/>\n<meta property=\"og:description\" content=\"[vc_row full_width=&#8221;stretch_row&#8221; full_height=&#8221;yes&#8221; parallax=&#8221;content-moving&#8221; parallax_image=&#8221;3859&#8243; parallax_speed_bg=&#8221;1.1&#8243; css=&#8221;.vc_custom_1598527374699{background-image: url(https:\/\/castlepodsreda.com\/wp-content\/uploads\/2020\/05\/ozadje-grad-podsreda.jpg?id=4371) !important;}&#8221;][vc_column css=&#8221;.vc_custom_1565852493842{padding-top: 0px !important;}&#8221;][cms_space space_lg=&#8221;102&#8243; space_md=&#8221;102&#8243; space_sm=&#8221;80&#8243; space_xs=&#8221;60&#8243;][vc_row_inner][vc_column_inner width=&#8221;1\/2&#8243; cms_column_inner_class=&#8221;rm-padding-lg&#8221; css=&#8221;.vc_custom_1565853714253{padding-right: 30px !important;}&#8221;][cms_fancybox cms_template=&#8221;cms_fancybox&#8211;layout4.php&#8221; el_title=&#8221;Pje\u0161a\u010denje du\u017e dvorske staze do dvorca Podsreda&#8221; title_font_size=&#8221;35&#8243; fcb_description=&#8221;Jedna od najljep\u0161ih opcija za \u0161etnju prirodom Kozjanskog parka pru\u017ea interaktivna DVORSKA STAZA PODSREDA, koja po\u010dinje kod glavne upravne pisarnice Kozjanskog parka u Podsredi i [&hellip;]\" \/>\n<meta property=\"og:url\" content=\"https:\/\/castlepodsreda.com\/hr\/dvorska-staza-podsreda\/\" \/>\n<meta property=\"og:site_name\" content=\"Grad Podsreda | Sobe in apartmaji | Grajska ponudba\" \/>\n<meta property=\"article:publisher\" content=\"https:\/\/www.facebook.com\/podsredacastle\" \/>\n<meta property=\"article:modified_time\" content=\"2023-12-20T13:38:43+00:00\" \/>\n<meta property=\"og:image\" content=\"https:\/\/castlepodsreda.com\/wp-content\/uploads\/2021\/12\/GRAJSKA-POT-PODSREDA_PE\u0160POTI-V-OKOLICI-GRADU-PODSREDA-13.jpg\" \/>\n\t<meta property=\"og:image:width\" content=\"1920\" \/>\n\t<meta property=\"og:image:height\" content=\"1281\" \/>\n\t<meta property=\"og:image:type\" content=\"image\/jpeg\" \/>\n<meta name=\"twitter:card\" content=\"summary_large_image\" \/>\n<meta name=\"twitter:label1\" content=\"Procijenjeno vrijeme \u010ditanja\" \/>\n\t<meta name=\"twitter:data1\" content=\"2 minute\" \/>\n<script type=\"application\/ld+json\" class=\"yoast-schema-graph\">{\"@context\":\"https:\/\/schema.org\",\"@graph\":[{\"@type\":\"WebPage\",\"@id\":\"https:\/\/castlepodsreda.com\/hr\/dvorska-staza-podsreda\/\",\"url\":\"https:\/\/castlepodsreda.com\/hr\/dvorska-staza-podsreda\/\",\"name\":\"DVORSKA STAZA PODSREDA | Grad Podsreda | Sobe in apartmaji | Grajska ponudba\",\"isPartOf\":{\"@id\":\"https:\/\/castlepodsreda.com\/hr\/#website\"},\"datePublished\":\"2020-08-27T11:23:43+00:00\",\"dateModified\":\"2023-12-20T13:38:43+00:00\",\"breadcrumb\":{\"@id\":\"https:\/\/castlepodsreda.com\/hr\/dvorska-staza-podsreda\/#breadcrumb\"},\"inLanguage\":\"hr\",\"potentialAction\":[{\"@type\":\"ReadAction\",\"target\":[\"https:\/\/castlepodsreda.com\/hr\/dvorska-staza-podsreda\/\"]}]},{\"@type\":\"BreadcrumbList\",\"@id\":\"https:\/\/castlepodsreda.com\/hr\/dvorska-staza-podsreda\/#breadcrumb\",\"itemListElement\":[{\"@type\":\"ListItem\",\"position\":1,\"name\":\"Home\",\"item\":\"https:\/\/castlepodsreda.com\/hr\/\"},{\"@type\":\"ListItem\",\"position\":2,\"name\":\"DVORSKA STAZA PODSREDA\"}]},{\"@type\":\"WebSite\",\"@id\":\"https:\/\/castlepodsreda.com\/hr\/#website\",\"url\":\"https:\/\/castlepodsreda.com\/hr\/\",\"name\":\"Grad Podsreda | Sobe in apartmaji | Grajska ponudba\",\"description\":\"Najbolj grajski med gradovi v Sloveniji\",\"publisher\":{\"@id\":\"https:\/\/castlepodsreda.com\/hr\/#organization\"},\"potentialAction\":[{\"@type\":\"SearchAction\",\"target\":{\"@type\":\"EntryPoint\",\"urlTemplate\":\"https:\/\/castlepodsreda.com\/hr\/?s={search_term_string}\"},\"query-input\":\"required name=search_term_string\"}],\"inLanguage\":\"hr\"},{\"@type\":\"Organization\",\"@id\":\"https:\/\/castlepodsreda.com\/hr\/#organization\",\"name\":\"Grad Podsreda | Sobe in apartmaji | Grajska ponudba\",\"url\":\"https:\/\/castlepodsreda.com\/hr\/\",\"logo\":{\"@type\":\"ImageObject\",\"inLanguage\":\"hr\",\"@id\":\"https:\/\/castlepodsreda.com\/hr\/#\/schema\/logo\/image\/\",\"url\":\"https:\/\/castlepodsreda.com\/wp-content\/uploads\/2020\/04\/logo-grad-podsreda-2.jpg\",\"contentUrl\":\"https:\/\/castlepodsreda.com\/wp-content\/uploads\/2020\/04\/logo-grad-podsreda-2.jpg\",\"width\":576,\"height\":576,\"caption\":\"Grad Podsreda | Sobe in apartmaji | Grajska ponudba\"},\"image\":{\"@id\":\"https:\/\/castlepodsreda.com\/hr\/#\/schema\/logo\/image\/\"},\"sameAs\":[\"https:\/\/www.instagram.com\/podsredacastle\/\",\"https:\/\/www.facebook.com\/podsredacastle\"]}]}<\/script>\n<!-- \/ Yoast SEO plugin. -->","yoast_head_json":{"title":"DVORSKA STAZA PODSREDA | Grad Podsreda | Sobe in apartmaji | Grajska ponudba","robots":{"index":"index","follow":"follow","max-snippet":"max-snippet:-1","max-image-preview":"max-image-preview:large","max-video-preview":"max-video-preview:-1"},"canonical":"https:\/\/castlepodsreda.com\/hr\/dvorska-staza-podsreda\/","og_locale":"hr_HR","og_type":"article","og_title":"DVORSKA STAZA PODSREDA | Grad Podsreda | Sobe in apartmaji | Grajska ponudba","og_description":"[vc_row full_width=&#8221;stretch_row&#8221; full_height=&#8221;yes&#8221; parallax=&#8221;content-moving&#8221; parallax_image=&#8221;3859&#8243; parallax_speed_bg=&#8221;1.1&#8243; css=&#8221;.vc_custom_1598527374699{background-image: url(https:\/\/castlepodsreda.com\/wp-content\/uploads\/2020\/05\/ozadje-grad-podsreda.jpg?id=4371) !important;}&#8221;][vc_column css=&#8221;.vc_custom_1565852493842{padding-top: 0px !important;}&#8221;][cms_space space_lg=&#8221;102&#8243; space_md=&#8221;102&#8243; space_sm=&#8221;80&#8243; space_xs=&#8221;60&#8243;][vc_row_inner][vc_column_inner width=&#8221;1\/2&#8243; cms_column_inner_class=&#8221;rm-padding-lg&#8221; css=&#8221;.vc_custom_1565853714253{padding-right: 30px !important;}&#8221;][cms_fancybox cms_template=&#8221;cms_fancybox&#8211;layout4.php&#8221; el_title=&#8221;Pje\u0161a\u010denje du\u017e dvorske staze do dvorca Podsreda&#8221; title_font_size=&#8221;35&#8243; fcb_description=&#8221;Jedna od najljep\u0161ih opcija za \u0161etnju prirodom Kozjanskog parka pru\u017ea interaktivna DVORSKA STAZA PODSREDA, koja po\u010dinje kod glavne upravne pisarnice Kozjanskog parka u Podsredi i [&hellip;]","og_url":"https:\/\/castlepodsreda.com\/hr\/dvorska-staza-podsreda\/","og_site_name":"Grad Podsreda | Sobe in apartmaji | Grajska ponudba","article_publisher":"https:\/\/www.facebook.com\/podsredacastle","article_modified_time":"2023-12-20T13:38:43+00:00","og_image":[{"width":1920,"height":1281,"url":"https:\/\/castlepodsreda.com\/wp-content\/uploads\/2021\/12\/GRAJSKA-POT-PODSREDA_PE\u0160POTI-V-OKOLICI-GRADU-PODSREDA-13.jpg","type":"image\/jpeg"}],"twitter_card":"summary_large_image","twitter_misc":{"Procijenjeno vrijeme \u010ditanja":"2 minute"},"schema":{"@context":"https:\/\/schema.org","@graph":[{"@type":"WebPage","@id":"https:\/\/castlepodsreda.com\/hr\/dvorska-staza-podsreda\/","url":"https:\/\/castlepodsreda.com\/hr\/dvorska-staza-podsreda\/","name":"DVORSKA STAZA PODSREDA | Grad Podsreda | Sobe in apartmaji | Grajska ponudba","isPartOf":{"@id":"https:\/\/castlepodsreda.com\/hr\/#website"},"datePublished":"2020-08-27T11:23:43+00:00","dateModified":"2023-12-20T13:38:43+00:00","breadcrumb":{"@id":"https:\/\/castlepodsreda.com\/hr\/dvorska-staza-podsreda\/#breadcrumb"},"inLanguage":"hr","potentialAction":[{"@type":"ReadAction","target":["https:\/\/castlepodsreda.com\/hr\/dvorska-staza-podsreda\/"]}]},{"@type":"BreadcrumbList","@id":"https:\/\/castlepodsreda.com\/hr\/dvorska-staza-podsreda\/#breadcrumb","itemListElement":[{"@type":"ListItem","position":1,"name":"Home","item":"https:\/\/castlepodsreda.com\/hr\/"},{"@type":"ListItem","position":2,"name":"DVORSKA STAZA PODSREDA"}]},{"@type":"WebSite","@id":"https:\/\/castlepodsreda.com\/hr\/#website","url":"https:\/\/castlepodsreda.com\/hr\/","name":"Grad Podsreda | Sobe in apartmaji | Grajska ponudba","description":"Najbolj grajski med gradovi v Sloveniji","publisher":{"@id":"https:\/\/castlepodsreda.com\/hr\/#organization"},"potentialAction":[{"@type":"SearchAction","target":{"@type":"EntryPoint","urlTemplate":"https:\/\/castlepodsreda.com\/hr\/?s={search_term_string}"},"query-input":"required name=search_term_string"}],"inLanguage":"hr"},{"@type":"Organization","@id":"https:\/\/castlepodsreda.com\/hr\/#organization","name":"Grad Podsreda | Sobe in apartmaji | Grajska ponudba","url":"https:\/\/castlepodsreda.com\/hr\/","logo":{"@type":"ImageObject","inLanguage":"hr","@id":"https:\/\/castlepodsreda.com\/hr\/#\/schema\/logo\/image\/","url":"https:\/\/castlepodsreda.com\/wp-content\/uploads\/2020\/04\/logo-grad-podsreda-2.jpg","contentUrl":"https:\/\/castlepodsreda.com\/wp-content\/uploads\/2020\/04\/logo-grad-podsreda-2.jpg","width":576,"height":576,"caption":"Grad Podsreda | Sobe in apartmaji | Grajska ponudba"},"image":{"@id":"https:\/\/castlepodsreda.com\/hr\/#\/schema\/logo\/image\/"},"sameAs":["https:\/\/www.instagram.com\/podsredacastle\/","https:\/\/www.facebook.com\/podsredacastle"]}]}},"_links":{"self":[{"href":"https:\/\/castlepodsreda.com\/hr\/wp-json\/wp\/v2\/pages\/34408"}],"collection":[{"href":"https:\/\/castlepodsreda.com\/hr\/wp-json\/wp\/v2\/pages"}],"about":[{"href":"https:\/\/castlepodsreda.com\/hr\/wp-json\/wp\/v2\/types\/page"}],"author":[{"embeddable":true,"href":"https:\/\/castlepodsreda.com\/hr\/wp-json\/wp\/v2\/users\/2"}],"replies":[{"embeddable":true,"href":"https:\/\/castlepodsreda.com\/hr\/wp-json\/wp\/v2\/comments?post=34408"}],"version-history":[{"count":3,"href":"https:\/\/castlepodsreda.com\/hr\/wp-json\/wp\/v2\/pages\/34408\/revisions"}],"predecessor-version":[{"id":35097,"href":"https:\/\/castlepodsreda.com\/hr\/wp-json\/wp\/v2\/pages\/34408\/revisions\/35097"}],"wp:featuredmedia":[{"embeddable":true,"href":"https:\/\/castlepodsreda.com\/hr\/wp-json\/wp\/v2\/media\/27376"}],"wp:attachment":[{"href":"https:\/\/castlepodsreda.com\/hr\/wp-json\/wp\/v2\/media?parent=34408"}],"curies":[{"name":"wp","href":"https:\/\/api.w.org\/{rel}","templated":true}]}}