{"id":34413,"date":"2020-05-06T12:51:11","date_gmt":"2020-05-06T12:51:11","guid":{"rendered":"https:\/\/castlepodsreda.com\/?page_id=34413"},"modified":"2026-03-17T13:01:56","modified_gmt":"2026-03-17T13:01:56","slug":"privremene-izlozbe","status":"publish","type":"page","link":"https:\/\/castlepodsreda.com\/hr\/privremene-izlozbe\/","title":{"rendered":"POVREMENE IZLO\u017dBE"},"content":{"rendered":"<p>[vc_section][vc_row equal_height=&#8221;yes&#8221; css=&#8221;.vc_custom_1604663159591{padding-top: 60px !important;}&#8221;][vc_column width=&#8221;1\/2&#8243; css=&#8221;.vc_custom_1588770506985{padding-right: px !important;padding-left: px !important;}&#8221;][cms_image_single single_image=&#8221;24811&#8243;][cms_space space_lg=&#8221;50&#8243; space_md=&#8221;40&#8243; space_sm=&#8221;30&#8243;][cms_image_single single_image=&#8221;24807&#8243;][\/vc_column][vc_column width=&#8221;1\/2&#8243; css=&#8221;.vc_custom_1598527791201{padding-top: px !important;padding-right: 40px !important;padding-left: 40px !important;}&#8221;][cms_heading text=&#8221;Izlo\u017eba &#8220;NA\u0160I LIKOVNI UTRINKI&#8220;&#8221; sub_font_size=&#8221;20&#8243; sub_font_style=&#8221;italic&#8221; cms_template=&#8221;cms_heading&#8211;layout3.php&#8221; sub_title=&#8221;Upoznajte \u010darobni svijet kreativnosti koji otkriva izlo\u017eba &#8220;NA\u0160I LIKOVNI UTRINKI&#8220; na tavanu dvorca Podsreda, na kojoj su predstavljena remek-djela u\u010denika Osnovne \u0161kole Bistrica ob Sotli.&#8221;][cms_textbox font_weight=&#8221;400&#8243; text_box=&#8221;Na izlo\u017ebi su prikazana likovna djela u\u010denika od 1. do 9. razreda, koja su nastala tijekom ove \u0161kolske godine 2022\/2023.&#8221;][cms_space space_lg=&#8221;50&#8243; space_md=&#8221;40&#8243; space_sm=&#8221;30&#8243;][cms_image_single single_image=&#8221;24813&#8243;][\/vc_column][\/vc_row][vc_row equal_height=&#8221;yes&#8221; css=&#8221;.vc_custom_1604663159591{padding-top: 60px !important;}&#8221;][vc_column width=&#8221;1\/2&#8243; css=&#8221;.vc_custom_1588770506985{padding-right: px !important;padding-left: px !important;}&#8221;][cms_space space_lg=&#8221;40&#8243; space_md=&#8221;30&#8243; space_sm=&#8221;20&#8243;][cms_image_single single_image=&#8221;34416&#8243;][cms_space space_lg=&#8221;50&#8243; space_md=&#8221;40&#8243; space_sm=&#8221;30&#8243;][cms_image_single single_image=&#8221;34419&#8243;][\/vc_column][vc_column width=&#8221;1\/2&#8243; css=&#8221;.vc_custom_1598527791201{padding-top: px !important;padding-right: 40px !important;padding-left: 40px !important;}&#8221;][cms_space space_lg=&#8221;40&#8243; space_md=&#8221;30&#8243; space_sm=&#8221;20&#8243;][cms_heading text=&#8221;IZLO\u017dBA STAKLA &#8220;Otisak ruke u staklu&#8220;&#8221; sub_font_size=&#8221;20&#8243; sub_font_style=&#8221;italic&#8221; description=&#8221;Atrlinia Glass studio izradio je staklenog zmaja koji krasi kru\u017eni tok u Kozju.&#8221; cms_template=&#8221;cms_heading&#8211;layout3.php&#8221; sub_title=&#8221;Izlo\u017eba umjetnika stakla Mitje Lukanca &#8211; Artlinia Glass studio i Jasne Lukanc &#8211; Alles Klar predstavlja otiske ruku u staklu koji prikazuju ideju o vje\u010dnosti nas samih, ali i druge razli\u010dite staklene skulpture.&#8221;][cms_space space_lg=&#8221;40&#8243; space_md=&#8221;40&#8243; space_sm=&#8221;40&#8243; space_xs=&#8221;20&#8243;][cms_image_single single_image=&#8221;34422&#8243;][\/vc_column][\/vc_row][vc_row equal_height=&#8221;yes&#8221;][vc_column width=&#8221;1\/2&#8243; css=&#8221;.vc_custom_1588770625374{padding-top: 60px !important;padding-right: 40px !important;padding-left: 40px !important;}&#8221;][cms_heading text=&#8221;Fotografska izlo\u017eba &#8220;MAGI\u010cNA PRIRODA 2022&#8220;&#8221; sub_font_style=&#8221;italic&#8221; cms_template=&#8221;cms_heading&#8211;layout3.php&#8221; sub_title=&#8221;U 2023. godini, Udruga fotografa prirodnih znanosti Slovenije, uz pomo\u0107 Nacionalnog instituta za biologiju, provela je svoje \u0161esto me\u0111unarodno natjecanje u fotografiji prirodnih znanosti pod nazivom &#8220;Magi\u010dna priroda&#8220;. Godina 2022. u naslovu izlo\u017ebe nije pogre\u0161ka \u2013 natjecanje i izlo\u017eba doista su se odr\u017eali 2023., ali su fotografije uglavnom snimljene 2022.&#8221;][cms_space space_lg=&#8221;40&#8243;][vc_column_text]Na natjecanje se prijavilo 209 fotografa iz cijelog svijeta koji su pridonijeli s vi\u0161e od 3.000 fotografija raspore\u0111enih u \u0161est kategorija: sisavci, ptice, ostale \u017eivotinje, biljke, prirodni krajolici i \u010dovjek u prirodi. \u010cetvero\u010dlani \u017eiri fotografa prirodnih znanosti iz Slovenije, Italije i Norve\u0161ke odabrao je jednu pobjedni\u010dku i jo\u0161 devet fotografija koje su dobile priznanje u svakoj kategoriji. Fotografi koji su najvi\u0161e impresionirali \u017eiri dobili su naslove &#8220;Prirodnoslovni fotograf godine 2022.&#8221; i &#8220;Slovenski prirodnoslovni fotograf godine 2022.&#8221; Naslove su dobili <strong>Mike Korostelev<\/strong> iz Rusije za fotografiju &#8220;Lov&#8221; i <strong>Gorazd Golob<\/strong> iz Slovenije za fotografiju pod nazivom &#8220;Snijeg&#8221;.<\/p>\n<p><strong>Od ovih pobjedni\u010dkih fotografija organizirana je izlo\u017eba koja \u0107e biti izlo\u017eena u dvorcu Podsreda od 1. travnja do predvi\u0111enog kraja lipnja 2024.<\/strong>[\/vc_column_text][cms_button button_text=&#8221;Katalog izlo\u017ebe&#8221; button_link=&#8221;url:https%3A%2F%2Fwww.naturaviva.si%2Fwp-content%2Fuploads%2F2023%2F12%2FKatalog-MN2022_web.pdf|||&#8221; font_weight=&#8221;400&#8243; button_align=&#8221;center&#8221; button_align_md=&#8221;center&#8221; button_align_sm=&#8221;center&#8221; button_align_xs=&#8221;center&#8221;][\/vc_column][vc_column width=&#8221;1\/2&#8243; css=&#8221;.vc_custom_1588770443430{padding-top: 60px !important;padding-right: px !important;}&#8221;][cms_space space_lg=&#8221;40&#8243; space_md=&#8221;30&#8243; space_sm=&#8221;20&#8243;][cms_image_single single_image=&#8221;24832&#8243;][cms_space space_lg=&#8221;40&#8243; space_md=&#8221;40&#8243; space_sm=&#8221;40&#8243; space_xs=&#8221;40&#8243;][cms_image_single single_image=&#8221;24830&#8243;][\/vc_column][\/vc_row][\/vc_section][vc_row equal_height=&#8221;yes&#8221; css=&#8221;.vc_custom_1604663159591{padding-top: 60px !important;}&#8221;][vc_column width=&#8221;1\/2&#8243; css=&#8221;.vc_custom_1588770506985{padding-right: px !important;padding-left: px !important;}&#8221;][cms_image_single single_image=&#8221;8033&#8243;][vc_column_text]<em>Izlo\u017eba Pri\u010de iz prirode u galerijskom hodniku.<\/em>[\/vc_column_text][cms_image_single single_image=&#8221;8034&#8243;][vc_column_text]<em>Izlo\u017eba je opremljena QR kodovima.<\/em>[\/vc_column_text][\/vc_column][vc_column width=&#8221;1\/2&#8243; css=&#8221;.vc_custom_1598527791201{padding-top: px !important;padding-right: 40px !important;padding-left: 40px !important;}&#8221;][cms_heading text=&#8221;Izlo\u017eba Pri\u010de iz prirode&#8221; sub_font_size=&#8221;20&#8243; sub_font_style=&#8221;italic&#8221; cms_template=&#8221;cms_heading&#8211;layout3.php&#8221; sub_title=&#8221;Izlo\u017eba &#8220;Pri\u010de iz prirode&#8220; temelji se na istoimenom bilje\u017enicu koja je objavljena u Kozjanskom parku pri kraju 2020. godine. Sadr\u017ei 11 zanimljivih &#8220;okoli\u0161nih&#8220; pri\u010da, napisanih od strane na\u0161eg biologa Du\u0161ana Klenov\u0161eka.&#8221;][cms_textbox font_weight=&#8221;400&#8243; text_box=&#8221;Umjetni\u010dka djela nadopunjuju pri\u010de u\u010denika osnovnih \u0161kola s na\u0161eg za\u0161ti\u0107enog podru\u010dja, koji su pozvani da sudjeluju u umjetni\u010dkom projektu i stvaranju bilje\u017enice.<\/p>\n<p>Izlo\u017eba &#8220;Pri\u010de iz prirode&#8220; predstavlja odabir umjetni\u010dkih djela koja su stvorila djeca kredama te nekoliko zanimljivih dijelova svake pri\u010de, koji se nadamo da \u0107e potaknuti posjetitelje da nastave \u010ditanje.<\/p>\n<p>Izlo\u017ebeni paneli u hodniku Galerije obrambenog dvorca ukra\u0161eni su odabranim radovima u\u010denika iz sljede\u0107ih osnovnih \u0161kola: Osnovna \u0161kola Bistrica ob Sotli, Osnovna \u0161kola Maks Pleter\u0161nik Pi\u0161ece, Osnovna \u0161kola Pod\u010detrtek, Osnovna \u0161kola Koprivnica, Osnovna \u0161kola Lesi\u010dno, Osnovna \u0161kola Kozje, Osnovna \u0161kola Bizeljsko i Osnovna \u0161kola Arti\u010de. Izlo\u017eba je opremljena QR kodovima koji se mogu skenirati kako bi se pro\u010ditale cijele pri\u010de.<\/p>\n<p>Bilje\u017enica &#8220;Pri\u010de iz prirode&#8220; besplatno je dostupna u sjedi\u0161tu Kozjanskog parka u Podsredi ili u dvorcu Podsreda, a mo\u017ee se preuzeti elektronski s web stranice Kozjanskog parka (www.kozjanski-park.si) i projekta Life Naturaviva (www.naturaviva.si).<\/p>\n<p>Pri\u010de iz prirode rezultat su aktivnosti projekta LIFE Naturaviva (LIFE16 GIE\/SI\/000711), Bioraznolikost &#8211; umjetnost \u017eivljenja.&#8221;][\/vc_column][\/vc_row]<\/p>\n","protected":false},"excerpt":{"rendered":"<p>[vc_section][vc_row equal_height=&#8221;yes&#8221; css=&#8221;.vc_custom_1604663159591{padding-top: 60px !important;}&#8221;][vc_column width=&#8221;1\/2&#8243; css=&#8221;.vc_custom_1588770506985{padding-right: px !important;padding-left: px !important;}&#8221;][cms_image_single single_image=&#8221;24811&#8243;][cms_space space_lg=&#8221;50&#8243; space_md=&#8221;40&#8243; space_sm=&#8221;30&#8243;][cms_image_single single_image=&#8221;24807&#8243;][\/vc_column][vc_column width=&#8221;1\/2&#8243; css=&#8221;.vc_custom_1598527791201{padding-top: px !important;padding-right: 40px !important;padding-left: 40px !important;}&#8221;][cms_heading text=&#8221;Izlo\u017eba &#8220;NA\u0160I LIKOVNI UTRINKI&#8220;&#8221; sub_font_size=&#8221;20&#8243; sub_font_style=&#8221;italic&#8221; cms_template=&#8221;cms_heading&#8211;layout3.php&#8221; sub_title=&#8221;Upoznajte \u010darobni svijet kreativnosti koji otkriva izlo\u017eba &#8220;NA\u0160I LIKOVNI UTRINKI&#8220; na tavanu dvorca Podsreda, na kojoj su predstavljena remek-djela u\u010denika Osnovne \u0161kole Bistrica ob [&hellip;]<\/p>\n","protected":false},"author":2,"featured_media":26872,"parent":0,"menu_order":0,"comment_status":"closed","ping_status":"closed","template":"","meta":[],"yoast_head":"<!-- This site is optimized with the Yoast SEO plugin v19.14 - https:\/\/yoast.com\/wordpress\/plugins\/seo\/ -->\n<title>POVREMENE IZLO\u017dBE | Grad Podsreda | Sobe in apartmaji | Grajska ponudba<\/title>\n<meta name=\"robots\" content=\"index, follow, max-snippet:-1, max-image-preview:large, max-video-preview:-1\" \/>\n<link rel=\"canonical\" href=\"https:\/\/castlepodsreda.com\/hr\/privremene-izlozbe\/\" \/>\n<meta property=\"og:locale\" content=\"hr_HR\" \/>\n<meta property=\"og:type\" content=\"article\" \/>\n<meta property=\"og:title\" content=\"POVREMENE IZLO\u017dBE | Grad Podsreda | Sobe in apartmaji | Grajska ponudba\" \/>\n<meta property=\"og:description\" content=\"[vc_section][vc_row equal_height=&#8221;yes&#8221; css=&#8221;.vc_custom_1604663159591{padding-top: 60px !important;}&#8221;][vc_column width=&#8221;1\/2&#8243; css=&#8221;.vc_custom_1588770506985{padding-right: px !important;padding-left: px !important;}&#8221;][cms_image_single single_image=&#8221;24811&#8243;][cms_space space_lg=&#8221;50&#8243; space_md=&#8221;40&#8243; space_sm=&#8221;30&#8243;][cms_image_single single_image=&#8221;24807&#8243;][\/vc_column][vc_column width=&#8221;1\/2&#8243; css=&#8221;.vc_custom_1598527791201{padding-top: px !important;padding-right: 40px !important;padding-left: 40px !important;}&#8221;][cms_heading text=&#8221;Izlo\u017eba &#8220;NA\u0160I LIKOVNI UTRINKI&#8220;&#8221; sub_font_size=&#8221;20&#8243; sub_font_style=&#8221;italic&#8221; cms_template=&#8221;cms_heading&#8211;layout3.php&#8221; sub_title=&#8221;Upoznajte \u010darobni svijet kreativnosti koji otkriva izlo\u017eba &#8220;NA\u0160I LIKOVNI UTRINKI&#8220; na tavanu dvorca Podsreda, na kojoj su predstavljena remek-djela u\u010denika Osnovne \u0161kole Bistrica ob [&hellip;]\" \/>\n<meta property=\"og:url\" content=\"https:\/\/castlepodsreda.com\/hr\/privremene-izlozbe\/\" \/>\n<meta property=\"og:site_name\" content=\"Grad Podsreda | Sobe in apartmaji | Grajska ponudba\" \/>\n<meta property=\"article:publisher\" content=\"https:\/\/www.facebook.com\/podsredacastle\" \/>\n<meta property=\"article:modified_time\" content=\"2026-03-17T13:01:56+00:00\" \/>\n<meta property=\"og:image\" content=\"https:\/\/castlepodsreda.com\/wp-content\/uploads\/2021\/06\/BIOTSKA-PESTROST-JE-OGRO\u017dENA_Grad-Podsreda_razstave_Podsreda-castle_2.jpg\" \/>\n\t<meta property=\"og:image:width\" content=\"1920\" \/>\n\t<meta property=\"og:image:height\" content=\"1282\" \/>\n\t<meta property=\"og:image:type\" content=\"image\/jpeg\" \/>\n<meta name=\"twitter:card\" content=\"summary_large_image\" \/>\n<meta name=\"twitter:label1\" content=\"Procijenjeno vrijeme \u010ditanja\" \/>\n\t<meta name=\"twitter:data1\" content=\"4 minute\" \/>\n<script type=\"application\/ld+json\" class=\"yoast-schema-graph\">{\"@context\":\"https:\/\/schema.org\",\"@graph\":[{\"@type\":\"WebPage\",\"@id\":\"https:\/\/castlepodsreda.com\/hr\/privremene-izlozbe\/\",\"url\":\"https:\/\/castlepodsreda.com\/hr\/privremene-izlozbe\/\",\"name\":\"POVREMENE IZLO\u017dBE | Grad Podsreda | Sobe in apartmaji | Grajska ponudba\",\"isPartOf\":{\"@id\":\"https:\/\/castlepodsreda.com\/hr\/#website\"},\"datePublished\":\"2020-05-06T12:51:11+00:00\",\"dateModified\":\"2026-03-17T13:01:56+00:00\",\"breadcrumb\":{\"@id\":\"https:\/\/castlepodsreda.com\/hr\/privremene-izlozbe\/#breadcrumb\"},\"inLanguage\":\"hr\",\"potentialAction\":[{\"@type\":\"ReadAction\",\"target\":[\"https:\/\/castlepodsreda.com\/hr\/privremene-izlozbe\/\"]}]},{\"@type\":\"BreadcrumbList\",\"@id\":\"https:\/\/castlepodsreda.com\/hr\/privremene-izlozbe\/#breadcrumb\",\"itemListElement\":[{\"@type\":\"ListItem\",\"position\":1,\"name\":\"Home\",\"item\":\"https:\/\/castlepodsreda.com\/hr\/\"},{\"@type\":\"ListItem\",\"position\":2,\"name\":\"POVREMENE IZLO\u017dBE\"}]},{\"@type\":\"WebSite\",\"@id\":\"https:\/\/castlepodsreda.com\/hr\/#website\",\"url\":\"https:\/\/castlepodsreda.com\/hr\/\",\"name\":\"Grad Podsreda | Sobe in apartmaji | Grajska ponudba\",\"description\":\"Najbolj grajski med gradovi v Sloveniji\",\"publisher\":{\"@id\":\"https:\/\/castlepodsreda.com\/hr\/#organization\"},\"potentialAction\":[{\"@type\":\"SearchAction\",\"target\":{\"@type\":\"EntryPoint\",\"urlTemplate\":\"https:\/\/castlepodsreda.com\/hr\/?s={search_term_string}\"},\"query-input\":\"required name=search_term_string\"}],\"inLanguage\":\"hr\"},{\"@type\":\"Organization\",\"@id\":\"https:\/\/castlepodsreda.com\/hr\/#organization\",\"name\":\"Grad Podsreda | Sobe in apartmaji | Grajska ponudba\",\"url\":\"https:\/\/castlepodsreda.com\/hr\/\",\"logo\":{\"@type\":\"ImageObject\",\"inLanguage\":\"hr\",\"@id\":\"https:\/\/castlepodsreda.com\/hr\/#\/schema\/logo\/image\/\",\"url\":\"https:\/\/castlepodsreda.com\/wp-content\/uploads\/2020\/04\/logo-grad-podsreda-2.jpg\",\"contentUrl\":\"https:\/\/castlepodsreda.com\/wp-content\/uploads\/2020\/04\/logo-grad-podsreda-2.jpg\",\"width\":576,\"height\":576,\"caption\":\"Grad Podsreda | Sobe in apartmaji | Grajska ponudba\"},\"image\":{\"@id\":\"https:\/\/castlepodsreda.com\/hr\/#\/schema\/logo\/image\/\"},\"sameAs\":[\"https:\/\/www.instagram.com\/podsredacastle\/\",\"https:\/\/www.facebook.com\/podsredacastle\"]}]}<\/script>\n<!-- \/ Yoast SEO plugin. -->","yoast_head_json":{"title":"POVREMENE IZLO\u017dBE | Grad Podsreda | Sobe in apartmaji | Grajska ponudba","robots":{"index":"index","follow":"follow","max-snippet":"max-snippet:-1","max-image-preview":"max-image-preview:large","max-video-preview":"max-video-preview:-1"},"canonical":"https:\/\/castlepodsreda.com\/hr\/privremene-izlozbe\/","og_locale":"hr_HR","og_type":"article","og_title":"POVREMENE IZLO\u017dBE | Grad Podsreda | Sobe in apartmaji | Grajska ponudba","og_description":"[vc_section][vc_row equal_height=&#8221;yes&#8221; css=&#8221;.vc_custom_1604663159591{padding-top: 60px !important;}&#8221;][vc_column width=&#8221;1\/2&#8243; css=&#8221;.vc_custom_1588770506985{padding-right: px !important;padding-left: px !important;}&#8221;][cms_image_single single_image=&#8221;24811&#8243;][cms_space space_lg=&#8221;50&#8243; space_md=&#8221;40&#8243; space_sm=&#8221;30&#8243;][cms_image_single single_image=&#8221;24807&#8243;][\/vc_column][vc_column width=&#8221;1\/2&#8243; css=&#8221;.vc_custom_1598527791201{padding-top: px !important;padding-right: 40px !important;padding-left: 40px !important;}&#8221;][cms_heading text=&#8221;Izlo\u017eba &#8220;NA\u0160I LIKOVNI UTRINKI&#8220;&#8221; sub_font_size=&#8221;20&#8243; sub_font_style=&#8221;italic&#8221; cms_template=&#8221;cms_heading&#8211;layout3.php&#8221; sub_title=&#8221;Upoznajte \u010darobni svijet kreativnosti koji otkriva izlo\u017eba &#8220;NA\u0160I LIKOVNI UTRINKI&#8220; na tavanu dvorca Podsreda, na kojoj su predstavljena remek-djela u\u010denika Osnovne \u0161kole Bistrica ob [&hellip;]","og_url":"https:\/\/castlepodsreda.com\/hr\/privremene-izlozbe\/","og_site_name":"Grad Podsreda | Sobe in apartmaji | Grajska ponudba","article_publisher":"https:\/\/www.facebook.com\/podsredacastle","article_modified_time":"2026-03-17T13:01:56+00:00","og_image":[{"width":1920,"height":1282,"url":"https:\/\/castlepodsreda.com\/wp-content\/uploads\/2021\/06\/BIOTSKA-PESTROST-JE-OGRO\u017dENA_Grad-Podsreda_razstave_Podsreda-castle_2.jpg","type":"image\/jpeg"}],"twitter_card":"summary_large_image","twitter_misc":{"Procijenjeno vrijeme \u010ditanja":"4 minute"},"schema":{"@context":"https:\/\/schema.org","@graph":[{"@type":"WebPage","@id":"https:\/\/castlepodsreda.com\/hr\/privremene-izlozbe\/","url":"https:\/\/castlepodsreda.com\/hr\/privremene-izlozbe\/","name":"POVREMENE IZLO\u017dBE | Grad Podsreda | Sobe in apartmaji | Grajska ponudba","isPartOf":{"@id":"https:\/\/castlepodsreda.com\/hr\/#website"},"datePublished":"2020-05-06T12:51:11+00:00","dateModified":"2026-03-17T13:01:56+00:00","breadcrumb":{"@id":"https:\/\/castlepodsreda.com\/hr\/privremene-izlozbe\/#breadcrumb"},"inLanguage":"hr","potentialAction":[{"@type":"ReadAction","target":["https:\/\/castlepodsreda.com\/hr\/privremene-izlozbe\/"]}]},{"@type":"BreadcrumbList","@id":"https:\/\/castlepodsreda.com\/hr\/privremene-izlozbe\/#breadcrumb","itemListElement":[{"@type":"ListItem","position":1,"name":"Home","item":"https:\/\/castlepodsreda.com\/hr\/"},{"@type":"ListItem","position":2,"name":"POVREMENE IZLO\u017dBE"}]},{"@type":"WebSite","@id":"https:\/\/castlepodsreda.com\/hr\/#website","url":"https:\/\/castlepodsreda.com\/hr\/","name":"Grad Podsreda | Sobe in apartmaji | Grajska ponudba","description":"Najbolj grajski med gradovi v Sloveniji","publisher":{"@id":"https:\/\/castlepodsreda.com\/hr\/#organization"},"potentialAction":[{"@type":"SearchAction","target":{"@type":"EntryPoint","urlTemplate":"https:\/\/castlepodsreda.com\/hr\/?s={search_term_string}"},"query-input":"required name=search_term_string"}],"inLanguage":"hr"},{"@type":"Organization","@id":"https:\/\/castlepodsreda.com\/hr\/#organization","name":"Grad Podsreda | Sobe in apartmaji | Grajska ponudba","url":"https:\/\/castlepodsreda.com\/hr\/","logo":{"@type":"ImageObject","inLanguage":"hr","@id":"https:\/\/castlepodsreda.com\/hr\/#\/schema\/logo\/image\/","url":"https:\/\/castlepodsreda.com\/wp-content\/uploads\/2020\/04\/logo-grad-podsreda-2.jpg","contentUrl":"https:\/\/castlepodsreda.com\/wp-content\/uploads\/2020\/04\/logo-grad-podsreda-2.jpg","width":576,"height":576,"caption":"Grad Podsreda | Sobe in apartmaji | Grajska ponudba"},"image":{"@id":"https:\/\/castlepodsreda.com\/hr\/#\/schema\/logo\/image\/"},"sameAs":["https:\/\/www.instagram.com\/podsredacastle\/","https:\/\/www.facebook.com\/podsredacastle"]}]}},"_links":{"self":[{"href":"https:\/\/castlepodsreda.com\/hr\/wp-json\/wp\/v2\/pages\/34413"}],"collection":[{"href":"https:\/\/castlepodsreda.com\/hr\/wp-json\/wp\/v2\/pages"}],"about":[{"href":"https:\/\/castlepodsreda.com\/hr\/wp-json\/wp\/v2\/types\/page"}],"author":[{"embeddable":true,"href":"https:\/\/castlepodsreda.com\/hr\/wp-json\/wp\/v2\/users\/2"}],"replies":[{"embeddable":true,"href":"https:\/\/castlepodsreda.com\/hr\/wp-json\/wp\/v2\/comments?post=34413"}],"version-history":[{"count":5,"href":"https:\/\/castlepodsreda.com\/hr\/wp-json\/wp\/v2\/pages\/34413\/revisions"}],"predecessor-version":[{"id":40575,"href":"https:\/\/castlepodsreda.com\/hr\/wp-json\/wp\/v2\/pages\/34413\/revisions\/40575"}],"wp:featuredmedia":[{"embeddable":true,"href":"https:\/\/castlepodsreda.com\/hr\/wp-json\/wp\/v2\/media\/26872"}],"wp:attachment":[{"href":"https:\/\/castlepodsreda.com\/hr\/wp-json\/wp\/v2\/media?parent=34413"}],"curies":[{"name":"wp","href":"https:\/\/api.w.org\/{rel}","templated":true}]}}