{"id":34426,"date":"2020-04-24T20:26:50","date_gmt":"2020-04-24T20:26:50","guid":{"rendered":"https:\/\/castlepodsreda.com\/?page_id=34426"},"modified":"2025-11-05T11:13:06","modified_gmt":"2025-11-05T11:13:06","slug":"vodene-ture-dvorca-podsreda","status":"publish","type":"page","link":"https:\/\/castlepodsreda.com\/hr\/vodene-ture-dvorca-podsreda\/","title":{"rendered":"VO\u0110ENE TURE DVORCA PODSREDA"},"content":{"rendered":"<p>[vc_row equal_height=&#8221;yes&#8221;][vc_column width=&#8221;1\/2&#8243; css=&#8221;.vc_custom_1587761274699{padding-right: 40px !important;padding-left: 80px !important;}&#8221;][cms_fancybox font_weight=&#8221;700&#8243; letter_spacing=&#8221;0.025em&#8221; cms_template=&#8221;cms_fancybox&#8211;layout4.php&#8221; el_title=&#8221;Vo\u0111ene ture dvorca Podsreda&#8221; title_font_size=&#8221;45&#8243; fcb_description=&#8221;Posjetiteljima tijekom cijele godine nudimo vo\u0111ene ture dvorca i njegovih izlo\u017ebi, pru\u017eaju\u0107i im priliku da upoznaju i osjete povijest na\u0161eg dvorca, koji i danas \u017eivi punim i bogatim \u017eivotom.<br \/>\nVo\u0111ene ture, koje vode obu\u010deni vodi\u010di, traju otprilike sat i pol za grupe od deset ili vi\u0161e osoba te su izvrsna prilika za posjetitelje da iz prve ruke saznaju o bogatoj povijesti dvorca, \u010duju zanimljive pri\u010de i legende te dobiju uvid u druge zanimljive karakteristike koje dvorcu daju \u017eivot i danas.<\/p>\n<p>Vo\u0111ene ture dvorca dostupne su uz prethodnu rezervaciju (+386 41 419 996).\u2800<br \/>\nVO\u0110ENA GRUPA ODRASLIH (10 ili vi\u0161e osoba): 7,00 \u20ac\/osoba (prethodna rezervacija)<br \/>\nVO\u0110ENA GRUPA MLADE\u017dI (10 ili vi\u0161e osoba): 4,50 \u20ac\/osoba (prethodna rezervacija)&#8221;][\/vc_column][vc_column width=&#8221;1\/2&#8243; css=&#8221;.vc_custom_1587761295408{padding-top: 60px !important;}&#8221;][cms_image_single single_image=&#8221;4585&#8243;][cms_space space_lg=&#8221;40&#8243;][vc_message message_box_color=&#8221;chino&#8221;]Posjetitelji dvorca Podsreda tako\u0111er mogu <strong>istra\u017eiti prostorije dvorca samostalno uz pomo\u0107 audio vodi\u010da dostupnog na slovenskom, engleskom, njema\u010dkom, talijanskom i ruskom jeziku<\/strong> (vi\u0161e informacija u nastavku).[\/vc_message][\/vc_column][\/vc_row][vc_row][vc_column][cms_space space_lg=&#8221;60&#8243;][\/vc_column][\/vc_row][vc_row full_width=&#8221;stretch_row_content_no_spaces&#8221; parallax=&#8221;content-moving-fade&#8221; parallax_image=&#8221;4366&#8243; parallax_speed_bg=&#8221;2.5&#8243; css=&#8221;.vc_custom_1588697604258{padding-top: 100px !important;padding-bottom: 100px !important;}&#8221;][vc_column][cms_heading align_lg=&#8221;align-center&#8221; align_sm=&#8221;align-center-sm&#8221; align_xs=&#8221;align-center-xs&#8221; text_color=&#8221;#ffffff&#8221; sub_color=&#8221;#ffffff&#8221; cms_template=&#8221;cms_heading&#8211;layout3.php&#8221; sub_title=&#8221;Za organizirane grupe potrebna je prethodna rezervacija vo\u0111enih tura dvorca.<br \/>\nMo\u017eemo prilagoditi vo\u0111enu turu prema va\u0161im \u017eeljama, preferencijama i raspolo\u017eivom vremenu.&#8221;][cms_button button_text=&#8221;KONTAKTIRAJTE NAS&#8221; button_link=&#8221;url:http%3A%2F%2Fcastlepodsreda.com%2Fkontakt%2F||target:%20_blank|&#8221; button_style=&#8221;btn-2x&#8221; button_color=&#8221;#ffffff&#8221; border_color=&#8221;#ffffff&#8221; font_weight=&#8221;400&#8243; button_align=&#8221;center&#8221; button_align_md=&#8221;center&#8221; button_align_sm=&#8221;center&#8221; button_align_xs=&#8221;center&#8221;][\/vc_column][\/vc_row][vc_row][vc_column][vc_single_image image=&#8221;4089&#8243; alignment=&#8221;center&#8221;][cms_heading text=&#8221;AUDIO-VODI\u010cKA TURA DVORCA&#8221; align_lg=&#8221;align-center&#8221; align_md=&#8221;align-center-md&#8221; align_sm=&#8221;align-center-sm&#8221; align_xs=&#8221;align-center-xs&#8221; cms_template=&#8221;cms_heading&#8211;layout3.php&#8221; sub_title=&#8221;Samostalni obilazak dvorca Podsreda uz audio vodstvo na \u010dak pet jezika (slovenski, engleski, njema\u010dki, talijanski, ruski).&#8221;][\/vc_column][\/vc_row][vc_row equal_height=&#8221;yes&#8221; css=&#8221;.vc_custom_1604663651779{padding-top: 60px !important;}&#8221;][vc_column width=&#8221;1\/2&#8243; css=&#8221;.vc_custom_1587761397596{padding-right: 40px !important;padding-left: px !important;}&#8221;][cms_image_single single_image=&#8221;8958&#8243;][cms_space][cms_space][\/vc_column][vc_column width=&#8221;1\/2&#8243; css=&#8221;.vc_custom_1591037282324{padding-top: px !important;padding-right: 40px !important;padding-left: 30px !important;}&#8221;][vc_column_text]<strong>Posjetite dvorac samostalno ili u maloj grupi? Ne \u017eelite biti dio velike grupe i radije biste istra\u017eili dvorac sami?<\/strong><\/p>\n<p>Nema problema! Posjetitelji dvorca Podsreda mogu istra\u017eiti prostorije dvorca samostalno uz pomo\u0107 audio vodi\u010da te saznati za\u0161to dvorac Podsreda i dalje ostaje jedan od najpoznatijih i najbolje o\u010duvanih dvoraca u na\u0161oj zemlji, poznat po brojnim lijepo o\u010duvanim srednjovjekovnim arhitektonskim elementima i mnogobrojnim zanimljivim izlo\u017ebama.<\/p>\n<p>Djeca i odrasli mogu zajedno pro\u0107i kroz fascinantno putovanje kroz povijest dok ih audio vodi\u010di na pet jezika (slovenski, engleski, njema\u010dki, talijanski, ruski) vode kroz dvorac, vra\u0107aju\u0107i ih u vrijeme kada je slu\u017eio kao uto\u010di\u0161te u slu\u010daju opasnosti te kasnije kao prebivali\u0161te nekoliko imu\u0107nih plemi\u0107kih obitelji.[\/vc_column_text][\/vc_column][\/vc_row][vc_row equal_height=&#8221;yes&#8221; css=&#8221;.vc_custom_1604663651779{padding-top: 60px !important;}&#8221;][vc_column width=&#8221;1\/2&#8243; css=&#8221;.vc_custom_1587761397596{padding-right: 40px !important;padding-left: px !important;}&#8221;][cms_fancybox font_weight=&#8221;700&#8243; letter_spacing=&#8221;0.025em&#8221; button_text=&#8221;TRENUTNO RADNO VRIJEME I CIJENE ULAZNICA&#8221; button_link=&#8221;url:https%3A%2F%2Fcastlepodsreda.com%2Fhr%2Fradno-vrijeme-i-cjenik%2F|title:ODPIRALNI%20%C4%8CAS%20IN%20VSTOPNINA||&#8221; cms_template=&#8221;cms_fancybox&#8211;layout4.php&#8221; el_title=&#8221;CIJENE ULAZNICA&#8221; title_font_size=&#8221;45&#8243; fcb_description=&#8221;ODRASLI: 7,00 \u20ac\/osoba<br \/>\nODRASLA SKUPINA (10 i vi\u0161e osoba): 6,00 \u20ac\/osoba<br \/>\nODRASLA SKUPINA S VODI\u010cEM (10 i vi\u0161e osoba): 7,00 \u20ac\/osoba (potrebna prethodna najava)<\/p>\n<p>MLA\u0110I, STUDENTI: 4,50 \u20ac\/osoba<br \/>\nMLA\u0110A SKUPINA (10 i vi\u0161e osoba): 3,50 \u20ac\/osoba<br \/>\nMLA\u0110A SKUPINA S VODI\u010cEM (10 i vi\u0161e osoba): 4,50 \u20ac\/osoba (potrebna prethodna najava)<\/p>\n<p>UMIROVLJENICI: 5,50 \u20ac\/osoba<\/p>\n<p>OBITELJ (2 odrasla + 2 djece): 20,00 \u20ac<br \/>\nOBITELJ (2 odrasla + 1 dijete): 16,00 \u20ac&#8221;][cms_space][\/vc_column][vc_column width=&#8221;1\/2&#8243; css=&#8221;.vc_custom_1591037282324{padding-top: px !important;padding-right: 40px !important;padding-left: 30px !important;}&#8221;][cms_image_single single_image=&#8221;9053&#8243;][\/vc_column][\/vc_row]<\/p>\n","protected":false},"excerpt":{"rendered":"<p>[vc_row equal_height=&#8221;yes&#8221;][vc_column width=&#8221;1\/2&#8243; css=&#8221;.vc_custom_1587761274699{padding-right: 40px !important;padding-left: 80px !important;}&#8221;][cms_fancybox font_weight=&#8221;700&#8243; letter_spacing=&#8221;0.025em&#8221; cms_template=&#8221;cms_fancybox&#8211;layout4.php&#8221; el_title=&#8221;Vo\u0111ene ture dvorca Podsreda&#8221; title_font_size=&#8221;45&#8243; fcb_description=&#8221;Posjetiteljima tijekom cijele godine nudimo vo\u0111ene ture dvorca i njegovih izlo\u017ebi, pru\u017eaju\u0107i im priliku da upoznaju i osjete povijest na\u0161eg dvorca, koji i danas \u017eivi punim i bogatim \u017eivotom. Vo\u0111ene ture, koje vode obu\u010deni vodi\u010di, traju otprilike sat i [&hellip;]<\/p>\n","protected":false},"author":2,"featured_media":26320,"parent":0,"menu_order":0,"comment_status":"closed","ping_status":"closed","template":"","meta":[],"yoast_head":"<!-- This site is optimized with the Yoast SEO plugin v19.14 - https:\/\/yoast.com\/wordpress\/plugins\/seo\/ -->\n<title>VO\u0110ENE TURE DVORCA PODSREDA | Grad Podsreda | Sobe in apartmaji | Grajska ponudba<\/title>\n<meta name=\"robots\" content=\"index, follow, max-snippet:-1, max-image-preview:large, max-video-preview:-1\" \/>\n<link rel=\"canonical\" href=\"https:\/\/castlepodsreda.com\/hr\/vodene-ture-dvorca-podsreda\/\" \/>\n<meta property=\"og:locale\" content=\"hr_HR\" \/>\n<meta property=\"og:type\" content=\"article\" \/>\n<meta property=\"og:title\" content=\"VO\u0110ENE TURE DVORCA PODSREDA | Grad Podsreda | Sobe in apartmaji | Grajska ponudba\" \/>\n<meta property=\"og:description\" content=\"[vc_row equal_height=&#8221;yes&#8221;][vc_column width=&#8221;1\/2&#8243; css=&#8221;.vc_custom_1587761274699{padding-right: 40px !important;padding-left: 80px !important;}&#8221;][cms_fancybox font_weight=&#8221;700&#8243; letter_spacing=&#8221;0.025em&#8221; cms_template=&#8221;cms_fancybox&#8211;layout4.php&#8221; el_title=&#8221;Vo\u0111ene ture dvorca Podsreda&#8221; title_font_size=&#8221;45&#8243; fcb_description=&#8221;Posjetiteljima tijekom cijele godine nudimo vo\u0111ene ture dvorca i njegovih izlo\u017ebi, pru\u017eaju\u0107i im priliku da upoznaju i osjete povijest na\u0161eg dvorca, koji i danas \u017eivi punim i bogatim \u017eivotom. Vo\u0111ene ture, koje vode obu\u010deni vodi\u010di, traju otprilike sat i [&hellip;]\" \/>\n<meta property=\"og:url\" content=\"https:\/\/castlepodsreda.com\/hr\/vodene-ture-dvorca-podsreda\/\" \/>\n<meta property=\"og:site_name\" content=\"Grad Podsreda | Sobe in apartmaji | Grajska ponudba\" \/>\n<meta property=\"article:publisher\" content=\"https:\/\/www.facebook.com\/podsredacastle\" \/>\n<meta property=\"article:modified_time\" content=\"2025-11-05T11:13:06+00:00\" \/>\n<meta property=\"og:image\" content=\"https:\/\/castlepodsreda.com\/wp-content\/uploads\/2020\/05\/vodeni-ogledi-na-grad-podsreda.jpg\" \/>\n\t<meta property=\"og:image:width\" content=\"1900\" \/>\n\t<meta property=\"og:image:height\" content=\"1267\" \/>\n\t<meta property=\"og:image:type\" content=\"image\/jpeg\" \/>\n<meta name=\"twitter:card\" content=\"summary_large_image\" \/>\n<meta name=\"twitter:label1\" content=\"Procijenjeno vrijeme \u010ditanja\" \/>\n\t<meta name=\"twitter:data1\" content=\"5 minuta\" \/>\n<script type=\"application\/ld+json\" class=\"yoast-schema-graph\">{\"@context\":\"https:\/\/schema.org\",\"@graph\":[{\"@type\":\"WebPage\",\"@id\":\"https:\/\/castlepodsreda.com\/hr\/vodene-ture-dvorca-podsreda\/\",\"url\":\"https:\/\/castlepodsreda.com\/hr\/vodene-ture-dvorca-podsreda\/\",\"name\":\"VO\u0110ENE TURE DVORCA PODSREDA | Grad Podsreda | Sobe in apartmaji | Grajska ponudba\",\"isPartOf\":{\"@id\":\"https:\/\/castlepodsreda.com\/hr\/#website\"},\"datePublished\":\"2020-04-24T20:26:50+00:00\",\"dateModified\":\"2025-11-05T11:13:06+00:00\",\"breadcrumb\":{\"@id\":\"https:\/\/castlepodsreda.com\/hr\/vodene-ture-dvorca-podsreda\/#breadcrumb\"},\"inLanguage\":\"hr\",\"potentialAction\":[{\"@type\":\"ReadAction\",\"target\":[\"https:\/\/castlepodsreda.com\/hr\/vodene-ture-dvorca-podsreda\/\"]}]},{\"@type\":\"BreadcrumbList\",\"@id\":\"https:\/\/castlepodsreda.com\/hr\/vodene-ture-dvorca-podsreda\/#breadcrumb\",\"itemListElement\":[{\"@type\":\"ListItem\",\"position\":1,\"name\":\"Home\",\"item\":\"https:\/\/castlepodsreda.com\/hr\/\"},{\"@type\":\"ListItem\",\"position\":2,\"name\":\"VO\u0110ENE TURE DVORCA PODSREDA\"}]},{\"@type\":\"WebSite\",\"@id\":\"https:\/\/castlepodsreda.com\/hr\/#website\",\"url\":\"https:\/\/castlepodsreda.com\/hr\/\",\"name\":\"Grad Podsreda | Sobe in apartmaji | Grajska ponudba\",\"description\":\"Najbolj grajski med gradovi v Sloveniji\",\"publisher\":{\"@id\":\"https:\/\/castlepodsreda.com\/hr\/#organization\"},\"potentialAction\":[{\"@type\":\"SearchAction\",\"target\":{\"@type\":\"EntryPoint\",\"urlTemplate\":\"https:\/\/castlepodsreda.com\/hr\/?s={search_term_string}\"},\"query-input\":\"required name=search_term_string\"}],\"inLanguage\":\"hr\"},{\"@type\":\"Organization\",\"@id\":\"https:\/\/castlepodsreda.com\/hr\/#organization\",\"name\":\"Grad Podsreda | Sobe in apartmaji | Grajska ponudba\",\"url\":\"https:\/\/castlepodsreda.com\/hr\/\",\"logo\":{\"@type\":\"ImageObject\",\"inLanguage\":\"hr\",\"@id\":\"https:\/\/castlepodsreda.com\/hr\/#\/schema\/logo\/image\/\",\"url\":\"https:\/\/castlepodsreda.com\/wp-content\/uploads\/2020\/04\/logo-grad-podsreda-2.jpg\",\"contentUrl\":\"https:\/\/castlepodsreda.com\/wp-content\/uploads\/2020\/04\/logo-grad-podsreda-2.jpg\",\"width\":576,\"height\":576,\"caption\":\"Grad Podsreda | Sobe in apartmaji | Grajska ponudba\"},\"image\":{\"@id\":\"https:\/\/castlepodsreda.com\/hr\/#\/schema\/logo\/image\/\"},\"sameAs\":[\"https:\/\/www.instagram.com\/podsredacastle\/\",\"https:\/\/www.facebook.com\/podsredacastle\"]}]}<\/script>\n<!-- \/ Yoast SEO plugin. -->","yoast_head_json":{"title":"VO\u0110ENE TURE DVORCA PODSREDA | Grad Podsreda | Sobe in apartmaji | Grajska ponudba","robots":{"index":"index","follow":"follow","max-snippet":"max-snippet:-1","max-image-preview":"max-image-preview:large","max-video-preview":"max-video-preview:-1"},"canonical":"https:\/\/castlepodsreda.com\/hr\/vodene-ture-dvorca-podsreda\/","og_locale":"hr_HR","og_type":"article","og_title":"VO\u0110ENE TURE DVORCA PODSREDA | Grad Podsreda | Sobe in apartmaji | Grajska ponudba","og_description":"[vc_row equal_height=&#8221;yes&#8221;][vc_column width=&#8221;1\/2&#8243; css=&#8221;.vc_custom_1587761274699{padding-right: 40px !important;padding-left: 80px !important;}&#8221;][cms_fancybox font_weight=&#8221;700&#8243; letter_spacing=&#8221;0.025em&#8221; cms_template=&#8221;cms_fancybox&#8211;layout4.php&#8221; el_title=&#8221;Vo\u0111ene ture dvorca Podsreda&#8221; title_font_size=&#8221;45&#8243; fcb_description=&#8221;Posjetiteljima tijekom cijele godine nudimo vo\u0111ene ture dvorca i njegovih izlo\u017ebi, pru\u017eaju\u0107i im priliku da upoznaju i osjete povijest na\u0161eg dvorca, koji i danas \u017eivi punim i bogatim \u017eivotom. Vo\u0111ene ture, koje vode obu\u010deni vodi\u010di, traju otprilike sat i [&hellip;]","og_url":"https:\/\/castlepodsreda.com\/hr\/vodene-ture-dvorca-podsreda\/","og_site_name":"Grad Podsreda | Sobe in apartmaji | Grajska ponudba","article_publisher":"https:\/\/www.facebook.com\/podsredacastle","article_modified_time":"2025-11-05T11:13:06+00:00","og_image":[{"width":1900,"height":1267,"url":"https:\/\/castlepodsreda.com\/wp-content\/uploads\/2020\/05\/vodeni-ogledi-na-grad-podsreda.jpg","type":"image\/jpeg"}],"twitter_card":"summary_large_image","twitter_misc":{"Procijenjeno vrijeme \u010ditanja":"5 minuta"},"schema":{"@context":"https:\/\/schema.org","@graph":[{"@type":"WebPage","@id":"https:\/\/castlepodsreda.com\/hr\/vodene-ture-dvorca-podsreda\/","url":"https:\/\/castlepodsreda.com\/hr\/vodene-ture-dvorca-podsreda\/","name":"VO\u0110ENE TURE DVORCA PODSREDA | Grad Podsreda | Sobe in apartmaji | Grajska ponudba","isPartOf":{"@id":"https:\/\/castlepodsreda.com\/hr\/#website"},"datePublished":"2020-04-24T20:26:50+00:00","dateModified":"2025-11-05T11:13:06+00:00","breadcrumb":{"@id":"https:\/\/castlepodsreda.com\/hr\/vodene-ture-dvorca-podsreda\/#breadcrumb"},"inLanguage":"hr","potentialAction":[{"@type":"ReadAction","target":["https:\/\/castlepodsreda.com\/hr\/vodene-ture-dvorca-podsreda\/"]}]},{"@type":"BreadcrumbList","@id":"https:\/\/castlepodsreda.com\/hr\/vodene-ture-dvorca-podsreda\/#breadcrumb","itemListElement":[{"@type":"ListItem","position":1,"name":"Home","item":"https:\/\/castlepodsreda.com\/hr\/"},{"@type":"ListItem","position":2,"name":"VO\u0110ENE TURE DVORCA PODSREDA"}]},{"@type":"WebSite","@id":"https:\/\/castlepodsreda.com\/hr\/#website","url":"https:\/\/castlepodsreda.com\/hr\/","name":"Grad Podsreda | Sobe in apartmaji | Grajska ponudba","description":"Najbolj grajski med gradovi v Sloveniji","publisher":{"@id":"https:\/\/castlepodsreda.com\/hr\/#organization"},"potentialAction":[{"@type":"SearchAction","target":{"@type":"EntryPoint","urlTemplate":"https:\/\/castlepodsreda.com\/hr\/?s={search_term_string}"},"query-input":"required name=search_term_string"}],"inLanguage":"hr"},{"@type":"Organization","@id":"https:\/\/castlepodsreda.com\/hr\/#organization","name":"Grad Podsreda | Sobe in apartmaji | Grajska ponudba","url":"https:\/\/castlepodsreda.com\/hr\/","logo":{"@type":"ImageObject","inLanguage":"hr","@id":"https:\/\/castlepodsreda.com\/hr\/#\/schema\/logo\/image\/","url":"https:\/\/castlepodsreda.com\/wp-content\/uploads\/2020\/04\/logo-grad-podsreda-2.jpg","contentUrl":"https:\/\/castlepodsreda.com\/wp-content\/uploads\/2020\/04\/logo-grad-podsreda-2.jpg","width":576,"height":576,"caption":"Grad Podsreda | Sobe in apartmaji | Grajska ponudba"},"image":{"@id":"https:\/\/castlepodsreda.com\/hr\/#\/schema\/logo\/image\/"},"sameAs":["https:\/\/www.instagram.com\/podsredacastle\/","https:\/\/www.facebook.com\/podsredacastle"]}]}},"_links":{"self":[{"href":"https:\/\/castlepodsreda.com\/hr\/wp-json\/wp\/v2\/pages\/34426"}],"collection":[{"href":"https:\/\/castlepodsreda.com\/hr\/wp-json\/wp\/v2\/pages"}],"about":[{"href":"https:\/\/castlepodsreda.com\/hr\/wp-json\/wp\/v2\/types\/page"}],"author":[{"embeddable":true,"href":"https:\/\/castlepodsreda.com\/hr\/wp-json\/wp\/v2\/users\/2"}],"replies":[{"embeddable":true,"href":"https:\/\/castlepodsreda.com\/hr\/wp-json\/wp\/v2\/comments?post=34426"}],"version-history":[{"count":3,"href":"https:\/\/castlepodsreda.com\/hr\/wp-json\/wp\/v2\/pages\/34426\/revisions"}],"predecessor-version":[{"id":39386,"href":"https:\/\/castlepodsreda.com\/hr\/wp-json\/wp\/v2\/pages\/34426\/revisions\/39386"}],"wp:featuredmedia":[{"embeddable":true,"href":"https:\/\/castlepodsreda.com\/hr\/wp-json\/wp\/v2\/media\/26320"}],"wp:attachment":[{"href":"https:\/\/castlepodsreda.com\/hr\/wp-json\/wp\/v2\/media?parent=34426"}],"curies":[{"name":"wp","href":"https:\/\/api.w.org\/{rel}","templated":true}]}}