{"id":34435,"date":"2019-10-17T06:39:09","date_gmt":"2019-10-17T06:39:09","guid":{"rendered":"https:\/\/castlepodsreda.com\/?page_id=34435"},"modified":"2026-04-29T10:59:19","modified_gmt":"2026-04-29T10:59:19","slug":"dogadaji","status":"publish","type":"page","link":"https:\/\/castlepodsreda.com\/hr\/dogadaji\/","title":{"rendered":"DOGA\u0110AJI"},"content":{"rendered":"<p>[vc_row][vc_column][vc_column_text][\/vc_column_text][vc_single_image image=&#8221;4089&#8243; img_size=&#8221;full&#8221; alignment=&#8221;center&#8221;][cms_heading text=&#8221;Doga\u0111aji u dvorcu Podsreda&#8221; align_lg=&#8221;align-center&#8221; align_md=&#8221;align-center-md&#8221; align_sm=&#8221;align-center-sm&#8221; align_xs=&#8221;align-center-xs&#8221; cms_template=&#8221;cms_heading&#8211;layout3.php&#8221;][vc_column_text]<\/p>\n<p style=\"text-align: center;\"><strong>Dobrodo\u0161li na stranicu doga\u0111aja jedne od najbolje sa\u010duvanih 12. stolje\u0107a romani\u010dkih utvrda u Sloveniji &#8211; srednjovjekovnog dvorca Podsreda.<\/strong><\/p>\n<p style=\"text-align: center;\">U posljednjih 40 godina dvorac je pro\u0161ao potpunu obnovu, postaju\u0107i klju\u010dna kulturna, promotivna, obrazovna, dru\u0161tvena i turisti\u010dka destinacija.<\/p>\n<p style=\"text-align: center;\">Na\u0161 srednjovjekovni dvorac ne samo da je povijesni spomenik, ve\u0107 je i \u017eivo sredi\u0161te kulturnih, turisti\u010dkih i doga\u0111ajnih aktivnosti.<\/p>\n<p style=\"text-align: center;\">Bilo da ste ljubitelj povijesti, kulture ili jednostavno tra\u017eite jedinstveno i nezaboravno iskustvo, dvorac Podsreda nudi ne\u0161to za svakoga.<\/p>\n<p style=\"text-align: center;\"><strong>Pregledajte na\u0161 kalendar doga\u0111aja kako biste otkrili uzbudljive aktivnosti, izlo\u017ebe, koncerte i jo\u0161 mnogo toga koji se odr\u017eavaju na ovoj iznimnoj lokaciji.<\/strong><\/p>\n<p>[\/vc_column_text][cms_blog_carousel img_size=&#8221;1000&#215;1000&#8243; custom_source=&#8221;true&#8221; limit=&#8221;100&#8243; col_xs=&#8221;1&#8243; col_sm=&#8221;2&#8243; col_md=&#8221;3&#8243; col_lg=&#8221;4&#8243; arrows=&#8221;true&#8221; bullets=&#8221;true&#8221; cms_template=&#8221;cms_blog_carousel.php&#8221; source=&#8221;dogadaji|category&#8221;][cms_space space_lg=&#8221;110&#8243; space_md=&#8221;98&#8243; space_sm=&#8221;80&#8243; space_xs=&#8221;80&#8243;][\/vc_column][\/vc_row][vc_row equal_height=&#8221;yes&#8221;][vc_column width=&#8221;1\/2&#8243;][cms_heading text=&#8221;Muzi\u010dko ljeto na dvorcu&#8221; description=&#8221;Od 1995. godine, glazbeni doga\u0111aji se odr\u017eavaju na dvorcu Podsreda, pod zajedni\u010dkim nazivom &#8220;Muzi\u010dko ljeto na dvorcu Podsreda&#8220;.<\/p>\n<p>Tijekom ljetnih mjeseci, mo\u0107ni zidovi dvorca ispunjeni su zvucima poznatih glazbenih majstora i njihovih u\u010denika. S programom raznih glazbenih seminara, Muzi\u010dko ljeto va\u017ean je doprinos revitalizaciji obnovljene dvorske zgrade.<\/p>\n<p>Glazbeni seminari na dvorcu Podsreda jedini su obrazovni program takve vrste u cijelom kozjanskom podru\u010dju, nude\u0107i vrhunsku glazbenu obuku pod vodstvom me\u0111unarodno priznatih glazbenika.<\/p>\n<p>Seminari se provode individualno, omogu\u0107avaju\u0107i sudionicima u\u010denje tehnike, ritma i harmonije, dok istovremeno sviraju u grupnim postavkama.<\/p>\n<p>Seminari su namijenjeni po\u010detnicima, u\u010denicima osnovnih i srednjih \u0161kola, kao i studentima.<br \/>\nUmjetni\u010dki direktor Muzi\u010dkog ljeta na dvorcu Podsreda je poznati klarinetist prof. Andrej Zupan.&#8221; cms_template=&#8221;cms_heading&#8211;layout3.php&#8221;][cms_space space_lg=&#8221;30&#8243;][cms_button button_text=&#8221;\u010cITAJ VI\u0160E&#8221; button_link=&#8221;url:https%3A%2F%2Fcastlepodsreda.com%2Fhr%2Fglazbeno-ljeto-u-dvorcu-podsreda%2F|||&#8221; font_weight=&#8221;400&#8243;][cms_space space_lg=&#8221;100&#8243;][\/vc_column][vc_column width=&#8221;1\/2&#8243;][cms_image_double cms_template=&#8221;cms_image_double&#8211;layout2.php&#8221; single1_image=&#8221;4112&#8243; single2_image=&#8221;4115&#8243;][\/vc_column][vc_column][\/vc_column][\/vc_row][vc_row equal_height=&#8221;yes&#8221;][vc_column width=&#8221;1\/2&#8243;][vc_single_image image=&#8221;4262&#8243; img_size=&#8221;full&#8221;][\/vc_column][vc_column width=&#8221;1\/2&#8243;][cms_heading text=&#8221;Obiteljski festival &#8220;\u017dIV \u017dAV&#8220; na dvorcu&#8221; description=&#8221;Vratite se u pro\u0161lost i u\u017eivajte u zabavnom srednjovjekovnom festivalu za cijelu obitelj &#8211; svakog ljeta na dvorcu Podsreda, posljednji vikend u kolovozu.<\/p>\n<p>Spojit \u0107emo dvorsku gozbu s putovanjem kroz vrijeme u skloni\u0161tu najdvorskijeg slovenskog dvorca &#8211; DVORAC PODSREDA. Istra\u017eite tajanstveni i zabavni srednjovjekovni \u017eivot, upoznajte \u0161arene likove i bodrite svoje favorite u uzbudljivoj vitezovskoj borbi ma\u010devima te iskoristite priliku za besplatno istra\u017eivanje dvorca.<\/p>\n<p>Srda\u010dno vas pozivamo na dvorac \u017dIV \u017dAV na dvorcu Podsreda, gdje \u0107e mladi i stari istra\u017eiva\u010di dvorca u\u017eivati u srednjovjekovnim igrama, biti zadivljeni pravim vite\u0161kim borbama, upoznati dvorske \u0161i\u0161mi\u0161e te plesati i pjevati uz odli\u010dnu glazbu i u\u017eivati u ukusnoj gozbi kao dio lokalne ponude hrane i pi\u0107a u dvorcu.&#8221; cms_template=&#8221;cms_heading&#8211;layout3.php&#8221;][cms_space space_lg=&#8221;100&#8243;][\/vc_column][\/vc_row]<\/p>\n","protected":false},"excerpt":{"rendered":"<p>[vc_row][vc_column][vc_column_text][\/vc_column_text][vc_single_image image=&#8221;4089&#8243; img_size=&#8221;full&#8221; alignment=&#8221;center&#8221;][cms_heading text=&#8221;Doga\u0111aji u dvorcu Podsreda&#8221; align_lg=&#8221;align-center&#8221; align_md=&#8221;align-center-md&#8221; align_sm=&#8221;align-center-sm&#8221; align_xs=&#8221;align-center-xs&#8221; cms_template=&#8221;cms_heading&#8211;layout3.php&#8221;][vc_column_text] Dobrodo\u0161li na stranicu doga\u0111aja jedne od najbolje sa\u010duvanih 12. stolje\u0107a romani\u010dkih utvrda u Sloveniji &#8211; srednjovjekovnog dvorca Podsreda. U posljednjih 40 godina dvorac je pro\u0161ao potpunu obnovu, postaju\u0107i klju\u010dna kulturna, promotivna, obrazovna, dru\u0161tvena i turisti\u010dka destinacija. Na\u0161 srednjovjekovni dvorac ne samo da [&hellip;]<\/p>\n","protected":false},"author":2,"featured_media":26170,"parent":0,"menu_order":0,"comment_status":"closed","ping_status":"closed","template":"","meta":[],"yoast_head":"<!-- This site is optimized with the Yoast SEO plugin v19.14 - https:\/\/yoast.com\/wordpress\/plugins\/seo\/ -->\n<title>DOGA\u0110AJI | Grad Podsreda | Sobe in apartmaji | Grajska ponudba<\/title>\n<meta name=\"robots\" content=\"index, follow, max-snippet:-1, max-image-preview:large, max-video-preview:-1\" \/>\n<link rel=\"canonical\" href=\"https:\/\/castlepodsreda.com\/hr\/dogadaji\/\" \/>\n<meta property=\"og:locale\" content=\"hr_HR\" \/>\n<meta property=\"og:type\" content=\"article\" \/>\n<meta property=\"og:title\" content=\"DOGA\u0110AJI | Grad Podsreda | Sobe in apartmaji | Grajska ponudba\" \/>\n<meta property=\"og:description\" content=\"[vc_row][vc_column][vc_column_text][\/vc_column_text][vc_single_image image=&#8221;4089&#8243; img_size=&#8221;full&#8221; alignment=&#8221;center&#8221;][cms_heading text=&#8221;Doga\u0111aji u dvorcu Podsreda&#8221; align_lg=&#8221;align-center&#8221; align_md=&#8221;align-center-md&#8221; align_sm=&#8221;align-center-sm&#8221; align_xs=&#8221;align-center-xs&#8221; cms_template=&#8221;cms_heading&#8211;layout3.php&#8221;][vc_column_text] Dobrodo\u0161li na stranicu doga\u0111aja jedne od najbolje sa\u010duvanih 12. stolje\u0107a romani\u010dkih utvrda u Sloveniji &#8211; srednjovjekovnog dvorca Podsreda. U posljednjih 40 godina dvorac je pro\u0161ao potpunu obnovu, postaju\u0107i klju\u010dna kulturna, promotivna, obrazovna, dru\u0161tvena i turisti\u010dka destinacija. Na\u0161 srednjovjekovni dvorac ne samo da [&hellip;]\" \/>\n<meta property=\"og:url\" content=\"https:\/\/castlepodsreda.com\/hr\/dogadaji\/\" \/>\n<meta property=\"og:site_name\" content=\"Grad Podsreda | Sobe in apartmaji | Grajska ponudba\" \/>\n<meta property=\"article:publisher\" content=\"https:\/\/www.facebook.com\/podsredacastle\" \/>\n<meta property=\"article:modified_time\" content=\"2026-04-29T10:59:19+00:00\" \/>\n<meta property=\"og:image\" content=\"https:\/\/castlepodsreda.com\/wp-content\/uploads\/2020\/04\/prireditve-grad-podsreda-980x650.jpg\" \/>\n\t<meta property=\"og:image:width\" content=\"980\" \/>\n\t<meta property=\"og:image:height\" content=\"650\" \/>\n\t<meta property=\"og:image:type\" content=\"image\/jpeg\" \/>\n<meta name=\"twitter:card\" content=\"summary_large_image\" \/>\n<meta name=\"twitter:label1\" content=\"Procijenjeno vrijeme \u010ditanja\" \/>\n\t<meta name=\"twitter:data1\" content=\"3 minute\" \/>\n<script type=\"application\/ld+json\" class=\"yoast-schema-graph\">{\"@context\":\"https:\/\/schema.org\",\"@graph\":[{\"@type\":\"WebPage\",\"@id\":\"https:\/\/castlepodsreda.com\/hr\/dogadaji\/\",\"url\":\"https:\/\/castlepodsreda.com\/hr\/dogadaji\/\",\"name\":\"DOGA\u0110AJI | Grad Podsreda | Sobe in apartmaji | Grajska ponudba\",\"isPartOf\":{\"@id\":\"https:\/\/castlepodsreda.com\/hr\/#website\"},\"datePublished\":\"2019-10-17T06:39:09+00:00\",\"dateModified\":\"2026-04-29T10:59:19+00:00\",\"breadcrumb\":{\"@id\":\"https:\/\/castlepodsreda.com\/hr\/dogadaji\/#breadcrumb\"},\"inLanguage\":\"hr\",\"potentialAction\":[{\"@type\":\"ReadAction\",\"target\":[\"https:\/\/castlepodsreda.com\/hr\/dogadaji\/\"]}]},{\"@type\":\"BreadcrumbList\",\"@id\":\"https:\/\/castlepodsreda.com\/hr\/dogadaji\/#breadcrumb\",\"itemListElement\":[{\"@type\":\"ListItem\",\"position\":1,\"name\":\"Home\",\"item\":\"https:\/\/castlepodsreda.com\/hr\/\"},{\"@type\":\"ListItem\",\"position\":2,\"name\":\"DOGA\u0110AJI\"}]},{\"@type\":\"WebSite\",\"@id\":\"https:\/\/castlepodsreda.com\/hr\/#website\",\"url\":\"https:\/\/castlepodsreda.com\/hr\/\",\"name\":\"Grad Podsreda | Sobe in apartmaji | Grajska ponudba\",\"description\":\"Najbolj grajski med gradovi v Sloveniji\",\"publisher\":{\"@id\":\"https:\/\/castlepodsreda.com\/hr\/#organization\"},\"potentialAction\":[{\"@type\":\"SearchAction\",\"target\":{\"@type\":\"EntryPoint\",\"urlTemplate\":\"https:\/\/castlepodsreda.com\/hr\/?s={search_term_string}\"},\"query-input\":\"required name=search_term_string\"}],\"inLanguage\":\"hr\"},{\"@type\":\"Organization\",\"@id\":\"https:\/\/castlepodsreda.com\/hr\/#organization\",\"name\":\"Grad Podsreda | Sobe in apartmaji | Grajska ponudba\",\"url\":\"https:\/\/castlepodsreda.com\/hr\/\",\"logo\":{\"@type\":\"ImageObject\",\"inLanguage\":\"hr\",\"@id\":\"https:\/\/castlepodsreda.com\/hr\/#\/schema\/logo\/image\/\",\"url\":\"https:\/\/castlepodsreda.com\/wp-content\/uploads\/2020\/04\/logo-grad-podsreda-2.jpg\",\"contentUrl\":\"https:\/\/castlepodsreda.com\/wp-content\/uploads\/2020\/04\/logo-grad-podsreda-2.jpg\",\"width\":576,\"height\":576,\"caption\":\"Grad Podsreda | Sobe in apartmaji | Grajska ponudba\"},\"image\":{\"@id\":\"https:\/\/castlepodsreda.com\/hr\/#\/schema\/logo\/image\/\"},\"sameAs\":[\"https:\/\/www.instagram.com\/podsredacastle\/\",\"https:\/\/www.facebook.com\/podsredacastle\"]}]}<\/script>\n<!-- \/ Yoast SEO plugin. -->","yoast_head_json":{"title":"DOGA\u0110AJI | Grad Podsreda | Sobe in apartmaji | Grajska ponudba","robots":{"index":"index","follow":"follow","max-snippet":"max-snippet:-1","max-image-preview":"max-image-preview:large","max-video-preview":"max-video-preview:-1"},"canonical":"https:\/\/castlepodsreda.com\/hr\/dogadaji\/","og_locale":"hr_HR","og_type":"article","og_title":"DOGA\u0110AJI | Grad Podsreda | Sobe in apartmaji | Grajska ponudba","og_description":"[vc_row][vc_column][vc_column_text][\/vc_column_text][vc_single_image image=&#8221;4089&#8243; img_size=&#8221;full&#8221; alignment=&#8221;center&#8221;][cms_heading text=&#8221;Doga\u0111aji u dvorcu Podsreda&#8221; align_lg=&#8221;align-center&#8221; align_md=&#8221;align-center-md&#8221; align_sm=&#8221;align-center-sm&#8221; align_xs=&#8221;align-center-xs&#8221; cms_template=&#8221;cms_heading&#8211;layout3.php&#8221;][vc_column_text] Dobrodo\u0161li na stranicu doga\u0111aja jedne od najbolje sa\u010duvanih 12. stolje\u0107a romani\u010dkih utvrda u Sloveniji &#8211; srednjovjekovnog dvorca Podsreda. U posljednjih 40 godina dvorac je pro\u0161ao potpunu obnovu, postaju\u0107i klju\u010dna kulturna, promotivna, obrazovna, dru\u0161tvena i turisti\u010dka destinacija. Na\u0161 srednjovjekovni dvorac ne samo da [&hellip;]","og_url":"https:\/\/castlepodsreda.com\/hr\/dogadaji\/","og_site_name":"Grad Podsreda | Sobe in apartmaji | Grajska ponudba","article_publisher":"https:\/\/www.facebook.com\/podsredacastle","article_modified_time":"2026-04-29T10:59:19+00:00","og_image":[{"width":980,"height":650,"url":"https:\/\/castlepodsreda.com\/wp-content\/uploads\/2020\/04\/prireditve-grad-podsreda-980x650.jpg","type":"image\/jpeg"}],"twitter_card":"summary_large_image","twitter_misc":{"Procijenjeno vrijeme \u010ditanja":"3 minute"},"schema":{"@context":"https:\/\/schema.org","@graph":[{"@type":"WebPage","@id":"https:\/\/castlepodsreda.com\/hr\/dogadaji\/","url":"https:\/\/castlepodsreda.com\/hr\/dogadaji\/","name":"DOGA\u0110AJI | Grad Podsreda | Sobe in apartmaji | Grajska ponudba","isPartOf":{"@id":"https:\/\/castlepodsreda.com\/hr\/#website"},"datePublished":"2019-10-17T06:39:09+00:00","dateModified":"2026-04-29T10:59:19+00:00","breadcrumb":{"@id":"https:\/\/castlepodsreda.com\/hr\/dogadaji\/#breadcrumb"},"inLanguage":"hr","potentialAction":[{"@type":"ReadAction","target":["https:\/\/castlepodsreda.com\/hr\/dogadaji\/"]}]},{"@type":"BreadcrumbList","@id":"https:\/\/castlepodsreda.com\/hr\/dogadaji\/#breadcrumb","itemListElement":[{"@type":"ListItem","position":1,"name":"Home","item":"https:\/\/castlepodsreda.com\/hr\/"},{"@type":"ListItem","position":2,"name":"DOGA\u0110AJI"}]},{"@type":"WebSite","@id":"https:\/\/castlepodsreda.com\/hr\/#website","url":"https:\/\/castlepodsreda.com\/hr\/","name":"Grad Podsreda | Sobe in apartmaji | Grajska ponudba","description":"Najbolj grajski med gradovi v Sloveniji","publisher":{"@id":"https:\/\/castlepodsreda.com\/hr\/#organization"},"potentialAction":[{"@type":"SearchAction","target":{"@type":"EntryPoint","urlTemplate":"https:\/\/castlepodsreda.com\/hr\/?s={search_term_string}"},"query-input":"required name=search_term_string"}],"inLanguage":"hr"},{"@type":"Organization","@id":"https:\/\/castlepodsreda.com\/hr\/#organization","name":"Grad Podsreda | Sobe in apartmaji | Grajska ponudba","url":"https:\/\/castlepodsreda.com\/hr\/","logo":{"@type":"ImageObject","inLanguage":"hr","@id":"https:\/\/castlepodsreda.com\/hr\/#\/schema\/logo\/image\/","url":"https:\/\/castlepodsreda.com\/wp-content\/uploads\/2020\/04\/logo-grad-podsreda-2.jpg","contentUrl":"https:\/\/castlepodsreda.com\/wp-content\/uploads\/2020\/04\/logo-grad-podsreda-2.jpg","width":576,"height":576,"caption":"Grad Podsreda | Sobe in apartmaji | Grajska ponudba"},"image":{"@id":"https:\/\/castlepodsreda.com\/hr\/#\/schema\/logo\/image\/"},"sameAs":["https:\/\/www.instagram.com\/podsredacastle\/","https:\/\/www.facebook.com\/podsredacastle"]}]}},"_links":{"self":[{"href":"https:\/\/castlepodsreda.com\/hr\/wp-json\/wp\/v2\/pages\/34435"}],"collection":[{"href":"https:\/\/castlepodsreda.com\/hr\/wp-json\/wp\/v2\/pages"}],"about":[{"href":"https:\/\/castlepodsreda.com\/hr\/wp-json\/wp\/v2\/types\/page"}],"author":[{"embeddable":true,"href":"https:\/\/castlepodsreda.com\/hr\/wp-json\/wp\/v2\/users\/2"}],"replies":[{"embeddable":true,"href":"https:\/\/castlepodsreda.com\/hr\/wp-json\/wp\/v2\/comments?post=34435"}],"version-history":[{"count":9,"href":"https:\/\/castlepodsreda.com\/hr\/wp-json\/wp\/v2\/pages\/34435\/revisions"}],"predecessor-version":[{"id":40830,"href":"https:\/\/castlepodsreda.com\/hr\/wp-json\/wp\/v2\/pages\/34435\/revisions\/40830"}],"wp:featuredmedia":[{"embeddable":true,"href":"https:\/\/castlepodsreda.com\/hr\/wp-json\/wp\/v2\/media\/26170"}],"wp:attachment":[{"href":"https:\/\/castlepodsreda.com\/hr\/wp-json\/wp\/v2\/media?parent=34435"}],"curies":[{"name":"wp","href":"https:\/\/api.w.org\/{rel}","templated":true}]}}