{"id":34439,"date":"2019-07-22T14:14:17","date_gmt":"2019-07-22T14:14:17","guid":{"rendered":"https:\/\/castlepodsreda.com\/?page_id=34439"},"modified":"2026-02-04T12:23:26","modified_gmt":"2026-02-04T12:23:26","slug":"vjencanja-u-dvorcu","status":"publish","type":"page","link":"https:\/\/castlepodsreda.com\/hr\/vjencanja-u-dvorcu\/","title":{"rendered":"VJEN\u010cANJA U DVORCU PODSREDA"},"content":{"rendered":"<p>[vc_row full_width=&#8221;stretch_row_content_no_spaces&#8221; equal_height=&#8221;yes&#8221; content_placement=&#8221;middle&#8221; css=&#8221;.vc_custom_1590787440052{padding-right: 20px !important;}&#8221;][vc_column cms_column_class=&#8221;rm-padding-xl&#8221; cms_column_z_index=&#8221;col-zindex&#8221; cms_column_remove_space=&#8221;rm-margin-xl-15px&#8221; css=&#8221;.vc_custom_1590787402863{padding-top: 0px !important;padding-right: 0px !important;padding-left: 0px !important;background: #f0f0f0 url(https:\/\/castlepodsreda.com\/wp-content\/uploads\/2020\/05\/poroka-na-gradu-podsreda-5.jpg?id=4592) !important;}&#8221; offset=&#8221;vc_col-lg-6 vc_col-md-6&#8243;][cms_space space_lg=&#8221;580&#8243; space_md=&#8221;500&#8243; space_sm=&#8221;500&#8243; space_xs=&#8221;500&#8243;][\/vc_column][vc_column parallax=&#8221;content-moving&#8221; parallax_speed_bg=&#8221;1.1&#8243; css_animation=&#8221;left-to-right&#8221; cms_column_class=&#8221;col-overlay&#8221; offset=&#8221;vc_col-lg-6 vc_col-md-6&#8243; css=&#8221;.vc_custom_1587642912557{padding-top: 0px !important;}&#8221;][cms_space space_lg=&#8221;50&#8243; space_md=&#8221;50&#8243; space_sm=&#8221;50&#8243; space_xs=&#8221;50&#8243;][cms_fancybox font_weight=&#8221;700&#8243; letter_spacing=&#8221;0.025em&#8221; icon_type=&#8221;image&#8221; button_text=&#8221;CJENIK VJEN\u010cANJA&#8221; button_link=&#8221;url:https%3A%2F%2Fcastlepodsreda.com%2Fwp-content%2Fuploads%2F2026%2F02%2FCenik-poroc%CC%8Cnih-paketov-1.pdf|title:POROKE|target:%20_blank|&#8221; bg_button_color=&#8221;#c5a46d&#8221; padding_t=&#8221;90&#8243; padding_r=&#8221;120&#8243; padding_b=&#8221;105&#8243; padding_l=&#8221;70&#8243; margin_r=&#8221;-123&#8243; bg_box_color=&#8221;#ffffff&#8221; margin=&#8221;0px -100px 0 0&#8243; margin_box_l=&#8221;&#8221; margin_box_r=&#8221;&#8221; margin_box=&#8221;&#8221; cms_template=&#8221;cms_fancybox&#8211;layout4.php&#8221; title=&#8221;In Pursuit of Good Health&#8221; fcb_description=&#8221;Dvorac Podsreda je popularno mjesto za izmjenu vjen\u010danih zavjeta, nude\u0107i jedinstvenu, luksuznu i bajkovitu atmosferu za va\u0161 poseban dan. Prekrasna srednjovjekovna dvorana Dvorca Podsreda nalazi se u zelenoj oazi regionalnog parka i uklju\u010duje imanje sa \u0161est luksuznih apartmana i soba.<br \/>\nDvorac Podsreda nudi nezaboravno iskustvo za one koji tra\u017ee ekskluzivnu lokaciju za intimna slavlja, dok na\u0161e dvorane i atriji mogu primiti i rasko\u0161na vjen\u010danja do 100 gostiju sa svim jedinstvenim karakteristikama koje samo dvorac iz 12. stolje\u0107a mo\u017ee ponuditi. Vjen\u010danja i prijemi u na\u0161em dvorcu mogu se odr\u017eati na otvorenom, u dvori\u0161tu dvorca pod mo\u0107nim kestenima, u centralnom dvornom atriju ili u prekrasnoj renesansnoj dvorani, na\u0161em slu\u017ebenom vjen\u010danom prostoru.<br \/>\n\u2063<br \/>\nKakav god bio va\u0161 vjen\u010dani stil, neosporno je da je razmi\u0161ljanje o izmjeni zavjeta s va\u0161im odabranikom u Dvorskoj vjen\u010danoj dvorani ili srednjovjekovnom atriju, uz glazbu po va\u0161em izboru, vrlo posebno iskustvo.<br \/>\n\u2063<br \/>\nStoga se osje\u0107ajte dodatno &#8220;kraljevski&#8220; na svoj dan vjen\u010danja s vjen\u010danjem u Dvorcu Podsreda. Na\u0161 naj\u010de\u0161\u0107i dan vjen\u010danja sastoji se od prijema u dvori\u0161tu dvorca, vjen\u010dane ceremonije u renesansnoj dvorani i prijema u atriju. Me\u0111utim, budu\u0107i da razumijemo da je ovo va\u0161 poseban dan, uvijek smo spremni udovoljiti va\u0161im \u017eeljama.&#8221; title_font_size=&#8221;45&#8243; el_title=&#8221;\u010cestitamo na zarukama!&#8221; animation=&#8221;slideInLeft&#8221;][cms_space space_lg=&#8221;50&#8243; space_md=&#8221;50&#8243; space_sm=&#8221;50&#8243; space_xs=&#8221;50&#8243;][\/vc_column][\/vc_row][vc_row content_placement=&#8221;middle&#8221; css=&#8221;.vc_custom_1588692695404{padding-top: 80px !important;padding-bottom: 80px !important;}&#8221;][vc_column][vc_single_image image=&#8221;4089&#8243; img_size=&#8221;full&#8221; alignment=&#8221;center&#8221;][cms_heading text=&#8221;Vjen\u010dani prostori&#8221; align_lg=&#8221;align-center&#8221; align_md=&#8221;align-center-md&#8221; align_sm=&#8221;align-center-sm&#8221; align_xs=&#8221;align-center-xs&#8221; line_display=&#8221;hidden-line&#8221; cms_template=&#8221;cms_heading.php&#8221;][\/vc_column][\/vc_row][vc_row css=&#8221;.vc_custom_1588695185266{padding-top: 30px !important;padding-bottom: 0px !important;}&#8221;][vc_column width=&#8221;1\/2&#8243;][cms_space space_lg=&#8221;40&#8243; space_md=&#8221;20&#8243; space_sm=&#8221;20&#8243;][cms_fancybox des_letter_spacing=&#8221;0.02em&#8221; des_margin_bottom=&#8221;22&#8243; icon_type=&#8221;image&#8221; cms_template=&#8221;cms_fancybox&#8211;layout3.php&#8221; title=&#8221;Health and Physique&#8221; description=&#8221;Lorem ipsum dolor sit amet, consectetur adipiscing elit. Integer vel accumsan arcu, ac ultrices mauris. Proin eget consequat neque.&#8221; fcb_description=&#8221;Renesansna dvorana nalazi se na drugom katu dvorca i obuhva\u0107a povr\u0161inu od gotovo 100 \u010detvornih metara &#8211; to je najslavnija dvorana u dvorcu. U dvorani se mogu vidjeti otisci donirani dvorcu od strane Kurta M\u00fcllera, koji predstavljaju odje\u0107u i namje\u0161taj iz srednjeg vijeka. Dvorana je slu\u017ebeni prostor za vjen\u010danja.<br \/>\n\u2063<br \/>\nKAPACITET SJEDALA: 100<br \/>\nPIJANINO: da&#8221; el_title=&#8221;Renesansna dvorana&#8221;][\/vc_column][vc_column width=&#8221;1\/2&#8243;][vc_single_image image=&#8221;4309&#8243; img_size=&#8221;full&#8221; css_animation=&#8221;slideInLeft&#8221;][\/vc_column][\/vc_row][vc_row css=&#8221;.vc_custom_1588695193822{padding-top: 80px !important;padding-bottom: 0px !important;}&#8221;][vc_column width=&#8221;1\/2&#8243;][cms_space space_lg=&#8221;40&#8243; space_md=&#8221;20&#8243; space_sm=&#8221;20&#8243;][cms_fancybox icon_type=&#8221;image&#8221; job_color=&#8221;&#8221; cms_template=&#8221;cms_fancybox&#8211;layout3.php&#8221; title=&#8221;Open All Day, Every Day&#8221; description=&#8221;Lorem ipsum dolor sit amet, consectetur adipiscing elit. Integer vel accumsan arcu, ac ultrices mauris. Proin eget consequat neque.&#8221; job_title=&#8221;&#8221; job_font_size=&#8221;&#8221; fcb_description=&#8221;Najstariji dio dvorca, sjeverni palas, izgra\u0111en oko 1150. godine, nekada je bio stambeni prostor vlasnika. Od 2008. godine u tim prostorijama se nalazi stalna izlo\u017eba slika akademskog slikara Franca Slane. Radovi u tehnici ulja na platnu iz razli\u010ditih razdoblja umjetnikove karijere ukra\u0161avaju pet soba s razli\u010ditim temama.<br \/>\n\u2063<br \/>\nBROJ SJEDALA: 30<br \/>\nPIJANINO: ne&#8221; el_title=&#8221;Sjeverni palas&#8221;][\/vc_column][vc_column width=&#8221;1\/2&#8243;][vc_single_image image=&#8221;4307&#8243; img_size=&#8221;full&#8221; css_animation=&#8221;slideInLeft&#8221;][\/vc_column][\/vc_row][vc_row][vc_column][cms_gallery_images custom_source=&#8221;true&#8221; col_xs=&#8221;1&#8243; col_sm=&#8221;2&#8243; col_md=&#8221;3&#8243; col_lg=&#8221;4&#8243; custom_column=&#8221;false&#8221; source=&#8221;severni-palacij|gallerie-category&#8221;][\/vc_column][\/vc_row][vc_row css=&#8221;.vc_custom_1588695203448{padding-top: 80px !important;padding-bottom: 0px !important;}&#8221;][vc_column width=&#8221;1\/2&#8243;][cms_space space_lg=&#8221;40&#8243; space_md=&#8221;20&#8243; space_sm=&#8221;20&#8243;][cms_fancybox icon_type=&#8221;image&#8221; job_color=&#8221;&#8221; cms_template=&#8221;cms_fancybox&#8211;layout3.php&#8221; title=&#8221;Open All Day, Every Day&#8221; description=&#8221;Lorem ipsum dolor sit amet, consectetur adipiscing elit. Integer vel accumsan arcu, ac ultrices mauris. Proin eget consequat neque.&#8221; job_title=&#8221;&#8221; job_font_size=&#8221;&#8221; fcb_description=&#8221;Atrij dvorca Podsreda popularno je mjesto za vjen\u010danja u toplim danima, a mi ga mo\u017eemo urediti prema va\u0161im \u017eeljama (vjen\u010dani stol i masivne stolice za mladenku i mlado\u017eenju te svjedoke, zastave, itd.) te drvene stolice za oko 80 gostiju.<\/p>\n<p>BROJ SJEDALA: 80<br \/>\nPIJANINO: da&#8221; el_title=&#8221;Atrij&#8221;][\/vc_column][vc_column width=&#8221;1\/2&#8243;][vc_single_image image=&#8221;4057&#8243; img_size=&#8221;full&#8221; css_animation=&#8221;slideInLeft&#8221;][\/vc_column][\/vc_row][vc_row][vc_column][cms_gallery_images custom_source=&#8221;true&#8221; col_xs=&#8221;1&#8243; col_sm=&#8221;2&#8243; col_md=&#8221;3&#8243; col_lg=&#8221;4&#8243; custom_column=&#8221;false&#8221; source=&#8221;atrij|gallerie-category&#8221;][\/vc_column][\/vc_row][vc_row css=&#8221;.vc_custom_1588695208870{padding-top: 80px !important;padding-bottom: 0px !important;}&#8221;][vc_column width=&#8221;1\/2&#8243;][cms_space space_lg=&#8221;40&#8243; space_md=&#8221;20&#8243; space_sm=&#8221;20&#8243;][cms_fancybox icon_type=&#8221;image&#8221; job_color=&#8221;&#8221; cms_template=&#8221;cms_fancybox&#8211;layout3.php&#8221; title=&#8221;Open All Day, Every Day&#8221; description=&#8221;Lorem ipsum dolor sit amet, consectetur adipiscing elit. Integer vel accumsan arcu, ac ultrices mauris. Proin eget consequat neque.&#8221; job_title=&#8221;&#8221; job_font_size=&#8221;&#8221; fcb_description=&#8221;Vanjsko dvori\u0161te ispred dvorca Podsreda pru\u017ea jedinstven pogled na ulaz u dvorac s obrambenim tornjem koji se uzdi\u017ee iznad njega, kao i pogled na okolne \u0161ume i pejza\u017e doline, a njegova veli\u010dina \u010dini ga savr\u0161enim izborom za velike vjen\u010dane sve\u010danosti.<\/p>\n<p>KAPACITET SJEDALA: 500<br \/>\nPIJANINO: prema dogovoru&#8221; el_title=&#8221;Vanjsko dvori\u0161te&#8221;][\/vc_column][vc_column width=&#8221;1\/2&#8243;][vc_single_image image=&#8221;4313&#8243; img_size=&#8221;full&#8221; css_animation=&#8221;slideInLeft&#8221;][\/vc_column][\/vc_row][vc_row css=&#8221;.vc_custom_1588695416617{padding-bottom: 80px !important;}&#8221;][vc_column][cms_gallery_images custom_source=&#8221;true&#8221; col_xs=&#8221;1&#8243; col_sm=&#8221;2&#8243; col_md=&#8221;3&#8243; col_lg=&#8221;4&#8243; custom_column=&#8221;false&#8221; source=&#8221;zunanji-prostori|gallerie-category&#8221;][\/vc_column][\/vc_row][vc_row css=&#8221;.vc_custom_1588691098634{padding-top: 60px !important;padding-bottom: 60px !important;}&#8221;][vc_column width=&#8221;1\/6&#8243;][\/vc_column][vc_column width=&#8221;2\/3&#8243; css=&#8221;.vc_custom_1588691070625{padding-bottom: 60px !important;background-color: #c5a46d !important;}&#8221;][cms_heading align_lg=&#8221;align-center&#8221; align_md=&#8221;align-center-md&#8221; align_sm=&#8221;align-center-sm&#8221; align_xs=&#8221;align-center-xs&#8221; description=&#8221;Za vi\u0161e informacija ili rezervaciju obratite nam se:<br \/>\nUprava Kozjanskog parka u Podsredi: +386 (0)3 800 7100<br \/>\nE: kozjanski-park@kp.gov.si&#8221; description_color=&#8221;#ffffff&#8221; cms_template=&#8221;cms_heading&#8211;layout3.php&#8221;][\/vc_column][vc_column width=&#8221;1\/6&#8243;][\/vc_column][\/vc_row]<\/p>\n","protected":false},"excerpt":{"rendered":"<p>[vc_row full_width=&#8221;stretch_row_content_no_spaces&#8221; equal_height=&#8221;yes&#8221; content_placement=&#8221;middle&#8221; css=&#8221;.vc_custom_1590787440052{padding-right: 20px !important;}&#8221;][vc_column cms_column_class=&#8221;rm-padding-xl&#8221; cms_column_z_index=&#8221;col-zindex&#8221; cms_column_remove_space=&#8221;rm-margin-xl-15px&#8221; css=&#8221;.vc_custom_1590787402863{padding-top: 0px !important;padding-right: 0px !important;padding-left: 0px !important;background: #f0f0f0 url(https:\/\/castlepodsreda.com\/wp-content\/uploads\/2020\/05\/poroka-na-gradu-podsreda-5.jpg?id=4592) !important;}&#8221; offset=&#8221;vc_col-lg-6 vc_col-md-6&#8243;][cms_space space_lg=&#8221;580&#8243; space_md=&#8221;500&#8243; space_sm=&#8221;500&#8243; space_xs=&#8221;500&#8243;][\/vc_column][vc_column parallax=&#8221;content-moving&#8221; parallax_speed_bg=&#8221;1.1&#8243; css_animation=&#8221;left-to-right&#8221; cms_column_class=&#8221;col-overlay&#8221; offset=&#8221;vc_col-lg-6 vc_col-md-6&#8243; css=&#8221;.vc_custom_1587642912557{padding-top: 0px !important;}&#8221;][cms_space space_lg=&#8221;50&#8243; space_md=&#8221;50&#8243; space_sm=&#8221;50&#8243; space_xs=&#8221;50&#8243;][cms_fancybox font_weight=&#8221;700&#8243; letter_spacing=&#8221;0.025em&#8221; icon_type=&#8221;image&#8221; button_text=&#8221;CJENIK VJEN\u010cANJA&#8221; button_link=&#8221;url:https%3A%2F%2Fcastlepodsreda.com%2Fwp-content%2Fuploads%2F2026%2F02%2FCenik-poroc%CC%8Cnih-paketov-1.pdf|title:POROKE|target:%20_blank|&#8221; bg_button_color=&#8221;#c5a46d&#8221; padding_t=&#8221;90&#8243; padding_r=&#8221;120&#8243; padding_b=&#8221;105&#8243; padding_l=&#8221;70&#8243; margin_r=&#8221;-123&#8243; bg_box_color=&#8221;#ffffff&#8221; margin=&#8221;0px -100px 0 [&hellip;]<\/p>\n","protected":false},"author":2,"featured_media":26313,"parent":0,"menu_order":0,"comment_status":"closed","ping_status":"closed","template":"","meta":[],"yoast_head":"<!-- This site is optimized with the Yoast SEO plugin v19.14 - https:\/\/yoast.com\/wordpress\/plugins\/seo\/ -->\n<title>VJEN\u010cANJA U DVORCU PODSREDA | Grad Podsreda | Sobe in apartmaji | Grajska ponudba<\/title>\n<meta name=\"robots\" content=\"index, follow, max-snippet:-1, max-image-preview:large, max-video-preview:-1\" \/>\n<link rel=\"canonical\" href=\"https:\/\/castlepodsreda.com\/hr\/vjencanja-u-dvorcu\/\" \/>\n<meta property=\"og:locale\" content=\"hr_HR\" \/>\n<meta property=\"og:type\" content=\"article\" \/>\n<meta property=\"og:title\" content=\"VJEN\u010cANJA U DVORCU PODSREDA | Grad Podsreda | Sobe in apartmaji | Grajska ponudba\" \/>\n<meta property=\"og:description\" content=\"[vc_row full_width=&#8221;stretch_row_content_no_spaces&#8221; equal_height=&#8221;yes&#8221; content_placement=&#8221;middle&#8221; css=&#8221;.vc_custom_1590787440052{padding-right: 20px !important;}&#8221;][vc_column cms_column_class=&#8221;rm-padding-xl&#8221; cms_column_z_index=&#8221;col-zindex&#8221; cms_column_remove_space=&#8221;rm-margin-xl-15px&#8221; css=&#8221;.vc_custom_1590787402863{padding-top: 0px !important;padding-right: 0px !important;padding-left: 0px !important;background: #f0f0f0 url(https:\/\/castlepodsreda.com\/wp-content\/uploads\/2020\/05\/poroka-na-gradu-podsreda-5.jpg?id=4592) !important;}&#8221; offset=&#8221;vc_col-lg-6 vc_col-md-6&#8243;][cms_space space_lg=&#8221;580&#8243; space_md=&#8221;500&#8243; space_sm=&#8221;500&#8243; space_xs=&#8221;500&#8243;][\/vc_column][vc_column parallax=&#8221;content-moving&#8221; parallax_speed_bg=&#8221;1.1&#8243; css_animation=&#8221;left-to-right&#8221; cms_column_class=&#8221;col-overlay&#8221; offset=&#8221;vc_col-lg-6 vc_col-md-6&#8243; css=&#8221;.vc_custom_1587642912557{padding-top: 0px !important;}&#8221;][cms_space space_lg=&#8221;50&#8243; space_md=&#8221;50&#8243; space_sm=&#8221;50&#8243; space_xs=&#8221;50&#8243;][cms_fancybox font_weight=&#8221;700&#8243; letter_spacing=&#8221;0.025em&#8221; icon_type=&#8221;image&#8221; button_text=&#8221;CJENIK VJEN\u010cANJA&#8221; button_link=&#8221;url:https%3A%2F%2Fcastlepodsreda.com%2Fwp-content%2Fuploads%2F2026%2F02%2FCenik-poroc%CC%8Cnih-paketov-1.pdf|title:POROKE|target:%20_blank|&#8221; bg_button_color=&#8221;#c5a46d&#8221; padding_t=&#8221;90&#8243; padding_r=&#8221;120&#8243; padding_b=&#8221;105&#8243; padding_l=&#8221;70&#8243; margin_r=&#8221;-123&#8243; bg_box_color=&#8221;#ffffff&#8221; margin=&#8221;0px -100px 0 [&hellip;]\" \/>\n<meta property=\"og:url\" content=\"https:\/\/castlepodsreda.com\/hr\/vjencanja-u-dvorcu\/\" \/>\n<meta property=\"og:site_name\" content=\"Grad Podsreda | Sobe in apartmaji | Grajska ponudba\" \/>\n<meta property=\"article:publisher\" content=\"https:\/\/www.facebook.com\/podsredacastle\" \/>\n<meta property=\"article:modified_time\" content=\"2026-02-04T12:23:26+00:00\" \/>\n<meta property=\"og:image\" content=\"https:\/\/castlepodsreda.com\/wp-content\/uploads\/2020\/05\/poroka-na-grad-podsreda.jpg\" \/>\n\t<meta property=\"og:image:width\" content=\"1900\" \/>\n\t<meta property=\"og:image:height\" content=\"1268\" \/>\n\t<meta property=\"og:image:type\" content=\"image\/jpeg\" \/>\n<meta name=\"twitter:card\" content=\"summary_large_image\" \/>\n<meta name=\"twitter:label1\" content=\"Procijenjeno vrijeme \u010ditanja\" \/>\n\t<meta name=\"twitter:data1\" content=\"4 minute\" \/>\n<script type=\"application\/ld+json\" class=\"yoast-schema-graph\">{\"@context\":\"https:\/\/schema.org\",\"@graph\":[{\"@type\":\"WebPage\",\"@id\":\"https:\/\/castlepodsreda.com\/hr\/vjencanja-u-dvorcu\/\",\"url\":\"https:\/\/castlepodsreda.com\/hr\/vjencanja-u-dvorcu\/\",\"name\":\"VJEN\u010cANJA U DVORCU PODSREDA | Grad Podsreda | Sobe in apartmaji | Grajska ponudba\",\"isPartOf\":{\"@id\":\"https:\/\/castlepodsreda.com\/hr\/#website\"},\"datePublished\":\"2019-07-22T14:14:17+00:00\",\"dateModified\":\"2026-02-04T12:23:26+00:00\",\"breadcrumb\":{\"@id\":\"https:\/\/castlepodsreda.com\/hr\/vjencanja-u-dvorcu\/#breadcrumb\"},\"inLanguage\":\"hr\",\"potentialAction\":[{\"@type\":\"ReadAction\",\"target\":[\"https:\/\/castlepodsreda.com\/hr\/vjencanja-u-dvorcu\/\"]}]},{\"@type\":\"BreadcrumbList\",\"@id\":\"https:\/\/castlepodsreda.com\/hr\/vjencanja-u-dvorcu\/#breadcrumb\",\"itemListElement\":[{\"@type\":\"ListItem\",\"position\":1,\"name\":\"Home\",\"item\":\"https:\/\/castlepodsreda.com\/hr\/\"},{\"@type\":\"ListItem\",\"position\":2,\"name\":\"VJEN\u010cANJA U DVORCU PODSREDA\"}]},{\"@type\":\"WebSite\",\"@id\":\"https:\/\/castlepodsreda.com\/hr\/#website\",\"url\":\"https:\/\/castlepodsreda.com\/hr\/\",\"name\":\"Grad Podsreda | Sobe in apartmaji | Grajska ponudba\",\"description\":\"Najbolj grajski med gradovi v Sloveniji\",\"publisher\":{\"@id\":\"https:\/\/castlepodsreda.com\/hr\/#organization\"},\"potentialAction\":[{\"@type\":\"SearchAction\",\"target\":{\"@type\":\"EntryPoint\",\"urlTemplate\":\"https:\/\/castlepodsreda.com\/hr\/?s={search_term_string}\"},\"query-input\":\"required name=search_term_string\"}],\"inLanguage\":\"hr\"},{\"@type\":\"Organization\",\"@id\":\"https:\/\/castlepodsreda.com\/hr\/#organization\",\"name\":\"Grad Podsreda | Sobe in apartmaji | Grajska ponudba\",\"url\":\"https:\/\/castlepodsreda.com\/hr\/\",\"logo\":{\"@type\":\"ImageObject\",\"inLanguage\":\"hr\",\"@id\":\"https:\/\/castlepodsreda.com\/hr\/#\/schema\/logo\/image\/\",\"url\":\"https:\/\/castlepodsreda.com\/wp-content\/uploads\/2020\/04\/logo-grad-podsreda-2.jpg\",\"contentUrl\":\"https:\/\/castlepodsreda.com\/wp-content\/uploads\/2020\/04\/logo-grad-podsreda-2.jpg\",\"width\":576,\"height\":576,\"caption\":\"Grad Podsreda | Sobe in apartmaji | Grajska ponudba\"},\"image\":{\"@id\":\"https:\/\/castlepodsreda.com\/hr\/#\/schema\/logo\/image\/\"},\"sameAs\":[\"https:\/\/www.instagram.com\/podsredacastle\/\",\"https:\/\/www.facebook.com\/podsredacastle\"]}]}<\/script>\n<!-- \/ Yoast SEO plugin. -->","yoast_head_json":{"title":"VJEN\u010cANJA U DVORCU PODSREDA | Grad Podsreda | Sobe in apartmaji | Grajska ponudba","robots":{"index":"index","follow":"follow","max-snippet":"max-snippet:-1","max-image-preview":"max-image-preview:large","max-video-preview":"max-video-preview:-1"},"canonical":"https:\/\/castlepodsreda.com\/hr\/vjencanja-u-dvorcu\/","og_locale":"hr_HR","og_type":"article","og_title":"VJEN\u010cANJA U DVORCU PODSREDA | Grad Podsreda | Sobe in apartmaji | Grajska ponudba","og_description":"[vc_row full_width=&#8221;stretch_row_content_no_spaces&#8221; equal_height=&#8221;yes&#8221; content_placement=&#8221;middle&#8221; css=&#8221;.vc_custom_1590787440052{padding-right: 20px !important;}&#8221;][vc_column cms_column_class=&#8221;rm-padding-xl&#8221; cms_column_z_index=&#8221;col-zindex&#8221; cms_column_remove_space=&#8221;rm-margin-xl-15px&#8221; css=&#8221;.vc_custom_1590787402863{padding-top: 0px !important;padding-right: 0px !important;padding-left: 0px !important;background: #f0f0f0 url(https:\/\/castlepodsreda.com\/wp-content\/uploads\/2020\/05\/poroka-na-gradu-podsreda-5.jpg?id=4592) !important;}&#8221; offset=&#8221;vc_col-lg-6 vc_col-md-6&#8243;][cms_space space_lg=&#8221;580&#8243; space_md=&#8221;500&#8243; space_sm=&#8221;500&#8243; space_xs=&#8221;500&#8243;][\/vc_column][vc_column parallax=&#8221;content-moving&#8221; parallax_speed_bg=&#8221;1.1&#8243; css_animation=&#8221;left-to-right&#8221; cms_column_class=&#8221;col-overlay&#8221; offset=&#8221;vc_col-lg-6 vc_col-md-6&#8243; css=&#8221;.vc_custom_1587642912557{padding-top: 0px !important;}&#8221;][cms_space space_lg=&#8221;50&#8243; space_md=&#8221;50&#8243; space_sm=&#8221;50&#8243; space_xs=&#8221;50&#8243;][cms_fancybox font_weight=&#8221;700&#8243; letter_spacing=&#8221;0.025em&#8221; icon_type=&#8221;image&#8221; button_text=&#8221;CJENIK VJEN\u010cANJA&#8221; button_link=&#8221;url:https%3A%2F%2Fcastlepodsreda.com%2Fwp-content%2Fuploads%2F2026%2F02%2FCenik-poroc%CC%8Cnih-paketov-1.pdf|title:POROKE|target:%20_blank|&#8221; bg_button_color=&#8221;#c5a46d&#8221; padding_t=&#8221;90&#8243; padding_r=&#8221;120&#8243; padding_b=&#8221;105&#8243; padding_l=&#8221;70&#8243; margin_r=&#8221;-123&#8243; bg_box_color=&#8221;#ffffff&#8221; margin=&#8221;0px -100px 0 [&hellip;]","og_url":"https:\/\/castlepodsreda.com\/hr\/vjencanja-u-dvorcu\/","og_site_name":"Grad Podsreda | Sobe in apartmaji | Grajska ponudba","article_publisher":"https:\/\/www.facebook.com\/podsredacastle","article_modified_time":"2026-02-04T12:23:26+00:00","og_image":[{"width":1900,"height":1268,"url":"https:\/\/castlepodsreda.com\/wp-content\/uploads\/2020\/05\/poroka-na-grad-podsreda.jpg","type":"image\/jpeg"}],"twitter_card":"summary_large_image","twitter_misc":{"Procijenjeno vrijeme \u010ditanja":"4 minute"},"schema":{"@context":"https:\/\/schema.org","@graph":[{"@type":"WebPage","@id":"https:\/\/castlepodsreda.com\/hr\/vjencanja-u-dvorcu\/","url":"https:\/\/castlepodsreda.com\/hr\/vjencanja-u-dvorcu\/","name":"VJEN\u010cANJA U DVORCU PODSREDA | Grad Podsreda | Sobe in apartmaji | Grajska ponudba","isPartOf":{"@id":"https:\/\/castlepodsreda.com\/hr\/#website"},"datePublished":"2019-07-22T14:14:17+00:00","dateModified":"2026-02-04T12:23:26+00:00","breadcrumb":{"@id":"https:\/\/castlepodsreda.com\/hr\/vjencanja-u-dvorcu\/#breadcrumb"},"inLanguage":"hr","potentialAction":[{"@type":"ReadAction","target":["https:\/\/castlepodsreda.com\/hr\/vjencanja-u-dvorcu\/"]}]},{"@type":"BreadcrumbList","@id":"https:\/\/castlepodsreda.com\/hr\/vjencanja-u-dvorcu\/#breadcrumb","itemListElement":[{"@type":"ListItem","position":1,"name":"Home","item":"https:\/\/castlepodsreda.com\/hr\/"},{"@type":"ListItem","position":2,"name":"VJEN\u010cANJA U DVORCU PODSREDA"}]},{"@type":"WebSite","@id":"https:\/\/castlepodsreda.com\/hr\/#website","url":"https:\/\/castlepodsreda.com\/hr\/","name":"Grad Podsreda | Sobe in apartmaji | Grajska ponudba","description":"Najbolj grajski med gradovi v Sloveniji","publisher":{"@id":"https:\/\/castlepodsreda.com\/hr\/#organization"},"potentialAction":[{"@type":"SearchAction","target":{"@type":"EntryPoint","urlTemplate":"https:\/\/castlepodsreda.com\/hr\/?s={search_term_string}"},"query-input":"required name=search_term_string"}],"inLanguage":"hr"},{"@type":"Organization","@id":"https:\/\/castlepodsreda.com\/hr\/#organization","name":"Grad Podsreda | Sobe in apartmaji | Grajska ponudba","url":"https:\/\/castlepodsreda.com\/hr\/","logo":{"@type":"ImageObject","inLanguage":"hr","@id":"https:\/\/castlepodsreda.com\/hr\/#\/schema\/logo\/image\/","url":"https:\/\/castlepodsreda.com\/wp-content\/uploads\/2020\/04\/logo-grad-podsreda-2.jpg","contentUrl":"https:\/\/castlepodsreda.com\/wp-content\/uploads\/2020\/04\/logo-grad-podsreda-2.jpg","width":576,"height":576,"caption":"Grad Podsreda | Sobe in apartmaji | Grajska ponudba"},"image":{"@id":"https:\/\/castlepodsreda.com\/hr\/#\/schema\/logo\/image\/"},"sameAs":["https:\/\/www.instagram.com\/podsredacastle\/","https:\/\/www.facebook.com\/podsredacastle"]}]}},"_links":{"self":[{"href":"https:\/\/castlepodsreda.com\/hr\/wp-json\/wp\/v2\/pages\/34439"}],"collection":[{"href":"https:\/\/castlepodsreda.com\/hr\/wp-json\/wp\/v2\/pages"}],"about":[{"href":"https:\/\/castlepodsreda.com\/hr\/wp-json\/wp\/v2\/types\/page"}],"author":[{"embeddable":true,"href":"https:\/\/castlepodsreda.com\/hr\/wp-json\/wp\/v2\/users\/2"}],"replies":[{"embeddable":true,"href":"https:\/\/castlepodsreda.com\/hr\/wp-json\/wp\/v2\/comments?post=34439"}],"version-history":[{"count":6,"href":"https:\/\/castlepodsreda.com\/hr\/wp-json\/wp\/v2\/pages\/34439\/revisions"}],"predecessor-version":[{"id":40294,"href":"https:\/\/castlepodsreda.com\/hr\/wp-json\/wp\/v2\/pages\/34439\/revisions\/40294"}],"wp:featuredmedia":[{"embeddable":true,"href":"https:\/\/castlepodsreda.com\/hr\/wp-json\/wp\/v2\/media\/26313"}],"wp:attachment":[{"href":"https:\/\/castlepodsreda.com\/hr\/wp-json\/wp\/v2\/media?parent=34439"}],"curies":[{"name":"wp","href":"https:\/\/api.w.org\/{rel}","templated":true}]}}