{"id":34450,"date":"2020-12-06T13:42:04","date_gmt":"2020-12-06T13:42:04","guid":{"rendered":"https:\/\/castlepodsreda.com\/?page_id=34450"},"modified":"2024-03-13T13:30:33","modified_gmt":"2024-03-13T13:30:33","slug":"bonovi-za-poklon","status":"publish","type":"page","link":"https:\/\/castlepodsreda.com\/hr\/bonovi-za-poklon\/","title":{"rendered":"BONOVI ZA POKLON"},"content":{"rendered":"<p>[vc_row][vc_column][cms_heading text=&#8221;Poklonite BON ZA DO\u017dIVLJAJ<br \/>\nu DVORCU PODSREDA&#8221; align_lg=&#8221;align-center&#8221; align_md=&#8221;align-center-md&#8221; align_sm=&#8221;align-center-sm&#8221; align_xs=&#8221;align-center-xs&#8221; description=&#8221;Uspomene koje poklanjate ne\u0107e skupljati pra\u0161inu na polici, ve\u0107 \u0107e zauvijek ostati s vama. Kada je rije\u010d o idejama za poklone, svi cijenimo originalnost i inovacije. Za\u0161to svojim voljenima ne biste dali ne\u0161to druga\u010dije &#8211; pru\u017eite im NEZABAVNO ISKUSTVO DVORCA U DVORCU PODREDA.&#8221; cms_template=&#8221;cms_heading&#8211;layout3.php&#8221; sub_title=&#8221;Nema boljeg poklona od pa\u017eljivo i promi\u0161ljeno odabranog do\u017eivljaja!&#8221;][cms_space space_lg=&#8221;40&#8243; space_md=&#8221;40&#8243; space_sm=&#8221;20&#8243; space_xs=&#8221;20&#8243;][vc_single_image image=&#8221;7843&#8243; img_size=&#8221;full&#8221; alignment=&#8221;center&#8221;][vc_single_image image=&#8221;4089&#8243; img_size=&#8221;large&#8221; alignment=&#8221;center&#8221;][cms_space space_lg=&#8221;80&#8243; space_md=&#8221;58&#8243; space_sm=&#8221;20&#8243; space_xs=&#8221;20&#8243;][\/vc_column][\/vc_row][vc_row][vc_column][cms_heading text=&#8221;Boni za obitelji&#8221; align_lg=&#8221;align-center&#8221; align_md=&#8221;align-center-md&#8221; align_sm=&#8221;align-center-sm&#8221; align_xs=&#8221;align-center-xs&#8221; cms_template=&#8221;cms_heading&#8211;layout3.php&#8221;][cms_space space_lg=&#8221;80&#8243; space_md=&#8221;58&#8243; space_sm=&#8221;20&#8243; space_xs=&#8221;20&#8243;][\/vc_column][\/vc_row][vc_row][vc_column width=&#8221;1\/2&#8243;][cms_heading text=&#8221;Pustolovina lova na blago uz razgled dvorca&#8221; tag=&#8221;h4&#8243; cms_template=&#8221;cms_heading&#8211;layout3.php&#8221; sub_title=&#8221;Audio-vodstvo kroz dvorac Podsreda i pustolovina lova na blago u dvorcu Podsreda.&#8221;][vc_column_text]Osim atrakcija dvorca Podsreda, koji sadr\u017ei mnoge uzbudljive izlo\u017ebe i povijesne prostorije, na\u0161 srednjovjekovni div poziva vas da sudjelujete u zabavnoj pustolovini dvorca &#8211; Pustolovina lova na blago dvorca Podsreda, pogodna za cijelu obitelj, koja \u0107e sigurno u\u017eivati istra\u017euju\u0107i tajne kutke dvorca.<\/p>\n<p><strong>Cijena za 2 odrasle osobe i 1 dijete: 29,00 \u20ac<\/strong><br \/>\n<strong>Cijena za 2 odrasle osobe i 2 djece: 42,00 \u20ac<\/strong><\/p>\n<p>Bon uklju\u010duje:<\/p>\n<ul>\n<li>Audio-vodstvo kroz dvorac Podsreda;<\/li>\n<li>Sudjelovanje u pustolovini lova na blago u dvorcu Podsreda za cijelu obitelj s lijepom nagradom.<\/li>\n<\/ul>\n<p>[\/vc_column_text][\/vc_column][vc_column width=&#8221;1\/2&#8243;][vc_single_image image=&#8221;5415&#8243; img_size=&#8221;full&#8221;][\/vc_column][\/vc_row][vc_row][vc_column width=&#8221;1\/2&#8243;][cms_space space_lg=&#8221;40&#8243; space_md=&#8221;40&#8243; space_sm=&#8221;20&#8243; space_xs=&#8221;20&#8243;][vc_single_image image=&#8221;5451&#8243; img_size=&#8221;full&#8221;][vc_single_image image=&#8221;5419&#8243; img_size=&#8221;full&#8221;][\/vc_column][vc_column width=&#8221;1\/2&#8243;][cms_heading text=&#8221;Obiteljska dvorska pustolovina&#8221; tag=&#8221;h4&#8243; cms_template=&#8221;cms_heading&#8211;layout3.php&#8221; sub_title=&#8221;Pustolovina lova na blago uz dvorske hladne rezance u dvorcu&#8221;][vc_column_text]Podsreda Obiteljska avantura koja \u0107e sigurno biti nezaboravno iskustvo za va\u0161u obitelj ili obitelj va\u0161ih prijatelja zapo\u010det \u0107e \u201cu kraljevskom stilu\u201d u dvorcu Podsreda, gdje vas vitez poziva na obiteljsku pustolovinu lova na blago u dvorcu Podsreda. Kada uspje\u0161no rije\u0161ite sve zagonetke, zahvalno kraljevstvo \u0107e vas nagraditi! Zabava je zagarantirana, a nagrada je lijepa i ukusna.<\/p>\n<p>Nakon punog istra\u017eivanja dvorca, bit \u0107ete \u017eedni za dobrim dvorskim obrokom i pi\u0107em, pa \u0107emo vam poslu\u017eiti dvorski obrok koji \u0107e vas vratiti u pro\u0161le dane dvorskih gospodara. Gozba se sastoji od autenti\u010dnih lokalnih delicija pripremljenih na obli\u017enjoj farmi Kunej i prirodnog jabu\u010dnog soka napravljenog od kozjanskih jabuka iz vo\u0107njaka Parka prirode Kozjansko.<\/p>\n<p>&nbsp;<\/p>\n<p><strong>Cijena poklon bona za 2 odrasle osobe i 1 dijete: 76,00 \u20ac<\/strong><\/p>\n<p><strong>Nadoplata po svakom dodatnom djetetu: 22,00 \u20ac<\/strong><\/p>\n<p>&nbsp;<\/p>\n<p>Boni uklju\u010duju:<\/p>\n<ul>\n<li>Audio-vodstvo kroz dvorac Podsreda;<\/li>\n<li>Sudjelovanje u pustolovini lova na blago u dvorcu Podsreda za cijelu obitelj s lijepom nagradom;<\/li>\n<li>Dvorsku obiteljsku gozbu, sastavljenu od odabranih lokalnih delicija s farme Kunej;<\/li>\n<li>1 l prirodnog jabu\u010dnog soka iz Parka prirode Kozjansko.<\/li>\n<\/ul>\n<p>[\/vc_column_text][\/vc_column][\/vc_row][vc_row][vc_column][cms_space space_lg=&#8221;80&#8243; space_md=&#8221;58&#8243; space_sm=&#8221;20&#8243; space_xs=&#8221;20&#8243;][\/vc_column][\/vc_row][vc_row][vc_column][cms_space space_lg=&#8221;80&#8243; space_md=&#8221;58&#8243; space_sm=&#8221;20&#8243; space_xs=&#8221;20&#8243;][vc_single_image image=&#8221;4089&#8243; img_size=&#8221;large&#8221; alignment=&#8221;center&#8221;][cms_space space_lg=&#8221;80&#8243; space_md=&#8221;58&#8243; space_sm=&#8221;20&#8243; space_xs=&#8221;20&#8243;][cms_heading text=&#8221;Boni za parove&#8221; align_lg=&#8221;align-center&#8221; align_md=&#8221;align-center-md&#8221; align_sm=&#8221;align-center-sm&#8221; align_xs=&#8221;align-center-xs&#8221; cms_template=&#8221;cms_heading&#8211;layout3.php&#8221;][cms_space space_lg=&#8221;80&#8243; space_md=&#8221;58&#8243; space_sm=&#8221;20&#8243; space_xs=&#8221;20&#8243;][\/vc_column][\/vc_row][vc_row][vc_column width=&#8221;1\/2&#8243;][cms_heading text=&#8221;Pustolovina dvorca za dvoje&#8221; tag=&#8221;h4&#8243; cms_template=&#8221;cms_heading&#8211;layout3.php&#8221; sub_title=&#8221;Razgled dvorca uz dvorsku gozbu&#8221;][vc_column_text]Iznenadite svog voljenog s jedinstvenim iskustvom u povijesnoj atmosferi dvorca Podsreda. Posjetite dvorac i vratite se u pro\u0161lost, u\u017eivajte u \u0161etnji dvorskim dvoranama, istra\u017eite mnoge zanimljive izlo\u017ebe i otkrijte povijest srednjovjekovnog dvorca koji datira jo\u0161 iz 12. stolje\u0107a s audio-vodstvom.<\/p>\n<p>Za savr\u0161eni romanti\u010dni bijeg u sigurno uto\u010di\u0161te dvorskih zidina, mo\u017eete u\u017eivati u dvorskoj gozbi u obliku hladnih rezanaca dvorca, koji \u0107e vas vratiti u dane dvorskih gospodara. Gozba se sastoji od autenti\u010dnih lokalnih delicija pripremljenih na obli\u017enjoj farmi Kunej i prirodnog jabu\u010dnog soka napravljenog od kozjanskih jabuka iz vo\u0107njaka Parka prirode Kozjansko. Mo\u017eete zamijeniti sok bocom vina iz lokalne vinarije ako \u017eelite.<\/p>\n<p>&nbsp;<\/p>\n<p><strong>Cijena poklon bona za 2 osobe: 53,00 \u20ac<\/strong><\/p>\n<p>&nbsp;<\/p>\n<p>Bon uklju\u010duje:<\/p>\n<ul>\n<li>Audio-vodstvo kroz dvorac Podsreda za 2 osobe na nekoliko jezika (SLO, EN, DE, IT, RUS);<\/li>\n<li>Hladne rezance dvorca za 2 osobe, sastavljene od odabranih lokalnih delicija s farme Kunej;<\/li>\n<li>1 l prirodnog jabu\u010dnog soka iz Parka prirode Kozjansko ili 2 dcl bijelog ili crnog vina iz Emino House of Wines.<\/li>\n<\/ul>\n<p>[\/vc_column_text][\/vc_column][vc_column width=&#8221;1\/2&#8243;][vc_single_image image=&#8221;5449&#8243; img_size=&#8221;full&#8221;][\/vc_column][\/vc_row][vc_row][vc_column][cms_space space_lg=&#8221;80&#8243; space_md=&#8221;58&#8243; space_sm=&#8221;20&#8243; space_xs=&#8221;20&#8243;][vc_single_image image=&#8221;4089&#8243; img_size=&#8221;large&#8221; alignment=&#8221;center&#8221;][cms_space space_lg=&#8221;80&#8243; space_md=&#8221;58&#8243; space_sm=&#8221;20&#8243; space_xs=&#8221;20&#8243;][cms_heading text=&#8221;Poklon bon za nezaboravno dvorsko iskustvo u sobama i apartmanima dvorca Podsreda&#8221; align_lg=&#8221;align-center&#8221; align_md=&#8221;align-center-md&#8221; align_sm=&#8221;align-center-sm&#8221; align_xs=&#8221;align-center-xs&#8221; cms_template=&#8221;cms_heading&#8211;layout3.php&#8221; sub_title=&#8221;Poklonite jedinstveno iskustvo spavanja iza dvorskih zidina, gdje udobnost susre\u0107e povijest!&#8221;][cms_space space_lg=&#8221;80&#8243; space_md=&#8221;58&#8243; space_sm=&#8221;20&#8243; space_xs=&#8221;20&#8243;][\/vc_column][\/vc_row][vc_row][vc_column width=&#8221;1\/2&#8243;][vc_column_text]Unutar zidina dvorca iz 12. stolje\u0107a, gdje su baroni, grofovi i svetac pomogli pisati povijest, organizirali smo boutique smje\u0161taj koji upravlja Javni zavod Kozjanski park. Gosti Soba i Apartmana dvorca Podsreda sada mogu osobno do\u017eivjeti naslije\u0111e koje su za sobom ostavili.<\/p>\n<p>Dvorac Podsreda nudi 6 smje\u0161taja, 3 sobe i 3 apartmana, kombiniraju\u0107i prednosti \u010detverozvjezdanog smje\u0161taja sa impresivnim naslje\u0111em dvorca.<\/p>\n<p>Odaberite svoju sobu ili apartman i u\u017eivajte u ko\u0161arici s doru\u010dkom dvorca svako jutro tijekom va\u0161eg boravka kod nas. Ko\u0161arica, sastavljena od delicija lokalnih poljoprivrednika koji odr\u017eivo i organski proizvode svoju hranu, mo\u017ee se u\u017eivati u dvorcu ili ponijeti sa sobom na piknik u prirodi.<\/p>\n<p><strong>Provedite no\u0107 iza dvorskih zidina i u\u017eivajte u ljepoti netaknute prirode Parka prirode Kozjansko ili poklonite ovo jedinstveno iskustvo svojim voljenima putem poklon bona!<\/strong>[\/vc_column_text][cms_space space_lg=&#8221;80&#8243; space_md=&#8221;58&#8243; space_sm=&#8221;20&#8243; space_xs=&#8221;20&#8243;][\/vc_column][vc_column width=&#8221;1\/2&#8243;][cms_space space_lg=&#8221;20&#8243; space_md=&#8221;20&#8243;][vc_single_image image=&#8221;4864&#8243; img_size=&#8221;full&#8221;][cms_space space_lg=&#8221;80&#8243; space_md=&#8221;58&#8243; space_sm=&#8221;20&#8243; space_xs=&#8221;20&#8243;][\/vc_column][\/vc_row][vc_row][vc_column][cms_contact_form cms_template=&#8221;cms_contact_form&#8211;layout3.php&#8221; id=&#8221;5511&#8243; align_title=&#8221;center&#8221; align_desc=&#8221;center&#8221; title_form=&#8221;\u017delite li svoje voljene po\u010dastiti jedinstvenim iskustvom spavanja u dvorcu s ko\u0161aricom za doru\u010dak ili bilo kojim drugim dvorskim do\u017eivljajem?&#8221; description=&#8221;Ispunite kontakt obrazac u nastavku i mi \u0107emo vam se javiti.&#8221;][\/vc_column][\/vc_row][vc_row][vc_column][cms_space space_lg=&#8221;80&#8243; space_md=&#8221;58&#8243; space_sm=&#8221;20&#8243; space_xs=&#8221;20&#8243;][\/vc_column][\/vc_row][vc_row][vc_column width=&#8221;1\/6&#8243;][\/vc_column][vc_column width=&#8221;2\/3&#8243; css=&#8221;.vc_custom_1607261827609{background-color: #c5a46d !important;}&#8221;][cms_heading align_lg=&#8221;align-center&#8221; align_md=&#8221;align-center-md&#8221; align_sm=&#8221;align-center-sm&#8221; align_xs=&#8221;align-center-xs&#8221; description=&#8221;\u017delite li svoje voljene po\u010dastiti jedinstvenim iskustvom spavanja u dvorcu s ko\u0161aricom za doru\u010dak ili bilo kojim drugim dvorskim do\u017eivljajem?<br \/>\nIspunite kontakt obrazac u nastavku i mi \u0107emo vam se javiti.&#8221; description_color=&#8221;#ffffff&#8221; des_margin_bottom=&#8221;60&#8243; cms_template=&#8221;cms_heading&#8211;layout3.php&#8221;][\/vc_column][vc_column width=&#8221;1\/6&#8243;][\/vc_column][\/vc_row]<\/p>\n","protected":false},"excerpt":{"rendered":"<p>[vc_row][vc_column][cms_heading text=&#8221;Poklonite BON ZA DO\u017dIVLJAJ u DVORCU PODSREDA&#8221; align_lg=&#8221;align-center&#8221; align_md=&#8221;align-center-md&#8221; align_sm=&#8221;align-center-sm&#8221; align_xs=&#8221;align-center-xs&#8221; description=&#8221;Uspomene koje poklanjate ne\u0107e skupljati pra\u0161inu na polici, ve\u0107 \u0107e zauvijek ostati s vama. Kada je rije\u010d o idejama za poklone, svi cijenimo originalnost i inovacije. Za\u0161to svojim voljenima ne biste dali ne\u0161to druga\u010dije &#8211; pru\u017eite im NEZABAVNO ISKUSTVO DVORCA U DVORCU PODREDA.&#8221; [&hellip;]<\/p>\n","protected":false},"author":2,"featured_media":27508,"parent":0,"menu_order":0,"comment_status":"closed","ping_status":"closed","template":"","meta":[],"yoast_head":"<!-- This site is optimized with the Yoast SEO plugin v19.14 - https:\/\/yoast.com\/wordpress\/plugins\/seo\/ -->\n<title>BONOVI ZA POKLON | Grad Podsreda | Sobe in apartmaji | Grajska ponudba<\/title>\n<meta name=\"robots\" content=\"index, follow, max-snippet:-1, max-image-preview:large, max-video-preview:-1\" \/>\n<link rel=\"canonical\" href=\"https:\/\/castlepodsreda.com\/hr\/bonovi-za-poklon\/\" \/>\n<meta property=\"og:locale\" content=\"hr_HR\" \/>\n<meta property=\"og:type\" content=\"article\" \/>\n<meta property=\"og:title\" content=\"BONOVI ZA POKLON | Grad Podsreda | Sobe in apartmaji | Grajska ponudba\" \/>\n<meta property=\"og:description\" content=\"[vc_row][vc_column][cms_heading text=&#8221;Poklonite BON ZA DO\u017dIVLJAJ u DVORCU PODSREDA&#8221; align_lg=&#8221;align-center&#8221; align_md=&#8221;align-center-md&#8221; align_sm=&#8221;align-center-sm&#8221; align_xs=&#8221;align-center-xs&#8221; description=&#8221;Uspomene koje poklanjate ne\u0107e skupljati pra\u0161inu na polici, ve\u0107 \u0107e zauvijek ostati s vama. Kada je rije\u010d o idejama za poklone, svi cijenimo originalnost i inovacije. Za\u0161to svojim voljenima ne biste dali ne\u0161to druga\u010dije &#8211; pru\u017eite im NEZABAVNO ISKUSTVO DVORCA U DVORCU PODREDA.&#8221; [&hellip;]\" \/>\n<meta property=\"og:url\" content=\"https:\/\/castlepodsreda.com\/hr\/bonovi-za-poklon\/\" \/>\n<meta property=\"og:site_name\" content=\"Grad Podsreda | Sobe in apartmaji | Grajska ponudba\" \/>\n<meta property=\"article:publisher\" content=\"https:\/\/www.facebook.com\/podsredacastle\" \/>\n<meta property=\"article:modified_time\" content=\"2024-03-13T13:30:33+00:00\" \/>\n<meta property=\"og:image\" content=\"https:\/\/castlepodsreda.com\/wp-content\/uploads\/2022\/02\/darilni-boni_grad-Podsreda.jpg\" \/>\n\t<meta property=\"og:image:width\" content=\"465\" \/>\n\t<meta property=\"og:image:height\" content=\"420\" \/>\n\t<meta property=\"og:image:type\" content=\"image\/jpeg\" \/>\n<meta name=\"twitter:card\" content=\"summary_large_image\" \/>\n<meta name=\"twitter:label1\" content=\"Procijenjeno vrijeme \u010ditanja\" \/>\n\t<meta name=\"twitter:data1\" content=\"6 minuta\" \/>\n<script type=\"application\/ld+json\" class=\"yoast-schema-graph\">{\"@context\":\"https:\/\/schema.org\",\"@graph\":[{\"@type\":\"WebPage\",\"@id\":\"https:\/\/castlepodsreda.com\/hr\/bonovi-za-poklon\/\",\"url\":\"https:\/\/castlepodsreda.com\/hr\/bonovi-za-poklon\/\",\"name\":\"BONOVI ZA POKLON | Grad Podsreda | Sobe in apartmaji | Grajska ponudba\",\"isPartOf\":{\"@id\":\"https:\/\/castlepodsreda.com\/hr\/#website\"},\"datePublished\":\"2020-12-06T13:42:04+00:00\",\"dateModified\":\"2024-03-13T13:30:33+00:00\",\"breadcrumb\":{\"@id\":\"https:\/\/castlepodsreda.com\/hr\/bonovi-za-poklon\/#breadcrumb\"},\"inLanguage\":\"hr\",\"potentialAction\":[{\"@type\":\"ReadAction\",\"target\":[\"https:\/\/castlepodsreda.com\/hr\/bonovi-za-poklon\/\"]}]},{\"@type\":\"BreadcrumbList\",\"@id\":\"https:\/\/castlepodsreda.com\/hr\/bonovi-za-poklon\/#breadcrumb\",\"itemListElement\":[{\"@type\":\"ListItem\",\"position\":1,\"name\":\"Home\",\"item\":\"https:\/\/castlepodsreda.com\/hr\/\"},{\"@type\":\"ListItem\",\"position\":2,\"name\":\"BONOVI ZA POKLON\"}]},{\"@type\":\"WebSite\",\"@id\":\"https:\/\/castlepodsreda.com\/hr\/#website\",\"url\":\"https:\/\/castlepodsreda.com\/hr\/\",\"name\":\"Grad Podsreda | Sobe in apartmaji | Grajska ponudba\",\"description\":\"Najbolj grajski med gradovi v Sloveniji\",\"publisher\":{\"@id\":\"https:\/\/castlepodsreda.com\/hr\/#organization\"},\"potentialAction\":[{\"@type\":\"SearchAction\",\"target\":{\"@type\":\"EntryPoint\",\"urlTemplate\":\"https:\/\/castlepodsreda.com\/hr\/?s={search_term_string}\"},\"query-input\":\"required name=search_term_string\"}],\"inLanguage\":\"hr\"},{\"@type\":\"Organization\",\"@id\":\"https:\/\/castlepodsreda.com\/hr\/#organization\",\"name\":\"Grad Podsreda | Sobe in apartmaji | Grajska ponudba\",\"url\":\"https:\/\/castlepodsreda.com\/hr\/\",\"logo\":{\"@type\":\"ImageObject\",\"inLanguage\":\"hr\",\"@id\":\"https:\/\/castlepodsreda.com\/hr\/#\/schema\/logo\/image\/\",\"url\":\"https:\/\/castlepodsreda.com\/wp-content\/uploads\/2020\/04\/logo-grad-podsreda-2.jpg\",\"contentUrl\":\"https:\/\/castlepodsreda.com\/wp-content\/uploads\/2020\/04\/logo-grad-podsreda-2.jpg\",\"width\":576,\"height\":576,\"caption\":\"Grad Podsreda | Sobe in apartmaji | Grajska ponudba\"},\"image\":{\"@id\":\"https:\/\/castlepodsreda.com\/hr\/#\/schema\/logo\/image\/\"},\"sameAs\":[\"https:\/\/www.instagram.com\/podsredacastle\/\",\"https:\/\/www.facebook.com\/podsredacastle\"]}]}<\/script>\n<!-- \/ Yoast SEO plugin. -->","yoast_head_json":{"title":"BONOVI ZA POKLON | Grad Podsreda | Sobe in apartmaji | Grajska ponudba","robots":{"index":"index","follow":"follow","max-snippet":"max-snippet:-1","max-image-preview":"max-image-preview:large","max-video-preview":"max-video-preview:-1"},"canonical":"https:\/\/castlepodsreda.com\/hr\/bonovi-za-poklon\/","og_locale":"hr_HR","og_type":"article","og_title":"BONOVI ZA POKLON | Grad Podsreda | Sobe in apartmaji | Grajska ponudba","og_description":"[vc_row][vc_column][cms_heading text=&#8221;Poklonite BON ZA DO\u017dIVLJAJ u DVORCU PODSREDA&#8221; align_lg=&#8221;align-center&#8221; align_md=&#8221;align-center-md&#8221; align_sm=&#8221;align-center-sm&#8221; align_xs=&#8221;align-center-xs&#8221; description=&#8221;Uspomene koje poklanjate ne\u0107e skupljati pra\u0161inu na polici, ve\u0107 \u0107e zauvijek ostati s vama. Kada je rije\u010d o idejama za poklone, svi cijenimo originalnost i inovacije. Za\u0161to svojim voljenima ne biste dali ne\u0161to druga\u010dije &#8211; pru\u017eite im NEZABAVNO ISKUSTVO DVORCA U DVORCU PODREDA.&#8221; [&hellip;]","og_url":"https:\/\/castlepodsreda.com\/hr\/bonovi-za-poklon\/","og_site_name":"Grad Podsreda | Sobe in apartmaji | Grajska ponudba","article_publisher":"https:\/\/www.facebook.com\/podsredacastle","article_modified_time":"2024-03-13T13:30:33+00:00","og_image":[{"width":465,"height":420,"url":"https:\/\/castlepodsreda.com\/wp-content\/uploads\/2022\/02\/darilni-boni_grad-Podsreda.jpg","type":"image\/jpeg"}],"twitter_card":"summary_large_image","twitter_misc":{"Procijenjeno vrijeme \u010ditanja":"6 minuta"},"schema":{"@context":"https:\/\/schema.org","@graph":[{"@type":"WebPage","@id":"https:\/\/castlepodsreda.com\/hr\/bonovi-za-poklon\/","url":"https:\/\/castlepodsreda.com\/hr\/bonovi-za-poklon\/","name":"BONOVI ZA POKLON | Grad Podsreda | Sobe in apartmaji | Grajska ponudba","isPartOf":{"@id":"https:\/\/castlepodsreda.com\/hr\/#website"},"datePublished":"2020-12-06T13:42:04+00:00","dateModified":"2024-03-13T13:30:33+00:00","breadcrumb":{"@id":"https:\/\/castlepodsreda.com\/hr\/bonovi-za-poklon\/#breadcrumb"},"inLanguage":"hr","potentialAction":[{"@type":"ReadAction","target":["https:\/\/castlepodsreda.com\/hr\/bonovi-za-poklon\/"]}]},{"@type":"BreadcrumbList","@id":"https:\/\/castlepodsreda.com\/hr\/bonovi-za-poklon\/#breadcrumb","itemListElement":[{"@type":"ListItem","position":1,"name":"Home","item":"https:\/\/castlepodsreda.com\/hr\/"},{"@type":"ListItem","position":2,"name":"BONOVI ZA POKLON"}]},{"@type":"WebSite","@id":"https:\/\/castlepodsreda.com\/hr\/#website","url":"https:\/\/castlepodsreda.com\/hr\/","name":"Grad Podsreda | Sobe in apartmaji | Grajska ponudba","description":"Najbolj grajski med gradovi v Sloveniji","publisher":{"@id":"https:\/\/castlepodsreda.com\/hr\/#organization"},"potentialAction":[{"@type":"SearchAction","target":{"@type":"EntryPoint","urlTemplate":"https:\/\/castlepodsreda.com\/hr\/?s={search_term_string}"},"query-input":"required name=search_term_string"}],"inLanguage":"hr"},{"@type":"Organization","@id":"https:\/\/castlepodsreda.com\/hr\/#organization","name":"Grad Podsreda | Sobe in apartmaji | Grajska ponudba","url":"https:\/\/castlepodsreda.com\/hr\/","logo":{"@type":"ImageObject","inLanguage":"hr","@id":"https:\/\/castlepodsreda.com\/hr\/#\/schema\/logo\/image\/","url":"https:\/\/castlepodsreda.com\/wp-content\/uploads\/2020\/04\/logo-grad-podsreda-2.jpg","contentUrl":"https:\/\/castlepodsreda.com\/wp-content\/uploads\/2020\/04\/logo-grad-podsreda-2.jpg","width":576,"height":576,"caption":"Grad Podsreda | Sobe in apartmaji | Grajska ponudba"},"image":{"@id":"https:\/\/castlepodsreda.com\/hr\/#\/schema\/logo\/image\/"},"sameAs":["https:\/\/www.instagram.com\/podsredacastle\/","https:\/\/www.facebook.com\/podsredacastle"]}]}},"_links":{"self":[{"href":"https:\/\/castlepodsreda.com\/hr\/wp-json\/wp\/v2\/pages\/34450"}],"collection":[{"href":"https:\/\/castlepodsreda.com\/hr\/wp-json\/wp\/v2\/pages"}],"about":[{"href":"https:\/\/castlepodsreda.com\/hr\/wp-json\/wp\/v2\/types\/page"}],"author":[{"embeddable":true,"href":"https:\/\/castlepodsreda.com\/hr\/wp-json\/wp\/v2\/users\/2"}],"replies":[{"embeddable":true,"href":"https:\/\/castlepodsreda.com\/hr\/wp-json\/wp\/v2\/comments?post=34450"}],"version-history":[{"count":3,"href":"https:\/\/castlepodsreda.com\/hr\/wp-json\/wp\/v2\/pages\/34450\/revisions"}],"predecessor-version":[{"id":36084,"href":"https:\/\/castlepodsreda.com\/hr\/wp-json\/wp\/v2\/pages\/34450\/revisions\/36084"}],"wp:featuredmedia":[{"embeddable":true,"href":"https:\/\/castlepodsreda.com\/hr\/wp-json\/wp\/v2\/media\/27508"}],"wp:attachment":[{"href":"https:\/\/castlepodsreda.com\/hr\/wp-json\/wp\/v2\/media?parent=34450"}],"curies":[{"name":"wp","href":"https:\/\/api.w.org\/{rel}","templated":true}]}}