{"id":34454,"date":"2020-09-09T14:00:16","date_gmt":"2020-09-09T14:00:16","guid":{"rendered":"https:\/\/castlepodsreda.com\/?page_id=34454"},"modified":"2026-03-04T13:29:27","modified_gmt":"2026-03-04T13:29:27","slug":"dvorski-narezak","status":"publish","type":"page","link":"https:\/\/castlepodsreda.com\/hr\/dvorski-narezak\/","title":{"rendered":"DVORSKI NAREZAK"},"content":{"rendered":"<p>[vc_row full_width=&#8221;stretch_row_content_no_spaces&#8221; equal_height=&#8221;yes&#8221; content_placement=&#8221;middle&#8221;][vc_column cms_column_class=&#8221;rm-padding-xl&#8221; cms_column_z_index=&#8221;col-zindex&#8221; cms_column_remove_space=&#8221;rm-margin-xl-15px&#8221; css=&#8221;.vc_custom_1567648547373{padding-top: 0px !important;padding-right: 15px !important;padding-left: 50px !important;background-color: #f0f0f0 !important;}&#8221; offset=&#8221;vc_col-lg-6 vc_col-md-6&#8243;][cms_space space_lg=&#8221;50&#8243; space_md=&#8221;50&#8243; space_sm=&#8221;50&#8243; space_xs=&#8221;50&#8243;][cms_fancybox font_weight=&#8221;700&#8243; letter_spacing=&#8221;0.025em&#8221; icon_type=&#8221;image&#8221; icon_image=&#8221;3991&#8243; button_text=&#8221;PONUDA DVORSKOG NAREZKA&#8221; button_link=&#8221;url:https%3A%2F%2Fcastlepodsreda.com%2Fwp-content%2Fuploads%2F2025%2F11%2FGRAJSKI-NAREZEK_PONUDBA-2025_z-vinsko-spremljavo.pdf|||&#8221; bg_button_color=&#8221;#c5a46d&#8221; padding_t=&#8221;90&#8243; padding_r=&#8221;120&#8243; padding_b=&#8221;105&#8243; padding_l=&#8221;70&#8243; margin_r=&#8221;-123&#8243; bg_box_color=&#8221;#ffffff&#8221; margin=&#8221;0px -100px 0 0&#8243; margin_box_l=&#8221;&#8221; margin_box_r=&#8221;&#8221; margin_box=&#8221;&#8221; cms_template=&#8221;cms_fancybox&#8211;layout4.php&#8221; title=&#8221;In Pursuit of Good Health&#8221; fcb_description=&#8221;Putniku koji je prona\u0161ao uto\u010di\u0161te unutar na\u0161ih drevnih dvorskih zidina i \u017eeli u\u017eivati u dobroj dvorskoj hrani i pi\u0107u, ponizno preporu\u010dujemo odabir dvorskog narezka sastavljenog od autenti\u010dnih lokalnih delicija pripremljenih za vas na obli\u017enjoj farmi Kunej. Sadr\u017eaj narezaka prilago\u0111ava se va\u0161im \u017eeljama, po\u0161tovani goste dvorca, a delicije mogu biti prema va\u0161em odabiru: mesne \/ vegetarijanske \/ veganske.&#8221; title_font_size=&#8221;45&#8243; el_title=&#8221;DVORSKI NAREZAK: Okus Kozjanskog na Dvorcu Podsreda&#8221; animation=&#8221;slideInLeft&#8221;][cms_space space_lg=&#8221;50&#8243; space_md=&#8221;50&#8243; space_sm=&#8221;50&#8243; space_xs=&#8221;50&#8243;][\/vc_column][vc_column parallax=&#8221;content-moving&#8221; parallax_speed_bg=&#8221;1.1&#8243; css_animation=&#8221;right-to-left&#8221; cms_column_class=&#8221;col-overlay&#8221; offset=&#8221;vc_col-lg-6 vc_col-md-6&#8243; css=&#8221;.vc_custom_1622465524740{padding-top: 0px !important;background-image: url(https:\/\/castlepodsreda.com\/wp-content\/uploads\/2021\/05\/Grajski-narezek-grad-podsreda-_-podsreda-castle_3.jpg?id=6302) !important;background-position: center !important;background-repeat: no-repeat !important;background-size: cover !important;}&#8221;][cms_space space_lg=&#8221;643&#8243; space_md=&#8221;643&#8243; space_sm=&#8221;643&#8243; space_xs=&#8221;643&#8243;][\/vc_column][\/vc_row][vc_row full_width=&#8221;stretch_row_content&#8221;][vc_column][cms_space space_lg=&#8221;90&#8243; space_md=&#8221;90&#8243; space_sm=&#8221;50&#8243; space_xs=&#8221;30&#8243;][vc_row_inner][vc_column_inner width=&#8221;1\/2&#8243; css=&#8221;.vc_custom_1599662980378{padding-left: 80px !important;}&#8221;][vc_single_image image=&#8221;6303&#8243; img_size=&#8221;full&#8221; add_caption=&#8221;yes&#8221;][\/vc_column_inner][vc_column_inner width=&#8221;1\/2&#8243;][cms_heading text=&#8221;Dvorski narezak uklju\u010duje:&#8221; cms_template=&#8221;cms_heading&#8211;layout3.php&#8221;][vc_column_text]<\/p>\n<ul>\n<li>Su\u0161ene mesne proizvode: suha doma\u0107a salama, su\u0161ena svinjska vratina i svinjski file, doma\u0107a \u010dajna kobasica, su\u0161ene kobasice, su\u0161ena slanina i vi\u0161e;<\/li>\n<li>Doma\u0107e jetrene i \u010dili pa\u0161tete te svinjsku mast;<\/li>\n<li>Doma\u0107i svje\u017ei sir &#8211; iz mlije\u010dne farme Sinkovi\u010d;<\/li>\n<li>Svaki narezak sadr\u017ei barem dva namaza bez mesa (namaz od svje\u017eeg sira sa sjemenkama bundeve i bu\u010dinim uljem, namaz od svje\u017eeg sira s medvje\u0111im lukom, namaz od graha);<\/li>\n<li>doma\u0107a kuhana jaja;<\/li>\n<li>Doma\u0107e sezonsko ili ukiseljeno povr\u0107e (raj\u010dice, paprike, krastavci, luk, doma\u0107a kukuruz, itd.);<\/li>\n<li>Suho doma\u0107e vo\u0107e;<\/li>\n<li>Doma\u0107e kiflice i kruh od p\u0161enice, heljde i mljevenog sjemenki bundeve.<\/li>\n<\/ul>\n<p>[\/vc_column_text][vc_column_text]<strong>Rado \u0107emo prilagoditi sadr\u017eaj svakog narezka va\u0161im \u017eeljama, dragi gosti dvorca.<\/strong>[\/vc_column_text][\/vc_column_inner][\/vc_row_inner][vc_row_inner][vc_column_inner width=&#8221;1\/2&#8243; css=&#8221;.vc_custom_1599662987154{padding-left: 80px !important;}&#8221;][cms_space space_lg=&#8221;20&#8243; space_md=&#8221;20&#8243; space_sm=&#8221;10&#8243; space_xs=&#8221;10&#8243;][cms_heading text=&#8221;Vinski pratitelj&#8221; description=&#8221;Ako va\u0161a ekscelencija, osim dobre hrane, \u017eeli i dobro pi\u0107e, ponizno preporu\u010dujemo naru\u010divanje boce vina iz Vinski podrum Mramor.<br \/>\n\u2063<br \/>\nVinski podrum Mramor smjestio se izme\u0111u zelenih bre\u017euljaka Kozjanskog i sun\u010danih vinogradarskih padina iznad Gruske jame. Za ljubitelje vina, podrum obiteljskog gospodarstva pun je lokalno proizvedenih bijelih i crvenih vina, a svaku sezonu zavr\u0161avaju berbom i pretvaranjem predivnih grozdova u ukusne kapljice.<br \/>\n\u2063<br \/>\nOdaberite izme\u0111u sljede\u0107ih vina: Zeleni Silvanac, \u017duti Mu\u0161kat, i Plava Frankovka.<br \/>\n\u2063<br \/>\nAko biste uz narezak radije imali malo vitamina, mo\u017eemo poslu\u017eiti doma\u0107i jabu\u010dni sok ili sok vlastite proizvodnje s Farme Kunej.&#8221; cms_template=&#8221;cms_heading&#8211;layout3.php&#8221;][\/vc_column_inner][vc_column_inner width=&#8221;1\/2&#8243;][vc_single_image image=&#8221;5226&#8243; img_size=&#8221;full&#8221; add_caption=&#8221;yes&#8221;][\/vc_column_inner][\/vc_row_inner][\/vc_column][\/vc_row][vc_row full_width=&#8221;stretch_row_content&#8221;][vc_column][vc_row_inner][vc_column_inner width=&#8221;1\/2&#8243; css=&#8221;.vc_custom_1599662980378{padding-left: 80px !important;}&#8221;][vc_single_image image=&#8221;8909&#8243; img_size=&#8221;full&#8221; add_caption=&#8221;yes&#8221;][\/vc_column_inner][vc_column_inner width=&#8221;1\/2&#8243;][cms_heading description=&#8221;Go\u0161\u0107u s odabranim pratiteljem mo\u017eemo poslu\u017eiti u dvorskoj kuhinji uz otvorenu vatru, u Vite\u0161koj dvorani ili na dvori\u0161tu dvorca u ugodnoj sjeni mo\u0107nih kestena.<br \/>\n\u2063<br \/>\nTako\u0111er mo\u017eete naru\u010diti topli obrok (za 10 ili vi\u0161e osoba): dimljena doma\u0107a \u0161unka, vratina, ple\u0107ka, doma\u0107a kobasica, doma\u0107i hotdog, doma\u0107i mesni sir i dimljeni jezik s prilozima.<br \/>\n\u2063<br \/>\nAko \u017eelite obogatiti svoj posjet Dvorcu Podsreda izvanrednim kulinarskim do\u017eivljajem i okusiti autenti\u010dne okuse Kozjanskog, slobodno nas kontaktirajte putem e-po\u0161te na info@castlepodsreda.com ili nas nazovite na broj +386 (03) 580 61 18 ili +386 41 41 996.<br \/>\n\u2063<br \/>\n\u017delimo da se osje\u0107ate kao plemstvo tijekom va\u0161eg boravka kod nas, rado \u0107emo udovoljiti svim va\u0161im \u017eeljama i odgovoriti na sva va\u0161a pitanja.&#8221; cms_template=&#8221;cms_heading&#8211;layout3.php&#8221; sub_title=&#8221;Dvorski narezak doma\u0107ih delicija dio je na\u0161e ponude dvorca namijenjen svakodnevnim posjetiteljima dvorca kao i gostima na\u0161ih soba i apartmana na dvorcu Podsreda.&#8221;][\/vc_column_inner][\/vc_row_inner][\/vc_column][\/vc_row][vc_row full_width=&#8221;stretch_row_content&#8221;][vc_column width=&#8221;1\/4&#8243;][\/vc_column][vc_column width=&#8221;1\/2&#8243;][cms_space space_lg=&#8221;60&#8243; space_md=&#8221;60&#8243; space_sm=&#8221;30&#8243; space_xs=&#8221;30&#8243;][vc_single_image image=&#8221;4089&#8243; img_size=&#8221;full&#8221; alignment=&#8221;center&#8221;][cms_space space_lg=&#8221;60&#8243; space_md=&#8221;60&#8243; space_sm=&#8221;30&#8243; space_xs=&#8221;30&#8243;][cms_list_menu el_title=&#8221;Cjenik&#8221; cms_menu2=&#8221;%5B%7B%22food_name%22%3A%22Dvorski%20narezak%20za%20dvoje%22%2C%22price%22%3A%2236%2C00%20%E2%82%AC%22%7D%2C%7B%22food_name%22%3A%22Nadoplata%20po%20dodatnoj%20osobi%22%2C%22price%22%3A%2217%2C00%20%E2%82%AC%22%7D%2C%7B%22food_name%22%3A%22Nadoplata%20po%20dodatnom%20djetetu%20(3%20do%2014%20godina)%22%2C%22price%22%3A%228%2C00%20%E2%82%AC%22%7D%2C%7B%7D%5D&#8221; cms_template=&#8221;cms_list_menu&#8211;layout2.php&#8221;][cms_space space_lg=&#8221;20&#8243; space_md=&#8221;20&#8243; space_sm=&#8221;10&#8243; space_xs=&#8221;10&#8243;][cms_list_menu el_title=&#8221;Vinski pratitelj&#8221; cms_menu2=&#8221;%5B%7B%22food_name%22%3A%22Silvaner%22%2C%22price%22%3A%2214%2C00%20%E2%82%AC%22%7D%2C%7B%22food_name%22%3A%22%C5%BDuti%20Mu%C5%A1kat%22%2C%22price%22%3A%2214%2C00%20%E2%82%AC%22%7D%2C%7B%22food_name%22%3A%22Plava%20Frankovka%22%2C%22price%22%3A%2214%2C00%20%E2%82%AC%20%22%7D%5D&#8221; cms_template=&#8221;cms_list_menu&#8211;layout2.php&#8221;][cms_space space_lg=&#8221;60&#8243; space_md=&#8221;60&#8243; space_sm=&#8221;30&#8243; space_xs=&#8221;30&#8243;][\/vc_column][vc_column width=&#8221;1\/4&#8243;][\/vc_column][\/vc_row][vc_row content_placement=&#8221;middle&#8221;][vc_column css=&#8221;.vc_custom_1599659370297{background-color: #b02823 !important;}&#8221;][cms_textbox text_box_color=&#8221;#ffffff&#8221; font_weight=&#8221;400&#8243; textbox_align=&#8221;text-center&#8221; text_box=&#8221;Po\u0161tovani dvorjani, dopustite da vas na\u0161 dvorski narezak uz pratnju vina odvede u dane dvorskih gospodara.&#8221;][cms_textbox text_box_color=&#8221;#ffffff&#8221; font_weight=&#8221;400&#8243; textbox_align=&#8221;text-center&#8221; font_style=&#8221;italic&#8221; text_box=&#8221;\u017delimo vam mnoge gurmanske u\u017eitke tijekom boravka na Dvorcu Podsreda &#8211; &#8220;Najvi\u0161e dvorski dvorac u Sloveniji&#8220;.&#8221;][\/vc_column][\/vc_row]<\/p>\n","protected":false},"excerpt":{"rendered":"<p>[vc_row full_width=&#8221;stretch_row_content_no_spaces&#8221; equal_height=&#8221;yes&#8221; content_placement=&#8221;middle&#8221;][vc_column cms_column_class=&#8221;rm-padding-xl&#8221; cms_column_z_index=&#8221;col-zindex&#8221; cms_column_remove_space=&#8221;rm-margin-xl-15px&#8221; css=&#8221;.vc_custom_1567648547373{padding-top: 0px !important;padding-right: 15px !important;padding-left: 50px !important;background-color: #f0f0f0 !important;}&#8221; offset=&#8221;vc_col-lg-6 vc_col-md-6&#8243;][cms_space space_lg=&#8221;50&#8243; space_md=&#8221;50&#8243; space_sm=&#8221;50&#8243; space_xs=&#8221;50&#8243;][cms_fancybox font_weight=&#8221;700&#8243; letter_spacing=&#8221;0.025em&#8221; icon_type=&#8221;image&#8221; icon_image=&#8221;3991&#8243; button_text=&#8221;PONUDA DVORSKOG NAREZKA&#8221; button_link=&#8221;url:https%3A%2F%2Fcastlepodsreda.com%2Fwp-content%2Fuploads%2F2025%2F11%2FGRAJSKI-NAREZEK_PONUDBA-2025_z-vinsko-spremljavo.pdf|||&#8221; bg_button_color=&#8221;#c5a46d&#8221; padding_t=&#8221;90&#8243; padding_r=&#8221;120&#8243; padding_b=&#8221;105&#8243; padding_l=&#8221;70&#8243; margin_r=&#8221;-123&#8243; bg_box_color=&#8221;#ffffff&#8221; margin=&#8221;0px -100px 0 0&#8243; margin_box_l=&#8221;&#8221; margin_box_r=&#8221;&#8221; margin_box=&#8221;&#8221; cms_template=&#8221;cms_fancybox&#8211;layout4.php&#8221; title=&#8221;In Pursuit of Good Health&#8221; fcb_description=&#8221;Putniku koji je prona\u0161ao uto\u010di\u0161te [&hellip;]<\/p>\n","protected":false},"author":2,"featured_media":26568,"parent":0,"menu_order":0,"comment_status":"closed","ping_status":"closed","template":"","meta":[],"yoast_head":"<!-- This site is optimized with the Yoast SEO plugin v19.14 - https:\/\/yoast.com\/wordpress\/plugins\/seo\/ -->\n<title>DVORSKI NAREZAK | Grad Podsreda | Sobe in apartmaji | Grajska ponudba<\/title>\n<meta name=\"robots\" content=\"index, follow, max-snippet:-1, max-image-preview:large, max-video-preview:-1\" \/>\n<link rel=\"canonical\" href=\"https:\/\/castlepodsreda.com\/hr\/dvorski-narezak\/\" \/>\n<meta property=\"og:locale\" content=\"hr_HR\" \/>\n<meta property=\"og:type\" content=\"article\" \/>\n<meta property=\"og:title\" content=\"DVORSKI NAREZAK | Grad Podsreda | Sobe in apartmaji | Grajska ponudba\" \/>\n<meta property=\"og:description\" content=\"[vc_row full_width=&#8221;stretch_row_content_no_spaces&#8221; equal_height=&#8221;yes&#8221; content_placement=&#8221;middle&#8221;][vc_column cms_column_class=&#8221;rm-padding-xl&#8221; cms_column_z_index=&#8221;col-zindex&#8221; cms_column_remove_space=&#8221;rm-margin-xl-15px&#8221; css=&#8221;.vc_custom_1567648547373{padding-top: 0px !important;padding-right: 15px !important;padding-left: 50px !important;background-color: #f0f0f0 !important;}&#8221; offset=&#8221;vc_col-lg-6 vc_col-md-6&#8243;][cms_space space_lg=&#8221;50&#8243; space_md=&#8221;50&#8243; space_sm=&#8221;50&#8243; space_xs=&#8221;50&#8243;][cms_fancybox font_weight=&#8221;700&#8243; letter_spacing=&#8221;0.025em&#8221; icon_type=&#8221;image&#8221; icon_image=&#8221;3991&#8243; button_text=&#8221;PONUDA DVORSKOG NAREZKA&#8221; button_link=&#8221;url:https%3A%2F%2Fcastlepodsreda.com%2Fwp-content%2Fuploads%2F2025%2F11%2FGRAJSKI-NAREZEK_PONUDBA-2025_z-vinsko-spremljavo.pdf|||&#8221; bg_button_color=&#8221;#c5a46d&#8221; padding_t=&#8221;90&#8243; padding_r=&#8221;120&#8243; padding_b=&#8221;105&#8243; padding_l=&#8221;70&#8243; margin_r=&#8221;-123&#8243; bg_box_color=&#8221;#ffffff&#8221; margin=&#8221;0px -100px 0 0&#8243; margin_box_l=&#8221;&#8221; margin_box_r=&#8221;&#8221; margin_box=&#8221;&#8221; cms_template=&#8221;cms_fancybox&#8211;layout4.php&#8221; title=&#8221;In Pursuit of Good Health&#8221; fcb_description=&#8221;Putniku koji je prona\u0161ao uto\u010di\u0161te [&hellip;]\" \/>\n<meta property=\"og:url\" content=\"https:\/\/castlepodsreda.com\/hr\/dvorski-narezak\/\" \/>\n<meta property=\"og:site_name\" content=\"Grad Podsreda | Sobe in apartmaji | Grajska ponudba\" \/>\n<meta property=\"article:publisher\" content=\"https:\/\/www.facebook.com\/podsredacastle\" \/>\n<meta property=\"article:modified_time\" content=\"2026-03-04T13:29:27+00:00\" \/>\n<meta property=\"og:image\" content=\"https:\/\/castlepodsreda.com\/wp-content\/uploads\/2020\/09\/grajski-narezek.jpg\" \/>\n\t<meta property=\"og:image:width\" content=\"1903\" \/>\n\t<meta property=\"og:image:height\" content=\"548\" \/>\n\t<meta property=\"og:image:type\" content=\"image\/jpeg\" \/>\n<meta name=\"twitter:card\" content=\"summary_large_image\" \/>\n<meta name=\"twitter:label1\" content=\"Procijenjeno vrijeme \u010ditanja\" \/>\n\t<meta name=\"twitter:data1\" content=\"4 minute\" \/>\n<script type=\"application\/ld+json\" class=\"yoast-schema-graph\">{\"@context\":\"https:\/\/schema.org\",\"@graph\":[{\"@type\":\"WebPage\",\"@id\":\"https:\/\/castlepodsreda.com\/hr\/dvorski-narezak\/\",\"url\":\"https:\/\/castlepodsreda.com\/hr\/dvorski-narezak\/\",\"name\":\"DVORSKI NAREZAK | Grad Podsreda | Sobe in apartmaji | Grajska ponudba\",\"isPartOf\":{\"@id\":\"https:\/\/castlepodsreda.com\/hr\/#website\"},\"datePublished\":\"2020-09-09T14:00:16+00:00\",\"dateModified\":\"2026-03-04T13:29:27+00:00\",\"breadcrumb\":{\"@id\":\"https:\/\/castlepodsreda.com\/hr\/dvorski-narezak\/#breadcrumb\"},\"inLanguage\":\"hr\",\"potentialAction\":[{\"@type\":\"ReadAction\",\"target\":[\"https:\/\/castlepodsreda.com\/hr\/dvorski-narezak\/\"]}]},{\"@type\":\"BreadcrumbList\",\"@id\":\"https:\/\/castlepodsreda.com\/hr\/dvorski-narezak\/#breadcrumb\",\"itemListElement\":[{\"@type\":\"ListItem\",\"position\":1,\"name\":\"Home\",\"item\":\"https:\/\/castlepodsreda.com\/hr\/\"},{\"@type\":\"ListItem\",\"position\":2,\"name\":\"DVORSKI NAREZAK\"}]},{\"@type\":\"WebSite\",\"@id\":\"https:\/\/castlepodsreda.com\/hr\/#website\",\"url\":\"https:\/\/castlepodsreda.com\/hr\/\",\"name\":\"Grad Podsreda | Sobe in apartmaji | Grajska ponudba\",\"description\":\"Najbolj grajski med gradovi v Sloveniji\",\"publisher\":{\"@id\":\"https:\/\/castlepodsreda.com\/hr\/#organization\"},\"potentialAction\":[{\"@type\":\"SearchAction\",\"target\":{\"@type\":\"EntryPoint\",\"urlTemplate\":\"https:\/\/castlepodsreda.com\/hr\/?s={search_term_string}\"},\"query-input\":\"required name=search_term_string\"}],\"inLanguage\":\"hr\"},{\"@type\":\"Organization\",\"@id\":\"https:\/\/castlepodsreda.com\/hr\/#organization\",\"name\":\"Grad Podsreda | Sobe in apartmaji | Grajska ponudba\",\"url\":\"https:\/\/castlepodsreda.com\/hr\/\",\"logo\":{\"@type\":\"ImageObject\",\"inLanguage\":\"hr\",\"@id\":\"https:\/\/castlepodsreda.com\/hr\/#\/schema\/logo\/image\/\",\"url\":\"https:\/\/castlepodsreda.com\/wp-content\/uploads\/2020\/04\/logo-grad-podsreda-2.jpg\",\"contentUrl\":\"https:\/\/castlepodsreda.com\/wp-content\/uploads\/2020\/04\/logo-grad-podsreda-2.jpg\",\"width\":576,\"height\":576,\"caption\":\"Grad Podsreda | Sobe in apartmaji | Grajska ponudba\"},\"image\":{\"@id\":\"https:\/\/castlepodsreda.com\/hr\/#\/schema\/logo\/image\/\"},\"sameAs\":[\"https:\/\/www.instagram.com\/podsredacastle\/\",\"https:\/\/www.facebook.com\/podsredacastle\"]}]}<\/script>\n<!-- \/ Yoast SEO plugin. -->","yoast_head_json":{"title":"DVORSKI NAREZAK | Grad Podsreda | Sobe in apartmaji | Grajska ponudba","robots":{"index":"index","follow":"follow","max-snippet":"max-snippet:-1","max-image-preview":"max-image-preview:large","max-video-preview":"max-video-preview:-1"},"canonical":"https:\/\/castlepodsreda.com\/hr\/dvorski-narezak\/","og_locale":"hr_HR","og_type":"article","og_title":"DVORSKI NAREZAK | Grad Podsreda | Sobe in apartmaji | Grajska ponudba","og_description":"[vc_row full_width=&#8221;stretch_row_content_no_spaces&#8221; equal_height=&#8221;yes&#8221; content_placement=&#8221;middle&#8221;][vc_column cms_column_class=&#8221;rm-padding-xl&#8221; cms_column_z_index=&#8221;col-zindex&#8221; cms_column_remove_space=&#8221;rm-margin-xl-15px&#8221; css=&#8221;.vc_custom_1567648547373{padding-top: 0px !important;padding-right: 15px !important;padding-left: 50px !important;background-color: #f0f0f0 !important;}&#8221; offset=&#8221;vc_col-lg-6 vc_col-md-6&#8243;][cms_space space_lg=&#8221;50&#8243; space_md=&#8221;50&#8243; space_sm=&#8221;50&#8243; space_xs=&#8221;50&#8243;][cms_fancybox font_weight=&#8221;700&#8243; letter_spacing=&#8221;0.025em&#8221; icon_type=&#8221;image&#8221; icon_image=&#8221;3991&#8243; button_text=&#8221;PONUDA DVORSKOG NAREZKA&#8221; button_link=&#8221;url:https%3A%2F%2Fcastlepodsreda.com%2Fwp-content%2Fuploads%2F2025%2F11%2FGRAJSKI-NAREZEK_PONUDBA-2025_z-vinsko-spremljavo.pdf|||&#8221; bg_button_color=&#8221;#c5a46d&#8221; padding_t=&#8221;90&#8243; padding_r=&#8221;120&#8243; padding_b=&#8221;105&#8243; padding_l=&#8221;70&#8243; margin_r=&#8221;-123&#8243; bg_box_color=&#8221;#ffffff&#8221; margin=&#8221;0px -100px 0 0&#8243; margin_box_l=&#8221;&#8221; margin_box_r=&#8221;&#8221; margin_box=&#8221;&#8221; cms_template=&#8221;cms_fancybox&#8211;layout4.php&#8221; title=&#8221;In Pursuit of Good Health&#8221; fcb_description=&#8221;Putniku koji je prona\u0161ao uto\u010di\u0161te [&hellip;]","og_url":"https:\/\/castlepodsreda.com\/hr\/dvorski-narezak\/","og_site_name":"Grad Podsreda | Sobe in apartmaji | Grajska ponudba","article_publisher":"https:\/\/www.facebook.com\/podsredacastle","article_modified_time":"2026-03-04T13:29:27+00:00","og_image":[{"width":1903,"height":548,"url":"https:\/\/castlepodsreda.com\/wp-content\/uploads\/2020\/09\/grajski-narezek.jpg","type":"image\/jpeg"}],"twitter_card":"summary_large_image","twitter_misc":{"Procijenjeno vrijeme \u010ditanja":"4 minute"},"schema":{"@context":"https:\/\/schema.org","@graph":[{"@type":"WebPage","@id":"https:\/\/castlepodsreda.com\/hr\/dvorski-narezak\/","url":"https:\/\/castlepodsreda.com\/hr\/dvorski-narezak\/","name":"DVORSKI NAREZAK | Grad Podsreda | Sobe in apartmaji | Grajska ponudba","isPartOf":{"@id":"https:\/\/castlepodsreda.com\/hr\/#website"},"datePublished":"2020-09-09T14:00:16+00:00","dateModified":"2026-03-04T13:29:27+00:00","breadcrumb":{"@id":"https:\/\/castlepodsreda.com\/hr\/dvorski-narezak\/#breadcrumb"},"inLanguage":"hr","potentialAction":[{"@type":"ReadAction","target":["https:\/\/castlepodsreda.com\/hr\/dvorski-narezak\/"]}]},{"@type":"BreadcrumbList","@id":"https:\/\/castlepodsreda.com\/hr\/dvorski-narezak\/#breadcrumb","itemListElement":[{"@type":"ListItem","position":1,"name":"Home","item":"https:\/\/castlepodsreda.com\/hr\/"},{"@type":"ListItem","position":2,"name":"DVORSKI NAREZAK"}]},{"@type":"WebSite","@id":"https:\/\/castlepodsreda.com\/hr\/#website","url":"https:\/\/castlepodsreda.com\/hr\/","name":"Grad Podsreda | Sobe in apartmaji | Grajska ponudba","description":"Najbolj grajski med gradovi v Sloveniji","publisher":{"@id":"https:\/\/castlepodsreda.com\/hr\/#organization"},"potentialAction":[{"@type":"SearchAction","target":{"@type":"EntryPoint","urlTemplate":"https:\/\/castlepodsreda.com\/hr\/?s={search_term_string}"},"query-input":"required name=search_term_string"}],"inLanguage":"hr"},{"@type":"Organization","@id":"https:\/\/castlepodsreda.com\/hr\/#organization","name":"Grad Podsreda | Sobe in apartmaji | Grajska ponudba","url":"https:\/\/castlepodsreda.com\/hr\/","logo":{"@type":"ImageObject","inLanguage":"hr","@id":"https:\/\/castlepodsreda.com\/hr\/#\/schema\/logo\/image\/","url":"https:\/\/castlepodsreda.com\/wp-content\/uploads\/2020\/04\/logo-grad-podsreda-2.jpg","contentUrl":"https:\/\/castlepodsreda.com\/wp-content\/uploads\/2020\/04\/logo-grad-podsreda-2.jpg","width":576,"height":576,"caption":"Grad Podsreda | Sobe in apartmaji | Grajska ponudba"},"image":{"@id":"https:\/\/castlepodsreda.com\/hr\/#\/schema\/logo\/image\/"},"sameAs":["https:\/\/www.instagram.com\/podsredacastle\/","https:\/\/www.facebook.com\/podsredacastle"]}]}},"_links":{"self":[{"href":"https:\/\/castlepodsreda.com\/hr\/wp-json\/wp\/v2\/pages\/34454"}],"collection":[{"href":"https:\/\/castlepodsreda.com\/hr\/wp-json\/wp\/v2\/pages"}],"about":[{"href":"https:\/\/castlepodsreda.com\/hr\/wp-json\/wp\/v2\/types\/page"}],"author":[{"embeddable":true,"href":"https:\/\/castlepodsreda.com\/hr\/wp-json\/wp\/v2\/users\/2"}],"replies":[{"embeddable":true,"href":"https:\/\/castlepodsreda.com\/hr\/wp-json\/wp\/v2\/comments?post=34454"}],"version-history":[{"count":7,"href":"https:\/\/castlepodsreda.com\/hr\/wp-json\/wp\/v2\/pages\/34454\/revisions"}],"predecessor-version":[{"id":40442,"href":"https:\/\/castlepodsreda.com\/hr\/wp-json\/wp\/v2\/pages\/34454\/revisions\/40442"}],"wp:featuredmedia":[{"embeddable":true,"href":"https:\/\/castlepodsreda.com\/hr\/wp-json\/wp\/v2\/media\/26568"}],"wp:attachment":[{"href":"https:\/\/castlepodsreda.com\/hr\/wp-json\/wp\/v2\/media?parent=34454"}],"curies":[{"name":"wp","href":"https:\/\/api.w.org\/{rel}","templated":true}]}}