{"id":34471,"date":"2022-05-06T11:36:10","date_gmt":"2022-05-06T11:36:10","guid":{"rendered":"https:\/\/castlepodsreda.com\/?page_id=34471"},"modified":"2026-03-06T11:28:41","modified_gmt":"2026-03-06T11:28:41","slug":"dvorska-kavana","status":"publish","type":"page","link":"https:\/\/castlepodsreda.com\/hr\/dvorska-kavana\/","title":{"rendered":"DVORSKA KAVANA PODSREDA"},"content":{"rendered":"<p>[vc_row disable_element=&#8221;yes&#8221;][vc_column][vc_message message_box_color=&#8221;pink&#8221;]<\/p>\n<h4 style=\"text-align: center;\" data-start=\"47\" data-end=\"88\"><strong data-start=\"47\" data-end=\"88\">Redovno radno vrijeme Dvorske kavane Podsreda:<\/strong><\/h4>\n<p style=\"text-align: center;\" data-start=\"90\" data-end=\"171\"><strong>Od ponedeljka do petka, ZATVORENO,\u00a0<\/strong><\/p>\n<p style=\"text-align: center;\" data-start=\"90\" data-end=\"171\"><strong>subotom i nedjeljom, od 9:00 do 17:00.<\/strong><\/p>\n<p class=\"\" style=\"text-align: center;\" data-start=\"212\" data-end=\"239\">Tim Dvorske kavane Podsreda<\/p>\n<p>[\/vc_message][\/vc_column][\/vc_row][vc_row][vc_column][vc_single_image image=&#8221;4089&#8243; alignment=&#8221;center&#8221;][cms_heading text=&#8221;DVORSKA KAVANA PODSREDA&#8221; align_lg=&#8221;align-center&#8221; align_md=&#8221;align-center-md&#8221; align_sm=&#8221;align-center-sm&#8221; align_xs=&#8221;align-center-xs&#8221; line_display=&#8221;hidden-line&#8221; cms_template=&#8221;cms_heading.php&#8221; sub_title=&#8221;Dvorska kavana nudi ne\u0161to za svaki ukus.&#8221;][vc_column_text]<\/p>\n<p style=\"text-align: center;\">Po\u010dastite se lijepom mirisnom dvorskom kavom ili dvorskim \u010dajem, napravljenim od pa\u017eljivo odabrane mje\u0161avine bilja ru\u010dno ubranog u Kozjanskom regionalnom parku, ili ne\u010dim drugim \u0161to grije srce i du\u0161u &#8211; kapljicom finog lokalnog vina, osvje\u017eavaju\u0107im koktelom ili to\u010denim pivom iz pivovare Reset. Za one s slatkim zubom tu je prirodni jabu\u010dni sok iz Kozjanskog parka, doma\u0107a limunada, doma\u0107i ledeni \u010daj, ukusna dvorska ledena kava ili druge osvje\u017eavaju\u0107e napitke.<\/p>\n<p style=\"text-align: center;\">A kako biste imali dovoljno energije za istra\u017eivanje dvorca, poslu\u017eit \u0107e vam ukusni doma\u0107i kola\u010di, komad dvorskog kola\u010da ili pite, sladoled ili druge poslastice.<\/p>\n<p style=\"text-align: center;\">Za zabavu najmla\u0111ih posjetitelja tu su drveni trka\u010di koji se sigurno mogu kretati po bezprometnom okru\u017eenju dvorskog dvori\u0161ta.<\/p>\n<p style=\"text-align: center;\">Dvorska kavana nudi 40 vanjskih sjede\u0107ih mjesta s veli\u010danstvenim pogledom na povijesnu zgradu dvorca Podsreda i mo\u0107ne okolne \u0161ume, a u slu\u010daju lo\u0161eg vremena gostima se mo\u017ee poslu\u017eivati i u dvorcu ili u dvorani za prijem dvorca.<\/p>\n<p style=\"text-align: center;\"><strong>Srda\u010dno ste pozvani u dvorsku kavanu u dvori\u0161tu dvorca Podsreda.<\/strong><\/p>\n<p>[\/vc_column_text][vc_message message_box_color=&#8221;pink&#8221;]<\/p>\n<h4 style=\"text-align: center;\" data-start=\"205\" data-end=\"247\"><strong data-start=\"205\" data-end=\"247\">RADNO VRIJEME<\/strong><\/h4>\n<p style=\"text-align: center;\" data-start=\"249\" data-end=\"349\"><strong data-start=\"249\" data-end=\"272\">OD UTORKA DO PETKA:<\/strong> od 10:00 do 17:00\u00a0<br data-start=\"295\" data-end=\"298\" \/><strong data-start=\"298\" data-end=\"324\">OD SUBOTE DO NEDJELJE:<\/strong> od 10:00 do 19:00<\/p>\n<p style=\"text-align: center;\" data-start=\"351\" data-end=\"394\" data-is-last-node=\"\" data-is-only-node=\"\"><strong data-start=\"351\" data-end=\"394\" data-is-last-node=\"\">Ponedjeljkom je Grajska kavana zatvorena.<\/strong><\/p>\n<p>[\/vc_message][cms_space space_lg=&#8221;40&#8243; space_md=&#8221;40&#8243; space_sm=&#8221;40&#8243; space_xs=&#8221;40&#8243;][vc_column_text]<\/p>\n<p style=\"text-align: center;\">AKTUALNE INFORMACIJE I OSTALA PITANJA U VEZI PONUDE U KAVANU DVORAC:<\/p>\n<p style=\"text-align: center;\"><a href=\"mailto:info@castlepodsreda.com\">info@castlepodsreda.com\u00a0<\/a>\u00a0ili 00386 51 633 793 (Zejna).<\/p>\n<p style=\"text-align: center;\">[\/vc_column_text][cms_space space_lg=&#8221;40&#8243; space_md=&#8221;40&#8243; space_sm=&#8221;40&#8243; space_xs=&#8221;40&#8243;][\/vc_column][\/vc_row][vc_row disable_element=&#8221;yes&#8221;][vc_column][vc_message message_box_color=&#8221;pink&#8221;]<\/p>\n<h4 style=\"text-align: center;\"><strong>DVORSKA KAVANA PODSREDA ZAVR\u0160ILA JE SEZONU<\/strong><\/h4>\n<p style=\"text-align: center;\">Dragi posjetitelji,<\/p>\n<p style=\"text-align: center;\">Dvorska kavana Podsreda slu\u017ebeno je\u00a0<strong>zatvorila svoja vrata za ovu sezonu<\/strong>. Zahvaljujemo svima koji su nas posjetili i u\u017eivali u \u0161alici kave uz prekrasan pogled na \u010darobni okoli\u0161 na\u0161eg dvorca.<\/p>\n<p style=\"text-align: center;\">S veseljem vas ponovno do\u010dekujemo po\u010detkom o\u017eujka, kada otvaramo novo poglavlje dvorskih do\u017eivljaja.<\/p>\n<p style=\"text-align: center;\">Hvala na posjetu i vidimo se sljede\u0107e sezone!<\/p>\n<p style=\"text-align: center;\">Va\u0161 tim Dvorske kavane Podsreda<\/p>\n<p>[\/vc_message][\/vc_column][\/vc_row][vc_row][vc_column width=&#8221;1\/3&#8243;][vc_single_image image=&#8221;8081&#8243; img_size=&#8221;full&#8221;][\/vc_column][vc_column width=&#8221;1\/3&#8243;][vc_single_image image=&#8221;8078&#8243; img_size=&#8221;full&#8221;][\/vc_column][vc_column width=&#8221;1\/3&#8243;][vc_single_image image=&#8221;8079&#8243; img_size=&#8221;full&#8221;][\/vc_column][\/vc_row][vc_row][vc_column width=&#8221;1\/3&#8243;][vc_single_image image=&#8221;8058&#8243; img_size=&#8221;full&#8221;][\/vc_column][vc_column width=&#8221;1\/3&#8243;][vc_single_image image=&#8221;8129&#8243; img_size=&#8221;full&#8221;][\/vc_column][vc_column width=&#8221;1\/3&#8243;][vc_single_image image=&#8221;8056&#8243; img_size=&#8221;full&#8221;][\/vc_column][\/vc_row]<\/p>\n","protected":false},"excerpt":{"rendered":"<p>[vc_row disable_element=&#8221;yes&#8221;][vc_column][vc_message message_box_color=&#8221;pink&#8221;] Redovno radno vrijeme Dvorske kavane Podsreda: Od ponedeljka do petka, ZATVORENO,\u00a0 subotom i nedjeljom, od 9:00 do 17:00. Tim Dvorske kavane Podsreda [\/vc_message][\/vc_column][\/vc_row][vc_row][vc_column][vc_single_image image=&#8221;4089&#8243; alignment=&#8221;center&#8221;][cms_heading text=&#8221;DVORSKA KAVANA PODSREDA&#8221; align_lg=&#8221;align-center&#8221; align_md=&#8221;align-center-md&#8221; align_sm=&#8221;align-center-sm&#8221; align_xs=&#8221;align-center-xs&#8221; line_display=&#8221;hidden-line&#8221; cms_template=&#8221;cms_heading.php&#8221; sub_title=&#8221;Dvorska kavana nudi ne\u0161to za svaki ukus.&#8221;][vc_column_text] Po\u010dastite se lijepom mirisnom dvorskom kavom ili dvorskim \u010dajem, napravljenim od [&hellip;]<\/p>\n","protected":false},"author":2,"featured_media":0,"parent":0,"menu_order":0,"comment_status":"closed","ping_status":"closed","template":"","meta":[],"yoast_head":"<!-- This site is optimized with the Yoast SEO plugin v19.14 - https:\/\/yoast.com\/wordpress\/plugins\/seo\/ -->\n<title>DVORSKA KAVANA PODSREDA | Grad Podsreda | Sobe in apartmaji | Grajska ponudba<\/title>\n<meta name=\"robots\" content=\"index, follow, max-snippet:-1, max-image-preview:large, max-video-preview:-1\" \/>\n<link rel=\"canonical\" href=\"https:\/\/castlepodsreda.com\/hr\/dvorska-kavana\/\" \/>\n<meta property=\"og:locale\" content=\"hr_HR\" \/>\n<meta property=\"og:type\" content=\"article\" \/>\n<meta property=\"og:title\" content=\"DVORSKA KAVANA PODSREDA | Grad Podsreda | Sobe in apartmaji | Grajska ponudba\" \/>\n<meta property=\"og:description\" content=\"[vc_row disable_element=&#8221;yes&#8221;][vc_column][vc_message message_box_color=&#8221;pink&#8221;] Redovno radno vrijeme Dvorske kavane Podsreda: Od ponedeljka do petka, ZATVORENO,\u00a0 subotom i nedjeljom, od 9:00 do 17:00. Tim Dvorske kavane Podsreda [\/vc_message][\/vc_column][\/vc_row][vc_row][vc_column][vc_single_image image=&#8221;4089&#8243; alignment=&#8221;center&#8221;][cms_heading text=&#8221;DVORSKA KAVANA PODSREDA&#8221; align_lg=&#8221;align-center&#8221; align_md=&#8221;align-center-md&#8221; align_sm=&#8221;align-center-sm&#8221; align_xs=&#8221;align-center-xs&#8221; line_display=&#8221;hidden-line&#8221; cms_template=&#8221;cms_heading.php&#8221; sub_title=&#8221;Dvorska kavana nudi ne\u0161to za svaki ukus.&#8221;][vc_column_text] Po\u010dastite se lijepom mirisnom dvorskom kavom ili dvorskim \u010dajem, napravljenim od [&hellip;]\" \/>\n<meta property=\"og:url\" content=\"https:\/\/castlepodsreda.com\/hr\/dvorska-kavana\/\" \/>\n<meta property=\"og:site_name\" content=\"Grad Podsreda | Sobe in apartmaji | Grajska ponudba\" \/>\n<meta property=\"article:publisher\" content=\"https:\/\/www.facebook.com\/podsredacastle\" \/>\n<meta property=\"article:modified_time\" content=\"2026-03-06T11:28:41+00:00\" \/>\n<meta name=\"twitter:card\" content=\"summary_large_image\" \/>\n<meta name=\"twitter:label1\" content=\"Procijenjeno vrijeme \u010ditanja\" \/>\n\t<meta name=\"twitter:data1\" content=\"2 minute\" \/>\n<script type=\"application\/ld+json\" class=\"yoast-schema-graph\">{\"@context\":\"https:\/\/schema.org\",\"@graph\":[{\"@type\":\"WebPage\",\"@id\":\"https:\/\/castlepodsreda.com\/hr\/dvorska-kavana\/\",\"url\":\"https:\/\/castlepodsreda.com\/hr\/dvorska-kavana\/\",\"name\":\"DVORSKA KAVANA PODSREDA | Grad Podsreda | Sobe in apartmaji | Grajska ponudba\",\"isPartOf\":{\"@id\":\"https:\/\/castlepodsreda.com\/hr\/#website\"},\"datePublished\":\"2022-05-06T11:36:10+00:00\",\"dateModified\":\"2026-03-06T11:28:41+00:00\",\"breadcrumb\":{\"@id\":\"https:\/\/castlepodsreda.com\/hr\/dvorska-kavana\/#breadcrumb\"},\"inLanguage\":\"hr\",\"potentialAction\":[{\"@type\":\"ReadAction\",\"target\":[\"https:\/\/castlepodsreda.com\/hr\/dvorska-kavana\/\"]}]},{\"@type\":\"BreadcrumbList\",\"@id\":\"https:\/\/castlepodsreda.com\/hr\/dvorska-kavana\/#breadcrumb\",\"itemListElement\":[{\"@type\":\"ListItem\",\"position\":1,\"name\":\"Home\",\"item\":\"https:\/\/castlepodsreda.com\/hr\/\"},{\"@type\":\"ListItem\",\"position\":2,\"name\":\"DVORSKA KAVANA PODSREDA\"}]},{\"@type\":\"WebSite\",\"@id\":\"https:\/\/castlepodsreda.com\/hr\/#website\",\"url\":\"https:\/\/castlepodsreda.com\/hr\/\",\"name\":\"Grad Podsreda | Sobe in apartmaji | Grajska ponudba\",\"description\":\"Najbolj grajski med gradovi v Sloveniji\",\"publisher\":{\"@id\":\"https:\/\/castlepodsreda.com\/hr\/#organization\"},\"potentialAction\":[{\"@type\":\"SearchAction\",\"target\":{\"@type\":\"EntryPoint\",\"urlTemplate\":\"https:\/\/castlepodsreda.com\/hr\/?s={search_term_string}\"},\"query-input\":\"required name=search_term_string\"}],\"inLanguage\":\"hr\"},{\"@type\":\"Organization\",\"@id\":\"https:\/\/castlepodsreda.com\/hr\/#organization\",\"name\":\"Grad Podsreda | Sobe in apartmaji | Grajska ponudba\",\"url\":\"https:\/\/castlepodsreda.com\/hr\/\",\"logo\":{\"@type\":\"ImageObject\",\"inLanguage\":\"hr\",\"@id\":\"https:\/\/castlepodsreda.com\/hr\/#\/schema\/logo\/image\/\",\"url\":\"https:\/\/castlepodsreda.com\/wp-content\/uploads\/2020\/04\/logo-grad-podsreda-2.jpg\",\"contentUrl\":\"https:\/\/castlepodsreda.com\/wp-content\/uploads\/2020\/04\/logo-grad-podsreda-2.jpg\",\"width\":576,\"height\":576,\"caption\":\"Grad Podsreda | Sobe in apartmaji | Grajska ponudba\"},\"image\":{\"@id\":\"https:\/\/castlepodsreda.com\/hr\/#\/schema\/logo\/image\/\"},\"sameAs\":[\"https:\/\/www.instagram.com\/podsredacastle\/\",\"https:\/\/www.facebook.com\/podsredacastle\"]}]}<\/script>\n<!-- \/ Yoast SEO plugin. -->","yoast_head_json":{"title":"DVORSKA KAVANA PODSREDA | Grad Podsreda | Sobe in apartmaji | Grajska ponudba","robots":{"index":"index","follow":"follow","max-snippet":"max-snippet:-1","max-image-preview":"max-image-preview:large","max-video-preview":"max-video-preview:-1"},"canonical":"https:\/\/castlepodsreda.com\/hr\/dvorska-kavana\/","og_locale":"hr_HR","og_type":"article","og_title":"DVORSKA KAVANA PODSREDA | Grad Podsreda | Sobe in apartmaji | Grajska ponudba","og_description":"[vc_row disable_element=&#8221;yes&#8221;][vc_column][vc_message message_box_color=&#8221;pink&#8221;] Redovno radno vrijeme Dvorske kavane Podsreda: Od ponedeljka do petka, ZATVORENO,\u00a0 subotom i nedjeljom, od 9:00 do 17:00. Tim Dvorske kavane Podsreda [\/vc_message][\/vc_column][\/vc_row][vc_row][vc_column][vc_single_image image=&#8221;4089&#8243; alignment=&#8221;center&#8221;][cms_heading text=&#8221;DVORSKA KAVANA PODSREDA&#8221; align_lg=&#8221;align-center&#8221; align_md=&#8221;align-center-md&#8221; align_sm=&#8221;align-center-sm&#8221; align_xs=&#8221;align-center-xs&#8221; line_display=&#8221;hidden-line&#8221; cms_template=&#8221;cms_heading.php&#8221; sub_title=&#8221;Dvorska kavana nudi ne\u0161to za svaki ukus.&#8221;][vc_column_text] Po\u010dastite se lijepom mirisnom dvorskom kavom ili dvorskim \u010dajem, napravljenim od [&hellip;]","og_url":"https:\/\/castlepodsreda.com\/hr\/dvorska-kavana\/","og_site_name":"Grad Podsreda | Sobe in apartmaji | Grajska ponudba","article_publisher":"https:\/\/www.facebook.com\/podsredacastle","article_modified_time":"2026-03-06T11:28:41+00:00","twitter_card":"summary_large_image","twitter_misc":{"Procijenjeno vrijeme \u010ditanja":"2 minute"},"schema":{"@context":"https:\/\/schema.org","@graph":[{"@type":"WebPage","@id":"https:\/\/castlepodsreda.com\/hr\/dvorska-kavana\/","url":"https:\/\/castlepodsreda.com\/hr\/dvorska-kavana\/","name":"DVORSKA KAVANA PODSREDA | Grad Podsreda | Sobe in apartmaji | Grajska ponudba","isPartOf":{"@id":"https:\/\/castlepodsreda.com\/hr\/#website"},"datePublished":"2022-05-06T11:36:10+00:00","dateModified":"2026-03-06T11:28:41+00:00","breadcrumb":{"@id":"https:\/\/castlepodsreda.com\/hr\/dvorska-kavana\/#breadcrumb"},"inLanguage":"hr","potentialAction":[{"@type":"ReadAction","target":["https:\/\/castlepodsreda.com\/hr\/dvorska-kavana\/"]}]},{"@type":"BreadcrumbList","@id":"https:\/\/castlepodsreda.com\/hr\/dvorska-kavana\/#breadcrumb","itemListElement":[{"@type":"ListItem","position":1,"name":"Home","item":"https:\/\/castlepodsreda.com\/hr\/"},{"@type":"ListItem","position":2,"name":"DVORSKA KAVANA PODSREDA"}]},{"@type":"WebSite","@id":"https:\/\/castlepodsreda.com\/hr\/#website","url":"https:\/\/castlepodsreda.com\/hr\/","name":"Grad Podsreda | Sobe in apartmaji | Grajska ponudba","description":"Najbolj grajski med gradovi v Sloveniji","publisher":{"@id":"https:\/\/castlepodsreda.com\/hr\/#organization"},"potentialAction":[{"@type":"SearchAction","target":{"@type":"EntryPoint","urlTemplate":"https:\/\/castlepodsreda.com\/hr\/?s={search_term_string}"},"query-input":"required name=search_term_string"}],"inLanguage":"hr"},{"@type":"Organization","@id":"https:\/\/castlepodsreda.com\/hr\/#organization","name":"Grad Podsreda | Sobe in apartmaji | Grajska ponudba","url":"https:\/\/castlepodsreda.com\/hr\/","logo":{"@type":"ImageObject","inLanguage":"hr","@id":"https:\/\/castlepodsreda.com\/hr\/#\/schema\/logo\/image\/","url":"https:\/\/castlepodsreda.com\/wp-content\/uploads\/2020\/04\/logo-grad-podsreda-2.jpg","contentUrl":"https:\/\/castlepodsreda.com\/wp-content\/uploads\/2020\/04\/logo-grad-podsreda-2.jpg","width":576,"height":576,"caption":"Grad Podsreda | Sobe in apartmaji | Grajska ponudba"},"image":{"@id":"https:\/\/castlepodsreda.com\/hr\/#\/schema\/logo\/image\/"},"sameAs":["https:\/\/www.instagram.com\/podsredacastle\/","https:\/\/www.facebook.com\/podsredacastle"]}]}},"_links":{"self":[{"href":"https:\/\/castlepodsreda.com\/hr\/wp-json\/wp\/v2\/pages\/34471"}],"collection":[{"href":"https:\/\/castlepodsreda.com\/hr\/wp-json\/wp\/v2\/pages"}],"about":[{"href":"https:\/\/castlepodsreda.com\/hr\/wp-json\/wp\/v2\/types\/page"}],"author":[{"embeddable":true,"href":"https:\/\/castlepodsreda.com\/hr\/wp-json\/wp\/v2\/users\/2"}],"replies":[{"embeddable":true,"href":"https:\/\/castlepodsreda.com\/hr\/wp-json\/wp\/v2\/comments?post=34471"}],"version-history":[{"count":11,"href":"https:\/\/castlepodsreda.com\/hr\/wp-json\/wp\/v2\/pages\/34471\/revisions"}],"predecessor-version":[{"id":40453,"href":"https:\/\/castlepodsreda.com\/hr\/wp-json\/wp\/v2\/pages\/34471\/revisions\/40453"}],"wp:attachment":[{"href":"https:\/\/castlepodsreda.com\/hr\/wp-json\/wp\/v2\/media?parent=34471"}],"curies":[{"name":"wp","href":"https:\/\/api.w.org\/{rel}","templated":true}]}}