{"id":34475,"date":"2022-05-06T11:53:53","date_gmt":"2022-05-06T11:53:53","guid":{"rendered":"https:\/\/castlepodsreda.com\/?page_id=34475"},"modified":"2023-11-24T10:04:54","modified_gmt":"2023-11-24T10:04:54","slug":"dvorska-trgovina","status":"publish","type":"page","link":"https:\/\/castlepodsreda.com\/hr\/dvorska-trgovina\/","title":{"rendered":"DVORSKA TRGOVINA"},"content":{"rendered":"<p>[vc_row][vc_column width=&#8221;1\/2&#8243;][cms_fancybox font_weight=&#8221;700&#8243; letter_spacing=&#8221;0.025em&#8221; button_text=&#8221;O SO\u017dITJE-KOZJANSKI PARK KOLEKTIVNOM BRENDU&#8221; button_link=&#8221;url:https%3A%2F%2Fkozjanski-park.si%2F%3Fpage_id%3D1180|title:Kolektivna%20blagovna%20znamka%20So%C5%BEitje-Kozjanski%20park%20||&#8221; cms_template=&#8221;cms_fancybox&#8211;layout4.php&#8221; el_title=&#8221;Dvorska trgovina doma\u0107ih proizvoda&#8221; fcb_description=&#8221;Dvorska trgovina nudi lokalne proizvode od vi\u0161e od 30 dobavlja\u010da iz Kozjanskog regionalnog parka i biosfernog podru\u010dja Kozjansko i Obsotelje. Ponuda usredoto\u010dena je na proizvode lokalnih organskih farmi i ru\u010dnih radova.<br \/>\n&#8221; title_font_size=&#8221;45&#8243; fcb_description2=&#8221;Ve\u0107ina proizvo\u0111a\u010da uklju\u010denih u ponudu ponosno nosi robnu marku So\u017eitje-Kozjanski Park, koju dodjeljuje Kozjanski park od 2009. godine, a namijenjena je ozna\u010davanju podrijetla, izvora, proizvodnje i izrade robe, proizvoda, trgova\u010dke robe i usluga koje su u skladu s op\u0107om misijom na\u0161eg za\u0161ti\u0107enog podru\u010dja.&#8221;][vc_column_text][\/vc_column_text][\/vc_column][vc_column width=&#8221;1\/2&#8243;][vc_single_image image=&#8221;7436&#8243; img_size=&#8221;full&#8221;][vc_message message_box_color=&#8221;chino&#8221;]Mo\u017eete kupiti uzbudljive suvenire, igra\u010dke, jedinstveno gravirano staklo, ru\u010dno izra\u0111eni nakit ili druge zanimljive proizvode. Tu su i doma\u0107i keksi, razni doma\u0107i kola\u010di, doma\u0107i rezanci, \u010dokolada iz \u010cokoladnice Olimje, lokalni p\u010delinji proizvodi, lokalni suhomesnati proizvodi, kao i razna vina, pjenu\u0161ci, cider, ocat, biljni likeri, biljni \u010dajevi i razni sokovi \u2026[\/vc_message][\/vc_column][\/vc_row][vc_row][vc_column width=&#8221;1\/3&#8243;][vc_single_image image=&#8221;8099&#8243; img_size=&#8221;full&#8221;][\/vc_column][vc_column width=&#8221;1\/3&#8243;][vc_single_image image=&#8221;8103&#8243; img_size=&#8221;full&#8221;][\/vc_column][vc_column width=&#8221;1\/3&#8243;][vc_single_image image=&#8221;8101&#8243; img_size=&#8221;full&#8221;][\/vc_column][vc_column][vc_single_image image=&#8221;4089&#8243; alignment=&#8221;center&#8221;][cms_heading text_before=&#8221;NA\u0160I NA\u010cELA ODR\u017dIVOSTI&#8221; align_lg=&#8221;align-center&#8221; align_md=&#8221;align-center-md&#8221; align_sm=&#8221;align-center-sm&#8221; align_xs=&#8221;align-center-xs&#8221; description=&#8221;Ponuda lokalnih proizvoda u dvorskoj trgovini slijedi osnovne smjernice Kozjanskog regionalnog parka, gdje vjerujemo da je odr\u017eivo upravljanje i briga za prirodno okru\u017eenje pravi put.&#8221; description_font_size=&#8221;18&#8243; des_font_weight=&#8221;600&#8243; cms_template=&#8221;cms_heading&#8211;layout2.php&#8221;][cms_space space_lg=&#8221;40&#8243; space_md=&#8221;30&#8243; space_sm=&#8221;20&#8243;][vc_column_text]<\/p>\n<p style=\"text-align: center;\"><strong>Svjesni da na\u0161a djelovanja imaju utjecaj na okoli\u0161, lokalnu zajednicu i o\u010duvanje prirodne i kulturne ba\u0161tine, na\u0161a je glavna poslovna smjernica bliska suradnja s lokalnom zajednicom, proizvo\u0111a\u010dima hrane i pi\u0107a, lokalnim dobavlja\u010dima i prakti\u010darima tradicionalnih zanata te promicanje pozitivnog stava prema okoli\u0161u u kojem djelujemo.<\/strong><\/p>\n<p style=\"text-align: center;\">\u017delimo podijeliti ova na\u010dela s posjetiteljima koji dolaze u dvorac Podsreda i Kozjanski regionalni park, zbog \u010dega smo uspostavili partnerstvo s lokalnim umjetnicima, proizvo\u0111a\u010dima i zanatlijama kako bismo razvili ponudu u na\u0161em prodajnom kutku.<\/p>\n<p style=\"text-align: center;\"><strong>Posjetite nas i zadovoljite svoju znati\u017eelju \u0161irokim izborom lokalnih proizvoda. Sigurno \u0107ete prona\u0107i lijepu poslasticu koja \u0107e razveseliti va\u0161u obitelj i prijatelje.<\/strong><\/p>\n<p>[\/vc_column_text][cms_button button_text=&#8221;TRENUTNO RADNO VRIJEME&#8221; button_link=&#8221;url:https%3A%2F%2Fcastlepodsreda.com%2Fhr%2Fradno-vrijeme-i-cjenik%2F|title:ODPIRALNI%20%C4%8CAS%20IN%20VSTOPNINA||&#8221; font_weight=&#8221;400&#8243; button_align=&#8221;center&#8221; button_align_md=&#8221;center&#8221; button_align_sm=&#8221;center&#8221; button_align_xs=&#8221;center&#8221;][vc_column_text][\/vc_column_text][cms_space][\/vc_column][\/vc_row][vc_row][vc_column][cms_space][\/vc_column][\/vc_row][vc_row][vc_column width=&#8221;1\/3&#8243;][vc_single_image image=&#8221;7432&#8243; img_size=&#8221;full&#8221;][\/vc_column][vc_column width=&#8221;1\/3&#8243;][vc_single_image image=&#8221;7433&#8243; img_size=&#8221;full&#8221;][\/vc_column][vc_column width=&#8221;1\/3&#8243;][vc_single_image image=&#8221;7434&#8243; img_size=&#8221;full&#8221;][\/vc_column][\/vc_row]<\/p>\n","protected":false},"excerpt":{"rendered":"<p>[vc_row][vc_column width=&#8221;1\/2&#8243;][cms_fancybox font_weight=&#8221;700&#8243; letter_spacing=&#8221;0.025em&#8221; button_text=&#8221;O SO\u017dITJE-KOZJANSKI PARK KOLEKTIVNOM BRENDU&#8221; button_link=&#8221;url:https%3A%2F%2Fkozjanski-park.si%2F%3Fpage_id%3D1180|title:Kolektivna%20blagovna%20znamka%20So%C5%BEitje-Kozjanski%20park%20||&#8221; cms_template=&#8221;cms_fancybox&#8211;layout4.php&#8221; el_title=&#8221;Dvorska trgovina doma\u0107ih proizvoda&#8221; fcb_description=&#8221;Dvorska trgovina nudi lokalne proizvode od vi\u0161e od 30 dobavlja\u010da iz Kozjanskog regionalnog parka i biosfernog podru\u010dja Kozjansko i Obsotelje. Ponuda usredoto\u010dena je na proizvode lokalnih organskih farmi i ru\u010dnih radova. &#8221; title_font_size=&#8221;45&#8243; fcb_description2=&#8221;Ve\u0107ina proizvo\u0111a\u010da uklju\u010denih u ponudu ponosno nosi [&hellip;]<\/p>\n","protected":false},"author":2,"featured_media":27570,"parent":0,"menu_order":0,"comment_status":"closed","ping_status":"closed","template":"","meta":[],"yoast_head":"<!-- This site is optimized with the Yoast SEO plugin v19.14 - https:\/\/yoast.com\/wordpress\/plugins\/seo\/ -->\n<title>DVORSKA TRGOVINA | Grad Podsreda | Sobe in apartmaji | Grajska ponudba<\/title>\n<meta name=\"robots\" content=\"index, follow, max-snippet:-1, max-image-preview:large, max-video-preview:-1\" \/>\n<link rel=\"canonical\" href=\"https:\/\/castlepodsreda.com\/hr\/dvorska-trgovina\/\" \/>\n<meta property=\"og:locale\" content=\"hr_HR\" \/>\n<meta property=\"og:type\" content=\"article\" \/>\n<meta property=\"og:title\" content=\"DVORSKA TRGOVINA | Grad Podsreda | Sobe in apartmaji | Grajska ponudba\" \/>\n<meta property=\"og:description\" content=\"[vc_row][vc_column width=&#8221;1\/2&#8243;][cms_fancybox font_weight=&#8221;700&#8243; letter_spacing=&#8221;0.025em&#8221; button_text=&#8221;O SO\u017dITJE-KOZJANSKI PARK KOLEKTIVNOM BRENDU&#8221; button_link=&#8221;url:https%3A%2F%2Fkozjanski-park.si%2F%3Fpage_id%3D1180|title:Kolektivna%20blagovna%20znamka%20So%C5%BEitje-Kozjanski%20park%20||&#8221; cms_template=&#8221;cms_fancybox&#8211;layout4.php&#8221; el_title=&#8221;Dvorska trgovina doma\u0107ih proizvoda&#8221; fcb_description=&#8221;Dvorska trgovina nudi lokalne proizvode od vi\u0161e od 30 dobavlja\u010da iz Kozjanskog regionalnog parka i biosfernog podru\u010dja Kozjansko i Obsotelje. Ponuda usredoto\u010dena je na proizvode lokalnih organskih farmi i ru\u010dnih radova. &#8221; title_font_size=&#8221;45&#8243; fcb_description2=&#8221;Ve\u0107ina proizvo\u0111a\u010da uklju\u010denih u ponudu ponosno nosi [&hellip;]\" \/>\n<meta property=\"og:url\" content=\"https:\/\/castlepodsreda.com\/hr\/dvorska-trgovina\/\" \/>\n<meta property=\"og:site_name\" content=\"Grad Podsreda | Sobe in apartmaji | Grajska ponudba\" \/>\n<meta property=\"article:publisher\" content=\"https:\/\/www.facebook.com\/podsredacastle\" \/>\n<meta property=\"article:modified_time\" content=\"2023-11-24T10:04:54+00:00\" \/>\n<meta property=\"og:image\" content=\"https:\/\/castlepodsreda.com\/wp-content\/uploads\/2022\/05\/grajska-trgovina-cela.jpg\" \/>\n\t<meta property=\"og:image:width\" content=\"1903\" \/>\n\t<meta property=\"og:image:height\" content=\"512\" \/>\n\t<meta property=\"og:image:type\" content=\"image\/jpeg\" \/>\n<meta name=\"twitter:card\" content=\"summary_large_image\" \/>\n<meta name=\"twitter:label1\" content=\"Procijenjeno vrijeme \u010ditanja\" \/>\n\t<meta name=\"twitter:data1\" content=\"2 minute\" \/>\n<script type=\"application\/ld+json\" class=\"yoast-schema-graph\">{\"@context\":\"https:\/\/schema.org\",\"@graph\":[{\"@type\":\"WebPage\",\"@id\":\"https:\/\/castlepodsreda.com\/hr\/dvorska-trgovina\/\",\"url\":\"https:\/\/castlepodsreda.com\/hr\/dvorska-trgovina\/\",\"name\":\"DVORSKA TRGOVINA | Grad Podsreda | Sobe in apartmaji | Grajska ponudba\",\"isPartOf\":{\"@id\":\"https:\/\/castlepodsreda.com\/hr\/#website\"},\"datePublished\":\"2022-05-06T11:53:53+00:00\",\"dateModified\":\"2023-11-24T10:04:54+00:00\",\"breadcrumb\":{\"@id\":\"https:\/\/castlepodsreda.com\/hr\/dvorska-trgovina\/#breadcrumb\"},\"inLanguage\":\"hr\",\"potentialAction\":[{\"@type\":\"ReadAction\",\"target\":[\"https:\/\/castlepodsreda.com\/hr\/dvorska-trgovina\/\"]}]},{\"@type\":\"BreadcrumbList\",\"@id\":\"https:\/\/castlepodsreda.com\/hr\/dvorska-trgovina\/#breadcrumb\",\"itemListElement\":[{\"@type\":\"ListItem\",\"position\":1,\"name\":\"Home\",\"item\":\"https:\/\/castlepodsreda.com\/hr\/\"},{\"@type\":\"ListItem\",\"position\":2,\"name\":\"DVORSKA TRGOVINA\"}]},{\"@type\":\"WebSite\",\"@id\":\"https:\/\/castlepodsreda.com\/hr\/#website\",\"url\":\"https:\/\/castlepodsreda.com\/hr\/\",\"name\":\"Grad Podsreda | Sobe in apartmaji | Grajska ponudba\",\"description\":\"Najbolj grajski med gradovi v Sloveniji\",\"publisher\":{\"@id\":\"https:\/\/castlepodsreda.com\/hr\/#organization\"},\"potentialAction\":[{\"@type\":\"SearchAction\",\"target\":{\"@type\":\"EntryPoint\",\"urlTemplate\":\"https:\/\/castlepodsreda.com\/hr\/?s={search_term_string}\"},\"query-input\":\"required name=search_term_string\"}],\"inLanguage\":\"hr\"},{\"@type\":\"Organization\",\"@id\":\"https:\/\/castlepodsreda.com\/hr\/#organization\",\"name\":\"Grad Podsreda | Sobe in apartmaji | Grajska ponudba\",\"url\":\"https:\/\/castlepodsreda.com\/hr\/\",\"logo\":{\"@type\":\"ImageObject\",\"inLanguage\":\"hr\",\"@id\":\"https:\/\/castlepodsreda.com\/hr\/#\/schema\/logo\/image\/\",\"url\":\"https:\/\/castlepodsreda.com\/wp-content\/uploads\/2020\/04\/logo-grad-podsreda-2.jpg\",\"contentUrl\":\"https:\/\/castlepodsreda.com\/wp-content\/uploads\/2020\/04\/logo-grad-podsreda-2.jpg\",\"width\":576,\"height\":576,\"caption\":\"Grad Podsreda | Sobe in apartmaji | Grajska ponudba\"},\"image\":{\"@id\":\"https:\/\/castlepodsreda.com\/hr\/#\/schema\/logo\/image\/\"},\"sameAs\":[\"https:\/\/www.instagram.com\/podsredacastle\/\",\"https:\/\/www.facebook.com\/podsredacastle\"]}]}<\/script>\n<!-- \/ Yoast SEO plugin. -->","yoast_head_json":{"title":"DVORSKA TRGOVINA | Grad Podsreda | Sobe in apartmaji | Grajska ponudba","robots":{"index":"index","follow":"follow","max-snippet":"max-snippet:-1","max-image-preview":"max-image-preview:large","max-video-preview":"max-video-preview:-1"},"canonical":"https:\/\/castlepodsreda.com\/hr\/dvorska-trgovina\/","og_locale":"hr_HR","og_type":"article","og_title":"DVORSKA TRGOVINA | Grad Podsreda | Sobe in apartmaji | Grajska ponudba","og_description":"[vc_row][vc_column width=&#8221;1\/2&#8243;][cms_fancybox font_weight=&#8221;700&#8243; letter_spacing=&#8221;0.025em&#8221; button_text=&#8221;O SO\u017dITJE-KOZJANSKI PARK KOLEKTIVNOM BRENDU&#8221; button_link=&#8221;url:https%3A%2F%2Fkozjanski-park.si%2F%3Fpage_id%3D1180|title:Kolektivna%20blagovna%20znamka%20So%C5%BEitje-Kozjanski%20park%20||&#8221; cms_template=&#8221;cms_fancybox&#8211;layout4.php&#8221; el_title=&#8221;Dvorska trgovina doma\u0107ih proizvoda&#8221; fcb_description=&#8221;Dvorska trgovina nudi lokalne proizvode od vi\u0161e od 30 dobavlja\u010da iz Kozjanskog regionalnog parka i biosfernog podru\u010dja Kozjansko i Obsotelje. Ponuda usredoto\u010dena je na proizvode lokalnih organskih farmi i ru\u010dnih radova. &#8221; title_font_size=&#8221;45&#8243; fcb_description2=&#8221;Ve\u0107ina proizvo\u0111a\u010da uklju\u010denih u ponudu ponosno nosi [&hellip;]","og_url":"https:\/\/castlepodsreda.com\/hr\/dvorska-trgovina\/","og_site_name":"Grad Podsreda | Sobe in apartmaji | Grajska ponudba","article_publisher":"https:\/\/www.facebook.com\/podsredacastle","article_modified_time":"2023-11-24T10:04:54+00:00","og_image":[{"width":1903,"height":512,"url":"https:\/\/castlepodsreda.com\/wp-content\/uploads\/2022\/05\/grajska-trgovina-cela.jpg","type":"image\/jpeg"}],"twitter_card":"summary_large_image","twitter_misc":{"Procijenjeno vrijeme \u010ditanja":"2 minute"},"schema":{"@context":"https:\/\/schema.org","@graph":[{"@type":"WebPage","@id":"https:\/\/castlepodsreda.com\/hr\/dvorska-trgovina\/","url":"https:\/\/castlepodsreda.com\/hr\/dvorska-trgovina\/","name":"DVORSKA TRGOVINA | Grad Podsreda | Sobe in apartmaji | Grajska ponudba","isPartOf":{"@id":"https:\/\/castlepodsreda.com\/hr\/#website"},"datePublished":"2022-05-06T11:53:53+00:00","dateModified":"2023-11-24T10:04:54+00:00","breadcrumb":{"@id":"https:\/\/castlepodsreda.com\/hr\/dvorska-trgovina\/#breadcrumb"},"inLanguage":"hr","potentialAction":[{"@type":"ReadAction","target":["https:\/\/castlepodsreda.com\/hr\/dvorska-trgovina\/"]}]},{"@type":"BreadcrumbList","@id":"https:\/\/castlepodsreda.com\/hr\/dvorska-trgovina\/#breadcrumb","itemListElement":[{"@type":"ListItem","position":1,"name":"Home","item":"https:\/\/castlepodsreda.com\/hr\/"},{"@type":"ListItem","position":2,"name":"DVORSKA TRGOVINA"}]},{"@type":"WebSite","@id":"https:\/\/castlepodsreda.com\/hr\/#website","url":"https:\/\/castlepodsreda.com\/hr\/","name":"Grad Podsreda | Sobe in apartmaji | Grajska ponudba","description":"Najbolj grajski med gradovi v Sloveniji","publisher":{"@id":"https:\/\/castlepodsreda.com\/hr\/#organization"},"potentialAction":[{"@type":"SearchAction","target":{"@type":"EntryPoint","urlTemplate":"https:\/\/castlepodsreda.com\/hr\/?s={search_term_string}"},"query-input":"required name=search_term_string"}],"inLanguage":"hr"},{"@type":"Organization","@id":"https:\/\/castlepodsreda.com\/hr\/#organization","name":"Grad Podsreda | Sobe in apartmaji | Grajska ponudba","url":"https:\/\/castlepodsreda.com\/hr\/","logo":{"@type":"ImageObject","inLanguage":"hr","@id":"https:\/\/castlepodsreda.com\/hr\/#\/schema\/logo\/image\/","url":"https:\/\/castlepodsreda.com\/wp-content\/uploads\/2020\/04\/logo-grad-podsreda-2.jpg","contentUrl":"https:\/\/castlepodsreda.com\/wp-content\/uploads\/2020\/04\/logo-grad-podsreda-2.jpg","width":576,"height":576,"caption":"Grad Podsreda | Sobe in apartmaji | Grajska ponudba"},"image":{"@id":"https:\/\/castlepodsreda.com\/hr\/#\/schema\/logo\/image\/"},"sameAs":["https:\/\/www.instagram.com\/podsredacastle\/","https:\/\/www.facebook.com\/podsredacastle"]}]}},"_links":{"self":[{"href":"https:\/\/castlepodsreda.com\/hr\/wp-json\/wp\/v2\/pages\/34475"}],"collection":[{"href":"https:\/\/castlepodsreda.com\/hr\/wp-json\/wp\/v2\/pages"}],"about":[{"href":"https:\/\/castlepodsreda.com\/hr\/wp-json\/wp\/v2\/types\/page"}],"author":[{"embeddable":true,"href":"https:\/\/castlepodsreda.com\/hr\/wp-json\/wp\/v2\/users\/2"}],"replies":[{"embeddable":true,"href":"https:\/\/castlepodsreda.com\/hr\/wp-json\/wp\/v2\/comments?post=34475"}],"version-history":[{"count":2,"href":"https:\/\/castlepodsreda.com\/hr\/wp-json\/wp\/v2\/pages\/34475\/revisions"}],"predecessor-version":[{"id":34478,"href":"https:\/\/castlepodsreda.com\/hr\/wp-json\/wp\/v2\/pages\/34475\/revisions\/34478"}],"wp:featuredmedia":[{"embeddable":true,"href":"https:\/\/castlepodsreda.com\/hr\/wp-json\/wp\/v2\/media\/27570"}],"wp:attachment":[{"href":"https:\/\/castlepodsreda.com\/hr\/wp-json\/wp\/v2\/media?parent=34475"}],"curies":[{"name":"wp","href":"https:\/\/api.w.org\/{rel}","templated":true}]}}