{"id":34479,"date":"2022-05-06T11:46:23","date_gmt":"2022-05-06T11:46:23","guid":{"rendered":"https:\/\/castlepodsreda.com\/?page_id=34479"},"modified":"2023-11-24T10:17:06","modified_gmt":"2023-11-24T10:17:06","slug":"izposoja-e-koles","status":"publish","type":"page","link":"https:\/\/castlepodsreda.com\/hr\/izposoja-e-koles\/","title":{"rendered":"IZNAJMLJIVANJE E-BICIKLA"},"content":{"rendered":"<p>[vc_row][vc_column width=&#8221;1\/2&#8243;][vc_single_image image=&#8221;8090&#8243; img_size=&#8221;full&#8221;][\/vc_column][vc_column width=&#8221;1\/2&#8243;][cms_fancybox font_weight=&#8221;700&#8243; letter_spacing=&#8221;0.025em&#8221; cms_template=&#8221;cms_fancybox&#8211;layout4.php&#8221; el_title=&#8221;Istra\u017eivanje okolice dvorca s e-biciklima&#8221; fcb_description=&#8221;Dvorac Podsreda vas poziva da otkrijete pri\u010de skrivene unutar njegovih zidina, ali ima jo\u0161 nepoznatih \u010duda u okolini na\u0161eg dvorca, koji se nalazi u samom srcu za\u0161ti\u0107enog podru\u010dja Kozjanskog regionalnog parka. Ispod \u0107ete prona\u0107i neke mogu\u0107e biciklisti\u010dke rute kako biste otkrili znamenitosti za\u0161ti\u0107enog podru\u010dja oko dvorca Podsreda.<\/p>\n<p>Nudimo mogu\u0107nost iznajmljivanja elektri\u010dnih bicikala na dvorcu Podsreda.<br \/>\n&#8221; title_font_size=&#8221;45&#8243; fcb_description2=&#8221;Najam bicikla ko\u0161ta 20,00 eura po danu.<br \/>\nCijena najma za goste soba i apartmana dvorca Podsreda iznosi 15 eura dnevno.&#8221;][vc_message message_box_color=&#8221;chino&#8221;]Elektri\u010dni bicikli su bicikli za planinsko bicikliranje proizvo\u0111a\u010da Dema. Bicikli su pogodni za asfaltirane i odr\u017eavane \u0161ljun\u010dane staze, ali nisu pogodni za vo\u017enju &#8220;off-road&#8221;. Motor nudi 50Nm okretnog momenta i poma\u017ee u postizanju brzine do 25 km\/h. Bicikl ima 9 mehani\u010dkih brzina i 9 razina pomo\u0107i motora. Uz kombiniranu i prilago\u0111enu vo\u017enju, mogu\u0107 je doseg do 100 km. Tako\u0111er dobivate punja\u010d baterije i lokot za bicikl prilikom najma bicikla.[\/vc_message][vc_column_text][\/vc_column_text][cms_space space_lg=&#8221;80&#8243; space_md=&#8221;80&#8243; space_sm=&#8221;80&#8243; space_xs=&#8221;80&#8243;][\/vc_column][\/vc_row][vc_row][vc_column width=&#8221;1\/2&#8243;][cms_fancybox font_weight=&#8221;700&#8243; letter_spacing=&#8221;0.025em&#8221; des_font_weight=&#8221;400&#8243; cms_template=&#8221;cms_fancybox&#8211;layout4.php&#8221; fcb_description=&#8221;Najam e-bicikala mogu\u0107 je od utorka do nedjelje od 10:00 do 17:00 sati na dvorcu Podsreda (Podsreda 103, 3257 Podsreda). Rezervacije mo\u017eete napraviti na broj: +386 (0)3 5806 118 izme\u0111u 10:00 i 17:00 sati od utorka do nedjelje (Dvorac Podsreda zatvoren je ponedjeljkom) ili putem info@castlepodsreda.com.&#8221; title_font_size=&#8221;45&#8243; el_title=&#8221;Iznajmite e-bicikl&#8221; fcb_description2=&#8221;Uz kombiniranu i prilago\u0111enu vo\u017enju, mogu\u0107 je doseg do 100 km.<br \/>\nTako\u0111er mo\u017eete iznajmiti na\u0161e bicikle od lokalnih pru\u017eatelja usluga na podru\u010dju Parka Kozjansko: Pivnica Pure u Podsredi, Kozjanski Dvor u Kozjem, Apartmani Vilenjak u Vir\u0161tanj, te Apartmani Pir\u0161 u Zdolah.&#8221;][\/vc_column][vc_column width=&#8221;1\/2&#8243;][vc_single_image image=&#8221;11923&#8243; img_size=&#8221;full&#8221;][vc_column_text][\/vc_column_text][cms_space space_lg=&#8221;80&#8243; space_md=&#8221;80&#8243; space_sm=&#8221;80&#8243; space_xs=&#8221;80&#8243;][\/vc_column][\/vc_row][vc_row][vc_column][vc_single_image image=&#8221;4089&#8243; alignment=&#8221;center&#8221;][cms_heading text_before=&#8221;IDEJE ZA ISTRA\u017dIVANJE OKOLICE DVORCA BICIKLOM&#8221; align_lg=&#8221;align-center&#8221; align_md=&#8221;align-center-md&#8221; align_sm=&#8221;align-center-sm&#8221; align_xs=&#8221;align-center-xs&#8221; description=&#8221;Odli\u010dan na\u010din da upoznate Kozjanski park je vo\u017enja bicikla, s kojim mo\u017eete posjetiti brojne kulturne znamenitosti, slikovite vrhove, brda, doline i klance &#8230;&#8221; des_font_weight=&#8221;600&#8243; description_line_height=&#8221;18&#8243; cms_template=&#8221;cms_heading&#8211;layout2.php&#8221;][cms_space space_lg=&#8221;40&#8243; space_md=&#8221;40&#8243; space_sm=&#8221;40&#8243; space_xs=&#8221;40&#8243;][vc_message color=&#8221;warning&#8221; message_box_color=&#8221;warning&#8221; icon_fontawesome=&#8221;fas fa-exclamation-triangle&#8221;]Na podru\u010dju parka postoji dosta ure\u0111enih biciklisti\u010dkih staza kao i obilje\u017eenih biciklisti\u010dkih staza. Izvan njih vo\u017enja biciklom dopu\u0161tena je cestama i ure\u0111enim stazama. Bicikl nije dopu\u0161teno voziti u prirodnom okru\u017eenju izvan naselja, izvan svih vrsta cesta, kolnika i poljskih putova, a naravno ni izvan \u0161umskih i planinskih putova.[\/vc_message][cms_space space_lg=&#8221;40&#8243; space_md=&#8221;40&#8243; space_sm=&#8221;40&#8243; space_xs=&#8221;40&#8243;][cms_fancybox icon_fontawesome=&#8221;fab fa-fort-awesome&#8221; button_link=&#8221;|||&#8221; cms_template=&#8221;cms_fancybox&#8211;layout4.php&#8221; fcb_description=&#8221;Iz dvorca Podsreda mo\u017eete pro\u0161etati ili voziti se ozna\u010denom i nezahtjevnom gra\u0111evinskom cestom koja vodi sve do Svetih gora iznad Bistrice ob Sotli. Idili\u010dna ruta, duga ne\u0161to vi\u0161e od devet kilometara, prati sjenu brda Orlice, pru\u017eaju\u0107i prekrasan pogled na dolinu rijeke Bistrice i klisure, kao i na grad Bistricu ob Sotli.&#8221; el_title=&#8221;Izvan dvorca Podsreda do Svetih gora iznad Bistrice ob Sotli&#8221;][cms_fancybox icon_fontawesome=&#8221;fab fa-pagelines&#8221; button_text=&#8221;Detaljna karta rute&#8221; button_link=&#8221;url:https%3A%2F%2Fwww.ks-orans.bistricaobsotli.si%2Fkarta.html|||&#8221; cms_template=&#8221;cms_fancybox&#8211;layout4.php&#8221; fcb_description=&#8221;Ova 40 kilometara duga kru\u017ena biciklisti\u010dka ruta povezuje zanimljive prirodne i kulturne znamenitosti na \u0161irem podru\u010dju op\u0107ine Bistrica ob Sotli.<br \/>\nRuta zapo\u010dinje ispred op\u0107inske zgrade u sredi\u0161tu Bistrice ob Sotli. Nastavlja se prema Polju pri Bistrici, zatim lijevo uz rijeku Sotlu i penje se prema slikovitom Sv. Kri\u017eu. Odatle se spu\u0161ta kroz Srebrnik, a zatim uzbrdo pored Spomenika Slom\u0161ek prema Kri\u017ean Vrhu. Slijedi spu\u0161tanje prema Podsredi, a zatim uspon do dvorca Podsreda, odakle se kre\u0107e idili\u010dnom gra\u0111evinskom cestom do Svetih gora iznad Bistrice ob Sotli. Ruta se nastavlja prema Bizeljskom gradu, zatim iznad Ore\u0161ja oko Kun\u0161per\u0161ke Gore do sela Kun\u0161perk, i odande natrag na po\u010detnu to\u010dku.&#8221; el_title=&#8221;Oransova kolesarska pot&#8221; fcb_description2=&#8221;Duljina Oranove biciklisti\u010dke rute je 40 km (oko 4 do 5 sati) i pogodna je za rekreativne bicikliste (preporu\u010duje se brdski bicikl). Ukupna akumulacija uspona rute iznosi 960 metara.<br \/>\nRuta tako\u0111er nudi tri skra\u0107ene varijante (10 km, 24 km ili 33 km), koje su tako\u0111er prikladne za obitelji.&#8221;][cms_fancybox icon_fontawesome=&#8221;fas fa-biking&#8221; button_text=&#8221;Karta rute&#8221; button_link=&#8221;url:https%3A%2F%2Fwww.alltrails.com%2Fexplore%2Fmap%2Fkozjanski-krog&#8211;2|||&#8221; cms_template=&#8221;cms_fancybox&#8211;layout4.php&#8221; fcb_description=&#8221;Kozjanski krog je kru\u017ena biciklisti\u010dka ruta duga 52 km, s ukupnim usponom od 1.255 metara (503 m nadmorske visine).<\/p>\n<p>&#8221; el_title=&#8221;Kolesarska pot Kozjanski krog&#8221; fcb_description2=&#8221;Ruta zapo\u010dinje u Pod\u010detrtku i nastavlja se prema Olimju. Na groblju u Olimju skre\u0107e lijevo zavojitom cestom prema Vir\u0161tanj, a zatim nastavlja desno regionalnom cestom prema Doble\u017ei\u010dama, Pristavi pri Lesi\u010dnem i Pil\u0161tanju, koje je jedno od najstarijih naselja u Kozjanskom. Odatle ruta nastavlja regionalnom cestom kroz Kozje, a zatim du\u017e Bistre graben do Zaj\u010dje Gore i Vetrnika. Nastavlja se prema Podsredi, a zatim prema Kozjem, gdje skre\u0107e desno prema Bu\u010dama, kroz Prelasku i Imeno natrag do Pod\u010detrtka.&#8221;][cms_fancybox icon_fontawesome=&#8221;fas fa-bicycle&#8221; button_text=&#8221;Karta 24. etape&#8221; button_link=&#8221;url:https%3A%2F%2Fstkp.pzs.si%2F2015%2F09%2F23%2Fbrezice-grad-podsreda-bohor%2F|||&#8221; cms_template=&#8221;cms_fancybox&#8211;layout4.php&#8221; fcb_description=&#8221;Na\u0161e za\u0161ti\u0107eno podru\u010dje tako\u0111er je dio Slovenske turnokolesarske poti (STKP), koja zaobilazi sve glavne slovenske planinske skupine i mjeri oko 1.800 kilometara. Staza je podijeljena u 41 etapu i prolazi kroz 109 kontrolnih to\u010daka, s ukupnim usponom od otprilike 50.000 metara.&#8221; el_title=&#8221;Slovenska turnokolesarska pot (STKP)&#8221; fcb_description2=&#8221;Biciklisti na stazi upoznaju raznolikost slovenskog brdovitog krajolika i brojne va\u017ene to\u010dke planinarske, folklornog i tehni\u010dkog povijesti. Staza prolazi neprometnim sporednim cestama, poljskim putovima, \u0161umskim stazama i stazama. Nije posebno tehni\u010dki zahtjevna, ali mo\u017ee biti naporna na nekim mjestima, te ponegdje mo\u017eda morate gurati ili nositi bicikl, ali ne svugdje.<\/p>\n<p>24. etapa staze prolazi kroz Kozjanski park. Zapo\u010dinje u centru Bre\u017eica, penje se kroz Pe\u010dice do dvorca Podsreda, a zatim nastavlja kroz Vetrnik prema vrhu Bohor &#8211; do Ko\u010de na Bohorju. Vi\u0161e informacija: https:\/\/stkp.pzs.si\/&#8221;][vc_column_text][\/vc_column_text][cms_button button_text=&#8221;JO\u0160 IDEJA ZA AKTIVNU REKREACIJU&#8221; button_link=&#8221;url:https%3A%2F%2Fcastlepodsreda.com%2Fideje-za-aktiven-oddih%2F|title:IDEJE%20ZA%20AKTIVEN%20ODDIH||&#8221; font_weight=&#8221;400&#8243; button_align=&#8221;center&#8221; button_align_md=&#8221;center&#8221; button_align_sm=&#8221;center&#8221; button_align_xs=&#8221;center&#8221;][vc_column_text][\/vc_column_text][vc_single_image image=&#8221;5857&#8243; img_size=&#8221;full&#8221;][\/vc_column][\/vc_row][vc_row][vc_column][cms_button button_text=&#8221;OP\u0106I UVJETI NAJMA E-BICIKLA VRIJEDE SE NA NAJAM BICIKLA&#8221; button_link=&#8221;url:https%3A%2F%2Fkozjanski-park.si%2Fwp-content%2Fuploads%2F2022%2F04%2FSplo%C5%A1ni-pogoji-najema-elektri%C4%8Dnih-koles-v-Kozjanskem-parku_slo.pdf||target:%20_blank|&#8221; font_weight=&#8221;400&#8243; button_align=&#8221;center&#8221; button_align_md=&#8221;center&#8221; button_align_sm=&#8221;center&#8221; button_align_xs=&#8221;center&#8221;][\/vc_column][\/vc_row]<\/p>\n","protected":false},"excerpt":{"rendered":"<p>[vc_row][vc_column width=&#8221;1\/2&#8243;][vc_single_image image=&#8221;8090&#8243; img_size=&#8221;full&#8221;][\/vc_column][vc_column width=&#8221;1\/2&#8243;][cms_fancybox font_weight=&#8221;700&#8243; letter_spacing=&#8221;0.025em&#8221; cms_template=&#8221;cms_fancybox&#8211;layout4.php&#8221; el_title=&#8221;Istra\u017eivanje okolice dvorca s e-biciklima&#8221; fcb_description=&#8221;Dvorac Podsreda vas poziva da otkrijete pri\u010de skrivene unutar njegovih zidina, ali ima jo\u0161 nepoznatih \u010duda u okolini na\u0161eg dvorca, koji se nalazi u samom srcu za\u0161ti\u0107enog podru\u010dja Kozjanskog regionalnog parka. Ispod \u0107ete prona\u0107i neke mogu\u0107e biciklisti\u010dke rute kako biste otkrili znamenitosti [&hellip;]<\/p>\n","protected":false},"author":2,"featured_media":27563,"parent":0,"menu_order":0,"comment_status":"closed","ping_status":"closed","template":"","meta":[],"yoast_head":"<!-- This site is optimized with the Yoast SEO plugin v19.14 - https:\/\/yoast.com\/wordpress\/plugins\/seo\/ -->\n<title>IZNAJMLJIVANJE E-BICIKLA | Grad Podsreda | Sobe in apartmaji | Grajska ponudba<\/title>\n<meta name=\"robots\" content=\"index, follow, max-snippet:-1, max-image-preview:large, max-video-preview:-1\" \/>\n<link rel=\"canonical\" href=\"https:\/\/castlepodsreda.com\/hr\/izposoja-e-koles\/\" \/>\n<meta property=\"og:locale\" content=\"hr_HR\" \/>\n<meta property=\"og:type\" content=\"article\" \/>\n<meta property=\"og:title\" content=\"IZNAJMLJIVANJE E-BICIKLA | Grad Podsreda | Sobe in apartmaji | Grajska ponudba\" \/>\n<meta property=\"og:description\" content=\"[vc_row][vc_column width=&#8221;1\/2&#8243;][vc_single_image image=&#8221;8090&#8243; img_size=&#8221;full&#8221;][\/vc_column][vc_column width=&#8221;1\/2&#8243;][cms_fancybox font_weight=&#8221;700&#8243; letter_spacing=&#8221;0.025em&#8221; cms_template=&#8221;cms_fancybox&#8211;layout4.php&#8221; el_title=&#8221;Istra\u017eivanje okolice dvorca s e-biciklima&#8221; fcb_description=&#8221;Dvorac Podsreda vas poziva da otkrijete pri\u010de skrivene unutar njegovih zidina, ali ima jo\u0161 nepoznatih \u010duda u okolini na\u0161eg dvorca, koji se nalazi u samom srcu za\u0161ti\u0107enog podru\u010dja Kozjanskog regionalnog parka. Ispod \u0107ete prona\u0107i neke mogu\u0107e biciklisti\u010dke rute kako biste otkrili znamenitosti [&hellip;]\" \/>\n<meta property=\"og:url\" content=\"https:\/\/castlepodsreda.com\/hr\/izposoja-e-koles\/\" \/>\n<meta property=\"og:site_name\" content=\"Grad Podsreda | Sobe in apartmaji | Grajska ponudba\" \/>\n<meta property=\"article:publisher\" content=\"https:\/\/www.facebook.com\/podsredacastle\" \/>\n<meta property=\"article:modified_time\" content=\"2023-11-24T10:17:06+00:00\" \/>\n<meta property=\"og:image\" content=\"https:\/\/castlepodsreda.com\/wp-content\/uploads\/2022\/05\/izposoja-e-koles.jpg\" \/>\n\t<meta property=\"og:image:width\" content=\"1903\" \/>\n\t<meta property=\"og:image:height\" content=\"512\" \/>\n\t<meta property=\"og:image:type\" content=\"image\/jpeg\" \/>\n<meta name=\"twitter:card\" content=\"summary_large_image\" \/>\n<meta name=\"twitter:label1\" content=\"Procijenjeno vrijeme \u010ditanja\" \/>\n\t<meta name=\"twitter:data1\" content=\"5 minuta\" \/>\n<script type=\"application\/ld+json\" class=\"yoast-schema-graph\">{\"@context\":\"https:\/\/schema.org\",\"@graph\":[{\"@type\":\"WebPage\",\"@id\":\"https:\/\/castlepodsreda.com\/hr\/izposoja-e-koles\/\",\"url\":\"https:\/\/castlepodsreda.com\/hr\/izposoja-e-koles\/\",\"name\":\"IZNAJMLJIVANJE E-BICIKLA | Grad Podsreda | Sobe in apartmaji | Grajska ponudba\",\"isPartOf\":{\"@id\":\"https:\/\/castlepodsreda.com\/hr\/#website\"},\"datePublished\":\"2022-05-06T11:46:23+00:00\",\"dateModified\":\"2023-11-24T10:17:06+00:00\",\"breadcrumb\":{\"@id\":\"https:\/\/castlepodsreda.com\/hr\/izposoja-e-koles\/#breadcrumb\"},\"inLanguage\":\"hr\",\"potentialAction\":[{\"@type\":\"ReadAction\",\"target\":[\"https:\/\/castlepodsreda.com\/hr\/izposoja-e-koles\/\"]}]},{\"@type\":\"BreadcrumbList\",\"@id\":\"https:\/\/castlepodsreda.com\/hr\/izposoja-e-koles\/#breadcrumb\",\"itemListElement\":[{\"@type\":\"ListItem\",\"position\":1,\"name\":\"Home\",\"item\":\"https:\/\/castlepodsreda.com\/hr\/\"},{\"@type\":\"ListItem\",\"position\":2,\"name\":\"IZNAJMLJIVANJE E-BICIKLA\"}]},{\"@type\":\"WebSite\",\"@id\":\"https:\/\/castlepodsreda.com\/hr\/#website\",\"url\":\"https:\/\/castlepodsreda.com\/hr\/\",\"name\":\"Grad Podsreda | Sobe in apartmaji | Grajska ponudba\",\"description\":\"Najbolj grajski med gradovi v Sloveniji\",\"publisher\":{\"@id\":\"https:\/\/castlepodsreda.com\/hr\/#organization\"},\"potentialAction\":[{\"@type\":\"SearchAction\",\"target\":{\"@type\":\"EntryPoint\",\"urlTemplate\":\"https:\/\/castlepodsreda.com\/hr\/?s={search_term_string}\"},\"query-input\":\"required name=search_term_string\"}],\"inLanguage\":\"hr\"},{\"@type\":\"Organization\",\"@id\":\"https:\/\/castlepodsreda.com\/hr\/#organization\",\"name\":\"Grad Podsreda | Sobe in apartmaji | Grajska ponudba\",\"url\":\"https:\/\/castlepodsreda.com\/hr\/\",\"logo\":{\"@type\":\"ImageObject\",\"inLanguage\":\"hr\",\"@id\":\"https:\/\/castlepodsreda.com\/hr\/#\/schema\/logo\/image\/\",\"url\":\"https:\/\/castlepodsreda.com\/wp-content\/uploads\/2020\/04\/logo-grad-podsreda-2.jpg\",\"contentUrl\":\"https:\/\/castlepodsreda.com\/wp-content\/uploads\/2020\/04\/logo-grad-podsreda-2.jpg\",\"width\":576,\"height\":576,\"caption\":\"Grad Podsreda | Sobe in apartmaji | Grajska ponudba\"},\"image\":{\"@id\":\"https:\/\/castlepodsreda.com\/hr\/#\/schema\/logo\/image\/\"},\"sameAs\":[\"https:\/\/www.instagram.com\/podsredacastle\/\",\"https:\/\/www.facebook.com\/podsredacastle\"]}]}<\/script>\n<!-- \/ Yoast SEO plugin. -->","yoast_head_json":{"title":"IZNAJMLJIVANJE E-BICIKLA | Grad Podsreda | Sobe in apartmaji | Grajska ponudba","robots":{"index":"index","follow":"follow","max-snippet":"max-snippet:-1","max-image-preview":"max-image-preview:large","max-video-preview":"max-video-preview:-1"},"canonical":"https:\/\/castlepodsreda.com\/hr\/izposoja-e-koles\/","og_locale":"hr_HR","og_type":"article","og_title":"IZNAJMLJIVANJE E-BICIKLA | Grad Podsreda | Sobe in apartmaji | Grajska ponudba","og_description":"[vc_row][vc_column width=&#8221;1\/2&#8243;][vc_single_image image=&#8221;8090&#8243; img_size=&#8221;full&#8221;][\/vc_column][vc_column width=&#8221;1\/2&#8243;][cms_fancybox font_weight=&#8221;700&#8243; letter_spacing=&#8221;0.025em&#8221; cms_template=&#8221;cms_fancybox&#8211;layout4.php&#8221; el_title=&#8221;Istra\u017eivanje okolice dvorca s e-biciklima&#8221; fcb_description=&#8221;Dvorac Podsreda vas poziva da otkrijete pri\u010de skrivene unutar njegovih zidina, ali ima jo\u0161 nepoznatih \u010duda u okolini na\u0161eg dvorca, koji se nalazi u samom srcu za\u0161ti\u0107enog podru\u010dja Kozjanskog regionalnog parka. Ispod \u0107ete prona\u0107i neke mogu\u0107e biciklisti\u010dke rute kako biste otkrili znamenitosti [&hellip;]","og_url":"https:\/\/castlepodsreda.com\/hr\/izposoja-e-koles\/","og_site_name":"Grad Podsreda | Sobe in apartmaji | Grajska ponudba","article_publisher":"https:\/\/www.facebook.com\/podsredacastle","article_modified_time":"2023-11-24T10:17:06+00:00","og_image":[{"width":1903,"height":512,"url":"https:\/\/castlepodsreda.com\/wp-content\/uploads\/2022\/05\/izposoja-e-koles.jpg","type":"image\/jpeg"}],"twitter_card":"summary_large_image","twitter_misc":{"Procijenjeno vrijeme \u010ditanja":"5 minuta"},"schema":{"@context":"https:\/\/schema.org","@graph":[{"@type":"WebPage","@id":"https:\/\/castlepodsreda.com\/hr\/izposoja-e-koles\/","url":"https:\/\/castlepodsreda.com\/hr\/izposoja-e-koles\/","name":"IZNAJMLJIVANJE E-BICIKLA | Grad Podsreda | Sobe in apartmaji | Grajska ponudba","isPartOf":{"@id":"https:\/\/castlepodsreda.com\/hr\/#website"},"datePublished":"2022-05-06T11:46:23+00:00","dateModified":"2023-11-24T10:17:06+00:00","breadcrumb":{"@id":"https:\/\/castlepodsreda.com\/hr\/izposoja-e-koles\/#breadcrumb"},"inLanguage":"hr","potentialAction":[{"@type":"ReadAction","target":["https:\/\/castlepodsreda.com\/hr\/izposoja-e-koles\/"]}]},{"@type":"BreadcrumbList","@id":"https:\/\/castlepodsreda.com\/hr\/izposoja-e-koles\/#breadcrumb","itemListElement":[{"@type":"ListItem","position":1,"name":"Home","item":"https:\/\/castlepodsreda.com\/hr\/"},{"@type":"ListItem","position":2,"name":"IZNAJMLJIVANJE E-BICIKLA"}]},{"@type":"WebSite","@id":"https:\/\/castlepodsreda.com\/hr\/#website","url":"https:\/\/castlepodsreda.com\/hr\/","name":"Grad Podsreda | Sobe in apartmaji | Grajska ponudba","description":"Najbolj grajski med gradovi v Sloveniji","publisher":{"@id":"https:\/\/castlepodsreda.com\/hr\/#organization"},"potentialAction":[{"@type":"SearchAction","target":{"@type":"EntryPoint","urlTemplate":"https:\/\/castlepodsreda.com\/hr\/?s={search_term_string}"},"query-input":"required name=search_term_string"}],"inLanguage":"hr"},{"@type":"Organization","@id":"https:\/\/castlepodsreda.com\/hr\/#organization","name":"Grad Podsreda | Sobe in apartmaji | Grajska ponudba","url":"https:\/\/castlepodsreda.com\/hr\/","logo":{"@type":"ImageObject","inLanguage":"hr","@id":"https:\/\/castlepodsreda.com\/hr\/#\/schema\/logo\/image\/","url":"https:\/\/castlepodsreda.com\/wp-content\/uploads\/2020\/04\/logo-grad-podsreda-2.jpg","contentUrl":"https:\/\/castlepodsreda.com\/wp-content\/uploads\/2020\/04\/logo-grad-podsreda-2.jpg","width":576,"height":576,"caption":"Grad Podsreda | Sobe in apartmaji | Grajska ponudba"},"image":{"@id":"https:\/\/castlepodsreda.com\/hr\/#\/schema\/logo\/image\/"},"sameAs":["https:\/\/www.instagram.com\/podsredacastle\/","https:\/\/www.facebook.com\/podsredacastle"]}]}},"_links":{"self":[{"href":"https:\/\/castlepodsreda.com\/hr\/wp-json\/wp\/v2\/pages\/34479"}],"collection":[{"href":"https:\/\/castlepodsreda.com\/hr\/wp-json\/wp\/v2\/pages"}],"about":[{"href":"https:\/\/castlepodsreda.com\/hr\/wp-json\/wp\/v2\/types\/page"}],"author":[{"embeddable":true,"href":"https:\/\/castlepodsreda.com\/hr\/wp-json\/wp\/v2\/users\/2"}],"replies":[{"embeddable":true,"href":"https:\/\/castlepodsreda.com\/hr\/wp-json\/wp\/v2\/comments?post=34479"}],"version-history":[{"count":3,"href":"https:\/\/castlepodsreda.com\/hr\/wp-json\/wp\/v2\/pages\/34479\/revisions"}],"predecessor-version":[{"id":34483,"href":"https:\/\/castlepodsreda.com\/hr\/wp-json\/wp\/v2\/pages\/34479\/revisions\/34483"}],"wp:featuredmedia":[{"embeddable":true,"href":"https:\/\/castlepodsreda.com\/hr\/wp-json\/wp\/v2\/media\/27563"}],"wp:attachment":[{"href":"https:\/\/castlepodsreda.com\/hr\/wp-json\/wp\/v2\/media?parent=34479"}],"curies":[{"name":"wp","href":"https:\/\/api.w.org\/{rel}","templated":true}]}}