{"id":34602,"date":"2021-02-28T16:27:37","date_gmt":"2021-02-28T16:27:37","guid":{"rendered":"https:\/\/castlepodsreda.com\/?page_id=34602"},"modified":"2024-03-09T09:53:39","modified_gmt":"2024-03-09T09:53:39","slug":"avantura-potrage-za-blagom-u-dvorcu-podsreda","status":"publish","type":"page","link":"https:\/\/castlepodsreda.com\/hr\/avantura-potrage-za-blagom-u-dvorcu-podsreda\/","title":{"rendered":"POTRAGA ZA BLAGOM U DVORCU PODSREDA"},"content":{"rendered":"<p>[vc_row][vc_column cms_column_class=&#8221;rm-padding-lg&#8221; offset=&#8221;vc_col-lg-6 vc_col-md-6&#8243; css=&#8221;.vc_custom_1569030174276{padding-right: 63px !important;}&#8221;][vc_single_image image=&#8221;5333&#8243; img_size=&#8221;full&#8221;][\/vc_column][vc_column cms_column_class=&#8221;rm-padding-lg&#8221; offset=&#8221;vc_col-lg-6 vc_col-md-6&#8243; css=&#8221;.vc_custom_1569030444588{padding-left: 13px !important;}&#8221;][cms_space space_lg=&#8221;0&#8243; space_md=&#8221;55&#8243; space_sm=&#8221;32&#8243; space_xs=&#8221;32&#8243;][cms_heading text=&#8221;Avantura &#8220;Potrage za blagom&#8220; dvorca Podsreda&#8221; letter_spacing=&#8221;0.03em&#8221; sub_font_weight=&#8221;700&#8243; sub_font_style=&#8221;italic&#8221; sub_margin_bottom=&#8221;18&#8243; description=&#8221;Osim atrakcija srednjovjekovnog dvorca Podsreda, koji ima mnoge zanimljive izlo\u017ebe i povijesne sobe, dvorac tako\u0111er nudi priliku da sudjelujete u zabavnoj avanturi potrage za blagom dvorca Podsreda, pogodnoj za cijelu obitelj, koja \u0107e sigurno u\u017eivati istra\u017euju\u0107i tajne kutke dvorca.&#8221; description_font_size=&#8221;18&#8243; description_line_height=&#8221;26&#8243; des_margin_bottom=&#8221;50&#8243; cms_template=&#8221;cms_heading&#8211;layout3.php&#8221; sub_title=&#8221;Vitez dvorca poziva vas na nezaboravnu avanturu u dvorcu!&#8221; margin_bottom=&#8221;41&#8243;][\/vc_column][\/vc_row][vc_row][vc_column cms_column_class=&#8221;rm-padding-lg&#8221; offset=&#8221;vc_col-lg-6 vc_col-md-6&#8243; css=&#8221;.vc_custom_1569030444588{padding-left: 13px !important;}&#8221;][cms_heading tag=&#8221;h4&#8243; letter_spacing=&#8221;0.03em&#8221; sub_font_weight=&#8221;700&#8243; sub_font_style=&#8221;italic&#8221; sub_margin_bottom=&#8221;18&#8243; description=&#8221;Pogumen in plemenit vitez brani grad Podsreda pred najhuj\u0161imi osvajalci, roparji in drugimi nepridipravi, tokrat pa se je zna\u0161el pred veliko uganko &#8230;<br \/>\nKraljestvo je prizadela huda nadloga, ki so jo kraju zakuhale \u010darovnice iz Olimja, saj so zamerile, ker jim je mlinar v Podsredi prodal \u010drno moko namesto bele. K sre\u010di pa obstaja re\u0161itev \u2013 lepa, okusna, dostopna vsem, revnim in bogatim!&#8221; description_font_size=&#8221;18&#8243; description_line_height=&#8221;26&#8243; des_margin_bottom=&#8221;50&#8243; cms_template=&#8221;cms_heading&#8211;layout3.php&#8221; margin_bottom=&#8221;41&#8243; sub_title=&#8221;Hrabri i plemeniti vitez brani dvorac Podsreda od osvaja\u010da, razbojnika i drugih negativaca, ali ovoga puta suo\u010dava se s velikom zagonetkom &#8230;<\/p>\n<p>Kraljevstvo je pogodila stra\u0161na kletva, prouzro\u010dena \u010darobnicama iz Olimja, koje su bile uvrije\u0111ene \u010dinjenicom da im je mljevena u Podsredi prodala crno bra\u0161no umjesto bijelog. Sre\u0107om, tu je lijep i ukusan lijek dostupan svima, bogatima i siroma\u0161nima podjednako!&#8221;][vc_column_text css=&#8221;.vc_custom_1701179328564{padding-top: 18px !important;padding-right: 18px !important;padding-bottom: 18px !important;padding-left: 18px !important;background-color: #d3b196 !important;}&#8221;]<\/p>\n<p style=\"text-align: center;\"><strong>Pridru\u017eite se dvorskom vitez na putu do pronalaska tajnog blaga.<\/strong><\/p>\n<p style=\"text-align: center;\"><strong>Kada uspje\u0161no rije\u0161ite sve zagonetke, zahvalno kraljevstvo \u0107e vas nagraditi! Zabava je zajam\u010dena, a nagrada je lijepa, prakti\u010dna i ukusna.<\/strong><\/p>\n<p>[\/vc_column_text][\/vc_column][vc_column cms_column_class=&#8221;rm-padding-lg&#8221; offset=&#8221;vc_col-lg-6 vc_col-md-6&#8243; css=&#8221;.vc_custom_1599570614015{padding-right: px !important;}&#8221;][cms_space space_lg=&#8221;40&#8243; space_md=&#8221;40&#8243; space_sm=&#8221;32&#8243; space_xs=&#8221;32&#8243;][vc_single_image image=&#8221;6588&#8243; img_size=&#8221;full&#8221;][\/vc_column][\/vc_row][vc_row][vc_column][cms_space space_lg=&#8221;20&#8243; space_md=&#8221;20&#8243; space_sm=&#8221;20&#8243; space_xs=&#8221;10&#8243;][cms_fancybox icon_fontawesome=&#8221;fas fa-info-circle&#8221; button_link=&#8221;url:https%3A%2F%2Fcastlepodsreda.com%2Fdruzinska-grajska-dogodivscina%2F|||&#8221; cms_template=&#8221;cms_fancybox&#8211;layout9.php&#8221; el_title=&#8221;Sudjelovanje u dvorskoj avanturi &#8211; PRETHODNA REZERVACIJA NIJE POTREBNA&#8221; fcb_description=&#8221;Posjetite dvorac Podsreda u bilo koje doba tijekom radnog vremena i sudjelujte u Avanturi potrage za blagom dvorca Podsreda.<\/p>\n<p>Ulaznice su dostupne u info centru dvorca.&#8221; title_font_size=&#8221;30&#8243; desc_font_size=&#8221;18&#8243;][cms_textbox font_weight=&#8221;400&#8243; text_box=&#8221;Va\u0161a avantura u dvorcu zapo\u010det \u0107e u dvori\u0161tu dvorca Podsreda, gdje \u0107ete dobiti smjernice od osoblja dvorca i krenuti u istra\u017eivanje dvorca. Za potpuno iskustvo dvorca, posjetit \u0107ete sve sobe dvorca, od tamnice i dvorske kuhinje do potkrovlja, doma pravog \u017eivog roja \u0161i\u0161mi\u0161a, do mjesta &#8220;gdje \u010dak i car hoda pje\u0161ice&#8220; &#8230;<\/p>\n<p>Istovremeno \u0107ete slijediti upute na karti i otkriti skrivene tragove u raznim dvorskim sobama koji \u0107e vas odvesti do sljede\u0107eg skrovi\u0161ta s tragom, sve do kraja potrage za blagom. Kada sakupite sve tragove, rije\u0161ite zagonetku i otkrijete tajnu koja \u0107e spasiti kraljevstvo, zahvalno carstvo \u0107e vas nagraditi lijepim i ukusnim nagradama.&#8221;][vc_column_text]<\/p>\n<p style=\"text-align: center;\"><strong>Avantura potrage za blagom u dvorcu Podsreda pogodna je za posjetitelje svih dobnih skupina (po mogu\u0107nosti, ali ne isklju\u010divo, od 3 godine).<\/strong><\/p>\n<p style=\"text-align: center;\">Za mla\u0111e istra\u017eiva\u010de, roditelji ili pratitelji naravno su potrebni kako bi pomogli objasniti zagonetke, dok stariji istra\u017eiva\u010di mogu sami rje\u0161avati zagonetke i istra\u017eivati dvorac. Igra vas vodi kroz sve prostorije dvorca tako da stariji posjetitelji tako\u0111er u\u017eivaju u posjetu raznim sobama dvorca, koje sadr\u017ee razli\u010dite izlo\u017ebe, dok se mla\u0111i istra\u017eiva\u010di posebno uzbu\u0111uju zbog zaista dvorskih podru\u010dja poput dvorske tamnice, srednjovjekovne kuhinje, dvorskog potkrovlja, u kojem \u017eive \u0161i\u0161mi\u0161i, itd.<\/p>\n<p>[\/vc_column_text][vc_single_image image=&#8221;13258&#8243; alignment=&#8221;center&#8221;][cms_list_menu el_title=&#8221;CJENIK \/\/ POTRAGA ZA BLAGOM U DVORCU PODSREDA&#8221; align_list=&#8221;text-center&#8221; cms_menu2=&#8221;%5B%7B%22food_name%22%3A%221%20OSOBA%22%2C%22price%22%3A%2215%2C00%22%7D%2C%7B%22food_name%22%3A%222%20OSOBE%22%2C%22price%22%3A%2228%2C00%22%7D%2C%7B%22food_name%22%3A%223%20OSOBE%22%2C%22price%22%3A%2239%2C00%22%7D%2C%7B%22food_name%22%3A%22NA%C5%A0I%20GOSTI%20U%20SOBAMA%20I%20APARTMANIMA%22%2C%22price%22%3A%2213%2C00%22%7D%5D&#8221; cms_template=&#8221;cms_list_menu&#8211;layout2.php&#8221;][cms_space space_lg=&#8221;20&#8243; space_md=&#8221;20&#8243; space_sm=&#8221;20&#8243; space_xs=&#8221;10&#8243;][cms_textbox font_weight=&#8221;400&#8243; text_box=&#8221;*Kupci ulaznice za avanturu Potraga za blagom dobit \u0107e komplet za sudjelovanje, upute i kartu, i bit \u0107e nagra\u0111eni nagradom nakon uspje\u0161nog izvr\u0161enja zadatka. Naravno, vi\u0161e od jedne osobe mo\u017ee pratiti avanturu i sudjelovati ako \u017eele, ali na kraju, osoba koja je platila ulaznicu za avanturu prima nagradu. Ostali pla\u0107aju samo ulaznicu za dvorac.&#8221;][cms_space space_lg=&#8221;40&#8243; space_md=&#8221;20&#8243; space_sm=&#8221;20&#8243; space_xs=&#8221;10&#8243;][\/vc_column][\/vc_row][vc_row][vc_column width=&#8221;1\/2&#8243;][cms_space space_lg=&#8221;40&#8243; space_md=&#8221;40&#8243; space_sm=&#8221;32&#8243; space_xs=&#8221;32&#8243;][vc_single_image image=&#8221;7028&#8243; img_size=&#8221;full&#8221;][\/vc_column][vc_column width=&#8221;1\/2&#8243;][cms_fancybox icon_fontawesome=&#8221;fas fa-utensils&#8221; button_link=&#8221;url:https%3A%2F%2Fcastlepodsreda.com%2Fdruzinska-grajska-dogodivscina%2F|||&#8221; cms_template=&#8221;cms_fancybox&#8211;layout9.php&#8221; el_title=&#8221;Obiteljska avantura u dvorcu: POTRAGA ZA BLAGOM I RU\u010cAK U DVORCU&#8221; fcb_description=&#8221;ISKUSTVO UKLJU\u010cUJE:<\/p>\n<p>&#8211; Razgled dvorca Podsreda uz audio vodi\u010de<br \/>\n&#8211; Sudjelovanje u avanturi Potraga za blagom u dvorcu Podsreda za cijelu obitelj s lijepom nagradom<br \/>\n&#8211; Dvorsku obiteljsku gozbu, sastavljenu od odabranih lokalnih delicija s Kmetije Kunej<br \/>\n&#8211; Prirodni jabu\u010dni sok iz Parka prirode Kozjansko&#8221; title_font_size=&#8221;25&#8243;][\/vc_column][\/vc_row][vc_row][vc_column][cms_space space_lg=&#8221;20&#8243; space_md=&#8221;20&#8243; space_sm=&#8221;20&#8243; space_xs=&#8221;10&#8243;][vc_single_image image=&#8221;13258&#8243; alignment=&#8221;center&#8221;][vc_column_text]<\/p>\n<div class=\"wpb_text_column wpb_content_element \">\n<div class=\"wpb_wrapper\">\n<h4 style=\"text-align: center;\">Razgled dvorca uz obiteljsku avanturu potrage za blagom, pra\u0107enu posebnim dvorskim obiteljskim gozbom.<\/h4>\n<\/div>\n<\/div>\n<p>[\/vc_column_text][cms_space space_lg=&#8221;20&#8243; space_md=&#8221;20&#8243; space_sm=&#8221;20&#8243; space_xs=&#8221;10&#8243;][vc_column_text]<\/p>\n<div class=\"wpb_text_column wpb_content_element \">\n<div class=\"wpb_wrapper\">\n<p>Va\u0161a obiteljska dvorska avantura zapo\u010det \u0107e u dvori\u0161tu dvorca Podsreda, gdje \u0107ete dobiti smjernice od osoblja dvorca i krenuti u <a href=\"https:\/\/castlepodsreda.com\/hr\/vodene-ture-dvorca-podsreda\/\">SAMOSTALNO ISTRA\u017dIVANJE DVORCA UZ POMO\u0106 AUDIO VODI\u010cA NA PET JEZIKA<\/a> (slovenski, engleski, njema\u010dki, talijanski, ruski). Za potpuno iskustvo dvorca, posjetit \u0107ete sve sobe dvorca, od dvorske tamnice i srednjovjekovne kuhinje do dvorskog potkrovlja, doma \u0161i\u0161mi\u0161a, do posebne sobe &#8220;gdje \u010dak i car hoda pje\u0161ice&#8221;&#8230;<\/p>\n<p>Osim toga, pridru\u017eit \u0107ete se Dvorskom vitez na njegovoj potrazi za tajnim blagom u AVANTURI POTRAGE ZA BLAGOM. Kada uspje\u0161no rije\u0161ite sve zagonetke, zahvalno kraljevstvo \u0107e vas nagraditi! Zabava je zajam\u010dena, a nagrada je lijepa i ukusna.<\/p>\n<p>Nakon zabavnog istra\u017eivanja dvorca, bit \u0107e vam kao pravim dvoranima \u017eelja za dobrom dvorskom gozbom i pi\u0107em, stoga \u0107emo vam poslu\u017eiti <a href=\"https:\/\/castlepodsreda.com\/hr\/dvorski-narezak\/\">DVORSKE HLADNE NAREZKE<\/a> koje \u0107e vas odvesti u stara vremena dvorskih gospodara. Gozba se sastoji od autenti\u010dnih lokalnih delikatesa pripremljenih na obli\u017enjoj Kmetiji Kunej i prirodnog jabu\u010dnog soka od kozjanskih jabuka iz vo\u0107njaka Parka prirode Kozjansko.<\/div>\n<\/div>\n<p>[\/vc_column_text][vc_single_image image=&#8221;13258&#8243; alignment=&#8221;center&#8221;][cms_list_menu el_title=&#8221;CIJENA ZA POTRAGU ZA BLAGOM S RU\u010cKOM&#8221; align_list=&#8221;text-center&#8221; cms_menu2=&#8221;%5B%7B%22food_name%22%3A%222%20ODRASLIH%20I%201%20DJETE%22%2C%22price%22%3A%2276%2C00%22%7D%2C%7B%22food_name%22%3A%22Nadoplata%20za%20svako%20dodatno%20dijete%22%2C%22price%22%3A%2222%2C00%22%7D%5D&#8221; cms_template=&#8221;cms_list_menu&#8211;layout2.php&#8221;][cms_space space_lg=&#8221;40&#8243; space_md=&#8221;20&#8243; space_sm=&#8221;20&#8243; space_xs=&#8221;10&#8243;][vc_column_text]<\/p>\n<div class=\"wpb_text_column wpb_content_element \">\n<div class=\"wpb_wrapper\">\n<p style=\"text-align: center;\"><strong>Mora se rezervirati najmanje jedan dan prije dolaska. Najkasnije do 12 sati.<\/strong><\/p>\n<p style=\"text-align: center;\">Nazovite 00386 3 580 61 18 ili 00386 41 419 996 ili po\u0161aljite e-mail na info@castlepodsreda.com za rezervacije.<\/p>\n<\/div>\n<\/div>\n<p>[\/vc_column_text][cms_space space_lg=&#8221;40&#8243; space_md=&#8221;20&#8243; space_sm=&#8221;20&#8243; space_xs=&#8221;10&#8243;][cms_button button_text=&#8221;TRENUTNO RADNO VRIJEME DVORCA&#8221; button_link=&#8221;url:https%3A%2F%2Fcastlepodsreda.com%2Fhr%2Fradno-vrijeme-i-cjenik%2F|||&#8221; font_weight=&#8221;400&#8243; button_align=&#8221;center&#8221; button_align_md=&#8221;center&#8221; button_align_sm=&#8221;center&#8221; button_align_xs=&#8221;center&#8221;][cms_space space_lg=&#8221;20&#8243; space_md=&#8221;20&#8243; space_sm=&#8221;20&#8243; space_xs=&#8221;10&#8243;][\/vc_column][\/vc_row][vc_row full_width=&#8221;stretch_row&#8221; parallax=&#8221;content-moving&#8221; parallax_image=&#8221;5611&#8243;][vc_column css=&#8221;.vc_custom_1567223373306{padding-top: 0px !important;}&#8221;][cms_space space_lg=&#8221;20&#8243; space_md=&#8221;20&#8243; space_sm=&#8221;20&#8243; space_xs=&#8221;10&#8243;][cms_space space_lg=&#8221;70&#8243; space_md=&#8221;70&#8243; space_sm=&#8221;70&#8243; space_xs=&#8221;70&#8243;][cms_contact_form cms_template=&#8221;cms_contact_form&#8211;layout3.php&#8221; id=&#8221;5337&#8243; desc_color=&#8221;#c8c8c8&#8243; align_desc=&#8221;center&#8221; des_text_transform=&#8221;uppercase&#8221; title_form=&#8221;Rezervirajte iskustvo ili nam postavite pitanje&#8221; description=&#8221;\u017dELITE REZERVIRATI DO\u017dIVETJE?<br \/>\nIMATE VPRA\u0160ANJE O NA\u0160I PONUDBI?&#8221;][cms_space space_lg=&#8221;70&#8243; space_md=&#8221;70&#8243; space_sm=&#8221;70&#8243; space_xs=&#8221;70&#8243;][\/vc_column][\/vc_row]<\/p>\n","protected":false},"excerpt":{"rendered":"<p>[vc_row][vc_column cms_column_class=&#8221;rm-padding-lg&#8221; offset=&#8221;vc_col-lg-6 vc_col-md-6&#8243; css=&#8221;.vc_custom_1569030174276{padding-right: 63px !important;}&#8221;][vc_single_image image=&#8221;5333&#8243; img_size=&#8221;full&#8221;][\/vc_column][vc_column cms_column_class=&#8221;rm-padding-lg&#8221; offset=&#8221;vc_col-lg-6 vc_col-md-6&#8243; css=&#8221;.vc_custom_1569030444588{padding-left: 13px !important;}&#8221;][cms_space space_lg=&#8221;0&#8243; space_md=&#8221;55&#8243; space_sm=&#8221;32&#8243; space_xs=&#8221;32&#8243;][cms_heading text=&#8221;Avantura &#8220;Potrage za blagom&#8220; dvorca Podsreda&#8221; letter_spacing=&#8221;0.03em&#8221; sub_font_weight=&#8221;700&#8243; sub_font_style=&#8221;italic&#8221; sub_margin_bottom=&#8221;18&#8243; description=&#8221;Osim atrakcija srednjovjekovnog dvorca Podsreda, koji ima mnoge zanimljive izlo\u017ebe i povijesne sobe, dvorac tako\u0111er nudi priliku da sudjelujete u zabavnoj avanturi potrage za blagom dvorca [&hellip;]<\/p>\n","protected":false},"author":2,"featured_media":27126,"parent":0,"menu_order":0,"comment_status":"closed","ping_status":"closed","template":"","meta":[],"yoast_head":"<!-- This site is optimized with the Yoast SEO plugin v19.14 - https:\/\/yoast.com\/wordpress\/plugins\/seo\/ -->\n<title>POTRAGA ZA BLAGOM U DVORCU PODSREDA | Grad Podsreda | Sobe in apartmaji | Grajska ponudba<\/title>\n<meta name=\"robots\" content=\"index, follow, max-snippet:-1, max-image-preview:large, max-video-preview:-1\" \/>\n<link rel=\"canonical\" href=\"https:\/\/castlepodsreda.com\/hr\/avantura-potrage-za-blagom-u-dvorcu-podsreda\/\" \/>\n<meta property=\"og:locale\" content=\"hr_HR\" \/>\n<meta property=\"og:type\" content=\"article\" \/>\n<meta property=\"og:title\" content=\"POTRAGA ZA BLAGOM U DVORCU PODSREDA | Grad Podsreda | Sobe in apartmaji | Grajska ponudba\" \/>\n<meta property=\"og:description\" content=\"[vc_row][vc_column cms_column_class=&#8221;rm-padding-lg&#8221; offset=&#8221;vc_col-lg-6 vc_col-md-6&#8243; css=&#8221;.vc_custom_1569030174276{padding-right: 63px !important;}&#8221;][vc_single_image image=&#8221;5333&#8243; img_size=&#8221;full&#8221;][\/vc_column][vc_column cms_column_class=&#8221;rm-padding-lg&#8221; offset=&#8221;vc_col-lg-6 vc_col-md-6&#8243; css=&#8221;.vc_custom_1569030444588{padding-left: 13px !important;}&#8221;][cms_space space_lg=&#8221;0&#8243; space_md=&#8221;55&#8243; space_sm=&#8221;32&#8243; space_xs=&#8221;32&#8243;][cms_heading text=&#8221;Avantura &#8220;Potrage za blagom&#8220; dvorca Podsreda&#8221; letter_spacing=&#8221;0.03em&#8221; sub_font_weight=&#8221;700&#8243; sub_font_style=&#8221;italic&#8221; sub_margin_bottom=&#8221;18&#8243; description=&#8221;Osim atrakcija srednjovjekovnog dvorca Podsreda, koji ima mnoge zanimljive izlo\u017ebe i povijesne sobe, dvorac tako\u0111er nudi priliku da sudjelujete u zabavnoj avanturi potrage za blagom dvorca [&hellip;]\" \/>\n<meta property=\"og:url\" content=\"https:\/\/castlepodsreda.com\/hr\/avantura-potrage-za-blagom-u-dvorcu-podsreda\/\" \/>\n<meta property=\"og:site_name\" content=\"Grad Podsreda | Sobe in apartmaji | Grajska ponudba\" \/>\n<meta property=\"article:publisher\" content=\"https:\/\/www.facebook.com\/podsredacastle\" \/>\n<meta property=\"article:modified_time\" content=\"2024-03-09T09:53:39+00:00\" \/>\n<meta property=\"og:image\" content=\"https:\/\/castlepodsreda.com\/wp-content\/uploads\/2021\/10\/Lov-na-zaklad_10.10.2020-47.jpg\" \/>\n\t<meta property=\"og:image:width\" content=\"1300\" \/>\n\t<meta property=\"og:image:height\" content=\"867\" \/>\n\t<meta property=\"og:image:type\" content=\"image\/jpeg\" \/>\n<meta name=\"twitter:card\" content=\"summary_large_image\" \/>\n<meta name=\"twitter:label1\" content=\"Procijenjeno vrijeme \u010ditanja\" \/>\n\t<meta name=\"twitter:data1\" content=\"6 minuta\" \/>\n<script type=\"application\/ld+json\" class=\"yoast-schema-graph\">{\"@context\":\"https:\/\/schema.org\",\"@graph\":[{\"@type\":\"WebPage\",\"@id\":\"https:\/\/castlepodsreda.com\/hr\/avantura-potrage-za-blagom-u-dvorcu-podsreda\/\",\"url\":\"https:\/\/castlepodsreda.com\/hr\/avantura-potrage-za-blagom-u-dvorcu-podsreda\/\",\"name\":\"POTRAGA ZA BLAGOM U DVORCU PODSREDA | Grad Podsreda | Sobe in apartmaji | Grajska ponudba\",\"isPartOf\":{\"@id\":\"https:\/\/castlepodsreda.com\/hr\/#website\"},\"datePublished\":\"2021-02-28T16:27:37+00:00\",\"dateModified\":\"2024-03-09T09:53:39+00:00\",\"breadcrumb\":{\"@id\":\"https:\/\/castlepodsreda.com\/hr\/avantura-potrage-za-blagom-u-dvorcu-podsreda\/#breadcrumb\"},\"inLanguage\":\"hr\",\"potentialAction\":[{\"@type\":\"ReadAction\",\"target\":[\"https:\/\/castlepodsreda.com\/hr\/avantura-potrage-za-blagom-u-dvorcu-podsreda\/\"]}]},{\"@type\":\"BreadcrumbList\",\"@id\":\"https:\/\/castlepodsreda.com\/hr\/avantura-potrage-za-blagom-u-dvorcu-podsreda\/#breadcrumb\",\"itemListElement\":[{\"@type\":\"ListItem\",\"position\":1,\"name\":\"Home\",\"item\":\"https:\/\/castlepodsreda.com\/hr\/\"},{\"@type\":\"ListItem\",\"position\":2,\"name\":\"POTRAGA ZA BLAGOM U DVORCU PODSREDA\"}]},{\"@type\":\"WebSite\",\"@id\":\"https:\/\/castlepodsreda.com\/hr\/#website\",\"url\":\"https:\/\/castlepodsreda.com\/hr\/\",\"name\":\"Grad Podsreda | Sobe in apartmaji | Grajska ponudba\",\"description\":\"Najbolj grajski med gradovi v Sloveniji\",\"publisher\":{\"@id\":\"https:\/\/castlepodsreda.com\/hr\/#organization\"},\"potentialAction\":[{\"@type\":\"SearchAction\",\"target\":{\"@type\":\"EntryPoint\",\"urlTemplate\":\"https:\/\/castlepodsreda.com\/hr\/?s={search_term_string}\"},\"query-input\":\"required name=search_term_string\"}],\"inLanguage\":\"hr\"},{\"@type\":\"Organization\",\"@id\":\"https:\/\/castlepodsreda.com\/hr\/#organization\",\"name\":\"Grad Podsreda | Sobe in apartmaji | Grajska ponudba\",\"url\":\"https:\/\/castlepodsreda.com\/hr\/\",\"logo\":{\"@type\":\"ImageObject\",\"inLanguage\":\"hr\",\"@id\":\"https:\/\/castlepodsreda.com\/hr\/#\/schema\/logo\/image\/\",\"url\":\"https:\/\/castlepodsreda.com\/wp-content\/uploads\/2020\/04\/logo-grad-podsreda-2.jpg\",\"contentUrl\":\"https:\/\/castlepodsreda.com\/wp-content\/uploads\/2020\/04\/logo-grad-podsreda-2.jpg\",\"width\":576,\"height\":576,\"caption\":\"Grad Podsreda | Sobe in apartmaji | Grajska ponudba\"},\"image\":{\"@id\":\"https:\/\/castlepodsreda.com\/hr\/#\/schema\/logo\/image\/\"},\"sameAs\":[\"https:\/\/www.instagram.com\/podsredacastle\/\",\"https:\/\/www.facebook.com\/podsredacastle\"]}]}<\/script>\n<!-- \/ Yoast SEO plugin. -->","yoast_head_json":{"title":"POTRAGA ZA BLAGOM U DVORCU PODSREDA | Grad Podsreda | Sobe in apartmaji | Grajska ponudba","robots":{"index":"index","follow":"follow","max-snippet":"max-snippet:-1","max-image-preview":"max-image-preview:large","max-video-preview":"max-video-preview:-1"},"canonical":"https:\/\/castlepodsreda.com\/hr\/avantura-potrage-za-blagom-u-dvorcu-podsreda\/","og_locale":"hr_HR","og_type":"article","og_title":"POTRAGA ZA BLAGOM U DVORCU PODSREDA | Grad Podsreda | Sobe in apartmaji | Grajska ponudba","og_description":"[vc_row][vc_column cms_column_class=&#8221;rm-padding-lg&#8221; offset=&#8221;vc_col-lg-6 vc_col-md-6&#8243; css=&#8221;.vc_custom_1569030174276{padding-right: 63px !important;}&#8221;][vc_single_image image=&#8221;5333&#8243; img_size=&#8221;full&#8221;][\/vc_column][vc_column cms_column_class=&#8221;rm-padding-lg&#8221; offset=&#8221;vc_col-lg-6 vc_col-md-6&#8243; css=&#8221;.vc_custom_1569030444588{padding-left: 13px !important;}&#8221;][cms_space space_lg=&#8221;0&#8243; space_md=&#8221;55&#8243; space_sm=&#8221;32&#8243; space_xs=&#8221;32&#8243;][cms_heading text=&#8221;Avantura &#8220;Potrage za blagom&#8220; dvorca Podsreda&#8221; letter_spacing=&#8221;0.03em&#8221; sub_font_weight=&#8221;700&#8243; sub_font_style=&#8221;italic&#8221; sub_margin_bottom=&#8221;18&#8243; description=&#8221;Osim atrakcija srednjovjekovnog dvorca Podsreda, koji ima mnoge zanimljive izlo\u017ebe i povijesne sobe, dvorac tako\u0111er nudi priliku da sudjelujete u zabavnoj avanturi potrage za blagom dvorca [&hellip;]","og_url":"https:\/\/castlepodsreda.com\/hr\/avantura-potrage-za-blagom-u-dvorcu-podsreda\/","og_site_name":"Grad Podsreda | Sobe in apartmaji | Grajska ponudba","article_publisher":"https:\/\/www.facebook.com\/podsredacastle","article_modified_time":"2024-03-09T09:53:39+00:00","og_image":[{"width":1300,"height":867,"url":"https:\/\/castlepodsreda.com\/wp-content\/uploads\/2021\/10\/Lov-na-zaklad_10.10.2020-47.jpg","type":"image\/jpeg"}],"twitter_card":"summary_large_image","twitter_misc":{"Procijenjeno vrijeme \u010ditanja":"6 minuta"},"schema":{"@context":"https:\/\/schema.org","@graph":[{"@type":"WebPage","@id":"https:\/\/castlepodsreda.com\/hr\/avantura-potrage-za-blagom-u-dvorcu-podsreda\/","url":"https:\/\/castlepodsreda.com\/hr\/avantura-potrage-za-blagom-u-dvorcu-podsreda\/","name":"POTRAGA ZA BLAGOM U DVORCU PODSREDA | Grad Podsreda | Sobe in apartmaji | Grajska ponudba","isPartOf":{"@id":"https:\/\/castlepodsreda.com\/hr\/#website"},"datePublished":"2021-02-28T16:27:37+00:00","dateModified":"2024-03-09T09:53:39+00:00","breadcrumb":{"@id":"https:\/\/castlepodsreda.com\/hr\/avantura-potrage-za-blagom-u-dvorcu-podsreda\/#breadcrumb"},"inLanguage":"hr","potentialAction":[{"@type":"ReadAction","target":["https:\/\/castlepodsreda.com\/hr\/avantura-potrage-za-blagom-u-dvorcu-podsreda\/"]}]},{"@type":"BreadcrumbList","@id":"https:\/\/castlepodsreda.com\/hr\/avantura-potrage-za-blagom-u-dvorcu-podsreda\/#breadcrumb","itemListElement":[{"@type":"ListItem","position":1,"name":"Home","item":"https:\/\/castlepodsreda.com\/hr\/"},{"@type":"ListItem","position":2,"name":"POTRAGA ZA BLAGOM U DVORCU PODSREDA"}]},{"@type":"WebSite","@id":"https:\/\/castlepodsreda.com\/hr\/#website","url":"https:\/\/castlepodsreda.com\/hr\/","name":"Grad Podsreda | Sobe in apartmaji | Grajska ponudba","description":"Najbolj grajski med gradovi v Sloveniji","publisher":{"@id":"https:\/\/castlepodsreda.com\/hr\/#organization"},"potentialAction":[{"@type":"SearchAction","target":{"@type":"EntryPoint","urlTemplate":"https:\/\/castlepodsreda.com\/hr\/?s={search_term_string}"},"query-input":"required name=search_term_string"}],"inLanguage":"hr"},{"@type":"Organization","@id":"https:\/\/castlepodsreda.com\/hr\/#organization","name":"Grad Podsreda | Sobe in apartmaji | Grajska ponudba","url":"https:\/\/castlepodsreda.com\/hr\/","logo":{"@type":"ImageObject","inLanguage":"hr","@id":"https:\/\/castlepodsreda.com\/hr\/#\/schema\/logo\/image\/","url":"https:\/\/castlepodsreda.com\/wp-content\/uploads\/2020\/04\/logo-grad-podsreda-2.jpg","contentUrl":"https:\/\/castlepodsreda.com\/wp-content\/uploads\/2020\/04\/logo-grad-podsreda-2.jpg","width":576,"height":576,"caption":"Grad Podsreda | Sobe in apartmaji | Grajska ponudba"},"image":{"@id":"https:\/\/castlepodsreda.com\/hr\/#\/schema\/logo\/image\/"},"sameAs":["https:\/\/www.instagram.com\/podsredacastle\/","https:\/\/www.facebook.com\/podsredacastle"]}]}},"_links":{"self":[{"href":"https:\/\/castlepodsreda.com\/hr\/wp-json\/wp\/v2\/pages\/34602"}],"collection":[{"href":"https:\/\/castlepodsreda.com\/hr\/wp-json\/wp\/v2\/pages"}],"about":[{"href":"https:\/\/castlepodsreda.com\/hr\/wp-json\/wp\/v2\/types\/page"}],"author":[{"embeddable":true,"href":"https:\/\/castlepodsreda.com\/hr\/wp-json\/wp\/v2\/users\/2"}],"replies":[{"embeddable":true,"href":"https:\/\/castlepodsreda.com\/hr\/wp-json\/wp\/v2\/comments?post=34602"}],"version-history":[{"count":5,"href":"https:\/\/castlepodsreda.com\/hr\/wp-json\/wp\/v2\/pages\/34602\/revisions"}],"predecessor-version":[{"id":36020,"href":"https:\/\/castlepodsreda.com\/hr\/wp-json\/wp\/v2\/pages\/34602\/revisions\/36020"}],"wp:featuredmedia":[{"embeddable":true,"href":"https:\/\/castlepodsreda.com\/hr\/wp-json\/wp\/v2\/media\/27126"}],"wp:attachment":[{"href":"https:\/\/castlepodsreda.com\/hr\/wp-json\/wp\/v2\/media?parent=34602"}],"curies":[{"name":"wp","href":"https:\/\/api.w.org\/{rel}","templated":true}]}}