{"id":34897,"date":"2021-02-28T17:49:21","date_gmt":"2021-02-28T17:49:21","guid":{"rendered":"https:\/\/castlepodsreda.com\/?page_id=34897"},"modified":"2023-12-08T12:57:53","modified_gmt":"2023-12-08T12:57:53","slug":"dvorska-iskustva-za-dvoje","status":"publish","type":"page","link":"https:\/\/castlepodsreda.com\/hr\/dvorska-iskustva-za-dvoje\/","title":{"rendered":"DVORSKA ISKUSTVA ZA DVOJE"},"content":{"rendered":"<p>[vc_row][vc_column width=&#8221;1\/3&#8243;][vc_single_image image=&#8221;5657&#8243; img_size=&#8221;full&#8221;][cms_heading text_before=&#8221;Razgled dvorca s dvorskim ru\u010dkom&#8221; tag=&#8221;h4&#8243; align_lg=&#8221;align-center&#8221; align_md=&#8221;align-center-md&#8221; align_sm=&#8221;align-center-sm&#8221; align_xs=&#8221;align-center-xs&#8221; description=&#8221;Odu\u0161evite svog boljeg pola s vrlo posebnim iskustvom u povijesnom okru\u017eenju dvorca Podsreda.&#8221; cms_template=&#8221;cms_heading&#8211;layout2.php&#8221; margin_top=&#8221;10&#8243; margin_bottom=&#8221;20&#8243;][cms_space space_lg=&#8221;20&#8243; space_md=&#8221;20&#8243; space_sm=&#8221;10&#8243; space_xs=&#8221;10&#8243;][cms_button button_text=&#8221;OTKRIJ VI\u0160E&#8221; button_link=&#8221;url:https%3A%2F%2Fcastlepodsreda.com%2Fgrajska-dogodivscina-v-dvoje%2F|title:GRAJSKA%20DOGODIV%C5%A0%C4%8CINA%20V%20DVOJE||&#8221; font_weight=&#8221;400&#8243; button_align=&#8221;center&#8221; button_align_md=&#8221;center&#8221; button_align_sm=&#8221;center&#8221; button_align_xs=&#8221;center&#8221;][cms_space space_lg=&#8221;20&#8243; space_md=&#8221;20&#8243; space_sm=&#8221;10&#8243; space_xs=&#8221;10&#8243;][\/vc_column][vc_column width=&#8221;1\/3&#8243;][vc_single_image image=&#8221;5680&#8243; img_size=&#8221;full&#8221;][cms_heading text_before=&#8221;Privatni vodi\u010dki razgled dvorca s dvorskim ru\u010dkom&#8221; tag=&#8221;h4&#8243; align_lg=&#8221;align-center&#8221; align_md=&#8221;align-center-md&#8221; align_sm=&#8221;align-center-sm&#8221; align_xs=&#8221;align-center-xs&#8221; description=&#8221;Razgled dvorca s posebnim prijemom, osobnim dvorskim vodi\u010dem i dvorskom zakuskom.&#8221; cms_template=&#8221;cms_heading&#8211;layout2.php&#8221; margin_top=&#8221;10&#8243; margin_bottom=&#8221;20&#8243;][cms_space space_lg=&#8221;30&#8243; space_md=&#8221;30&#8243; space_sm=&#8221;10&#8243; space_xs=&#8221;10&#8243;][cms_button button_text=&#8221;OTKRIJ VI\u0160E&#8221; button_link=&#8221;url:https%3A%2F%2Fcastlepodsreda.com%2Fkorak-v-zgodovino-zasebni-voden-ogled-gradu-s-prigrizkom%2F|title:DRU%C5%BDINSKA%20GRAJSKA%20DOGODIV%C5%A0%C4%8CINA||&#8221; font_weight=&#8221;400&#8243; button_align=&#8221;center&#8221; button_align_md=&#8221;center&#8221; button_align_sm=&#8221;center&#8221; button_align_xs=&#8221;center&#8221;][cms_space space_lg=&#8221;30&#8243; space_md=&#8221;30&#8243; space_sm=&#8221;10&#8243; space_xs=&#8221;10&#8243;][\/vc_column][vc_column width=&#8221;1\/3&#8243;][vc_single_image image=&#8221;5682&#8243; img_size=&#8221;full&#8221;][cms_heading text_before=&#8221;Do\u017eivljaj dvorca za dvoje uz no\u0107enje u dvorcu&#8221; tag=&#8221;h4&#8243; align_lg=&#8221;align-center&#8221; align_md=&#8221;align-center-md&#8221; align_sm=&#8221;align-center-sm&#8221; align_xs=&#8221;align-center-xs&#8221; description=&#8221;Provedite no\u0107 kao ka\u0161tel i u\u017eivajte u ti\u0161ini zidina dvorca i ljepoti netaknute prirode Kozjanskog parka!&#8221; cms_template=&#8221;cms_heading&#8211;layout2.php&#8221; margin_top=&#8221;10&#8243; margin_bottom=&#8221;20&#8243;][cms_space space_lg=&#8221;30&#8243; space_md=&#8221;30&#8243; space_sm=&#8221;10&#8243; space_xs=&#8221;10&#8243;][cms_button button_text=&#8221;OTKRIJ VI\u0160E&#8221; button_link=&#8221;url:https%3A%2F%2Fcastlepodsreda.com%2Fhr%2Favanturisticki-paketi-s-nocenjem-na-dvorcu%2F|title:DRU%C5%BDINSKA%20GRAJSKA%20DOGODIV%C5%A0%C4%8CINA||&#8221; font_weight=&#8221;400&#8243; button_align=&#8221;center&#8221; button_align_md=&#8221;center&#8221; button_align_sm=&#8221;center&#8221; button_align_xs=&#8221;center&#8221;][cms_space space_lg=&#8221;30&#8243; space_md=&#8221;30&#8243; space_sm=&#8221;10&#8243; space_xs=&#8221;10&#8243;][\/vc_column][\/vc_row][vc_row][vc_column width=&#8221;1\/2&#8243;][cms_fancybox icon_fontawesome=&#8221;fab fa-fort-awesome&#8221; button_text=&#8221;OTKRIJ VI\u0160E&#8221; button_link=&#8221;url:https%3A%2F%2Fcastlepodsreda.com%2Fhr%2Fdozivljaji%2F|||&#8221; cms_template=&#8221;cms_fancybox&#8211;layout5.php&#8221; el_title=&#8221;JO\u0160 JEDINSTVENIH DO\u017dIVLJAJA DVORACA&#8221; fcb_description=&#8221;U povijesnoj atmosferi dvorca Podsreda i usred netaknute prirode Kozjanskog parka, svaki se dan pi\u0161e nova bajka. Avanture u dvorcu \u010dekaju na vas!&#8221;][\/vc_column][vc_column width=&#8221;1\/2&#8243;][vc_single_image image=&#8221;34159&#8243; img_size=&#8221;full&#8221;][\/vc_column][\/vc_row]<\/p>\n","protected":false},"excerpt":{"rendered":"<p>[vc_row][vc_column width=&#8221;1\/3&#8243;][vc_single_image image=&#8221;5657&#8243; img_size=&#8221;full&#8221;][cms_heading text_before=&#8221;Razgled dvorca s dvorskim ru\u010dkom&#8221; tag=&#8221;h4&#8243; align_lg=&#8221;align-center&#8221; align_md=&#8221;align-center-md&#8221; align_sm=&#8221;align-center-sm&#8221; align_xs=&#8221;align-center-xs&#8221; description=&#8221;Odu\u0161evite svog boljeg pola s vrlo posebnim iskustvom u povijesnom okru\u017eenju dvorca Podsreda.&#8221; cms_template=&#8221;cms_heading&#8211;layout2.php&#8221; margin_top=&#8221;10&#8243; margin_bottom=&#8221;20&#8243;][cms_space space_lg=&#8221;20&#8243; space_md=&#8221;20&#8243; space_sm=&#8221;10&#8243; space_xs=&#8221;10&#8243;][cms_button button_text=&#8221;OTKRIJ VI\u0160E&#8221; button_link=&#8221;url:https%3A%2F%2Fcastlepodsreda.com%2Fgrajska-dogodivscina-v-dvoje%2F|title:GRAJSKA%20DOGODIV%C5%A0%C4%8CINA%20V%20DVOJE||&#8221; font_weight=&#8221;400&#8243; button_align=&#8221;center&#8221; button_align_md=&#8221;center&#8221; button_align_sm=&#8221;center&#8221; button_align_xs=&#8221;center&#8221;][cms_space space_lg=&#8221;20&#8243; space_md=&#8221;20&#8243; space_sm=&#8221;10&#8243; space_xs=&#8221;10&#8243;][\/vc_column][vc_column width=&#8221;1\/3&#8243;][vc_single_image image=&#8221;5680&#8243; img_size=&#8221;full&#8221;][cms_heading text_before=&#8221;Privatni vodi\u010dki razgled dvorca s dvorskim [&hellip;]<\/p>\n","protected":false},"author":2,"featured_media":27488,"parent":0,"menu_order":0,"comment_status":"closed","ping_status":"closed","template":"","meta":[],"yoast_head":"<!-- This site is optimized with the Yoast SEO plugin v19.14 - https:\/\/yoast.com\/wordpress\/plugins\/seo\/ -->\n<title>DVORSKA ISKUSTVA ZA DVOJE | Grad Podsreda | Sobe in apartmaji | Grajska ponudba<\/title>\n<meta name=\"robots\" content=\"index, follow, max-snippet:-1, max-image-preview:large, max-video-preview:-1\" \/>\n<link rel=\"canonical\" href=\"https:\/\/castlepodsreda.com\/hr\/dvorska-iskustva-za-dvoje\/\" \/>\n<meta property=\"og:locale\" content=\"hr_HR\" \/>\n<meta property=\"og:type\" content=\"article\" \/>\n<meta property=\"og:title\" content=\"DVORSKA ISKUSTVA ZA DVOJE | Grad Podsreda | Sobe in apartmaji | Grajska ponudba\" \/>\n<meta property=\"og:description\" content=\"[vc_row][vc_column width=&#8221;1\/3&#8243;][vc_single_image image=&#8221;5657&#8243; img_size=&#8221;full&#8221;][cms_heading text_before=&#8221;Razgled dvorca s dvorskim ru\u010dkom&#8221; tag=&#8221;h4&#8243; align_lg=&#8221;align-center&#8221; align_md=&#8221;align-center-md&#8221; align_sm=&#8221;align-center-sm&#8221; align_xs=&#8221;align-center-xs&#8221; description=&#8221;Odu\u0161evite svog boljeg pola s vrlo posebnim iskustvom u povijesnom okru\u017eenju dvorca Podsreda.&#8221; cms_template=&#8221;cms_heading&#8211;layout2.php&#8221; margin_top=&#8221;10&#8243; margin_bottom=&#8221;20&#8243;][cms_space space_lg=&#8221;20&#8243; space_md=&#8221;20&#8243; space_sm=&#8221;10&#8243; space_xs=&#8221;10&#8243;][cms_button button_text=&#8221;OTKRIJ VI\u0160E&#8221; button_link=&#8221;url:https%3A%2F%2Fcastlepodsreda.com%2Fgrajska-dogodivscina-v-dvoje%2F|title:GRAJSKA%20DOGODIV%C5%A0%C4%8CINA%20V%20DVOJE||&#8221; font_weight=&#8221;400&#8243; button_align=&#8221;center&#8221; button_align_md=&#8221;center&#8221; button_align_sm=&#8221;center&#8221; button_align_xs=&#8221;center&#8221;][cms_space space_lg=&#8221;20&#8243; space_md=&#8221;20&#8243; space_sm=&#8221;10&#8243; space_xs=&#8221;10&#8243;][\/vc_column][vc_column width=&#8221;1\/3&#8243;][vc_single_image image=&#8221;5680&#8243; img_size=&#8221;full&#8221;][cms_heading text_before=&#8221;Privatni vodi\u010dki razgled dvorca s dvorskim [&hellip;]\" \/>\n<meta property=\"og:url\" content=\"https:\/\/castlepodsreda.com\/hr\/dvorska-iskustva-za-dvoje\/\" \/>\n<meta property=\"og:site_name\" content=\"Grad Podsreda | Sobe in apartmaji | Grajska ponudba\" \/>\n<meta property=\"article:publisher\" content=\"https:\/\/www.facebook.com\/podsredacastle\" \/>\n<meta property=\"article:modified_time\" content=\"2023-12-08T12:57:53+00:00\" \/>\n<meta property=\"og:image\" content=\"https:\/\/castlepodsreda.com\/wp-content\/uploads\/2022\/01\/AKP_1674.jpg\" \/>\n\t<meta property=\"og:image:width\" content=\"1500\" \/>\n\t<meta property=\"og:image:height\" content=\"1000\" \/>\n\t<meta property=\"og:image:type\" content=\"image\/jpeg\" \/>\n<meta name=\"twitter:card\" content=\"summary_large_image\" \/>\n<meta name=\"twitter:label1\" content=\"Procijenjeno vrijeme \u010ditanja\" \/>\n\t<meta name=\"twitter:data1\" content=\"1 minuta\" \/>\n<script type=\"application\/ld+json\" class=\"yoast-schema-graph\">{\"@context\":\"https:\/\/schema.org\",\"@graph\":[{\"@type\":\"WebPage\",\"@id\":\"https:\/\/castlepodsreda.com\/hr\/dvorska-iskustva-za-dvoje\/\",\"url\":\"https:\/\/castlepodsreda.com\/hr\/dvorska-iskustva-za-dvoje\/\",\"name\":\"DVORSKA ISKUSTVA ZA DVOJE | Grad Podsreda | Sobe in apartmaji | Grajska ponudba\",\"isPartOf\":{\"@id\":\"https:\/\/castlepodsreda.com\/hr\/#website\"},\"datePublished\":\"2021-02-28T17:49:21+00:00\",\"dateModified\":\"2023-12-08T12:57:53+00:00\",\"breadcrumb\":{\"@id\":\"https:\/\/castlepodsreda.com\/hr\/dvorska-iskustva-za-dvoje\/#breadcrumb\"},\"inLanguage\":\"hr\",\"potentialAction\":[{\"@type\":\"ReadAction\",\"target\":[\"https:\/\/castlepodsreda.com\/hr\/dvorska-iskustva-za-dvoje\/\"]}]},{\"@type\":\"BreadcrumbList\",\"@id\":\"https:\/\/castlepodsreda.com\/hr\/dvorska-iskustva-za-dvoje\/#breadcrumb\",\"itemListElement\":[{\"@type\":\"ListItem\",\"position\":1,\"name\":\"Home\",\"item\":\"https:\/\/castlepodsreda.com\/hr\/\"},{\"@type\":\"ListItem\",\"position\":2,\"name\":\"DVORSKA ISKUSTVA ZA DVOJE\"}]},{\"@type\":\"WebSite\",\"@id\":\"https:\/\/castlepodsreda.com\/hr\/#website\",\"url\":\"https:\/\/castlepodsreda.com\/hr\/\",\"name\":\"Grad Podsreda | Sobe in apartmaji | Grajska ponudba\",\"description\":\"Najbolj grajski med gradovi v Sloveniji\",\"publisher\":{\"@id\":\"https:\/\/castlepodsreda.com\/hr\/#organization\"},\"potentialAction\":[{\"@type\":\"SearchAction\",\"target\":{\"@type\":\"EntryPoint\",\"urlTemplate\":\"https:\/\/castlepodsreda.com\/hr\/?s={search_term_string}\"},\"query-input\":\"required name=search_term_string\"}],\"inLanguage\":\"hr\"},{\"@type\":\"Organization\",\"@id\":\"https:\/\/castlepodsreda.com\/hr\/#organization\",\"name\":\"Grad Podsreda | Sobe in apartmaji | Grajska ponudba\",\"url\":\"https:\/\/castlepodsreda.com\/hr\/\",\"logo\":{\"@type\":\"ImageObject\",\"inLanguage\":\"hr\",\"@id\":\"https:\/\/castlepodsreda.com\/hr\/#\/schema\/logo\/image\/\",\"url\":\"https:\/\/castlepodsreda.com\/wp-content\/uploads\/2020\/04\/logo-grad-podsreda-2.jpg\",\"contentUrl\":\"https:\/\/castlepodsreda.com\/wp-content\/uploads\/2020\/04\/logo-grad-podsreda-2.jpg\",\"width\":576,\"height\":576,\"caption\":\"Grad Podsreda | Sobe in apartmaji | Grajska ponudba\"},\"image\":{\"@id\":\"https:\/\/castlepodsreda.com\/hr\/#\/schema\/logo\/image\/\"},\"sameAs\":[\"https:\/\/www.instagram.com\/podsredacastle\/\",\"https:\/\/www.facebook.com\/podsredacastle\"]}]}<\/script>\n<!-- \/ Yoast SEO plugin. -->","yoast_head_json":{"title":"DVORSKA ISKUSTVA ZA DVOJE | Grad Podsreda | Sobe in apartmaji | Grajska ponudba","robots":{"index":"index","follow":"follow","max-snippet":"max-snippet:-1","max-image-preview":"max-image-preview:large","max-video-preview":"max-video-preview:-1"},"canonical":"https:\/\/castlepodsreda.com\/hr\/dvorska-iskustva-za-dvoje\/","og_locale":"hr_HR","og_type":"article","og_title":"DVORSKA ISKUSTVA ZA DVOJE | Grad Podsreda | Sobe in apartmaji | Grajska ponudba","og_description":"[vc_row][vc_column width=&#8221;1\/3&#8243;][vc_single_image image=&#8221;5657&#8243; img_size=&#8221;full&#8221;][cms_heading text_before=&#8221;Razgled dvorca s dvorskim ru\u010dkom&#8221; tag=&#8221;h4&#8243; align_lg=&#8221;align-center&#8221; align_md=&#8221;align-center-md&#8221; align_sm=&#8221;align-center-sm&#8221; align_xs=&#8221;align-center-xs&#8221; description=&#8221;Odu\u0161evite svog boljeg pola s vrlo posebnim iskustvom u povijesnom okru\u017eenju dvorca Podsreda.&#8221; cms_template=&#8221;cms_heading&#8211;layout2.php&#8221; margin_top=&#8221;10&#8243; margin_bottom=&#8221;20&#8243;][cms_space space_lg=&#8221;20&#8243; space_md=&#8221;20&#8243; space_sm=&#8221;10&#8243; space_xs=&#8221;10&#8243;][cms_button button_text=&#8221;OTKRIJ VI\u0160E&#8221; button_link=&#8221;url:https%3A%2F%2Fcastlepodsreda.com%2Fgrajska-dogodivscina-v-dvoje%2F|title:GRAJSKA%20DOGODIV%C5%A0%C4%8CINA%20V%20DVOJE||&#8221; font_weight=&#8221;400&#8243; button_align=&#8221;center&#8221; button_align_md=&#8221;center&#8221; button_align_sm=&#8221;center&#8221; button_align_xs=&#8221;center&#8221;][cms_space space_lg=&#8221;20&#8243; space_md=&#8221;20&#8243; space_sm=&#8221;10&#8243; space_xs=&#8221;10&#8243;][\/vc_column][vc_column width=&#8221;1\/3&#8243;][vc_single_image image=&#8221;5680&#8243; img_size=&#8221;full&#8221;][cms_heading text_before=&#8221;Privatni vodi\u010dki razgled dvorca s dvorskim [&hellip;]","og_url":"https:\/\/castlepodsreda.com\/hr\/dvorska-iskustva-za-dvoje\/","og_site_name":"Grad Podsreda | Sobe in apartmaji | Grajska ponudba","article_publisher":"https:\/\/www.facebook.com\/podsredacastle","article_modified_time":"2023-12-08T12:57:53+00:00","og_image":[{"width":1500,"height":1000,"url":"https:\/\/castlepodsreda.com\/wp-content\/uploads\/2022\/01\/AKP_1674.jpg","type":"image\/jpeg"}],"twitter_card":"summary_large_image","twitter_misc":{"Procijenjeno vrijeme \u010ditanja":"1 minuta"},"schema":{"@context":"https:\/\/schema.org","@graph":[{"@type":"WebPage","@id":"https:\/\/castlepodsreda.com\/hr\/dvorska-iskustva-za-dvoje\/","url":"https:\/\/castlepodsreda.com\/hr\/dvorska-iskustva-za-dvoje\/","name":"DVORSKA ISKUSTVA ZA DVOJE | Grad Podsreda | Sobe in apartmaji | Grajska ponudba","isPartOf":{"@id":"https:\/\/castlepodsreda.com\/hr\/#website"},"datePublished":"2021-02-28T17:49:21+00:00","dateModified":"2023-12-08T12:57:53+00:00","breadcrumb":{"@id":"https:\/\/castlepodsreda.com\/hr\/dvorska-iskustva-za-dvoje\/#breadcrumb"},"inLanguage":"hr","potentialAction":[{"@type":"ReadAction","target":["https:\/\/castlepodsreda.com\/hr\/dvorska-iskustva-za-dvoje\/"]}]},{"@type":"BreadcrumbList","@id":"https:\/\/castlepodsreda.com\/hr\/dvorska-iskustva-za-dvoje\/#breadcrumb","itemListElement":[{"@type":"ListItem","position":1,"name":"Home","item":"https:\/\/castlepodsreda.com\/hr\/"},{"@type":"ListItem","position":2,"name":"DVORSKA ISKUSTVA ZA DVOJE"}]},{"@type":"WebSite","@id":"https:\/\/castlepodsreda.com\/hr\/#website","url":"https:\/\/castlepodsreda.com\/hr\/","name":"Grad Podsreda | Sobe in apartmaji | Grajska ponudba","description":"Najbolj grajski med gradovi v Sloveniji","publisher":{"@id":"https:\/\/castlepodsreda.com\/hr\/#organization"},"potentialAction":[{"@type":"SearchAction","target":{"@type":"EntryPoint","urlTemplate":"https:\/\/castlepodsreda.com\/hr\/?s={search_term_string}"},"query-input":"required name=search_term_string"}],"inLanguage":"hr"},{"@type":"Organization","@id":"https:\/\/castlepodsreda.com\/hr\/#organization","name":"Grad Podsreda | Sobe in apartmaji | Grajska ponudba","url":"https:\/\/castlepodsreda.com\/hr\/","logo":{"@type":"ImageObject","inLanguage":"hr","@id":"https:\/\/castlepodsreda.com\/hr\/#\/schema\/logo\/image\/","url":"https:\/\/castlepodsreda.com\/wp-content\/uploads\/2020\/04\/logo-grad-podsreda-2.jpg","contentUrl":"https:\/\/castlepodsreda.com\/wp-content\/uploads\/2020\/04\/logo-grad-podsreda-2.jpg","width":576,"height":576,"caption":"Grad Podsreda | Sobe in apartmaji | Grajska ponudba"},"image":{"@id":"https:\/\/castlepodsreda.com\/hr\/#\/schema\/logo\/image\/"},"sameAs":["https:\/\/www.instagram.com\/podsredacastle\/","https:\/\/www.facebook.com\/podsredacastle"]}]}},"_links":{"self":[{"href":"https:\/\/castlepodsreda.com\/hr\/wp-json\/wp\/v2\/pages\/34897"}],"collection":[{"href":"https:\/\/castlepodsreda.com\/hr\/wp-json\/wp\/v2\/pages"}],"about":[{"href":"https:\/\/castlepodsreda.com\/hr\/wp-json\/wp\/v2\/types\/page"}],"author":[{"embeddable":true,"href":"https:\/\/castlepodsreda.com\/hr\/wp-json\/wp\/v2\/users\/2"}],"replies":[{"embeddable":true,"href":"https:\/\/castlepodsreda.com\/hr\/wp-json\/wp\/v2\/comments?post=34897"}],"version-history":[{"count":3,"href":"https:\/\/castlepodsreda.com\/hr\/wp-json\/wp\/v2\/pages\/34897\/revisions"}],"predecessor-version":[{"id":34903,"href":"https:\/\/castlepodsreda.com\/hr\/wp-json\/wp\/v2\/pages\/34897\/revisions\/34903"}],"wp:featuredmedia":[{"embeddable":true,"href":"https:\/\/castlepodsreda.com\/hr\/wp-json\/wp\/v2\/media\/27488"}],"wp:attachment":[{"href":"https:\/\/castlepodsreda.com\/hr\/wp-json\/wp\/v2\/media?parent=34897"}],"curies":[{"name":"wp","href":"https:\/\/api.w.org\/{rel}","templated":true}]}}