{"id":34906,"date":"2021-02-28T18:58:05","date_gmt":"2021-02-28T18:58:05","guid":{"rendered":"https:\/\/castlepodsreda.com\/?page_id=34906"},"modified":"2024-03-27T10:26:33","modified_gmt":"2024-03-27T10:26:33","slug":"sto-posjetiti-u-okolici-dvorca","status":"publish","type":"page","link":"https:\/\/castlepodsreda.com\/hr\/sto-posjetiti-u-okolici-dvorca\/","title":{"rendered":"\u0160TO POSJETITI U OKOLICI DVORCA?"},"content":{"rendered":"<p>[vc_row][vc_column][cms_heading text=&#8221;\u0160to posjetiti u blizini dvorca?&#8221; sub_font_style=&#8221;italic&#8221; cms_template=&#8221;cms_heading&#8211;layout3.php&#8221; sub_title=&#8221;Daleko od grada, buke i gu\u017eve, smje\u0161tena je netaknuta regija Kozjansko, koja se u svojem srcu prepli\u0107e s jednom od najljep\u0161ih prirodnih vrijednosti u Sloveniji &#8211; Kozjanskim parkom. Ovdje se nalaze mjesta kojima du\u0161u daju ljubazni ljudi, ukusna lokalna kulinarska scena, jedinstvena iskustva i misteriozna krajolika.&#8221;][cms_space space_lg=&#8221;40&#8243; space_md=&#8221;40&#8243; space_sm=&#8221;20&#8243; space_xs=&#8221;10&#8243;][vc_single_image image=&#8221;5691&#8243; img_size=&#8221;medium&#8221; alignment=&#8221;center&#8221;][vc_column_text]Staze kozjanskih bre\u017euljaka vodile vas bodo do skrivenih kutaka, gdje se vrijeme zaustavlja, a povijest i dalje \u017eivi. Pro\u0161e\u0107ite slikovitim i panoramskim putem pored <a href=\"https:\/\/www.hribi.net\/izlet\/podsreda_stara_sveta_gora_krizev_pot\/25\/3459\/8339\">kapelice Kri\u017enog puta do Starih gor iznad Podsrede<\/a>, gdje se nalazi crkva \u017dalosne Majke Bo\u017eje, ili putem <a href=\"https:\/\/castlepodsreda.com\/hr\/dvorska-staza-podsreda\/\">Grajske staze Podsreda<\/a> do najgra\u0111evnijeg dvorca me\u0111u dvorcima u Sloveniji, dvorca Podsreda, i odmorite o\u010di uz pogled na staro <a href=\"https:\/\/www.obcina-kozje.si\/objava\/194811\">gradsko jezgro Podsrede<\/a>, koje zajedno s dvije drevne tr\u017enice \u010dini ob\u0107inu \u2013 <a href=\"https:\/\/www.visitpodcetrtek.com\/zanimivosti\/kozje\">tr\u017ei\u0161te Kozje<\/a> sa <a href=\"https:\/\/www.visitpodcetrtek.com\/zanimivosti\/stari-zapori\">starim zatvorima<\/a>, <a href=\"https:\/\/www.visitpodcetrtek.com\/zanimivosti\/kroflnov-mlin\">Kroflovim mlinom<\/a> i <a href=\"https:\/\/www.visitpodcetrtek.com\/zanimivosti\/sola-moje-mame\">muzejskom u\u010dionicom<\/a>, te povijesno bogato <a href=\"http:\/\/www.td-pilstanj.si\/domov\">tr\u017ei\u0161te Pil\u0161tanj<\/a>, gdje je prema legendi ro\u0111ena jedina slovenska svetica, sveta Ema.[\/vc_column_text][\/vc_column][\/vc_row][vc_row][vc_column][vc_single_image image=&#8221;5695&#8243; img_size=&#8221;medium&#8221; alignment=&#8221;center&#8221;][vc_column_text]Sredi mo\u0107nih bukovih \u0161uma Orlice i Bohorskog gorja, prostranih livada obraslih divljim orhidejama i kristalno \u010distih voda u netaknutoj prirodi <a href=\"http:\/\/kozjanski-park.si\/\">Kozjanskog regionalnog parka<\/a>, u\u017eivajte u opojnom mirisu <a href=\"https:\/\/kozjanski-park.si\/?page_id=341\">cvjetnog kolekcijskog vo\u0107njaka<\/a>, gdje uspijeva preko sto razli\u010ditih starih sorti kozjanskih jabuka i drugih vo\u0107nih stabala. Ili krenite na put i razgledajte jedinstvenu ljepotu <a href=\"https:\/\/kozjanski-park.si\/?page_id=274\">suhih livada na Vetrniku<\/a>. Udahnite svje\u017einu zelene okoline na \u0161etnjama, kao \u0161to je staza koja povezuje dvorac Podsreda i obli\u017enje <a href=\"http:\/\/www.svetegore.si\">Svete gore iznad Bistrice ob Sotli<\/a>, ili staza koja vodi do <a href=\"https:\/\/vnaravi.si\/senovsko-bizeljsko-in-sotelsko-gricevje\/soteska-bistrice\">kanjona rijeke Bistrice<\/a> \u2013 odli\u010dan izbor za vru\u0107e dane. Ili se popnite u sedlo i krenite istra\u017eivati jedinstvenu ljepotu kozjanskog krajobraza na le\u0111ima konja iz <a href=\"https:\/\/www.konjicek.si\/\">Rubinovih \u0161tala<\/a>.[\/vc_column_text][\/vc_column][\/vc_row][vc_row][vc_column][vc_single_image image=&#8221;5697&#8243; img_size=&#8221;medium&#8221; alignment=&#8221;center&#8221;][vc_column_text]U\u017eivajte v miru grajskog dvori\u0161ta. Daleko od prometnica i gradske vreve, oslu\u0161kujte vjetar u vrhovima mo\u0107nih drve\u0107a i \u017euborenje potoka u <a href=\"https:\/\/www.visitpodcetrtek.com\/zanimivosti\/gruska-jama\">dolini Gruska<\/a> ili se zaustavite i provedite posebne trenutke u <a href=\"https:\/\/www.visitpodcetrtek.com\/zanimivosti\/lurska-jama\">Lur\u0161koj jami<\/a>, gdje se mo\u017eete osvje\u017eiti izvorom pitke vode kojoj legenda pripisuje ljekovite mo\u0107i, te istovremeno posjetiti obli\u017enje selo <a href=\"https:\/\/www.kozje.si\/objava\/204353\">Zagorje<\/a>. Opustite se uz umiruju\u0107e zujanje p\u010dela u ko\u0161nici, dok u\u017eivate u degustaciji razli\u010ditih vrsta meda u <a href=\"https:\/\/cebelarstvo-kozmus.si\/\">P\u010delarstvu Kozmus na Pil\u0161tanju<\/a>. Posebna vrsta ti\u0161ine do\u010dekuje nas kada zakora\u010dimo u neobi\u010dan svijet <a href=\"https:\/\/www.discoverbrezice.com\/repnice\">starih podzemnih prostora<\/a>, posebice jednih od najljep\u0161ih i najve\u0107ih \u2013 <a href=\"https:\/\/www.turisticnekmetije.si\/kmetija\/repnica-najger\">Repnice Najger<\/a>, gdje se u sjaju tisu\u0107a kristala kremen\u010devog pijeska pro\u0161lost susre\u0107e s sada\u0161njo\u0161\u0107u.[\/vc_column_text][\/vc_column][\/vc_row][vc_row][vc_column][vc_single_image image=&#8221;5699&#8243; img_size=&#8221;medium&#8221; alignment=&#8221;center&#8221;][vc_column_text]Istra\u017eite bogatu kulinarsku ponudu Kozjanskog, koju \u010dine okusi lokalnih farmi. Slijedite stazu vina sve do njegova izvora, gdje nastaje me\u0111u zlatnim bre\u017euljcima u vinskom podrumu <a href=\"http:\/\/vina-mramor.si\/\">Vinarije Mramor<\/a> iznad doline Gruske na Bu\u010dah, pratite put doma\u0107eg mlijeka koje na <a href=\"http:\/\/www.kmetijasinkovic.si\">farmi Sinkovi\u010d<\/a> na Bu\u010dah obra\u0111uju u izvrsne sireve i jogurte, pa \u010dak i ukusan doma\u0107i smrznuti jogurt. O\u017eivite najljep\u0161e uspomene kada zamiri\u0161e svje\u017ee pe\u010den kruh iz kru\u0161ne pe\u0107i koji poslu\u017euju u <a href=\"http:\/\/www.mlin-kukovicic.si\/\">Kukovi\u010di\u010devom mlinu<\/a>, gdje melju svoje \u017eitarice u jednom od rijetkih o\u010duvanih mlinova na rijeci Bistrici. U\u017eivajte u kvalitetnim lokalnim suhomesnatim proizvodima <a href=\"https:\/\/www.obcina-kozje.si\/objava\/202593\">farme Kunej<\/a> u Gorjanah kod Podsrede ili<a href=\"https:\/\/www.facebook.com\/Kmetija-Gorjup-761906743982616\/\"> farme Gorjup<\/a> na Zdolah, za ljude koji znaju cijeniti dobar okus.[\/vc_column_text][cms_space space_lg=&#8221;40&#8243; space_md=&#8221;40&#8243; space_sm=&#8221;20&#8243; space_xs=&#8221;10&#8243;][\/vc_column][\/vc_row][vc_row][vc_column][vc_separator border_width=&#8221;3&#8243;][vc_single_image image=&#8221;29926&#8243; img_size=&#8221;full&#8221; alignment=&#8221;center&#8221;][cms_heading text=&#8221;KOZJANSKO, ZEMLJA DO\u017dIVLJAJA&#8221; align_lg=&#8221;align-center&#8221; align_md=&#8221;align-center-md&#8221; align_sm=&#8221;align-center-sm&#8221; align_xs=&#8221;align-center-xs&#8221; description=&#8221;Gdje se priroda, povijest i kultura isprepli\u0107u u harmoni\u010dnoj simfoniji raznolikih iskustava. Na Kozjanskom \u0107ete otkriti pravo blago do\u017eivljaja \u2013 od romanti\u010dnih trenutaka i avantura za obitelji, do kulinarskih otkri\u0107a i jedinstvenih avantura u prirodi. Pozivamo vas da zajedno s nama istra\u017eujete i otkrijete sve \u0161to ova \u010darobna pokrajina nudi!&#8221; cms_template=&#8221;cms_heading&#8211;layout3.php&#8221; sub_title=&#8221;&#8220;Otkrijte, do\u017eivite, zaljubite se&#8220;&#8221;][cms_space space_lg=&#8221;40&#8243; space_md=&#8221;40&#8243; space_sm=&#8221;20&#8243; space_xs=&#8221;10&#8243;][cms_button button_text=&#8221;TOP 5 LISTA ZA OTKRIVANJE KOZJANSKOG&#8221; button_link=&#8221;url:https%3A%2F%2Fcastlepodsreda.com%2Fhr%2Ftop-5-tematskih-dozivljaja%2F|||&#8221; font_weight=&#8221;400&#8243; button_align=&#8221;center&#8221; button_align_md=&#8221;center&#8221; button_align_sm=&#8221;center&#8221; button_align_xs=&#8221;center&#8221;][cms_space space_lg=&#8221;40&#8243; space_md=&#8221;40&#8243; space_sm=&#8221;20&#8243; space_xs=&#8221;10&#8243;][\/vc_column][\/vc_row][vc_row][vc_column][vc_separator border_width=&#8221;3&#8243;][vc_single_image image=&#8221;29926&#8243; img_size=&#8221;full&#8221; alignment=&#8221;center&#8221;][cms_heading text_before=&#8221;INTERAKTIVNA KARTA OKOLICE&#8221; align_lg=&#8221;align-center&#8221; align_md=&#8221;align-center-md&#8221; align_sm=&#8221;align-center-sm&#8221; align_xs=&#8221;align-center-xs&#8221; description=&#8221;Za dodatnu orijentaciju posjetite web stranicu Visit Pod\u010detrtek (Turisti\u010dko informativni centar Pod\u010detrtek, Bistrica ob Sotli i Kozje) gdje su pripremili interaktivnu kartu okolice dvorca.&#8221; cms_template=&#8221;cms_heading&#8211;layout2.php&#8221;][cms_space space_lg=&#8221;40&#8243; space_md=&#8221;40&#8243; space_sm=&#8221;20&#8243; space_xs=&#8221;10&#8243;][cms_button button_text=&#8221;INTERAKTIVNA KARTA OKOLICE DVORCA&#8221; button_link=&#8221;url:https%3A%2F%2Fwww.visitpodcetrtek.com%2Fhr%2Fkarta|||&#8221; font_weight=&#8221;400&#8243; button_align=&#8221;center&#8221; button_align_md=&#8221;center&#8221; button_align_sm=&#8221;center&#8221; button_align_xs=&#8221;center&#8221;][cms_space space_lg=&#8221;40&#8243; space_md=&#8221;40&#8243; space_sm=&#8221;20&#8243; space_xs=&#8221;10&#8243;][\/vc_column][\/vc_row][vc_row][vc_column][vc_separator border_width=&#8221;3&#8243;][vc_single_image image=&#8221;29926&#8243; img_size=&#8221;full&#8221; alignment=&#8221;center&#8221;][cms_heading text_before=&#8221;ZA VI\u0160E IDEJA I SAVJETA&#8221; align_lg=&#8221;align-center&#8221; align_md=&#8221;align-center-md&#8221; align_sm=&#8221;align-center-sm&#8221; align_xs=&#8221;align-center-xs&#8221; cms_template=&#8221;cms_heading&#8211;layout2.php&#8221;][cms_button button_text=&#8221;IDEJE ZA AKTIVNI ODMOR&#8221; button_link=&#8221;url:https%3A%2F%2Fcastlepodsreda.com%2Fhr%2Fideje-za-aktiven-oddih%2F|||&#8221; font_weight=&#8221;400&#8243; button_align=&#8221;center&#8221; button_align_md=&#8221;center&#8221; button_align_sm=&#8221;center&#8221; button_align_xs=&#8221;center&#8221;][cms_space space_lg=&#8221;40&#8243; space_md=&#8221;40&#8243; space_sm=&#8221;20&#8243; space_xs=&#8221;10&#8243;][cms_button button_text=&#8221;GDJE JESTI U OKOLINI DVORCA?&#8221; button_link=&#8221;url:https%3A%2F%2Fcastlepodsreda.com%2Frestavracije-in-gostilne-v-blizini-gradu-podsreda%2F|||&#8221; font_weight=&#8221;400&#8243; button_align=&#8221;center&#8221; button_align_md=&#8221;center&#8221; button_align_sm=&#8221;center&#8221; button_align_xs=&#8221;center&#8221;][cms_space space_lg=&#8221;40&#8243; space_md=&#8221;40&#8243; space_sm=&#8221;20&#8243; space_xs=&#8221;10&#8243;][cms_button button_text=&#8221;IZNAJMLJIVANJE E-BICIKLA&#8221; button_link=&#8221;url:https%3A%2F%2Fcastlepodsreda.com%2Fhr%2Fizposoja-e-koles%2F|||&#8221; font_weight=&#8221;400&#8243; button_align=&#8221;center&#8221; button_align_md=&#8221;center&#8221; button_align_sm=&#8221;center&#8221; button_align_xs=&#8221;center&#8221;][cms_space space_lg=&#8221;40&#8243; space_md=&#8221;40&#8243; space_sm=&#8221;20&#8243; space_xs=&#8221;10&#8243;][\/vc_column][\/vc_row][vc_row][vc_column][vc_separator border_width=&#8221;3&#8243;][vc_single_image image=&#8221;29926&#8243; img_size=&#8221;full&#8221; alignment=&#8221;center&#8221;][vc_column_text]<\/p>\n<h4 style=\"text-align: center;\"><strong>Slijedite donje poveznice do korisnih web stranica:<\/strong><\/h4>\n<p>&nbsp;<\/p>\n<p style=\"text-align: center;\"><a href=\"http:\/\/kozjanski-park.si\/\"><strong><img decoding=\"async\" loading=\"lazy\" class=\"alignnone wp-image-5831 size-full\" src=\"https:\/\/castlepodsreda.com\/wp-content\/uploads\/2021\/03\/logo_kp-e1615468709152.png\" alt=\"\" width=\"200\" height=\"140\" \/><\/strong><\/a><\/p>\n<p style=\"text-align: center;\"><strong>KOZJANSKI PARK<\/strong><\/p>\n<p style=\"text-align: center;\">Web stranica jednog od najve\u0107ih i najstarijih regionalnih parkova u Sloveniji.<\/p>\n<p style=\"text-align: center;\"><a href=\"https:\/\/www.visitpodcetrtek.com\/\"><strong><img decoding=\"async\" loading=\"lazy\" class=\"alignnone size-full wp-image-5832\" src=\"https:\/\/castlepodsreda.com\/wp-content\/uploads\/2021\/03\/logo_visit-e1615468831537.png\" alt=\"\" width=\"200\" height=\"160\" \/><\/strong><\/a><\/p>\n<p style=\"text-align: center;\"><a href=\"https:\/\/www.visitpodcetrtek.com\/\"><strong>\u00a0<\/strong><strong>VISIT POD\u010cETRTEK<\/strong><\/a><\/p>\n<p style=\"text-align: center;\">Web stranica Turisti\u010dko informativnog centra Pod\u010detrtek, Bistrica ob Sotli i Kozje.<\/p>\n<p style=\"text-align: center;\"><a href=\"http:\/\/visitok.eu\/\"><strong><img decoding=\"async\" loading=\"lazy\" class=\"alignnone wp-image-5833 size-full\" src=\"https:\/\/castlepodsreda.com\/wp-content\/uploads\/2021\/03\/visitok-logo.png\" alt=\"\" width=\"184\" height=\"170\" \/><\/strong><\/a><\/p>\n<p style=\"text-align: center;\"><a href=\"http:\/\/visitok.eu\/\"><strong>VISIT OBSOTELJE IN KOZJANSKO<\/strong><\/a><\/p>\n<p style=\"text-align: center;\">Dobrodo\u0161li u regiju Obsotelje i Kozjansko &#8211; Podru\u010dje op\u0107ina \u0160marje pri Jel\u0161ah, Roga\u0161ka Slatina, Rogatec, Pod\u010detrtek i Kozje.<\/p>\n<p>&nbsp;<\/p>\n<p style=\"text-align: center;\"><a href=\"https:\/\/www.visit-sevnica.com\/\"><strong><img decoding=\"async\" loading=\"lazy\" class=\"alignnone size-full wp-image-5834\" src=\"https:\/\/castlepodsreda.com\/wp-content\/uploads\/2021\/03\/visit-sevnica-logo.png\" alt=\"\" width=\"192\" height=\"85\" \/><\/strong><\/a><\/p>\n<p style=\"text-align: center;\"><a href=\"https:\/\/www.visit-sevnica.com\/\"><strong>VISIT SEVNICA<\/strong><\/a><\/p>\n<p style=\"text-align: center;\">Sevnica &#8211; riznica do\u017eivljaja!<\/p>\n<p style=\"text-align: center;\"><a href=\"https:\/\/www.discoverbrezice.com\/\"><strong><img decoding=\"async\" loading=\"lazy\" class=\"alignnone wp-image-5836\" src=\"https:\/\/castlepodsreda.com\/wp-content\/uploads\/2021\/03\/discover_logotip-1-400x311.jpg\" alt=\"\" width=\"287\" height=\"223\" \/><\/strong><\/a><\/p>\n<p style=\"text-align: center;\"><a href=\"https:\/\/www.discoverbrezice.com\/\"><strong>BRE\u017dICE<\/strong><\/a><\/p>\n<p style=\"text-align: center;\">\u010cate\u017e i Bre\u017eice &#8211; zeleni svijet na u\u0161\u0107u rijeke Save u Krku, termalni izvori, vinogradi i dvorci &#8211; Bre\u017eice mnogi nazivaju mjestom susreta razli\u010ditih svjetova.<\/p>\n<p style=\"text-align: center;\"><a href=\"https:\/\/www.visitkrsko.com\/\"><strong><img decoding=\"async\" loading=\"lazy\" class=\"alignnone size-full wp-image-5845\" src=\"https:\/\/castlepodsreda.com\/wp-content\/uploads\/2021\/03\/polni-energije.png\" alt=\"\" width=\"156\" height=\"196\" \/><\/strong><\/a><\/p>\n<p style=\"text-align: center;\"><a href=\"https:\/\/www.visitkrsko.com\/\"><strong>KR\u0160KO<\/strong><\/a><\/p>\n<p style=\"text-align: center;\">Idite u Kr\u0161ko po energiju okusa, vina, prirode i kulture!<\/p>\n<p style=\"text-align: center;\"><a href=\"https:\/\/posavje.com\/\"><strong><img decoding=\"async\" loading=\"lazy\" class=\"alignnone size-full wp-image-5846\" src=\"https:\/\/castlepodsreda.com\/wp-content\/uploads\/2021\/03\/logo_posavje-21.png\" alt=\"\" width=\"297\" height=\"97\" \/><\/strong><\/a><\/p>\n<p style=\"text-align: center;\"><a href=\"https:\/\/posavje.com\/\"><strong>POSAVJE &#8211; POLNO PRILO\u017dNOSTI<\/strong><\/a><\/p>\n<p style=\"text-align: center;\">Posavje je uspavana princeza slovenskog turizma.<\/p>\n<p>[\/vc_column_text][cms_space space_lg=&#8221;40&#8243; space_md=&#8221;40&#8243; space_sm=&#8221;20&#8243; space_xs=&#8221;10&#8243;][\/vc_column][\/vc_row]<\/p>\n","protected":false},"excerpt":{"rendered":"<p>[vc_row][vc_column][cms_heading text=&#8221;\u0160to posjetiti u blizini dvorca?&#8221; sub_font_style=&#8221;italic&#8221; cms_template=&#8221;cms_heading&#8211;layout3.php&#8221; sub_title=&#8221;Daleko od grada, buke i gu\u017eve, smje\u0161tena je netaknuta regija Kozjansko, koja se u svojem srcu prepli\u0107e s jednom od najljep\u0161ih prirodnih vrijednosti u Sloveniji &#8211; Kozjanskim parkom. Ovdje se nalaze mjesta kojima du\u0161u daju ljubazni ljudi, ukusna lokalna kulinarska scena, jedinstvena iskustva i misteriozna krajolika.&#8221;][cms_space space_lg=&#8221;40&#8243; [&hellip;]<\/p>\n","protected":false},"author":2,"featured_media":27088,"parent":0,"menu_order":0,"comment_status":"closed","ping_status":"closed","template":"","meta":[],"yoast_head":"<!-- This site is optimized with the Yoast SEO plugin v19.14 - https:\/\/yoast.com\/wordpress\/plugins\/seo\/ -->\n<title>\u0160TO POSJETITI U OKOLICI DVORCA? | Grad Podsreda | Sobe in apartmaji | Grajska ponudba<\/title>\n<meta name=\"robots\" content=\"index, follow, max-snippet:-1, max-image-preview:large, max-video-preview:-1\" \/>\n<link rel=\"canonical\" href=\"https:\/\/castlepodsreda.com\/hr\/sto-posjetiti-u-okolici-dvorca\/\" \/>\n<meta property=\"og:locale\" content=\"hr_HR\" \/>\n<meta property=\"og:type\" content=\"article\" \/>\n<meta property=\"og:title\" content=\"\u0160TO POSJETITI U OKOLICI DVORCA? | Grad Podsreda | Sobe in apartmaji | Grajska ponudba\" \/>\n<meta property=\"og:description\" content=\"[vc_row][vc_column][cms_heading text=&#8221;\u0160to posjetiti u blizini dvorca?&#8221; sub_font_style=&#8221;italic&#8221; cms_template=&#8221;cms_heading&#8211;layout3.php&#8221; sub_title=&#8221;Daleko od grada, buke i gu\u017eve, smje\u0161tena je netaknuta regija Kozjansko, koja se u svojem srcu prepli\u0107e s jednom od najljep\u0161ih prirodnih vrijednosti u Sloveniji &#8211; Kozjanskim parkom. Ovdje se nalaze mjesta kojima du\u0161u daju ljubazni ljudi, ukusna lokalna kulinarska scena, jedinstvena iskustva i misteriozna krajolika.&#8221;][cms_space space_lg=&#8221;40&#8243; [&hellip;]\" \/>\n<meta property=\"og:url\" content=\"https:\/\/castlepodsreda.com\/hr\/sto-posjetiti-u-okolici-dvorca\/\" \/>\n<meta property=\"og:site_name\" content=\"Grad Podsreda | Sobe in apartmaji | Grajska ponudba\" \/>\n<meta property=\"article:publisher\" content=\"https:\/\/www.facebook.com\/podsredacastle\" \/>\n<meta property=\"article:modified_time\" content=\"2024-03-27T10:26:33+00:00\" \/>\n<meta property=\"og:image\" content=\"https:\/\/castlepodsreda.com\/wp-content\/uploads\/2021\/09\/grad-podsreda_podsreda-castle_jesenski-paket_22.jpg\" \/>\n\t<meta property=\"og:image:width\" content=\"751\" \/>\n\t<meta property=\"og:image:height\" content=\"751\" \/>\n\t<meta property=\"og:image:type\" content=\"image\/jpeg\" \/>\n<meta name=\"twitter:card\" content=\"summary_large_image\" \/>\n<meta name=\"twitter:label1\" content=\"Procijenjeno vrijeme \u010ditanja\" \/>\n\t<meta name=\"twitter:data1\" content=\"6 minuta\" \/>\n<script type=\"application\/ld+json\" class=\"yoast-schema-graph\">{\"@context\":\"https:\/\/schema.org\",\"@graph\":[{\"@type\":\"WebPage\",\"@id\":\"https:\/\/castlepodsreda.com\/hr\/sto-posjetiti-u-okolici-dvorca\/\",\"url\":\"https:\/\/castlepodsreda.com\/hr\/sto-posjetiti-u-okolici-dvorca\/\",\"name\":\"\u0160TO POSJETITI U OKOLICI DVORCA? | Grad Podsreda | Sobe in apartmaji | Grajska ponudba\",\"isPartOf\":{\"@id\":\"https:\/\/castlepodsreda.com\/hr\/#website\"},\"datePublished\":\"2021-02-28T18:58:05+00:00\",\"dateModified\":\"2024-03-27T10:26:33+00:00\",\"breadcrumb\":{\"@id\":\"https:\/\/castlepodsreda.com\/hr\/sto-posjetiti-u-okolici-dvorca\/#breadcrumb\"},\"inLanguage\":\"hr\",\"potentialAction\":[{\"@type\":\"ReadAction\",\"target\":[\"https:\/\/castlepodsreda.com\/hr\/sto-posjetiti-u-okolici-dvorca\/\"]}]},{\"@type\":\"BreadcrumbList\",\"@id\":\"https:\/\/castlepodsreda.com\/hr\/sto-posjetiti-u-okolici-dvorca\/#breadcrumb\",\"itemListElement\":[{\"@type\":\"ListItem\",\"position\":1,\"name\":\"Home\",\"item\":\"https:\/\/castlepodsreda.com\/hr\/\"},{\"@type\":\"ListItem\",\"position\":2,\"name\":\"\u0160TO POSJETITI U OKOLICI DVORCA?\"}]},{\"@type\":\"WebSite\",\"@id\":\"https:\/\/castlepodsreda.com\/hr\/#website\",\"url\":\"https:\/\/castlepodsreda.com\/hr\/\",\"name\":\"Grad Podsreda | Sobe in apartmaji | Grajska ponudba\",\"description\":\"Najbolj grajski med gradovi v Sloveniji\",\"publisher\":{\"@id\":\"https:\/\/castlepodsreda.com\/hr\/#organization\"},\"potentialAction\":[{\"@type\":\"SearchAction\",\"target\":{\"@type\":\"EntryPoint\",\"urlTemplate\":\"https:\/\/castlepodsreda.com\/hr\/?s={search_term_string}\"},\"query-input\":\"required name=search_term_string\"}],\"inLanguage\":\"hr\"},{\"@type\":\"Organization\",\"@id\":\"https:\/\/castlepodsreda.com\/hr\/#organization\",\"name\":\"Grad Podsreda | Sobe in apartmaji | Grajska ponudba\",\"url\":\"https:\/\/castlepodsreda.com\/hr\/\",\"logo\":{\"@type\":\"ImageObject\",\"inLanguage\":\"hr\",\"@id\":\"https:\/\/castlepodsreda.com\/hr\/#\/schema\/logo\/image\/\",\"url\":\"https:\/\/castlepodsreda.com\/wp-content\/uploads\/2020\/04\/logo-grad-podsreda-2.jpg\",\"contentUrl\":\"https:\/\/castlepodsreda.com\/wp-content\/uploads\/2020\/04\/logo-grad-podsreda-2.jpg\",\"width\":576,\"height\":576,\"caption\":\"Grad Podsreda | Sobe in apartmaji | Grajska ponudba\"},\"image\":{\"@id\":\"https:\/\/castlepodsreda.com\/hr\/#\/schema\/logo\/image\/\"},\"sameAs\":[\"https:\/\/www.instagram.com\/podsredacastle\/\",\"https:\/\/www.facebook.com\/podsredacastle\"]}]}<\/script>\n<!-- \/ Yoast SEO plugin. -->","yoast_head_json":{"title":"\u0160TO POSJETITI U OKOLICI DVORCA? | Grad Podsreda | Sobe in apartmaji | Grajska ponudba","robots":{"index":"index","follow":"follow","max-snippet":"max-snippet:-1","max-image-preview":"max-image-preview:large","max-video-preview":"max-video-preview:-1"},"canonical":"https:\/\/castlepodsreda.com\/hr\/sto-posjetiti-u-okolici-dvorca\/","og_locale":"hr_HR","og_type":"article","og_title":"\u0160TO POSJETITI U OKOLICI DVORCA? | Grad Podsreda | Sobe in apartmaji | Grajska ponudba","og_description":"[vc_row][vc_column][cms_heading text=&#8221;\u0160to posjetiti u blizini dvorca?&#8221; sub_font_style=&#8221;italic&#8221; cms_template=&#8221;cms_heading&#8211;layout3.php&#8221; sub_title=&#8221;Daleko od grada, buke i gu\u017eve, smje\u0161tena je netaknuta regija Kozjansko, koja se u svojem srcu prepli\u0107e s jednom od najljep\u0161ih prirodnih vrijednosti u Sloveniji &#8211; Kozjanskim parkom. Ovdje se nalaze mjesta kojima du\u0161u daju ljubazni ljudi, ukusna lokalna kulinarska scena, jedinstvena iskustva i misteriozna krajolika.&#8221;][cms_space space_lg=&#8221;40&#8243; [&hellip;]","og_url":"https:\/\/castlepodsreda.com\/hr\/sto-posjetiti-u-okolici-dvorca\/","og_site_name":"Grad Podsreda | Sobe in apartmaji | Grajska ponudba","article_publisher":"https:\/\/www.facebook.com\/podsredacastle","article_modified_time":"2024-03-27T10:26:33+00:00","og_image":[{"width":751,"height":751,"url":"https:\/\/castlepodsreda.com\/wp-content\/uploads\/2021\/09\/grad-podsreda_podsreda-castle_jesenski-paket_22.jpg","type":"image\/jpeg"}],"twitter_card":"summary_large_image","twitter_misc":{"Procijenjeno vrijeme \u010ditanja":"6 minuta"},"schema":{"@context":"https:\/\/schema.org","@graph":[{"@type":"WebPage","@id":"https:\/\/castlepodsreda.com\/hr\/sto-posjetiti-u-okolici-dvorca\/","url":"https:\/\/castlepodsreda.com\/hr\/sto-posjetiti-u-okolici-dvorca\/","name":"\u0160TO POSJETITI U OKOLICI DVORCA? | Grad Podsreda | Sobe in apartmaji | Grajska ponudba","isPartOf":{"@id":"https:\/\/castlepodsreda.com\/hr\/#website"},"datePublished":"2021-02-28T18:58:05+00:00","dateModified":"2024-03-27T10:26:33+00:00","breadcrumb":{"@id":"https:\/\/castlepodsreda.com\/hr\/sto-posjetiti-u-okolici-dvorca\/#breadcrumb"},"inLanguage":"hr","potentialAction":[{"@type":"ReadAction","target":["https:\/\/castlepodsreda.com\/hr\/sto-posjetiti-u-okolici-dvorca\/"]}]},{"@type":"BreadcrumbList","@id":"https:\/\/castlepodsreda.com\/hr\/sto-posjetiti-u-okolici-dvorca\/#breadcrumb","itemListElement":[{"@type":"ListItem","position":1,"name":"Home","item":"https:\/\/castlepodsreda.com\/hr\/"},{"@type":"ListItem","position":2,"name":"\u0160TO POSJETITI U OKOLICI DVORCA?"}]},{"@type":"WebSite","@id":"https:\/\/castlepodsreda.com\/hr\/#website","url":"https:\/\/castlepodsreda.com\/hr\/","name":"Grad Podsreda | Sobe in apartmaji | Grajska ponudba","description":"Najbolj grajski med gradovi v Sloveniji","publisher":{"@id":"https:\/\/castlepodsreda.com\/hr\/#organization"},"potentialAction":[{"@type":"SearchAction","target":{"@type":"EntryPoint","urlTemplate":"https:\/\/castlepodsreda.com\/hr\/?s={search_term_string}"},"query-input":"required name=search_term_string"}],"inLanguage":"hr"},{"@type":"Organization","@id":"https:\/\/castlepodsreda.com\/hr\/#organization","name":"Grad Podsreda | Sobe in apartmaji | Grajska ponudba","url":"https:\/\/castlepodsreda.com\/hr\/","logo":{"@type":"ImageObject","inLanguage":"hr","@id":"https:\/\/castlepodsreda.com\/hr\/#\/schema\/logo\/image\/","url":"https:\/\/castlepodsreda.com\/wp-content\/uploads\/2020\/04\/logo-grad-podsreda-2.jpg","contentUrl":"https:\/\/castlepodsreda.com\/wp-content\/uploads\/2020\/04\/logo-grad-podsreda-2.jpg","width":576,"height":576,"caption":"Grad Podsreda | Sobe in apartmaji | Grajska ponudba"},"image":{"@id":"https:\/\/castlepodsreda.com\/hr\/#\/schema\/logo\/image\/"},"sameAs":["https:\/\/www.instagram.com\/podsredacastle\/","https:\/\/www.facebook.com\/podsredacastle"]}]}},"_links":{"self":[{"href":"https:\/\/castlepodsreda.com\/hr\/wp-json\/wp\/v2\/pages\/34906"}],"collection":[{"href":"https:\/\/castlepodsreda.com\/hr\/wp-json\/wp\/v2\/pages"}],"about":[{"href":"https:\/\/castlepodsreda.com\/hr\/wp-json\/wp\/v2\/types\/page"}],"author":[{"embeddable":true,"href":"https:\/\/castlepodsreda.com\/hr\/wp-json\/wp\/v2\/users\/2"}],"replies":[{"embeddable":true,"href":"https:\/\/castlepodsreda.com\/hr\/wp-json\/wp\/v2\/comments?post=34906"}],"version-history":[{"count":7,"href":"https:\/\/castlepodsreda.com\/hr\/wp-json\/wp\/v2\/pages\/34906\/revisions"}],"predecessor-version":[{"id":36190,"href":"https:\/\/castlepodsreda.com\/hr\/wp-json\/wp\/v2\/pages\/34906\/revisions\/36190"}],"wp:featuredmedia":[{"embeddable":true,"href":"https:\/\/castlepodsreda.com\/hr\/wp-json\/wp\/v2\/media\/27088"}],"wp:attachment":[{"href":"https:\/\/castlepodsreda.com\/hr\/wp-json\/wp\/v2\/media?parent=34906"}],"curies":[{"name":"wp","href":"https:\/\/api.w.org\/{rel}","templated":true}]}}