{"id":35481,"date":"2024-01-15T11:41:33","date_gmt":"2024-01-15T11:41:33","guid":{"rendered":"https:\/\/castlepodsreda.com\/?page_id=35481"},"modified":"2024-01-25T13:39:54","modified_gmt":"2024-01-25T13:39:54","slug":"susreti-s-prirodom-5-zivotinja-u-kozjanskom","status":"publish","type":"page","link":"https:\/\/castlepodsreda.com\/hr\/susreti-s-prirodom-5-zivotinja-u-kozjanskom\/","title":{"rendered":"SUSRETI S PRIRODOM: 5 \u017dIVOTINJA U KOZJANSKOM"},"content":{"rendered":"<p>[vc_row][vc_column][cms_heading text_before=&#8221;SUSRETI S PRIRODOM: 5 \u017dIVOTINJA U KOZJANSKOM&#8221; tag=&#8221;h1&#8243; align_lg=&#8221;align-center&#8221; align_md=&#8221;align-center-md&#8221; align_sm=&#8221;align-center-sm&#8221; align_xs=&#8221;align-center-xs&#8221; cms_template=&#8221;cms_heading&#8211;layout2.php&#8221;][vc_empty_space height=&#8221;60px&#8221;][\/vc_column][\/vc_row][vc_row][vc_column][vc_video link=&#8221;https:\/\/www.youtube.com\/watch?v=8too2fgaE3c&#8221; align=&#8221;center&#8221;][vc_empty_space height=&#8221;60px&#8221;][\/vc_column][\/vc_row][vc_row][vc_column width=&#8221;1\/6&#8243;][\/vc_column][vc_column width=&#8221;2\/3&#8243;][cms_heading text=&#8221;P\u010dele&#8221; sub_font_style=&#8221;italic&#8221; cms_template=&#8221;cms_heading&#8211;layout3.php&#8221; sub_title=&#8221;u \u010cebelarstvu Kozmus&#8221;][vc_column_text]Pridru\u017eite nam se u posjetu P\u010delarstvu Kozmus, gdje \u0107ete do\u017eivjeti fascinantan svijet p\u010delarstva, koji ima klju\u010dnu ulogu u Kozjanskoj regiji. Posjet p\u010delama i upoznavanje s postupcima p\u010delarstva pru\u017eaju jedinstveno obrazovno iskustvo, gdje \u0107ete ste\u0107i uvid u va\u017enost p\u010dela za na\u0161 ekosustav. Odli\u010dna prilika da se pribli\u017eite ovim marljivim insektima i razumijete njihovu klju\u010dnu ulogu u prirodi.[\/vc_column_text][\/vc_column][vc_column width=&#8221;1\/6&#8243;][\/vc_column][\/vc_row][vc_row][vc_column][vc_single_image image=&#8221;35252&#8243; img_size=&#8221;full&#8221; alignment=&#8221;center&#8221;][vc_empty_space height=&#8221;60px&#8221;][\/vc_column][\/vc_row][vc_row][vc_column width=&#8221;1\/6&#8243;][\/vc_column][vc_column width=&#8221;2\/3&#8243;][cms_heading text=&#8221;Jelen\u010di\u0107i na farmi \u0160o\u0161teri\u010d&#8221; sub_font_style=&#8221;italic&#8221; cms_template=&#8221;cms_heading&#8211;layout3.php&#8221; sub_title=&#8221;na Vetrniku&#8221;][vc_column_text]Vetrnik je pravi raj za ljubitelje prirode i divljih \u017eivotinja, posebno za one koji \u017eele do\u017eivjeti nezaboravno iskustvo promatranja jelen\u010di\u0107a kod obitelji \u0160o\u0161teri\u010d. Na ovoj mirnoj i prekrasnoj lokaciji mo\u017eete diviti se ovim gracioznim \u017eivotinjama u njihovom prirodnom okoli\u0161u. To je savr\u0161ena prilika za obitelji i prirodoslovce koji \u017eele do\u017eivjeti bliski susret s divljim \u017eivotinjama u Kozjanskom.[\/vc_column_text][\/vc_column][vc_column width=&#8221;1\/6&#8243;][\/vc_column][\/vc_row][vc_row][vc_column][vc_single_image image=&#8221;35255&#8243; img_size=&#8221;full&#8221; alignment=&#8221;center&#8221;][vc_empty_space height=&#8221;60px&#8221;][\/vc_column][\/vc_row][vc_row][vc_column width=&#8221;1\/6&#8243;][\/vc_column][vc_column width=&#8221;2\/3&#8243;][cms_heading text=&#8221;Konji&#8221; sub_font_style=&#8221;italic&#8221; cms_template=&#8221;cms_heading&#8211;layout3.php&#8221; sub_title=&#8221;iz Rubinovog Stabla&#8221;][vc_column_text]U Rubinovom \u0161talu borave konji\u0107i i poniji koji omogu\u0107uju iznimno iskustvo interakcije i jahanja. Bez obzira je li va\u0161 mali znati\u017eeljnik iskusan jaha\u010d ili po\u010detnik, ovi prijateljski konji predstavljaju savr\u0161enu priliku za nje\u017enu jahu kroz slikoviti krajolik Kozjanskog. Iskustvo je idealno za sve obitelji koje \u017eele produbljeni kontakt s prirodom i iskreno veselje pri jahanju.[\/vc_column_text][\/vc_column][vc_column width=&#8221;1\/6&#8243;][\/vc_column][\/vc_row][vc_row][vc_column][vc_single_image image=&#8221;35258&#8243; img_size=&#8221;full&#8221; alignment=&#8221;center&#8221;][vc_empty_space height=&#8221;60px&#8221;][\/vc_column][\/vc_row][vc_row][vc_column width=&#8221;1\/6&#8243;][\/vc_column][vc_column width=&#8221;2\/3&#8243;][cms_heading text=&#8221;Koze&#8221; sub_font_style=&#8221;italic&#8221; cms_template=&#8221;cms_heading&#8211;layout3.php&#8221; sub_title=&#8221;u Kozjanskom Dvoru&#8221;][vc_column_text]Na Kozjanskom dvoru nudimo vam priliku za posjet kozi\u0107ima i upoznavanje \u017eivota na selu. Do\u017eivite izravan kontakt s doma\u0107im \u017eivotinjama i steknite uvid u svakodnevni \u017eivot na farmi. Tako djeca kao i odrasli \u0107e u\u017eivati u interakciji s ovim simpati\u010dnim \u017eivotinjama, koje su neizostavni dio seoske idile Kozjanskog.[\/vc_column_text][\/vc_column][vc_column width=&#8221;1\/6&#8243;][\/vc_column][\/vc_row][vc_row][vc_column][vc_single_image image=&#8221;35261&#8243; img_size=&#8221;full&#8221; alignment=&#8221;center&#8221;][vc_empty_space height=&#8221;60px&#8221;][\/vc_column][\/vc_row][vc_row][vc_column width=&#8221;1\/6&#8243;][\/vc_column][vc_column width=&#8221;2\/3&#8243;][cms_heading text=&#8221;P\u010delar ptica&#8221; sub_font_style=&#8221;italic&#8221; cms_template=&#8221;cms_heading&#8211;layout3.php&#8221; sub_title=&#8221;u Kozjanskom parku&#8221;][vc_column_text]Podru\u010dje Kozjanskog poznato je po svojoj bogatoj ornitolo\u0161koj raznolikosti, posebno se isti\u010du ptice. Me\u0111u njima je i p\u010delar (<em>Merops apiaster<\/em>), koji je prepoznatljiv po svom jedinstvenom pona\u0161anju i ljepoti perja, stoga je prava atrakcija za ljubitelje prirode i ptica. Posjetitelji mogu promatrati p\u010delara i u\u010diti o njegovom va\u017enom utjecaju na lokalni ekosustav u prirodnim stani\u0161tima Kozjanskog parka, gdje se od 1985. godine nalazi najstarija kontinuirana gnijezde\u0107a kolonija u pjeskokopu \u017dupjek kod Bizeljskog. <a href=\"https:\/\/kozjanski-park.si\/?p=13065\">Vi\u0161e informacija za promatranje i fotografiranje p\u010delara<\/a>.[\/vc_column_text][\/vc_column][vc_column width=&#8221;1\/6&#8243;][\/vc_column][\/vc_row][vc_row][vc_column][vc_single_image image=&#8221;35264&#8243; img_size=&#8221;full&#8221; alignment=&#8221;center&#8221;][vc_empty_space height=&#8221;60px&#8221;][\/vc_column][\/vc_row][vc_row][vc_column css=&#8221;.vc_custom_1701625978240{background-color: #d6b28b !important;}&#8221;][vc_empty_space height=&#8221;60px&#8221;][cms_heading text=&#8221;Rezervirajte odmor&#8221; align_lg=&#8221;align-center&#8221; align_md=&#8221;align-center-md&#8221; align_sm=&#8221;align-center-sm&#8221; align_xs=&#8221;align-center-xs&#8221; text_color=&#8221;#ffffff&#8221; sub_color=&#8221;#ffffff&#8221; sub_font_style=&#8221;italic&#8221; cms_template=&#8221;cms_heading&#8211;layout3.php&#8221; sub_title=&#8221;Otkrijte savr\u0161en odmor za vas&#8221;][vc_empty_space height=&#8221;30px&#8221;][cms_button button_text=&#8221;REZERVIRAJTE&#8221; button_link=&#8221;url:https%3A%2F%2Fcastlepodsreda.com%2Fhr%2Frezervacija%2F|||&#8221; button_style=&#8221;btn-1x&#8221; button_color=&#8221;#ffffff&#8221; border_color=&#8221;#ffffff&#8221; button_size=&#8221;btn-size-lg&#8221; font_weight=&#8221;400&#8243; button_align=&#8221;center&#8221; button_align_md=&#8221;center&#8221; button_align_sm=&#8221;center&#8221; button_align_xs=&#8221;center&#8221;][vc_empty_space height=&#8221;60px&#8221;][\/vc_column][\/vc_row][vc_row][vc_column][vc_empty_space height=&#8221;90px&#8221;][cms_heading text=&#8221;Otkrijte, do\u017eivite, zaljubite se:&#8221; align_lg=&#8221;align-center&#8221; align_md=&#8221;align-center-md&#8221; align_sm=&#8221;align-center-sm&#8221; align_xs=&#8221;align-center-xs&#8221; text_color=&#8221;#0a0a0a&#8221; sub_color=&#8221;#0a0a0a&#8221; sub_font_style=&#8221;italic&#8221; cms_template=&#8221;cms_heading&#8211;layout3.php&#8221; sub_title=&#8221;Top 5 lista za otkrivanje Kozjanskog&#8221;][vc_empty_space height=&#8221;20px&#8221;][\/vc_column][\/vc_row][vc_row][vc_column][cms_fancybox_carousel line_display=&#8221;hidden-line&#8221; tag=&#8221;h2&#8243; fancybox_item=&#8221;%5B%7B%22image%22%3A%2235289%22%2C%22title%22%3A%22%205%20ROMANTI%C4%8CNIH%20MJESTA%20ZA%20PAROVE%22%2C%22fcb_link%22%3A%22url%3Ahttps%253A%252F%252Fcastlepodsreda.com%252Fhr%252Fromantika-na-kozjanskom-5-romanticnih-mjesta-za-parove%252F%7Ctitle%3A5%2520ROMANTI%25C4%258CNIH%2520DO%25C5%25BDIVETIJ%2520NA%2520KOZJANSKEM%7C%7C%22%7D%2C%7B%22image%22%3A%2235292%22%2C%22title%22%3A%225%20NEZABORAVNIH%20OBITELJSKIH%20DO%C5%BDIVLJAJA%20NA%20KOZJANSKOM%22%2C%22fcb_link%22%3A%22url%3Ahttps%253A%252F%252Fcastlepodsreda.com%252Fhr%252Fzabava-za-sve-5-nezaboravnih-obiteljskih-dozivljaja-na-kozjanskom%252F%7Ctitle%3A5%2520DRU%25C5%25BDINSKIH%2520DO%25C5%25BDIVETIJ%2520NA%2520KOZJANSKEM%7C%7C%22%7D%2C%7B%22image%22%3A%2235295%22%2C%22title%22%3A%225%20JELA%20KOJA%20%C4%86E%20VAS%20ODU%C5%A0EVITI%22%2C%22fcb_link%22%3A%22url%3Ahttps%253A%252F%252Fcastlepodsreda.com%252Fhr%252Fuzitci-kozjanskog-5-jela-koja-ce-vas-oduseviti%252F%7Ctitle%3A5%2520DRU%25C5%25BDINSKIH%2520DO%25C5%25BDIVETIJ%2520NA%2520KOZJANSKEM%7C%7C%22%7D%2C%7B%22image%22%3A%2235298%22%2C%22title%22%3A%225%20UNUTARNJIH%20AKTIVNOSTI%20NA%20KOZJANSKOM%22%2C%22fcb_link%22%3A%22url%3Ahttps%253A%252F%252Fcastlepodsreda.com%252Fhr%252Fkisni-dan-za-uzivanje-5-unutarnjih-aktivnosti-na-kozjanskom%252F%7Ctitle%3A5%2520DRU%25C5%25BDINSKIH%2520DO%25C5%25BDIVETIJ%2520NA%2520KOZJANSKEM%7C%7C%22%7D%2C%7B%22image%22%3A%2235318%22%2C%22title%22%3A%225%20JEDINSTVENIH%20&#8217;JABUKA&#8217;%20NA%20KOZJANSKOM%22%2C%22fcb_link%22%3A%22url%3Ahttps%253A%252F%252Fcastlepodsreda.com%252Fhr%252F5-jedinstvenih-jabuka-na-kozjanskom%252F%7Ctitle%3A5%2520DRU%25C5%25BDINSKIH%2520DO%25C5%25BDIVETIJ%2520NA%2520KOZJANSKEM%7C%7C%22%7D%5D&#8221; text_transform=&#8221;uppercase&#8221; col_xs=&#8221;1&#8243; col_sm=&#8221;2&#8243; col_md=&#8221;3&#8243; col_lg=&#8221;3&#8243; loop=&#8221;true&#8221; autoplay=&#8221;true&#8221; bullets=&#8221;true&#8221; title_font_size=&#8221;24&#8243; animation=&#8221;fadeInDown&#8221;][\/vc_column][\/vc_row]<\/p>\n","protected":false},"excerpt":{"rendered":"<p>[vc_row][vc_column][cms_heading text_before=&#8221;SUSRETI S PRIRODOM: 5 \u017dIVOTINJA U KOZJANSKOM&#8221; tag=&#8221;h1&#8243; align_lg=&#8221;align-center&#8221; align_md=&#8221;align-center-md&#8221; align_sm=&#8221;align-center-sm&#8221; align_xs=&#8221;align-center-xs&#8221; cms_template=&#8221;cms_heading&#8211;layout2.php&#8221;][vc_empty_space height=&#8221;60px&#8221;][\/vc_column][\/vc_row][vc_row][vc_column][vc_video link=&#8221;https:\/\/www.youtube.com\/watch?v=8too2fgaE3c&#8221; align=&#8221;center&#8221;][vc_empty_space height=&#8221;60px&#8221;][\/vc_column][\/vc_row][vc_row][vc_column width=&#8221;1\/6&#8243;][\/vc_column][vc_column width=&#8221;2\/3&#8243;][cms_heading text=&#8221;P\u010dele&#8221; sub_font_style=&#8221;italic&#8221; cms_template=&#8221;cms_heading&#8211;layout3.php&#8221; sub_title=&#8221;u \u010cebelarstvu Kozmus&#8221;][vc_column_text]Pridru\u017eite nam se u posjetu P\u010delarstvu Kozmus, gdje \u0107ete do\u017eivjeti fascinantan svijet p\u010delarstva, koji ima klju\u010dnu ulogu u Kozjanskoj regiji. Posjet p\u010delama i upoznavanje s postupcima p\u010delarstva pru\u017eaju jedinstveno obrazovno [&hellip;]<\/p>\n","protected":false},"author":2,"featured_media":0,"parent":0,"menu_order":0,"comment_status":"closed","ping_status":"closed","template":"","meta":[],"yoast_head":"<!-- This site is optimized with the Yoast SEO plugin v19.14 - https:\/\/yoast.com\/wordpress\/plugins\/seo\/ -->\n<title>SUSRETI S PRIRODOM: 5 \u017dIVOTINJA U KOZJANSKOM | Grad Podsreda | Sobe in apartmaji | Grajska ponudba<\/title>\n<meta name=\"robots\" content=\"index, follow, max-snippet:-1, max-image-preview:large, max-video-preview:-1\" \/>\n<link rel=\"canonical\" href=\"https:\/\/castlepodsreda.com\/hr\/susreti-s-prirodom-5-zivotinja-u-kozjanskom\/\" \/>\n<meta property=\"og:locale\" content=\"hr_HR\" \/>\n<meta property=\"og:type\" content=\"article\" \/>\n<meta property=\"og:title\" content=\"SUSRETI S PRIRODOM: 5 \u017dIVOTINJA U KOZJANSKOM | Grad Podsreda | Sobe in apartmaji | Grajska ponudba\" \/>\n<meta property=\"og:description\" content=\"[vc_row][vc_column][cms_heading text_before=&#8221;SUSRETI S PRIRODOM: 5 \u017dIVOTINJA U KOZJANSKOM&#8221; tag=&#8221;h1&#8243; align_lg=&#8221;align-center&#8221; align_md=&#8221;align-center-md&#8221; align_sm=&#8221;align-center-sm&#8221; align_xs=&#8221;align-center-xs&#8221; cms_template=&#8221;cms_heading&#8211;layout2.php&#8221;][vc_empty_space height=&#8221;60px&#8221;][\/vc_column][\/vc_row][vc_row][vc_column][vc_video link=&#8221;https:\/\/www.youtube.com\/watch?v=8too2fgaE3c&#8221; align=&#8221;center&#8221;][vc_empty_space height=&#8221;60px&#8221;][\/vc_column][\/vc_row][vc_row][vc_column width=&#8221;1\/6&#8243;][\/vc_column][vc_column width=&#8221;2\/3&#8243;][cms_heading text=&#8221;P\u010dele&#8221; sub_font_style=&#8221;italic&#8221; cms_template=&#8221;cms_heading&#8211;layout3.php&#8221; sub_title=&#8221;u \u010cebelarstvu Kozmus&#8221;][vc_column_text]Pridru\u017eite nam se u posjetu P\u010delarstvu Kozmus, gdje \u0107ete do\u017eivjeti fascinantan svijet p\u010delarstva, koji ima klju\u010dnu ulogu u Kozjanskoj regiji. Posjet p\u010delama i upoznavanje s postupcima p\u010delarstva pru\u017eaju jedinstveno obrazovno [&hellip;]\" \/>\n<meta property=\"og:url\" content=\"https:\/\/castlepodsreda.com\/hr\/susreti-s-prirodom-5-zivotinja-u-kozjanskom\/\" \/>\n<meta property=\"og:site_name\" content=\"Grad Podsreda | Sobe in apartmaji | Grajska ponudba\" \/>\n<meta property=\"article:publisher\" content=\"https:\/\/www.facebook.com\/podsredacastle\" \/>\n<meta property=\"article:modified_time\" content=\"2024-01-25T13:39:54+00:00\" \/>\n<meta name=\"twitter:card\" content=\"summary_large_image\" \/>\n<meta name=\"twitter:label1\" content=\"Procijenjeno vrijeme \u010ditanja\" \/>\n\t<meta name=\"twitter:data1\" content=\"3 minute\" \/>\n<script type=\"application\/ld+json\" class=\"yoast-schema-graph\">{\"@context\":\"https:\/\/schema.org\",\"@graph\":[{\"@type\":\"WebPage\",\"@id\":\"https:\/\/castlepodsreda.com\/hr\/susreti-s-prirodom-5-zivotinja-u-kozjanskom\/\",\"url\":\"https:\/\/castlepodsreda.com\/hr\/susreti-s-prirodom-5-zivotinja-u-kozjanskom\/\",\"name\":\"SUSRETI S PRIRODOM: 5 \u017dIVOTINJA U KOZJANSKOM | Grad Podsreda | Sobe in apartmaji | Grajska ponudba\",\"isPartOf\":{\"@id\":\"https:\/\/castlepodsreda.com\/hr\/#website\"},\"datePublished\":\"2024-01-15T11:41:33+00:00\",\"dateModified\":\"2024-01-25T13:39:54+00:00\",\"breadcrumb\":{\"@id\":\"https:\/\/castlepodsreda.com\/hr\/susreti-s-prirodom-5-zivotinja-u-kozjanskom\/#breadcrumb\"},\"inLanguage\":\"hr\",\"potentialAction\":[{\"@type\":\"ReadAction\",\"target\":[\"https:\/\/castlepodsreda.com\/hr\/susreti-s-prirodom-5-zivotinja-u-kozjanskom\/\"]}]},{\"@type\":\"BreadcrumbList\",\"@id\":\"https:\/\/castlepodsreda.com\/hr\/susreti-s-prirodom-5-zivotinja-u-kozjanskom\/#breadcrumb\",\"itemListElement\":[{\"@type\":\"ListItem\",\"position\":1,\"name\":\"Home\",\"item\":\"https:\/\/castlepodsreda.com\/hr\/\"},{\"@type\":\"ListItem\",\"position\":2,\"name\":\"SUSRETI S PRIRODOM: 5 \u017dIVOTINJA U KOZJANSKOM\"}]},{\"@type\":\"WebSite\",\"@id\":\"https:\/\/castlepodsreda.com\/hr\/#website\",\"url\":\"https:\/\/castlepodsreda.com\/hr\/\",\"name\":\"Grad Podsreda | Sobe in apartmaji | Grajska ponudba\",\"description\":\"Najbolj grajski med gradovi v Sloveniji\",\"publisher\":{\"@id\":\"https:\/\/castlepodsreda.com\/hr\/#organization\"},\"potentialAction\":[{\"@type\":\"SearchAction\",\"target\":{\"@type\":\"EntryPoint\",\"urlTemplate\":\"https:\/\/castlepodsreda.com\/hr\/?s={search_term_string}\"},\"query-input\":\"required name=search_term_string\"}],\"inLanguage\":\"hr\"},{\"@type\":\"Organization\",\"@id\":\"https:\/\/castlepodsreda.com\/hr\/#organization\",\"name\":\"Grad Podsreda | Sobe in apartmaji | Grajska ponudba\",\"url\":\"https:\/\/castlepodsreda.com\/hr\/\",\"logo\":{\"@type\":\"ImageObject\",\"inLanguage\":\"hr\",\"@id\":\"https:\/\/castlepodsreda.com\/hr\/#\/schema\/logo\/image\/\",\"url\":\"https:\/\/castlepodsreda.com\/wp-content\/uploads\/2020\/04\/logo-grad-podsreda-2.jpg\",\"contentUrl\":\"https:\/\/castlepodsreda.com\/wp-content\/uploads\/2020\/04\/logo-grad-podsreda-2.jpg\",\"width\":576,\"height\":576,\"caption\":\"Grad Podsreda | Sobe in apartmaji | Grajska ponudba\"},\"image\":{\"@id\":\"https:\/\/castlepodsreda.com\/hr\/#\/schema\/logo\/image\/\"},\"sameAs\":[\"https:\/\/www.instagram.com\/podsredacastle\/\",\"https:\/\/www.facebook.com\/podsredacastle\"]}]}<\/script>\n<!-- \/ Yoast SEO plugin. -->","yoast_head_json":{"title":"SUSRETI S PRIRODOM: 5 \u017dIVOTINJA U KOZJANSKOM | Grad Podsreda | Sobe in apartmaji | Grajska ponudba","robots":{"index":"index","follow":"follow","max-snippet":"max-snippet:-1","max-image-preview":"max-image-preview:large","max-video-preview":"max-video-preview:-1"},"canonical":"https:\/\/castlepodsreda.com\/hr\/susreti-s-prirodom-5-zivotinja-u-kozjanskom\/","og_locale":"hr_HR","og_type":"article","og_title":"SUSRETI S PRIRODOM: 5 \u017dIVOTINJA U KOZJANSKOM | Grad Podsreda | Sobe in apartmaji | Grajska ponudba","og_description":"[vc_row][vc_column][cms_heading text_before=&#8221;SUSRETI S PRIRODOM: 5 \u017dIVOTINJA U KOZJANSKOM&#8221; tag=&#8221;h1&#8243; align_lg=&#8221;align-center&#8221; align_md=&#8221;align-center-md&#8221; align_sm=&#8221;align-center-sm&#8221; align_xs=&#8221;align-center-xs&#8221; cms_template=&#8221;cms_heading&#8211;layout2.php&#8221;][vc_empty_space height=&#8221;60px&#8221;][\/vc_column][\/vc_row][vc_row][vc_column][vc_video link=&#8221;https:\/\/www.youtube.com\/watch?v=8too2fgaE3c&#8221; align=&#8221;center&#8221;][vc_empty_space height=&#8221;60px&#8221;][\/vc_column][\/vc_row][vc_row][vc_column width=&#8221;1\/6&#8243;][\/vc_column][vc_column width=&#8221;2\/3&#8243;][cms_heading text=&#8221;P\u010dele&#8221; sub_font_style=&#8221;italic&#8221; cms_template=&#8221;cms_heading&#8211;layout3.php&#8221; sub_title=&#8221;u \u010cebelarstvu Kozmus&#8221;][vc_column_text]Pridru\u017eite nam se u posjetu P\u010delarstvu Kozmus, gdje \u0107ete do\u017eivjeti fascinantan svijet p\u010delarstva, koji ima klju\u010dnu ulogu u Kozjanskoj regiji. Posjet p\u010delama i upoznavanje s postupcima p\u010delarstva pru\u017eaju jedinstveno obrazovno [&hellip;]","og_url":"https:\/\/castlepodsreda.com\/hr\/susreti-s-prirodom-5-zivotinja-u-kozjanskom\/","og_site_name":"Grad Podsreda | Sobe in apartmaji | Grajska ponudba","article_publisher":"https:\/\/www.facebook.com\/podsredacastle","article_modified_time":"2024-01-25T13:39:54+00:00","twitter_card":"summary_large_image","twitter_misc":{"Procijenjeno vrijeme \u010ditanja":"3 minute"},"schema":{"@context":"https:\/\/schema.org","@graph":[{"@type":"WebPage","@id":"https:\/\/castlepodsreda.com\/hr\/susreti-s-prirodom-5-zivotinja-u-kozjanskom\/","url":"https:\/\/castlepodsreda.com\/hr\/susreti-s-prirodom-5-zivotinja-u-kozjanskom\/","name":"SUSRETI S PRIRODOM: 5 \u017dIVOTINJA U KOZJANSKOM | Grad Podsreda | Sobe in apartmaji | Grajska ponudba","isPartOf":{"@id":"https:\/\/castlepodsreda.com\/hr\/#website"},"datePublished":"2024-01-15T11:41:33+00:00","dateModified":"2024-01-25T13:39:54+00:00","breadcrumb":{"@id":"https:\/\/castlepodsreda.com\/hr\/susreti-s-prirodom-5-zivotinja-u-kozjanskom\/#breadcrumb"},"inLanguage":"hr","potentialAction":[{"@type":"ReadAction","target":["https:\/\/castlepodsreda.com\/hr\/susreti-s-prirodom-5-zivotinja-u-kozjanskom\/"]}]},{"@type":"BreadcrumbList","@id":"https:\/\/castlepodsreda.com\/hr\/susreti-s-prirodom-5-zivotinja-u-kozjanskom\/#breadcrumb","itemListElement":[{"@type":"ListItem","position":1,"name":"Home","item":"https:\/\/castlepodsreda.com\/hr\/"},{"@type":"ListItem","position":2,"name":"SUSRETI S PRIRODOM: 5 \u017dIVOTINJA U KOZJANSKOM"}]},{"@type":"WebSite","@id":"https:\/\/castlepodsreda.com\/hr\/#website","url":"https:\/\/castlepodsreda.com\/hr\/","name":"Grad Podsreda | Sobe in apartmaji | Grajska ponudba","description":"Najbolj grajski med gradovi v Sloveniji","publisher":{"@id":"https:\/\/castlepodsreda.com\/hr\/#organization"},"potentialAction":[{"@type":"SearchAction","target":{"@type":"EntryPoint","urlTemplate":"https:\/\/castlepodsreda.com\/hr\/?s={search_term_string}"},"query-input":"required name=search_term_string"}],"inLanguage":"hr"},{"@type":"Organization","@id":"https:\/\/castlepodsreda.com\/hr\/#organization","name":"Grad Podsreda | Sobe in apartmaji | Grajska ponudba","url":"https:\/\/castlepodsreda.com\/hr\/","logo":{"@type":"ImageObject","inLanguage":"hr","@id":"https:\/\/castlepodsreda.com\/hr\/#\/schema\/logo\/image\/","url":"https:\/\/castlepodsreda.com\/wp-content\/uploads\/2020\/04\/logo-grad-podsreda-2.jpg","contentUrl":"https:\/\/castlepodsreda.com\/wp-content\/uploads\/2020\/04\/logo-grad-podsreda-2.jpg","width":576,"height":576,"caption":"Grad Podsreda | Sobe in apartmaji | Grajska ponudba"},"image":{"@id":"https:\/\/castlepodsreda.com\/hr\/#\/schema\/logo\/image\/"},"sameAs":["https:\/\/www.instagram.com\/podsredacastle\/","https:\/\/www.facebook.com\/podsredacastle"]}]}},"_links":{"self":[{"href":"https:\/\/castlepodsreda.com\/hr\/wp-json\/wp\/v2\/pages\/35481"}],"collection":[{"href":"https:\/\/castlepodsreda.com\/hr\/wp-json\/wp\/v2\/pages"}],"about":[{"href":"https:\/\/castlepodsreda.com\/hr\/wp-json\/wp\/v2\/types\/page"}],"author":[{"embeddable":true,"href":"https:\/\/castlepodsreda.com\/hr\/wp-json\/wp\/v2\/users\/2"}],"replies":[{"embeddable":true,"href":"https:\/\/castlepodsreda.com\/hr\/wp-json\/wp\/v2\/comments?post=35481"}],"version-history":[{"count":7,"href":"https:\/\/castlepodsreda.com\/hr\/wp-json\/wp\/v2\/pages\/35481\/revisions"}],"predecessor-version":[{"id":35562,"href":"https:\/\/castlepodsreda.com\/hr\/wp-json\/wp\/v2\/pages\/35481\/revisions\/35562"}],"wp:attachment":[{"href":"https:\/\/castlepodsreda.com\/hr\/wp-json\/wp\/v2\/media?parent=35481"}],"curies":[{"name":"wp","href":"https:\/\/api.w.org\/{rel}","templated":true}]}}