{"id":35491,"date":"2024-01-15T09:17:19","date_gmt":"2024-01-15T09:17:19","guid":{"rendered":"https:\/\/castlepodsreda.com\/?page_id=35491"},"modified":"2024-01-24T22:03:11","modified_gmt":"2024-01-24T22:03:11","slug":"uzitci-kozjanskog-5-jela-koja-ce-vas-oduseviti","status":"publish","type":"page","link":"https:\/\/castlepodsreda.com\/hr\/uzitci-kozjanskog-5-jela-koja-ce-vas-oduseviti\/","title":{"rendered":"U\u017dITCI KOZJANSKOG: 5 JELA KOJA \u0106E VAS ODU\u0160EVITI"},"content":{"rendered":"<p>[vc_row][vc_column][cms_heading text_before=&#8221;U\u017dITCI KOZJANSKOG: 5 JELA KOJA \u0106E VAS ODU\u0160EVITI&#8221; tag=&#8221;h1&#8243; align_lg=&#8221;align-center&#8221; align_md=&#8221;align-center-md&#8221; align_sm=&#8221;align-center-sm&#8221; align_xs=&#8221;align-center-xs&#8221; cms_template=&#8221;cms_heading&#8211;layout2.php&#8221;][vc_empty_space height=&#8221;60px&#8221;][\/vc_column][\/vc_row][vc_row][vc_column][vc_video link=&#8221;https:\/\/www.youtube.com\/watch?v=8q_3R8LgqnM&#8221; align=&#8221;center&#8221;][vc_empty_space height=&#8221;60px&#8221;][\/vc_column][\/vc_row][vc_row][vc_column width=&#8221;1\/6&#8243;][\/vc_column][vc_column width=&#8221;2\/3&#8243;][cms_heading text=&#8221;Dvorski doru\u010dak&#8221; sub_font_style=&#8221;italic&#8221; cms_template=&#8221;cms_heading&#8211;layout3.php&#8221; sub_title=&#8221;u Dvorcu Podsreda&#8221;][vc_column_text]U\u017eivajte u rasko\u0161nom doru\u010dku na dvorcu Podsreda, gdje se povijest i elegancija isprepli\u0107u u jedinstvenom iskustvu. U presti\u017enom dvorskom okru\u017eenju, bit \u0107ete po\u010da\u0161\u0107eni pa\u017eljivo odabranim kulinarskim specijalitetima koji odra\u017eavaju bogatu kulturnu ba\u0161tinu. Nezaboravan doru\u010dak koji kombinira kulinarski do\u017eivljaj i povijest, savr\u0161en je za one koji tra\u017ee gurmanski odmor i \u017eele razmaziti svoje nepce lokalnim delicijama u \u010darobnom ambijentu dvorca. <a href=\"https:\/\/castlepodsreda.com\/hr\/dvorska-kosarica-dorucka\/\">Vi\u0161e o doru\u010dku<\/a>.[\/vc_column_text][\/vc_column][vc_column width=&#8221;1\/6&#8243;][\/vc_column][\/vc_row][vc_row][vc_column][vc_single_image image=&#8221;35210&#8243; img_size=&#8221;full&#8221; alignment=&#8221;center&#8221;][vc_empty_space height=&#8221;60px&#8221;][\/vc_column][\/vc_row][vc_row][vc_column width=&#8221;1\/6&#8243;][\/vc_column][vc_column width=&#8221;2\/3&#8243;][cms_heading text=&#8221;Frozi smrznuti jogurt&#8221; sub_font_style=&#8221;italic&#8221; cms_template=&#8221;cms_heading&#8211;layout3.php&#8221; sub_title=&#8221;s farme Sinkovi\u010d&#8221;][vc_column_text]Istra\u017eite ukusan i zdrav desert \u2013 kremni smrznuti jogurt Frozi, pripremljen na farmi Sinkovi\u010d. Ukusna doma\u0107a specijalnost kombinira tradicionalne recepte s modernim okusima i stvara osvje\u017eavaju\u0107u i prirodnu poslasticu, idealnu za ljetne dane. Do\u017eivite autenti\u010dno iskustvo seoske kuhinje na farmi, gdje su okusi i kvaliteta uvijek na prvom mjestu.[\/vc_column_text][\/vc_column][vc_column width=&#8221;1\/6&#8243;][\/vc_column][\/vc_row][vc_row][vc_column][vc_single_image image=&#8221;35207&#8243; img_size=&#8221;full&#8221; alignment=&#8221;center&#8221;][vc_empty_space height=&#8221;60px&#8221;][\/vc_column][\/vc_row][vc_row][vc_column width=&#8221;1\/6&#8243;][\/vc_column][vc_column width=&#8221;2\/3&#8243;][cms_heading text=&#8221;Doma\u0107e delicije&#8221; sub_font_style=&#8221;italic&#8221; cms_template=&#8221;cms_heading&#8211;layout3.php&#8221; sub_title=&#8221;u Kukovi\u010di\u010devom Mlinu&#8221;][vc_column_text]Osjetite toplinu doma\u0107eg u mlinu Kukovi\u010di\u010d. Nakon \u0161to otkrijete put od zrna do kruha s vlasnikom mlina i vidite mlin u akciji, slijedi kulinarsko razvajanje s njihovom ponudom svje\u017ee pe\u010denog kruha, odabranih namaza i doma\u0107eg soka te slatkih poslastica. Svaki zalogaj odra\u017eava bogatu obiteljsku tradiciju i ljubav prema mlinskom zanatu. Posjetite mlin Kukovi\u010di\u010d u Podsredi i upustite se u putovanje kroz vrijeme, okus i tradiciju.[\/vc_column_text][\/vc_column][vc_column width=&#8221;1\/6&#8243;][\/vc_column][\/vc_row][vc_row][vc_column][vc_single_image image=&#8221;35216&#8243; img_size=&#8221;full&#8221; alignment=&#8221;center&#8221;][vc_empty_space height=&#8221;60px&#8221;][\/vc_column][\/vc_row][vc_row][vc_column width=&#8221;1\/6&#8243;][\/vc_column][vc_column width=&#8221;2\/3&#8243;][cms_heading text=&#8221;Delicije&#8221; sub_font_style=&#8221;italic&#8221; cms_template=&#8221;cms_heading&#8211;layout3.php&#8221; sub_title=&#8221;u Kozjanskom Dvoru&#8221;][vc_column_text]Kozjanski dvor sinonim je za gurmansko razvajanje. U ugodnom ambijentu ovog uglednog lokala do\u017eivjet \u0107ete vrhunski kulinarski do\u017eivljaj. Na\u0161i iskusni kuhari kombiniraju lokalne sastojke s inovativnim tehnikama kako bi stvorili jela koja su prava poslastica za o\u010di i nezaboravni do\u017eivljaji za nepce. Prepustite se razvajanju i u\u017eivajte u gurmanskom odmoru, gdje je svaki zalogaj putovanje kroz okuse Kozjanskog.[\/vc_column_text][\/vc_column][vc_column width=&#8221;1\/6&#8243;][\/vc_column][\/vc_row][vc_row][vc_column][vc_single_image image=&#8221;35213&#8243; img_size=&#8221;full&#8221; alignment=&#8221;center&#8221;][vc_empty_space height=&#8221;60px&#8221;][\/vc_column][\/vc_row][vc_row][vc_column width=&#8221;1\/6&#8243;][\/vc_column][vc_column width=&#8221;2\/3&#8243;][cms_heading text=&#8221;Degustacija vina&#8221; sub_font_style=&#8221;italic&#8221; cms_template=&#8221;cms_heading&#8211;layout3.php&#8221; sub_title=&#8221;u vinariji &#8220;Vina Mramor&#8220;&#8221;][vc_column_text]Za ljubitelje vina i kulinarike, degustacija vina na imanju Vina Mramor pravo je iskustvo. U slikovitom okru\u017eenju vinograda mo\u017eete u\u017eivati u raznovrsnom izboru najboljih vina koja odra\u017eavaju karakteristike lokalnog okoli\u0161a. Ovo iskustvo vi\u0161e je od same degustacije; to je putovanje kroz povijest i tradiciju vinogradarstva, gdje svaki gutljaj pri\u010da pri\u010du o strasti i predanosti vinogradarstvu.[\/vc_column_text][\/vc_column][vc_column width=&#8221;1\/6&#8243;][\/vc_column][\/vc_row][vc_row][vc_column][vc_single_image image=&#8221;35204&#8243; img_size=&#8221;full&#8221; alignment=&#8221;center&#8221;][vc_empty_space height=&#8221;60px&#8221;][\/vc_column][\/vc_row][vc_row][vc_column css=&#8221;.vc_custom_1701625978240{background-color: #d6b28b !important;}&#8221;][vc_empty_space height=&#8221;60px&#8221;][cms_heading text=&#8221;Rezervirajte odmor&#8221; align_lg=&#8221;align-center&#8221; align_md=&#8221;align-center-md&#8221; align_sm=&#8221;align-center-sm&#8221; align_xs=&#8221;align-center-xs&#8221; text_color=&#8221;#ffffff&#8221; sub_color=&#8221;#ffffff&#8221; sub_font_style=&#8221;italic&#8221; cms_template=&#8221;cms_heading&#8211;layout3.php&#8221; sub_title=&#8221;Otkrijte savr\u0161en odmor za vas&#8221;][vc_empty_space height=&#8221;30px&#8221;][cms_button button_text=&#8221;REZERVIRAJTE&#8221; button_link=&#8221;url:https%3A%2F%2Fcastlepodsreda.com%2Fhr%2Frezervacija%2F|||&#8221; button_style=&#8221;btn-1x&#8221; button_color=&#8221;#ffffff&#8221; border_color=&#8221;#ffffff&#8221; button_size=&#8221;btn-size-lg&#8221; font_weight=&#8221;400&#8243; button_align=&#8221;center&#8221; button_align_md=&#8221;center&#8221; button_align_sm=&#8221;center&#8221; button_align_xs=&#8221;center&#8221;][vc_empty_space height=&#8221;60px&#8221;][\/vc_column][\/vc_row][vc_row][vc_column][vc_empty_space height=&#8221;90px&#8221;][cms_heading text=&#8221;Otkrijte, do\u017eivite, zaljubite se:&#8221; align_lg=&#8221;align-center&#8221; align_md=&#8221;align-center-md&#8221; align_sm=&#8221;align-center-sm&#8221; align_xs=&#8221;align-center-xs&#8221; text_color=&#8221;#0a0a0a&#8221; sub_color=&#8221;#0a0a0a&#8221; sub_font_style=&#8221;italic&#8221; cms_template=&#8221;cms_heading&#8211;layout3.php&#8221; sub_title=&#8221;Top 5 lista za otkrivanje Kozjanskog&#8221;][vc_empty_space height=&#8221;20px&#8221;][\/vc_column][\/vc_row][vc_row][vc_column][cms_fancybox_carousel line_display=&#8221;hidden-line&#8221; tag=&#8221;h2&#8243; fancybox_item=&#8221;%5B%7B%22image%22%3A%2235289%22%2C%22title%22%3A%22%205%20ROMANTI%C4%8CNIH%20MJESTA%20ZA%20PAROVE%22%2C%22fcb_link%22%3A%22url%3Ahttps%253A%252F%252Fcastlepodsreda.com%252Fhr%252Fromantika-na-kozjanskom-5-romanticnih-mjesta-za-parove%252F%7Ctitle%3A5%2520ROMANTI%25C4%258CNIH%2520DO%25C5%25BDIVETIJ%2520NA%2520KOZJANSKEM%7C%7C%22%7D%2C%7B%22image%22%3A%2235292%22%2C%22title%22%3A%225%20NEZABORAVNIH%20OBITELJSKIH%20DO%C5%BDIVLJAJA%20NA%20KOZJANSKOM%22%2C%22fcb_link%22%3A%22url%3Ahttps%253A%252F%252Fcastlepodsreda.com%252Fhr%252Fzabava-za-sve-5-nezaboravnih-obiteljskih-dozivljaja-na-kozjanskom%252F%7Ctitle%3A5%2520DRU%25C5%25BDINSKIH%2520DO%25C5%25BDIVETIJ%2520NA%2520KOZJANSKEM%7C%7C%22%7D%2C%7B%22image%22%3A%2235318%22%2C%22title%22%3A%225%20JEDINSTVENIH%20&#8217;JABUKA&#8217;%20NA%20KOZJANSKOM%22%2C%22fcb_link%22%3A%22url%3Ahttps%253A%252F%252Fcastlepodsreda.com%252Fhr%252F5-jedinstvenih-jabuka-na-kozjanskom%252F%7Ctitle%3A5%2520DRU%25C5%25BDINSKIH%2520DO%25C5%25BDIVETIJ%2520NA%2520KOZJANSKEM%7C%7C%22%7D%2C%7B%22image%22%3A%2235298%22%2C%22title%22%3A%225%20UNUTARNJIH%20AKTIVNOSTI%20NA%20KOZJANSKOM%22%2C%22fcb_link%22%3A%22url%3Ahttps%253A%252F%252Fcastlepodsreda.com%252Fhr%252Fkisni-dan-za-uzivanje-5-unutarnjih-aktivnosti-na-kozjanskom%252F%7Ctitle%3A5%2520DRU%25C5%25BDINSKIH%2520DO%25C5%25BDIVETIJ%2520NA%2520KOZJANSKEM%7C%7C%22%7D%2C%7B%22image%22%3A%2235305%22%2C%22title%22%3A%225%20%C5%BDIVOTINJA%20U%20KOZJANSKOM%22%2C%22fcb_link%22%3A%22url%3Ahttps%253A%252F%252Fcastlepodsreda.com%252Fhr%252Fsusreti-s-prirodom-5-zivotinja-u-kozjanskom%252F%7Ctitle%3A5%2520DRU%25C5%25BDINSKIH%2520DO%25C5%25BDIVETIJ%2520NA%2520KOZJANSKEM%7C%7C%22%7D%5D&#8221; text_transform=&#8221;uppercase&#8221; col_xs=&#8221;1&#8243; col_sm=&#8221;2&#8243; col_md=&#8221;3&#8243; col_lg=&#8221;3&#8243; loop=&#8221;true&#8221; autoplay=&#8221;true&#8221; bullets=&#8221;true&#8221; title_font_size=&#8221;24&#8243; animation=&#8221;fadeInDown&#8221;][\/vc_column][\/vc_row]<\/p>\n","protected":false},"excerpt":{"rendered":"<p>[vc_row][vc_column][cms_heading text_before=&#8221;U\u017dITCI KOZJANSKOG: 5 JELA KOJA \u0106E VAS ODU\u0160EVITI&#8221; tag=&#8221;h1&#8243; align_lg=&#8221;align-center&#8221; align_md=&#8221;align-center-md&#8221; align_sm=&#8221;align-center-sm&#8221; align_xs=&#8221;align-center-xs&#8221; cms_template=&#8221;cms_heading&#8211;layout2.php&#8221;][vc_empty_space height=&#8221;60px&#8221;][\/vc_column][\/vc_row][vc_row][vc_column][vc_video link=&#8221;https:\/\/www.youtube.com\/watch?v=8q_3R8LgqnM&#8221; align=&#8221;center&#8221;][vc_empty_space height=&#8221;60px&#8221;][\/vc_column][\/vc_row][vc_row][vc_column width=&#8221;1\/6&#8243;][\/vc_column][vc_column width=&#8221;2\/3&#8243;][cms_heading text=&#8221;Dvorski doru\u010dak&#8221; sub_font_style=&#8221;italic&#8221; cms_template=&#8221;cms_heading&#8211;layout3.php&#8221; sub_title=&#8221;u Dvorcu Podsreda&#8221;][vc_column_text]U\u017eivajte u rasko\u0161nom doru\u010dku na dvorcu Podsreda, gdje se povijest i elegancija isprepli\u0107u u jedinstvenom iskustvu. U presti\u017enom dvorskom okru\u017eenju, bit \u0107ete po\u010da\u0161\u0107eni pa\u017eljivo odabranim kulinarskim specijalitetima koji [&hellip;]<\/p>\n","protected":false},"author":2,"featured_media":0,"parent":0,"menu_order":0,"comment_status":"closed","ping_status":"closed","template":"","meta":[],"yoast_head":"<!-- This site is optimized with the Yoast SEO plugin v19.14 - https:\/\/yoast.com\/wordpress\/plugins\/seo\/ -->\n<title>U\u017dITCI KOZJANSKOG: 5 JELA KOJA \u0106E VAS ODU\u0160EVITI | Grad Podsreda | Sobe in apartmaji | Grajska ponudba<\/title>\n<meta name=\"robots\" content=\"index, follow, max-snippet:-1, max-image-preview:large, max-video-preview:-1\" \/>\n<link rel=\"canonical\" href=\"https:\/\/castlepodsreda.com\/hr\/uzitci-kozjanskog-5-jela-koja-ce-vas-oduseviti\/\" \/>\n<meta property=\"og:locale\" content=\"hr_HR\" \/>\n<meta property=\"og:type\" content=\"article\" \/>\n<meta property=\"og:title\" content=\"U\u017dITCI KOZJANSKOG: 5 JELA KOJA \u0106E VAS ODU\u0160EVITI | Grad Podsreda | Sobe in apartmaji | Grajska ponudba\" \/>\n<meta property=\"og:description\" content=\"[vc_row][vc_column][cms_heading text_before=&#8221;U\u017dITCI KOZJANSKOG: 5 JELA KOJA \u0106E VAS ODU\u0160EVITI&#8221; tag=&#8221;h1&#8243; align_lg=&#8221;align-center&#8221; align_md=&#8221;align-center-md&#8221; align_sm=&#8221;align-center-sm&#8221; align_xs=&#8221;align-center-xs&#8221; cms_template=&#8221;cms_heading&#8211;layout2.php&#8221;][vc_empty_space height=&#8221;60px&#8221;][\/vc_column][\/vc_row][vc_row][vc_column][vc_video link=&#8221;https:\/\/www.youtube.com\/watch?v=8q_3R8LgqnM&#8221; align=&#8221;center&#8221;][vc_empty_space height=&#8221;60px&#8221;][\/vc_column][\/vc_row][vc_row][vc_column width=&#8221;1\/6&#8243;][\/vc_column][vc_column width=&#8221;2\/3&#8243;][cms_heading text=&#8221;Dvorski doru\u010dak&#8221; sub_font_style=&#8221;italic&#8221; cms_template=&#8221;cms_heading&#8211;layout3.php&#8221; sub_title=&#8221;u Dvorcu Podsreda&#8221;][vc_column_text]U\u017eivajte u rasko\u0161nom doru\u010dku na dvorcu Podsreda, gdje se povijest i elegancija isprepli\u0107u u jedinstvenom iskustvu. U presti\u017enom dvorskom okru\u017eenju, bit \u0107ete po\u010da\u0161\u0107eni pa\u017eljivo odabranim kulinarskim specijalitetima koji [&hellip;]\" \/>\n<meta property=\"og:url\" content=\"https:\/\/castlepodsreda.com\/hr\/uzitci-kozjanskog-5-jela-koja-ce-vas-oduseviti\/\" \/>\n<meta property=\"og:site_name\" content=\"Grad Podsreda | Sobe in apartmaji | Grajska ponudba\" \/>\n<meta property=\"article:publisher\" content=\"https:\/\/www.facebook.com\/podsredacastle\" \/>\n<meta property=\"article:modified_time\" content=\"2024-01-24T22:03:11+00:00\" \/>\n<meta name=\"twitter:card\" content=\"summary_large_image\" \/>\n<meta name=\"twitter:label1\" content=\"Procijenjeno vrijeme \u010ditanja\" \/>\n\t<meta name=\"twitter:data1\" content=\"3 minute\" \/>\n<script type=\"application\/ld+json\" class=\"yoast-schema-graph\">{\"@context\":\"https:\/\/schema.org\",\"@graph\":[{\"@type\":\"WebPage\",\"@id\":\"https:\/\/castlepodsreda.com\/hr\/uzitci-kozjanskog-5-jela-koja-ce-vas-oduseviti\/\",\"url\":\"https:\/\/castlepodsreda.com\/hr\/uzitci-kozjanskog-5-jela-koja-ce-vas-oduseviti\/\",\"name\":\"U\u017dITCI KOZJANSKOG: 5 JELA KOJA \u0106E VAS ODU\u0160EVITI | Grad Podsreda | Sobe in apartmaji | Grajska ponudba\",\"isPartOf\":{\"@id\":\"https:\/\/castlepodsreda.com\/hr\/#website\"},\"datePublished\":\"2024-01-15T09:17:19+00:00\",\"dateModified\":\"2024-01-24T22:03:11+00:00\",\"breadcrumb\":{\"@id\":\"https:\/\/castlepodsreda.com\/hr\/uzitci-kozjanskog-5-jela-koja-ce-vas-oduseviti\/#breadcrumb\"},\"inLanguage\":\"hr\",\"potentialAction\":[{\"@type\":\"ReadAction\",\"target\":[\"https:\/\/castlepodsreda.com\/hr\/uzitci-kozjanskog-5-jela-koja-ce-vas-oduseviti\/\"]}]},{\"@type\":\"BreadcrumbList\",\"@id\":\"https:\/\/castlepodsreda.com\/hr\/uzitci-kozjanskog-5-jela-koja-ce-vas-oduseviti\/#breadcrumb\",\"itemListElement\":[{\"@type\":\"ListItem\",\"position\":1,\"name\":\"Home\",\"item\":\"https:\/\/castlepodsreda.com\/hr\/\"},{\"@type\":\"ListItem\",\"position\":2,\"name\":\"U\u017dITCI KOZJANSKOG: 5 JELA KOJA \u0106E VAS ODU\u0160EVITI\"}]},{\"@type\":\"WebSite\",\"@id\":\"https:\/\/castlepodsreda.com\/hr\/#website\",\"url\":\"https:\/\/castlepodsreda.com\/hr\/\",\"name\":\"Grad Podsreda | Sobe in apartmaji | Grajska ponudba\",\"description\":\"Najbolj grajski med gradovi v Sloveniji\",\"publisher\":{\"@id\":\"https:\/\/castlepodsreda.com\/hr\/#organization\"},\"potentialAction\":[{\"@type\":\"SearchAction\",\"target\":{\"@type\":\"EntryPoint\",\"urlTemplate\":\"https:\/\/castlepodsreda.com\/hr\/?s={search_term_string}\"},\"query-input\":\"required name=search_term_string\"}],\"inLanguage\":\"hr\"},{\"@type\":\"Organization\",\"@id\":\"https:\/\/castlepodsreda.com\/hr\/#organization\",\"name\":\"Grad Podsreda | Sobe in apartmaji | Grajska ponudba\",\"url\":\"https:\/\/castlepodsreda.com\/hr\/\",\"logo\":{\"@type\":\"ImageObject\",\"inLanguage\":\"hr\",\"@id\":\"https:\/\/castlepodsreda.com\/hr\/#\/schema\/logo\/image\/\",\"url\":\"https:\/\/castlepodsreda.com\/wp-content\/uploads\/2020\/04\/logo-grad-podsreda-2.jpg\",\"contentUrl\":\"https:\/\/castlepodsreda.com\/wp-content\/uploads\/2020\/04\/logo-grad-podsreda-2.jpg\",\"width\":576,\"height\":576,\"caption\":\"Grad Podsreda | Sobe in apartmaji | Grajska ponudba\"},\"image\":{\"@id\":\"https:\/\/castlepodsreda.com\/hr\/#\/schema\/logo\/image\/\"},\"sameAs\":[\"https:\/\/www.instagram.com\/podsredacastle\/\",\"https:\/\/www.facebook.com\/podsredacastle\"]}]}<\/script>\n<!-- \/ Yoast SEO plugin. -->","yoast_head_json":{"title":"U\u017dITCI KOZJANSKOG: 5 JELA KOJA \u0106E VAS ODU\u0160EVITI | Grad Podsreda | Sobe in apartmaji | Grajska ponudba","robots":{"index":"index","follow":"follow","max-snippet":"max-snippet:-1","max-image-preview":"max-image-preview:large","max-video-preview":"max-video-preview:-1"},"canonical":"https:\/\/castlepodsreda.com\/hr\/uzitci-kozjanskog-5-jela-koja-ce-vas-oduseviti\/","og_locale":"hr_HR","og_type":"article","og_title":"U\u017dITCI KOZJANSKOG: 5 JELA KOJA \u0106E VAS ODU\u0160EVITI | Grad Podsreda | Sobe in apartmaji | Grajska ponudba","og_description":"[vc_row][vc_column][cms_heading text_before=&#8221;U\u017dITCI KOZJANSKOG: 5 JELA KOJA \u0106E VAS ODU\u0160EVITI&#8221; tag=&#8221;h1&#8243; align_lg=&#8221;align-center&#8221; align_md=&#8221;align-center-md&#8221; align_sm=&#8221;align-center-sm&#8221; align_xs=&#8221;align-center-xs&#8221; cms_template=&#8221;cms_heading&#8211;layout2.php&#8221;][vc_empty_space height=&#8221;60px&#8221;][\/vc_column][\/vc_row][vc_row][vc_column][vc_video link=&#8221;https:\/\/www.youtube.com\/watch?v=8q_3R8LgqnM&#8221; align=&#8221;center&#8221;][vc_empty_space height=&#8221;60px&#8221;][\/vc_column][\/vc_row][vc_row][vc_column width=&#8221;1\/6&#8243;][\/vc_column][vc_column width=&#8221;2\/3&#8243;][cms_heading text=&#8221;Dvorski doru\u010dak&#8221; sub_font_style=&#8221;italic&#8221; cms_template=&#8221;cms_heading&#8211;layout3.php&#8221; sub_title=&#8221;u Dvorcu Podsreda&#8221;][vc_column_text]U\u017eivajte u rasko\u0161nom doru\u010dku na dvorcu Podsreda, gdje se povijest i elegancija isprepli\u0107u u jedinstvenom iskustvu. U presti\u017enom dvorskom okru\u017eenju, bit \u0107ete po\u010da\u0161\u0107eni pa\u017eljivo odabranim kulinarskim specijalitetima koji [&hellip;]","og_url":"https:\/\/castlepodsreda.com\/hr\/uzitci-kozjanskog-5-jela-koja-ce-vas-oduseviti\/","og_site_name":"Grad Podsreda | Sobe in apartmaji | Grajska ponudba","article_publisher":"https:\/\/www.facebook.com\/podsredacastle","article_modified_time":"2024-01-24T22:03:11+00:00","twitter_card":"summary_large_image","twitter_misc":{"Procijenjeno vrijeme \u010ditanja":"3 minute"},"schema":{"@context":"https:\/\/schema.org","@graph":[{"@type":"WebPage","@id":"https:\/\/castlepodsreda.com\/hr\/uzitci-kozjanskog-5-jela-koja-ce-vas-oduseviti\/","url":"https:\/\/castlepodsreda.com\/hr\/uzitci-kozjanskog-5-jela-koja-ce-vas-oduseviti\/","name":"U\u017dITCI KOZJANSKOG: 5 JELA KOJA \u0106E VAS ODU\u0160EVITI | Grad Podsreda | Sobe in apartmaji | Grajska ponudba","isPartOf":{"@id":"https:\/\/castlepodsreda.com\/hr\/#website"},"datePublished":"2024-01-15T09:17:19+00:00","dateModified":"2024-01-24T22:03:11+00:00","breadcrumb":{"@id":"https:\/\/castlepodsreda.com\/hr\/uzitci-kozjanskog-5-jela-koja-ce-vas-oduseviti\/#breadcrumb"},"inLanguage":"hr","potentialAction":[{"@type":"ReadAction","target":["https:\/\/castlepodsreda.com\/hr\/uzitci-kozjanskog-5-jela-koja-ce-vas-oduseviti\/"]}]},{"@type":"BreadcrumbList","@id":"https:\/\/castlepodsreda.com\/hr\/uzitci-kozjanskog-5-jela-koja-ce-vas-oduseviti\/#breadcrumb","itemListElement":[{"@type":"ListItem","position":1,"name":"Home","item":"https:\/\/castlepodsreda.com\/hr\/"},{"@type":"ListItem","position":2,"name":"U\u017dITCI KOZJANSKOG: 5 JELA KOJA \u0106E VAS ODU\u0160EVITI"}]},{"@type":"WebSite","@id":"https:\/\/castlepodsreda.com\/hr\/#website","url":"https:\/\/castlepodsreda.com\/hr\/","name":"Grad Podsreda | Sobe in apartmaji | Grajska ponudba","description":"Najbolj grajski med gradovi v Sloveniji","publisher":{"@id":"https:\/\/castlepodsreda.com\/hr\/#organization"},"potentialAction":[{"@type":"SearchAction","target":{"@type":"EntryPoint","urlTemplate":"https:\/\/castlepodsreda.com\/hr\/?s={search_term_string}"},"query-input":"required name=search_term_string"}],"inLanguage":"hr"},{"@type":"Organization","@id":"https:\/\/castlepodsreda.com\/hr\/#organization","name":"Grad Podsreda | Sobe in apartmaji | Grajska ponudba","url":"https:\/\/castlepodsreda.com\/hr\/","logo":{"@type":"ImageObject","inLanguage":"hr","@id":"https:\/\/castlepodsreda.com\/hr\/#\/schema\/logo\/image\/","url":"https:\/\/castlepodsreda.com\/wp-content\/uploads\/2020\/04\/logo-grad-podsreda-2.jpg","contentUrl":"https:\/\/castlepodsreda.com\/wp-content\/uploads\/2020\/04\/logo-grad-podsreda-2.jpg","width":576,"height":576,"caption":"Grad Podsreda | Sobe in apartmaji | Grajska ponudba"},"image":{"@id":"https:\/\/castlepodsreda.com\/hr\/#\/schema\/logo\/image\/"},"sameAs":["https:\/\/www.instagram.com\/podsredacastle\/","https:\/\/www.facebook.com\/podsredacastle"]}]}},"_links":{"self":[{"href":"https:\/\/castlepodsreda.com\/hr\/wp-json\/wp\/v2\/pages\/35491"}],"collection":[{"href":"https:\/\/castlepodsreda.com\/hr\/wp-json\/wp\/v2\/pages"}],"about":[{"href":"https:\/\/castlepodsreda.com\/hr\/wp-json\/wp\/v2\/types\/page"}],"author":[{"embeddable":true,"href":"https:\/\/castlepodsreda.com\/hr\/wp-json\/wp\/v2\/users\/2"}],"replies":[{"embeddable":true,"href":"https:\/\/castlepodsreda.com\/hr\/wp-json\/wp\/v2\/comments?post=35491"}],"version-history":[{"count":4,"href":"https:\/\/castlepodsreda.com\/hr\/wp-json\/wp\/v2\/pages\/35491\/revisions"}],"predecessor-version":[{"id":35525,"href":"https:\/\/castlepodsreda.com\/hr\/wp-json\/wp\/v2\/pages\/35491\/revisions\/35525"}],"wp:attachment":[{"href":"https:\/\/castlepodsreda.com\/hr\/wp-json\/wp\/v2\/media?parent=35491"}],"curies":[{"name":"wp","href":"https:\/\/api.w.org\/{rel}","templated":true}]}}