{"id":35495,"date":"2024-01-15T08:51:38","date_gmt":"2024-01-15T08:51:38","guid":{"rendered":"https:\/\/castlepodsreda.com\/?page_id=35495"},"modified":"2024-01-25T13:39:40","modified_gmt":"2024-01-25T13:39:40","slug":"zabava-za-sve-5-nezaboravnih-obiteljskih-dozivljaja-na-kozjanskom","status":"publish","type":"page","link":"https:\/\/castlepodsreda.com\/hr\/zabava-za-sve-5-nezaboravnih-obiteljskih-dozivljaja-na-kozjanskom\/","title":{"rendered":"ZABAVA ZA SVE: 5 NEZABORAVNIH OBITELJSKIH DO\u017dIVLJAJA NA KOZJANSKOM"},"content":{"rendered":"<p>[vc_row][vc_column][cms_heading text_before=&#8221;ZABAVA ZA SVE: 5 NEZABORAVNIH OBITELJSKIH DO\u017dIVLJAJA NA KOZJANSKOM&#8221; tag=&#8221;h1&#8243; align_lg=&#8221;align-center&#8221; align_md=&#8221;align-center-md&#8221; align_sm=&#8221;align-center-sm&#8221; align_xs=&#8221;align-center-xs&#8221; cms_template=&#8221;cms_heading&#8211;layout2.php&#8221;][vc_empty_space height=&#8221;60px&#8221;][\/vc_column][\/vc_row][vc_row][vc_column][vc_video link=&#8221;https:\/\/www.youtube.com\/watch?v=tTXQPYg7PDY&#8221; align=&#8221;center&#8221;][vc_empty_space height=&#8221;60px&#8221;][\/vc_column][\/vc_row][vc_row][vc_column width=&#8221;1\/6&#8243;][\/vc_column][vc_column width=&#8221;2\/3&#8243;][cms_heading text=&#8221;Potraga za blagom&#8221; sub_font_style=&#8221;italic&#8221; cms_template=&#8221;cms_heading&#8211;layout3.php&#8221; sub_title=&#8221;u Dvorcu Podsreda&#8221;][vc_column_text]Do\u017eivite nezaboravno obiteljsko avanturo &#8216;Potrage za blagom&#8217; u \u010darobnom okru\u017eenju dvorca Podsreda. Prava avantura koja predstavlja savr\u0161enu priliku za obiteljsko povezivanje i istra\u017eivanje povijesti na zabavan na\u010din. S tajanstvenim zagonetkama i skrivenim tragovima, va\u0161a obitelj \u0107e otkrivati tajne dvorca, u\u010diti o povijesti i stvarati uspomene koje \u0107e trajati zauvijek. Lov na blago u dvorcu Podsreda idealna je obiteljska aktivnost za sve koji tra\u017ee kulturno-obrazovne avanture. <a href=\"https:\/\/castlepodsreda.com\/hr\/avantura-potrage-za-blagom-u-dvorcu-podsreda\/\">Vi\u0161e o potrazi za blagom<\/a>.[\/vc_column_text][\/vc_column][vc_column width=&#8221;1\/6&#8243;][\/vc_column][\/vc_row][vc_row][vc_column][vc_single_image image=&#8221;35133&#8243; img_size=&#8221;full&#8221; alignment=&#8221;center&#8221;][vc_empty_space height=&#8221;60px&#8221;][\/vc_column][\/vc_row][vc_row][vc_column width=&#8221;1\/6&#8243;][\/vc_column][vc_column width=&#8221;2\/3&#8243;][cms_heading text=&#8221;U\u017eivanje u pikniku&#8221; sub_font_style=&#8221;italic&#8221; cms_template=&#8221;cms_heading&#8211;layout3.php&#8221; sub_title=&#8221;s lokalnim poslasticama&#8221;][vc_column_text]Pridru\u017eite nam se na idili\u010dnom pikniku u slikovitom vo\u0107njaku, gdje \u0107ete u\u017eivati u doma\u0107im poslasticama iz mlin Kukovi\u010di\u010d. Jedinstveno iskustvo kombinira okuse lokalnih sastojaka i tradicionalnih recepata. Dok se budete razmazivali doma\u0107im specijalitetima, djeca \u0107e mo\u0107i istra\u017eivati prirodu i igrati se na svje\u017eem zraku. Piknik u vo\u0107njaku pru\u017ea izvrsnu priliku za obiteljska dru\u017eenja na selu, gdje se isprepli\u0107u u\u017eivanje u hrani, kontakt s prirodom i kvalitetno dru\u017eenje.[\/vc_column_text][\/vc_column][vc_column width=&#8221;1\/6&#8243;][\/vc_column][\/vc_row][vc_row][vc_column][vc_single_image image=&#8221;35136&#8243; img_size=&#8221;full&#8221; alignment=&#8221;center&#8221;][vc_empty_space height=&#8221;60px&#8221;][\/vc_column][\/vc_row][vc_row][vc_column width=&#8221;1\/6&#8243;][\/vc_column][vc_column width=&#8221;2\/3&#8243;][cms_heading text=&#8221;Jahanje ponija&#8221; sub_font_style=&#8221;italic&#8221; cms_template=&#8221;cms_heading&#8211;layout3.php&#8221; sub_title=&#8221;u Rubinovom \u0160taglju&#8221;][vc_column_text]Priu\u0161tite svojoj djeci \u010darobno iskustvo jahanja ponija u Rubinovoj \u0161tali. Ovo jedinstveno iskustvo poti\u010de dje\u010dju ljubav prema \u017eivotinjama i prirodi. Pod vodstvom iskusnih instruktora, djeca \u0107e u\u010diti o osnovama jahanja i brizi o \u017eivotinjama, \u0161to predstavlja izvrsnu vanjsku aktivnost za cijelu obitelj. Jahanje ponija nije samo zabavno, ve\u0107 i obrazovno iskustvo koje \u0107e odu\u0161eviti svakog mladog avanturistu.[\/vc_column_text][\/vc_column][vc_column width=&#8221;1\/6&#8243;][\/vc_column][\/vc_row][vc_row][vc_column][vc_single_image image=&#8221;35163&#8243; img_size=&#8221;full&#8221; alignment=&#8221;center&#8221;][vc_empty_space height=&#8221;60px&#8221;][\/vc_column][\/vc_row][vc_row][vc_column width=&#8221;1\/6&#8243;][\/vc_column][vc_column width=&#8221;2\/3&#8243;][cms_heading text=&#8221;Istra\u017eivanje procesa prerade bra\u0161na&#8221; sub_font_style=&#8221;italic&#8221; cms_template=&#8221;cms_heading&#8211;layout3.php&#8221; sub_title=&#8221;u Kukovi\u010di\u010devom Mlinu&#8221;][vc_column_text]Otkrijte tradiciju i umije\u0107e proizvodnje bra\u0161na u mlinu Kukovi\u010di\u010d. Jedinstveni pregled pru\u017ea priliku za upoznavanje starih mlinarskih tehnika i zna\u010daja lokalne proizvodnje. Obitelji \u0107e kroz interaktivni pregled upoznati cijeli proces \u2013 od zrna do bra\u0161na, \u0161to je izvrsna kulturno-obrazovna aktivnost prikladna za sve dobne skupine. Pregled mlinu Kukovi\u010di\u010d nudi iznimno iskustvo koje povezuje povijest, znanost i tradiciju.[\/vc_column_text][\/vc_column][vc_column width=&#8221;1\/6&#8243;][\/vc_column][\/vc_row][vc_row][vc_column][vc_single_image image=&#8221;35166&#8243; img_size=&#8221;full&#8221; alignment=&#8221;center&#8221;][vc_empty_space height=&#8221;60px&#8221;][\/vc_column][\/vc_row][vc_row][vc_column width=&#8221;1\/6&#8243;][\/vc_column][vc_column width=&#8221;2\/3&#8243;][cms_heading text=&#8221;Frozi smrznuti jogurt&#8221; sub_font_style=&#8221;italic&#8221; cms_template=&#8221;cms_heading&#8211;layout3.php&#8221; sub_title=&#8221;s farme Sinkovi\u010d&#8221;][vc_column_text]Posjetite farmu Sinkovi\u010d i po\u010dastite se njihovim slavnim smrznutim jogurtom Frozi. Ova obiteljski prijateljska aktivnost kombinira u\u017eivanje u zdravim desertima s otkrivanjem doma\u0107eg poljoprivrednog \u017eivota. Dok u\u017eivate u osvje\u017eavaju\u0107im jogurtima, imate priliku istra\u017eiti farmu i nau\u010diti o odr\u017eivoj proizvodnji hrane. Smrznuti jogurt Frozi predstavlja savr\u0161enu poslasticu za obitelji koje tra\u017ee zdrave i ukusne opcije za u\u017eivanje u zajedni\u010dkim trenucima.[\/vc_column_text][\/vc_column][vc_column width=&#8221;1\/6&#8243;][\/vc_column][\/vc_row][vc_row][vc_column][vc_single_image image=&#8221;35169&#8243; img_size=&#8221;full&#8221; alignment=&#8221;center&#8221;][vc_empty_space height=&#8221;60px&#8221;][\/vc_column][\/vc_row][vc_row][vc_column css=&#8221;.vc_custom_1701625978240{background-color: #d6b28b !important;}&#8221;][vc_empty_space height=&#8221;60px&#8221;][cms_heading text=&#8221;Rezervirajte odmor&#8221; align_lg=&#8221;align-center&#8221; align_md=&#8221;align-center-md&#8221; align_sm=&#8221;align-center-sm&#8221; align_xs=&#8221;align-center-xs&#8221; text_color=&#8221;#ffffff&#8221; sub_color=&#8221;#ffffff&#8221; sub_font_style=&#8221;italic&#8221; cms_template=&#8221;cms_heading&#8211;layout3.php&#8221; sub_title=&#8221;Otkrijte savr\u0161en odmor za vas&#8221;][vc_empty_space height=&#8221;30px&#8221;][cms_button button_text=&#8221;REZERVIRAJTE&#8221; button_link=&#8221;url:https%3A%2F%2Fcastlepodsreda.com%2Fhr%2Frezervacija%2F|||&#8221; button_style=&#8221;btn-1x&#8221; button_color=&#8221;#ffffff&#8221; border_color=&#8221;#ffffff&#8221; button_size=&#8221;btn-size-lg&#8221; font_weight=&#8221;400&#8243; button_align=&#8221;center&#8221; button_align_md=&#8221;center&#8221; button_align_sm=&#8221;center&#8221; button_align_xs=&#8221;center&#8221;][vc_empty_space height=&#8221;60px&#8221;][\/vc_column][\/vc_row][vc_row][vc_column][vc_empty_space height=&#8221;90px&#8221;][cms_heading text=&#8221;Otkrijte, do\u017eivite, zaljubite se:&#8221; align_lg=&#8221;align-center&#8221; align_md=&#8221;align-center-md&#8221; align_sm=&#8221;align-center-sm&#8221; align_xs=&#8221;align-center-xs&#8221; text_color=&#8221;#0a0a0a&#8221; sub_color=&#8221;#0a0a0a&#8221; sub_font_style=&#8221;italic&#8221; cms_template=&#8221;cms_heading&#8211;layout3.php&#8221; sub_title=&#8221;Top 5 lista za otkrivanje Kozjanskog&#8221;][vc_empty_space height=&#8221;20px&#8221;][\/vc_column][\/vc_row][vc_row][vc_column][cms_fancybox_carousel line_display=&#8221;hidden-line&#8221; tag=&#8221;h2&#8243; fancybox_item=&#8221;%5B%7B%22image%22%3A%2235289%22%2C%22title%22%3A%225%20ROMANTI%C4%8CNIH%20MJESTA%20ZA%20PAROVE%22%2C%22fcb_link%22%3A%22url%3Ahttps%253A%252F%252Fcastlepodsreda.com%252Fhr%252Fromantika-na-kozjanskom-5-romanticnih-mjesta-za-parove%252F%7Ctitle%3A5%2520ROMANTI%25C4%258CNIH%2520DO%25C5%25BDIVETIJ%2520NA%2520KOZJANSKEM%7C%7C%22%7D%2C%7B%22image%22%3A%2235318%22%2C%22title%22%3A%225%20JEDINSTVENIH%20&#8217;JABUKA&#8217;%20NA%20KOZJANSKOM%22%2C%22fcb_link%22%3A%22url%3Ahttps%253A%252F%252Fcastlepodsreda.com%252Fhr%252F5-jedinstvenih-jabuka-na-kozjanskom%252F%7Ctitle%3A5%2520DRU%25C5%25BDINSKIH%2520DO%25C5%25BDIVETIJ%2520NA%2520KOZJANSKEM%7C%7C%22%7D%2C%7B%22image%22%3A%2235295%22%2C%22title%22%3A%225%20JELA%20KOJA%20%C4%86E%20VAS%20ODU%C5%A0EVITI%22%2C%22fcb_link%22%3A%22url%3Ahttps%253A%252F%252Fcastlepodsreda.com%252Fhr%252Fuzitci-kozjanskog-5-jela-koja-ce-vas-oduseviti%252F%7Ctitle%3A5%2520DRU%25C5%25BDINSKIH%2520DO%25C5%25BDIVETIJ%2520NA%2520KOZJANSKEM%7C%7C%22%7D%2C%7B%22image%22%3A%2235298%22%2C%22title%22%3A%225%20UNUTARNJIH%20AKTIVNOSTI%20NA%20KOZJANSKOM%22%2C%22fcb_link%22%3A%22url%3Ahttps%253A%252F%252Fcastlepodsreda.com%252Fhr%252Fkisni-dan-za-uzivanje-5-unutarnjih-aktivnosti-na-kozjanskom%252F%7Ctitle%3A5%2520DRU%25C5%25BDINSKIH%2520DO%25C5%25BDIVETIJ%2520NA%2520KOZJANSKEM%7C%7C%22%7D%2C%7B%22image%22%3A%2235305%22%2C%22title%22%3A%225%20%C5%BDIVOTINJA%20U%20KOZJANSKOM%22%2C%22fcb_link%22%3A%22url%3Ahttps%253A%252F%252Fcastlepodsreda.com%252Fhr%252Fsusreti-s-prirodom-5-zivotinja-u-kozjanskom%252F%7Ctitle%3A5%2520DRU%25C5%25BDINSKIH%2520DO%25C5%25BDIVETIJ%2520NA%2520KOZJANSKEM%7C%7C%22%7D%5D&#8221; text_transform=&#8221;uppercase&#8221; col_xs=&#8221;1&#8243; col_sm=&#8221;2&#8243; col_md=&#8221;3&#8243; col_lg=&#8221;3&#8243; loop=&#8221;true&#8221; autoplay=&#8221;true&#8221; bullets=&#8221;true&#8221; title_font_size=&#8221;24&#8243; animation=&#8221;fadeInDown&#8221;][\/vc_column][\/vc_row]<\/p>\n","protected":false},"excerpt":{"rendered":"<p>[vc_row][vc_column][cms_heading text_before=&#8221;ZABAVA ZA SVE: 5 NEZABORAVNIH OBITELJSKIH DO\u017dIVLJAJA NA KOZJANSKOM&#8221; tag=&#8221;h1&#8243; align_lg=&#8221;align-center&#8221; align_md=&#8221;align-center-md&#8221; align_sm=&#8221;align-center-sm&#8221; align_xs=&#8221;align-center-xs&#8221; cms_template=&#8221;cms_heading&#8211;layout2.php&#8221;][vc_empty_space height=&#8221;60px&#8221;][\/vc_column][\/vc_row][vc_row][vc_column][vc_video link=&#8221;https:\/\/www.youtube.com\/watch?v=tTXQPYg7PDY&#8221; align=&#8221;center&#8221;][vc_empty_space height=&#8221;60px&#8221;][\/vc_column][\/vc_row][vc_row][vc_column width=&#8221;1\/6&#8243;][\/vc_column][vc_column width=&#8221;2\/3&#8243;][cms_heading text=&#8221;Potraga za blagom&#8221; sub_font_style=&#8221;italic&#8221; cms_template=&#8221;cms_heading&#8211;layout3.php&#8221; sub_title=&#8221;u Dvorcu Podsreda&#8221;][vc_column_text]Do\u017eivite nezaboravno obiteljsko avanturo &#8216;Potrage za blagom&#8217; u \u010darobnom okru\u017eenju dvorca Podsreda. Prava avantura koja predstavlja savr\u0161enu priliku za obiteljsko povezivanje i istra\u017eivanje povijesti na zabavan [&hellip;]<\/p>\n","protected":false},"author":2,"featured_media":0,"parent":0,"menu_order":0,"comment_status":"closed","ping_status":"closed","template":"","meta":[],"yoast_head":"<!-- This site is optimized with the Yoast SEO plugin v19.14 - https:\/\/yoast.com\/wordpress\/plugins\/seo\/ -->\n<title>ZABAVA ZA SVE: 5 NEZABORAVNIH OBITELJSKIH DO\u017dIVLJAJA NA KOZJANSKOM | Grad Podsreda | Sobe in apartmaji | Grajska ponudba<\/title>\n<meta name=\"robots\" content=\"index, follow, max-snippet:-1, max-image-preview:large, max-video-preview:-1\" \/>\n<link rel=\"canonical\" href=\"https:\/\/castlepodsreda.com\/hr\/zabava-za-sve-5-nezaboravnih-obiteljskih-dozivljaja-na-kozjanskom\/\" \/>\n<meta property=\"og:locale\" content=\"hr_HR\" \/>\n<meta property=\"og:type\" content=\"article\" \/>\n<meta property=\"og:title\" content=\"ZABAVA ZA SVE: 5 NEZABORAVNIH OBITELJSKIH DO\u017dIVLJAJA NA KOZJANSKOM | Grad Podsreda | Sobe in apartmaji | Grajska ponudba\" \/>\n<meta property=\"og:description\" content=\"[vc_row][vc_column][cms_heading text_before=&#8221;ZABAVA ZA SVE: 5 NEZABORAVNIH OBITELJSKIH DO\u017dIVLJAJA NA KOZJANSKOM&#8221; tag=&#8221;h1&#8243; align_lg=&#8221;align-center&#8221; align_md=&#8221;align-center-md&#8221; align_sm=&#8221;align-center-sm&#8221; align_xs=&#8221;align-center-xs&#8221; cms_template=&#8221;cms_heading&#8211;layout2.php&#8221;][vc_empty_space height=&#8221;60px&#8221;][\/vc_column][\/vc_row][vc_row][vc_column][vc_video link=&#8221;https:\/\/www.youtube.com\/watch?v=tTXQPYg7PDY&#8221; align=&#8221;center&#8221;][vc_empty_space height=&#8221;60px&#8221;][\/vc_column][\/vc_row][vc_row][vc_column width=&#8221;1\/6&#8243;][\/vc_column][vc_column width=&#8221;2\/3&#8243;][cms_heading text=&#8221;Potraga za blagom&#8221; sub_font_style=&#8221;italic&#8221; cms_template=&#8221;cms_heading&#8211;layout3.php&#8221; sub_title=&#8221;u Dvorcu Podsreda&#8221;][vc_column_text]Do\u017eivite nezaboravno obiteljsko avanturo &#8216;Potrage za blagom&#8217; u \u010darobnom okru\u017eenju dvorca Podsreda. Prava avantura koja predstavlja savr\u0161enu priliku za obiteljsko povezivanje i istra\u017eivanje povijesti na zabavan [&hellip;]\" \/>\n<meta property=\"og:url\" content=\"https:\/\/castlepodsreda.com\/hr\/zabava-za-sve-5-nezaboravnih-obiteljskih-dozivljaja-na-kozjanskom\/\" \/>\n<meta property=\"og:site_name\" content=\"Grad Podsreda | Sobe in apartmaji | Grajska ponudba\" \/>\n<meta property=\"article:publisher\" content=\"https:\/\/www.facebook.com\/podsredacastle\" \/>\n<meta property=\"article:modified_time\" content=\"2024-01-25T13:39:40+00:00\" \/>\n<meta name=\"twitter:card\" content=\"summary_large_image\" \/>\n<meta name=\"twitter:label1\" content=\"Procijenjeno vrijeme \u010ditanja\" \/>\n\t<meta name=\"twitter:data1\" content=\"3 minute\" \/>\n<script type=\"application\/ld+json\" class=\"yoast-schema-graph\">{\"@context\":\"https:\/\/schema.org\",\"@graph\":[{\"@type\":\"WebPage\",\"@id\":\"https:\/\/castlepodsreda.com\/hr\/zabava-za-sve-5-nezaboravnih-obiteljskih-dozivljaja-na-kozjanskom\/\",\"url\":\"https:\/\/castlepodsreda.com\/hr\/zabava-za-sve-5-nezaboravnih-obiteljskih-dozivljaja-na-kozjanskom\/\",\"name\":\"ZABAVA ZA SVE: 5 NEZABORAVNIH OBITELJSKIH DO\u017dIVLJAJA NA KOZJANSKOM | Grad Podsreda | Sobe in apartmaji | Grajska ponudba\",\"isPartOf\":{\"@id\":\"https:\/\/castlepodsreda.com\/hr\/#website\"},\"datePublished\":\"2024-01-15T08:51:38+00:00\",\"dateModified\":\"2024-01-25T13:39:40+00:00\",\"breadcrumb\":{\"@id\":\"https:\/\/castlepodsreda.com\/hr\/zabava-za-sve-5-nezaboravnih-obiteljskih-dozivljaja-na-kozjanskom\/#breadcrumb\"},\"inLanguage\":\"hr\",\"potentialAction\":[{\"@type\":\"ReadAction\",\"target\":[\"https:\/\/castlepodsreda.com\/hr\/zabava-za-sve-5-nezaboravnih-obiteljskih-dozivljaja-na-kozjanskom\/\"]}]},{\"@type\":\"BreadcrumbList\",\"@id\":\"https:\/\/castlepodsreda.com\/hr\/zabava-za-sve-5-nezaboravnih-obiteljskih-dozivljaja-na-kozjanskom\/#breadcrumb\",\"itemListElement\":[{\"@type\":\"ListItem\",\"position\":1,\"name\":\"Home\",\"item\":\"https:\/\/castlepodsreda.com\/hr\/\"},{\"@type\":\"ListItem\",\"position\":2,\"name\":\"ZABAVA ZA SVE: 5 NEZABORAVNIH OBITELJSKIH DO\u017dIVLJAJA NA KOZJANSKOM\"}]},{\"@type\":\"WebSite\",\"@id\":\"https:\/\/castlepodsreda.com\/hr\/#website\",\"url\":\"https:\/\/castlepodsreda.com\/hr\/\",\"name\":\"Grad Podsreda | Sobe in apartmaji | Grajska ponudba\",\"description\":\"Najbolj grajski med gradovi v Sloveniji\",\"publisher\":{\"@id\":\"https:\/\/castlepodsreda.com\/hr\/#organization\"},\"potentialAction\":[{\"@type\":\"SearchAction\",\"target\":{\"@type\":\"EntryPoint\",\"urlTemplate\":\"https:\/\/castlepodsreda.com\/hr\/?s={search_term_string}\"},\"query-input\":\"required name=search_term_string\"}],\"inLanguage\":\"hr\"},{\"@type\":\"Organization\",\"@id\":\"https:\/\/castlepodsreda.com\/hr\/#organization\",\"name\":\"Grad Podsreda | Sobe in apartmaji | Grajska ponudba\",\"url\":\"https:\/\/castlepodsreda.com\/hr\/\",\"logo\":{\"@type\":\"ImageObject\",\"inLanguage\":\"hr\",\"@id\":\"https:\/\/castlepodsreda.com\/hr\/#\/schema\/logo\/image\/\",\"url\":\"https:\/\/castlepodsreda.com\/wp-content\/uploads\/2020\/04\/logo-grad-podsreda-2.jpg\",\"contentUrl\":\"https:\/\/castlepodsreda.com\/wp-content\/uploads\/2020\/04\/logo-grad-podsreda-2.jpg\",\"width\":576,\"height\":576,\"caption\":\"Grad Podsreda | Sobe in apartmaji | Grajska ponudba\"},\"image\":{\"@id\":\"https:\/\/castlepodsreda.com\/hr\/#\/schema\/logo\/image\/\"},\"sameAs\":[\"https:\/\/www.instagram.com\/podsredacastle\/\",\"https:\/\/www.facebook.com\/podsredacastle\"]}]}<\/script>\n<!-- \/ Yoast SEO plugin. -->","yoast_head_json":{"title":"ZABAVA ZA SVE: 5 NEZABORAVNIH OBITELJSKIH DO\u017dIVLJAJA NA KOZJANSKOM | Grad Podsreda | Sobe in apartmaji | Grajska ponudba","robots":{"index":"index","follow":"follow","max-snippet":"max-snippet:-1","max-image-preview":"max-image-preview:large","max-video-preview":"max-video-preview:-1"},"canonical":"https:\/\/castlepodsreda.com\/hr\/zabava-za-sve-5-nezaboravnih-obiteljskih-dozivljaja-na-kozjanskom\/","og_locale":"hr_HR","og_type":"article","og_title":"ZABAVA ZA SVE: 5 NEZABORAVNIH OBITELJSKIH DO\u017dIVLJAJA NA KOZJANSKOM | Grad Podsreda | Sobe in apartmaji | Grajska ponudba","og_description":"[vc_row][vc_column][cms_heading text_before=&#8221;ZABAVA ZA SVE: 5 NEZABORAVNIH OBITELJSKIH DO\u017dIVLJAJA NA KOZJANSKOM&#8221; tag=&#8221;h1&#8243; align_lg=&#8221;align-center&#8221; align_md=&#8221;align-center-md&#8221; align_sm=&#8221;align-center-sm&#8221; align_xs=&#8221;align-center-xs&#8221; cms_template=&#8221;cms_heading&#8211;layout2.php&#8221;][vc_empty_space height=&#8221;60px&#8221;][\/vc_column][\/vc_row][vc_row][vc_column][vc_video link=&#8221;https:\/\/www.youtube.com\/watch?v=tTXQPYg7PDY&#8221; align=&#8221;center&#8221;][vc_empty_space height=&#8221;60px&#8221;][\/vc_column][\/vc_row][vc_row][vc_column width=&#8221;1\/6&#8243;][\/vc_column][vc_column width=&#8221;2\/3&#8243;][cms_heading text=&#8221;Potraga za blagom&#8221; sub_font_style=&#8221;italic&#8221; cms_template=&#8221;cms_heading&#8211;layout3.php&#8221; sub_title=&#8221;u Dvorcu Podsreda&#8221;][vc_column_text]Do\u017eivite nezaboravno obiteljsko avanturo &#8216;Potrage za blagom&#8217; u \u010darobnom okru\u017eenju dvorca Podsreda. Prava avantura koja predstavlja savr\u0161enu priliku za obiteljsko povezivanje i istra\u017eivanje povijesti na zabavan [&hellip;]","og_url":"https:\/\/castlepodsreda.com\/hr\/zabava-za-sve-5-nezaboravnih-obiteljskih-dozivljaja-na-kozjanskom\/","og_site_name":"Grad Podsreda | Sobe in apartmaji | Grajska ponudba","article_publisher":"https:\/\/www.facebook.com\/podsredacastle","article_modified_time":"2024-01-25T13:39:40+00:00","twitter_card":"summary_large_image","twitter_misc":{"Procijenjeno vrijeme \u010ditanja":"3 minute"},"schema":{"@context":"https:\/\/schema.org","@graph":[{"@type":"WebPage","@id":"https:\/\/castlepodsreda.com\/hr\/zabava-za-sve-5-nezaboravnih-obiteljskih-dozivljaja-na-kozjanskom\/","url":"https:\/\/castlepodsreda.com\/hr\/zabava-za-sve-5-nezaboravnih-obiteljskih-dozivljaja-na-kozjanskom\/","name":"ZABAVA ZA SVE: 5 NEZABORAVNIH OBITELJSKIH DO\u017dIVLJAJA NA KOZJANSKOM | Grad Podsreda | Sobe in apartmaji | Grajska ponudba","isPartOf":{"@id":"https:\/\/castlepodsreda.com\/hr\/#website"},"datePublished":"2024-01-15T08:51:38+00:00","dateModified":"2024-01-25T13:39:40+00:00","breadcrumb":{"@id":"https:\/\/castlepodsreda.com\/hr\/zabava-za-sve-5-nezaboravnih-obiteljskih-dozivljaja-na-kozjanskom\/#breadcrumb"},"inLanguage":"hr","potentialAction":[{"@type":"ReadAction","target":["https:\/\/castlepodsreda.com\/hr\/zabava-za-sve-5-nezaboravnih-obiteljskih-dozivljaja-na-kozjanskom\/"]}]},{"@type":"BreadcrumbList","@id":"https:\/\/castlepodsreda.com\/hr\/zabava-za-sve-5-nezaboravnih-obiteljskih-dozivljaja-na-kozjanskom\/#breadcrumb","itemListElement":[{"@type":"ListItem","position":1,"name":"Home","item":"https:\/\/castlepodsreda.com\/hr\/"},{"@type":"ListItem","position":2,"name":"ZABAVA ZA SVE: 5 NEZABORAVNIH OBITELJSKIH DO\u017dIVLJAJA NA KOZJANSKOM"}]},{"@type":"WebSite","@id":"https:\/\/castlepodsreda.com\/hr\/#website","url":"https:\/\/castlepodsreda.com\/hr\/","name":"Grad Podsreda | Sobe in apartmaji | Grajska ponudba","description":"Najbolj grajski med gradovi v Sloveniji","publisher":{"@id":"https:\/\/castlepodsreda.com\/hr\/#organization"},"potentialAction":[{"@type":"SearchAction","target":{"@type":"EntryPoint","urlTemplate":"https:\/\/castlepodsreda.com\/hr\/?s={search_term_string}"},"query-input":"required name=search_term_string"}],"inLanguage":"hr"},{"@type":"Organization","@id":"https:\/\/castlepodsreda.com\/hr\/#organization","name":"Grad Podsreda | Sobe in apartmaji | Grajska ponudba","url":"https:\/\/castlepodsreda.com\/hr\/","logo":{"@type":"ImageObject","inLanguage":"hr","@id":"https:\/\/castlepodsreda.com\/hr\/#\/schema\/logo\/image\/","url":"https:\/\/castlepodsreda.com\/wp-content\/uploads\/2020\/04\/logo-grad-podsreda-2.jpg","contentUrl":"https:\/\/castlepodsreda.com\/wp-content\/uploads\/2020\/04\/logo-grad-podsreda-2.jpg","width":576,"height":576,"caption":"Grad Podsreda | Sobe in apartmaji | Grajska ponudba"},"image":{"@id":"https:\/\/castlepodsreda.com\/hr\/#\/schema\/logo\/image\/"},"sameAs":["https:\/\/www.instagram.com\/podsredacastle\/","https:\/\/www.facebook.com\/podsredacastle"]}]}},"_links":{"self":[{"href":"https:\/\/castlepodsreda.com\/hr\/wp-json\/wp\/v2\/pages\/35495"}],"collection":[{"href":"https:\/\/castlepodsreda.com\/hr\/wp-json\/wp\/v2\/pages"}],"about":[{"href":"https:\/\/castlepodsreda.com\/hr\/wp-json\/wp\/v2\/types\/page"}],"author":[{"embeddable":true,"href":"https:\/\/castlepodsreda.com\/hr\/wp-json\/wp\/v2\/users\/2"}],"replies":[{"embeddable":true,"href":"https:\/\/castlepodsreda.com\/hr\/wp-json\/wp\/v2\/comments?post=35495"}],"version-history":[{"count":6,"href":"https:\/\/castlepodsreda.com\/hr\/wp-json\/wp\/v2\/pages\/35495\/revisions"}],"predecessor-version":[{"id":35561,"href":"https:\/\/castlepodsreda.com\/hr\/wp-json\/wp\/v2\/pages\/35495\/revisions\/35561"}],"wp:attachment":[{"href":"https:\/\/castlepodsreda.com\/hr\/wp-json\/wp\/v2\/media?parent=35495"}],"curies":[{"name":"wp","href":"https:\/\/api.w.org\/{rel}","templated":true}]}}