{"id":35500,"date":"2024-01-15T08:55:44","date_gmt":"2024-01-15T08:55:44","guid":{"rendered":"https:\/\/castlepodsreda.com\/?page_id=35500"},"modified":"2024-01-25T07:46:15","modified_gmt":"2024-01-25T07:46:15","slug":"romantika-na-kozjanskom-5-romanticnih-mjesta-za-parove","status":"publish","type":"page","link":"https:\/\/castlepodsreda.com\/hr\/romantika-na-kozjanskom-5-romanticnih-mjesta-za-parove\/","title":{"rendered":"ROMANTIKA NA KOZJANSKOM: 5 ROMANTI\u010cNIH MJESTA ZA PAROVE"},"content":{"rendered":"<p>[vc_row][vc_column][cms_heading text_before=&#8221;ROMANTIKA NA KOZJANSKOM: 5 ROMANTI\u010cNIH MJESTA ZA PAROVE&#8221; tag=&#8221;h1&#8243; align_lg=&#8221;align-center&#8221; align_md=&#8221;align-center-md&#8221; align_sm=&#8221;align-center-sm&#8221; align_xs=&#8221;align-center-xs&#8221; cms_template=&#8221;cms_heading&#8211;layout2.php&#8221;][vc_empty_space height=&#8221;60px&#8221;][\/vc_column][\/vc_row][vc_row][vc_column][vc_video link=&#8221;https:\/\/www.youtube.com\/watch?v=7l-qpkE8rNc&#8221; align=&#8221;center&#8221;][vc_empty_space height=&#8221;60px&#8221;][\/vc_column][\/vc_row][vc_row][vc_column width=&#8221;1\/6&#8243;][\/vc_column][vc_column width=&#8221;2\/3&#8243;][cms_heading text=&#8221;Izlazak sunca&#8221; sub_font_style=&#8221;italic&#8221; cms_template=&#8221;cms_heading&#8211;layout3.php&#8221; sub_title=&#8221;na Vetrniku&#8221;][vc_column_text]Do\u017eivite jedinstveni trenutak u prirodi na vrhu brda Vetrnik, savr\u0161en za proslavu romanti\u010dnih obljetnica. Promatrajte kako prvi sun\u010devi zraci nje\u017eno ljube horizont, stvaraju\u0107i \u010daroban po\u010detak dana. Ovaj trenutak mira i ljepote idealan je za romanti\u010dne du\u0161e koje \u017eele dijeliti posebne trenutke u dvoje, proslavljaju\u0107i ljubav.[\/vc_column_text][\/vc_column][vc_column width=&#8221;1\/6&#8243;][\/vc_column][\/vc_row][vc_row][vc_column][vc_single_image image=&#8221;35185&#8243; img_size=&#8221;full&#8221; alignment=&#8221;center&#8221;][vc_empty_space height=&#8221;60px&#8221;][\/vc_column][\/vc_row][vc_row][vc_column width=&#8221;1\/6&#8243;][\/vc_column][vc_column width=&#8221;2\/3&#8243;][cms_heading text=&#8221;Vjetrena harfa&#8221; sub_font_style=&#8221;italic&#8221; cms_template=&#8221;cms_heading&#8211;layout3.php&#8221; sub_title=&#8221;Zvuk Vetrnikovog Vjetropira&#8221;][vc_column_text]Posjetite vrh Vetrnika i do\u017eivite jedinstveno iskustvo, savr\u0161eno za romanti\u010dna iznena\u0111enja u dvoje. Zvu\u010dna kulisa vjetrene harfe, zadivljuju\u0107i pogled i svje\u017ei planinski zrak stvaraju idealno okru\u017eenje za opu\u0161tanje i povezivanje u dvoje.[\/vc_column_text][\/vc_column][vc_column width=&#8221;1\/6&#8243;][\/vc_column][\/vc_row][vc_row][vc_column][vc_single_image image=&#8221;35191&#8243; img_size=&#8221;full&#8221; alignment=&#8221;center&#8221;][vc_empty_space height=&#8221;60px&#8221;][\/vc_column][\/vc_row][vc_row][vc_column width=&#8221;1\/6&#8243;][\/vc_column][vc_column width=&#8221;2\/3&#8243;][cms_heading text=&#8221;Istra\u017eivanje prirode&#8221; sub_font_style=&#8221;italic&#8221; cms_template=&#8221;cms_heading&#8211;layout3.php&#8221; sub_title=&#8221;na E-biciklima&#8221;][vc_column_text]Istra\u017eite prirodu elektri\u010dnim biciklima i do\u017eivite nezaboravne trenutke u dvoje. Aktivni parovi \u0107e u\u017eivati u istra\u017eivanju skrivenih kutaka i slikovitih staza ove romanti\u010dne destinacije. Ovakav pristup istra\u017eivanju prirode idealan je za zaljubljene vikende, pune avantura i nezaboravnih uspomena. Pustolovina na elektri\u010dnim biciklima odli\u010dna je ideja za one koji \u017eele dinami\u010dan i ekolo\u0161ki prihvatljiv romanti\u010dni bijeg. <a href=\"https:\/\/castlepodsreda.com\/hr\/izposoja-e-koles\/\">Vi\u0161e o najmu bicikala<\/a>.[\/vc_column_text][\/vc_column][vc_column width=&#8221;1\/6&#8243;][\/vc_column][\/vc_row][vc_row][vc_column][vc_single_image image=&#8221;35179&#8243; img_size=&#8221;full&#8221; alignment=&#8221;center&#8221;][vc_empty_space height=&#8221;60px&#8221;][\/vc_column][\/vc_row][vc_row][vc_column width=&#8221;1\/6&#8243;][\/vc_column][vc_column width=&#8221;2\/3&#8243;][cms_heading text=&#8221;Masa\u017ea&#8221; sub_font_style=&#8221;italic&#8221; cms_template=&#8221;cms_heading&#8211;layout3.php&#8221; sub_title=&#8221;u Dvorcu Podsreda&#8221;][vc_column_text]U\u017eivajte u opu\u0161taju\u0107oj masa\u017ei u sobama dvorca, gdje se povijesna elegancija prepli\u0107e s modernim udobnostima. Luksuzno iskustvo namijenjeno je parovima koji \u017eele na poseban na\u010din proslaviti svoju romanti\u010dnu godi\u0161njicu. Opu\u0161tajte se u intimnoj atmosferi dvorskih soba, gdje \u0107ete zaboraviti na svakodnevne brige i u potpunosti se posvetiti u\u017eivanju u dvoje.\u00a0<a href=\"https:\/\/castlepodsreda.com\/hr\/dozivljaji\/masaze-na-dvorcu-podsreda\/\">Vi\u0161e o masa\u017eama.<\/a>[\/vc_column_text][\/vc_column][vc_column width=&#8221;1\/6&#8243;][\/vc_column][\/vc_row][vc_row][vc_column][vc_single_image image=&#8221;35182&#8243; img_size=&#8221;full&#8221; alignment=&#8221;center&#8221;][vc_empty_space height=&#8221;60px&#8221;][\/vc_column][\/vc_row][vc_row][vc_column width=&#8221;1\/6&#8243;][\/vc_column][vc_column width=&#8221;2\/3&#8243;][cms_heading text=&#8221;Ve\u010dera&#8221; sub_font_style=&#8221;italic&#8221; cms_template=&#8221;cms_heading&#8211;layout3.php&#8221; sub_title=&#8221;u Kozjanskom Dvoru&#8221;][vc_column_text]Zavr\u0161ite dan romanti\u010dnom ve\u010derom u Kozjanskom dvoru, gdje se isprepli\u0107u lokalni okusi i tradicija. U ugodnom ambijentu dvorca u\u017eivat \u0107ete u pa\u017eljivo pripremljenim jelima, savr\u0161enim za romanti\u010dne ve\u010deri. Ovo iskustvo predstavlja ukusno do\u017eivljaj, koji \u0107e dopuniti va\u0161 romanti\u010dni bijeg ili zaljubljeni vikend, istovremeno stvaraju\u0107i uspomene koje \u0107ete dugo njegovati.[\/vc_column_text][\/vc_column][vc_column width=&#8221;1\/6&#8243;][\/vc_column][\/vc_row][vc_row][vc_column][vc_single_image image=&#8221;35188&#8243; img_size=&#8221;full&#8221; alignment=&#8221;center&#8221;][vc_empty_space height=&#8221;60px&#8221;][\/vc_column][\/vc_row][vc_row][vc_column css=&#8221;.vc_custom_1701625978240{background-color: #d6b28b !important;}&#8221;][vc_empty_space height=&#8221;60px&#8221;][cms_heading text=&#8221;Rezervirajte odmor&#8221; align_lg=&#8221;align-center&#8221; align_md=&#8221;align-center-md&#8221; align_sm=&#8221;align-center-sm&#8221; align_xs=&#8221;align-center-xs&#8221; text_color=&#8221;#ffffff&#8221; sub_color=&#8221;#ffffff&#8221; sub_font_style=&#8221;italic&#8221; cms_template=&#8221;cms_heading&#8211;layout3.php&#8221; sub_title=&#8221;Otkrijte savr\u0161en odmor za vas&#8221;][vc_empty_space height=&#8221;30px&#8221;][cms_button button_text=&#8221;REZERVIRAJTE&#8221; button_link=&#8221;url:https%3A%2F%2Fcastlepodsreda.com%2Fhr%2Frezervacija%2F|||&#8221; button_style=&#8221;btn-1x&#8221; button_color=&#8221;#ffffff&#8221; border_color=&#8221;#ffffff&#8221; button_size=&#8221;btn-size-lg&#8221; font_weight=&#8221;400&#8243; button_align=&#8221;center&#8221; button_align_md=&#8221;center&#8221; button_align_sm=&#8221;center&#8221; button_align_xs=&#8221;center&#8221;][vc_empty_space height=&#8221;60px&#8221;][\/vc_column][\/vc_row][vc_row][vc_column][vc_empty_space height=&#8221;90px&#8221;][cms_heading text=&#8221;Otkrijte, do\u017eivite, zaljubite se:&#8221; align_lg=&#8221;align-center&#8221; align_md=&#8221;align-center-md&#8221; align_sm=&#8221;align-center-sm&#8221; align_xs=&#8221;align-center-xs&#8221; text_color=&#8221;#0a0a0a&#8221; sub_color=&#8221;#0a0a0a&#8221; sub_font_style=&#8221;italic&#8221; cms_template=&#8221;cms_heading&#8211;layout3.php&#8221; sub_title=&#8221;Top 5 lista za otkrivanje Kozjanskog&#8221;][vc_empty_space height=&#8221;20px&#8221;][\/vc_column][\/vc_row][vc_row][vc_column][cms_fancybox_carousel line_display=&#8221;hidden-line&#8221; tag=&#8221;h2&#8243; fancybox_item=&#8221;%5B%7B%22image%22%3A%2235318%22%2C%22title%22%3A%225%20JEDINSTVENIH%20&#8217;JABUKA&#8217;%20NA%20KOZJANSKOM%22%2C%22fcb_link%22%3A%22url%3Ahttps%253A%252F%252Fcastlepodsreda.com%252Fhr%252F5-jedinstvenih-jabuka-na-kozjanskom%252F%7Ctitle%3A5%2520jabolk%252C%2520ki%2520jih%2520lahko%2520najdete%7C%7C%22%7D%2C%7B%22image%22%3A%2235292%22%2C%22title%22%3A%225%20NEZABORAVNIH%20OBITELJSKIH%20DO%C5%BDIVLJAJA%20NA%20KOZJANSKOM%22%2C%22fcb_link%22%3A%22url%3Ahttps%253A%252F%252Fcastlepodsreda.com%252Fhr%252Fzabava-za-sve-5-nezaboravnih-obiteljskih-dozivljaja-na-kozjanskom%252F%7Ctitle%3A5%2520DRU%25C5%25BDINSKIH%2520DO%25C5%25BDIVETIJ%2520NA%2520KOZJANSKEM%7C%7C%22%7D%2C%7B%22image%22%3A%2235295%22%2C%22title%22%3A%225%20JELA%20KOJA%20%C4%86E%20VAS%20ODU%C5%A0EVITI%22%2C%22fcb_link%22%3A%22url%3Ahttps%253A%252F%252Fcastlepodsreda.com%252Fhr%252Fuzitci-kozjanskog-5-jela-koja-ce-vas-oduseviti%252F%7Ctitle%3A5%2520DRU%25C5%25BDINSKIH%2520DO%25C5%25BDIVETIJ%2520NA%2520KOZJANSKEM%7C%7C%22%7D%2C%7B%22image%22%3A%2235298%22%2C%22title%22%3A%225%20UNUTARNJIH%20AKTIVNOSTI%20NA%20KOZJANSKOM%22%2C%22fcb_link%22%3A%22url%3Ahttps%253A%252F%252Fcastlepodsreda.com%252Fhr%252Fkisni-dan-za-uzivanje-5-unutarnjih-aktivnosti-na-kozjanskom%252F%7Ctitle%3A5%2520DRU%25C5%25BDINSKIH%2520DO%25C5%25BDIVETIJ%2520NA%2520KOZJANSKEM%7C%7C%22%7D%2C%7B%22image%22%3A%2235305%22%2C%22title%22%3A%225%20%C5%BDIVOTINJA%20U%20KOZJANSKOM%22%2C%22fcb_link%22%3A%22url%3Ahttps%253A%252F%252Fcastlepodsreda.com%252Fhr%252Fsusreti-s-prirodom-5-zivotinja-u-kozjanskom%252F%7Ctitle%3A5%2520DRU%25C5%25BDINSKIH%2520DO%25C5%25BDIVETIJ%2520NA%2520KOZJANSKEM%7C%7C%22%7D%5D&#8221; text_transform=&#8221;uppercase&#8221; col_xs=&#8221;1&#8243; col_sm=&#8221;2&#8243; col_md=&#8221;3&#8243; col_lg=&#8221;3&#8243; loop=&#8221;true&#8221; autoplay=&#8221;true&#8221; bullets=&#8221;true&#8221; title_font_size=&#8221;24&#8243; animation=&#8221;fadeInDown&#8221;][\/vc_column][\/vc_row]<\/p>\n","protected":false},"excerpt":{"rendered":"<p>[vc_row][vc_column][cms_heading text_before=&#8221;ROMANTIKA NA KOZJANSKOM: 5 ROMANTI\u010cNIH MJESTA ZA PAROVE&#8221; tag=&#8221;h1&#8243; align_lg=&#8221;align-center&#8221; align_md=&#8221;align-center-md&#8221; align_sm=&#8221;align-center-sm&#8221; align_xs=&#8221;align-center-xs&#8221; cms_template=&#8221;cms_heading&#8211;layout2.php&#8221;][vc_empty_space height=&#8221;60px&#8221;][\/vc_column][\/vc_row][vc_row][vc_column][vc_video link=&#8221;https:\/\/www.youtube.com\/watch?v=7l-qpkE8rNc&#8221; align=&#8221;center&#8221;][vc_empty_space height=&#8221;60px&#8221;][\/vc_column][\/vc_row][vc_row][vc_column width=&#8221;1\/6&#8243;][\/vc_column][vc_column width=&#8221;2\/3&#8243;][cms_heading text=&#8221;Izlazak sunca&#8221; sub_font_style=&#8221;italic&#8221; cms_template=&#8221;cms_heading&#8211;layout3.php&#8221; sub_title=&#8221;na Vetrniku&#8221;][vc_column_text]Do\u017eivite jedinstveni trenutak u prirodi na vrhu brda Vetrnik, savr\u0161en za proslavu romanti\u010dnih obljetnica. Promatrajte kako prvi sun\u010devi zraci nje\u017eno ljube horizont, stvaraju\u0107i \u010daroban po\u010detak dana. Ovaj trenutak mira [&hellip;]<\/p>\n","protected":false},"author":2,"featured_media":0,"parent":0,"menu_order":0,"comment_status":"closed","ping_status":"closed","template":"","meta":[],"yoast_head":"<!-- This site is optimized with the Yoast SEO plugin v19.14 - https:\/\/yoast.com\/wordpress\/plugins\/seo\/ -->\n<title>ROMANTIKA NA KOZJANSKOM: 5 ROMANTI\u010cNIH MJESTA ZA PAROVE | Grad Podsreda | Sobe in apartmaji | Grajska ponudba<\/title>\n<meta name=\"robots\" content=\"index, follow, max-snippet:-1, max-image-preview:large, max-video-preview:-1\" \/>\n<link rel=\"canonical\" href=\"https:\/\/castlepodsreda.com\/hr\/romantika-na-kozjanskom-5-romanticnih-mjesta-za-parove\/\" \/>\n<meta property=\"og:locale\" content=\"hr_HR\" \/>\n<meta property=\"og:type\" content=\"article\" \/>\n<meta property=\"og:title\" content=\"ROMANTIKA NA KOZJANSKOM: 5 ROMANTI\u010cNIH MJESTA ZA PAROVE | Grad Podsreda | Sobe in apartmaji | Grajska ponudba\" \/>\n<meta property=\"og:description\" content=\"[vc_row][vc_column][cms_heading text_before=&#8221;ROMANTIKA NA KOZJANSKOM: 5 ROMANTI\u010cNIH MJESTA ZA PAROVE&#8221; tag=&#8221;h1&#8243; align_lg=&#8221;align-center&#8221; align_md=&#8221;align-center-md&#8221; align_sm=&#8221;align-center-sm&#8221; align_xs=&#8221;align-center-xs&#8221; cms_template=&#8221;cms_heading&#8211;layout2.php&#8221;][vc_empty_space height=&#8221;60px&#8221;][\/vc_column][\/vc_row][vc_row][vc_column][vc_video link=&#8221;https:\/\/www.youtube.com\/watch?v=7l-qpkE8rNc&#8221; align=&#8221;center&#8221;][vc_empty_space height=&#8221;60px&#8221;][\/vc_column][\/vc_row][vc_row][vc_column width=&#8221;1\/6&#8243;][\/vc_column][vc_column width=&#8221;2\/3&#8243;][cms_heading text=&#8221;Izlazak sunca&#8221; sub_font_style=&#8221;italic&#8221; cms_template=&#8221;cms_heading&#8211;layout3.php&#8221; sub_title=&#8221;na Vetrniku&#8221;][vc_column_text]Do\u017eivite jedinstveni trenutak u prirodi na vrhu brda Vetrnik, savr\u0161en za proslavu romanti\u010dnih obljetnica. Promatrajte kako prvi sun\u010devi zraci nje\u017eno ljube horizont, stvaraju\u0107i \u010daroban po\u010detak dana. Ovaj trenutak mira [&hellip;]\" \/>\n<meta property=\"og:url\" content=\"https:\/\/castlepodsreda.com\/hr\/romantika-na-kozjanskom-5-romanticnih-mjesta-za-parove\/\" \/>\n<meta property=\"og:site_name\" content=\"Grad Podsreda | Sobe in apartmaji | Grajska ponudba\" \/>\n<meta property=\"article:publisher\" content=\"https:\/\/www.facebook.com\/podsredacastle\" \/>\n<meta property=\"article:modified_time\" content=\"2024-01-25T07:46:15+00:00\" \/>\n<meta name=\"twitter:card\" content=\"summary_large_image\" \/>\n<meta name=\"twitter:label1\" content=\"Procijenjeno vrijeme \u010ditanja\" \/>\n\t<meta name=\"twitter:data1\" content=\"3 minute\" \/>\n<script type=\"application\/ld+json\" class=\"yoast-schema-graph\">{\"@context\":\"https:\/\/schema.org\",\"@graph\":[{\"@type\":\"WebPage\",\"@id\":\"https:\/\/castlepodsreda.com\/hr\/romantika-na-kozjanskom-5-romanticnih-mjesta-za-parove\/\",\"url\":\"https:\/\/castlepodsreda.com\/hr\/romantika-na-kozjanskom-5-romanticnih-mjesta-za-parove\/\",\"name\":\"ROMANTIKA NA KOZJANSKOM: 5 ROMANTI\u010cNIH MJESTA ZA PAROVE | Grad Podsreda | Sobe in apartmaji | Grajska ponudba\",\"isPartOf\":{\"@id\":\"https:\/\/castlepodsreda.com\/hr\/#website\"},\"datePublished\":\"2024-01-15T08:55:44+00:00\",\"dateModified\":\"2024-01-25T07:46:15+00:00\",\"breadcrumb\":{\"@id\":\"https:\/\/castlepodsreda.com\/hr\/romantika-na-kozjanskom-5-romanticnih-mjesta-za-parove\/#breadcrumb\"},\"inLanguage\":\"hr\",\"potentialAction\":[{\"@type\":\"ReadAction\",\"target\":[\"https:\/\/castlepodsreda.com\/hr\/romantika-na-kozjanskom-5-romanticnih-mjesta-za-parove\/\"]}]},{\"@type\":\"BreadcrumbList\",\"@id\":\"https:\/\/castlepodsreda.com\/hr\/romantika-na-kozjanskom-5-romanticnih-mjesta-za-parove\/#breadcrumb\",\"itemListElement\":[{\"@type\":\"ListItem\",\"position\":1,\"name\":\"Home\",\"item\":\"https:\/\/castlepodsreda.com\/hr\/\"},{\"@type\":\"ListItem\",\"position\":2,\"name\":\"ROMANTIKA NA KOZJANSKOM: 5 ROMANTI\u010cNIH MJESTA ZA PAROVE\"}]},{\"@type\":\"WebSite\",\"@id\":\"https:\/\/castlepodsreda.com\/hr\/#website\",\"url\":\"https:\/\/castlepodsreda.com\/hr\/\",\"name\":\"Grad Podsreda | Sobe in apartmaji | Grajska ponudba\",\"description\":\"Najbolj grajski med gradovi v Sloveniji\",\"publisher\":{\"@id\":\"https:\/\/castlepodsreda.com\/hr\/#organization\"},\"potentialAction\":[{\"@type\":\"SearchAction\",\"target\":{\"@type\":\"EntryPoint\",\"urlTemplate\":\"https:\/\/castlepodsreda.com\/hr\/?s={search_term_string}\"},\"query-input\":\"required name=search_term_string\"}],\"inLanguage\":\"hr\"},{\"@type\":\"Organization\",\"@id\":\"https:\/\/castlepodsreda.com\/hr\/#organization\",\"name\":\"Grad Podsreda | Sobe in apartmaji | Grajska ponudba\",\"url\":\"https:\/\/castlepodsreda.com\/hr\/\",\"logo\":{\"@type\":\"ImageObject\",\"inLanguage\":\"hr\",\"@id\":\"https:\/\/castlepodsreda.com\/hr\/#\/schema\/logo\/image\/\",\"url\":\"https:\/\/castlepodsreda.com\/wp-content\/uploads\/2020\/04\/logo-grad-podsreda-2.jpg\",\"contentUrl\":\"https:\/\/castlepodsreda.com\/wp-content\/uploads\/2020\/04\/logo-grad-podsreda-2.jpg\",\"width\":576,\"height\":576,\"caption\":\"Grad Podsreda | Sobe in apartmaji | Grajska ponudba\"},\"image\":{\"@id\":\"https:\/\/castlepodsreda.com\/hr\/#\/schema\/logo\/image\/\"},\"sameAs\":[\"https:\/\/www.instagram.com\/podsredacastle\/\",\"https:\/\/www.facebook.com\/podsredacastle\"]}]}<\/script>\n<!-- \/ Yoast SEO plugin. -->","yoast_head_json":{"title":"ROMANTIKA NA KOZJANSKOM: 5 ROMANTI\u010cNIH MJESTA ZA PAROVE | Grad Podsreda | Sobe in apartmaji | Grajska ponudba","robots":{"index":"index","follow":"follow","max-snippet":"max-snippet:-1","max-image-preview":"max-image-preview:large","max-video-preview":"max-video-preview:-1"},"canonical":"https:\/\/castlepodsreda.com\/hr\/romantika-na-kozjanskom-5-romanticnih-mjesta-za-parove\/","og_locale":"hr_HR","og_type":"article","og_title":"ROMANTIKA NA KOZJANSKOM: 5 ROMANTI\u010cNIH MJESTA ZA PAROVE | Grad Podsreda | Sobe in apartmaji | Grajska ponudba","og_description":"[vc_row][vc_column][cms_heading text_before=&#8221;ROMANTIKA NA KOZJANSKOM: 5 ROMANTI\u010cNIH MJESTA ZA PAROVE&#8221; tag=&#8221;h1&#8243; align_lg=&#8221;align-center&#8221; align_md=&#8221;align-center-md&#8221; align_sm=&#8221;align-center-sm&#8221; align_xs=&#8221;align-center-xs&#8221; cms_template=&#8221;cms_heading&#8211;layout2.php&#8221;][vc_empty_space height=&#8221;60px&#8221;][\/vc_column][\/vc_row][vc_row][vc_column][vc_video link=&#8221;https:\/\/www.youtube.com\/watch?v=7l-qpkE8rNc&#8221; align=&#8221;center&#8221;][vc_empty_space height=&#8221;60px&#8221;][\/vc_column][\/vc_row][vc_row][vc_column width=&#8221;1\/6&#8243;][\/vc_column][vc_column width=&#8221;2\/3&#8243;][cms_heading text=&#8221;Izlazak sunca&#8221; sub_font_style=&#8221;italic&#8221; cms_template=&#8221;cms_heading&#8211;layout3.php&#8221; sub_title=&#8221;na Vetrniku&#8221;][vc_column_text]Do\u017eivite jedinstveni trenutak u prirodi na vrhu brda Vetrnik, savr\u0161en za proslavu romanti\u010dnih obljetnica. Promatrajte kako prvi sun\u010devi zraci nje\u017eno ljube horizont, stvaraju\u0107i \u010daroban po\u010detak dana. Ovaj trenutak mira [&hellip;]","og_url":"https:\/\/castlepodsreda.com\/hr\/romantika-na-kozjanskom-5-romanticnih-mjesta-za-parove\/","og_site_name":"Grad Podsreda | Sobe in apartmaji | Grajska ponudba","article_publisher":"https:\/\/www.facebook.com\/podsredacastle","article_modified_time":"2024-01-25T07:46:15+00:00","twitter_card":"summary_large_image","twitter_misc":{"Procijenjeno vrijeme \u010ditanja":"3 minute"},"schema":{"@context":"https:\/\/schema.org","@graph":[{"@type":"WebPage","@id":"https:\/\/castlepodsreda.com\/hr\/romantika-na-kozjanskom-5-romanticnih-mjesta-za-parove\/","url":"https:\/\/castlepodsreda.com\/hr\/romantika-na-kozjanskom-5-romanticnih-mjesta-za-parove\/","name":"ROMANTIKA NA KOZJANSKOM: 5 ROMANTI\u010cNIH MJESTA ZA PAROVE | Grad Podsreda | Sobe in apartmaji | Grajska ponudba","isPartOf":{"@id":"https:\/\/castlepodsreda.com\/hr\/#website"},"datePublished":"2024-01-15T08:55:44+00:00","dateModified":"2024-01-25T07:46:15+00:00","breadcrumb":{"@id":"https:\/\/castlepodsreda.com\/hr\/romantika-na-kozjanskom-5-romanticnih-mjesta-za-parove\/#breadcrumb"},"inLanguage":"hr","potentialAction":[{"@type":"ReadAction","target":["https:\/\/castlepodsreda.com\/hr\/romantika-na-kozjanskom-5-romanticnih-mjesta-za-parove\/"]}]},{"@type":"BreadcrumbList","@id":"https:\/\/castlepodsreda.com\/hr\/romantika-na-kozjanskom-5-romanticnih-mjesta-za-parove\/#breadcrumb","itemListElement":[{"@type":"ListItem","position":1,"name":"Home","item":"https:\/\/castlepodsreda.com\/hr\/"},{"@type":"ListItem","position":2,"name":"ROMANTIKA NA KOZJANSKOM: 5 ROMANTI\u010cNIH MJESTA ZA PAROVE"}]},{"@type":"WebSite","@id":"https:\/\/castlepodsreda.com\/hr\/#website","url":"https:\/\/castlepodsreda.com\/hr\/","name":"Grad Podsreda | Sobe in apartmaji | Grajska ponudba","description":"Najbolj grajski med gradovi v Sloveniji","publisher":{"@id":"https:\/\/castlepodsreda.com\/hr\/#organization"},"potentialAction":[{"@type":"SearchAction","target":{"@type":"EntryPoint","urlTemplate":"https:\/\/castlepodsreda.com\/hr\/?s={search_term_string}"},"query-input":"required name=search_term_string"}],"inLanguage":"hr"},{"@type":"Organization","@id":"https:\/\/castlepodsreda.com\/hr\/#organization","name":"Grad Podsreda | Sobe in apartmaji | Grajska ponudba","url":"https:\/\/castlepodsreda.com\/hr\/","logo":{"@type":"ImageObject","inLanguage":"hr","@id":"https:\/\/castlepodsreda.com\/hr\/#\/schema\/logo\/image\/","url":"https:\/\/castlepodsreda.com\/wp-content\/uploads\/2020\/04\/logo-grad-podsreda-2.jpg","contentUrl":"https:\/\/castlepodsreda.com\/wp-content\/uploads\/2020\/04\/logo-grad-podsreda-2.jpg","width":576,"height":576,"caption":"Grad Podsreda | Sobe in apartmaji | Grajska ponudba"},"image":{"@id":"https:\/\/castlepodsreda.com\/hr\/#\/schema\/logo\/image\/"},"sameAs":["https:\/\/www.instagram.com\/podsredacastle\/","https:\/\/www.facebook.com\/podsredacastle"]}]}},"_links":{"self":[{"href":"https:\/\/castlepodsreda.com\/hr\/wp-json\/wp\/v2\/pages\/35500"}],"collection":[{"href":"https:\/\/castlepodsreda.com\/hr\/wp-json\/wp\/v2\/pages"}],"about":[{"href":"https:\/\/castlepodsreda.com\/hr\/wp-json\/wp\/v2\/types\/page"}],"author":[{"embeddable":true,"href":"https:\/\/castlepodsreda.com\/hr\/wp-json\/wp\/v2\/users\/2"}],"replies":[{"embeddable":true,"href":"https:\/\/castlepodsreda.com\/hr\/wp-json\/wp\/v2\/comments?post=35500"}],"version-history":[{"count":5,"href":"https:\/\/castlepodsreda.com\/hr\/wp-json\/wp\/v2\/pages\/35500\/revisions"}],"predecessor-version":[{"id":35557,"href":"https:\/\/castlepodsreda.com\/hr\/wp-json\/wp\/v2\/pages\/35500\/revisions\/35557"}],"wp:attachment":[{"href":"https:\/\/castlepodsreda.com\/hr\/wp-json\/wp\/v2\/media?parent=35500"}],"curies":[{"name":"wp","href":"https:\/\/api.w.org\/{rel}","templated":true}]}}