{"id":35504,"date":"2023-12-03T18:08:57","date_gmt":"2023-12-03T18:08:57","guid":{"rendered":"https:\/\/castlepodsreda.com\/?page_id=35504"},"modified":"2024-01-24T22:08:50","modified_gmt":"2024-01-24T22:08:50","slug":"5-jedinstvenih-jabuka-na-kozjanskom","status":"publish","type":"page","link":"https:\/\/castlepodsreda.com\/hr\/5-jedinstvenih-jabuka-na-kozjanskom\/","title":{"rendered":"5 JEDINSTVENIH &#8216;JABUKA&#8217; NA KOZJANSKOM"},"content":{"rendered":"<p>[vc_row][vc_column][cms_heading text_before=&#8221;5 JEDINSTVENIH &#8216;JABUKA&#8217; NA KOZJANSKOM&#8221; tag=&#8221;h1&#8243; align_lg=&#8221;align-center&#8221; align_md=&#8221;align-center-md&#8221; align_sm=&#8221;align-center-sm&#8221; align_xs=&#8221;align-center-xs&#8221; cms_template=&#8221;cms_heading&#8211;layout2.php&#8221;][vc_empty_space height=&#8221;60px&#8221;][\/vc_column][\/vc_row][vc_row][vc_column][vc_video link=&#8221;https:\/\/www.youtube.com\/watch?v=OqCfgc0Pmvw&#8221; align=&#8221;center&#8221;][vc_empty_space height=&#8221;60px&#8221;][\/vc_column][\/vc_row][vc_row][vc_column width=&#8221;1\/6&#8243;][\/vc_column][vc_column width=&#8221;2\/3&#8243;][cms_heading text=&#8221;Jabuka na klupi&#8221; sub_font_style=&#8221;italic&#8221; cms_template=&#8221;cms_heading&#8211;layout3.php&#8221; sub_title=&#8221;blizu Dvorca Podsreda&#8221;][vc_column_text]Istra\u017eite simboliku i ljepotu jabuke u povijesnom okru\u017eenju dvorca Podsreda. Na ovom jednostavnom, ali \u0161armantnom mjestu, gdje jabuka po\u010diva na klupi, na\u0107i \u0107ete savr\u0161eno mjesto za razmi\u0161ljanje i u\u017eivanje u miru koji okolina dvorca nudi. Jedinstvena prilika za do\u017eivljaj povijesnog zna\u010daja jabuka, koje su stolje\u0107ima simbolizirale znanje i ljepotu.[\/vc_column_text][\/vc_column][vc_column width=&#8221;1\/6&#8243;][\/vc_column][\/vc_row][vc_row][vc_column][vc_single_image image=&#8221;35277&#8243; img_size=&#8221;full&#8221; alignment=&#8221;center&#8221;][vc_empty_space height=&#8221;60px&#8221;][\/vc_column][\/vc_row][vc_row][vc_column width=&#8221;1\/6&#8243;][\/vc_column][vc_column width=&#8221;2\/3&#8243;][cms_heading text=&#8221;Staklena jabuka&#8221; sub_font_style=&#8221;italic&#8221; cms_template=&#8221;cms_heading&#8211;layout3.php&#8221; sub_title=&#8221;na kru\u017enom toku u Kozjem&#8221;][vc_column_text]U sredi\u0161tu kru\u017enog toka u Kozjem o\u010darat \u0107e vas umjetni\u010dki prikaz velike staklene jabuke. Impresivna skulptura nije samo vizualno privla\u010dna, ve\u0107 simbolizira inovativnost i kreativnost te predstavlja jedinstvenu lokalnu znamenitost. Staklena jabuka odra\u017eava suvremeni pristup tradicionalnim simbolima te postaje popularno mjesto kako za posjetitelje, tako i za mje\u0161tane.[\/vc_column_text][\/vc_column][vc_column width=&#8221;1\/6&#8243;][\/vc_column][\/vc_row][vc_row][vc_column][vc_single_image image=&#8221;35283&#8243; img_size=&#8221;full&#8221; alignment=&#8221;center&#8221;][vc_empty_space height=&#8221;60px&#8221;][\/vc_column][\/vc_row][vc_row][vc_column width=&#8221;1\/6&#8243;][\/vc_column][vc_column width=&#8221;2\/3&#8243;][cms_heading text=&#8221;Stara tradicionalna jabu\u010dna stabla&#8221; sub_font_style=&#8221;italic&#8221; cms_template=&#8221;cms_heading&#8211;layout3.php&#8221; sub_title=&#8221;u vo\u0107njaku Kozjanskog parka&#8221;][vc_column_text]Do\u017eivite \u010daroliju starih tradicionalnih jablana u vo\u0107njaku Kozjanskog parka. Jedinstveni vo\u0107njak, koji djeluje kao \u017eivi muzej, pa\u017eljivo \u010duva naslje\u0111e i prirodno bogatstvo ovih dragocjenih stabala. Pro\u0161e\u0107ite me\u0111u nasadom jablana i prepustite se autenti\u010dnosti prirode, koja je ve\u0107 stolje\u0107ima dio slikovitog pejza\u017ea Kozjanskog parka.[\/vc_column_text][\/vc_column][vc_column width=&#8221;1\/6&#8243;][\/vc_column][\/vc_row][vc_row][vc_column][vc_single_image image=&#8221;35280&#8243; img_size=&#8221;full&#8221; alignment=&#8221;center&#8221;][vc_empty_space height=&#8221;60px&#8221;][\/vc_column][\/vc_row][vc_row][vc_column width=&#8221;1\/6&#8243;][\/vc_column][vc_column width=&#8221;2\/3&#8243;][cms_heading text=&#8221;\u010caj od jabuka&#8221; sub_font_style=&#8221;italic&#8221; cms_template=&#8221;cms_heading&#8211;layout3.php&#8221; sub_title=&#8221;u Kukovi\u010di\u010devom Mlinu&#8221;][vc_column_text]U mlinu Kukovi\u010di\u010d \u010deka vas posebna kulinarska poslastica \u2013 jabu\u010dni \u010daj. Toplo i aromati\u010dno pi\u0107e, koje kombinira lokalne sastojke i tradiciju, idealan je na\u010din za opu\u0161tanje i u\u017eivanje u idili\u010dnom okru\u017eenju mlina. Jabu\u010dni \u010daj ovdje nije samo pi\u0107e; to je dio kulinarskog naslje\u0111a, koje pa\u017eljivo \u010duva stare recepte i okuse, povezane s bogatom kulturnom povije\u0161\u0107u.[\/vc_column_text][\/vc_column][vc_column width=&#8221;1\/6&#8243;][\/vc_column][\/vc_row][vc_row][vc_column][vc_single_image image=&#8221;35271&#8243; img_size=&#8221;full&#8221; alignment=&#8221;center&#8221;][vc_empty_space height=&#8221;60px&#8221;][\/vc_column][\/vc_row][vc_row][vc_column width=&#8221;1\/6&#8243;][\/vc_column][vc_column width=&#8221;2\/3&#8243;][cms_heading text=&#8221;Jabu\u010dni \u0161trudel&#8221; sub_font_style=&#8221;italic&#8221; cms_template=&#8221;cms_heading&#8211;layout3.php&#8221; sub_title=&#8221;u kafi\u0107u Dvorca Podsreda&#8221;][vc_column_text]Ne propustite priliku i okusite jabu\u010dni \u0161trudel u grajskoj kavani Podsreda. Ova klasi\u010dna slastica, usko povezana s kulturnim naslje\u0111em i gostoprimstvom dvorca, nudi nezamjenjivu kombinaciju okusa i tradicije. Jabu\u010dni \u0161trudel ovdje je vi\u0161e od slastice; to je neizostavni dio kulturnog do\u017eivljaja, koji spaja povijest i suvremene kulinarske trendove. <a href=\"https:\/\/castlepodsreda.com\/hr\/dvorska-kavana\/\">Vi\u0161e o kavani<\/a>.[\/vc_column_text][\/vc_column][vc_column width=&#8221;1\/6&#8243;][\/vc_column][\/vc_row][vc_row][vc_column][vc_single_image image=&#8221;35274&#8243; img_size=&#8221;full&#8221; alignment=&#8221;center&#8221;][vc_empty_space height=&#8221;60px&#8221;][\/vc_column][\/vc_row][vc_row][vc_column css=&#8221;.vc_custom_1701625978240{background-color: #d6b28b !important;}&#8221;][vc_empty_space height=&#8221;60px&#8221;][cms_heading text=&#8221;Rezervirajte odmor&#8221; align_lg=&#8221;align-center&#8221; align_md=&#8221;align-center-md&#8221; align_sm=&#8221;align-center-sm&#8221; align_xs=&#8221;align-center-xs&#8221; text_color=&#8221;#ffffff&#8221; sub_color=&#8221;#ffffff&#8221; sub_font_style=&#8221;italic&#8221; cms_template=&#8221;cms_heading&#8211;layout3.php&#8221; sub_title=&#8221;Otkrijte savr\u0161en odmor za vas&#8221;][vc_empty_space height=&#8221;30px&#8221;][cms_button button_text=&#8221;REZERVIRAJTE&#8221; button_link=&#8221;url:https%3A%2F%2Fcastlepodsreda.com%2Fhr%2Frezervacija%2F|||&#8221; button_style=&#8221;btn-1x&#8221; button_color=&#8221;#ffffff&#8221; border_color=&#8221;#ffffff&#8221; button_size=&#8221;btn-size-lg&#8221; font_weight=&#8221;400&#8243; button_align=&#8221;center&#8221; button_align_md=&#8221;center&#8221; button_align_sm=&#8221;center&#8221; button_align_xs=&#8221;center&#8221;][vc_empty_space height=&#8221;60px&#8221;][\/vc_column][\/vc_row][vc_row][vc_column][vc_empty_space height=&#8221;90px&#8221;][cms_heading text=&#8221;Otkrijte, do\u017eivite, zaljubite se:&#8221; align_lg=&#8221;align-center&#8221; align_md=&#8221;align-center-md&#8221; align_sm=&#8221;align-center-sm&#8221; align_xs=&#8221;align-center-xs&#8221; text_color=&#8221;#0a0a0a&#8221; sub_color=&#8221;#0a0a0a&#8221; sub_font_style=&#8221;italic&#8221; cms_template=&#8221;cms_heading&#8211;layout3.php&#8221; sub_title=&#8221;Top 5 lista za otkrivanje Kozjanskog&#8221;][vc_empty_space height=&#8221;20px&#8221;][\/vc_column][\/vc_row][vc_row][vc_column][cms_fancybox_carousel line_display=&#8221;hidden-line&#8221; tag=&#8221;h2&#8243; fancybox_item=&#8221;%5B%7B%22image%22%3A%2235289%22%2C%22title%22%3A%22%205%20ROMANTI%C4%8CNIH%20MJESTA%20ZA%20PAROVE%22%2C%22fcb_link%22%3A%22url%3Ahttps%253A%252F%252Fcastlepodsreda.com%252Fhr%252Fromantika-na-kozjanskom-5-romanticnih-mjesta-za-parove%252F%7Ctitle%3A5%2520ROMANTI%25C4%258CNIH%2520DO%25C5%25BDIVETIJ%2520NA%2520KOZJANSKEM%7C%7C%22%7D%2C%7B%22image%22%3A%2235292%22%2C%22title%22%3A%225%20NEZABORAVNIH%20OBITELJSKIH%20DO%C5%BDIVLJAJA%20NA%20KOZJANSKOM%22%2C%22fcb_link%22%3A%22url%3Ahttps%253A%252F%252Fcastlepodsreda.com%252Fhr%252Fzabava-za-sve-5-nezaboravnih-obiteljskih-dozivljaja-na-kozjanskom%252F%7Ctitle%3A5%2520DRU%25C5%25BDINSKIH%2520DO%25C5%25BDIVETIJ%2520NA%2520KOZJANSKEM%7C%7C%22%7D%2C%7B%22image%22%3A%2235295%22%2C%22title%22%3A%225%20JELA%20KOJA%20%C4%86E%20VAS%20ODU%C5%A0EVITI%22%2C%22fcb_link%22%3A%22url%3Ahttps%253A%252F%252Fcastlepodsreda.com%252Fhr%252Fuzitci-kozjanskog-5-jela-koja-ce-vas-oduseviti%252F%7Ctitle%3A5%2520DRU%25C5%25BDINSKIH%2520DO%25C5%25BDIVETIJ%2520NA%2520KOZJANSKEM%7C%7C%22%7D%2C%7B%22image%22%3A%2235298%22%2C%22title%22%3A%225%20UNUTARNJIH%20AKTIVNOSTI%20NA%20KOZJANSKOM%22%2C%22fcb_link%22%3A%22url%3Ahttps%253A%252F%252Fcastlepodsreda.com%252Fhr%252Fkisni-dan-za-uzivanje-5-unutarnjih-aktivnosti-na-kozjanskom%252F%7Ctitle%3A5%2520DRU%25C5%25BDINSKIH%2520DO%25C5%25BDIVETIJ%2520NA%2520KOZJANSKEM%7C%7C%22%7D%2C%7B%22image%22%3A%2235305%22%2C%22title%22%3A%22%205%20%C5%BDIVOTINJA%20U%20KOZJANSKOM%22%2C%22fcb_link%22%3A%22url%3Ahttps%253A%252F%252Fcastlepodsreda.com%252Fhr%252Fsusreti-s-prirodom-5-zivotinja-u-kozjanskom%252F%7Ctitle%3A5%2520DRU%25C5%25BDINSKIH%2520DO%25C5%25BDIVETIJ%2520NA%2520KOZJANSKEM%7C%7C%22%7D%5D&#8221; text_transform=&#8221;uppercase&#8221; col_xs=&#8221;1&#8243; col_sm=&#8221;2&#8243; col_md=&#8221;3&#8243; col_lg=&#8221;3&#8243; loop=&#8221;true&#8221; autoplay=&#8221;true&#8221; bullets=&#8221;true&#8221; title_font_size=&#8221;24&#8243; animation=&#8221;fadeInDown&#8221;][\/vc_column][\/vc_row]<\/p>\n","protected":false},"excerpt":{"rendered":"<p>[vc_row][vc_column][cms_heading text_before=&#8221;5 JEDINSTVENIH &#8216;JABUKA&#8217; NA KOZJANSKOM&#8221; tag=&#8221;h1&#8243; align_lg=&#8221;align-center&#8221; align_md=&#8221;align-center-md&#8221; align_sm=&#8221;align-center-sm&#8221; align_xs=&#8221;align-center-xs&#8221; cms_template=&#8221;cms_heading&#8211;layout2.php&#8221;][vc_empty_space height=&#8221;60px&#8221;][\/vc_column][\/vc_row][vc_row][vc_column][vc_video link=&#8221;https:\/\/www.youtube.com\/watch?v=OqCfgc0Pmvw&#8221; align=&#8221;center&#8221;][vc_empty_space height=&#8221;60px&#8221;][\/vc_column][\/vc_row][vc_row][vc_column width=&#8221;1\/6&#8243;][\/vc_column][vc_column width=&#8221;2\/3&#8243;][cms_heading text=&#8221;Jabuka na klupi&#8221; sub_font_style=&#8221;italic&#8221; cms_template=&#8221;cms_heading&#8211;layout3.php&#8221; sub_title=&#8221;blizu Dvorca Podsreda&#8221;][vc_column_text]Istra\u017eite simboliku i ljepotu jabuke u povijesnom okru\u017eenju dvorca Podsreda. Na ovom jednostavnom, ali \u0161armantnom mjestu, gdje jabuka po\u010diva na klupi, na\u0107i \u0107ete savr\u0161eno mjesto za razmi\u0161ljanje i u\u017eivanje u [&hellip;]<\/p>\n","protected":false},"author":2,"featured_media":0,"parent":0,"menu_order":0,"comment_status":"closed","ping_status":"closed","template":"","meta":[],"yoast_head":"<!-- This site is optimized with the Yoast SEO plugin v19.14 - https:\/\/yoast.com\/wordpress\/plugins\/seo\/ -->\n<title>5 JEDINSTVENIH &#039;JABUKA&#039; NA KOZJANSKOM | Grad Podsreda | Sobe in apartmaji | Grajska ponudba<\/title>\n<meta name=\"robots\" content=\"index, follow, max-snippet:-1, max-image-preview:large, max-video-preview:-1\" \/>\n<link rel=\"canonical\" href=\"https:\/\/castlepodsreda.com\/hr\/5-jedinstvenih-jabuka-na-kozjanskom\/\" \/>\n<meta property=\"og:locale\" content=\"hr_HR\" \/>\n<meta property=\"og:type\" content=\"article\" \/>\n<meta property=\"og:title\" content=\"5 JEDINSTVENIH &#039;JABUKA&#039; NA KOZJANSKOM | Grad Podsreda | Sobe in apartmaji | Grajska ponudba\" \/>\n<meta property=\"og:description\" content=\"[vc_row][vc_column][cms_heading text_before=&#8221;5 JEDINSTVENIH &#8216;JABUKA&#8217; NA KOZJANSKOM&#8221; tag=&#8221;h1&#8243; align_lg=&#8221;align-center&#8221; align_md=&#8221;align-center-md&#8221; align_sm=&#8221;align-center-sm&#8221; align_xs=&#8221;align-center-xs&#8221; cms_template=&#8221;cms_heading&#8211;layout2.php&#8221;][vc_empty_space height=&#8221;60px&#8221;][\/vc_column][\/vc_row][vc_row][vc_column][vc_video link=&#8221;https:\/\/www.youtube.com\/watch?v=OqCfgc0Pmvw&#8221; align=&#8221;center&#8221;][vc_empty_space height=&#8221;60px&#8221;][\/vc_column][\/vc_row][vc_row][vc_column width=&#8221;1\/6&#8243;][\/vc_column][vc_column width=&#8221;2\/3&#8243;][cms_heading text=&#8221;Jabuka na klupi&#8221; sub_font_style=&#8221;italic&#8221; cms_template=&#8221;cms_heading&#8211;layout3.php&#8221; sub_title=&#8221;blizu Dvorca Podsreda&#8221;][vc_column_text]Istra\u017eite simboliku i ljepotu jabuke u povijesnom okru\u017eenju dvorca Podsreda. Na ovom jednostavnom, ali \u0161armantnom mjestu, gdje jabuka po\u010diva na klupi, na\u0107i \u0107ete savr\u0161eno mjesto za razmi\u0161ljanje i u\u017eivanje u [&hellip;]\" \/>\n<meta property=\"og:url\" content=\"https:\/\/castlepodsreda.com\/hr\/5-jedinstvenih-jabuka-na-kozjanskom\/\" \/>\n<meta property=\"og:site_name\" content=\"Grad Podsreda | Sobe in apartmaji | Grajska ponudba\" \/>\n<meta property=\"article:publisher\" content=\"https:\/\/www.facebook.com\/podsredacastle\" \/>\n<meta property=\"article:modified_time\" content=\"2024-01-24T22:08:50+00:00\" \/>\n<meta name=\"twitter:card\" content=\"summary_large_image\" \/>\n<meta name=\"twitter:label1\" content=\"Procijenjeno vrijeme \u010ditanja\" \/>\n\t<meta name=\"twitter:data1\" content=\"3 minute\" \/>\n<script type=\"application\/ld+json\" class=\"yoast-schema-graph\">{\"@context\":\"https:\/\/schema.org\",\"@graph\":[{\"@type\":\"WebPage\",\"@id\":\"https:\/\/castlepodsreda.com\/hr\/5-jedinstvenih-jabuka-na-kozjanskom\/\",\"url\":\"https:\/\/castlepodsreda.com\/hr\/5-jedinstvenih-jabuka-na-kozjanskom\/\",\"name\":\"5 JEDINSTVENIH 'JABUKA' NA KOZJANSKOM | Grad Podsreda | Sobe in apartmaji | Grajska ponudba\",\"isPartOf\":{\"@id\":\"https:\/\/castlepodsreda.com\/hr\/#website\"},\"datePublished\":\"2023-12-03T18:08:57+00:00\",\"dateModified\":\"2024-01-24T22:08:50+00:00\",\"breadcrumb\":{\"@id\":\"https:\/\/castlepodsreda.com\/hr\/5-jedinstvenih-jabuka-na-kozjanskom\/#breadcrumb\"},\"inLanguage\":\"hr\",\"potentialAction\":[{\"@type\":\"ReadAction\",\"target\":[\"https:\/\/castlepodsreda.com\/hr\/5-jedinstvenih-jabuka-na-kozjanskom\/\"]}]},{\"@type\":\"BreadcrumbList\",\"@id\":\"https:\/\/castlepodsreda.com\/hr\/5-jedinstvenih-jabuka-na-kozjanskom\/#breadcrumb\",\"itemListElement\":[{\"@type\":\"ListItem\",\"position\":1,\"name\":\"Home\",\"item\":\"https:\/\/castlepodsreda.com\/hr\/\"},{\"@type\":\"ListItem\",\"position\":2,\"name\":\"5 JEDINSTVENIH &#8216;JABUKA&#8217; NA KOZJANSKOM\"}]},{\"@type\":\"WebSite\",\"@id\":\"https:\/\/castlepodsreda.com\/hr\/#website\",\"url\":\"https:\/\/castlepodsreda.com\/hr\/\",\"name\":\"Grad Podsreda | Sobe in apartmaji | Grajska ponudba\",\"description\":\"Najbolj grajski med gradovi v Sloveniji\",\"publisher\":{\"@id\":\"https:\/\/castlepodsreda.com\/hr\/#organization\"},\"potentialAction\":[{\"@type\":\"SearchAction\",\"target\":{\"@type\":\"EntryPoint\",\"urlTemplate\":\"https:\/\/castlepodsreda.com\/hr\/?s={search_term_string}\"},\"query-input\":\"required name=search_term_string\"}],\"inLanguage\":\"hr\"},{\"@type\":\"Organization\",\"@id\":\"https:\/\/castlepodsreda.com\/hr\/#organization\",\"name\":\"Grad Podsreda | Sobe in apartmaji | Grajska ponudba\",\"url\":\"https:\/\/castlepodsreda.com\/hr\/\",\"logo\":{\"@type\":\"ImageObject\",\"inLanguage\":\"hr\",\"@id\":\"https:\/\/castlepodsreda.com\/hr\/#\/schema\/logo\/image\/\",\"url\":\"https:\/\/castlepodsreda.com\/wp-content\/uploads\/2020\/04\/logo-grad-podsreda-2.jpg\",\"contentUrl\":\"https:\/\/castlepodsreda.com\/wp-content\/uploads\/2020\/04\/logo-grad-podsreda-2.jpg\",\"width\":576,\"height\":576,\"caption\":\"Grad Podsreda | Sobe in apartmaji | Grajska ponudba\"},\"image\":{\"@id\":\"https:\/\/castlepodsreda.com\/hr\/#\/schema\/logo\/image\/\"},\"sameAs\":[\"https:\/\/www.instagram.com\/podsredacastle\/\",\"https:\/\/www.facebook.com\/podsredacastle\"]}]}<\/script>\n<!-- \/ Yoast SEO plugin. -->","yoast_head_json":{"title":"5 JEDINSTVENIH 'JABUKA' NA KOZJANSKOM | Grad Podsreda | Sobe in apartmaji | Grajska ponudba","robots":{"index":"index","follow":"follow","max-snippet":"max-snippet:-1","max-image-preview":"max-image-preview:large","max-video-preview":"max-video-preview:-1"},"canonical":"https:\/\/castlepodsreda.com\/hr\/5-jedinstvenih-jabuka-na-kozjanskom\/","og_locale":"hr_HR","og_type":"article","og_title":"5 JEDINSTVENIH 'JABUKA' NA KOZJANSKOM | Grad Podsreda | Sobe in apartmaji | Grajska ponudba","og_description":"[vc_row][vc_column][cms_heading text_before=&#8221;5 JEDINSTVENIH &#8216;JABUKA&#8217; NA KOZJANSKOM&#8221; tag=&#8221;h1&#8243; align_lg=&#8221;align-center&#8221; align_md=&#8221;align-center-md&#8221; align_sm=&#8221;align-center-sm&#8221; align_xs=&#8221;align-center-xs&#8221; cms_template=&#8221;cms_heading&#8211;layout2.php&#8221;][vc_empty_space height=&#8221;60px&#8221;][\/vc_column][\/vc_row][vc_row][vc_column][vc_video link=&#8221;https:\/\/www.youtube.com\/watch?v=OqCfgc0Pmvw&#8221; align=&#8221;center&#8221;][vc_empty_space height=&#8221;60px&#8221;][\/vc_column][\/vc_row][vc_row][vc_column width=&#8221;1\/6&#8243;][\/vc_column][vc_column width=&#8221;2\/3&#8243;][cms_heading text=&#8221;Jabuka na klupi&#8221; sub_font_style=&#8221;italic&#8221; cms_template=&#8221;cms_heading&#8211;layout3.php&#8221; sub_title=&#8221;blizu Dvorca Podsreda&#8221;][vc_column_text]Istra\u017eite simboliku i ljepotu jabuke u povijesnom okru\u017eenju dvorca Podsreda. Na ovom jednostavnom, ali \u0161armantnom mjestu, gdje jabuka po\u010diva na klupi, na\u0107i \u0107ete savr\u0161eno mjesto za razmi\u0161ljanje i u\u017eivanje u [&hellip;]","og_url":"https:\/\/castlepodsreda.com\/hr\/5-jedinstvenih-jabuka-na-kozjanskom\/","og_site_name":"Grad Podsreda | Sobe in apartmaji | Grajska ponudba","article_publisher":"https:\/\/www.facebook.com\/podsredacastle","article_modified_time":"2024-01-24T22:08:50+00:00","twitter_card":"summary_large_image","twitter_misc":{"Procijenjeno vrijeme \u010ditanja":"3 minute"},"schema":{"@context":"https:\/\/schema.org","@graph":[{"@type":"WebPage","@id":"https:\/\/castlepodsreda.com\/hr\/5-jedinstvenih-jabuka-na-kozjanskom\/","url":"https:\/\/castlepodsreda.com\/hr\/5-jedinstvenih-jabuka-na-kozjanskom\/","name":"5 JEDINSTVENIH 'JABUKA' NA KOZJANSKOM | Grad Podsreda | Sobe in apartmaji | Grajska ponudba","isPartOf":{"@id":"https:\/\/castlepodsreda.com\/hr\/#website"},"datePublished":"2023-12-03T18:08:57+00:00","dateModified":"2024-01-24T22:08:50+00:00","breadcrumb":{"@id":"https:\/\/castlepodsreda.com\/hr\/5-jedinstvenih-jabuka-na-kozjanskom\/#breadcrumb"},"inLanguage":"hr","potentialAction":[{"@type":"ReadAction","target":["https:\/\/castlepodsreda.com\/hr\/5-jedinstvenih-jabuka-na-kozjanskom\/"]}]},{"@type":"BreadcrumbList","@id":"https:\/\/castlepodsreda.com\/hr\/5-jedinstvenih-jabuka-na-kozjanskom\/#breadcrumb","itemListElement":[{"@type":"ListItem","position":1,"name":"Home","item":"https:\/\/castlepodsreda.com\/hr\/"},{"@type":"ListItem","position":2,"name":"5 JEDINSTVENIH &#8216;JABUKA&#8217; NA KOZJANSKOM"}]},{"@type":"WebSite","@id":"https:\/\/castlepodsreda.com\/hr\/#website","url":"https:\/\/castlepodsreda.com\/hr\/","name":"Grad Podsreda | Sobe in apartmaji | Grajska ponudba","description":"Najbolj grajski med gradovi v Sloveniji","publisher":{"@id":"https:\/\/castlepodsreda.com\/hr\/#organization"},"potentialAction":[{"@type":"SearchAction","target":{"@type":"EntryPoint","urlTemplate":"https:\/\/castlepodsreda.com\/hr\/?s={search_term_string}"},"query-input":"required name=search_term_string"}],"inLanguage":"hr"},{"@type":"Organization","@id":"https:\/\/castlepodsreda.com\/hr\/#organization","name":"Grad Podsreda | Sobe in apartmaji | Grajska ponudba","url":"https:\/\/castlepodsreda.com\/hr\/","logo":{"@type":"ImageObject","inLanguage":"hr","@id":"https:\/\/castlepodsreda.com\/hr\/#\/schema\/logo\/image\/","url":"https:\/\/castlepodsreda.com\/wp-content\/uploads\/2020\/04\/logo-grad-podsreda-2.jpg","contentUrl":"https:\/\/castlepodsreda.com\/wp-content\/uploads\/2020\/04\/logo-grad-podsreda-2.jpg","width":576,"height":576,"caption":"Grad Podsreda | Sobe in apartmaji | Grajska ponudba"},"image":{"@id":"https:\/\/castlepodsreda.com\/hr\/#\/schema\/logo\/image\/"},"sameAs":["https:\/\/www.instagram.com\/podsredacastle\/","https:\/\/www.facebook.com\/podsredacastle"]}]}},"_links":{"self":[{"href":"https:\/\/castlepodsreda.com\/hr\/wp-json\/wp\/v2\/pages\/35504"}],"collection":[{"href":"https:\/\/castlepodsreda.com\/hr\/wp-json\/wp\/v2\/pages"}],"about":[{"href":"https:\/\/castlepodsreda.com\/hr\/wp-json\/wp\/v2\/types\/page"}],"author":[{"embeddable":true,"href":"https:\/\/castlepodsreda.com\/hr\/wp-json\/wp\/v2\/users\/2"}],"replies":[{"embeddable":true,"href":"https:\/\/castlepodsreda.com\/hr\/wp-json\/wp\/v2\/comments?post=35504"}],"version-history":[{"count":5,"href":"https:\/\/castlepodsreda.com\/hr\/wp-json\/wp\/v2\/pages\/35504\/revisions"}],"predecessor-version":[{"id":35529,"href":"https:\/\/castlepodsreda.com\/hr\/wp-json\/wp\/v2\/pages\/35504\/revisions\/35529"}],"wp:attachment":[{"href":"https:\/\/castlepodsreda.com\/hr\/wp-json\/wp\/v2\/media?parent=35504"}],"curies":[{"name":"wp","href":"https:\/\/api.w.org\/{rel}","templated":true}]}}