{"id":36589,"date":"2024-06-03T10:10:01","date_gmt":"2024-06-03T10:10:01","guid":{"rendered":"https:\/\/castlepodsreda.com\/?page_id=36589"},"modified":"2025-11-03T10:15:40","modified_gmt":"2025-11-03T10:15:40","slug":"paket-ljetna-romanca-u-dvorcu-podsreda-za-parove-1-noc","status":"publish","type":"page","link":"https:\/\/castlepodsreda.com\/hr\/paket-ljetna-romanca-u-dvorcu-podsreda-za-parove-1-noc\/","title":{"rendered":"PAKET &#8216;LJETNA ROMANCA U DVORCU PODSREDA&#8217; ZA PAROVE \/ 1 NO\u0106"},"content":{"rendered":"<p>[vc_row][vc_column cms_column_class=&#8221;rm-padding-lg&#8221; offset=&#8221;vc_col-lg-6 vc_col-md-6&#8243; css=&#8221;.vc_custom_1626261431680{padding-right: 63px !important;}&#8221;][cms_heading text=&#8221;Dobrodo\u0161li u carstvo gdje se ljubav i povijest isprepli\u0107u.&#8221; letter_spacing=&#8221;0.03em&#8221; sub_font_weight=&#8221;700&#8243; sub_font_style=&#8221;italic&#8221; sub_margin_bottom=&#8221;18&#8243; description=&#8221;Do\u017eivite avanturu gdje svaki detalj \u0161apu\u0107e romantiku, od udobnosti va\u0161e dvorske sobe, &#8220;jabu\u010dnog piknika&#8220; u vo\u0107njaku Kozjanskog parka, i dvorske plo\u010de u obli\u017enjem restoranu, do nezaboravne avanture promatranja zvijezda u dvorcu i ko\u0161arice za doru\u010dak. Prepustite se veli\u010danstvenosti na\u0161e romani\u010dke utvrde i dopustite da va\u0161a ljubavna pri\u010da postane dio bezvremenske pri\u010de o Podsredi.&#8221; description_font_size=&#8221;18&#8243; description_line_height=&#8221;26&#8243; des_margin_bottom=&#8221;50&#8243; cms_template=&#8221;cms_heading&#8211;layout3.php&#8221; sub_title=&#8221;U dvorcu Podsreda, pozivamo vas na &#8220;JESENSKU ROMANSU&#8220; u srcu netaknute prirode &#8211; \u010darobno putovanje koje spaja \u0161arm srednjovjekovne veli\u010dine s romanti\u010dnim trenucima za dvoje.&#8221; margin_bottom=&#8221;41&#8243;][vc_separator][cms_space space_lg=&#8221;30&#8243; space_md=&#8221;55&#8243; space_sm=&#8221;32&#8243; space_xs=&#8221;32&#8243;][vc_column_text]Do\u017eivite nezaboravno iskustvo u dvorcu Podsreda, gdje svaka sekunda donosi ne\u0161to posebno. Po dolasku, do\u010dekat \u0107e vas slatki organski medenjaci i pjenu\u0161avi jabu\u010dni cider, odle\u017ean u hrastovim ba\u010dvama, napravljen od tradicionalnih sorti kozjanskih livadskih jabuka &#8211; Bobovec i Topaz. Va\u0161a avantura tek po\u010dinje! Nastavite svoje putovanje posjetom vodenici, gdje \u0107ete dobiti &#8220;piknik torbu&#8221; punu doma\u0107ih &#8220;mlinarevih&#8221; delicija. Krenite na piknik avanturu u prekrasnom vo\u0107njaku Kozjanskog parka i u\u017eivajte u prirodnim ljepotama. U\u017eivajte u posebno pripremljenoj dvorskoj ve\u010deri u restoranu Kozjanski Dvor, gdje \u0107e vas odu\u0161eviti lokalne delicije. Vrhunac va\u0161eg boravka bit \u0107e romanti\u010dno promatranje zvijezda uz ugodno vanjsko ognji\u0161te. Prepustite se \u010daroliji i stvorite nezaboravne uspomene. Ne zaboravite istra\u017eiti bogatu ba\u0161tinu dvorca uz vo\u0111eni audio obilazak, dostupan na nekoliko jezika, koji \u0107e vam pribli\u017eiti fascinantnu povijest i kulturno naslije\u0111e ovog veli\u010danstvenog mjesta.[\/vc_column_text][vc_column_text css=&#8221;.vc_custom_1719404383368{padding-top: 20px !important;padding-right: 20px !important;padding-bottom: 20px !important;padding-left: 20px !important;background-color: #d3ba9e !important;}&#8221;]<strong>Broj no\u0107enja:<\/strong> 1 \/ PUNI PANSION<br \/>\n<strong>Broj osoba:<\/strong> 2<br \/>\n<strong>Smje\u0161taj nudi:<\/strong> Obilazak dvorca Podsreda, posjet Centru za posjetitelje Kozjanskog parka, kutak za prodaju lokalnih proizvoda, vanjsko ognji\u0161te, besplatan internet \/ Wi-Fi, parkirali\u0161te.<br \/>\n<strong>Vrsta smje\u0161taja:<\/strong> Soba u dvorcu**** (nadogradnja apartmana dostupna uz dodatnu naknadu)[\/vc_column_text][cms_heading tag=&#8221;h6&#8243; cms_template=&#8221;cms_heading&#8211;layout3.php&#8221; sub_title=&#8221;Paket uklju\u010duje:&#8221;][cms_space space_lg=&#8221;30&#8243; space_md=&#8221;55&#8243; space_sm=&#8221;32&#8243; space_xs=&#8221;32&#8243;][cms_list cms_template=&#8221;cms_list&#8211;layout5.php&#8221; cms_list=&#8221;%5B%7B%22cms_list_item%22%3A%22SMJE%C5%A0TAJ%20S%20%C4%8CETIRI%20ZVIJEZDE%3A%20No%C4%87enje%20za%20dvije%20osobe%20u%20%C4%8Detverozvjezdastoj%20sobi****%20u%20dvorcu%20Podsreda.%20%22%7D%2C%7B%22cms_list_item%22%3A%22KO%C5%A0ARICA%20ZA%20DORU%C4%8CAK%20U%20DVORCU%20ZA%202%20OSOBE%3A%20Puna%20lokalnih%20delikatesa%20s%20farmi.%20Mo%C5%BEete%20birati%20izme%C4%91u%204%20razli%C4%8Dite%20opcije%20doru%C4%8Dka%3A%20KLASI%C4%8CNI%2C%20VEGETARIJANSKI%2C%20VEGANSKI%20i%20BEZGLUTENSKI.%20Zapo%C4%8Dnite%20svoj%20dan%20na%20kraljevski%20na%C4%8Din!%22%7D%2C%7B%22cms_list_item%22%3A%22PJENU%C5%A0AVO%20U%C5%BDIVANJE%20U%20SOBI%3A%20Boca%20pjenu%C5%A1avog%20jabu%C4%8Dnog%20napitka%2C%20staranog%206%20mjeseci%20u%20hrastovoj%20ba%C4%8Dvi%20prethodno%20kori%C5%A1tenoj%20za%20crno%20vino%2C%20napravljenog%20od%20tradicionalnih%20sorti%20livadskih%20jabuka%20-%20Bobovec%20i%20Topaz%20(0%2C375l)%20i%20organski%20medenjaci%20u%20obliku%20jabuka%20iz%20Kukovi%C4%8Di%C4%8Devog%20mlina%3B%22%7D%2C%7B%22cms_list_item%22%3A%22OBILAZAK%20DVORCA%3A%20S%20audio%20vo%C4%91enjem%20na%20vi%C5%A1e%20jezika%20(SLO%2C%20EN%2C%20DE%2C%20IT%2C%20RUS)%2C%20koje%20%C4%87e%20vam%20pribli%C5%BEiti%20bogatu%20povijest%20i%20kulturnu%20ba%C5%A1tinu%20dvorca%3B%22%7D%2C%7B%22cms_list_item%22%3A%22POSJET%20I%20OBILAZAK%20KUKOVI%C4%8CI%C4%8CEVOG%20MLINA%20u%20Podsredi%2C%20jednog%20od%20rijetkih%20funkcionalnih%20mlinova%20u%20Sloveniji%2C%20koji%20uspje%C5%A1no%20spaja%20bogatu%20obiteljsku%20tradiciju%20sa%20suvremenim%20na%C4%8Dinima%20proizvodnje%3B%22%7D%2C%7B%22cms_list_item%22%3A%22U%20mlinu%20%C4%87e%20vam%20pripremiti%20KOZJANSKU%20KO%C5%A0ARICU%20DOBROTA%20(sok%20od%20jabuke%202%20dcl%2C%20jabu%C4%8Dni%20desert%2C%20doma%C4%87i%20namaz%2C%20doma%C4%87i%20kruh%2C%20rakijicu%20ili%20medenu%20ro%C5%BEicu%20-%20kola%C4%8Di%C4%87)%2C%20koju%20mo%C5%BEete%20ponijeti%20sa%20sobom%20u%20vo%C4%87njak%20Kozjanskog%20parka%2C%20gdje%20raste%20vi%C5%A1e%20od%20100%20razli%C4%8Ditih%20sorti%20jabuka%20i%20drugih%20vo%C4%87ki%2C%20i%20u%C5%BEivati%20u%20%5C%22jabu%C4%8Dnom%5C%22%20pikniku.%22%7D%2C%7B%22cms_list_item%22%3A%22DVORSKA%20PLATA%3A%20Ve%C4%8Dera%20za%20dvije%20osobe%20u%20Kozjanskom%20dvoru%20s%20desertom%3B%22%7D%2C%7B%22cms_list_item%22%3A%22ROMANTI%C4%8CNO%20PROMATRANJE%20ZVIJEZDA%20U%20DVORCU%3A%20Uz%20otvoreno%20ognji%C5%A1te%2C%20uklju%C4%8Duju%C4%87i%20deke.%22%7D%5D&#8221; font_weight=&#8221;500&#8243;][cms_heading tag=&#8221;h6&#8243; cms_template=&#8221;cms_heading&#8211;layout3.php&#8221; sub_title=&#8221;Dodatne pogodnosti:&#8221;][cms_list cms_template=&#8221;cms_list&#8211;layout5.php&#8221; cms_list=&#8221;%5B%7B%22cms_list_item%22%3A%22%20Tijekom%20radnog%20vremena%20gosti%20mogu%20besplatno%20posjetiti%20sve%20dvorske%20prostorije%20i%20imati%20pristup%20dvorskom%20atriju%20i%20srednjovjekovnoj%20kuhinji%20u%20svakom%20trenutku%3B%22%7D%2C%7B%22cms_list_item%22%3A%22Kori%C5%A1tenje%20VANJSKOG%20OGNJI%C5%A0TA%20uz%20apartmane%20i%20sobe%20u%20donjem%20dvori%C5%A1tu%20dvorca%3B%22%7D%2C%7B%22cms_list_item%22%3A%22Prirodni%20jabu%C4%8Dni%20sok%20iz%20za%C5%A1ti%C4%87enih%20visokostambenih%20vo%C4%87njaka%20Kozjanskog%20parka%2C%20gdje%20uspijevaju%20tradicionalne%20sorte%20kozjanskih%20jabuka%3B%22%7D%2C%7B%22cms_list_item%22%3A%22Sezonski%20biljni%20DVORSKI%20%C4%8CAJ%20s%20100%25%20prirodnim%2C%20ru%C4%8Dno%20odabranim%20sastojcima%20iz%20Kozjanskog%20parka%3B%22%7D%2C%7B%22cms_list_item%22%3A%22Neograni%C4%8Den%20pristup%20dvorskom%20atriju%20i%20dvorani%20s%20TV%20kutkom%2C%20kutkom%20za%20kavu%2C%20%C4%8Dajem%20i%20vino%2C%20te%20knji%C5%BEnim%20kutkom%3B%22%7D%2C%7B%22cms_list_item%22%3A%22Besplatan%20Wi-Fi%20i%20parkirali%C5%A1te.%22%7D%5D&#8221; font_weight=&#8221;500&#8243;][vc_separator][vc_message message_box_color=&#8221;chino&#8221;]<\/p>\n<p style=\"text-align: center;\"><strong>\u017delite li svoj do\u017eivljaj dvorca nadograditi posebnim romanti\u010dnim uga\u0111anjem?<\/strong><\/p>\n<p style=\"text-align: center;\">Provjerite na\u0161u ponudu dvorskih masa\u017ea &#8211; ve\u0107 od 48\u20ac po osobi.<\/p>\n<p style=\"text-align: center;\">Vi\u0161e informacija o ponudi DVORSKIH MASA\u017dA u \u200b\u200bDvorcu Podsreda:<\/p>\n<p>[\/vc_message][cms_button button_text=&#8221;MASA\u017dE NA DVORCU PODSREDA&#8221; button_link=&#8221;url:https%3A%2F%2Fcastlepodsreda.com%2Fhr%2Fmasaze-na-dvorcu-podsreda%2F|||&#8221; font_weight=&#8221;400&#8243; button_align=&#8221;center&#8221; button_align_md=&#8221;center&#8221; button_align_sm=&#8221;center&#8221; button_align_xs=&#8221;center&#8221;][cms_space space_lg=&#8221;30&#8243; space_md=&#8221;55&#8243; space_sm=&#8221;32&#8243; space_xs=&#8221;32&#8243;][vc_separator][vc_hoverbox image=&#8221;5741&#8243; primary_title=&#8221;&#8221; hover_title=&#8221;&#8221;]<strong>\u017dELITE SVOJ DO\u017dIVLJAJ DVORCA OBOGA\u0106ITI WELLNESSOM U TERMAMA OLIMIA?<\/strong><\/p>\n<p>Za Vas imamo **POSEBNU PONUDU**: <strong>10% popusta na ulaznice za Wellness Termalija (bazeni, saune)<\/strong>. Raspitajte se o kupnji i rezervaciji jeftinih karata za posjet Termama Olimia u Pod\u010detrtku.[\/vc_hoverbox][\/vc_column][vc_column cms_column_class=&#8221;rm-padding-lg&#8221; offset=&#8221;vc_col-lg-6 vc_col-md-6&#8243; css=&#8221;.vc_custom_1569030444588{padding-left: 13px !important;}&#8221;][vc_single_image image=&#8221;35960&#8243; img_size=&#8221;full&#8221;][vc_single_image image=&#8221;36621&#8243; img_size=&#8221;full&#8221;][vc_single_image image=&#8221;36528&#8243; img_size=&#8221;full&#8221;][vc_single_image image=&#8221;33777&#8243; img_size=&#8221;full&#8221;][vc_single_image image=&#8221;33598&#8243; img_size=&#8221;full&#8221;][vc_single_image image=&#8221;35189&#8243; img_size=&#8221;full&#8221;][\/vc_column][\/vc_row][vc_row][vc_column][vc_separator][vc_tta_accordion color=&#8221;chino&#8221; spacing=&#8221;4&#8243; active_section=&#8221;1&#8243; no_fill=&#8221;true&#8221; collapsible_all=&#8221;true&#8221;][vc_tta_section title=&#8221;CIJENA PAKETA&#8221; tab_id=&#8221;1626263329059-8e9ca197-f870&#8243;][vc_column_text]<\/p>\n<blockquote>\n<h4 style=\"text-align: center;\">Cijena aran\u017emana sa jednim no\u0107enjem (puni pansion &#8211; 2 osobe):<br \/>\n219,00 \u20ac<\/h4>\n<\/blockquote>\n<p>[\/vc_column_text][\/vc_tta_section][vc_tta_section title=&#8221;DODACI&#8221; tab_id=&#8221;1626262051890-885fab22-d36d&#8221;][vc_separator color=&#8221;white&#8221; border_width=&#8221;2&#8243;][vc_column_text]<\/p>\n<p style=\"text-align: center;\"><strong>\u2013 Turisti\u010dka pristojba s uklju\u010denom promocijskom pristojbom:<\/strong><\/p>\n<p style=\"text-align: center;\">odrasli od 17 godina nadalje: 1,50 \u20ac\/dan,<\/p>\n<p style=\"text-align: center;\">djeca (7-17 godina): 0,75 \u20ac\/dan<\/p>\n<p style=\"text-align: center;\"><strong>\u2013 Ku\u0107ni ljubimci:<\/strong>\u00a015 \u20ac\/dan;<\/p>\n<p style=\"text-align: center;\"><strong>\u2013 Kasni odlazak\/rani dolazak \u2013<\/strong><\/p>\n<p style=\"text-align: center;\">besplatno (ovisno o raspolo\u017eivosti).<\/p>\n<p>[\/vc_column_text][\/vc_tta_section][vc_tta_section title=&#8221;UVJETI PLA\u0106ANJA&#8221; tab_id=&#8221;1626262051907-1d43d7c5-4f2d&#8221;][vc_separator color=&#8221;white&#8221; border_width=&#8221;2&#8243;][vc_column_text]<\/p>\n<p style=\"text-align: center;\">\u2013 U slu\u010daju nepravovremenog pla\u0107anja zadr\u017eavamo pravo otkazivanja rezervacije;<\/p>\n<p style=\"text-align: center;\">\u2013 Besplatna promjena rezervacije za kasniji termin mogu\u0107a je uz najavu najmanje sedam dana prije rezervacije putem pisane obavijesti na\u00a0<a href=\"mailto:info@castlepodsreda.com\">info@castlepodsreda.com<\/a><\/p>\n<p>[\/vc_column_text][\/vc_tta_section][vc_tta_section title=&#8221;ZA\u0160TITNE MJERE HIGIJENE&#8221; tab_id=&#8221;1626262383978-564f1629-1f08&#8243;][vc_separator color=&#8221;white&#8221; border_width=&#8221;2&#8243;][vc_column_text]<\/p>\n<p style=\"text-align: center;\"><strong>Sve smje\u0161tajne jedinice temeljito se \u010diste i dezinficiraju sukladno mjerama higijene i za\u0161tite radi sigurnosti gostiju i zaposlenika.<\/strong><\/p>\n<p style=\"text-align: center;\">Dolazak u smje\u0161tajnu jedinicu i preuzimanje klju\u010deva je beskontaktno, isto tako omogu\u0107ujemo beskontaktno pla\u0107anje i naru\u010divanje hrane i pi\u0107a. Ukoliko ne \u017eelite, ne moramo se osobno susresti.<\/p>\n<p>[\/vc_column_text][\/vc_tta_section][\/vc_tta_accordion][vc_separator][\/vc_column][\/vc_row][vc_row][vc_column][vc_raw_html]JTVCbW9kdWxhJTIwaWQlM0QlMjI3MjU2JTIyJTVE[\/vc_raw_html][\/vc_column][\/vc_row][vc_row parallax=&#8221;content-moving&#8221; parallax_speed_bg=&#8221;&#8221; css=&#8221;.vc_custom_1626267016670{background-color: #212121 !important;background-position: center;background-repeat: no-repeat;background-size:cover;}&#8221;][vc_column css=&#8221;.vc_custom_1567223373306{padding-top: 0px !important;}&#8221;][cms_contact_form cms_template=&#8221;cms_contact_form&#8211;layout3.php&#8221; id=&#8221;7258&#8243; style_border=&#8221;has-border&#8221; title_color=&#8221;#ffffff&#8221; align_title=&#8221;center&#8221; align_desc=&#8221;center&#8221; bg_form_color=&#8221;#000000&#8243; title_form=&#8221;Rezervirajte do\u017eivetje ali nam postavite vpra\u0161anje&#8221; animation=&#8221;bounce&#8221;][\/vc_column][\/vc_row][vc_row disable_element=&#8221;yes&#8221;][vc_column][vc_column_text]<\/p>\n<p style=\"font-size: 18px;\"><strong>Paket vklju\u010duje:<br \/>\n<\/strong><br \/>\n\u2022 1 ali 2 no\u010ditvi v \u0161tirizvezdi\u010dnem dru\u017einskem Eminem apartmaju**** na Gradu Podsreda za vso dru\u017eino;<br \/>\n\u2022 1 ali 2 dru\u017einski grajski zajtrk ko\u0161arici doma\u010dih dobrot;<br \/>\n\u2022 Obisk Kukovi\u010di\u010devega mlina, ogled postopka mletja \u017eit z mlinom na vodo in poku\u0161ina doma\u010dih dobrot z ekolo\u0161ke kmetije (degustacija kruha, namaza, sok ali \u010daj) ter dogodiv\u0161\u010dina risanja po pi\u0161kotih.<br \/>\n\u2022 Sodelovanje v igri Lov na zaklad na gradu Podsreda za vso dru\u017eino z lepo pa tudi slastno nagrado;<br \/>\n\u2022 Ogled gradu Podsreda z avdio vodenjem;<br \/>\n\u2022 Grajski narezek za vso dru\u017eino, sestavljen iz izbranih doma\u010dih dobrot Kmetije Kunej;<br \/>\n\u2022 1 l Naravnega jabol\u010dnega soka iz Kozjanskega parka;<br \/>\n\u2022 Sve\u017ea jabolka ali jabol\u010dni krhlji iz za\u0161\u010ditenih kozjanskih visokodebelnih sadovnjakov, kjer uspevajo tradicionalne sorte kozjanskih jabolk;<br \/>\n\u2022 Sezonsko pripravljen zeli\u0161\u010dni Grajski \u010daj s 100% naravnimi, ro\u010dno nabranimi sestavinami iz Kozjanskega parka;<br \/>\n\u2022 Kava za pripravo v kuhalniku, sladkor in mleko;<br \/>\n\u2022 Bele\u017eka in pisalo z logotipom grajske namestitve;<br \/>\n\u2022 Ro\u010dno izdelano naravno trdo milo za roke, narejeno iz surovin iz lokalnega okolja;<br \/>\n\u2022 Brezpla\u010den internet (WI-FI).[\/vc_column_text][\/vc_column][\/vc_row][vc_row][vc_column][\/vc_column][\/vc_row]<\/p>\n","protected":false},"excerpt":{"rendered":"<p>[vc_row][vc_column cms_column_class=&#8221;rm-padding-lg&#8221; offset=&#8221;vc_col-lg-6 vc_col-md-6&#8243; css=&#8221;.vc_custom_1626261431680{padding-right: 63px !important;}&#8221;][cms_heading text=&#8221;Dobrodo\u0161li u carstvo gdje se ljubav i povijest isprepli\u0107u.&#8221; letter_spacing=&#8221;0.03em&#8221; sub_font_weight=&#8221;700&#8243; sub_font_style=&#8221;italic&#8221; sub_margin_bottom=&#8221;18&#8243; description=&#8221;Do\u017eivite avanturu gdje svaki detalj \u0161apu\u0107e romantiku, od udobnosti va\u0161e dvorske sobe, &#8220;jabu\u010dnog piknika&#8220; u vo\u0107njaku Kozjanskog parka, i dvorske plo\u010de u obli\u017enjem restoranu, do nezaboravne avanture promatranja zvijezda u dvorcu i ko\u0161arice za doru\u010dak. [&hellip;]<\/p>\n","protected":false},"author":1,"featured_media":0,"parent":0,"menu_order":0,"comment_status":"closed","ping_status":"closed","template":"","meta":[],"yoast_head":"<!-- This site is optimized with the Yoast SEO plugin v19.14 - https:\/\/yoast.com\/wordpress\/plugins\/seo\/ -->\n<title>PAKET &#039;LJETNA ROMANCA U DVORCU PODSREDA&#039; ZA PAROVE \/ 1 NO\u0106 | Grad Podsreda | Sobe in apartmaji | Grajska ponudba<\/title>\n<meta name=\"robots\" content=\"index, follow, max-snippet:-1, max-image-preview:large, max-video-preview:-1\" \/>\n<link rel=\"canonical\" href=\"https:\/\/castlepodsreda.com\/hr\/paket-ljetna-romanca-u-dvorcu-podsreda-za-parove-1-noc\/\" \/>\n<meta property=\"og:locale\" content=\"hr_HR\" \/>\n<meta property=\"og:type\" content=\"article\" \/>\n<meta property=\"og:title\" content=\"PAKET &#039;LJETNA ROMANCA U DVORCU PODSREDA&#039; ZA PAROVE \/ 1 NO\u0106 | Grad Podsreda | Sobe in apartmaji | Grajska ponudba\" \/>\n<meta property=\"og:description\" content=\"[vc_row][vc_column cms_column_class=&#8221;rm-padding-lg&#8221; offset=&#8221;vc_col-lg-6 vc_col-md-6&#8243; css=&#8221;.vc_custom_1626261431680{padding-right: 63px !important;}&#8221;][cms_heading text=&#8221;Dobrodo\u0161li u carstvo gdje se ljubav i povijest isprepli\u0107u.&#8221; letter_spacing=&#8221;0.03em&#8221; sub_font_weight=&#8221;700&#8243; sub_font_style=&#8221;italic&#8221; sub_margin_bottom=&#8221;18&#8243; description=&#8221;Do\u017eivite avanturu gdje svaki detalj \u0161apu\u0107e romantiku, od udobnosti va\u0161e dvorske sobe, &#8220;jabu\u010dnog piknika&#8220; u vo\u0107njaku Kozjanskog parka, i dvorske plo\u010de u obli\u017enjem restoranu, do nezaboravne avanture promatranja zvijezda u dvorcu i ko\u0161arice za doru\u010dak. [&hellip;]\" \/>\n<meta property=\"og:url\" content=\"https:\/\/castlepodsreda.com\/hr\/paket-ljetna-romanca-u-dvorcu-podsreda-za-parove-1-noc\/\" \/>\n<meta property=\"og:site_name\" content=\"Grad Podsreda | Sobe in apartmaji | Grajska ponudba\" \/>\n<meta property=\"article:publisher\" content=\"https:\/\/www.facebook.com\/podsredacastle\" \/>\n<meta property=\"article:modified_time\" content=\"2025-11-03T10:15:40+00:00\" \/>\n<meta name=\"twitter:card\" content=\"summary_large_image\" \/>\n<meta name=\"twitter:label1\" content=\"Procijenjeno vrijeme \u010ditanja\" \/>\n\t<meta name=\"twitter:data1\" content=\"5 minuta\" \/>\n<script type=\"application\/ld+json\" class=\"yoast-schema-graph\">{\"@context\":\"https:\/\/schema.org\",\"@graph\":[{\"@type\":\"WebPage\",\"@id\":\"https:\/\/castlepodsreda.com\/hr\/paket-ljetna-romanca-u-dvorcu-podsreda-za-parove-1-noc\/\",\"url\":\"https:\/\/castlepodsreda.com\/hr\/paket-ljetna-romanca-u-dvorcu-podsreda-za-parove-1-noc\/\",\"name\":\"PAKET 'LJETNA ROMANCA U DVORCU PODSREDA' ZA PAROVE \/ 1 NO\u0106 | Grad Podsreda | Sobe in apartmaji | Grajska ponudba\",\"isPartOf\":{\"@id\":\"https:\/\/castlepodsreda.com\/hr\/#website\"},\"datePublished\":\"2024-06-03T10:10:01+00:00\",\"dateModified\":\"2025-11-03T10:15:40+00:00\",\"breadcrumb\":{\"@id\":\"https:\/\/castlepodsreda.com\/hr\/paket-ljetna-romanca-u-dvorcu-podsreda-za-parove-1-noc\/#breadcrumb\"},\"inLanguage\":\"hr\",\"potentialAction\":[{\"@type\":\"ReadAction\",\"target\":[\"https:\/\/castlepodsreda.com\/hr\/paket-ljetna-romanca-u-dvorcu-podsreda-za-parove-1-noc\/\"]}]},{\"@type\":\"BreadcrumbList\",\"@id\":\"https:\/\/castlepodsreda.com\/hr\/paket-ljetna-romanca-u-dvorcu-podsreda-za-parove-1-noc\/#breadcrumb\",\"itemListElement\":[{\"@type\":\"ListItem\",\"position\":1,\"name\":\"Home\",\"item\":\"https:\/\/castlepodsreda.com\/hr\/\"},{\"@type\":\"ListItem\",\"position\":2,\"name\":\"PAKET &#8216;LJETNA ROMANCA U DVORCU PODSREDA&#8217; ZA PAROVE \/ 1 NO\u0106\"}]},{\"@type\":\"WebSite\",\"@id\":\"https:\/\/castlepodsreda.com\/hr\/#website\",\"url\":\"https:\/\/castlepodsreda.com\/hr\/\",\"name\":\"Grad Podsreda | Sobe in apartmaji | Grajska ponudba\",\"description\":\"Najbolj grajski med gradovi v Sloveniji\",\"publisher\":{\"@id\":\"https:\/\/castlepodsreda.com\/hr\/#organization\"},\"potentialAction\":[{\"@type\":\"SearchAction\",\"target\":{\"@type\":\"EntryPoint\",\"urlTemplate\":\"https:\/\/castlepodsreda.com\/hr\/?s={search_term_string}\"},\"query-input\":\"required name=search_term_string\"}],\"inLanguage\":\"hr\"},{\"@type\":\"Organization\",\"@id\":\"https:\/\/castlepodsreda.com\/hr\/#organization\",\"name\":\"Grad Podsreda | Sobe in apartmaji | Grajska ponudba\",\"url\":\"https:\/\/castlepodsreda.com\/hr\/\",\"logo\":{\"@type\":\"ImageObject\",\"inLanguage\":\"hr\",\"@id\":\"https:\/\/castlepodsreda.com\/hr\/#\/schema\/logo\/image\/\",\"url\":\"https:\/\/castlepodsreda.com\/wp-content\/uploads\/2020\/04\/logo-grad-podsreda-2.jpg\",\"contentUrl\":\"https:\/\/castlepodsreda.com\/wp-content\/uploads\/2020\/04\/logo-grad-podsreda-2.jpg\",\"width\":576,\"height\":576,\"caption\":\"Grad Podsreda | Sobe in apartmaji | Grajska ponudba\"},\"image\":{\"@id\":\"https:\/\/castlepodsreda.com\/hr\/#\/schema\/logo\/image\/\"},\"sameAs\":[\"https:\/\/www.instagram.com\/podsredacastle\/\",\"https:\/\/www.facebook.com\/podsredacastle\"]}]}<\/script>\n<!-- \/ Yoast SEO plugin. -->","yoast_head_json":{"title":"PAKET 'LJETNA ROMANCA U DVORCU PODSREDA' ZA PAROVE \/ 1 NO\u0106 | Grad Podsreda | Sobe in apartmaji | Grajska ponudba","robots":{"index":"index","follow":"follow","max-snippet":"max-snippet:-1","max-image-preview":"max-image-preview:large","max-video-preview":"max-video-preview:-1"},"canonical":"https:\/\/castlepodsreda.com\/hr\/paket-ljetna-romanca-u-dvorcu-podsreda-za-parove-1-noc\/","og_locale":"hr_HR","og_type":"article","og_title":"PAKET 'LJETNA ROMANCA U DVORCU PODSREDA' ZA PAROVE \/ 1 NO\u0106 | Grad Podsreda | Sobe in apartmaji | Grajska ponudba","og_description":"[vc_row][vc_column cms_column_class=&#8221;rm-padding-lg&#8221; offset=&#8221;vc_col-lg-6 vc_col-md-6&#8243; css=&#8221;.vc_custom_1626261431680{padding-right: 63px !important;}&#8221;][cms_heading text=&#8221;Dobrodo\u0161li u carstvo gdje se ljubav i povijest isprepli\u0107u.&#8221; letter_spacing=&#8221;0.03em&#8221; sub_font_weight=&#8221;700&#8243; sub_font_style=&#8221;italic&#8221; sub_margin_bottom=&#8221;18&#8243; description=&#8221;Do\u017eivite avanturu gdje svaki detalj \u0161apu\u0107e romantiku, od udobnosti va\u0161e dvorske sobe, &#8220;jabu\u010dnog piknika&#8220; u vo\u0107njaku Kozjanskog parka, i dvorske plo\u010de u obli\u017enjem restoranu, do nezaboravne avanture promatranja zvijezda u dvorcu i ko\u0161arice za doru\u010dak. [&hellip;]","og_url":"https:\/\/castlepodsreda.com\/hr\/paket-ljetna-romanca-u-dvorcu-podsreda-za-parove-1-noc\/","og_site_name":"Grad Podsreda | Sobe in apartmaji | Grajska ponudba","article_publisher":"https:\/\/www.facebook.com\/podsredacastle","article_modified_time":"2025-11-03T10:15:40+00:00","twitter_card":"summary_large_image","twitter_misc":{"Procijenjeno vrijeme \u010ditanja":"5 minuta"},"schema":{"@context":"https:\/\/schema.org","@graph":[{"@type":"WebPage","@id":"https:\/\/castlepodsreda.com\/hr\/paket-ljetna-romanca-u-dvorcu-podsreda-za-parove-1-noc\/","url":"https:\/\/castlepodsreda.com\/hr\/paket-ljetna-romanca-u-dvorcu-podsreda-za-parove-1-noc\/","name":"PAKET 'LJETNA ROMANCA U DVORCU PODSREDA' ZA PAROVE \/ 1 NO\u0106 | Grad Podsreda | Sobe in apartmaji | Grajska ponudba","isPartOf":{"@id":"https:\/\/castlepodsreda.com\/hr\/#website"},"datePublished":"2024-06-03T10:10:01+00:00","dateModified":"2025-11-03T10:15:40+00:00","breadcrumb":{"@id":"https:\/\/castlepodsreda.com\/hr\/paket-ljetna-romanca-u-dvorcu-podsreda-za-parove-1-noc\/#breadcrumb"},"inLanguage":"hr","potentialAction":[{"@type":"ReadAction","target":["https:\/\/castlepodsreda.com\/hr\/paket-ljetna-romanca-u-dvorcu-podsreda-za-parove-1-noc\/"]}]},{"@type":"BreadcrumbList","@id":"https:\/\/castlepodsreda.com\/hr\/paket-ljetna-romanca-u-dvorcu-podsreda-za-parove-1-noc\/#breadcrumb","itemListElement":[{"@type":"ListItem","position":1,"name":"Home","item":"https:\/\/castlepodsreda.com\/hr\/"},{"@type":"ListItem","position":2,"name":"PAKET &#8216;LJETNA ROMANCA U DVORCU PODSREDA&#8217; ZA PAROVE \/ 1 NO\u0106"}]},{"@type":"WebSite","@id":"https:\/\/castlepodsreda.com\/hr\/#website","url":"https:\/\/castlepodsreda.com\/hr\/","name":"Grad Podsreda | Sobe in apartmaji | Grajska ponudba","description":"Najbolj grajski med gradovi v Sloveniji","publisher":{"@id":"https:\/\/castlepodsreda.com\/hr\/#organization"},"potentialAction":[{"@type":"SearchAction","target":{"@type":"EntryPoint","urlTemplate":"https:\/\/castlepodsreda.com\/hr\/?s={search_term_string}"},"query-input":"required name=search_term_string"}],"inLanguage":"hr"},{"@type":"Organization","@id":"https:\/\/castlepodsreda.com\/hr\/#organization","name":"Grad Podsreda | Sobe in apartmaji | Grajska ponudba","url":"https:\/\/castlepodsreda.com\/hr\/","logo":{"@type":"ImageObject","inLanguage":"hr","@id":"https:\/\/castlepodsreda.com\/hr\/#\/schema\/logo\/image\/","url":"https:\/\/castlepodsreda.com\/wp-content\/uploads\/2020\/04\/logo-grad-podsreda-2.jpg","contentUrl":"https:\/\/castlepodsreda.com\/wp-content\/uploads\/2020\/04\/logo-grad-podsreda-2.jpg","width":576,"height":576,"caption":"Grad Podsreda | Sobe in apartmaji | Grajska ponudba"},"image":{"@id":"https:\/\/castlepodsreda.com\/hr\/#\/schema\/logo\/image\/"},"sameAs":["https:\/\/www.instagram.com\/podsredacastle\/","https:\/\/www.facebook.com\/podsredacastle"]}]}},"_links":{"self":[{"href":"https:\/\/castlepodsreda.com\/hr\/wp-json\/wp\/v2\/pages\/36589"}],"collection":[{"href":"https:\/\/castlepodsreda.com\/hr\/wp-json\/wp\/v2\/pages"}],"about":[{"href":"https:\/\/castlepodsreda.com\/hr\/wp-json\/wp\/v2\/types\/page"}],"author":[{"embeddable":true,"href":"https:\/\/castlepodsreda.com\/hr\/wp-json\/wp\/v2\/users\/1"}],"replies":[{"embeddable":true,"href":"https:\/\/castlepodsreda.com\/hr\/wp-json\/wp\/v2\/comments?post=36589"}],"version-history":[{"count":7,"href":"https:\/\/castlepodsreda.com\/hr\/wp-json\/wp\/v2\/pages\/36589\/revisions"}],"predecessor-version":[{"id":39360,"href":"https:\/\/castlepodsreda.com\/hr\/wp-json\/wp\/v2\/pages\/36589\/revisions\/39360"}],"wp:attachment":[{"href":"https:\/\/castlepodsreda.com\/hr\/wp-json\/wp\/v2\/media?parent=36589"}],"curies":[{"name":"wp","href":"https:\/\/api.w.org\/{rel}","templated":true}]}}