{"id":37214,"date":"2024-10-07T10:43:42","date_gmt":"2024-10-07T10:43:42","guid":{"rendered":"https:\/\/castlepodsreda.com\/?page_id=37214"},"modified":"2024-10-07T12:55:43","modified_gmt":"2024-10-07T12:55:43","slug":"jesenski-dvorski-umik-paket-za-parove-u-dvorcu-podsreda-1-noc","status":"publish","type":"page","link":"https:\/\/castlepodsreda.com\/hr\/jesenski-dvorski-umik-paket-za-parove-u-dvorcu-podsreda-1-noc\/","title":{"rendered":"&#8220;JESENSKA BAJKA&#8221; OBITELJSKI PAKET U DVORCU PODSREDA \/\/ 1 NO\u0106"},"content":{"rendered":"<p>[vc_row][vc_column cms_column_class=&#8221;rm-padding-lg&#8221; offset=&#8221;vc_col-lg-6 vc_col-md-6&#8243; css=&#8221;.vc_custom_1626261431680{padding-right: 63px !important;}&#8221;][cms_heading text=&#8221;Jesenska pustolovina za obitelji na Dvorcu Podsreda!&#8221; letter_spacing=&#8221;0.03em&#8221; sub_font_weight=&#8221;700&#8243; sub_font_style=&#8221;italic&#8221; sub_margin_bottom=&#8221;18&#8243; description=&#8221;Pridru\u017eite nam se na Dvorcu Podsreda za nezaboravno obiteljsko putovanje ove jeseni. Pro\u0161etajte \u0161umskim stazama obojenim toplim jesenskim bojama, istra\u017eite tajanstvene odaje mo\u0107nog srednjovjekovnog dvorca i sudjelujte u uzbudljivoj &#8220;Potrazi za blagom&#8220; osmi\u0161ljenoj za obitelji.<\/p>\n<p>Posjetite Centar za vodozemce i otkrijte fascinantan svijet vodozemaca i njihovu klju\u010dnu ulogu u prirodi na edukativnoj stazi u Treb\u010dama. Tamo vas tako\u0111er o\u010dekuje posebno darivanje i slatko iznena\u0111enje na &#8220;\u017dabljem imanju&#8220;.<\/p>\n<p>Zavr\u0161ite dan ukusnom obiteljskom ve\u010derom u obli\u017enjem restoranu, gdje \u0107e doma\u0107i jesenski specijaliteti poja\u010dati \u010darobnu atmosferu. Na kraju, provedite no\u0107 unutar zidina dvorca i probudite se uz obilan jesenski doru\u010dak, poslu\u017een u piknik ko\u0161ari s lokalnim delicijama.&#8221; description_font_size=&#8221;18&#8243; description_line_height=&#8221;26&#8243; des_margin_bottom=&#8221;50&#8243; cms_template=&#8221;cms_heading&#8211;layout3.php&#8221; sub_title=&#8221;Krenite na savr\u0161enu jesensku pustolovinu sa svojom obitelji na Dvorcu Podsreda! Do\u017eivite \u010daroliju jeseni usred prirode, okru\u017eeni srednjovjekovnom ljepotom dvorca smje\u0161tenog u netaknutoj prirodi Parka Kozjansko.&#8221; margin_bottom=&#8221;41&#8243;][vc_column_text]<strong>Otkrijte \u010daroliju jeseni na Dvorcu Podsreda, gdje povijest i priroda zajedno stvaraju nezaboravne obiteljske trenutke.<\/strong>[\/vc_column_text][vc_column_text css=&#8221;.vc_custom_1728301379964{background-color: #d3ba9e !important;}&#8221;]<\/p>\n<blockquote><p><strong>Broj no\u0107enja:<\/strong> 1 \/ POLUPANSION (uklju\u010duje doru\u010dak i ru\u010dak\/ve\u010deru)<\/p>\n<p><strong>Broj osoba:<\/strong> 3 osobe (2 odrasle osobe i 1 dijete) + mogu\u0107nost doplate za dodatne osobe.<\/p>\n<p><strong>Smje\u0161taj nudi:<\/strong> Obilazak dvorca Podsreda, posjet Posjetiteljskom centru Parka Kozjansko, kutak za prodaju lokalnih proizvoda, iskustvo potpune lokalne ponude u apartmanima i sobama dvorca, neograni\u010den pristup zajedni\u010dkoj dvorani dvorca, kutak za prodaju lokalnih proizvoda, vanjsko ognji\u0161te, besplatan internet \/ Wi-Fi, parkirali\u0161te.<\/p>\n<p><strong>Tip smje\u0161taja:<\/strong> Apartmani****<\/p><\/blockquote>\n<p>[\/vc_column_text][cms_space space_lg=&#8221;30&#8243; space_md=&#8221;55&#8243; space_sm=&#8221;32&#8243; space_xs=&#8221;32&#8243;][cms_heading text=&#8221;&#8220;JESENSKA BAJKA&#8220; OBITELJSKI PAKET U DVORCU PODSREDA \/\/ 1 NO\u0106&#8221; tag=&#8221;h6&#8243; cms_template=&#8221;cms_heading&#8211;layout3.php&#8221; sub_title=&#8221;\u0160to vas \u010deka:&#8221;][cms_list cms_template=&#8221;cms_list&#8211;layout5.php&#8221; cms_list=&#8221;%5B%7B%22cms_list_item%22%3A%221%20NO%C4%86ENJE%20U%20%C4%8CETVEROZVJEZDINOM%20OBITELJSKOM%20APARTMANU%20na%20dvorcu%20Podsreda%3B%22%7D%2C%7B%22cms_list_item%22%3A%221%20DVORSKA%20KO%C5%A0ARA%20ZA%20DORU%C4%8CAK%20s%20doma%C4%87im%20delicijama%20za%20cijelu%20obitelj.%20Zapocnite%20dan%20na%20dvorski%20na%C4%8Din!%22%7D%2C%7B%22cms_list_item%22%3A%22Pustolovna%20igra%20%5C%22LOV%20NA%20BLAGO%20NA%20DVORCU%20PODSREDA%5C%22%20je%20nezaboravno%20iskustvo%20za%20cijelu%20obitelj.%20Pridru%C5%BEite%20se%20vitezovima%20u%20potrazi%20za%20skrivenim%20blagom%20i%20osvojite%20slasnu%20nagradu.%22%7D%2C%7B%22cms_list_item%22%3A%22Posjetite%20%5C%22%C5%BDABLJE%20IMANJE%5C%22%3A%20Centar%20za%20vodozemce%20i%20edukativnu%20stazu%20uz%20ribnjak%20Treb%C4%8De%20(samo%2015%20minuta%20od%20dvorca)%2C%20gdje%20mo%C5%BEete%20u%C5%BEivati%20u%20vo%C4%91enom%20obilasku%20pod%20vodstvom%20tima%20iz%20Parka%20Kozjansko.%20Kao%20bonus%2C%20dobit%20%C4%87ete%20zabavan%20i%20ukusan%20%5C%22%C5%BEablji%5C%22%20poklon!%22%7D%2C%7B%22cms_list_item%22%3A%22DVORSKA%20PLATA%20za%20dvoje%20i%20DJE%C4%8CJI%20MENI%20po%20izboru%20u%20restoranu%20Kozjanski%20dvor%20s%20desertom%3B%22%7D%2C%7B%22cms_list_item%22%3A%22Istra%C5%BEite%20Dvorac%20Podsreda%20sa%20svim%20svojim%20stalnim%20i%20raznim%20privremenim%20izlo%C5%BEbama%2C%20gdje%20%C4%87ete%20se%20izgubiti%20u%20%C4%8Darobnom%20svijetu%20povijesti%20i%20kulturne%20ba%C5%A1tine%2C%20uz%20pratnju%20audio%20vodi%C4%8Da%20(SLO%2C%20EN%2C%20DE%2C%20IT%2C%20RUS).%22%7D%5D&#8221; font_weight=&#8221;500&#8243;][cms_heading tag=&#8221;h6&#8243; cms_template=&#8221;cms_heading&#8211;layout3.php&#8221; sub_title=&#8221;Ostali pogodnosti:&#8221;][cms_list cms_template=&#8221;cms_list&#8211;layout5.php&#8221; cms_list=&#8221;%5B%7B%22cms_list_item%22%3A%22Tijekom%20radnog%20vremena%20dvorca%2C%20gostima%20je%20dostupno%20besplatno%20razgledavanje%20svih%20dvorskih%20prostorija%2C%20a%20omogu%C4%87en%20je%20i%20pristup%20dvorskom%20atriju%20i%20srednjovjekovnoj%20kuhinji%3B%22%7D%2C%7B%22cms_list_item%22%3A%22Uporaba%20VANJSKOG%20OGNJI%C5%A0TA%20za%20potpuno%20jesensko%20ugo%C4%91aj%3B%22%7D%2C%7B%22cms_list_item%22%3A%22Sezonski%20pripremljeni%20biljni%20dvorski%20%C4%8Daj%20s%20100%25%20prirodnim%2C%20ru%C4%8Dno%20ubranim%20sastojcima%20iz%20Kozjanskog%20parka%3B%22%7D%2C%7B%22cms_list_item%22%3A%22Boca%20prirodnog%20jabu%C4%8Dnog%20soka%20od%20razli%C4%8Ditih%20sorti%20kozjanskih%20jabuka%20iz%20Kozjanskog%20parka.%22%7D%2C%7B%22cms_list_item%22%3A%22Neograni%C4%8Den%20pristup%20dvorskom%20atriju%20i%20dvorani%20za%20goste%20s%20TV%20kutkom%2C%20kutkom%20za%20%C4%8Daj%20i%20kavu%2C%20vinskim%20i%20knji%C5%BEnim%20kutkom%3B%22%7D%2C%7B%22cms_list_item%22%3A%22Besplatan%20internet%20(WI-FI).%22%7D%5D&#8221; font_weight=&#8221;500&#8243;][vc_separator][vc_message message_box_color=&#8221;chino&#8221;]<\/p>\n<p style=\"text-align: center;\"><strong>\u017delite li svoje dvorsko iskustvo nadograditi s posebnim dvorskim u\u017eitkom?<\/strong><\/p>\n<p style=\"text-align: center;\">Provjerite na\u0161u ponudu dvorskih masa\u017ea &#8211; posebno <strong>PRVO SPA ISKUSTVO (28,00 \u20ac)<\/strong>, koje je pa\u017eljivo osmi\u0161ljena masa\u017ea za na\u0161e najmla\u0111e goste. Miris \u010dokolade u maslacu ispunjava osje\u0107ajem neizmjernog zadovoljstva nakon masa\u017ee.<\/p>\n<p>[\/vc_message][cms_button button_text=&#8221;PONUDA DVORSKIH MASA\u017dA&#8221; button_link=&#8221;url:https%3A%2F%2Fcastlepodsreda.com%2Fdozivetja%2Frazvajanje-za-duso-in-telo%2F|title:Masa%C5%BEe%20na%20gradu%20Podsreda||&#8221; font_weight=&#8221;400&#8243; button_align=&#8221;center&#8221; button_align_md=&#8221;center&#8221; button_align_sm=&#8221;center&#8221; button_align_xs=&#8221;center&#8221;][cms_space space_lg=&#8221;30&#8243; space_md=&#8221;30&#8243; space_sm=&#8221;30&#8243; space_xs=&#8221;30&#8243;][cms_fancybox feature_image=&#8221;11930&#8243; cms_template=&#8221;cms_fancybox&#8211;layout7.php&#8221; el_title=&#8221;\u017delite li svoje iskustvo na dvorcu nadopuniti nezaboravnom termalnom zabavom u Termama OLIMIA i Termalnom parku Aqualuna?&#8221; fcb_description=&#8221;Svojim gostima nudimo REZERVACIJE i KUPNJU povoljnih karata za kupanje u Termama Olimia u Pod\u010detrtku: pitajte nas za 10% popusta na ulaznice za Family Wellness Termalija (bazeni, saune) i Termalni park Aqualuna.&#8221;][cms_space][\/vc_column][vc_column cms_column_class=&#8221;rm-padding-lg&#8221; offset=&#8221;vc_col-lg-6 vc_col-md-6&#8243; css=&#8221;.vc_custom_1569030444588{padding-left: 13px !important;}&#8221;][vc_single_image image=&#8221;35960&#8243; img_size=&#8221;full&#8221;][vc_single_image image=&#8221;35931&#8243; img_size=&#8221;full&#8221;][vc_single_image image=&#8221;36603&#8243; img_size=&#8221;full&#8221;][vc_single_image image=&#8221;36615&#8243; img_size=&#8221;full&#8221;][vc_single_image image=&#8221;35943&#8243; img_size=&#8221;full&#8221;][vc_single_image image=&#8221;37235&#8243; img_size=&#8221;full&#8221;][vc_single_image image=&#8221;37230&#8243; img_size=&#8221;full&#8221;][\/vc_column][\/vc_row][vc_row full_width=&#8221;stretch_row_content_no_spaces&#8221; css=&#8221;.vc_custom_1674593045002{background-color: #c5a47e !important;}&#8221;][vc_column css=&#8221;.vc_custom_1674592978926{padding-right: 60px !important;padding-left: 60px !important;}&#8221;][vc_empty_space height=&#8221;40px&#8221;][vc_column_text]<\/p>\n<h4 style=\"text-align: center;\"><span style=\"color: #ffffff;\">Zanima vas samo no\u0107enje?<br \/>\nPogledajte na\u0161u ponudu iznajmljivanja soba i apartmana.<\/span><\/h4>\n<p>[\/vc_column_text][cms_button button_text=&#8221;SOBE I APARTMANI&#8221; button_link=&#8221;url:https%3A%2F%2Fcastlepodsreda.com%2Frezervacija%2F||target:%20_blank|&#8221; button_color=&#8221;#ffffff&#8221; border_color=&#8221;#ffffff&#8221; font_weight=&#8221;400&#8243; button_align=&#8221;center&#8221; button_align_md=&#8221;center&#8221; button_align_sm=&#8221;center&#8221; button_align_xs=&#8221;center&#8221;][vc_empty_space height=&#8221;40px&#8221;][\/vc_column][\/vc_row][vc_row][vc_column][vc_separator][vc_tta_accordion color=&#8221;chino&#8221; spacing=&#8221;4&#8243; active_section=&#8221;1&#8243; no_fill=&#8221;true&#8221; collapsible_all=&#8221;true&#8221;][vc_tta_section title=&#8221;CIJENA PAKETA&#8221; tab_id=&#8221;1626263329059-8e9ca197-f870&#8243;][vc_column_text]<\/p>\n<blockquote>\n<h4 style=\"text-align: center;\"><em>Cijena paketa s jednim no\u0107enjem &#8211; polupansion <\/em><\/h4>\n<h4 style=\"text-align: center;\"><em>(3 osobe ili 2 odrasle osobe i 1 dijete): <\/em><\/h4>\n<h4 style=\"text-align: center;\"><strong><em>270,00 \u20ac<\/em><\/strong><\/h4>\n<p style=\"text-align: center;\">\u2013 Dodatna osoba do 14 godina:\u00a0 50,00 \u20ac<\/p>\n<p style=\"text-align: center;\">\u2013 Dodatna osoba starija od 14 godina: 65,00 \u20ac*<\/p>\n<\/blockquote>\n<p>[\/vc_column_text][\/vc_tta_section][vc_tta_section title=&#8221;DODACI&#8221; tab_id=&#8221;1626262051890-885fab22-d36d&#8221;][vc_separator color=&#8221;white&#8221; border_width=&#8221;2&#8243;][vc_column_text]<\/p>\n<p style=\"text-align: center;\">&#8211; <strong>Turisti\u010dka pristojba s uklju\u010denom promocijskom pristojbom:<\/strong><\/p>\n<p style=\"text-align: center;\">odrasli od 17 godina nadalje: 1,50 \u20ac\/dan,<\/p>\n<p style=\"text-align: center;\">djeca (7-17 godina): 0,75 \u20ac\/dan<\/p>\n<p style=\"text-align: center;\">&#8211; <strong>Ku\u0107ni ljubimci:<\/strong> 15 \u20ac\/dan;<\/p>\n<p style=\"text-align: center;\">&#8211; <strong>Kasni odlazak\/rani dolazak<\/strong> &#8211;<\/p>\n<p style=\"text-align: center;\">besplatno (ovisno o raspolo\u017eivosti).<\/p>\n<p>[\/vc_column_text][\/vc_tta_section][vc_tta_section title=&#8221;UVJETI PLA\u0106ANJA&#8221; tab_id=&#8221;1626262051907-1d43d7c5-4f2d&#8221;][vc_separator color=&#8221;white&#8221; border_width=&#8221;2&#8243;][vc_column_text]<\/p>\n<p style=\"text-align: center;\">&#8211; U slu\u010daju nepravovremenog pla\u0107anja zadr\u017eavamo pravo otkazivanja rezervacije;<\/p>\n<p style=\"text-align: center;\">&#8211; Besplatna promjena rezervacije za kasniji termin mogu\u0107a je uz najavu najmanje sedam dana prije rezervacije putem pisane obavijesti na <a href=\"mailto:info@castlepodsreda.com\">info@castlepodsreda.com<\/a><\/p>\n<p>[\/vc_column_text][\/vc_tta_section][vc_tta_section title=&#8221;ZA\u0160TITNE MJERE HIGIJENE&#8221; tab_id=&#8221;1626262383978-564f1629-1f08&#8243;][vc_separator color=&#8221;white&#8221; border_width=&#8221;2&#8243;][vc_column_text]<\/p>\n<p style=\"text-align: center;\">Sve smje\u0161tajne jedinice temeljito se \u010diste i dezinficiraju sukladno mjerama higijene i za\u0161tite radi sigurnosti gostiju i zaposlenika.<\/p>\n<p style=\"text-align: center;\">Dolazak u smje\u0161tajnu jedinicu i preuzimanje klju\u010deva je beskontaktno, isto tako omogu\u0107ujemo beskontaktno pla\u0107anje i naru\u010divanje hrane i pi\u0107a. Ukoliko ne \u017eelite, ne moramo se osobno susresti.<\/p>\n<p>[\/vc_column_text][\/vc_tta_section][\/vc_tta_accordion][vc_separator][\/vc_column][\/vc_row][vc_row][vc_column][vc_raw_html]JTVCbW9kdWxhJTIwaWQlM0QlMjI3MjU1JTIyJTVE[\/vc_raw_html][\/vc_column][\/vc_row][vc_row parallax=&#8221;content-moving&#8221; parallax_speed_bg=&#8221;&#8221; css=&#8221;.vc_custom_1626267016670{background-color: #212121 !important;background-position: center;background-repeat: no-repeat;background-size:cover;}&#8221;][vc_column css=&#8221;.vc_custom_1567223373306{padding-top: 0px !important;}&#8221;][cms_contact_form cms_template=&#8221;cms_contact_form&#8211;layout3.php&#8221; id=&#8221;23780&#8243; style_border=&#8221;has-border&#8221; title_color=&#8221;#ffffff&#8221; align_title=&#8221;center&#8221; align_desc=&#8221;center&#8221; bg_form_color=&#8221;#000000&#8243; title_form=&#8221;Rezervirajte iskustvo ili nam postavite pitanje&#8221; animation=&#8221;bounce&#8221;][\/vc_column][\/vc_row][vc_row disable_element=&#8221;yes&#8221;][vc_column][vc_column_text]Paket vklju\u010duje:<\/p>\n<p>\u2022 1 ali 2 no\u010ditvi v \u0161tirizvezdi\u010dnem dru\u017einskem Eminem apartmaju**** na Gradu Podsreda za vso dru\u017eino;<br \/>\n\u2022 1 ali 2 dru\u017einski grajski zajtrk ko\u0161arici doma\u010dih dobrot;<br \/>\n\u2022 Obisk Kukovi\u010di\u010devega mlina, ogled postopka mletja \u017eit z mlinom na vodo in poku\u0161ina doma\u010dih dobrot z ekolo\u0161ke kmetije (degustacija kruha, namaza, sok ali \u010daj) ter dogodiv\u0161\u010dina risanja po pi\u0161kotih.<br \/>\n\u2022 Sodelovanje v igri Lov na zaklad na gradu Podsreda za vso dru\u017eino z lepo pa tudi slastno nagrado;<br \/>\n\u2022 Ogled gradu Podsreda z avdio vodenjem;<br \/>\n\u2022 Grajski narezek za vso dru\u017eino, sestavljen iz izbranih doma\u010dih dobrot Kmetije Kunej;<br \/>\n\u2022 1 l Naravnega jabol\u010dnega soka iz Kozjanskega parka;<br \/>\n\u2022 Sve\u017ea jabolka ali jabol\u010dni krhlji iz za\u0161\u010ditenih kozjanskih visokodebelnih sadovnjakov, kjer uspevajo tradicionalne sorte kozjanskih jabolk;<br \/>\n\u2022 Sezonsko pripravljen zeli\u0161\u010dni Grajski \u010daj s 100% naravnimi, ro\u010dno nabranimi sestavinami iz Kozjanskega parka;<br \/>\n\u2022 Kava za pripravo v kuhalniku, sladkor in mleko;<br \/>\n\u2022 Bele\u017eka in pisalo z logotipom grajske namestitve;<br \/>\n\u2022 Ro\u010dno izdelano naravno trdo milo za roke, narejeno iz surovin iz lokalnega okolja;<br \/>\n\u2022 Brezpla\u010den internet (WI-FI).[\/vc_column_text][\/vc_column][\/vc_row][vc_row][vc_column][vc_empty_space height=&#8221;80px&#8221;][\/vc_column][\/vc_row]<\/p>\n","protected":false},"excerpt":{"rendered":"<p>[vc_row][vc_column cms_column_class=&#8221;rm-padding-lg&#8221; offset=&#8221;vc_col-lg-6 vc_col-md-6&#8243; css=&#8221;.vc_custom_1626261431680{padding-right: 63px !important;}&#8221;][cms_heading text=&#8221;Jesenska pustolovina za obitelji na Dvorcu Podsreda!&#8221; letter_spacing=&#8221;0.03em&#8221; sub_font_weight=&#8221;700&#8243; sub_font_style=&#8221;italic&#8221; sub_margin_bottom=&#8221;18&#8243; description=&#8221;Pridru\u017eite nam se na Dvorcu Podsreda za nezaboravno obiteljsko putovanje ove jeseni. Pro\u0161etajte \u0161umskim stazama obojenim toplim jesenskim bojama, istra\u017eite tajanstvene odaje mo\u0107nog srednjovjekovnog dvorca i sudjelujte u uzbudljivoj &#8220;Potrazi za blagom&#8220; osmi\u0161ljenoj za obitelji. Posjetite Centar [&hellip;]<\/p>\n","protected":false},"author":1,"featured_media":0,"parent":0,"menu_order":0,"comment_status":"closed","ping_status":"closed","template":"","meta":[],"yoast_head":"<!-- This site is optimized with the Yoast SEO plugin v19.14 - https:\/\/yoast.com\/wordpress\/plugins\/seo\/ -->\n<title>&quot;JESENSKA BAJKA&quot; OBITELJSKI PAKET U DVORCU PODSREDA \/\/ 1 NO\u0106 | Grad Podsreda | Sobe in apartmaji | Grajska ponudba<\/title>\n<meta name=\"robots\" content=\"index, follow, max-snippet:-1, max-image-preview:large, max-video-preview:-1\" \/>\n<link rel=\"canonical\" href=\"https:\/\/castlepodsreda.com\/hr\/jesenski-dvorski-umik-paket-za-parove-u-dvorcu-podsreda-1-noc\/\" \/>\n<meta property=\"og:locale\" content=\"hr_HR\" \/>\n<meta property=\"og:type\" content=\"article\" \/>\n<meta property=\"og:title\" content=\"&quot;JESENSKA BAJKA&quot; OBITELJSKI PAKET U DVORCU PODSREDA \/\/ 1 NO\u0106 | Grad Podsreda | Sobe in apartmaji | Grajska ponudba\" \/>\n<meta property=\"og:description\" content=\"[vc_row][vc_column cms_column_class=&#8221;rm-padding-lg&#8221; offset=&#8221;vc_col-lg-6 vc_col-md-6&#8243; css=&#8221;.vc_custom_1626261431680{padding-right: 63px !important;}&#8221;][cms_heading text=&#8221;Jesenska pustolovina za obitelji na Dvorcu Podsreda!&#8221; letter_spacing=&#8221;0.03em&#8221; sub_font_weight=&#8221;700&#8243; sub_font_style=&#8221;italic&#8221; sub_margin_bottom=&#8221;18&#8243; description=&#8221;Pridru\u017eite nam se na Dvorcu Podsreda za nezaboravno obiteljsko putovanje ove jeseni. Pro\u0161etajte \u0161umskim stazama obojenim toplim jesenskim bojama, istra\u017eite tajanstvene odaje mo\u0107nog srednjovjekovnog dvorca i sudjelujte u uzbudljivoj &#8220;Potrazi za blagom&#8220; osmi\u0161ljenoj za obitelji. Posjetite Centar [&hellip;]\" \/>\n<meta property=\"og:url\" content=\"https:\/\/castlepodsreda.com\/hr\/jesenski-dvorski-umik-paket-za-parove-u-dvorcu-podsreda-1-noc\/\" \/>\n<meta property=\"og:site_name\" content=\"Grad Podsreda | Sobe in apartmaji | Grajska ponudba\" \/>\n<meta property=\"article:publisher\" content=\"https:\/\/www.facebook.com\/podsredacastle\" \/>\n<meta property=\"article:modified_time\" content=\"2024-10-07T12:55:43+00:00\" \/>\n<meta name=\"twitter:card\" content=\"summary_large_image\" \/>\n<meta name=\"twitter:label1\" content=\"Procijenjeno vrijeme \u010ditanja\" \/>\n\t<meta name=\"twitter:data1\" content=\"5 minuta\" \/>\n<script type=\"application\/ld+json\" class=\"yoast-schema-graph\">{\"@context\":\"https:\/\/schema.org\",\"@graph\":[{\"@type\":\"WebPage\",\"@id\":\"https:\/\/castlepodsreda.com\/hr\/jesenski-dvorski-umik-paket-za-parove-u-dvorcu-podsreda-1-noc\/\",\"url\":\"https:\/\/castlepodsreda.com\/hr\/jesenski-dvorski-umik-paket-za-parove-u-dvorcu-podsreda-1-noc\/\",\"name\":\"\\\"JESENSKA BAJKA\\\" OBITELJSKI PAKET U DVORCU PODSREDA \/\/ 1 NO\u0106 | Grad Podsreda | Sobe in apartmaji | Grajska ponudba\",\"isPartOf\":{\"@id\":\"https:\/\/castlepodsreda.com\/hr\/#website\"},\"datePublished\":\"2024-10-07T10:43:42+00:00\",\"dateModified\":\"2024-10-07T12:55:43+00:00\",\"breadcrumb\":{\"@id\":\"https:\/\/castlepodsreda.com\/hr\/jesenski-dvorski-umik-paket-za-parove-u-dvorcu-podsreda-1-noc\/#breadcrumb\"},\"inLanguage\":\"hr\",\"potentialAction\":[{\"@type\":\"ReadAction\",\"target\":[\"https:\/\/castlepodsreda.com\/hr\/jesenski-dvorski-umik-paket-za-parove-u-dvorcu-podsreda-1-noc\/\"]}]},{\"@type\":\"BreadcrumbList\",\"@id\":\"https:\/\/castlepodsreda.com\/hr\/jesenski-dvorski-umik-paket-za-parove-u-dvorcu-podsreda-1-noc\/#breadcrumb\",\"itemListElement\":[{\"@type\":\"ListItem\",\"position\":1,\"name\":\"Home\",\"item\":\"https:\/\/castlepodsreda.com\/hr\/\"},{\"@type\":\"ListItem\",\"position\":2,\"name\":\"&#8220;JESENSKA BAJKA&#8221; OBITELJSKI PAKET U DVORCU PODSREDA \/\/ 1 NO\u0106\"}]},{\"@type\":\"WebSite\",\"@id\":\"https:\/\/castlepodsreda.com\/hr\/#website\",\"url\":\"https:\/\/castlepodsreda.com\/hr\/\",\"name\":\"Grad Podsreda | Sobe in apartmaji | Grajska ponudba\",\"description\":\"Najbolj grajski med gradovi v Sloveniji\",\"publisher\":{\"@id\":\"https:\/\/castlepodsreda.com\/hr\/#organization\"},\"potentialAction\":[{\"@type\":\"SearchAction\",\"target\":{\"@type\":\"EntryPoint\",\"urlTemplate\":\"https:\/\/castlepodsreda.com\/hr\/?s={search_term_string}\"},\"query-input\":\"required name=search_term_string\"}],\"inLanguage\":\"hr\"},{\"@type\":\"Organization\",\"@id\":\"https:\/\/castlepodsreda.com\/hr\/#organization\",\"name\":\"Grad Podsreda | Sobe in apartmaji | Grajska ponudba\",\"url\":\"https:\/\/castlepodsreda.com\/hr\/\",\"logo\":{\"@type\":\"ImageObject\",\"inLanguage\":\"hr\",\"@id\":\"https:\/\/castlepodsreda.com\/hr\/#\/schema\/logo\/image\/\",\"url\":\"https:\/\/castlepodsreda.com\/wp-content\/uploads\/2020\/04\/logo-grad-podsreda-2.jpg\",\"contentUrl\":\"https:\/\/castlepodsreda.com\/wp-content\/uploads\/2020\/04\/logo-grad-podsreda-2.jpg\",\"width\":576,\"height\":576,\"caption\":\"Grad Podsreda | Sobe in apartmaji | Grajska ponudba\"},\"image\":{\"@id\":\"https:\/\/castlepodsreda.com\/hr\/#\/schema\/logo\/image\/\"},\"sameAs\":[\"https:\/\/www.instagram.com\/podsredacastle\/\",\"https:\/\/www.facebook.com\/podsredacastle\"]}]}<\/script>\n<!-- \/ Yoast SEO plugin. -->","yoast_head_json":{"title":"\"JESENSKA BAJKA\" OBITELJSKI PAKET U DVORCU PODSREDA \/\/ 1 NO\u0106 | Grad Podsreda | Sobe in apartmaji | Grajska ponudba","robots":{"index":"index","follow":"follow","max-snippet":"max-snippet:-1","max-image-preview":"max-image-preview:large","max-video-preview":"max-video-preview:-1"},"canonical":"https:\/\/castlepodsreda.com\/hr\/jesenski-dvorski-umik-paket-za-parove-u-dvorcu-podsreda-1-noc\/","og_locale":"hr_HR","og_type":"article","og_title":"\"JESENSKA BAJKA\" OBITELJSKI PAKET U DVORCU PODSREDA \/\/ 1 NO\u0106 | Grad Podsreda | Sobe in apartmaji | Grajska ponudba","og_description":"[vc_row][vc_column cms_column_class=&#8221;rm-padding-lg&#8221; offset=&#8221;vc_col-lg-6 vc_col-md-6&#8243; css=&#8221;.vc_custom_1626261431680{padding-right: 63px !important;}&#8221;][cms_heading text=&#8221;Jesenska pustolovina za obitelji na Dvorcu Podsreda!&#8221; letter_spacing=&#8221;0.03em&#8221; sub_font_weight=&#8221;700&#8243; sub_font_style=&#8221;italic&#8221; sub_margin_bottom=&#8221;18&#8243; description=&#8221;Pridru\u017eite nam se na Dvorcu Podsreda za nezaboravno obiteljsko putovanje ove jeseni. Pro\u0161etajte \u0161umskim stazama obojenim toplim jesenskim bojama, istra\u017eite tajanstvene odaje mo\u0107nog srednjovjekovnog dvorca i sudjelujte u uzbudljivoj &#8220;Potrazi za blagom&#8220; osmi\u0161ljenoj za obitelji. Posjetite Centar [&hellip;]","og_url":"https:\/\/castlepodsreda.com\/hr\/jesenski-dvorski-umik-paket-za-parove-u-dvorcu-podsreda-1-noc\/","og_site_name":"Grad Podsreda | Sobe in apartmaji | Grajska ponudba","article_publisher":"https:\/\/www.facebook.com\/podsredacastle","article_modified_time":"2024-10-07T12:55:43+00:00","twitter_card":"summary_large_image","twitter_misc":{"Procijenjeno vrijeme \u010ditanja":"5 minuta"},"schema":{"@context":"https:\/\/schema.org","@graph":[{"@type":"WebPage","@id":"https:\/\/castlepodsreda.com\/hr\/jesenski-dvorski-umik-paket-za-parove-u-dvorcu-podsreda-1-noc\/","url":"https:\/\/castlepodsreda.com\/hr\/jesenski-dvorski-umik-paket-za-parove-u-dvorcu-podsreda-1-noc\/","name":"\"JESENSKA BAJKA\" OBITELJSKI PAKET U DVORCU PODSREDA \/\/ 1 NO\u0106 | Grad Podsreda | Sobe in apartmaji | Grajska ponudba","isPartOf":{"@id":"https:\/\/castlepodsreda.com\/hr\/#website"},"datePublished":"2024-10-07T10:43:42+00:00","dateModified":"2024-10-07T12:55:43+00:00","breadcrumb":{"@id":"https:\/\/castlepodsreda.com\/hr\/jesenski-dvorski-umik-paket-za-parove-u-dvorcu-podsreda-1-noc\/#breadcrumb"},"inLanguage":"hr","potentialAction":[{"@type":"ReadAction","target":["https:\/\/castlepodsreda.com\/hr\/jesenski-dvorski-umik-paket-za-parove-u-dvorcu-podsreda-1-noc\/"]}]},{"@type":"BreadcrumbList","@id":"https:\/\/castlepodsreda.com\/hr\/jesenski-dvorski-umik-paket-za-parove-u-dvorcu-podsreda-1-noc\/#breadcrumb","itemListElement":[{"@type":"ListItem","position":1,"name":"Home","item":"https:\/\/castlepodsreda.com\/hr\/"},{"@type":"ListItem","position":2,"name":"&#8220;JESENSKA BAJKA&#8221; OBITELJSKI PAKET U DVORCU PODSREDA \/\/ 1 NO\u0106"}]},{"@type":"WebSite","@id":"https:\/\/castlepodsreda.com\/hr\/#website","url":"https:\/\/castlepodsreda.com\/hr\/","name":"Grad Podsreda | Sobe in apartmaji | Grajska ponudba","description":"Najbolj grajski med gradovi v Sloveniji","publisher":{"@id":"https:\/\/castlepodsreda.com\/hr\/#organization"},"potentialAction":[{"@type":"SearchAction","target":{"@type":"EntryPoint","urlTemplate":"https:\/\/castlepodsreda.com\/hr\/?s={search_term_string}"},"query-input":"required name=search_term_string"}],"inLanguage":"hr"},{"@type":"Organization","@id":"https:\/\/castlepodsreda.com\/hr\/#organization","name":"Grad Podsreda | Sobe in apartmaji | Grajska ponudba","url":"https:\/\/castlepodsreda.com\/hr\/","logo":{"@type":"ImageObject","inLanguage":"hr","@id":"https:\/\/castlepodsreda.com\/hr\/#\/schema\/logo\/image\/","url":"https:\/\/castlepodsreda.com\/wp-content\/uploads\/2020\/04\/logo-grad-podsreda-2.jpg","contentUrl":"https:\/\/castlepodsreda.com\/wp-content\/uploads\/2020\/04\/logo-grad-podsreda-2.jpg","width":576,"height":576,"caption":"Grad Podsreda | Sobe in apartmaji | Grajska ponudba"},"image":{"@id":"https:\/\/castlepodsreda.com\/hr\/#\/schema\/logo\/image\/"},"sameAs":["https:\/\/www.instagram.com\/podsredacastle\/","https:\/\/www.facebook.com\/podsredacastle"]}]}},"_links":{"self":[{"href":"https:\/\/castlepodsreda.com\/hr\/wp-json\/wp\/v2\/pages\/37214"}],"collection":[{"href":"https:\/\/castlepodsreda.com\/hr\/wp-json\/wp\/v2\/pages"}],"about":[{"href":"https:\/\/castlepodsreda.com\/hr\/wp-json\/wp\/v2\/types\/page"}],"author":[{"embeddable":true,"href":"https:\/\/castlepodsreda.com\/hr\/wp-json\/wp\/v2\/users\/1"}],"replies":[{"embeddable":true,"href":"https:\/\/castlepodsreda.com\/hr\/wp-json\/wp\/v2\/comments?post=37214"}],"version-history":[{"count":6,"href":"https:\/\/castlepodsreda.com\/hr\/wp-json\/wp\/v2\/pages\/37214\/revisions"}],"predecessor-version":[{"id":37250,"href":"https:\/\/castlepodsreda.com\/hr\/wp-json\/wp\/v2\/pages\/37214\/revisions\/37250"}],"wp:attachment":[{"href":"https:\/\/castlepodsreda.com\/hr\/wp-json\/wp\/v2\/media?parent=37214"}],"curies":[{"name":"wp","href":"https:\/\/api.w.org\/{rel}","templated":true}]}}