{"id":37215,"date":"2024-10-07T11:00:41","date_gmt":"2024-10-07T11:00:41","guid":{"rendered":"https:\/\/castlepodsreda.com\/?page_id=37215"},"modified":"2024-10-07T13:10:37","modified_gmt":"2024-10-07T13:10:37","slug":"jesenski-dvorski-umik-paket-za-parove-u-dvorcu-podsreda-1-noc-2","status":"publish","type":"page","link":"https:\/\/castlepodsreda.com\/hr\/jesenski-dvorski-umik-paket-za-parove-u-dvorcu-podsreda-1-noc-2\/","title":{"rendered":"&#8220;JESENSKI DVORSKI UMIK&#8221; PAKET ZA PAROVE U DVORCU PODSREDA \/\/ 1 NO\u0106"},"content":{"rendered":"<p>[vc_row][vc_column cms_column_class=&#8221;rm-padding-lg&#8221; offset=&#8221;vc_col-lg-6 vc_col-md-6&#8243; css=&#8221;.vc_custom_1626261431680{padding-right: 63px !important;}&#8221;][cms_heading text=&#8221;Dobrodo\u0161li u kraljevstvo gdje se ljubav i povijest isprepli\u0107u.&#8221; letter_spacing=&#8221;0.03em&#8221; sub_font_weight=&#8221;700&#8243; sub_font_style=&#8221;italic&#8221; sub_margin_bottom=&#8221;18&#8243; description=&#8221;Va\u0161e u\u017eivanje po\u010dinje u udobnoj sobi s \u010detiri zvjezdice, gdje vas do\u010dekuje pjenu\u0161avo vino i slatko medeno iznena\u0111enje. Nakon istra\u017eivanja povijesnih odaja dvorca uz vo\u0111eni audio obilazak, prepustite se opu\u0161tanju u wellness sesiji.<\/p>\n<p>Kad padne no\u0107, \u010deka vas posebna ve\u010dera u dvorcu, pripremljena od lokalnih sezonskih sastojaka, \u0161to \u0107e zaokru\u017eiti va\u0161 dan opu\u0161tanja. Vrhunac ve\u010deri bit \u0107e romanti\u010dno promatranje zvijezda uz pucketanje vatre na otvorenom, gdje \u0107ete pod jesenskim no\u0107nim nebom stvoriti nezaboravne trenutke.&#8221; description_font_size=&#8221;18&#8243; description_line_height=&#8221;26&#8243; des_margin_bottom=&#8221;50&#8243; cms_template=&#8221;cms_heading&#8211;layout3.php&#8221; sub_title=&#8221;Dobrodo\u0161li u kraljevstvo gdje se ljubav i povijest isprepli\u0107u. &#8220;Jesenski dvorski bijeg za dvoje&#8220; na Dvorcu Podsreda pru\u017ea vam jedinstvenu priliku da do\u017eivite jesen kao nikada prije \u2013 okru\u017eeni mistikom srednjovjekovnog dvorca i netaknutom ljepotom Parka Kozjansko.&#8221; margin_bottom=&#8221;41&#8243;][vc_column_text]<strong>Ovo je iskustvo u kojem svaki detalj \u0161apu\u0107e romantiku \u2013 od udobnosti va\u0161e sobe do o\u010daravaju\u0107e avanture promatranja zvijezda. Neka veli\u010dina na\u0161e romani\u010dke utvrde postavi scenu za va\u0161u ljubavnu pri\u010du, koja \u0107e postati dio bezvremenske povijesti Dvorca Podsreda.<\/strong>[\/vc_column_text][vc_column_text css=&#8221;.vc_custom_1701956233833{padding-top: 20px !important;padding-right: 20px !important;padding-bottom: 20px !important;padding-left: 20px !important;background-color: #d3ba9e !important;}&#8221;]<\/p>\n<p style=\"font-size: 18px;\"><strong>Broj no\u0107enja:<\/strong> 1 \/ POLUPANSION (uklju\u010deni doru\u010dak i ru\u010dak\/ve\u010dera)<\/p>\n<p style=\"font-size: 18px;\"><strong>Broj osoba:<\/strong> 2<\/p>\n<p style=\"font-size: 18px;\"><strong>Ponuda smje\u0161taja uklju\u010duje:<\/strong> razgled dvorca Podsreda, posjet Sredi\u0161tu za posjetitelje Parka Kozjansko, prodajni kutak lokalnih proizvo\u0111a\u010da, do\u017eivljaj potpune lokalne ponude u dvorskim apartmanima i sobama, neograni\u010den pristup zajedni\u010dkoj dvorani dvorca, prodajni kutak lokalnih proizvo\u0111a\u010da, vanjski kamin, besplatan internet \/ WI-FI, parkirno mjesto<\/p>\n<p style=\"font-size: 18px;\"><strong>Vrsta smje\u0161taja:<\/strong> Soba na dvorcu**** (apartman uz nadoplatu)<\/p>\n<p>[\/vc_column_text][cms_heading tag=&#8221;h6&#8243; cms_template=&#8221;cms_heading&#8211;layout3.php&#8221; sub_title=&#8221;Paket uklju\u010duje:&#8221;][cms_space space_lg=&#8221;30&#8243; space_md=&#8221;55&#8243; space_sm=&#8221;32&#8243; space_xs=&#8221;32&#8243;][cms_list cms_template=&#8221;cms_list&#8211;layout5.php&#8221; cms_list=&#8221;%5B%7B%22cms_list_item%22%3A%22SMJE%C5%A0TAJ%20S%20%C4%8CETIRI%20ZVIJEZDE%3A%20No%C4%87enje%20za%20dvije%20osobe%20u%20%C4%8Detverozvjezdastoj%20sobi****%20u%20dvorcu%20Podsreda.%20%22%7D%2C%7B%22cms_list_item%22%3A%22KO%C5%A0ARICA%20S%20DVORSKIM%20DORU%C4%8CKOM%3A%20Puna%20doma%C4%87ih%20delicija%20s%20lokalnih%20farmi.%20Neka%20dan%20zapo%C4%8Dne%20veli%C4%8Danstveno!%22%7D%2C%7B%22cms_list_item%22%3A%22RAZGLED%20DVORCA%3A%20S%20audio-vodstvom%20na%20vi%C5%A1e%20jezika%20(SLO%2C%20EN%2C%20DE%2C%20IT%2C%20RUS)%2C%20koji%20%C4%87e%20vam%20pribli%C5%BEiti%20bogatu%20povijest%20i%20kulturno%20naslje%C4%91e%20dvorca%3B%22%7D%2C%7B%22cms_list_item%22%3A%22PJENU%C5%A0AVO%20U%C5%BDIVANJE%20U%20SOBI%3A%20Boca%20polusuho%20pjenu%C5%A1avog%20vina%20iz%20vrhunske%20lokalne%20vinarije%20(0%2C75L)%20i%20organski%20medenjaci%20proizvedeni%20u%20radnom%20vodenom%20mlinu%20%E2%80%93%20Kukovi%C4%8Di%C4%8Dev%20mlin.%22%7D%2C%7B%22cms_list_item%22%3A%22WELLNESS%20U%C5%BDIVANJE%3A%20Posjet%20wellness%20centru%20u%20Kozjanskom%20Dvoru%20u%20Kozju%2C%20gdje%20mo%C5%BEete%20u%C5%BEivati%20u%20120%20minuta%20opu%C5%A1tanja%20zajedno.%22%7D%2C%7B%22cms_list_item%22%3A%22DVORSKA%20PLATA%3A%20Ve%C4%8Dera%20za%20dvije%20osobe%20u%20Kozjanskom%20dvoru%20s%20desertom%3B%22%7D%2C%7B%22cms_list_item%22%3A%22ROMANTI%C4%8CNO%20PROMATRANJE%20ZVIJEZDA%20NA%20DVORCU%3A%20U%C5%BEivajte%20u%20ugodnoj%20ve%C4%8Deri%20uz%20otvorenu%20vatru%2C%20uz%20posebni%20set%20deka%20za%20dodatnu%20udobnost.%22%7D%5D&#8221; font_weight=&#8221;500&#8243;][cms_heading tag=&#8221;h6&#8243; cms_template=&#8221;cms_heading&#8211;layout3.php&#8221; sub_title=&#8221;Dodatne pogodnosti:&#8221;][cms_list cms_template=&#8221;cms_list&#8211;layout5.php&#8221; cms_list=&#8221;%5B%7B%22cms_list_item%22%3A%22%20Tijekom%20radnog%20vremena%20gosti%20mogu%20besplatno%20posjetiti%20sve%20dvorske%20prostorije%20i%20imati%20pristup%20dvorskom%20atriju%20i%20srednjovjekovnoj%20kuhinji%20u%20svakom%20trenutku%3B%22%7D%2C%7B%22cms_list_item%22%3A%22Kori%C5%A1tenje%20VANJSKOG%20OGNJI%C5%A0TA%20uz%20apartmane%20i%20sobe%20u%20donjem%20dvori%C5%A1tu%20dvorca%3B%22%7D%2C%7B%22cms_list_item%22%3A%22Prirodni%20jabu%C4%8Dni%20sok%20iz%20za%C5%A1ti%C4%87enih%20visokostambenih%20vo%C4%87njaka%20Kozjanskog%20parka%2C%20gdje%20uspijevaju%20tradicionalne%20sorte%20kozjanskih%20jabuka%3B%22%7D%2C%7B%22cms_list_item%22%3A%22Sezonski%20biljni%20DVORSKI%20%C4%8CAJ%20s%20100%25%20prirodnim%2C%20ru%C4%8Dno%20odabranim%20sastojcima%20iz%20Kozjanskog%20parka%3B%22%7D%2C%7B%22cms_list_item%22%3A%22Neograni%C4%8Den%20pristup%20dvorskom%20atriju%20i%20dvorani%20s%20TV%20kutkom%2C%20kutkom%20za%20kavu%2C%20%C4%8Dajem%20i%20vino%2C%20te%20knji%C5%BEnim%20kutkom%3B%22%7D%2C%7B%22cms_list_item%22%3A%22Besplatan%20Wi-Fi%20i%20parkirali%C5%A1te.%22%7D%5D&#8221; font_weight=&#8221;500&#8243;][vc_separator][vc_message message_box_color=&#8221;chino&#8221;]<\/p>\n<p style=\"text-align: center;\"><strong>\u017delite li svoj do\u017eivljaj dvorca nadograditi posebnim romanti\u010dnim uga\u0111anjem?<\/strong><\/p>\n<p style=\"text-align: center;\">Provjerite na\u0161u ponudu dvorskih masa\u017ea &#8211; ve\u0107 od 48\u20ac po osobi.<\/p>\n<p style=\"text-align: center;\">Vi\u0161e informacija o ponudi DVORSKIH MASA\u017dA u \u200b\u200bDvorcu Podsreda:<\/p>\n<p>[\/vc_message][cms_button button_text=&#8221;MASA\u017dE NA DVORCU PODSREDA&#8221; button_link=&#8221;url:https%3A%2F%2Fcastlepodsreda.com%2Fhr%2Fmasaze-na-dvorcu-podsreda%2F|||&#8221; font_weight=&#8221;400&#8243; button_align=&#8221;center&#8221; button_align_md=&#8221;center&#8221; button_align_sm=&#8221;center&#8221; button_align_xs=&#8221;center&#8221;][cms_space space_lg=&#8221;30&#8243; space_md=&#8221;55&#8243; space_sm=&#8221;32&#8243; space_xs=&#8221;32&#8243;][vc_separator][vc_hoverbox image=&#8221;5741&#8243; primary_title=&#8221;&#8221; hover_title=&#8221;&#8221;]<strong>\u017dELITE SVOJ DO\u017dIVLJAJ DVORCA OBOGA\u0106ITI WELLNESSOM U TERMAMA OLIMIA?<\/strong><\/p>\n<p>Za Vas imamo **POSEBNU PONUDU**: <strong>10% popusta na ulaznice za Wellness Termalija (bazeni, saune)<\/strong>. Raspitajte se o kupnji i rezervaciji jeftinih karata za posjet Termama Olimia u Pod\u010detrtku.[\/vc_hoverbox][\/vc_column][vc_column cms_column_class=&#8221;rm-padding-lg&#8221; offset=&#8221;vc_col-lg-6 vc_col-md-6&#8243; css=&#8221;.vc_custom_1569030444588{padding-left: 13px !important;}&#8221;][vc_single_image image=&#8221;35960&#8243; img_size=&#8221;full&#8221;][vc_single_image image=&#8221;33274&#8243; img_size=&#8221;full&#8221;][vc_single_image image=&#8221;36621&#8243; img_size=&#8221;full&#8221;][vc_single_image image=&#8221;36065&#8243; img_size=&#8221;full&#8221;][vc_single_image image=&#8221;36077&#8243; img_size=&#8221;full&#8221;][vc_single_image image=&#8221;36035&#8243; img_size=&#8221;full&#8221;][\/vc_column][\/vc_row][vc_row][vc_column][vc_separator][vc_tta_accordion color=&#8221;chino&#8221; spacing=&#8221;4&#8243; active_section=&#8221;1&#8243; no_fill=&#8221;true&#8221; collapsible_all=&#8221;true&#8221;][vc_tta_section title=&#8221;CIJENA PAKETA&#8221; tab_id=&#8221;1626263329059-8e9ca197-f870&#8243;][vc_column_text]<\/p>\n<blockquote>\n<h4 style=\"text-align: center;\">Cijena aran\u017emana sa jednim no\u0107enjem (polupansion &#8211; 2 osobe):<br \/>\n245,00 \u20ac<\/h4>\n<\/blockquote>\n<p>[\/vc_column_text][\/vc_tta_section][vc_tta_section title=&#8221;DODACI&#8221; tab_id=&#8221;1626262051890-885fab22-d36d&#8221;][vc_separator color=&#8221;white&#8221; border_width=&#8221;2&#8243;][vc_column_text]<\/p>\n<p style=\"text-align: center;\"><strong>\u2013 Turisti\u010dka pristojba s uklju\u010denom promocijskom pristojbom:<\/strong><\/p>\n<p style=\"text-align: center;\">odrasli od 17 godina nadalje: 1,50 \u20ac\/dan,<\/p>\n<p style=\"text-align: center;\">djeca (7-17 godina): 0,75 \u20ac\/dan<\/p>\n<p style=\"text-align: center;\"><strong>\u2013 Ku\u0107ni ljubimci:<\/strong>\u00a015 \u20ac\/dan;<\/p>\n<p style=\"text-align: center;\"><strong>\u2013 Kasni odlazak\/rani dolazak \u2013<\/strong><\/p>\n<p style=\"text-align: center;\">besplatno (ovisno o raspolo\u017eivosti).<\/p>\n<p>[\/vc_column_text][\/vc_tta_section][vc_tta_section title=&#8221;UVJETI PLA\u0106ANJA&#8221; tab_id=&#8221;1626262051907-1d43d7c5-4f2d&#8221;][vc_separator color=&#8221;white&#8221; border_width=&#8221;2&#8243;][vc_column_text]<\/p>\n<p style=\"text-align: center;\">\u2013 U slu\u010daju nepravovremenog pla\u0107anja zadr\u017eavamo pravo otkazivanja rezervacije;<\/p>\n<p style=\"text-align: center;\">\u2013 Besplatna promjena rezervacije za kasniji termin mogu\u0107a je uz najavu najmanje sedam dana prije rezervacije putem pisane obavijesti na\u00a0<a href=\"mailto:info@castlepodsreda.com\">info@castlepodsreda.com<\/a><\/p>\n<p>[\/vc_column_text][\/vc_tta_section][vc_tta_section title=&#8221;ZA\u0160TITNE MJERE HIGIJENE&#8221; tab_id=&#8221;1626262383978-564f1629-1f08&#8243;][vc_separator color=&#8221;white&#8221; border_width=&#8221;2&#8243;][vc_column_text]<\/p>\n<p style=\"text-align: center;\"><strong>Sve smje\u0161tajne jedinice temeljito se \u010diste i dezinficiraju sukladno mjerama higijene i za\u0161tite radi sigurnosti gostiju i zaposlenika.<\/strong><\/p>\n<p style=\"text-align: center;\">Dolazak u smje\u0161tajnu jedinicu i preuzimanje klju\u010deva je beskontaktno, isto tako omogu\u0107ujemo beskontaktno pla\u0107anje i naru\u010divanje hrane i pi\u0107a. Ukoliko ne \u017eelite, ne moramo se osobno susresti.<\/p>\n<p>[\/vc_column_text][\/vc_tta_section][\/vc_tta_accordion][vc_separator][\/vc_column][\/vc_row][vc_row][vc_column][vc_raw_html]JTVCbW9kdWxhJTIwaWQlM0QlMjI3MjU2JTIyJTVE[\/vc_raw_html][\/vc_column][\/vc_row][vc_row parallax=&#8221;content-moving&#8221; parallax_speed_bg=&#8221;&#8221; css=&#8221;.vc_custom_1626267016670{background-color: #212121 !important;background-position: center;background-repeat: no-repeat;background-size:cover;}&#8221;][vc_column css=&#8221;.vc_custom_1567223373306{padding-top: 0px !important;}&#8221;][cms_contact_form cms_template=&#8221;cms_contact_form&#8211;layout3.php&#8221; id=&#8221;7258&#8243; style_border=&#8221;has-border&#8221; title_color=&#8221;#ffffff&#8221; align_title=&#8221;center&#8221; align_desc=&#8221;center&#8221; bg_form_color=&#8221;#000000&#8243; title_form=&#8221;Rezervirajte do\u017eivetje ali nam postavite vpra\u0161anje&#8221; animation=&#8221;bounce&#8221;][\/vc_column][\/vc_row][vc_row disable_element=&#8221;yes&#8221;][vc_column][vc_column_text]<\/p>\n<p style=\"font-size: 18px;\"><strong>Paket vklju\u010duje:<br \/>\n<\/strong><br \/>\n\u2022 1 ali 2 no\u010ditvi v \u0161tirizvezdi\u010dnem dru\u017einskem Eminem apartmaju**** na Gradu Podsreda za vso dru\u017eino;<br \/>\n\u2022 1 ali 2 dru\u017einski grajski zajtrk ko\u0161arici doma\u010dih dobrot;<br \/>\n\u2022 Obisk Kukovi\u010di\u010devega mlina, ogled postopka mletja \u017eit z mlinom na vodo in poku\u0161ina doma\u010dih dobrot z ekolo\u0161ke kmetije (degustacija kruha, namaza, sok ali \u010daj) ter dogodiv\u0161\u010dina risanja po pi\u0161kotih.<br \/>\n\u2022 Sodelovanje v igri Lov na zaklad na gradu Podsreda za vso dru\u017eino z lepo pa tudi slastno nagrado;<br \/>\n\u2022 Ogled gradu Podsreda z avdio vodenjem;<br \/>\n\u2022 Grajski narezek za vso dru\u017eino, sestavljen iz izbranih doma\u010dih dobrot Kmetije Kunej;<br \/>\n\u2022 1 l Naravnega jabol\u010dnega soka iz Kozjanskega parka;<br \/>\n\u2022 Sve\u017ea jabolka ali jabol\u010dni krhlji iz za\u0161\u010ditenih kozjanskih visokodebelnih sadovnjakov, kjer uspevajo tradicionalne sorte kozjanskih jabolk;<br \/>\n\u2022 Sezonsko pripravljen zeli\u0161\u010dni Grajski \u010daj s 100% naravnimi, ro\u010dno nabranimi sestavinami iz Kozjanskega parka;<br \/>\n\u2022 Kava za pripravo v kuhalniku, sladkor in mleko;<br \/>\n\u2022 Bele\u017eka in pisalo z logotipom grajske namestitve;<br \/>\n\u2022 Ro\u010dno izdelano naravno trdo milo za roke, narejeno iz surovin iz lokalnega okolja;<br \/>\n\u2022 Brezpla\u010den internet (WI-FI).[\/vc_column_text][\/vc_column][\/vc_row][vc_row][vc_column][\/vc_column][\/vc_row]<\/p>\n","protected":false},"excerpt":{"rendered":"<p>[vc_row][vc_column cms_column_class=&#8221;rm-padding-lg&#8221; offset=&#8221;vc_col-lg-6 vc_col-md-6&#8243; css=&#8221;.vc_custom_1626261431680{padding-right: 63px !important;}&#8221;][cms_heading text=&#8221;Dobrodo\u0161li u kraljevstvo gdje se ljubav i povijest isprepli\u0107u.&#8221; letter_spacing=&#8221;0.03em&#8221; sub_font_weight=&#8221;700&#8243; sub_font_style=&#8221;italic&#8221; sub_margin_bottom=&#8221;18&#8243; description=&#8221;Va\u0161e u\u017eivanje po\u010dinje u udobnoj sobi s \u010detiri zvjezdice, gdje vas do\u010dekuje pjenu\u0161avo vino i slatko medeno iznena\u0111enje. Nakon istra\u017eivanja povijesnih odaja dvorca uz vo\u0111eni audio obilazak, prepustite se opu\u0161tanju u wellness sesiji. Kad padne [&hellip;]<\/p>\n","protected":false},"author":1,"featured_media":0,"parent":0,"menu_order":0,"comment_status":"closed","ping_status":"closed","template":"","meta":[],"yoast_head":"<!-- This site is optimized with the Yoast SEO plugin v19.14 - https:\/\/yoast.com\/wordpress\/plugins\/seo\/ -->\n<title>&quot;JESENSKI DVORSKI UMIK&quot; PAKET ZA PAROVE U DVORCU PODSREDA \/\/ 1 NO\u0106 | Grad Podsreda | Sobe in apartmaji | Grajska ponudba<\/title>\n<meta name=\"robots\" content=\"index, follow, max-snippet:-1, max-image-preview:large, max-video-preview:-1\" \/>\n<link rel=\"canonical\" href=\"https:\/\/castlepodsreda.com\/hr\/jesenski-dvorski-umik-paket-za-parove-u-dvorcu-podsreda-1-noc-2\/\" \/>\n<meta property=\"og:locale\" content=\"hr_HR\" \/>\n<meta property=\"og:type\" content=\"article\" \/>\n<meta property=\"og:title\" content=\"&quot;JESENSKI DVORSKI UMIK&quot; PAKET ZA PAROVE U DVORCU PODSREDA \/\/ 1 NO\u0106 | Grad Podsreda | Sobe in apartmaji | Grajska ponudba\" \/>\n<meta property=\"og:description\" content=\"[vc_row][vc_column cms_column_class=&#8221;rm-padding-lg&#8221; offset=&#8221;vc_col-lg-6 vc_col-md-6&#8243; css=&#8221;.vc_custom_1626261431680{padding-right: 63px !important;}&#8221;][cms_heading text=&#8221;Dobrodo\u0161li u kraljevstvo gdje se ljubav i povijest isprepli\u0107u.&#8221; letter_spacing=&#8221;0.03em&#8221; sub_font_weight=&#8221;700&#8243; sub_font_style=&#8221;italic&#8221; sub_margin_bottom=&#8221;18&#8243; description=&#8221;Va\u0161e u\u017eivanje po\u010dinje u udobnoj sobi s \u010detiri zvjezdice, gdje vas do\u010dekuje pjenu\u0161avo vino i slatko medeno iznena\u0111enje. Nakon istra\u017eivanja povijesnih odaja dvorca uz vo\u0111eni audio obilazak, prepustite se opu\u0161tanju u wellness sesiji. Kad padne [&hellip;]\" \/>\n<meta property=\"og:url\" content=\"https:\/\/castlepodsreda.com\/hr\/jesenski-dvorski-umik-paket-za-parove-u-dvorcu-podsreda-1-noc-2\/\" \/>\n<meta property=\"og:site_name\" content=\"Grad Podsreda | Sobe in apartmaji | Grajska ponudba\" \/>\n<meta property=\"article:publisher\" content=\"https:\/\/www.facebook.com\/podsredacastle\" \/>\n<meta property=\"article:modified_time\" content=\"2024-10-07T13:10:37+00:00\" \/>\n<meta name=\"twitter:card\" content=\"summary_large_image\" \/>\n<meta name=\"twitter:label1\" content=\"Procijenjeno vrijeme \u010ditanja\" \/>\n\t<meta name=\"twitter:data1\" content=\"4 minute\" \/>\n<script type=\"application\/ld+json\" class=\"yoast-schema-graph\">{\"@context\":\"https:\/\/schema.org\",\"@graph\":[{\"@type\":\"WebPage\",\"@id\":\"https:\/\/castlepodsreda.com\/hr\/jesenski-dvorski-umik-paket-za-parove-u-dvorcu-podsreda-1-noc-2\/\",\"url\":\"https:\/\/castlepodsreda.com\/hr\/jesenski-dvorski-umik-paket-za-parove-u-dvorcu-podsreda-1-noc-2\/\",\"name\":\"\\\"JESENSKI DVORSKI UMIK\\\" PAKET ZA PAROVE U DVORCU PODSREDA \/\/ 1 NO\u0106 | Grad Podsreda | Sobe in apartmaji | Grajska ponudba\",\"isPartOf\":{\"@id\":\"https:\/\/castlepodsreda.com\/hr\/#website\"},\"datePublished\":\"2024-10-07T11:00:41+00:00\",\"dateModified\":\"2024-10-07T13:10:37+00:00\",\"breadcrumb\":{\"@id\":\"https:\/\/castlepodsreda.com\/hr\/jesenski-dvorski-umik-paket-za-parove-u-dvorcu-podsreda-1-noc-2\/#breadcrumb\"},\"inLanguage\":\"hr\",\"potentialAction\":[{\"@type\":\"ReadAction\",\"target\":[\"https:\/\/castlepodsreda.com\/hr\/jesenski-dvorski-umik-paket-za-parove-u-dvorcu-podsreda-1-noc-2\/\"]}]},{\"@type\":\"BreadcrumbList\",\"@id\":\"https:\/\/castlepodsreda.com\/hr\/jesenski-dvorski-umik-paket-za-parove-u-dvorcu-podsreda-1-noc-2\/#breadcrumb\",\"itemListElement\":[{\"@type\":\"ListItem\",\"position\":1,\"name\":\"Home\",\"item\":\"https:\/\/castlepodsreda.com\/hr\/\"},{\"@type\":\"ListItem\",\"position\":2,\"name\":\"&#8220;JESENSKI DVORSKI UMIK&#8221; PAKET ZA PAROVE U DVORCU PODSREDA \/\/ 1 NO\u0106\"}]},{\"@type\":\"WebSite\",\"@id\":\"https:\/\/castlepodsreda.com\/hr\/#website\",\"url\":\"https:\/\/castlepodsreda.com\/hr\/\",\"name\":\"Grad Podsreda | Sobe in apartmaji | Grajska ponudba\",\"description\":\"Najbolj grajski med gradovi v Sloveniji\",\"publisher\":{\"@id\":\"https:\/\/castlepodsreda.com\/hr\/#organization\"},\"potentialAction\":[{\"@type\":\"SearchAction\",\"target\":{\"@type\":\"EntryPoint\",\"urlTemplate\":\"https:\/\/castlepodsreda.com\/hr\/?s={search_term_string}\"},\"query-input\":\"required name=search_term_string\"}],\"inLanguage\":\"hr\"},{\"@type\":\"Organization\",\"@id\":\"https:\/\/castlepodsreda.com\/hr\/#organization\",\"name\":\"Grad Podsreda | Sobe in apartmaji | Grajska ponudba\",\"url\":\"https:\/\/castlepodsreda.com\/hr\/\",\"logo\":{\"@type\":\"ImageObject\",\"inLanguage\":\"hr\",\"@id\":\"https:\/\/castlepodsreda.com\/hr\/#\/schema\/logo\/image\/\",\"url\":\"https:\/\/castlepodsreda.com\/wp-content\/uploads\/2020\/04\/logo-grad-podsreda-2.jpg\",\"contentUrl\":\"https:\/\/castlepodsreda.com\/wp-content\/uploads\/2020\/04\/logo-grad-podsreda-2.jpg\",\"width\":576,\"height\":576,\"caption\":\"Grad Podsreda | Sobe in apartmaji | Grajska ponudba\"},\"image\":{\"@id\":\"https:\/\/castlepodsreda.com\/hr\/#\/schema\/logo\/image\/\"},\"sameAs\":[\"https:\/\/www.instagram.com\/podsredacastle\/\",\"https:\/\/www.facebook.com\/podsredacastle\"]}]}<\/script>\n<!-- \/ Yoast SEO plugin. -->","yoast_head_json":{"title":"\"JESENSKI DVORSKI UMIK\" PAKET ZA PAROVE U DVORCU PODSREDA \/\/ 1 NO\u0106 | Grad Podsreda | Sobe in apartmaji | Grajska ponudba","robots":{"index":"index","follow":"follow","max-snippet":"max-snippet:-1","max-image-preview":"max-image-preview:large","max-video-preview":"max-video-preview:-1"},"canonical":"https:\/\/castlepodsreda.com\/hr\/jesenski-dvorski-umik-paket-za-parove-u-dvorcu-podsreda-1-noc-2\/","og_locale":"hr_HR","og_type":"article","og_title":"\"JESENSKI DVORSKI UMIK\" PAKET ZA PAROVE U DVORCU PODSREDA \/\/ 1 NO\u0106 | Grad Podsreda | Sobe in apartmaji | Grajska ponudba","og_description":"[vc_row][vc_column cms_column_class=&#8221;rm-padding-lg&#8221; offset=&#8221;vc_col-lg-6 vc_col-md-6&#8243; css=&#8221;.vc_custom_1626261431680{padding-right: 63px !important;}&#8221;][cms_heading text=&#8221;Dobrodo\u0161li u kraljevstvo gdje se ljubav i povijest isprepli\u0107u.&#8221; letter_spacing=&#8221;0.03em&#8221; sub_font_weight=&#8221;700&#8243; sub_font_style=&#8221;italic&#8221; sub_margin_bottom=&#8221;18&#8243; description=&#8221;Va\u0161e u\u017eivanje po\u010dinje u udobnoj sobi s \u010detiri zvjezdice, gdje vas do\u010dekuje pjenu\u0161avo vino i slatko medeno iznena\u0111enje. Nakon istra\u017eivanja povijesnih odaja dvorca uz vo\u0111eni audio obilazak, prepustite se opu\u0161tanju u wellness sesiji. Kad padne [&hellip;]","og_url":"https:\/\/castlepodsreda.com\/hr\/jesenski-dvorski-umik-paket-za-parove-u-dvorcu-podsreda-1-noc-2\/","og_site_name":"Grad Podsreda | Sobe in apartmaji | Grajska ponudba","article_publisher":"https:\/\/www.facebook.com\/podsredacastle","article_modified_time":"2024-10-07T13:10:37+00:00","twitter_card":"summary_large_image","twitter_misc":{"Procijenjeno vrijeme \u010ditanja":"4 minute"},"schema":{"@context":"https:\/\/schema.org","@graph":[{"@type":"WebPage","@id":"https:\/\/castlepodsreda.com\/hr\/jesenski-dvorski-umik-paket-za-parove-u-dvorcu-podsreda-1-noc-2\/","url":"https:\/\/castlepodsreda.com\/hr\/jesenski-dvorski-umik-paket-za-parove-u-dvorcu-podsreda-1-noc-2\/","name":"\"JESENSKI DVORSKI UMIK\" PAKET ZA PAROVE U DVORCU PODSREDA \/\/ 1 NO\u0106 | Grad Podsreda | Sobe in apartmaji | Grajska ponudba","isPartOf":{"@id":"https:\/\/castlepodsreda.com\/hr\/#website"},"datePublished":"2024-10-07T11:00:41+00:00","dateModified":"2024-10-07T13:10:37+00:00","breadcrumb":{"@id":"https:\/\/castlepodsreda.com\/hr\/jesenski-dvorski-umik-paket-za-parove-u-dvorcu-podsreda-1-noc-2\/#breadcrumb"},"inLanguage":"hr","potentialAction":[{"@type":"ReadAction","target":["https:\/\/castlepodsreda.com\/hr\/jesenski-dvorski-umik-paket-za-parove-u-dvorcu-podsreda-1-noc-2\/"]}]},{"@type":"BreadcrumbList","@id":"https:\/\/castlepodsreda.com\/hr\/jesenski-dvorski-umik-paket-za-parove-u-dvorcu-podsreda-1-noc-2\/#breadcrumb","itemListElement":[{"@type":"ListItem","position":1,"name":"Home","item":"https:\/\/castlepodsreda.com\/hr\/"},{"@type":"ListItem","position":2,"name":"&#8220;JESENSKI DVORSKI UMIK&#8221; PAKET ZA PAROVE U DVORCU PODSREDA \/\/ 1 NO\u0106"}]},{"@type":"WebSite","@id":"https:\/\/castlepodsreda.com\/hr\/#website","url":"https:\/\/castlepodsreda.com\/hr\/","name":"Grad Podsreda | Sobe in apartmaji | Grajska ponudba","description":"Najbolj grajski med gradovi v Sloveniji","publisher":{"@id":"https:\/\/castlepodsreda.com\/hr\/#organization"},"potentialAction":[{"@type":"SearchAction","target":{"@type":"EntryPoint","urlTemplate":"https:\/\/castlepodsreda.com\/hr\/?s={search_term_string}"},"query-input":"required name=search_term_string"}],"inLanguage":"hr"},{"@type":"Organization","@id":"https:\/\/castlepodsreda.com\/hr\/#organization","name":"Grad Podsreda | Sobe in apartmaji | Grajska ponudba","url":"https:\/\/castlepodsreda.com\/hr\/","logo":{"@type":"ImageObject","inLanguage":"hr","@id":"https:\/\/castlepodsreda.com\/hr\/#\/schema\/logo\/image\/","url":"https:\/\/castlepodsreda.com\/wp-content\/uploads\/2020\/04\/logo-grad-podsreda-2.jpg","contentUrl":"https:\/\/castlepodsreda.com\/wp-content\/uploads\/2020\/04\/logo-grad-podsreda-2.jpg","width":576,"height":576,"caption":"Grad Podsreda | Sobe in apartmaji | Grajska ponudba"},"image":{"@id":"https:\/\/castlepodsreda.com\/hr\/#\/schema\/logo\/image\/"},"sameAs":["https:\/\/www.instagram.com\/podsredacastle\/","https:\/\/www.facebook.com\/podsredacastle"]}]}},"_links":{"self":[{"href":"https:\/\/castlepodsreda.com\/hr\/wp-json\/wp\/v2\/pages\/37215"}],"collection":[{"href":"https:\/\/castlepodsreda.com\/hr\/wp-json\/wp\/v2\/pages"}],"about":[{"href":"https:\/\/castlepodsreda.com\/hr\/wp-json\/wp\/v2\/types\/page"}],"author":[{"embeddable":true,"href":"https:\/\/castlepodsreda.com\/hr\/wp-json\/wp\/v2\/users\/1"}],"replies":[{"embeddable":true,"href":"https:\/\/castlepodsreda.com\/hr\/wp-json\/wp\/v2\/comments?post=37215"}],"version-history":[{"count":5,"href":"https:\/\/castlepodsreda.com\/hr\/wp-json\/wp\/v2\/pages\/37215\/revisions"}],"predecessor-version":[{"id":37253,"href":"https:\/\/castlepodsreda.com\/hr\/wp-json\/wp\/v2\/pages\/37215\/revisions\/37253"}],"wp:attachment":[{"href":"https:\/\/castlepodsreda.com\/hr\/wp-json\/wp\/v2\/media?parent=37215"}],"curies":[{"name":"wp","href":"https:\/\/api.w.org\/{rel}","templated":true}]}}