{"id":37368,"date":"2024-11-06T15:46:57","date_gmt":"2024-11-06T15:46:57","guid":{"rendered":"https:\/\/castlepodsreda.com\/?page_id=37368"},"modified":"2025-02-28T19:55:28","modified_gmt":"2025-02-28T19:55:28","slug":"otkrijte-price-grofa-hladnoga-interaktivno-iskustvo-u-mesanoj-stvarnosti-u-dvorcu-podsreda","status":"publish","type":"page","link":"https:\/\/castlepodsreda.com\/hr\/otkrijte-price-grofa-hladnoga-interaktivno-iskustvo-u-mesanoj-stvarnosti-u-dvorcu-podsreda\/","title":{"rendered":"OTKRIJTE PRI\u010cE GROFA HLADNOGA \u2013 interaktivno iskustvo u me\u0161anoj stvarnosti u dvorcu Podsreda"},"content":{"rendered":"<p>[vc_row][vc_column][vc_single_image image=&#8221;13258&#8243; alignment=&#8221;center&#8221;][vc_empty_space height=&#8221;20px&#8221;][vc_column_text]<\/p>\n<h3 style=\"text-align: center;\">OTKRIJTE PRI\u010cE GROFA HLADNOGA<\/h3>\n<h4 style=\"text-align: center;\">Uronite u pri\u010de dvorca Podsreda kroz me\u0161anu stvarnost.<\/h4>\n<p>[\/vc_column_text][vc_empty_space height=&#8221;20px&#8221;][\/vc_column][\/vc_row][vc_row][vc_column][vc_row_inner][vc_column_inner width=&#8221;1\/2&#8243;][vc_empty_space][vc_column_text]<strong>Dvorac Podsreda poziva posjetitelje da do\u017eive <em>Pri\u010de grofa Hladnoga<\/em>, interaktivno putovanje kroz povijest koje spaja zabavu i obrazovanje uz naprednu tehnologiju uronjene stvarnosti (VR\/MR). Ovo iskustvo nudi tri na\u010dina kori\u0161tenja Meta Quest ure\u0111aja za virtualnu i me\u0161anu stvarnost, pru\u017eaju\u0107i fleksibilnost kako bi zadovoljilo razli\u010dite potrebe i \u017eelje posjetitelja.<\/strong>[\/vc_column_text][vc_column_text]<\/p>\n<h4>\u0160to \u010dini ovo iskustvo posebnim?<\/h4>\n<ul>\n<li><strong>Uronjena povijesna iskustva:<\/strong> Istra\u017eite stolje\u0107a povijesti kroz VR\/MR tehnologiju.<\/li>\n<li><strong>Dostupno svima:<\/strong> Prilago\u0111ene opcije za obitelji, daljinske istra\u017eiva\u010de i posjetitelje s ograni\u010denom pokretljivo\u0161\u0107u.<\/li>\n<li><strong>Kulturna ba\u0161tina susre\u0107e inovaciju:<\/strong> Savr\u0161ena kombinacija povijesne autenti\u010dnosti i moderne tehnologije.<\/li>\n<\/ul>\n<p>[\/vc_column_text][\/vc_column_inner][vc_column_inner width=&#8221;1\/2&#8243;][vc_single_image image=&#8221;37322&#8243; img_size=&#8221;full&#8221;][\/vc_column_inner][\/vc_row_inner][vc_empty_space height=&#8221;50px&#8221;][vc_single_image image=&#8221;13258&#8243; alignment=&#8221;center&#8221;][cms_heading text=&#8221;3 na\u010dina za iskustvo uronjene stvarnosti&#8221; align_lg=&#8221;align-center&#8221; align_md=&#8221;align-center-md&#8221; align_sm=&#8221;align-center-sm&#8221; align_xs=&#8221;align-center-xs&#8221; cms_template=&#8221;cms_heading&#8211;layout3.php&#8221; sub_title=&#8221;3 na\u010dina za do\u017eivljaj s MR i VR nao\u010dalama&#8221;][vc_empty_space height=&#8221;50px&#8221;][vc_row_inner][vc_column_inner width=&#8221;1\/2&#8243;][cms_heading text_before=&#8221;1. Me\u0161ana stvarnost (MR) u prostorima dvorca&#8221; tag=&#8221;h4&#8243; cms_template=&#8221;cms_heading&#8211;layout2.php&#8221;][vc_column_text]<strong>Uz VR\/MR nao\u010dale, posjetitelji mogu sudjelovati u povijesnoj avanturi dok fizi\u010dki istra\u017euju sobe dvorca.<\/strong> Me\u0161ana stvarnost o\u017eivljava virtualni svijet unutar zidina dvorca, od srednjovjekovnih dvoboja i rituala udvaranja do kulinarskih istra\u017eivanja u srednjovjekovnoj kuhinji dvorca. Ova metoda jedinstveno kombinira stvarne prostore s virtualnim animacijama, povezuju\u0107i pro\u0161lost dvorca Podsreda sa sada\u0161njicom.[\/vc_column_text][vc_empty_space][cms_heading text_before=&#8221;2. Virtualna stvarnost (VR) s bilo koje lokacije&#8221; tag=&#8221;h4&#8243; cms_template=&#8221;cms_heading&#8211;layout2.php&#8221;][vc_column_text]<strong>Ovo iskustvo dostupno je i kao virtualna tura, omogu\u0107uju\u0107i posjetiteljima da istra\u017euju dvorac s bilo koje lokacije, uklju\u010duju\u0107i one sa ograni\u010denom pokretljivo\u0161\u0107u.<\/strong> Nao\u010dale pru\u017eaju potpuno uronjeno virtualno iskustvo, omogu\u0107uju\u0107i vam da u\u017eivate u avanturi udobno smje\u0161teni u na\u0161oj dvoranskoj kancelariji ili na nekoj drugoj lokaciji. Ova opcija idealna je za sve koji \u017eele do\u017eivjeti dvorac Podsreda na daljinu ili imaju ograni\u010denja u kretanju.[\/vc_column_text][vc_empty_space][cms_heading text_before=&#8221;3. 360-stupanjski obilazak dvorca za posjetitelje s ograni\u010denom pokretljivo\u0161\u0107u&#8221; tag=&#8221;h4&#8243; cms_template=&#8221;cms_heading&#8211;layout2.php&#8221;][vc_column_text]<strong>Za one koji zbog ograni\u010dene pokretljivosti ili udaljenosti ne mogu istra\u017eiti sobe dvorca, dostupan je 360-stupanjski virtualni obilazak.<\/strong> Posjetitelji mogu u\u017eivati u uronjenoj turi po prostorijama dvorca Podsreda i otkrivati njegove pri\u010de iz udobnosti na\u0161e kancelarije ili bilo koje druge lokacije \u2013 sve to bez potrebe da zakora\u010de unutar dvorca. Ova opcija pru\u017ea svakome priliku da do\u017eivi bogatu povijesnu atmosferu dvorca Podsreda na potpuno pristupa\u010dan na\u010din.[\/vc_column_text][vc_message message_box_color=&#8221;chino&#8221;]<strong>Rezervacija virtualnog obilaska dvorca mogu\u0107a je u bilo koje vrijeme unutar radnog vremena dvorca;<\/strong> osigurajte svoj termin i pi\u0161ite nam na e-mail <a href=\"mailto:info@castlepodsreda.com\">info@castlepodsreda.com<\/a> ili nazovite nas na broj +386 41 419 996.[\/vc_message][\/vc_column_inner][vc_column_inner width=&#8221;1\/2&#8243;][vc_single_image image=&#8221;37423&#8243; img_size=&#8221;full&#8221;][vc_single_image image=&#8221;37429&#8243; img_size=&#8221;full&#8221;][vc_single_image image=&#8221;37426&#8243; img_size=&#8221;full&#8221;][\/vc_column_inner][\/vc_row_inner][vc_empty_space height=&#8221;50px&#8221;][vc_single_image image=&#8221;13258&#8243; alignment=&#8221;center&#8221;][cms_heading text=&#8221;Pri\u010de grofa Hladnoga \u2013 Interaktivna obrazovna komedija&#8221; align_lg=&#8221;align-center&#8221; align_md=&#8221;align-center-md&#8221; align_sm=&#8221;align-center-sm&#8221; align_xs=&#8221;align-center-xs&#8221; cms_template=&#8221;cms_heading&#8211;layout3.php&#8221; sub_title=&#8221;Istra\u017eite povijest dvorca Podsreda kroz o\u010di njegovog duha grofa.&#8221;][vc_column_text]<\/p>\n<p style=\"text-align: center;\"><em>Pri\u010de grofa Hladnoga<\/em> odvijaju se u osam interaktivnih \u010dinova, od kojih svaki vodi posjetitelje kroz zna\u010dajne povijesne doga\u0111aje iz pro\u0161losti dvorca.<\/p>\n<p style=\"text-align: center;\"><strong> Duhoviti duh dvorca, grof Hladni, vodi goste kroz razli\u010dite teme, uklju\u010duju\u0107i srednjovjekovne bitke, tajne kuhinje i tamnice, obnovu dvorca, teror Crne smrti, legende o svetoj Emini Kr\u0161koj i inovacije tog vremena.<\/strong> Njegova duhovita pomo\u0107nica, Govorna Tabla, dodaje humor i \u0161arm pri\u010di.<\/p>\n<p style=\"text-align: center;\">Svaki \u010din uklju\u010duje zagonetke, skrivene predmete i zadatke, uvode\u0107i posjetitelje u povijest dvorca na zabavan i zanimljiv na\u010din.<\/p>\n<p>[\/vc_column_text][\/vc_column][\/vc_row][vc_row][vc_column][vc_empty_space height=&#8221;50px&#8221;][vc_single_image image=&#8221;13258&#8243; alignment=&#8221;center&#8221;][cms_heading text=&#8221;\u0160to ovo iskustvo \u010dini nezaboravnim?&#8221; align_lg=&#8221;align-center&#8221; align_md=&#8221;align-center-md&#8221; align_sm=&#8221;align-center-sm&#8221; align_xs=&#8221;align-center-xs&#8221; cms_template=&#8221;cms_heading&#8211;layout3.php&#8221;][vc_row_inner][vc_column_inner width=&#8221;1\/2&#8243;][vc_empty_space height=&#8221;50px&#8221;][cms_fancybox icon_fontawesome=&#8221;fas fa-apple-alt&#8221; cms_template=&#8221;cms_fancybox&#8211;layout3.php&#8221; el_title=&#8221;Interaktivni zadaci i simboli\u010dna jabuka&#8221; fcb_description=&#8221;Iskustvo uklju\u010duje interaktivne izazove koji poti\u010du posjetitelje da rje\u0161avaju zagonetke, tra\u017ee skrivene predmete i sudjeluju u povijesnim rekonstrukcijama. Skupljanje virtualnih kri\u0161ki jabuka, koje zajedno \u010dine tradicionalnu jabuku carjevi\u010d iz regije Kozjansko, klju\u010dno je u igri. Ova simboli\u010dna jabuka predstavlja o\u010duvanje biolo\u0161ke raznolikosti i naslje\u0111e rijetkih slovenskih sorti jabuka, povezuju\u0107i posjetitelje s lokalnom kulturom.&#8221;][cms_fancybox icon_fontawesome=&#8221;fab fa-snapchat-ghost&#8221; cms_template=&#8221;cms_fancybox&#8211;layout3.php&#8221; el_title=&#8221;Putovanje za sve generacije \u2013 Do\u017eivite povijest kroz igru&#8221; fcb_description=&#8221;Pri\u010de grofa Hladnoga nude zabavu za sve uzraste \u2013 obitelji, ljubitelje povijesti i znati\u017eeljne posjetitelje koji \u017eele otkriti tajne dvorca Podsreda na interaktivan i razigran na\u010din.&#8221;][cms_fancybox icon_fontawesome=&#8221;fas fa-wheelchair&#8221; cms_template=&#8221;cms_fancybox&#8211;layout3.php&#8221; el_title=&#8221;Pristupa\u010dnost za posjetitelje s ograni\u010denom pokretljivo\u0161\u0107u&#8221; fcb_description=&#8221;Iskustvo Pri\u010de grofa Hladnoga prilago\u0111eno je i za posjetitelje s ograni\u010denom pokretljivo\u0161\u0107u. VR tehnologija omogu\u0107uje posjetiteljima koji ne mogu sami savladati stepenice dvorca da u\u017eivaju u 360-stupanjskom virtualnom obilasku dvorca i Pri\u010dama grofa Hladnoga.&#8221;][\/vc_column_inner][vc_column_inner width=&#8221;1\/2&#8243;][vc_single_image image=&#8221;37345&#8243; img_size=&#8221;full&#8221;][\/vc_column_inner][\/vc_row_inner][\/vc_column][\/vc_row][vc_row][vc_column][vc_empty_space height=&#8221;50px&#8221;][vc_single_image image=&#8221;13258&#8243; alignment=&#8221;center&#8221;][cms_heading text=&#8221;Cjenik virtualnih do\u017eivljaja u dvorcu Podsreda&#8221; align_lg=&#8221;align-center&#8221; align_md=&#8221;align-center-md&#8221; align_sm=&#8221;align-center-sm&#8221; align_xs=&#8221;align-center-xs&#8221; cms_template=&#8221;cms_heading&#8211;layout3.php&#8221;][\/vc_column][vc_column width=&#8221;1\/3&#8243;][cms_pricing el_title=&#8221;&#8220;PRI\u010cE GROFA HLADNOG&#8220;&#8221; price=&#8221;Mje\u0161ovita stvarnost (MR) u dvorcu Podsreda&#8221; price_size=&#8221;20&#8243; cms_pricing=&#8221;%5B%7B%22pricing_item%22%3A%22Odrasli%3A%2013%2C00%20%E2%82%AC%22%7D%2C%7B%22pricing_item%22%3A%22Mladi%2C%20studenti%3A%2010%2C50%20%E2%82%AC%22%7D%2C%7B%22pricing_item%22%3A%22Umirovljenici%3A%2011%2C50%20%E2%82%AC%22%7D%2C%7B%22pricing_item%22%3A%22Obitelj%20(2%20odrasla%2C%201%20dijete)%3A%2033%2C00%20%E2%82%AC%22%7D%2C%7B%22pricing_item%22%3A%22Obitelj%20(2%20odrasla%2C%202%20djece)%3A%2040%2C00%20%E2%82%AC%22%7D%5D&#8221; cms_template=&#8221;cms_pricing.php&#8221;][\/vc_column][vc_column width=&#8221;1\/3&#8243;][cms_pricing el_title=&#8221;&#8220;PRI\u010cE GROFA HLADNOG&#8220;&#8221; price=&#8221;Virtualna stvarnost (VR) u uredima dvorca ili na drugoj lokaciji&#8221; price_size=&#8221;20&#8243; cms_pricing=&#8221;%5B%7B%22pricing_item%22%3A%22Cijena%20po%20osobi%3A%206%2C00%20%E2%82%AC%22%7D%5D&#8221; cms_template=&#8221;cms_pricing.php&#8221;][\/vc_column][vc_column width=&#8221;1\/3&#8243;][cms_pricing el_title=&#8221;360\u00b0 RAZGLED DVORCA PODSREDA&#8221; price=&#8221;Virtualni obilazak dvorca (VR) iz ureda ili druge lokacije&#8221; price_size=&#8221;20&#8243; cms_pricing=&#8221;%5B%7B%22pricing_item%22%3A%22Cijena%20po%20osobi%3A%202%2C00%20%E2%82%AC%22%7D%5D&#8221; cms_template=&#8221;cms_pricing.php&#8221;][\/vc_column][\/vc_row][vc_row][vc_column][vc_empty_space height=&#8221;50px&#8221;][vc_single_image image=&#8221;13258&#8243; alignment=&#8221;center&#8221;][vc_column_text]<\/p>\n<h3 style=\"text-align: center;\">Rezervacija posjete za Pri\u010de grofa Hladnoga<\/h3>\n<p>&nbsp;<\/p>\n<p>Za iskustvo <em>Pri\u010de grofa Hladnoga<\/em> u dvorcu Podsreda <strong>potrebna je prethodna rezervacija<\/strong>. Evo kako mo\u017eete rezervirati:<\/p>\n<ol>\n<li><strong>Popunite podatke i odaberite termin: <\/strong>Svaki posjetitelj ispunjava obrazac za rezervaciju na ovoj stranici s potrebnim podacima: ime i prezime, broj telefona, email adresa i \u017eeljeni termin ture. \u010cetiri termina su dostupna dnevno (u 10:30, 11:30, 12:30 i 13:30 sati), a za svaki termin dostupno je do 6 VR\/MR nao\u010dala.<\/li>\n<\/ol>\n<ol start=\"2\">\n<li><strong>Obrada rezervacije i ru\u010dna potvrda:<\/strong> Nakon uspje\u0161nog popunjavanja obrasca, na web stranici \u0107e se pojaviti obavijest da je zahtjev uspje\u0161no poslan. Na\u0161 tim \u0107e provjeriti dostupnost VR\/MR nao\u010dala za izabrani termin i obavijestiti vas putem emaila o potvrdi ili alternativnoj dostupnosti.<\/li>\n<li><strong>Primanje informacija o rezervaciji:<\/strong> Kada je va\u0161a rezervacija obra\u0111ena, na unesenu email adresu primit \u0107ete slu\u017ebenu potvrdu i dodatne informacije o va\u0161oj posjeti.<\/li>\n<\/ol>\n<p><strong>Po dolasku u dvorac<\/strong><\/p>\n<p>Na dan posjete, molimo vas da se prijavite na recepciji dvorca Podsreda nekoliko minuta prije izabranog termina. Iskustvo \u0107e zapo\u010deti audio vo\u0111enjem kroz prostorije dvorca (traje 0,5 sat), nakon \u010dega slijedi <em>Pri\u010de grofa Hladnoga<\/em> u tehnologiji me\u0161ane ili virtualne stvarnosti.[\/vc_column_text][\/vc_column][\/vc_row][vc_row css=&#8221;.vc_custom_1730907473382{background-color: #a4835f !important;}&#8221;][vc_column width=&#8221;1\/6&#8243;][\/vc_column][vc_column width=&#8221;2\/3&#8243;][vc_column_text]<iframe src=\"https:\/\/castlepodsreda.com\/hr\/wp-json\/ssa\/v1\/embed-inner?integration&type=consultation-phone-call&label&types=1&edit&view&payment_provider&ssa_locale=hr&ssa_is_rtl&sid=c525b8ab6718cc56724ae9f9edb2c2eb2f386038&availability_start_date&availability_end_date&suggest_first_available&suggest_first_available_within_minutes&flow&fallback_flow&time_view&date_view&appointment_types_view&version&accent_color&background&padding&font&booking_url=https%3A%2F%2Fcastlepodsreda.com%2Fhr%2Fotkrijte-price-grofa-hladnoga-interaktivno-iskustvo-u-mesanoj-stvarnosti-u-dvorcu-podsreda%2F&booking_post_id=37368&booking_title=OTKRIJTE+PRI%C4%8CE+GROFA+HLADNOGA+%E2%80%93+interaktivno+iskustvo+u+me%C5%A1anoj+stvarnosti+u+dvorcu+Podsreda&_wpnonce=7398b56b55&redirect_post_id#\/\" height=\"400px\" width=\"100%\" name=\"ssa_booking\" loading=\"eager\" frameborder=\"0\" data-skip-lazy=\"1\" class=\"ssa_booking_iframe skip-lazy\" title=\"Book a time\"><\/iframe>[\/vc_column_text][\/vc_column][vc_column width=&#8221;1\/6&#8243;][\/vc_column][\/vc_row][vc_row][vc_column][vc_single_image image=&#8221;37927&#8243; img_size=&#8221;full&#8221; alignment=&#8221;center&#8221;][\/vc_column][\/vc_row]<\/p>\n","protected":false},"excerpt":{"rendered":"<p>[vc_row][vc_column][vc_single_image image=&#8221;13258&#8243; alignment=&#8221;center&#8221;][vc_empty_space height=&#8221;20px&#8221;][vc_column_text] OTKRIJTE PRI\u010cE GROFA HLADNOGA Uronite u pri\u010de dvorca Podsreda kroz me\u0161anu stvarnost. [\/vc_column_text][vc_empty_space height=&#8221;20px&#8221;][\/vc_column][\/vc_row][vc_row][vc_column][vc_row_inner][vc_column_inner width=&#8221;1\/2&#8243;][vc_empty_space][vc_column_text]Dvorac Podsreda poziva posjetitelje da do\u017eive Pri\u010de grofa Hladnoga, interaktivno putovanje kroz povijest koje spaja zabavu i obrazovanje uz naprednu tehnologiju uronjene stvarnosti (VR\/MR). Ovo iskustvo nudi tri na\u010dina kori\u0161tenja Meta Quest ure\u0111aja za virtualnu i me\u0161anu [&hellip;]<\/p>\n","protected":false},"author":1,"featured_media":0,"parent":0,"menu_order":0,"comment_status":"closed","ping_status":"closed","template":"","meta":[],"yoast_head":"<!-- This site is optimized with the Yoast SEO plugin v19.14 - https:\/\/yoast.com\/wordpress\/plugins\/seo\/ -->\n<title>OTKRIJTE PRI\u010cE GROFA HLADNOGA \u2013 interaktivno iskustvo u me\u0161anoj stvarnosti u dvorcu Podsreda | Grad Podsreda | Sobe in apartmaji | Grajska ponudba<\/title>\n<meta name=\"robots\" content=\"index, follow, max-snippet:-1, max-image-preview:large, max-video-preview:-1\" \/>\n<link rel=\"canonical\" href=\"https:\/\/castlepodsreda.com\/hr\/otkrijte-price-grofa-hladnoga-interaktivno-iskustvo-u-mesanoj-stvarnosti-u-dvorcu-podsreda\/\" \/>\n<meta property=\"og:locale\" content=\"hr_HR\" \/>\n<meta property=\"og:type\" content=\"article\" \/>\n<meta property=\"og:title\" content=\"OTKRIJTE PRI\u010cE GROFA HLADNOGA \u2013 interaktivno iskustvo u me\u0161anoj stvarnosti u dvorcu Podsreda | Grad Podsreda | Sobe in apartmaji | Grajska ponudba\" \/>\n<meta property=\"og:description\" content=\"[vc_row][vc_column][vc_single_image image=&#8221;13258&#8243; alignment=&#8221;center&#8221;][vc_empty_space height=&#8221;20px&#8221;][vc_column_text] OTKRIJTE PRI\u010cE GROFA HLADNOGA Uronite u pri\u010de dvorca Podsreda kroz me\u0161anu stvarnost. [\/vc_column_text][vc_empty_space height=&#8221;20px&#8221;][\/vc_column][\/vc_row][vc_row][vc_column][vc_row_inner][vc_column_inner width=&#8221;1\/2&#8243;][vc_empty_space][vc_column_text]Dvorac Podsreda poziva posjetitelje da do\u017eive Pri\u010de grofa Hladnoga, interaktivno putovanje kroz povijest koje spaja zabavu i obrazovanje uz naprednu tehnologiju uronjene stvarnosti (VR\/MR). Ovo iskustvo nudi tri na\u010dina kori\u0161tenja Meta Quest ure\u0111aja za virtualnu i me\u0161anu [&hellip;]\" \/>\n<meta property=\"og:url\" content=\"https:\/\/castlepodsreda.com\/hr\/otkrijte-price-grofa-hladnoga-interaktivno-iskustvo-u-mesanoj-stvarnosti-u-dvorcu-podsreda\/\" \/>\n<meta property=\"og:site_name\" content=\"Grad Podsreda | Sobe in apartmaji | Grajska ponudba\" \/>\n<meta property=\"article:publisher\" content=\"https:\/\/www.facebook.com\/podsredacastle\" \/>\n<meta property=\"article:modified_time\" content=\"2025-02-28T19:55:28+00:00\" \/>\n<meta name=\"twitter:card\" content=\"summary_large_image\" \/>\n<meta name=\"twitter:label1\" content=\"Procijenjeno vrijeme \u010ditanja\" \/>\n\t<meta name=\"twitter:data1\" content=\"5 minuta\" \/>\n<script type=\"application\/ld+json\" class=\"yoast-schema-graph\">{\"@context\":\"https:\/\/schema.org\",\"@graph\":[{\"@type\":\"WebPage\",\"@id\":\"https:\/\/castlepodsreda.com\/hr\/otkrijte-price-grofa-hladnoga-interaktivno-iskustvo-u-mesanoj-stvarnosti-u-dvorcu-podsreda\/\",\"url\":\"https:\/\/castlepodsreda.com\/hr\/otkrijte-price-grofa-hladnoga-interaktivno-iskustvo-u-mesanoj-stvarnosti-u-dvorcu-podsreda\/\",\"name\":\"OTKRIJTE PRI\u010cE GROFA HLADNOGA \u2013 interaktivno iskustvo u me\u0161anoj stvarnosti u dvorcu Podsreda | Grad Podsreda | Sobe in apartmaji | Grajska ponudba\",\"isPartOf\":{\"@id\":\"https:\/\/castlepodsreda.com\/hr\/#website\"},\"datePublished\":\"2024-11-06T15:46:57+00:00\",\"dateModified\":\"2025-02-28T19:55:28+00:00\",\"breadcrumb\":{\"@id\":\"https:\/\/castlepodsreda.com\/hr\/otkrijte-price-grofa-hladnoga-interaktivno-iskustvo-u-mesanoj-stvarnosti-u-dvorcu-podsreda\/#breadcrumb\"},\"inLanguage\":\"hr\",\"potentialAction\":[{\"@type\":\"ReadAction\",\"target\":[\"https:\/\/castlepodsreda.com\/hr\/otkrijte-price-grofa-hladnoga-interaktivno-iskustvo-u-mesanoj-stvarnosti-u-dvorcu-podsreda\/\"]}]},{\"@type\":\"BreadcrumbList\",\"@id\":\"https:\/\/castlepodsreda.com\/hr\/otkrijte-price-grofa-hladnoga-interaktivno-iskustvo-u-mesanoj-stvarnosti-u-dvorcu-podsreda\/#breadcrumb\",\"itemListElement\":[{\"@type\":\"ListItem\",\"position\":1,\"name\":\"Home\",\"item\":\"https:\/\/castlepodsreda.com\/hr\/\"},{\"@type\":\"ListItem\",\"position\":2,\"name\":\"OTKRIJTE PRI\u010cE GROFA HLADNOGA \u2013 interaktivno iskustvo u me\u0161anoj stvarnosti u dvorcu Podsreda\"}]},{\"@type\":\"WebSite\",\"@id\":\"https:\/\/castlepodsreda.com\/hr\/#website\",\"url\":\"https:\/\/castlepodsreda.com\/hr\/\",\"name\":\"Grad Podsreda | Sobe in apartmaji | Grajska ponudba\",\"description\":\"Najbolj grajski med gradovi v Sloveniji\",\"publisher\":{\"@id\":\"https:\/\/castlepodsreda.com\/hr\/#organization\"},\"potentialAction\":[{\"@type\":\"SearchAction\",\"target\":{\"@type\":\"EntryPoint\",\"urlTemplate\":\"https:\/\/castlepodsreda.com\/hr\/?s={search_term_string}\"},\"query-input\":\"required name=search_term_string\"}],\"inLanguage\":\"hr\"},{\"@type\":\"Organization\",\"@id\":\"https:\/\/castlepodsreda.com\/hr\/#organization\",\"name\":\"Grad Podsreda | Sobe in apartmaji | Grajska ponudba\",\"url\":\"https:\/\/castlepodsreda.com\/hr\/\",\"logo\":{\"@type\":\"ImageObject\",\"inLanguage\":\"hr\",\"@id\":\"https:\/\/castlepodsreda.com\/hr\/#\/schema\/logo\/image\/\",\"url\":\"https:\/\/castlepodsreda.com\/wp-content\/uploads\/2020\/04\/logo-grad-podsreda-2.jpg\",\"contentUrl\":\"https:\/\/castlepodsreda.com\/wp-content\/uploads\/2020\/04\/logo-grad-podsreda-2.jpg\",\"width\":576,\"height\":576,\"caption\":\"Grad Podsreda | Sobe in apartmaji | Grajska ponudba\"},\"image\":{\"@id\":\"https:\/\/castlepodsreda.com\/hr\/#\/schema\/logo\/image\/\"},\"sameAs\":[\"https:\/\/www.instagram.com\/podsredacastle\/\",\"https:\/\/www.facebook.com\/podsredacastle\"]}]}<\/script>\n<!-- \/ Yoast SEO plugin. -->","yoast_head_json":{"title":"OTKRIJTE PRI\u010cE GROFA HLADNOGA \u2013 interaktivno iskustvo u me\u0161anoj stvarnosti u dvorcu Podsreda | Grad Podsreda | Sobe in apartmaji | Grajska ponudba","robots":{"index":"index","follow":"follow","max-snippet":"max-snippet:-1","max-image-preview":"max-image-preview:large","max-video-preview":"max-video-preview:-1"},"canonical":"https:\/\/castlepodsreda.com\/hr\/otkrijte-price-grofa-hladnoga-interaktivno-iskustvo-u-mesanoj-stvarnosti-u-dvorcu-podsreda\/","og_locale":"hr_HR","og_type":"article","og_title":"OTKRIJTE PRI\u010cE GROFA HLADNOGA \u2013 interaktivno iskustvo u me\u0161anoj stvarnosti u dvorcu Podsreda | Grad Podsreda | Sobe in apartmaji | Grajska ponudba","og_description":"[vc_row][vc_column][vc_single_image image=&#8221;13258&#8243; alignment=&#8221;center&#8221;][vc_empty_space height=&#8221;20px&#8221;][vc_column_text] OTKRIJTE PRI\u010cE GROFA HLADNOGA Uronite u pri\u010de dvorca Podsreda kroz me\u0161anu stvarnost. [\/vc_column_text][vc_empty_space height=&#8221;20px&#8221;][\/vc_column][\/vc_row][vc_row][vc_column][vc_row_inner][vc_column_inner width=&#8221;1\/2&#8243;][vc_empty_space][vc_column_text]Dvorac Podsreda poziva posjetitelje da do\u017eive Pri\u010de grofa Hladnoga, interaktivno putovanje kroz povijest koje spaja zabavu i obrazovanje uz naprednu tehnologiju uronjene stvarnosti (VR\/MR). Ovo iskustvo nudi tri na\u010dina kori\u0161tenja Meta Quest ure\u0111aja za virtualnu i me\u0161anu [&hellip;]","og_url":"https:\/\/castlepodsreda.com\/hr\/otkrijte-price-grofa-hladnoga-interaktivno-iskustvo-u-mesanoj-stvarnosti-u-dvorcu-podsreda\/","og_site_name":"Grad Podsreda | Sobe in apartmaji | Grajska ponudba","article_publisher":"https:\/\/www.facebook.com\/podsredacastle","article_modified_time":"2025-02-28T19:55:28+00:00","twitter_card":"summary_large_image","twitter_misc":{"Procijenjeno vrijeme \u010ditanja":"5 minuta"},"schema":{"@context":"https:\/\/schema.org","@graph":[{"@type":"WebPage","@id":"https:\/\/castlepodsreda.com\/hr\/otkrijte-price-grofa-hladnoga-interaktivno-iskustvo-u-mesanoj-stvarnosti-u-dvorcu-podsreda\/","url":"https:\/\/castlepodsreda.com\/hr\/otkrijte-price-grofa-hladnoga-interaktivno-iskustvo-u-mesanoj-stvarnosti-u-dvorcu-podsreda\/","name":"OTKRIJTE PRI\u010cE GROFA HLADNOGA \u2013 interaktivno iskustvo u me\u0161anoj stvarnosti u dvorcu Podsreda | Grad Podsreda | Sobe in apartmaji | Grajska ponudba","isPartOf":{"@id":"https:\/\/castlepodsreda.com\/hr\/#website"},"datePublished":"2024-11-06T15:46:57+00:00","dateModified":"2025-02-28T19:55:28+00:00","breadcrumb":{"@id":"https:\/\/castlepodsreda.com\/hr\/otkrijte-price-grofa-hladnoga-interaktivno-iskustvo-u-mesanoj-stvarnosti-u-dvorcu-podsreda\/#breadcrumb"},"inLanguage":"hr","potentialAction":[{"@type":"ReadAction","target":["https:\/\/castlepodsreda.com\/hr\/otkrijte-price-grofa-hladnoga-interaktivno-iskustvo-u-mesanoj-stvarnosti-u-dvorcu-podsreda\/"]}]},{"@type":"BreadcrumbList","@id":"https:\/\/castlepodsreda.com\/hr\/otkrijte-price-grofa-hladnoga-interaktivno-iskustvo-u-mesanoj-stvarnosti-u-dvorcu-podsreda\/#breadcrumb","itemListElement":[{"@type":"ListItem","position":1,"name":"Home","item":"https:\/\/castlepodsreda.com\/hr\/"},{"@type":"ListItem","position":2,"name":"OTKRIJTE PRI\u010cE GROFA HLADNOGA \u2013 interaktivno iskustvo u me\u0161anoj stvarnosti u dvorcu Podsreda"}]},{"@type":"WebSite","@id":"https:\/\/castlepodsreda.com\/hr\/#website","url":"https:\/\/castlepodsreda.com\/hr\/","name":"Grad Podsreda | Sobe in apartmaji | Grajska ponudba","description":"Najbolj grajski med gradovi v Sloveniji","publisher":{"@id":"https:\/\/castlepodsreda.com\/hr\/#organization"},"potentialAction":[{"@type":"SearchAction","target":{"@type":"EntryPoint","urlTemplate":"https:\/\/castlepodsreda.com\/hr\/?s={search_term_string}"},"query-input":"required name=search_term_string"}],"inLanguage":"hr"},{"@type":"Organization","@id":"https:\/\/castlepodsreda.com\/hr\/#organization","name":"Grad Podsreda | Sobe in apartmaji | Grajska ponudba","url":"https:\/\/castlepodsreda.com\/hr\/","logo":{"@type":"ImageObject","inLanguage":"hr","@id":"https:\/\/castlepodsreda.com\/hr\/#\/schema\/logo\/image\/","url":"https:\/\/castlepodsreda.com\/wp-content\/uploads\/2020\/04\/logo-grad-podsreda-2.jpg","contentUrl":"https:\/\/castlepodsreda.com\/wp-content\/uploads\/2020\/04\/logo-grad-podsreda-2.jpg","width":576,"height":576,"caption":"Grad Podsreda | Sobe in apartmaji | Grajska ponudba"},"image":{"@id":"https:\/\/castlepodsreda.com\/hr\/#\/schema\/logo\/image\/"},"sameAs":["https:\/\/www.instagram.com\/podsredacastle\/","https:\/\/www.facebook.com\/podsredacastle"]}]}},"_links":{"self":[{"href":"https:\/\/castlepodsreda.com\/hr\/wp-json\/wp\/v2\/pages\/37368"}],"collection":[{"href":"https:\/\/castlepodsreda.com\/hr\/wp-json\/wp\/v2\/pages"}],"about":[{"href":"https:\/\/castlepodsreda.com\/hr\/wp-json\/wp\/v2\/types\/page"}],"author":[{"embeddable":true,"href":"https:\/\/castlepodsreda.com\/hr\/wp-json\/wp\/v2\/users\/1"}],"replies":[{"embeddable":true,"href":"https:\/\/castlepodsreda.com\/hr\/wp-json\/wp\/v2\/comments?post=37368"}],"version-history":[{"count":10,"href":"https:\/\/castlepodsreda.com\/hr\/wp-json\/wp\/v2\/pages\/37368\/revisions"}],"predecessor-version":[{"id":37931,"href":"https:\/\/castlepodsreda.com\/hr\/wp-json\/wp\/v2\/pages\/37368\/revisions\/37931"}],"wp:attachment":[{"href":"https:\/\/castlepodsreda.com\/hr\/wp-json\/wp\/v2\/media?parent=37368"}],"curies":[{"name":"wp","href":"https:\/\/api.w.org\/{rel}","templated":true}]}}