{"id":39672,"date":"2025-11-28T15:58:21","date_gmt":"2025-11-28T15:58:21","guid":{"rendered":"https:\/\/castlepodsreda.com\/?page_id=39672"},"modified":"2026-01-26T09:09:05","modified_gmt":"2026-01-26T09:09:05","slug":"privatni-dvorski-wellness","status":"publish","type":"page","link":"https:\/\/castlepodsreda.com\/hr\/privatni-dvorski-wellness\/","title":{"rendered":"PRIVATNI DVORSKI WELLNESS"},"content":{"rendered":"<p>[vc_row][vc_column][vc_single_image image=&#8221;13258&#8243; img_size=&#8221;full&#8221; alignment=&#8221;center&#8221;][cms_heading text=&#8221;OTKRIJTE OAZU DVORSKOG MIRA&#8221; align_lg=&#8221;align-center&#8221; align_md=&#8221;align-center-md&#8221; align_sm=&#8221;align-center-sm&#8221; align_xs=&#8221;align-center-xs&#8221; cms_template=&#8221;cms_heading&#8211;layout3.php&#8221; sub_title=&#8221;Intimen wellness, oblikovan za popolno sprostitev v dvoje.&#8221;][vc_empty_space][\/vc_column][\/vc_row][vc_row][vc_column width=&#8221;1\/2&#8243;][vc_empty_space][vc_column_text]<\/p>\n<p style=\"text-align: center;\">Usred stoljetnih zidina, u zagrljaju netaknute prirode Parka prirode Kozjansko, skriva se profinjen prostor potpune relaksacije.<\/p>\n<p style=\"text-align: center;\">Privatni dvorac wellness, smje\u0161ten u donjem gospodarskom objektu Dvorca Podsreda, osmi\u0161ljen je kao intimna oaza mira \u2013 mjesto gdje se tradicija i suvremena udobnost stapaju u istinski luksuz za sva osjetila. Jacuzzi u obliku jabuke, simbola Kozjanskog, i toplina finske saune pozivaju na u\u017eivanje koje lije\u010di tijelo i um. U svjetlu svije\u0107a, sa zlatnim naglascima i pa\u017eljivo odabranim detaljima, svaki posjet postaje jedinstveno iskustvo opu\u0161tanja. Wellness je dostupan kako gostima dvorca i apartmana, tako i dnevnim posjetiteljima koji \u017eele bijeg od svakodnevice \u2013 u zaklonu povijesti i prirode.<\/p>\n<p style=\"text-align: center;\">Prijiu\u0161tite si nekoliko sati mira, ondje gdje vrijeme staje, a luksuz dobiva svoje pravo zna\u010denje.<\/p>\n<p>[\/vc_column_text][vc_empty_space][\/vc_column][vc_column width=&#8221;1\/2&#8243;][vc_single_image image=&#8221;39508&#8243; img_size=&#8221;full&#8221; alignment=&#8221;center&#8221;][\/vc_column][\/vc_row][vc_row][vc_column][vc_single_image image=&#8221;13258&#8243; img_size=&#8221;full&#8221; alignment=&#8221;center&#8221;][cms_heading text=&#8221;\u0160to uklju\u010duje dvorac wellness do\u017eivljaj?&#8221; align_lg=&#8221;align-center&#8221; align_md=&#8221;align-center-md&#8221; align_sm=&#8221;align-center-sm&#8221; align_xs=&#8221;align-center-xs&#8221; cms_template=&#8221;cms_heading&#8211;layout3.php&#8221; sub_title=&#8221;3 ure popolne sprostitve v grajskem ambientu&#8221;][vc_empty_space][\/vc_column][\/vc_row][vc_row][vc_column width=&#8221;1\/2&#8243;][vc_column_text]<\/p>\n<p style=\"text-align: center;\" data-start=\"0\" data-end=\"23\"><strong>Jacuzzi u obliku jabuke<\/strong><\/p>\n<p style=\"text-align: center;\" data-start=\"25\" data-end=\"290\" data-is-last-node=\"\" data-is-only-node=\"\">U sredi\u0161tu prostora dominira jedinstveni jacuzzi u obliku jabuke, koji simbolizira Kozjansko i njegovo prirodno bogatstvo.<br data-start=\"147\" data-end=\"150\" \/>Topla voda i nje\u017ene zelene nijanse keramike stvaraju osje\u0107aj ravnote\u017ee izme\u0111u prirode i povijesti \u2013 iskustvo koje opu\u0161ta tijelo i um hooking<\/p>\n<hr \/>\n<p style=\"text-align: center;\" data-start=\"0\" data-end=\"21\"><strong>Finska sauna za dvoje<\/strong><\/p>\n<p style=\"text-align: center;\" data-start=\"23\" data-end=\"264\" data-is-last-node=\"\" data-is-only-node=\"\">Udobna, svijetla i drvena finska sauna obavija vas toplinom koja opu\u0161ta napetosti i budi osje\u0107aj unutarnjeg mira.<br data-start=\"136\" data-end=\"139\" \/>Okrepljuju\u0107e saunanje u kombinaciji s mirnim dvoranskim ambijentom donosi savr\u0161enu ravnote\u017eu izme\u0111u opu\u0161tanja i regeneracije.<\/p>\n<hr \/>\n<p style=\"text-align: center;\" data-start=\"0\" data-end=\"26\"><strong>Prefinjen prostor za odmor<\/strong><\/p>\n<p style=\"text-align: center;\" data-start=\"28\" data-end=\"315\" data-is-last-node=\"\" data-is-only-node=\"\">Nakon saune i jacuzzija do\u010dekuju vas dvije udobne le\u017ealjke, mekani ru\u010dnici i pa\u017eljivo odabrani detalji u zlatno-crnim tonovima.<br data-start=\"155\" data-end=\"158\" \/>U pozadini nje\u017eno svjetlo svije\u0107a stvara intimnu i umiruju\u0107u atmosferu \u2013 savr\u0161enu za opu\u0161tanje uz \u010da\u0161u pjenu\u0161ca ili sok od jabuke iz Parka prirode Kozjansko.<\/p>\n<hr \/>\n<p style=\"text-align: center;\" data-start=\"0\" data-end=\"39\"><strong>Pjenu\u0161ac, sok od jabuke i dvoranski \u010daj<\/strong><\/p>\n<p style=\"text-align: center;\" data-start=\"41\" data-end=\"246\" data-is-last-node=\"\" data-is-only-node=\"\">Svaka rezervacija uklju\u010duje bocu lokalnog pjenu\u0161ca, litru prirodnog soka od jabuke te sve potrebno za pripremu dvoranskog \u010daja.<br data-start=\"168\" data-end=\"171\" \/>Do\u017eivite autenti\u010dne okuse Kozjanskog i priu\u0161tite si trenutak \u010distog u\u017eitka.<\/p>\n<hr \/>\n<p style=\"text-align: center;\" data-start=\"0\" data-end=\"21\"><strong>Privatnost i udobnost<\/strong><\/p>\n<p style=\"text-align: center;\" data-start=\"23\" data-end=\"271\" data-is-last-node=\"\" data-is-only-node=\"\">Cijeli wellness prostor tijekom rezervacije namijenjen je isklju\u010divo vama \u2013 bez drugih gostiju.<br data-start=\"118\" data-end=\"121\" \/>Svaki detalj pripremljen je za va\u0161 dolazak, kako biste se mogli u potpunosti prepustiti osje\u0107aju mira, topline i intime koje nudi dvoransko okru\u017eenje.<\/p>\n<hr \/>\n<div class=\"flex max-w-full flex-col grow\">\n<div class=\"min-h-8 text-message relative flex w-full flex-col items-end gap-2 text-start break-words whitespace-normal [.text-message+&amp;]:mt-1\" dir=\"auto\" data-message-author-role=\"assistant\" data-message-id=\"80f82b50-34b0-4c36-b575-b6f22ff52a6b\" data-message-model-slug=\"gpt-5-2\">\n<div class=\"flex w-full flex-col gap-1 empty:hidden first:pt-[1px]\">\n<div class=\"markdown prose dark:prose-invert w-full break-words light markdown-new-styling\">\n<p style=\"text-align: center;\" data-start=\"0\" data-end=\"139\" data-is-last-node=\"\" data-is-only-node=\"\"><strong>Rezervacija dvoranskog wellnessa mogu\u0107a je svim danima u tjednu<\/strong>.<br data-start=\"64\" data-end=\"67\" \/>Termin je potrebno osigurati unaprijed \u2013 najmanje 24 sata prije dolaska.<\/p>\n<\/div>\n<\/div>\n<\/div>\n<\/div>\n<div class=\"z-0 flex min-h-[46px] justify-start\"><\/div>\n<div class=\"mt-3 w-full empty:hidden\">\n<div class=\"text-center\">\n<div>\n<div class=\"inline-flex border border-gray-100 dark:border-gray-700 rounded-xl\">\n<div class=\"text-token-text-secondary flex items-center justify-center gap-4 px-4 py-2.5 text-sm whitespace-nowrap\"><\/div>\n<\/div>\n<\/div>\n<\/div>\n<\/div>\n<p>[\/vc_column_text][\/vc_column][vc_column width=&#8221;1\/2&#8243;][vc_single_image image=&#8221;39491&#8243; img_size=&#8221;full&#8221; alignment=&#8221;center&#8221; style=&#8221;vc_box_shadow_3d&#8221;][vc_single_image image=&#8221;39494&#8243; img_size=&#8221;full&#8221; alignment=&#8221;center&#8221; style=&#8221;vc_box_shadow_3d&#8221;][vc_single_image image=&#8221;39485&#8243; img_size=&#8221;full&#8221; alignment=&#8221;center&#8221; style=&#8221;vc_box_shadow_3d&#8221;][\/vc_column][\/vc_row][vc_row][vc_column][vc_single_image image=&#8221;13258&#8243; img_size=&#8221;full&#8221; alignment=&#8221;center&#8221;][cms_heading text=&#8221;Va\u017ene informacije&#8221; align_lg=&#8221;align-center&#8221; align_md=&#8221;align-center-md&#8221; align_sm=&#8221;align-center-sm&#8221; align_xs=&#8221;align-center-xs&#8221; cms_template=&#8221;cms_heading&#8211;layout3.php&#8221; sub_title=&#8221;Za 3 ure popolne sprostitve v grajskem ambientu&#8221;][\/vc_column][\/vc_row][vc_row][vc_column][vc_empty_space height=&#8221;40px&#8221;][vc_tta_accordion active_section=&#8221;8&#8243; collapsible_all=&#8221;true&#8221;][vc_tta_section title=&#8221;CJENIK&#8221; tab_id=&#8221;1764344006983-4ca7babc-bdc8&#8243;][vc_empty_space][vc_column_text]<\/p>\n<p style=\"text-align: center;\" data-start=\"0\" data-end=\"55\"><strong>Privatni dvoranski wellness (3 sata, 2 osobe): 110,00 \u20ac<\/strong><\/p>\n<p style=\"text-align: center;\" data-start=\"57\" data-end=\"74\">Cijena uklju\u010duje:<\/p>\n<p style=\"text-align: center;\" data-start=\"76\" data-end=\"373\" data-is-last-node=\"\" data-is-only-node=\"\">\u2022 jacuzzi u obliku jabuke (simbol Parka prirode Kozjansko),<br data-start=\"135\" data-end=\"138\" \/>\u2022 finsku saunu,<br data-start=\"153\" data-end=\"156\" data-is-only-node=\"\" \/>\u2022 mekane ru\u010dnike,<br data-start=\"173\" data-end=\"176\" \/>\u2022 bocu lokalnog pjenu\u0161ca,<br data-start=\"201\" data-end=\"204\" \/>\u2022 1 litru prirodnog soka od jabuke iz Parka prirode Kozjansko,<br data-start=\"266\" data-end=\"269\" \/>\u2022 sve za pripremu doma\u0107eg dvoranskog \u010daja,<br data-start=\"311\" data-end=\"314\" \/>\u2022 potpunu privatnost i pripremu prostora isklju\u010divo za vas.<\/p>\n<p>[\/vc_column_text][vc_empty_space][vc_empty_space][\/vc_tta_section][vc_tta_section title=&#8221;RASPOLO\u017dIVI TERMINI ZA NAJAM&#8221; tab_id=&#8221;1764343965803-8bcd639f-2d33&#8243;][vc_empty_space][vc_column_text]<\/p>\n<div class=\"flex flex-col text-sm pb-25\">\n<article class=\"text-token-text-primary w-full focus:outline-none [--shadow-height:45px] has-data-writing-block:pointer-events-none has-data-writing-block:-mt-(--shadow-height) has-data-writing-block:pt-(--shadow-height) [&amp;:has([data-writing-block])&gt;*]:pointer-events-auto scroll-mt-[calc(var(--header-height)+min(200px,max(70px,20svh)))]\" dir=\"auto\" tabindex=\"-1\" data-turn-id=\"request-WEB:1604bca4-bdb6-4ff1-b2d1-26a500a61e3a-22\" data-testid=\"conversation-turn-30\" data-scroll-anchor=\"true\" data-turn=\"assistant\">\n<div class=\"text-base my-auto mx-auto pb-10 [--thread-content-margin:--spacing(4)] @w-sm\/main:[--thread-content-margin:--spacing(6)] @w-lg\/main:[--thread-content-margin:--spacing(16)] px-(--thread-content-margin)\">\n<div class=\"[--thread-content-max-width:40rem] @w-lg\/main:[--thread-content-max-width:48rem] mx-auto max-w-(--thread-content-max-width) flex-1 group\/turn-messages focus-visible:outline-hidden relative flex w-full min-w-0 flex-col agent-turn\" tabindex=\"-1\">\n<div class=\"flex max-w-full flex-col grow\">\n<div class=\"min-h-8 text-message relative flex w-full flex-col items-end gap-2 text-start break-words whitespace-normal [.text-message+&amp;]:mt-1\" dir=\"auto\" data-message-author-role=\"assistant\" data-message-id=\"25edcb83-6f75-43fd-920e-ebdd90873fc6\" data-message-model-slug=\"gpt-5-2\">\n<div class=\"flex w-full flex-col gap-1 empty:hidden first:pt-[1px]\">\n<div class=\"markdown prose dark:prose-invert w-full break-words light markdown-new-styling\">\n<p style=\"text-align: center;\" data-start=\"0\" data-end=\"212\">Privatni dvoranski wellness dostupan je svim danima u tjednu i namijenjen je najvi\u0161e dvjema osobama.<\/p>\n<p style=\"text-align: center;\" data-start=\"0\" data-end=\"212\"><strong>Mogu\u0107i 3-satni termini:<\/strong><\/p>\n<p style=\"text-align: center;\" data-start=\"231\" data-end=\"277\">10:00 \u2013 13:00<br data-start=\"259\" data-end=\"262\" \/>16:00 \u2013 19:00<\/p>\n<p style=\"text-align: center;\" data-start=\"279\" data-end=\"423\">Rezervaciju je potrebno izvr\u0161iti najmanje 24 sata prije dolaska, kako bismo vam mogli osigurati savr\u0161enu pripremu prostora i potpunu privatnost.<\/p>\n<p style=\"text-align: center;\" data-start=\"425\" data-end=\"569\" data-is-last-node=\"\" data-is-only-node=\"\">Svaki posjet uklju\u010duje potpuno u\u017eivanje \u2013 od trenutka kada zakora\u010dite u dvoransku ti\u0161inu do posljednjeg gutljaja pjenu\u0161ca na kraju va\u0161eg odmora.<\/p>\n<\/div>\n<\/div>\n<\/div>\n<\/div>\n<\/div>\n<\/div>\n<\/article>\n<\/div>\n<div class=\"pointer-events-none h-px w-px absolute bottom-0\" style=\"text-align: center;\" aria-hidden=\"true\" data-edge=\"true\"><\/div>\n<p>[\/vc_column_text][vc_empty_space][\/vc_tta_section][vc_tta_section title=&#8221;REZERVACIJA DVORSKOG WELLNESSA&#8221; tab_id=&#8221;1764343965811-53d4f7cf-e880&#8243;][vc_empty_space][vc_column_text]<\/p>\n<p style=\"text-align: center;\" data-start=\"0\" data-end=\"92\">Za najam privatnog Dvorskog wellnessa u Dvorcu Podsreda potrebna je prethodna rezervacija.<\/p>\n<p style=\"text-align: center;\" data-start=\"94\" data-end=\"177\" data-is-last-node=\"\" data-is-only-node=\"\">Nazovite nas na <strong>+386 41 419 996<\/strong> ili nam po\u0161aljite e-mail na<strong> <a class=\"decorated-link cursor-pointer\" href=\"mailto:info@castlepodsreda.com\" rel=\"noopener\" data-start=\"154\" data-end=\"177\" data-is-last-node=\"\">info@castlepodsreda.com<\/a><\/strong><\/p>\n<p>[\/vc_column_text][vc_empty_space][\/vc_tta_section][vc_tta_section title=&#8221;NA DAN POSJETA&#8221; tab_id=&#8221;1764344430130-dcbea16b-7c21&#8243;][vc_empty_space][vc_column_text]<\/p>\n<p style=\"text-align: center;\" data-start=\"0\" data-end=\"142\">Prostor \u0107e vas do\u010dekati potpuno pripremljen \u2013 s ure\u0111enim ambijentom, \u010distim ru\u010dnicima, pi\u0107em dobrodo\u0161lice i toplinom koju pru\u017ea dvoranski mir.<\/p>\n<p style=\"text-align: center;\" data-start=\"144\" data-end=\"242\">Po dolasku se javite na <strong>recepciji Dvorca Podsreda<\/strong> nekoliko minuta prije po\u010detka odabranog termina.<\/p>\n<p style=\"text-align: center;\" data-start=\"244\" data-end=\"350\" data-is-last-node=\"\" data-is-only-node=\"\">Osoblje \u0107e vas ispratiti do wellness prostora i osigurati vam sve potrebno za savr\u0161eno iskustvo opu\u0161tanja.<\/p>\n<p>[\/vc_column_text][vc_empty_space][\/vc_tta_section][\/vc_tta_accordion][vc_empty_space height=&#8221;40px&#8221;][\/vc_column][\/vc_row][vc_row][vc_column width=&#8221;1\/3&#8243;][vc_single_image image=&#8221;39508&#8243; img_size=&#8221;full&#8221;][\/vc_column][vc_column width=&#8221;1\/3&#8243;][vc_single_image image=&#8221;39500&#8243; img_size=&#8221;full&#8221;][\/vc_column][vc_column width=&#8221;1\/3&#8243;][vc_single_image image=&#8221;39512&#8243; img_size=&#8221;full&#8221;][\/vc_column][\/vc_row]<\/p>\n","protected":false},"excerpt":{"rendered":"<p>[vc_row][vc_column][vc_single_image image=&#8221;13258&#8243; img_size=&#8221;full&#8221; alignment=&#8221;center&#8221;][cms_heading text=&#8221;OTKRIJTE OAZU DVORSKOG MIRA&#8221; align_lg=&#8221;align-center&#8221; align_md=&#8221;align-center-md&#8221; align_sm=&#8221;align-center-sm&#8221; align_xs=&#8221;align-center-xs&#8221; cms_template=&#8221;cms_heading&#8211;layout3.php&#8221; sub_title=&#8221;Intimen wellness, oblikovan za popolno sprostitev v dvoje.&#8221;][vc_empty_space][\/vc_column][\/vc_row][vc_row][vc_column width=&#8221;1\/2&#8243;][vc_empty_space][vc_column_text] Usred stoljetnih zidina, u zagrljaju netaknute prirode Parka prirode Kozjansko, skriva se profinjen prostor potpune relaksacije. Privatni dvorac wellness, smje\u0161ten u donjem gospodarskom objektu Dvorca Podsreda, osmi\u0161ljen je kao intimna oaza mira \u2013 [&hellip;]<\/p>\n","protected":false},"author":1,"featured_media":0,"parent":0,"menu_order":0,"comment_status":"closed","ping_status":"closed","template":"","meta":[],"yoast_head":"<!-- This site is optimized with the Yoast SEO plugin v19.14 - https:\/\/yoast.com\/wordpress\/plugins\/seo\/ -->\n<title>PRIVATNI DVORSKI WELLNESS | Grad Podsreda | Sobe in apartmaji | Grajska ponudba<\/title>\n<meta name=\"robots\" content=\"index, follow, max-snippet:-1, max-image-preview:large, max-video-preview:-1\" \/>\n<link rel=\"canonical\" href=\"https:\/\/castlepodsreda.com\/hr\/privatni-dvorski-wellness\/\" \/>\n<meta property=\"og:locale\" content=\"hr_HR\" \/>\n<meta property=\"og:type\" content=\"article\" \/>\n<meta property=\"og:title\" content=\"PRIVATNI DVORSKI WELLNESS | Grad Podsreda | Sobe in apartmaji | Grajska ponudba\" \/>\n<meta property=\"og:description\" content=\"[vc_row][vc_column][vc_single_image image=&#8221;13258&#8243; img_size=&#8221;full&#8221; alignment=&#8221;center&#8221;][cms_heading text=&#8221;OTKRIJTE OAZU DVORSKOG MIRA&#8221; align_lg=&#8221;align-center&#8221; align_md=&#8221;align-center-md&#8221; align_sm=&#8221;align-center-sm&#8221; align_xs=&#8221;align-center-xs&#8221; cms_template=&#8221;cms_heading&#8211;layout3.php&#8221; sub_title=&#8221;Intimen wellness, oblikovan za popolno sprostitev v dvoje.&#8221;][vc_empty_space][\/vc_column][\/vc_row][vc_row][vc_column width=&#8221;1\/2&#8243;][vc_empty_space][vc_column_text] Usred stoljetnih zidina, u zagrljaju netaknute prirode Parka prirode Kozjansko, skriva se profinjen prostor potpune relaksacije. Privatni dvorac wellness, smje\u0161ten u donjem gospodarskom objektu Dvorca Podsreda, osmi\u0161ljen je kao intimna oaza mira \u2013 [&hellip;]\" \/>\n<meta property=\"og:url\" content=\"https:\/\/castlepodsreda.com\/hr\/privatni-dvorski-wellness\/\" \/>\n<meta property=\"og:site_name\" content=\"Grad Podsreda | Sobe in apartmaji | Grajska ponudba\" \/>\n<meta property=\"article:publisher\" content=\"https:\/\/www.facebook.com\/podsredacastle\" \/>\n<meta property=\"article:modified_time\" content=\"2026-01-26T09:09:05+00:00\" \/>\n<meta name=\"twitter:card\" content=\"summary_large_image\" \/>\n<meta name=\"twitter:label1\" content=\"Procijenjeno vrijeme \u010ditanja\" \/>\n\t<meta name=\"twitter:data1\" content=\"4 minute\" \/>\n<script type=\"application\/ld+json\" class=\"yoast-schema-graph\">{\"@context\":\"https:\/\/schema.org\",\"@graph\":[{\"@type\":\"WebPage\",\"@id\":\"https:\/\/castlepodsreda.com\/hr\/privatni-dvorski-wellness\/\",\"url\":\"https:\/\/castlepodsreda.com\/hr\/privatni-dvorski-wellness\/\",\"name\":\"PRIVATNI DVORSKI WELLNESS | Grad Podsreda | Sobe in apartmaji | Grajska ponudba\",\"isPartOf\":{\"@id\":\"https:\/\/castlepodsreda.com\/hr\/#website\"},\"datePublished\":\"2025-11-28T15:58:21+00:00\",\"dateModified\":\"2026-01-26T09:09:05+00:00\",\"breadcrumb\":{\"@id\":\"https:\/\/castlepodsreda.com\/hr\/privatni-dvorski-wellness\/#breadcrumb\"},\"inLanguage\":\"hr\",\"potentialAction\":[{\"@type\":\"ReadAction\",\"target\":[\"https:\/\/castlepodsreda.com\/hr\/privatni-dvorski-wellness\/\"]}]},{\"@type\":\"BreadcrumbList\",\"@id\":\"https:\/\/castlepodsreda.com\/hr\/privatni-dvorski-wellness\/#breadcrumb\",\"itemListElement\":[{\"@type\":\"ListItem\",\"position\":1,\"name\":\"Home\",\"item\":\"https:\/\/castlepodsreda.com\/hr\/\"},{\"@type\":\"ListItem\",\"position\":2,\"name\":\"PRIVATNI DVORSKI WELLNESS\"}]},{\"@type\":\"WebSite\",\"@id\":\"https:\/\/castlepodsreda.com\/hr\/#website\",\"url\":\"https:\/\/castlepodsreda.com\/hr\/\",\"name\":\"Grad Podsreda | Sobe in apartmaji | Grajska ponudba\",\"description\":\"Najbolj grajski med gradovi v Sloveniji\",\"publisher\":{\"@id\":\"https:\/\/castlepodsreda.com\/hr\/#organization\"},\"potentialAction\":[{\"@type\":\"SearchAction\",\"target\":{\"@type\":\"EntryPoint\",\"urlTemplate\":\"https:\/\/castlepodsreda.com\/hr\/?s={search_term_string}\"},\"query-input\":\"required name=search_term_string\"}],\"inLanguage\":\"hr\"},{\"@type\":\"Organization\",\"@id\":\"https:\/\/castlepodsreda.com\/hr\/#organization\",\"name\":\"Grad Podsreda | Sobe in apartmaji | Grajska ponudba\",\"url\":\"https:\/\/castlepodsreda.com\/hr\/\",\"logo\":{\"@type\":\"ImageObject\",\"inLanguage\":\"hr\",\"@id\":\"https:\/\/castlepodsreda.com\/hr\/#\/schema\/logo\/image\/\",\"url\":\"https:\/\/castlepodsreda.com\/wp-content\/uploads\/2020\/04\/logo-grad-podsreda-2.jpg\",\"contentUrl\":\"https:\/\/castlepodsreda.com\/wp-content\/uploads\/2020\/04\/logo-grad-podsreda-2.jpg\",\"width\":576,\"height\":576,\"caption\":\"Grad Podsreda | Sobe in apartmaji | Grajska ponudba\"},\"image\":{\"@id\":\"https:\/\/castlepodsreda.com\/hr\/#\/schema\/logo\/image\/\"},\"sameAs\":[\"https:\/\/www.instagram.com\/podsredacastle\/\",\"https:\/\/www.facebook.com\/podsredacastle\"]}]}<\/script>\n<!-- \/ Yoast SEO plugin. -->","yoast_head_json":{"title":"PRIVATNI DVORSKI WELLNESS | Grad Podsreda | Sobe in apartmaji | Grajska ponudba","robots":{"index":"index","follow":"follow","max-snippet":"max-snippet:-1","max-image-preview":"max-image-preview:large","max-video-preview":"max-video-preview:-1"},"canonical":"https:\/\/castlepodsreda.com\/hr\/privatni-dvorski-wellness\/","og_locale":"hr_HR","og_type":"article","og_title":"PRIVATNI DVORSKI WELLNESS | Grad Podsreda | Sobe in apartmaji | Grajska ponudba","og_description":"[vc_row][vc_column][vc_single_image image=&#8221;13258&#8243; img_size=&#8221;full&#8221; alignment=&#8221;center&#8221;][cms_heading text=&#8221;OTKRIJTE OAZU DVORSKOG MIRA&#8221; align_lg=&#8221;align-center&#8221; align_md=&#8221;align-center-md&#8221; align_sm=&#8221;align-center-sm&#8221; align_xs=&#8221;align-center-xs&#8221; cms_template=&#8221;cms_heading&#8211;layout3.php&#8221; sub_title=&#8221;Intimen wellness, oblikovan za popolno sprostitev v dvoje.&#8221;][vc_empty_space][\/vc_column][\/vc_row][vc_row][vc_column width=&#8221;1\/2&#8243;][vc_empty_space][vc_column_text] Usred stoljetnih zidina, u zagrljaju netaknute prirode Parka prirode Kozjansko, skriva se profinjen prostor potpune relaksacije. Privatni dvorac wellness, smje\u0161ten u donjem gospodarskom objektu Dvorca Podsreda, osmi\u0161ljen je kao intimna oaza mira \u2013 [&hellip;]","og_url":"https:\/\/castlepodsreda.com\/hr\/privatni-dvorski-wellness\/","og_site_name":"Grad Podsreda | Sobe in apartmaji | Grajska ponudba","article_publisher":"https:\/\/www.facebook.com\/podsredacastle","article_modified_time":"2026-01-26T09:09:05+00:00","twitter_card":"summary_large_image","twitter_misc":{"Procijenjeno vrijeme \u010ditanja":"4 minute"},"schema":{"@context":"https:\/\/schema.org","@graph":[{"@type":"WebPage","@id":"https:\/\/castlepodsreda.com\/hr\/privatni-dvorski-wellness\/","url":"https:\/\/castlepodsreda.com\/hr\/privatni-dvorski-wellness\/","name":"PRIVATNI DVORSKI WELLNESS | Grad Podsreda | Sobe in apartmaji | Grajska ponudba","isPartOf":{"@id":"https:\/\/castlepodsreda.com\/hr\/#website"},"datePublished":"2025-11-28T15:58:21+00:00","dateModified":"2026-01-26T09:09:05+00:00","breadcrumb":{"@id":"https:\/\/castlepodsreda.com\/hr\/privatni-dvorski-wellness\/#breadcrumb"},"inLanguage":"hr","potentialAction":[{"@type":"ReadAction","target":["https:\/\/castlepodsreda.com\/hr\/privatni-dvorski-wellness\/"]}]},{"@type":"BreadcrumbList","@id":"https:\/\/castlepodsreda.com\/hr\/privatni-dvorski-wellness\/#breadcrumb","itemListElement":[{"@type":"ListItem","position":1,"name":"Home","item":"https:\/\/castlepodsreda.com\/hr\/"},{"@type":"ListItem","position":2,"name":"PRIVATNI DVORSKI WELLNESS"}]},{"@type":"WebSite","@id":"https:\/\/castlepodsreda.com\/hr\/#website","url":"https:\/\/castlepodsreda.com\/hr\/","name":"Grad Podsreda | Sobe in apartmaji | Grajska ponudba","description":"Najbolj grajski med gradovi v Sloveniji","publisher":{"@id":"https:\/\/castlepodsreda.com\/hr\/#organization"},"potentialAction":[{"@type":"SearchAction","target":{"@type":"EntryPoint","urlTemplate":"https:\/\/castlepodsreda.com\/hr\/?s={search_term_string}"},"query-input":"required name=search_term_string"}],"inLanguage":"hr"},{"@type":"Organization","@id":"https:\/\/castlepodsreda.com\/hr\/#organization","name":"Grad Podsreda | Sobe in apartmaji | Grajska ponudba","url":"https:\/\/castlepodsreda.com\/hr\/","logo":{"@type":"ImageObject","inLanguage":"hr","@id":"https:\/\/castlepodsreda.com\/hr\/#\/schema\/logo\/image\/","url":"https:\/\/castlepodsreda.com\/wp-content\/uploads\/2020\/04\/logo-grad-podsreda-2.jpg","contentUrl":"https:\/\/castlepodsreda.com\/wp-content\/uploads\/2020\/04\/logo-grad-podsreda-2.jpg","width":576,"height":576,"caption":"Grad Podsreda | Sobe in apartmaji | Grajska ponudba"},"image":{"@id":"https:\/\/castlepodsreda.com\/hr\/#\/schema\/logo\/image\/"},"sameAs":["https:\/\/www.instagram.com\/podsredacastle\/","https:\/\/www.facebook.com\/podsredacastle"]}]}},"_links":{"self":[{"href":"https:\/\/castlepodsreda.com\/hr\/wp-json\/wp\/v2\/pages\/39672"}],"collection":[{"href":"https:\/\/castlepodsreda.com\/hr\/wp-json\/wp\/v2\/pages"}],"about":[{"href":"https:\/\/castlepodsreda.com\/hr\/wp-json\/wp\/v2\/types\/page"}],"author":[{"embeddable":true,"href":"https:\/\/castlepodsreda.com\/hr\/wp-json\/wp\/v2\/users\/1"}],"replies":[{"embeddable":true,"href":"https:\/\/castlepodsreda.com\/hr\/wp-json\/wp\/v2\/comments?post=39672"}],"version-history":[{"count":2,"href":"https:\/\/castlepodsreda.com\/hr\/wp-json\/wp\/v2\/pages\/39672\/revisions"}],"predecessor-version":[{"id":40034,"href":"https:\/\/castlepodsreda.com\/hr\/wp-json\/wp\/v2\/pages\/39672\/revisions\/40034"}],"wp:attachment":[{"href":"https:\/\/castlepodsreda.com\/hr\/wp-json\/wp\/v2\/media?parent=39672"}],"curies":[{"name":"wp","href":"https:\/\/api.w.org\/{rel}","templated":true}]}}