{"id":39841,"date":"2025-07-31T08:42:24","date_gmt":"2025-07-31T08:42:24","guid":{"rendered":"https:\/\/castlepodsreda.com\/delux-apartmaji-na-gradu-podsreda\/"},"modified":"2026-01-21T14:14:04","modified_gmt":"2026-01-21T14:14:04","slug":"delux-apartmani-u-dvorcu-podsreda","status":"publish","type":"page","link":"https:\/\/castlepodsreda.com\/hr\/delux-apartmani-u-dvorcu-podsreda\/","title":{"rendered":"DVORANSKI DELUX APARTMANI U DVORCU PODSREDA"},"content":{"rendered":"<p>[vc_row][vc_column css=&#8221;.vc_custom_1644580780419{padding-top: 60px !important;padding-right: 60px !important;padding-left: 60px !important;}&#8221;][vc_single_image image=&#8221;4089&#8243; img_size=&#8221;full&#8221; alignment=&#8221;center&#8221; css=&#8221;.vc_custom_1587750359658{padding-top: 40px !important;}&#8221;][vc_column_text css=&#8221;.vc_custom_1753948484184{padding-right: px !important;padding-left: 0px !important;}&#8221;]<\/p>\n<p style=\"text-align: center;\">U obnovljenom gornjem gospodarskom krilu, na sredi\u0161njem dvoranskom dvori\u0161tu, smje\u0161tena su tri nova <strong>Dvoranska Delux apartmana<\/strong>, koji svaki na svoj na\u010din spajaju udobnost, privatnost i suvremeni luksuz. Svaki apartman nudi prekrasan pogled na dvorac, stvaraju\u0107i jedinstvenu povezanost s povijesnim ambijentom i osje\u0107aj autenti\u010dnog dvoranskog do\u017eivljaja.<\/p>\n<p style=\"text-align: center;\">Apartmani su osmi\u0161ljeni s razli\u010ditim \u017eeljama i potrebama gostiju na umu \u2013 od opu\u0161tanja u jacuzziju, u\u017eivanja u sauni do mirnog odmora. Zajedni\u010dki im je pa\u017eljivo odabrana oprema, estetska dovr\u0161enost i skladan spoj tradicije s udobno\u0161\u0107u suvremenog boravka.<\/p>\n<p>[\/vc_column_text][\/vc_column][\/vc_row][vc_row css=&#8221;.vc_custom_1641223173105{padding-bottom: 50px !important;}&#8221;][vc_column][vc_single_image image=&#8221;4089&#8243; img_size=&#8221;full&#8221; alignment=&#8221;center&#8221; css=&#8221;.vc_custom_1587750359658{padding-top: 40px !important;}&#8221;][cms_heading text=&#8221;Fotografije luksuznog razmazivanja&#8221; align_lg=&#8221;align-center&#8221; align_md=&#8221;align-center-md&#8221; align_sm=&#8221;align-center-sm&#8221; align_xs=&#8221;align-center-xs&#8221; cms_template=&#8221;cms_heading&#8211;layout3.php&#8221;][\/vc_column][\/vc_row][vc_row full_width=&#8221;stretch_row_content_no_spaces&#8221;][vc_column css=&#8221;.vc_custom_1641223282413{padding-right: 30px !important;padding-left: 40px !important;}&#8221;][vc_raw_html]W21vZHVsYSBpZD0iMzkwMTAiXQ==[\/vc_raw_html][\/vc_column][\/vc_row][vc_row][vc_column][vc_single_image image=&#8221;4089&#8243; img_size=&#8221;full&#8221; alignment=&#8221;center&#8221; css=&#8221;.vc_custom_1587750359658{padding-top: 40px !important;}&#8221;][cms_heading text=&#8221;Ponuda luksuznog smje\u0161taja&#8221; tag=&#8221;h1&#8243; align_lg=&#8221;align-center&#8221; align_md=&#8221;align-center-md&#8221; align_sm=&#8221;align-center-sm&#8221; align_xs=&#8221;align-center-xs&#8221; sub_font_style=&#8221;italic&#8221; cms_template=&#8221;cms_heading&#8211;layout3.php&#8221; sub_title=&#8221;Provedite no\u0107 u znaku razmazivanja i u\u017eivajte u ti\u0161ini dvoranskih zidina te ljepoti netaknute prirode Parka prirode Kozjanski.&#8221;][cms_space space_lg=&#8221;40&#8243; space_md=&#8221;40&#8243; space_sm=&#8221;30&#8243; space_xs=&#8221;30&#8243;][\/vc_column][\/vc_row][vc_row full_width=&#8221;stretch_row_content_no_spaces&#8221;][vc_column width=&#8221;1\/2&#8243;][vc_single_image image=&#8221;38912&#8243; img_size=&#8221;full&#8221;][\/vc_column][vc_column width=&#8221;1\/2&#8243; css=&#8221;.vc_custom_1679313157991{padding-right: 80px !important;padding-left: 80px !important;}&#8221;][vc_column_text]<\/p>\n<h3 class=\"entry-title\"><a href=\"https:\/\/castlepodsreda.com\/delux-apartma-i\/\">DVORANSKI DELUX APARTMAN I<\/a><\/h3>\n<p>Dvoranski Delux apartman I odu\u0161evit \u0107e vas svojom profinjenom opremom i ugodnim ambijentom koji stvara savr\u0161eno okru\u017eenje za opu\u0161tanje i odmor. Elegantno ure\u0111en apartman uklju\u010duje udoban dnevni boravak s modernim televizorom i klima-ure\u0111ajem, prostranu spava\u0107u sobu te luksuznu kupaonicu s masa\u017enom kadom \u2013 idealno za opu\u0161tanje nakon istra\u017eivanja dvoranskog okru\u017eenja. Luksuzni interijer, odabrani materijali i pa\u017eljivo osmi\u0161ljeni detalji osiguravaju besprijekornu udobnost i osje\u0107aj doma. Idealan izbor za one koji \u017eele ne\u0161to vi\u0161e.[\/vc_column_text][cms_button button_text=&#8221;POGLEJTE NAMESTITEV&#8221; button_link=&#8221;url:https%3A%2F%2Fcastlepodsreda.com%2Fdelux-apartma-i%2F|title:POGLEJ%20NAMESTITEV||&#8221; font_weight=&#8221;400&#8243;][cms_space space_lg=&#8221;30&#8243; space_md=&#8221;30&#8243; space_sm=&#8221;30&#8243; space_xs=&#8221;30&#8243;][\/vc_column][\/vc_row][vc_row][vc_column][cms_space space_lg=&#8221;40&#8243; space_md=&#8221;40&#8243; space_sm=&#8221;30&#8243; space_xs=&#8221;30&#8243;][\/vc_column][\/vc_row][vc_row full_width=&#8221;stretch_row_content_no_spaces&#8221;][vc_column width=&#8221;1\/2&#8243; css=&#8221;.vc_custom_1679313373205{padding-right: 80px !important;padding-left: 80px !important;}&#8221;][vc_column_text]<\/p>\n<h3 class=\"entry-title\"><a href=\"https:\/\/castlepodsreda.com\/delux-apartma-ii\/\">DVORANSKI DELUX APARTMAN II<\/a><\/h3>\n<p>Ekskluzivno iskustvo opu\u0161tanja u dvoranskom ambijentu, gdje luksuz postaje dio svakodnevice.<\/p>\n<p>Dvoranski Delux apartman II otvoren je i profinjeno osmi\u0161ljen studio-apartman koji objedinjuje spava\u0107i dio, kuhinju i dnevni prostor, a u sredi\u0161njem dijelu sobe nalaze se wellness elementi \u2013 prostrani jacuzzi, sauna i moderan tu\u0161. Ovakav jedinstven raspored omogu\u0107uje posebno iskustvo opu\u0161tanja i intime, sve u jednom prostoru. Odvojeni toalet osigurava dodatnu privatnost, dok pa\u017eljivo odabrana oprema i materijali stvaraju osje\u0107aj dvoranskog luksuza s da\u0161kom suvremenosti. Idealno za parove koji tra\u017ee ne\u0161to druga\u010dije, smjelije oblikovano i iznimno udobno.[\/vc_column_text][cms_button button_text=&#8221;POGLEJTE NAMESTITEV&#8221; button_link=&#8221;url:https%3A%2F%2Fcastlepodsreda.com%2Fdelux-apartma-ii%2F|title:POGLEJ%20NAMESTITEV||&#8221; font_weight=&#8221;400&#8243;][cms_space space_lg=&#8221;30&#8243; space_md=&#8221;30&#8243; space_sm=&#8221;30&#8243; space_xs=&#8221;30&#8243;][\/vc_column][vc_column width=&#8221;1\/2&#8243; css=&#8221;.vc_custom_1679313364141{padding-right: 0px !important;padding-left: 0px !important;}&#8221;][vc_single_image image=&#8221;38960&#8243; img_size=&#8221;full&#8221;][\/vc_column][\/vc_row][vc_row][vc_column][cms_space space_lg=&#8221;40&#8243; space_md=&#8221;40&#8243; space_sm=&#8221;30&#8243; space_xs=&#8221;30&#8243;][\/vc_column][\/vc_row][vc_row full_width=&#8221;stretch_row_content_no_spaces&#8221;][vc_column width=&#8221;1\/2&#8243;][vc_single_image image=&#8221;39041&#8243; img_size=&#8221;full&#8221;][\/vc_column][vc_column width=&#8221;1\/2&#8243; css=&#8221;.vc_custom_1679313157991{padding-right: 80px !important;padding-left: 80px !important;}&#8221;][vc_column_text]<\/p>\n<h3 class=\"entry-title\"><a href=\"https:\/\/castlepodsreda.com\/delux-apartma-iii\/\">DVORANSKI DELUX APARTMAN III<\/a><\/h3>\n<p>Spoj privatnosti, suvremenog luksuza i dvoranske elegancije u jedinstvenom povijesnom ambijentu.<\/p>\n<p>Dvoranski Delux apartman III nudi jedinstveno iskustvo boravka s razigranim rasporedom prostora, gdje svaki kutak pri\u010da svoju pri\u010du. Pri ulazu u apartman nalazi se spava\u0107a soba s udobnim krevetom. Slijedi ostakljeni wellness dio koji uklju\u010duje prostrani jacuzzi, saunu, tu\u0161 i WC \u2013 sve osmi\u0161ljeno za potpuno opu\u0161tanje u privatnom kutku. Na kraju hodnika do\u010dekuje vas ugodan dnevni prostor s modernom kuhinjom i kutkom za dru\u017eenje ili odmor. Ovaj apartman idealan je za goste koji cijene funkcionalan raspored, privatnost i visoku razinu udobnosti u o\u010daravaju\u0107em dvoranskom okru\u017eenju.[\/vc_column_text][cms_button button_text=&#8221;POGLEJTE NAMESTITEV&#8221; button_link=&#8221;url:https%3A%2F%2Fcastlepodsreda.com%2Fdelux-apartma-iii%2F|title:POGLEJ%20NAMESTITEV||&#8221; font_weight=&#8221;400&#8243;][cms_space space_lg=&#8221;30&#8243; space_md=&#8221;30&#8243; space_sm=&#8221;30&#8243; space_xs=&#8221;30&#8243;][\/vc_column][\/vc_row][vc_row][vc_column][cms_space space_lg=&#8221;40&#8243; space_md=&#8221;40&#8243; space_sm=&#8221;30&#8243; space_xs=&#8221;30&#8243;][\/vc_column][\/vc_row][vc_row full_width=&#8221;stretch_row_content_no_spaces&#8221;][vc_column css=&#8221;.vc_custom_1570700812526{padding-top: 0px !important;}&#8221;][vc_single_image image=&#8221;4089&#8243; img_size=&#8221;full&#8221; alignment=&#8221;center&#8221; css=&#8221;.vc_custom_1587750359658{padding-top: 40px !important;}&#8221;][cms_heading text=&#8221;NA\u0160A PRI\u010cA&#8221; align_lg=&#8221;align-center&#8221; align_md=&#8221;align-center-md&#8221; align_sm=&#8221;align-center-sm&#8221; align_xs=&#8221;align-center-xs&#8221; sub_font_style=&#8221;italic&#8221; description=&#8221;Staze kozjanskih bre\u017euljaka vode do skrivenih kutaka gdje vrijeme staje, a povijest je jo\u0161 uvijek \u017eiva. Ondje se, iznad doline i srednjovjekovnoga trga, uzdi\u017ee mo\u0107ni dvorac Podsreda \u2013 \u201enajdvoranskiji me\u0111u dvorcima u Sloveniji\u201c.&#8221; cms_template=&#8221;cms_heading&#8211;layout3.php&#8221; sub_title=&#8221;U dvorcu Podsreda odr\u017eivost nije samo rije\u010d, ve\u0107 temeljno na\u010delo na\u0161e filozofije kao Javne ustanove Park prirode Kozjanski.&#8221;][\/vc_column][\/vc_row][vc_row full_width=&#8221;stretch_row_content_no_spaces&#8221; equal_height=&#8221;yes&#8221;][vc_column width=&#8221;1\/2&#8243; css=&#8221;.vc_custom_1590783313919{padding-right: 40px !important;padding-left: px !important;}&#8221;][vc_empty_space height=&#8221;60px&#8221;][cms_space][cms_video cms_template=&#8221;cms_video&#8211;layout2.php&#8221; video_url=&#8221;https:\/\/www.youtube.com\/watch?v=px0Z8SVRpNI&#8221; position_button=&#8221;right-middle&#8221; video_bg_image=&#8221;3857&#8243; padding_top=&#8221;317&#8243; padding_bottom=&#8221;317&#8243;][\/vc_column][vc_column width=&#8221;1\/2&#8243; css=&#8221;.vc_custom_1590783352011{padding-right: 40px !important;padding-left: 30px !important;}&#8221;][vc_empty_space height=&#8221;60px&#8221;][vc_column_text]Dvorac Podsreda smje\u0161ten je u srcu za\u0161ti\u0107enog podru\u010dja Parka prirode Kozjanski, najve\u0107eg regionalnog parka u Sloveniji, koji s netaknutom prirodom, biolo\u0161kom raznoliko\u0161\u0107u, bogatom kulturnom ba\u0161tinom i lokalnom gastronomijom te gostoljubivo\u0161\u0107u doma\u0107ina nudi \u0161irok spektar mogu\u0107nosti za nezaboravan odmor.<\/p>\n<p>Sve navedeno pridonijelo je tome da u na\u0161e krajeve dolazi sve ve\u0107i broj posjetitelja koji nas posje\u0107uju u potrazi za iskrenim dodirom s prirodom i jedinstvenim do\u017eivljajem prirodnih i kulturnih ljepota ovog kraja.<\/p>\n<p><strong>Godine 2020. Op\u0107ina Kozje oslu\u0161nula je \u017eelje posjetitelja te u prostorima donjeg gospodarskog krila dvorca Podsreda uredila tri sobe i tri apartmana, kojima upravlja Javni zavod Park prirode Kozjanski.<\/strong><\/p>\n<hr \/>\n<p>Inovativni projekt ure\u0111enja smje\u0161taja u dvoranskom ambijentu slijedi temeljna na\u010dela djelovanja Parka prirode Kozjanski, gdje vjerujemo da su odr\u017eivo upravljanje i briga za prirodno okru\u017eenje jedini pravi put.<\/p>\n<p style=\"text-align: left;\"><span style=\"color: #808080;\"><strong>Svjesni da na\u0161e djelovanje utje\u010de na okoli\u0161, lokalnu zajednicu te o\u010duvanje prirodne i kulturne ba\u0161tine, kao glavna na\u010dela poslovanja postavili smo blisku suradnju s lokalnom zajednicom, proizvo\u0111a\u010dima hrane i pi\u0107a, lokalnim ponu\u0111a\u010dima i obrtnicima tradicionalnih zanata, kao i poticanje pozitivnog odnosa prema okoli\u0161u u kojem \u017eivimo. <\/strong><\/span><\/p>\n<p style=\"text-align: left;\"><span style=\"color: #808080;\"><strong>Ta na\u010dela \u017eelimo dijeliti sa svojim gostima, stoga smo se pri ure\u0111enju apartmana i soba te oblikovanju ponude povezali s lokalnim stvarateljima, proizvo\u0111a\u010dima i obrtnicima.<\/strong><\/span><\/p>\n<p style=\"text-align: left;\">Unutar drevnih dvoranskih zidina s ponosom njegujemo bit odr\u017eivog djelovanja te se zelenim praksama u podru\u010dju odr\u017eavanja, usluga, logistike i proizvoda nastojimo smanjiti negativan utjecaj na okoli\u0161. Dobivanjem <a href=\"https:\/\/castlepodsreda.com\/hr\/otkrijte-odrzivo-nasljede-naseg-dvorca\/\">certifikata Green Key <\/a>te oznaka <a href=\"https:\/\/castlepodsreda.com\/hr\/otkrijte-odrzivo-nasljede-naseg-dvorca\/\">SLOVENIA GREEN ATTRACTION <\/a>za Dvorac Podsreda i <a href=\"https:\/\/castlepodsreda.com\/hr\/otkrijte-odrzivo-nasljede-naseg-dvorca\/\">SLOVENIA GREEN ACCOMMODATION<\/a> za sobe i apartmane u Dvorcu Podsreda dodatno smo u\u010dvrstili svoju zelenu predanost odr\u017eivom razvoju i odgovornom djelovanju.<\/p>\n<p>[\/vc_column_text][cms_button button_text=&#8221;ZELENE INFORMACIJE&#8221; button_link=&#8221;url:https%3A%2F%2Fcastlepodsreda.com%2Fodkrijte-trajnostno-dediscino-nasega-gradu%2F|title:ZELENE%20INFORMACIJE||&#8221; font_weight=&#8221;400&#8243; button_align=&#8221;center&#8221; button_align_md=&#8221;center&#8221; button_align_sm=&#8221;center&#8221; button_align_xs=&#8221;center&#8221;][cms_space space_lg=&#8221;40&#8243; space_md=&#8221;30&#8243; space_sm=&#8221;20&#8243; space_xs=&#8221;10&#8243;][\/vc_column][\/vc_row]<\/p>\n","protected":false},"excerpt":{"rendered":"<p>[vc_row][vc_column css=&#8221;.vc_custom_1644580780419{padding-top: 60px !important;padding-right: 60px !important;padding-left: 60px !important;}&#8221;][vc_single_image image=&#8221;4089&#8243; img_size=&#8221;full&#8221; alignment=&#8221;center&#8221; css=&#8221;.vc_custom_1587750359658{padding-top: 40px !important;}&#8221;][vc_column_text css=&#8221;.vc_custom_1753948484184{padding-right: px !important;padding-left: 0px !important;}&#8221;] U obnovljenom gornjem gospodarskom krilu, na sredi\u0161njem dvoranskom dvori\u0161tu, smje\u0161tena su tri nova Dvoranska Delux apartmana, koji svaki na svoj na\u010din spajaju udobnost, privatnost i suvremeni luksuz. Svaki apartman nudi prekrasan pogled na dvorac, stvaraju\u0107i jedinstvenu [&hellip;]<\/p>\n","protected":false},"author":1,"featured_media":39042,"parent":0,"menu_order":0,"comment_status":"closed","ping_status":"closed","template":"","meta":[],"yoast_head":"<!-- This site is optimized with the Yoast SEO plugin v19.14 - https:\/\/yoast.com\/wordpress\/plugins\/seo\/ -->\n<title>DVORANSKI DELUX APARTMANI U DVORCU PODSREDA | Grad Podsreda | Sobe in apartmaji | Grajska ponudba<\/title>\n<meta name=\"description\" content=\"Sobe i apartmani u dvorcu. U dvorcu Podsreda mo\u017eete rezervirati smje\u0161taj i do\u017eivjeti svoju dvorjansku bajku u zagrljaju netaknute prirode.\" \/>\n<meta name=\"robots\" content=\"index, follow, max-snippet:-1, max-image-preview:large, max-video-preview:-1\" \/>\n<link rel=\"canonical\" href=\"https:\/\/castlepodsreda.com\/hr\/delux-apartmani-u-dvorcu-podsreda\/\" \/>\n<meta property=\"og:locale\" content=\"hr_HR\" \/>\n<meta property=\"og:type\" content=\"article\" \/>\n<meta property=\"og:title\" content=\"DVORANSKI DELUX APARTMANI U DVORCU PODSREDA | Grad Podsreda | Sobe in apartmaji | Grajska ponudba\" \/>\n<meta property=\"og:description\" content=\"Sobe i apartmani u dvorcu. U dvorcu Podsreda mo\u017eete rezervirati smje\u0161taj i do\u017eivjeti svoju dvorjansku bajku u zagrljaju netaknute prirode.\" \/>\n<meta property=\"og:url\" content=\"https:\/\/castlepodsreda.com\/hr\/delux-apartmani-u-dvorcu-podsreda\/\" \/>\n<meta property=\"og:site_name\" content=\"Grad Podsreda | Sobe in apartmaji | Grajska ponudba\" \/>\n<meta property=\"article:publisher\" content=\"https:\/\/www.facebook.com\/podsredacastle\" \/>\n<meta property=\"article:modified_time\" content=\"2026-01-21T14:14:04+00:00\" \/>\n<meta property=\"og:image\" content=\"https:\/\/castlepodsreda.com\/wp-content\/uploads\/2025\/07\/Grad-podsreda-delux-apartma-3-11-of-14.jpg\" \/>\n\t<meta property=\"og:image:width\" content=\"1400\" \/>\n\t<meta property=\"og:image:height\" content=\"933\" \/>\n\t<meta property=\"og:image:type\" content=\"image\/jpeg\" \/>\n<meta name=\"twitter:card\" content=\"summary_large_image\" \/>\n<meta name=\"twitter:label1\" content=\"Procijenjeno vrijeme \u010ditanja\" \/>\n\t<meta name=\"twitter:data1\" content=\"5 minuta\" \/>\n<script type=\"application\/ld+json\" class=\"yoast-schema-graph\">{\"@context\":\"https:\/\/schema.org\",\"@graph\":[{\"@type\":\"WebPage\",\"@id\":\"https:\/\/castlepodsreda.com\/hr\/delux-apartmani-u-dvorcu-podsreda\/\",\"url\":\"https:\/\/castlepodsreda.com\/hr\/delux-apartmani-u-dvorcu-podsreda\/\",\"name\":\"DVORANSKI DELUX APARTMANI U DVORCU PODSREDA | Grad Podsreda | Sobe in apartmaji | Grajska ponudba\",\"isPartOf\":{\"@id\":\"https:\/\/castlepodsreda.com\/hr\/#website\"},\"datePublished\":\"2025-07-31T08:42:24+00:00\",\"dateModified\":\"2026-01-21T14:14:04+00:00\",\"description\":\"Sobe i apartmani u dvorcu. U dvorcu Podsreda mo\u017eete rezervirati smje\u0161taj i do\u017eivjeti svoju dvorjansku bajku u zagrljaju netaknute prirode.\",\"breadcrumb\":{\"@id\":\"https:\/\/castlepodsreda.com\/hr\/delux-apartmani-u-dvorcu-podsreda\/#breadcrumb\"},\"inLanguage\":\"hr\",\"potentialAction\":[{\"@type\":\"ReadAction\",\"target\":[\"https:\/\/castlepodsreda.com\/hr\/delux-apartmani-u-dvorcu-podsreda\/\"]}]},{\"@type\":\"BreadcrumbList\",\"@id\":\"https:\/\/castlepodsreda.com\/hr\/delux-apartmani-u-dvorcu-podsreda\/#breadcrumb\",\"itemListElement\":[{\"@type\":\"ListItem\",\"position\":1,\"name\":\"Home\",\"item\":\"https:\/\/castlepodsreda.com\/hr\/\"},{\"@type\":\"ListItem\",\"position\":2,\"name\":\"DVORANSKI DELUX APARTMANI U DVORCU PODSREDA\"}]},{\"@type\":\"WebSite\",\"@id\":\"https:\/\/castlepodsreda.com\/hr\/#website\",\"url\":\"https:\/\/castlepodsreda.com\/hr\/\",\"name\":\"Grad Podsreda | Sobe in apartmaji | Grajska ponudba\",\"description\":\"Najbolj grajski med gradovi v Sloveniji\",\"publisher\":{\"@id\":\"https:\/\/castlepodsreda.com\/hr\/#organization\"},\"potentialAction\":[{\"@type\":\"SearchAction\",\"target\":{\"@type\":\"EntryPoint\",\"urlTemplate\":\"https:\/\/castlepodsreda.com\/hr\/?s={search_term_string}\"},\"query-input\":\"required name=search_term_string\"}],\"inLanguage\":\"hr\"},{\"@type\":\"Organization\",\"@id\":\"https:\/\/castlepodsreda.com\/hr\/#organization\",\"name\":\"Grad Podsreda | Sobe in apartmaji | Grajska ponudba\",\"url\":\"https:\/\/castlepodsreda.com\/hr\/\",\"logo\":{\"@type\":\"ImageObject\",\"inLanguage\":\"hr\",\"@id\":\"https:\/\/castlepodsreda.com\/hr\/#\/schema\/logo\/image\/\",\"url\":\"https:\/\/castlepodsreda.com\/wp-content\/uploads\/2020\/04\/logo-grad-podsreda-2.jpg\",\"contentUrl\":\"https:\/\/castlepodsreda.com\/wp-content\/uploads\/2020\/04\/logo-grad-podsreda-2.jpg\",\"width\":576,\"height\":576,\"caption\":\"Grad Podsreda | Sobe in apartmaji | Grajska ponudba\"},\"image\":{\"@id\":\"https:\/\/castlepodsreda.com\/hr\/#\/schema\/logo\/image\/\"},\"sameAs\":[\"https:\/\/www.instagram.com\/podsredacastle\/\",\"https:\/\/www.facebook.com\/podsredacastle\"]}]}<\/script>\n<!-- \/ Yoast SEO plugin. -->","yoast_head_json":{"title":"DVORANSKI DELUX APARTMANI U DVORCU PODSREDA | Grad Podsreda | Sobe in apartmaji | Grajska ponudba","description":"Sobe i apartmani u dvorcu. U dvorcu Podsreda mo\u017eete rezervirati smje\u0161taj i do\u017eivjeti svoju dvorjansku bajku u zagrljaju netaknute prirode.","robots":{"index":"index","follow":"follow","max-snippet":"max-snippet:-1","max-image-preview":"max-image-preview:large","max-video-preview":"max-video-preview:-1"},"canonical":"https:\/\/castlepodsreda.com\/hr\/delux-apartmani-u-dvorcu-podsreda\/","og_locale":"hr_HR","og_type":"article","og_title":"DVORANSKI DELUX APARTMANI U DVORCU PODSREDA | Grad Podsreda | Sobe in apartmaji | Grajska ponudba","og_description":"Sobe i apartmani u dvorcu. U dvorcu Podsreda mo\u017eete rezervirati smje\u0161taj i do\u017eivjeti svoju dvorjansku bajku u zagrljaju netaknute prirode.","og_url":"https:\/\/castlepodsreda.com\/hr\/delux-apartmani-u-dvorcu-podsreda\/","og_site_name":"Grad Podsreda | Sobe in apartmaji | Grajska ponudba","article_publisher":"https:\/\/www.facebook.com\/podsredacastle","article_modified_time":"2026-01-21T14:14:04+00:00","og_image":[{"width":1400,"height":933,"url":"https:\/\/castlepodsreda.com\/wp-content\/uploads\/2025\/07\/Grad-podsreda-delux-apartma-3-11-of-14.jpg","type":"image\/jpeg"}],"twitter_card":"summary_large_image","twitter_misc":{"Procijenjeno vrijeme \u010ditanja":"5 minuta"},"schema":{"@context":"https:\/\/schema.org","@graph":[{"@type":"WebPage","@id":"https:\/\/castlepodsreda.com\/hr\/delux-apartmani-u-dvorcu-podsreda\/","url":"https:\/\/castlepodsreda.com\/hr\/delux-apartmani-u-dvorcu-podsreda\/","name":"DVORANSKI DELUX APARTMANI U DVORCU PODSREDA | Grad Podsreda | Sobe in apartmaji | Grajska ponudba","isPartOf":{"@id":"https:\/\/castlepodsreda.com\/hr\/#website"},"datePublished":"2025-07-31T08:42:24+00:00","dateModified":"2026-01-21T14:14:04+00:00","description":"Sobe i apartmani u dvorcu. U dvorcu Podsreda mo\u017eete rezervirati smje\u0161taj i do\u017eivjeti svoju dvorjansku bajku u zagrljaju netaknute prirode.","breadcrumb":{"@id":"https:\/\/castlepodsreda.com\/hr\/delux-apartmani-u-dvorcu-podsreda\/#breadcrumb"},"inLanguage":"hr","potentialAction":[{"@type":"ReadAction","target":["https:\/\/castlepodsreda.com\/hr\/delux-apartmani-u-dvorcu-podsreda\/"]}]},{"@type":"BreadcrumbList","@id":"https:\/\/castlepodsreda.com\/hr\/delux-apartmani-u-dvorcu-podsreda\/#breadcrumb","itemListElement":[{"@type":"ListItem","position":1,"name":"Home","item":"https:\/\/castlepodsreda.com\/hr\/"},{"@type":"ListItem","position":2,"name":"DVORANSKI DELUX APARTMANI U DVORCU PODSREDA"}]},{"@type":"WebSite","@id":"https:\/\/castlepodsreda.com\/hr\/#website","url":"https:\/\/castlepodsreda.com\/hr\/","name":"Grad Podsreda | Sobe in apartmaji | Grajska ponudba","description":"Najbolj grajski med gradovi v Sloveniji","publisher":{"@id":"https:\/\/castlepodsreda.com\/hr\/#organization"},"potentialAction":[{"@type":"SearchAction","target":{"@type":"EntryPoint","urlTemplate":"https:\/\/castlepodsreda.com\/hr\/?s={search_term_string}"},"query-input":"required name=search_term_string"}],"inLanguage":"hr"},{"@type":"Organization","@id":"https:\/\/castlepodsreda.com\/hr\/#organization","name":"Grad Podsreda | Sobe in apartmaji | Grajska ponudba","url":"https:\/\/castlepodsreda.com\/hr\/","logo":{"@type":"ImageObject","inLanguage":"hr","@id":"https:\/\/castlepodsreda.com\/hr\/#\/schema\/logo\/image\/","url":"https:\/\/castlepodsreda.com\/wp-content\/uploads\/2020\/04\/logo-grad-podsreda-2.jpg","contentUrl":"https:\/\/castlepodsreda.com\/wp-content\/uploads\/2020\/04\/logo-grad-podsreda-2.jpg","width":576,"height":576,"caption":"Grad Podsreda | Sobe in apartmaji | Grajska ponudba"},"image":{"@id":"https:\/\/castlepodsreda.com\/hr\/#\/schema\/logo\/image\/"},"sameAs":["https:\/\/www.instagram.com\/podsredacastle\/","https:\/\/www.facebook.com\/podsredacastle"]}]}},"_links":{"self":[{"href":"https:\/\/castlepodsreda.com\/hr\/wp-json\/wp\/v2\/pages\/39841"}],"collection":[{"href":"https:\/\/castlepodsreda.com\/hr\/wp-json\/wp\/v2\/pages"}],"about":[{"href":"https:\/\/castlepodsreda.com\/hr\/wp-json\/wp\/v2\/types\/page"}],"author":[{"embeddable":true,"href":"https:\/\/castlepodsreda.com\/hr\/wp-json\/wp\/v2\/users\/1"}],"replies":[{"embeddable":true,"href":"https:\/\/castlepodsreda.com\/hr\/wp-json\/wp\/v2\/comments?post=39841"}],"version-history":[{"count":7,"href":"https:\/\/castlepodsreda.com\/hr\/wp-json\/wp\/v2\/pages\/39841\/revisions"}],"predecessor-version":[{"id":39847,"href":"https:\/\/castlepodsreda.com\/hr\/wp-json\/wp\/v2\/pages\/39841\/revisions\/39847"}],"wp:featuredmedia":[{"embeddable":true,"href":"https:\/\/castlepodsreda.com\/hr\/wp-json\/wp\/v2\/media\/39042"}],"wp:attachment":[{"href":"https:\/\/castlepodsreda.com\/hr\/wp-json\/wp\/v2\/media?parent=39841"}],"curies":[{"name":"wp","href":"https:\/\/api.w.org\/{rel}","templated":true}]}}