{"id":40747,"date":"2021-02-28T16:59:08","date_gmt":"2021-02-28T16:59:08","guid":{"rendered":"https:\/\/castlepodsreda.com\/druzinska-grajska-dogodivscina\/"},"modified":"2021-02-28T16:59:08","modified_gmt":"2021-02-28T16:59:08","slug":"druzinska-grajska-dogodivscina","status":"publish","type":"page","link":"https:\/\/castlepodsreda.com\/hr\/druzinska-grajska-dogodivscina\/","title":{"rendered":"LOV NA ZAKLAD &#038; GRAJSKI NAREZEK"},"content":{"rendered":"<p>[vc_row][vc_column cms_column_class=&#8221;rm-padding-lg&#8221; offset=&#8221;vc_col-lg-6 vc_col-md-6&#8243; css=&#8221;.vc_custom_1569030174276{padding-right: 63px !important;}&#8221;][vc_single_image image=&#8221;5621&#8243; img_size=&#8221;full&#8221;][vc_single_image image=&#8221;5415&#8243; img_size=&#8221;full&#8221;][\/vc_column][vc_column cms_column_class=&#8221;rm-padding-lg&#8221; offset=&#8221;vc_col-lg-6 vc_col-md-6&#8243; css=&#8221;.vc_custom_1569030444588{padding-left: 13px !important;}&#8221;][cms_space space_lg=&#8221;0&#8243; space_md=&#8221;55&#8243; space_sm=&#8221;32&#8243; space_xs=&#8221;32&#8243;][cms_heading text=&#8221;Dru\u017einska grajska dogodiv\u0161\u010dina: Lov na zaklad z grajskim narezkom na gradu Podsreda&#8221; letter_spacing=&#8221;0.03em&#8221; sub_font_weight=&#8221;700&#8243; sub_font_style=&#8221;italic&#8221; sub_margin_bottom=&#8221;18&#8243; description_line_height=&#8221;26&#8243; des_margin_bottom=&#8221;50&#8243; cms_template=&#8221;cms_heading&#8211;layout3.php&#8221; sub_title=&#8221;Ogled gradu in Lov na zaklad z grajskim prigrizkom na gradu Podsreda&#8221; margin_bottom=&#8221;41&#8243;][vc_column_text]Va\u0161a dru\u017einska grajska dogodiv\u0161\u010dina se bo za\u010dela na dvori\u0161\u010du gradu Podsreda, kjer boste prejeli napotke grajskega osebja in se podali na <a href=\"https:\/\/castlepodsreda.com\/hr\/vodene-ture-dvorca-podsreda\/\">SAMOSTOJNO RAZISKOVANJE GRADU OB POMO\u010cI AVDIO VODNIKOV<\/a>. Za popolno grajsko do\u017eivetje boste obiskali vse prostore gradu, od grajske je\u010de in kuhinje od grajskega podstre\u0161ja, kjer domujejo netopirji, do prostora \u00bbkamor gre \u0161e cesar pe\u0161\u00ab &#8230;[\/vc_column_text][vc_column_text]Ob enem pa se boste pridru\u017eili grajskemu vitezu na poti iskanja skrivnega zaklada v pustolov\u0161\u010dini <a href=\"https:\/\/castlepodsreda.com\/hr\/avantura-potrage-za-blagom-u-dvorcu-podsreda\/\">LOV NA ZAKLAD NA GRADU PODSREDA<\/a>. Ko uspe\u0161no re\u0161ite vse uganke, vas bo hvale\u017eno kraljestvo nagradilo! Zabava je zagotovljena, nagrada pa je lepa, prakti\u010dna pa tudi slastna.[\/vc_column_text][\/vc_column][\/vc_row][vc_row][vc_column cms_column_class=&#8221;rm-padding-lg&#8221; offset=&#8221;vc_col-lg-6 vc_col-md-6&#8243; css=&#8221;.vc_custom_1569030444588{padding-left: 13px !important;}&#8221;][vc_column_text]Po zabavnem raziskovanju gradu pa boste, kot pravi dvorjani, \u017eeljni dobre grajske jeda\u010de in pija\u010de, zato vam bomo postregli z <a href=\"https:\/\/castlepodsreda.com\/hr\/dvorski-narezak\/\">GRAJSKIM NAREZKOM,<\/a> ki vas bo popeljal v davne \u010dase grajske gospode. Narezek si boste privo\u0161\u010dili v grajski kuhinji ali na dvori\u0161\u010du gradu pod mogo\u010dnimi kostanji, pojedina pa je sestavljena iz pristnih doma\u010dih dobrot, ki jih pripravijo na bli\u017enji Kmetiji Kunej, in naravnega jabol\u010dnega soka iz kozjanskih jabolk iz sadovnjaka Kozjanskega parka.[\/vc_column_text][vc_column_text css=&#8221;.vc_custom_1689918876816{padding-top: 20px !important;padding-right: 20px !important;padding-bottom: 20px !important;padding-left: 20px !important;background-color: #c7ab8e !important;}&#8221;]<\/p>\n<p style=\"text-align: center;\"><strong>DO\u017dIVETJE VSEBUJE:<\/strong><\/p>\n<p style=\"text-align: center;\"><strong>\u2022 Ogled gradu Podsreda z avdio vodenjem;<\/strong><br \/>\n<strong>\u2022 Sodelovanje v pustolov\u0161\u010dini Lov na zaklad na gradu Podsreda ZA VSO DRU\u017dINO z lepo nagrado;<\/strong><br \/>\n<strong>\u2022 Grajski narezek za vso dru\u017eino, sestavljen iz izbranih doma\u010dih dobrot Kmetije Kunej;<\/strong><br \/>\n<strong>\u2022 Naravni jabol\u010dni sok iz Kozjanskega parka.<\/strong>[\/vc_column_text][cms_space space_lg=&#8221;20&#8243; space_md=&#8221;20&#8243; space_sm=&#8221;20&#8243; space_xs=&#8221;10&#8243;][\/vc_column][vc_column cms_column_class=&#8221;rm-padding-lg&#8221; offset=&#8221;vc_col-lg-6 vc_col-md-6&#8243; css=&#8221;.vc_custom_1599570614015{padding-right: px !important;}&#8221;][vc_single_image image=&#8221;5331&#8243; img_size=&#8221;full&#8221;][\/vc_column][\/vc_row][vc_row][vc_column][cms_space space_lg=&#8221;20&#8243; space_md=&#8221;20&#8243; space_sm=&#8221;20&#8243; space_xs=&#8221;10&#8243;][cms_pricing el_title=&#8221;CENA (za dva odrasla in enega otroka)&#8221; title_color=&#8221;#ffffff&#8221; price=&#8221;76,00&#8243; currency_price=&#8221;\u20ac&#8221; cms_pricing=&#8221;%5B%7B%22pricing_item%22%3A%22DOPLA%C4%8CILO%20za%20vsakega%20dodatnega%20otroka%3A%2022%2C00%20%E2%82%AC%22%7D%2C%7B%22pricing_item%22%3A%22TRAJANJE%3A%202%E2%80%933%20ure%22%7D%5D&#8221; row_color=&#8221;#0a0a0a&#8221; bg_header=&#8221;#c7ab8e&#8221; cms_template=&#8221;cms_pricing.php&#8221;][\/vc_column][\/vc_row][vc_row][vc_column][cms_button button_text=&#8221;PREVERITE AKTUALNI ODPIRALNI \u010cAS GRADU&#8221; button_link=&#8221;url:https%3A%2F%2Fcastlepodsreda.com%2Fodpiralni-cas-in-vstopnina%2F|||&#8221; font_weight=&#8221;400&#8243; button_align=&#8221;center&#8221; button_align_md=&#8221;center&#8221; button_align_sm=&#8221;center&#8221; button_align_xs=&#8221;center&#8221;][cms_space space_lg=&#8221;20&#8243; space_md=&#8221;20&#8243; space_sm=&#8221;20&#8243; space_xs=&#8221;10&#8243;][vc_column_text]<\/p>\n<p style=\"text-align: center;\">Obvezna rezervacija najmanj en dan pred prihodom, najkasneje do 12. ure!<br \/>\nRezervacije lahko opravite na tel. \u0161tevilki: 00386 3 580 61 18 ali 00386 41 419 996 ali po e- po\u0161ti na naslov: <a href=\"mailto:info@castlepodsreda.com\">info@castlepodsreda.com<\/a><\/p>\n<p style=\"text-align: center;\">Odpiralni \u010das gradu Podsreda: APRIL\u2013OKTOBER, vsak dan razen ob ponedeljkih, med 10. in 17. uro.<\/p>\n<p>[\/vc_column_text][cms_space space_lg=&#8221;20&#8243; space_md=&#8221;20&#8243; space_sm=&#8221;20&#8243; space_xs=&#8221;10&#8243;][\/vc_column][\/vc_row][vc_row full_width=&#8221;stretch_row&#8221; parallax=&#8221;content-moving&#8221; parallax_image=&#8221;5640&#8243;][vc_column css=&#8221;.vc_custom_1567223373306{padding-top: 0px !important;}&#8221;][cms_space space_lg=&#8221;70&#8243; space_md=&#8221;70&#8243; space_sm=&#8221;70&#8243; space_xs=&#8221;70&#8243;][cms_contact_form cms_template=&#8221;cms_contact_form&#8211;layout3.php&#8221; id=&#8221;5337&#8243; desc_color=&#8221;#c8c8c8&#8243; align_desc=&#8221;center&#8221; des_text_transform=&#8221;uppercase&#8221; title_form=&#8221;Rezervirajte do\u017eivetje ali nam postavite vpra\u0161anje&#8221; description=&#8221;\u017dELITE REZERVIRATI DO\u017dIVETJE?<br \/>\nIMATE VPRA\u0160ANJE O NA\u0160I PONUDBI?&#8221;][cms_space space_lg=&#8221;70&#8243; space_md=&#8221;70&#8243; space_sm=&#8221;70&#8243; space_xs=&#8221;70&#8243;][\/vc_column][\/vc_row]<\/p>\n","protected":false},"excerpt":{"rendered":"<p>[vc_row][vc_column cms_column_class=&#8221;rm-padding-lg&#8221; offset=&#8221;vc_col-lg-6 vc_col-md-6&#8243; css=&#8221;.vc_custom_1569030174276{padding-right: 63px !important;}&#8221;][vc_single_image image=&#8221;5621&#8243; img_size=&#8221;full&#8221;][vc_single_image image=&#8221;5415&#8243; img_size=&#8221;full&#8221;][\/vc_column][vc_column cms_column_class=&#8221;rm-padding-lg&#8221; offset=&#8221;vc_col-lg-6 vc_col-md-6&#8243; css=&#8221;.vc_custom_1569030444588{padding-left: 13px !important;}&#8221;][cms_space space_lg=&#8221;0&#8243; space_md=&#8221;55&#8243; space_sm=&#8221;32&#8243; space_xs=&#8221;32&#8243;][cms_heading text=&#8221;Dru\u017einska grajska dogodiv\u0161\u010dina: Lov na zaklad z grajskim narezkom na gradu Podsreda&#8221; letter_spacing=&#8221;0.03em&#8221; sub_font_weight=&#8221;700&#8243; sub_font_style=&#8221;italic&#8221; sub_margin_bottom=&#8221;18&#8243; description_line_height=&#8221;26&#8243; des_margin_bottom=&#8221;50&#8243; cms_template=&#8221;cms_heading&#8211;layout3.php&#8221; sub_title=&#8221;Ogled gradu in Lov na zaklad z grajskim prigrizkom na gradu Podsreda&#8221; margin_bottom=&#8221;41&#8243;][vc_column_text]Va\u0161a dru\u017einska grajska [&hellip;]<\/p>\n","protected":false},"author":1,"featured_media":27126,"parent":0,"menu_order":0,"comment_status":"closed","ping_status":"closed","template":"","meta":[],"yoast_head":"<!-- This site is optimized with the Yoast SEO plugin v19.14 - https:\/\/yoast.com\/wordpress\/plugins\/seo\/ -->\n<title>LOV NA ZAKLAD &amp; GRAJSKI NAREZEK | Grad Podsreda | Sobe in apartmaji | Grajska ponudba<\/title>\n<meta name=\"robots\" content=\"index, follow, max-snippet:-1, max-image-preview:large, max-video-preview:-1\" \/>\n<link rel=\"canonical\" href=\"https:\/\/castlepodsreda.com\/hr\/druzinska-grajska-dogodivscina\/\" \/>\n<meta property=\"og:locale\" content=\"hr_HR\" \/>\n<meta property=\"og:type\" content=\"article\" \/>\n<meta property=\"og:title\" content=\"LOV NA ZAKLAD &amp; GRAJSKI NAREZEK | Grad Podsreda | Sobe in apartmaji | Grajska ponudba\" \/>\n<meta property=\"og:description\" content=\"[vc_row][vc_column cms_column_class=&#8221;rm-padding-lg&#8221; offset=&#8221;vc_col-lg-6 vc_col-md-6&#8243; css=&#8221;.vc_custom_1569030174276{padding-right: 63px !important;}&#8221;][vc_single_image image=&#8221;5621&#8243; img_size=&#8221;full&#8221;][vc_single_image image=&#8221;5415&#8243; img_size=&#8221;full&#8221;][\/vc_column][vc_column cms_column_class=&#8221;rm-padding-lg&#8221; offset=&#8221;vc_col-lg-6 vc_col-md-6&#8243; css=&#8221;.vc_custom_1569030444588{padding-left: 13px !important;}&#8221;][cms_space space_lg=&#8221;0&#8243; space_md=&#8221;55&#8243; space_sm=&#8221;32&#8243; space_xs=&#8221;32&#8243;][cms_heading text=&#8221;Dru\u017einska grajska dogodiv\u0161\u010dina: Lov na zaklad z grajskim narezkom na gradu Podsreda&#8221; letter_spacing=&#8221;0.03em&#8221; sub_font_weight=&#8221;700&#8243; sub_font_style=&#8221;italic&#8221; sub_margin_bottom=&#8221;18&#8243; description_line_height=&#8221;26&#8243; des_margin_bottom=&#8221;50&#8243; cms_template=&#8221;cms_heading&#8211;layout3.php&#8221; sub_title=&#8221;Ogled gradu in Lov na zaklad z grajskim prigrizkom na gradu Podsreda&#8221; margin_bottom=&#8221;41&#8243;][vc_column_text]Va\u0161a dru\u017einska grajska [&hellip;]\" \/>\n<meta property=\"og:url\" content=\"https:\/\/castlepodsreda.com\/hr\/druzinska-grajska-dogodivscina\/\" \/>\n<meta property=\"og:site_name\" content=\"Grad Podsreda | Sobe in apartmaji | Grajska ponudba\" \/>\n<meta property=\"article:publisher\" content=\"https:\/\/www.facebook.com\/podsredacastle\" \/>\n<meta name=\"twitter:card\" content=\"summary_large_image\" \/>\n<meta name=\"twitter:label1\" content=\"Procijenjeno vrijeme \u010ditanja\" \/>\n\t<meta name=\"twitter:data1\" content=\"4 minute\" \/>\n<script type=\"application\/ld+json\" class=\"yoast-schema-graph\">{\"@context\":\"https:\/\/schema.org\",\"@graph\":[{\"@type\":\"WebPage\",\"@id\":\"https:\/\/castlepodsreda.com\/hr\/druzinska-grajska-dogodivscina\/\",\"url\":\"https:\/\/castlepodsreda.com\/hr\/druzinska-grajska-dogodivscina\/\",\"name\":\"LOV NA ZAKLAD & GRAJSKI NAREZEK | Grad Podsreda | Sobe in apartmaji | Grajska ponudba\",\"isPartOf\":{\"@id\":\"https:\/\/castlepodsreda.com\/hr\/#website\"},\"datePublished\":\"2021-02-28T16:59:08+00:00\",\"dateModified\":\"2021-02-28T16:59:08+00:00\",\"breadcrumb\":{\"@id\":\"https:\/\/castlepodsreda.com\/hr\/druzinska-grajska-dogodivscina\/#breadcrumb\"},\"inLanguage\":\"hr\",\"potentialAction\":[{\"@type\":\"ReadAction\",\"target\":[\"https:\/\/castlepodsreda.com\/hr\/druzinska-grajska-dogodivscina\/\"]}]},{\"@type\":\"BreadcrumbList\",\"@id\":\"https:\/\/castlepodsreda.com\/hr\/druzinska-grajska-dogodivscina\/#breadcrumb\",\"itemListElement\":[{\"@type\":\"ListItem\",\"position\":1,\"name\":\"Home\",\"item\":\"https:\/\/castlepodsreda.com\/hr\/\"},{\"@type\":\"ListItem\",\"position\":2,\"name\":\"LOV NA ZAKLAD &#038; GRAJSKI NAREZEK\"}]},{\"@type\":\"WebSite\",\"@id\":\"https:\/\/castlepodsreda.com\/hr\/#website\",\"url\":\"https:\/\/castlepodsreda.com\/hr\/\",\"name\":\"Grad Podsreda | Sobe in apartmaji | Grajska ponudba\",\"description\":\"Najbolj grajski med gradovi v Sloveniji\",\"publisher\":{\"@id\":\"https:\/\/castlepodsreda.com\/hr\/#organization\"},\"potentialAction\":[{\"@type\":\"SearchAction\",\"target\":{\"@type\":\"EntryPoint\",\"urlTemplate\":\"https:\/\/castlepodsreda.com\/hr\/?s={search_term_string}\"},\"query-input\":\"required name=search_term_string\"}],\"inLanguage\":\"hr\"},{\"@type\":\"Organization\",\"@id\":\"https:\/\/castlepodsreda.com\/hr\/#organization\",\"name\":\"Grad Podsreda | Sobe in apartmaji | Grajska ponudba\",\"url\":\"https:\/\/castlepodsreda.com\/hr\/\",\"logo\":{\"@type\":\"ImageObject\",\"inLanguage\":\"hr\",\"@id\":\"https:\/\/castlepodsreda.com\/hr\/#\/schema\/logo\/image\/\",\"url\":\"https:\/\/castlepodsreda.com\/wp-content\/uploads\/2020\/04\/logo-grad-podsreda-2.jpg\",\"contentUrl\":\"https:\/\/castlepodsreda.com\/wp-content\/uploads\/2020\/04\/logo-grad-podsreda-2.jpg\",\"width\":576,\"height\":576,\"caption\":\"Grad Podsreda | Sobe in apartmaji | Grajska ponudba\"},\"image\":{\"@id\":\"https:\/\/castlepodsreda.com\/hr\/#\/schema\/logo\/image\/\"},\"sameAs\":[\"https:\/\/www.instagram.com\/podsredacastle\/\",\"https:\/\/www.facebook.com\/podsredacastle\"]}]}<\/script>\n<!-- \/ Yoast SEO plugin. -->","yoast_head_json":{"title":"LOV NA ZAKLAD & GRAJSKI NAREZEK | Grad Podsreda | Sobe in apartmaji | Grajska ponudba","robots":{"index":"index","follow":"follow","max-snippet":"max-snippet:-1","max-image-preview":"max-image-preview:large","max-video-preview":"max-video-preview:-1"},"canonical":"https:\/\/castlepodsreda.com\/hr\/druzinska-grajska-dogodivscina\/","og_locale":"hr_HR","og_type":"article","og_title":"LOV NA ZAKLAD & GRAJSKI NAREZEK | Grad Podsreda | Sobe in apartmaji | Grajska ponudba","og_description":"[vc_row][vc_column cms_column_class=&#8221;rm-padding-lg&#8221; offset=&#8221;vc_col-lg-6 vc_col-md-6&#8243; css=&#8221;.vc_custom_1569030174276{padding-right: 63px !important;}&#8221;][vc_single_image image=&#8221;5621&#8243; img_size=&#8221;full&#8221;][vc_single_image image=&#8221;5415&#8243; img_size=&#8221;full&#8221;][\/vc_column][vc_column cms_column_class=&#8221;rm-padding-lg&#8221; offset=&#8221;vc_col-lg-6 vc_col-md-6&#8243; css=&#8221;.vc_custom_1569030444588{padding-left: 13px !important;}&#8221;][cms_space space_lg=&#8221;0&#8243; space_md=&#8221;55&#8243; space_sm=&#8221;32&#8243; space_xs=&#8221;32&#8243;][cms_heading text=&#8221;Dru\u017einska grajska dogodiv\u0161\u010dina: Lov na zaklad z grajskim narezkom na gradu Podsreda&#8221; letter_spacing=&#8221;0.03em&#8221; sub_font_weight=&#8221;700&#8243; sub_font_style=&#8221;italic&#8221; sub_margin_bottom=&#8221;18&#8243; description_line_height=&#8221;26&#8243; des_margin_bottom=&#8221;50&#8243; cms_template=&#8221;cms_heading&#8211;layout3.php&#8221; sub_title=&#8221;Ogled gradu in Lov na zaklad z grajskim prigrizkom na gradu Podsreda&#8221; margin_bottom=&#8221;41&#8243;][vc_column_text]Va\u0161a dru\u017einska grajska [&hellip;]","og_url":"https:\/\/castlepodsreda.com\/hr\/druzinska-grajska-dogodivscina\/","og_site_name":"Grad Podsreda | Sobe in apartmaji | Grajska ponudba","article_publisher":"https:\/\/www.facebook.com\/podsredacastle","twitter_card":"summary_large_image","twitter_misc":{"Procijenjeno vrijeme \u010ditanja":"4 minute"},"schema":{"@context":"https:\/\/schema.org","@graph":[{"@type":"WebPage","@id":"https:\/\/castlepodsreda.com\/hr\/druzinska-grajska-dogodivscina\/","url":"https:\/\/castlepodsreda.com\/hr\/druzinska-grajska-dogodivscina\/","name":"LOV NA ZAKLAD & GRAJSKI NAREZEK | Grad Podsreda | Sobe in apartmaji | Grajska ponudba","isPartOf":{"@id":"https:\/\/castlepodsreda.com\/hr\/#website"},"datePublished":"2021-02-28T16:59:08+00:00","dateModified":"2021-02-28T16:59:08+00:00","breadcrumb":{"@id":"https:\/\/castlepodsreda.com\/hr\/druzinska-grajska-dogodivscina\/#breadcrumb"},"inLanguage":"hr","potentialAction":[{"@type":"ReadAction","target":["https:\/\/castlepodsreda.com\/hr\/druzinska-grajska-dogodivscina\/"]}]},{"@type":"BreadcrumbList","@id":"https:\/\/castlepodsreda.com\/hr\/druzinska-grajska-dogodivscina\/#breadcrumb","itemListElement":[{"@type":"ListItem","position":1,"name":"Home","item":"https:\/\/castlepodsreda.com\/hr\/"},{"@type":"ListItem","position":2,"name":"LOV NA ZAKLAD &#038; GRAJSKI NAREZEK"}]},{"@type":"WebSite","@id":"https:\/\/castlepodsreda.com\/hr\/#website","url":"https:\/\/castlepodsreda.com\/hr\/","name":"Grad Podsreda | Sobe in apartmaji | Grajska ponudba","description":"Najbolj grajski med gradovi v Sloveniji","publisher":{"@id":"https:\/\/castlepodsreda.com\/hr\/#organization"},"potentialAction":[{"@type":"SearchAction","target":{"@type":"EntryPoint","urlTemplate":"https:\/\/castlepodsreda.com\/hr\/?s={search_term_string}"},"query-input":"required name=search_term_string"}],"inLanguage":"hr"},{"@type":"Organization","@id":"https:\/\/castlepodsreda.com\/hr\/#organization","name":"Grad Podsreda | Sobe in apartmaji | Grajska ponudba","url":"https:\/\/castlepodsreda.com\/hr\/","logo":{"@type":"ImageObject","inLanguage":"hr","@id":"https:\/\/castlepodsreda.com\/hr\/#\/schema\/logo\/image\/","url":"https:\/\/castlepodsreda.com\/wp-content\/uploads\/2020\/04\/logo-grad-podsreda-2.jpg","contentUrl":"https:\/\/castlepodsreda.com\/wp-content\/uploads\/2020\/04\/logo-grad-podsreda-2.jpg","width":576,"height":576,"caption":"Grad Podsreda | Sobe in apartmaji | Grajska ponudba"},"image":{"@id":"https:\/\/castlepodsreda.com\/hr\/#\/schema\/logo\/image\/"},"sameAs":["https:\/\/www.instagram.com\/podsredacastle\/","https:\/\/www.facebook.com\/podsredacastle"]}]}},"_links":{"self":[{"href":"https:\/\/castlepodsreda.com\/hr\/wp-json\/wp\/v2\/pages\/40747"}],"collection":[{"href":"https:\/\/castlepodsreda.com\/hr\/wp-json\/wp\/v2\/pages"}],"about":[{"href":"https:\/\/castlepodsreda.com\/hr\/wp-json\/wp\/v2\/types\/page"}],"author":[{"embeddable":true,"href":"https:\/\/castlepodsreda.com\/hr\/wp-json\/wp\/v2\/users\/1"}],"replies":[{"embeddable":true,"href":"https:\/\/castlepodsreda.com\/hr\/wp-json\/wp\/v2\/comments?post=40747"}],"version-history":[{"count":0,"href":"https:\/\/castlepodsreda.com\/hr\/wp-json\/wp\/v2\/pages\/40747\/revisions"}],"wp:featuredmedia":[{"embeddable":true,"href":"https:\/\/castlepodsreda.com\/hr\/wp-json\/wp\/v2\/media\/27126"}],"wp:attachment":[{"href":"https:\/\/castlepodsreda.com\/hr\/wp-json\/wp\/v2\/media?parent=40747"}],"curies":[{"name":"wp","href":"https:\/\/api.w.org\/{rel}","templated":true}]}}